	{"id":123642,"date":"2026-01-28T10:21:52","date_gmt":"2026-01-28T18:21:52","guid":{"rendered":"https:\/\/www.fieldpiece.com\/product\/gs434f-new-analog-gauge-set-4-port\/"},"modified":"2026-02-12T06:41:52","modified_gmt":"2026-02-12T14:41:52","slug":"juego-de-manometros-analogicos-gs434f-con-colector-de-4-puertos","status":"publish","type":"product","link":"https:\/\/www.fieldpiece.com\/fr\/produit\/juego-de-manometros-analogicos-gs434f-con-colector-de-4-puertos\/","title":{"rendered":"GS434F &#8211; Manom\u00e8tre analogique GS434F avec collecteur \u00e0 4 ports"},"content":{"rendered":"<ul>\n<li style=\"font-weight: 400;\">Quatre anneaux de temp\u00e9rature de saturation des r\u00e9frig\u00e9rants :<br \/>\nR134A, R404A, R407C, R448A<\/li>\n<li>Voyant int\u00e9gr\u00e9 pour visualiser l\u2019\u00e9coulement du r\u00e9frig\u00e9rant<\/li>\n<li>Marqueur de pression rotatif<\/li>\n<li>Supports de tuyaux interchangeables (1\/4\u201d standard, 5\/16\u201d en option)\u200b<\/li>\n<li>Boutons de vanne \u00e0 haute adh\u00e9rence pour une utilisation facile<\/li>\n<li>Vannes \u00e0 piston pour un contr\u00f4le pr\u00e9cis<\/li>\n<li>Bo\u00eetier de protection caoutchout\u00e9<\/li>\n<li>Crochet de suspension rotatif et repliable dans le bo\u00eetier<\/li>\n<\/ul>\n<p><strong>Con\u00e7u pour la performance<br \/>\n<\/strong>Il est rassurant de pouvoir compter sur les outils avec lesquels vous avez \u00e9t\u00e9 form\u00e9 \u2013 des outils familiers. Les ensembles de manom\u00e8tres analogiques Fieldpiece sont des compagnons robustes et fiables sur lesquels vous pouvez compter pour le diagnostic des syst\u00e8mes, la r\u00e9cup\u00e9ration du r\u00e9frig\u00e9rant, les tests de pression et la charge. Le GS434F est \u00e9quip\u00e9 de quatre anneaux de temp\u00e9rature de saturation des r\u00e9frig\u00e9rants et d\u2019un marqueur de pression rotatif afin de maximiser l\u2019utilisation et de r\u00e9duire les co\u00fbts. Con\u00e7u pour r\u00e9sister aux rigueurs in\u00e9vitables du chantier et fournir des lectures claires et pr\u00e9cises \u2014 vous travaillerez en toute confiance \u00e0 chaque intervention.<\/p>\n<p><strong>Comprend :<\/strong><br \/>\n\u2022 Manifold 4 voies GS434F<br \/>\n\u2022 (1) Manuel d\u2019utilisation<\/p>\n","protected":false},"excerpt":{"rendered":"<p>Quatre anneaux de temp\u00e9rature de saturation des r\u00e9frig\u00e9rants : R134A, R404A, R407C, R448A Voyant int\u00e9gr\u00e9 pour visualiser l\u2019\u00e9coulement du r\u00e9frig\u00e9rant &#8230;<\/p>\n","protected":false},"featured_media":123597,"comment_status":"open","ping_status":"closed","template":"","meta":{"_acf_changed":false},"product_brand":[],"product_cat":[804],"product_tag":[],"class_list":{"0":"post-123642","1":"product","2":"type-product","3":"status-publish","4":"has-post-thumbnail","6":"product_cat-ensembles-de-jauges-analogiques","8":"first","9":"instock","10":"shipping-taxable","11":"product-type-simple"},"acf":[],"yoast_head":"<!-- This site is optimized with the Yoast SEO plugin v27.2 - https:\/\/yoast.com\/product\/yoast-seo-wordpress\/ -->\n<title>GS434F - Manom\u00e8tre analogique GS434F avec collecteur \u00e0 4 ports<\/title>\n<meta name=\"description\" content=\"D\u00e9couvrez notre manom\u00e8tre analogique \u00e0 4 ports pour fluide frigorig\u00e8ne de Fieldpiece. Ce manom\u00e8tre est dot\u00e9 de nombreuses fonctionnalit\u00e9s pour un travail impeccable.\" \/>\n<meta name=\"robots\" content=\"index, follow, max-snippet:-1, max-image-preview:large, max-video-preview:-1\" \/>\n<link rel=\"canonical\" href=\"https:\/\/www.fieldpiece.com\/fr\/produit\/juego-de-manometros-analogicos-gs434f-con-colector-de-4-puertos\/\" \/>\n<meta property=\"og:locale\" content=\"fr_FR\" \/>\n<meta property=\"og:type\" content=\"article\" \/>\n<meta property=\"og:title\" content=\"GS434F - Manom\u00e8tre analogique GS434F avec collecteur \u00e0 4 ports\" \/>\n<meta property=\"og:description\" content=\"D\u00e9couvrez notre manom\u00e8tre analogique \u00e0 4 ports pour fluide frigorig\u00e8ne de Fieldpiece. Ce manom\u00e8tre est dot\u00e9 de nombreuses fonctionnalit\u00e9s pour un travail impeccable.\" \/>\n<meta property=\"og:url\" content=\"https:\/\/www.fieldpiece.com\/fr\/produit\/juego-de-manometros-analogicos-gs434f-con-colector-de-4-puertos\/\" \/>\n<meta property=\"og:site_name\" content=\"Fieldpiece Instruments\" \/>\n<meta property=\"article:modified_time\" content=\"2026-02-12T14:41:52+00:00\" \/>\n<meta property=\"og:image\" content=\"https:\/\/resources.fieldpiece.com\/wp-content\/uploads\/2026\/01\/GS434F-470x470-1.png\" \/>\n\t<meta property=\"og:image:width\" content=\"470\" \/>\n\t<meta property=\"og:image:height\" content=\"470\" \/>\n\t<meta property=\"og:image:type\" content=\"image\/png\" \/>\n<meta name=\"twitter:card\" content=\"summary_large_image\" \/>\n<meta name=\"twitter:label1\" content=\"Dur\u00e9e de lecture estim\u00e9e\" \/>\n\t<meta name=\"twitter:data1\" content=\"1 minute\" \/>\n<script type=\"application\/ld+json\" class=\"yoast-schema-graph\">{\"@context\":\"https:\/\/schema.org\",\"@graph\":[{\"@type\":\"WebPage\",\"@id\":\"https:\/\/www.fieldpiece.com\/fr\/produit\/juego-de-manometros-analogicos-gs434f-con-colector-de-4-puertos\/\",\"url\":\"https:\/\/www.fieldpiece.com\/fr\/produit\/juego-de-manometros-analogicos-gs434f-con-colector-de-4-puertos\/\",\"name\":\"GS434F - Manom\u00e8tre analogique GS434F avec collecteur \u00e0 4 ports\",\"isPartOf\":{\"@id\":\"https:\/\/www.fieldpiece.com\/fr\/#website\"},\"primaryImageOfPage\":{\"@id\":\"https:\/\/www.fieldpiece.com\/fr\/produit\/juego-de-manometros-analogicos-gs434f-con-colector-de-4-puertos\/#primaryimage\"},\"image\":{\"@id\":\"https:\/\/www.fieldpiece.com\/fr\/produit\/juego-de-manometros-analogicos-gs434f-con-colector-de-4-puertos\/#primaryimage\"},\"thumbnailUrl\":\"https:\/\/resources.fieldpiece.com\/wp-content\/uploads\/2026\/01\/GS434F-470x470-1.png\",\"datePublished\":\"2026-01-28T18:21:52+00:00\",\"dateModified\":\"2026-02-12T14:41:52+00:00\",\"description\":\"D\u00e9couvrez notre manom\u00e8tre analogique \u00e0 4 ports pour fluide frigorig\u00e8ne de Fieldpiece. Ce manom\u00e8tre est dot\u00e9 de nombreuses fonctionnalit\u00e9s pour un travail impeccable.\",\"breadcrumb\":{\"@id\":\"https:\/\/www.fieldpiece.com\/fr\/produit\/juego-de-manometros-analogicos-gs434f-con-colector-de-4-puertos\/#breadcrumb\"},\"inLanguage\":\"fr-FR\",\"potentialAction\":[{\"@type\":\"ReadAction\",\"target\":[\"https:\/\/www.fieldpiece.com\/fr\/produit\/juego-de-manometros-analogicos-gs434f-con-colector-de-4-puertos\/\"]}]},{\"@type\":\"ImageObject\",\"inLanguage\":\"fr-FR\",\"@id\":\"https:\/\/www.fieldpiece.com\/fr\/produit\/juego-de-manometros-analogicos-gs434f-con-colector-de-4-puertos\/#primaryimage\",\"url\":\"https:\/\/resources.fieldpiece.com\/wp-content\/uploads\/2026\/01\/GS434F-470x470-1.png\",\"contentUrl\":\"https:\/\/resources.fieldpiece.com\/wp-content\/uploads\/2026\/01\/GS434F-470x470-1.png\",\"width\":470,\"height\":470},{\"@type\":\"BreadcrumbList\",\"@id\":\"https:\/\/www.fieldpiece.com\/fr\/produit\/juego-de-manometros-analogicos-gs434f-con-colector-de-4-puertos\/#breadcrumb\",\"itemListElement\":[{\"@type\":\"ListItem\",\"position\":1,\"name\":\"Home\",\"item\":\"https:\/\/www.fieldpiece.com\/fr\/\"},{\"@type\":\"ListItem\",\"position\":2,\"name\":\"Shop\",\"item\":\"https:\/\/www.fieldpiece.com\/shop\/\"},{\"@type\":\"ListItem\",\"position\":3,\"name\":\"GS434F &#8211; Manom\u00e8tre analogique GS434F avec collecteur \u00e0 4 ports\"}]},{\"@type\":\"WebSite\",\"@id\":\"https:\/\/www.fieldpiece.com\/fr\/#website\",\"url\":\"https:\/\/www.fieldpiece.com\/fr\/\",\"name\":\"Fieldpiece Instruments\",\"description\":\"\",\"publisher\":{\"@id\":\"https:\/\/www.fieldpiece.com\/fr\/#organization\"},\"potentialAction\":[{\"@type\":\"SearchAction\",\"target\":{\"@type\":\"EntryPoint\",\"urlTemplate\":\"https:\/\/www.fieldpiece.com\/fr\/?s={search_term_string}\"},\"query-input\":{\"@type\":\"PropertyValueSpecification\",\"valueRequired\":true,\"valueName\":\"search_term_string\"}}],\"inLanguage\":\"fr-FR\"},{\"@type\":\"Organization\",\"@id\":\"https:\/\/www.fieldpiece.com\/fr\/#organization\",\"name\":\"Fieldpiece Instruments\",\"url\":\"https:\/\/www.fieldpiece.com\/fr\/\",\"logo\":{\"@type\":\"ImageObject\",\"inLanguage\":\"fr-FR\",\"@id\":\"https:\/\/www.fieldpiece.com\/fr\/#\/schema\/logo\/image\/\",\"url\":\"https:\/\/resources.fieldpiece.com\/wp-content\/uploads\/2021\/02\/Logos-490x358-1.jpg\",\"contentUrl\":\"https:\/\/resources.fieldpiece.com\/wp-content\/uploads\/2021\/02\/Logos-490x358-1.jpg\",\"width\":490,\"height\":358,\"caption\":\"Fieldpiece Instruments\"},\"image\":{\"@id\":\"https:\/\/www.fieldpiece.com\/fr\/#\/schema\/logo\/image\/\"}}]}<\/script>\n<!-- \/ Yoast SEO plugin. -->","yoast_head_json":{"title":"GS434F - Manom\u00e8tre analogique GS434F avec collecteur \u00e0 4 ports","description":"D\u00e9couvrez notre manom\u00e8tre analogique \u00e0 4 ports pour fluide frigorig\u00e8ne de Fieldpiece. Ce manom\u00e8tre est dot\u00e9 de nombreuses fonctionnalit\u00e9s pour un travail impeccable.","robots":{"index":"index","follow":"follow","max-snippet":"max-snippet:-1","max-image-preview":"max-image-preview:large","max-video-preview":"max-video-preview:-1"},"canonical":"https:\/\/www.fieldpiece.com\/fr\/produit\/juego-de-manometros-analogicos-gs434f-con-colector-de-4-puertos\/","og_locale":"fr_FR","og_type":"article","og_title":"GS434F - Manom\u00e8tre analogique GS434F avec collecteur \u00e0 4 ports","og_description":"D\u00e9couvrez notre manom\u00e8tre analogique \u00e0 4 ports pour fluide frigorig\u00e8ne de Fieldpiece. Ce manom\u00e8tre est dot\u00e9 de nombreuses fonctionnalit\u00e9s pour un travail impeccable.","og_url":"https:\/\/www.fieldpiece.com\/fr\/produit\/juego-de-manometros-analogicos-gs434f-con-colector-de-4-puertos\/","og_site_name":"Fieldpiece Instruments","article_modified_time":"2026-02-12T14:41:52+00:00","og_image":[{"width":470,"height":470,"url":"https:\/\/resources.fieldpiece.com\/wp-content\/uploads\/2026\/01\/GS434F-470x470-1.png","type":"image\/png"}],"twitter_card":"summary_large_image","twitter_misc":{"Dur\u00e9e de lecture estim\u00e9e":"1 minute"},"schema":{"@context":"https:\/\/schema.org","@graph":[{"@type":"WebPage","@id":"https:\/\/www.fieldpiece.com\/fr\/produit\/juego-de-manometros-analogicos-gs434f-con-colector-de-4-puertos\/","url":"https:\/\/www.fieldpiece.com\/fr\/produit\/juego-de-manometros-analogicos-gs434f-con-colector-de-4-puertos\/","name":"GS434F - Manom\u00e8tre analogique GS434F avec collecteur \u00e0 4 ports","isPartOf":{"@id":"https:\/\/www.fieldpiece.com\/fr\/#website"},"primaryImageOfPage":{"@id":"https:\/\/www.fieldpiece.com\/fr\/produit\/juego-de-manometros-analogicos-gs434f-con-colector-de-4-puertos\/#primaryimage"},"image":{"@id":"https:\/\/www.fieldpiece.com\/fr\/produit\/juego-de-manometros-analogicos-gs434f-con-colector-de-4-puertos\/#primaryimage"},"thumbnailUrl":"https:\/\/resources.fieldpiece.com\/wp-content\/uploads\/2026\/01\/GS434F-470x470-1.png","datePublished":"2026-01-28T18:21:52+00:00","dateModified":"2026-02-12T14:41:52+00:00","description":"D\u00e9couvrez notre manom\u00e8tre analogique \u00e0 4 ports pour fluide frigorig\u00e8ne de Fieldpiece. Ce manom\u00e8tre est dot\u00e9 de nombreuses fonctionnalit\u00e9s pour un travail impeccable.","breadcrumb":{"@id":"https:\/\/www.fieldpiece.com\/fr\/produit\/juego-de-manometros-analogicos-gs434f-con-colector-de-4-puertos\/#breadcrumb"},"inLanguage":"fr-FR","potentialAction":[{"@type":"ReadAction","target":["https:\/\/www.fieldpiece.com\/fr\/produit\/juego-de-manometros-analogicos-gs434f-con-colector-de-4-puertos\/"]}]},{"@type":"ImageObject","inLanguage":"fr-FR","@id":"https:\/\/www.fieldpiece.com\/fr\/produit\/juego-de-manometros-analogicos-gs434f-con-colector-de-4-puertos\/#primaryimage","url":"https:\/\/resources.fieldpiece.com\/wp-content\/uploads\/2026\/01\/GS434F-470x470-1.png","contentUrl":"https:\/\/resources.fieldpiece.com\/wp-content\/uploads\/2026\/01\/GS434F-470x470-1.png","width":470,"height":470},{"@type":"BreadcrumbList","@id":"https:\/\/www.fieldpiece.com\/fr\/produit\/juego-de-manometros-analogicos-gs434f-con-colector-de-4-puertos\/#breadcrumb","itemListElement":[{"@type":"ListItem","position":1,"name":"Home","item":"https:\/\/www.fieldpiece.com\/fr\/"},{"@type":"ListItem","position":2,"name":"Shop","item":"https:\/\/www.fieldpiece.com\/shop\/"},{"@type":"ListItem","position":3,"name":"GS434F &#8211; Manom\u00e8tre analogique GS434F avec collecteur \u00e0 4 ports"}]},{"@type":"WebSite","@id":"https:\/\/www.fieldpiece.com\/fr\/#website","url":"https:\/\/www.fieldpiece.com\/fr\/","name":"Fieldpiece Instruments","description":"","publisher":{"@id":"https:\/\/www.fieldpiece.com\/fr\/#organization"},"potentialAction":[{"@type":"SearchAction","target":{"@type":"EntryPoint","urlTemplate":"https:\/\/www.fieldpiece.com\/fr\/?s={search_term_string}"},"query-input":{"@type":"PropertyValueSpecification","valueRequired":true,"valueName":"search_term_string"}}],"inLanguage":"fr-FR"},{"@type":"Organization","@id":"https:\/\/www.fieldpiece.com\/fr\/#organization","name":"Fieldpiece Instruments","url":"https:\/\/www.fieldpiece.com\/fr\/","logo":{"@type":"ImageObject","inLanguage":"fr-FR","@id":"https:\/\/www.fieldpiece.com\/fr\/#\/schema\/logo\/image\/","url":"https:\/\/resources.fieldpiece.com\/wp-content\/uploads\/2021\/02\/Logos-490x358-1.jpg","contentUrl":"https:\/\/resources.fieldpiece.com\/wp-content\/uploads\/2021\/02\/Logos-490x358-1.jpg","width":490,"height":358,"caption":"Fieldpiece Instruments"},"image":{"@id":"https:\/\/www.fieldpiece.com\/fr\/#\/schema\/logo\/image\/"}}]}},"_links":{"self":[{"href":"https:\/\/www.fieldpiece.com\/fr\/wp-json\/wp\/v2\/product\/123642","targetHints":{"allow":["GET"]}}],"collection":[{"href":"https:\/\/www.fieldpiece.com\/fr\/wp-json\/wp\/v2\/product"}],"about":[{"href":"https:\/\/www.fieldpiece.com\/fr\/wp-json\/wp\/v2\/types\/product"}],"replies":[{"embeddable":true,"href":"https:\/\/www.fieldpiece.com\/fr\/wp-json\/wp\/v2\/comments?post=123642"}],"wp:featuredmedia":[{"embeddable":true,"href":"https:\/\/www.fieldpiece.com\/fr\/wp-json\/wp\/v2\/media\/123597"}],"wp:attachment":[{"href":"https:\/\/www.fieldpiece.com\/fr\/wp-json\/wp\/v2\/media?parent=123642"}],"wp:term":[{"taxonomy":"product_brand","embeddable":true,"href":"https:\/\/www.fieldpiece.com\/fr\/wp-json\/wp\/v2\/product_brand?post=123642"},{"taxonomy":"product_cat","embeddable":true,"href":"https:\/\/www.fieldpiece.com\/fr\/wp-json\/wp\/v2\/product_cat?post=123642"},{"taxonomy":"product_tag","embeddable":true,"href":"https:\/\/www.fieldpiece.com\/fr\/wp-json\/wp\/v2\/product_tag?post=123642"}],"curies":[{"name":"wp","href":"https:\/\/api.w.org\/{rel}","templated":true}]}}