	{"id":123637,"date":"2026-01-28T10:27:07","date_gmt":"2026-01-28T18:27:07","guid":{"rendered":"https:\/\/www.fieldpiece.com\/product\/gs334f-analog-gauge-set-3-port\/"},"modified":"2026-02-12T06:43:21","modified_gmt":"2026-02-12T14:43:21","slug":"jeu-de-manometres-analogiques-gs334f-avec-collecteur-de-3-portes","status":"publish","type":"product","link":"https:\/\/www.fieldpiece.com\/fr\/produit\/jeu-de-manometres-analogiques-gs334f-avec-collecteur-de-3-portes\/","title":{"rendered":"GS334F &#8211; Jeu de manom\u00e8tres analogiques GS334F avec collecteur de 3 portes"},"content":{"rendered":"<ul>\n<li style=\"font-weight: 400;\">Quatre anneaux de temp\u00e9rature de saturation du r\u00e9frig\u00e9rant :<br \/>\nR134A, R404A, R407C, R448A<\/li>\n<li>Voyant int\u00e9gr\u00e9 pour visualiser le flux de r\u00e9frig\u00e9rant<\/li>\n<li>Indicateur de pression rotatif<\/li>\n<li>Supports de tuyaux interchangeables (1\/4\u201d standard, 5\/16\u201d en option)<\/li>\n<li>Boutons de vanne \u00e0 forte adh\u00e9rence pour une utilisation facile<\/li>\n<li>Vannes \u00e0 piston pour un contr\u00f4le pr\u00e9cis<\/li>\n<li>Bo\u00eetier de protection caoutchout\u00e9<\/li>\n<li>Crochet de suspension rotatif et rabattable dans le bo\u00eetier<\/li>\n<\/ul>\n<p><strong>Con\u00e7u pour la performance<br \/>\n<\/strong>Il est rassurant de pouvoir compter sur les outils avec lesquels vous avez \u00e9t\u00e9 form\u00e9 \u2013 des outils qui vous sont familiers. Les jeux de manom\u00e8tres analogiques Fieldpiece sont des compagnons robustes et fiables sur lesquels vous pouvez compter pour le diagnostic des syst\u00e8mes, la r\u00e9cup\u00e9ration de r\u00e9frig\u00e9rant, les tests de pression et la charge. Le GS334F est \u00e9quip\u00e9 de quatre anneaux de temp\u00e9rature de saturation du r\u00e9frig\u00e9rant et d\u2019un indicateur de pression rotatif afin de maximiser l\u2019utilisation et de minimiser les co\u00fbts. Con\u00e7u pour r\u00e9sister aux rigueurs in\u00e9vitables des chantiers et fournir des lectures claires et pr\u00e9cises \u2013 vous travaillerez en toute confiance \u00e0 chaque intervention.<\/p>\n<p><strong>Comprend :<\/strong><br \/>\n\u2022 GS334F Manifold 3 ports<br \/>\n\u2022 (1) Manuel de l\u2019op\u00e9rateur<\/p>\n","protected":false},"excerpt":{"rendered":"<p>Quatre anneaux de temp\u00e9rature de saturation du r\u00e9frig\u00e9rant : R134A, R404A, R407C, R448A Voyant int\u00e9gr\u00e9 pour visualiser le flux de &#8230;<\/p>\n","protected":false},"featured_media":123488,"comment_status":"open","ping_status":"closed","template":"","meta":{"_acf_changed":false},"product_brand":[],"product_cat":[804],"product_tag":[],"class_list":{"0":"post-123637","1":"product","2":"type-product","3":"status-publish","4":"has-post-thumbnail","6":"product_cat-ensembles-de-jauges-analogiques","8":"first","9":"instock","10":"shipping-taxable","11":"product-type-simple"},"acf":[],"yoast_head":"<!-- This site is optimized with the Yoast SEO plugin v27.3 - https:\/\/yoast.com\/product\/yoast-seo-wordpress\/ -->\n<title>GS334F - Jeu de manom\u00e8tres analogiques GS334F avec collecteur de 3 portes<\/title>\n<meta name=\"description\" content=\"D\u00e9couvrez notre manom\u00e8tre analogique \u00e0 3 ports pour fluide frigorig\u00e8ne. Ce manom\u00e8tre \u00e0 3 ports regorge de fonctionnalit\u00e9s pour vous faciliter la t\u00e2che.\" \/>\n<meta name=\"robots\" content=\"index, follow, max-snippet:-1, max-image-preview:large, max-video-preview:-1\" \/>\n<link rel=\"canonical\" href=\"https:\/\/www.fieldpiece.com\/fr\/produit\/jeu-de-manometres-analogiques-gs334f-avec-collecteur-de-3-portes\/\" \/>\n<meta property=\"og:locale\" content=\"fr_FR\" \/>\n<meta property=\"og:type\" content=\"article\" \/>\n<meta property=\"og:title\" content=\"GS334F - Jeu de manom\u00e8tres analogiques GS334F avec collecteur de 3 portes\" \/>\n<meta property=\"og:description\" content=\"D\u00e9couvrez notre manom\u00e8tre analogique \u00e0 3 ports pour fluide frigorig\u00e8ne. Ce manom\u00e8tre \u00e0 3 ports regorge de fonctionnalit\u00e9s pour vous faciliter la t\u00e2che.\" \/>\n<meta property=\"og:url\" content=\"https:\/\/www.fieldpiece.com\/fr\/produit\/jeu-de-manometres-analogiques-gs334f-avec-collecteur-de-3-portes\/\" \/>\n<meta property=\"og:site_name\" content=\"Fieldpiece Instruments\" \/>\n<meta property=\"article:modified_time\" content=\"2026-02-12T14:43:21+00:00\" \/>\n<meta property=\"og:image\" content=\"https:\/\/resources.fieldpiece.com\/wp-content\/uploads\/2026\/01\/GS322F-470x470-1.png\" \/>\n\t<meta property=\"og:image:width\" content=\"470\" \/>\n\t<meta property=\"og:image:height\" content=\"470\" \/>\n\t<meta property=\"og:image:type\" content=\"image\/png\" \/>\n<meta name=\"twitter:card\" content=\"summary_large_image\" \/>\n<meta name=\"twitter:label1\" content=\"Dur\u00e9e de lecture estim\u00e9e\" \/>\n\t<meta name=\"twitter:data1\" content=\"2 minutes\" \/>\n<script type=\"application\/ld+json\" class=\"yoast-schema-graph\">{\"@context\":\"https:\\\/\\\/schema.org\",\"@graph\":[{\"@type\":\"WebPage\",\"@id\":\"https:\\\/\\\/www.fieldpiece.com\\\/fr\\\/produit\\\/jeu-de-manometres-analogiques-gs334f-avec-collecteur-de-3-portes\\\/\",\"url\":\"https:\\\/\\\/www.fieldpiece.com\\\/fr\\\/produit\\\/jeu-de-manometres-analogiques-gs334f-avec-collecteur-de-3-portes\\\/\",\"name\":\"GS334F - Jeu de manom\u00e8tres analogiques GS334F avec collecteur de 3 portes\",\"isPartOf\":{\"@id\":\"https:\\\/\\\/www.fieldpiece.com\\\/fr\\\/#website\"},\"primaryImageOfPage\":{\"@id\":\"https:\\\/\\\/www.fieldpiece.com\\\/fr\\\/produit\\\/jeu-de-manometres-analogiques-gs334f-avec-collecteur-de-3-portes\\\/#primaryimage\"},\"image\":{\"@id\":\"https:\\\/\\\/www.fieldpiece.com\\\/fr\\\/produit\\\/jeu-de-manometres-analogiques-gs334f-avec-collecteur-de-3-portes\\\/#primaryimage\"},\"thumbnailUrl\":\"https:\\\/\\\/resources.fieldpiece.com\\\/wp-content\\\/uploads\\\/2026\\\/01\\\/GS322F-470x470-1.png\",\"datePublished\":\"2026-01-28T18:27:07+00:00\",\"dateModified\":\"2026-02-12T14:43:21+00:00\",\"description\":\"D\u00e9couvrez notre manom\u00e8tre analogique \u00e0 3 ports pour fluide frigorig\u00e8ne. Ce manom\u00e8tre \u00e0 3 ports regorge de fonctionnalit\u00e9s pour vous faciliter la t\u00e2che.\",\"breadcrumb\":{\"@id\":\"https:\\\/\\\/www.fieldpiece.com\\\/fr\\\/produit\\\/jeu-de-manometres-analogiques-gs334f-avec-collecteur-de-3-portes\\\/#breadcrumb\"},\"inLanguage\":\"fr-FR\",\"potentialAction\":[{\"@type\":\"ReadAction\",\"target\":[\"https:\\\/\\\/www.fieldpiece.com\\\/fr\\\/produit\\\/jeu-de-manometres-analogiques-gs334f-avec-collecteur-de-3-portes\\\/\"]}]},{\"@type\":\"ImageObject\",\"inLanguage\":\"fr-FR\",\"@id\":\"https:\\\/\\\/www.fieldpiece.com\\\/fr\\\/produit\\\/jeu-de-manometres-analogiques-gs334f-avec-collecteur-de-3-portes\\\/#primaryimage\",\"url\":\"https:\\\/\\\/resources.fieldpiece.com\\\/wp-content\\\/uploads\\\/2026\\\/01\\\/GS322F-470x470-1.png\",\"contentUrl\":\"https:\\\/\\\/resources.fieldpiece.com\\\/wp-content\\\/uploads\\\/2026\\\/01\\\/GS322F-470x470-1.png\",\"width\":470,\"height\":470},{\"@type\":\"BreadcrumbList\",\"@id\":\"https:\\\/\\\/www.fieldpiece.com\\\/fr\\\/produit\\\/jeu-de-manometres-analogiques-gs334f-avec-collecteur-de-3-portes\\\/#breadcrumb\",\"itemListElement\":[{\"@type\":\"ListItem\",\"position\":1,\"name\":\"Home\",\"item\":\"https:\\\/\\\/www.fieldpiece.com\\\/fr\\\/\"},{\"@type\":\"ListItem\",\"position\":2,\"name\":\"Shop\",\"item\":\"https:\\\/\\\/www.fieldpiece.com\\\/shop\\\/\"},{\"@type\":\"ListItem\",\"position\":3,\"name\":\"GS334F &#8211; Jeu de manom\u00e8tres analogiques GS334F avec collecteur de 3 portes\"}]},{\"@type\":\"WebSite\",\"@id\":\"https:\\\/\\\/www.fieldpiece.com\\\/fr\\\/#website\",\"url\":\"https:\\\/\\\/www.fieldpiece.com\\\/fr\\\/\",\"name\":\"Fieldpiece Instruments\",\"description\":\"\",\"publisher\":{\"@id\":\"https:\\\/\\\/www.fieldpiece.com\\\/fr\\\/#organization\"},\"potentialAction\":[{\"@type\":\"SearchAction\",\"target\":{\"@type\":\"EntryPoint\",\"urlTemplate\":\"https:\\\/\\\/www.fieldpiece.com\\\/fr\\\/?s={search_term_string}\"},\"query-input\":{\"@type\":\"PropertyValueSpecification\",\"valueRequired\":true,\"valueName\":\"search_term_string\"}}],\"inLanguage\":\"fr-FR\"},{\"@type\":\"Organization\",\"@id\":\"https:\\\/\\\/www.fieldpiece.com\\\/fr\\\/#organization\",\"name\":\"Fieldpiece Instruments\",\"url\":\"https:\\\/\\\/www.fieldpiece.com\\\/fr\\\/\",\"logo\":{\"@type\":\"ImageObject\",\"inLanguage\":\"fr-FR\",\"@id\":\"https:\\\/\\\/www.fieldpiece.com\\\/fr\\\/#\\\/schema\\\/logo\\\/image\\\/\",\"url\":\"https:\\\/\\\/resources.fieldpiece.com\\\/wp-content\\\/uploads\\\/2021\\\/02\\\/Logos-490x358-1.jpg\",\"contentUrl\":\"https:\\\/\\\/resources.fieldpiece.com\\\/wp-content\\\/uploads\\\/2021\\\/02\\\/Logos-490x358-1.jpg\",\"width\":490,\"height\":358,\"caption\":\"Fieldpiece Instruments\"},\"image\":{\"@id\":\"https:\\\/\\\/www.fieldpiece.com\\\/fr\\\/#\\\/schema\\\/logo\\\/image\\\/\"}}]}<\/script>\n<!-- \/ Yoast SEO plugin. -->","yoast_head_json":{"title":"GS334F - Jeu de manom\u00e8tres analogiques GS334F avec collecteur de 3 portes","description":"D\u00e9couvrez notre manom\u00e8tre analogique \u00e0 3 ports pour fluide frigorig\u00e8ne. Ce manom\u00e8tre \u00e0 3 ports regorge de fonctionnalit\u00e9s pour vous faciliter la t\u00e2che.","robots":{"index":"index","follow":"follow","max-snippet":"max-snippet:-1","max-image-preview":"max-image-preview:large","max-video-preview":"max-video-preview:-1"},"canonical":"https:\/\/www.fieldpiece.com\/fr\/produit\/jeu-de-manometres-analogiques-gs334f-avec-collecteur-de-3-portes\/","og_locale":"fr_FR","og_type":"article","og_title":"GS334F - Jeu de manom\u00e8tres analogiques GS334F avec collecteur de 3 portes","og_description":"D\u00e9couvrez notre manom\u00e8tre analogique \u00e0 3 ports pour fluide frigorig\u00e8ne. Ce manom\u00e8tre \u00e0 3 ports regorge de fonctionnalit\u00e9s pour vous faciliter la t\u00e2che.","og_url":"https:\/\/www.fieldpiece.com\/fr\/produit\/jeu-de-manometres-analogiques-gs334f-avec-collecteur-de-3-portes\/","og_site_name":"Fieldpiece Instruments","article_modified_time":"2026-02-12T14:43:21+00:00","og_image":[{"width":470,"height":470,"url":"https:\/\/resources.fieldpiece.com\/wp-content\/uploads\/2026\/01\/GS322F-470x470-1.png","type":"image\/png"}],"twitter_card":"summary_large_image","twitter_misc":{"Dur\u00e9e de lecture estim\u00e9e":"2 minutes"},"schema":{"@context":"https:\/\/schema.org","@graph":[{"@type":"WebPage","@id":"https:\/\/www.fieldpiece.com\/fr\/produit\/jeu-de-manometres-analogiques-gs334f-avec-collecteur-de-3-portes\/","url":"https:\/\/www.fieldpiece.com\/fr\/produit\/jeu-de-manometres-analogiques-gs334f-avec-collecteur-de-3-portes\/","name":"GS334F - Jeu de manom\u00e8tres analogiques GS334F avec collecteur de 3 portes","isPartOf":{"@id":"https:\/\/www.fieldpiece.com\/fr\/#website"},"primaryImageOfPage":{"@id":"https:\/\/www.fieldpiece.com\/fr\/produit\/jeu-de-manometres-analogiques-gs334f-avec-collecteur-de-3-portes\/#primaryimage"},"image":{"@id":"https:\/\/www.fieldpiece.com\/fr\/produit\/jeu-de-manometres-analogiques-gs334f-avec-collecteur-de-3-portes\/#primaryimage"},"thumbnailUrl":"https:\/\/resources.fieldpiece.com\/wp-content\/uploads\/2026\/01\/GS322F-470x470-1.png","datePublished":"2026-01-28T18:27:07+00:00","dateModified":"2026-02-12T14:43:21+00:00","description":"D\u00e9couvrez notre manom\u00e8tre analogique \u00e0 3 ports pour fluide frigorig\u00e8ne. Ce manom\u00e8tre \u00e0 3 ports regorge de fonctionnalit\u00e9s pour vous faciliter la t\u00e2che.","breadcrumb":{"@id":"https:\/\/www.fieldpiece.com\/fr\/produit\/jeu-de-manometres-analogiques-gs334f-avec-collecteur-de-3-portes\/#breadcrumb"},"inLanguage":"fr-FR","potentialAction":[{"@type":"ReadAction","target":["https:\/\/www.fieldpiece.com\/fr\/produit\/jeu-de-manometres-analogiques-gs334f-avec-collecteur-de-3-portes\/"]}]},{"@type":"ImageObject","inLanguage":"fr-FR","@id":"https:\/\/www.fieldpiece.com\/fr\/produit\/jeu-de-manometres-analogiques-gs334f-avec-collecteur-de-3-portes\/#primaryimage","url":"https:\/\/resources.fieldpiece.com\/wp-content\/uploads\/2026\/01\/GS322F-470x470-1.png","contentUrl":"https:\/\/resources.fieldpiece.com\/wp-content\/uploads\/2026\/01\/GS322F-470x470-1.png","width":470,"height":470},{"@type":"BreadcrumbList","@id":"https:\/\/www.fieldpiece.com\/fr\/produit\/jeu-de-manometres-analogiques-gs334f-avec-collecteur-de-3-portes\/#breadcrumb","itemListElement":[{"@type":"ListItem","position":1,"name":"Home","item":"https:\/\/www.fieldpiece.com\/fr\/"},{"@type":"ListItem","position":2,"name":"Shop","item":"https:\/\/www.fieldpiece.com\/shop\/"},{"@type":"ListItem","position":3,"name":"GS334F &#8211; Jeu de manom\u00e8tres analogiques GS334F avec collecteur de 3 portes"}]},{"@type":"WebSite","@id":"https:\/\/www.fieldpiece.com\/fr\/#website","url":"https:\/\/www.fieldpiece.com\/fr\/","name":"Fieldpiece Instruments","description":"","publisher":{"@id":"https:\/\/www.fieldpiece.com\/fr\/#organization"},"potentialAction":[{"@type":"SearchAction","target":{"@type":"EntryPoint","urlTemplate":"https:\/\/www.fieldpiece.com\/fr\/?s={search_term_string}"},"query-input":{"@type":"PropertyValueSpecification","valueRequired":true,"valueName":"search_term_string"}}],"inLanguage":"fr-FR"},{"@type":"Organization","@id":"https:\/\/www.fieldpiece.com\/fr\/#organization","name":"Fieldpiece Instruments","url":"https:\/\/www.fieldpiece.com\/fr\/","logo":{"@type":"ImageObject","inLanguage":"fr-FR","@id":"https:\/\/www.fieldpiece.com\/fr\/#\/schema\/logo\/image\/","url":"https:\/\/resources.fieldpiece.com\/wp-content\/uploads\/2021\/02\/Logos-490x358-1.jpg","contentUrl":"https:\/\/resources.fieldpiece.com\/wp-content\/uploads\/2021\/02\/Logos-490x358-1.jpg","width":490,"height":358,"caption":"Fieldpiece Instruments"},"image":{"@id":"https:\/\/www.fieldpiece.com\/fr\/#\/schema\/logo\/image\/"}}]}},"_links":{"self":[{"href":"https:\/\/www.fieldpiece.com\/fr\/wp-json\/wp\/v2\/product\/123637","targetHints":{"allow":["GET"]}}],"collection":[{"href":"https:\/\/www.fieldpiece.com\/fr\/wp-json\/wp\/v2\/product"}],"about":[{"href":"https:\/\/www.fieldpiece.com\/fr\/wp-json\/wp\/v2\/types\/product"}],"replies":[{"embeddable":true,"href":"https:\/\/www.fieldpiece.com\/fr\/wp-json\/wp\/v2\/comments?post=123637"}],"wp:featuredmedia":[{"embeddable":true,"href":"https:\/\/www.fieldpiece.com\/fr\/wp-json\/wp\/v2\/media\/123488"}],"wp:attachment":[{"href":"https:\/\/www.fieldpiece.com\/fr\/wp-json\/wp\/v2\/media?parent=123637"}],"wp:term":[{"taxonomy":"product_brand","embeddable":true,"href":"https:\/\/www.fieldpiece.com\/fr\/wp-json\/wp\/v2\/product_brand?post=123637"},{"taxonomy":"product_cat","embeddable":true,"href":"https:\/\/www.fieldpiece.com\/fr\/wp-json\/wp\/v2\/product_cat?post=123637"},{"taxonomy":"product_tag","embeddable":true,"href":"https:\/\/www.fieldpiece.com\/fr\/wp-json\/wp\/v2\/product_tag?post=123637"}],"curies":[{"name":"wp","href":"https:\/\/api.w.org\/{rel}","templated":true}]}}