	{"id":123628,"date":"2025-02-25T13:32:23","date_gmt":"2025-02-25T21:32:23","guid":{"rendered":"https:\/\/www.fieldpiece.com\/?post_type=product&#038;p=123628"},"modified":"2026-02-12T06:20:02","modified_gmt":"2026-02-12T14:20:02","slug":"collecteur-a-3-ports-pour-manometres-analogiques-gs322f","status":"publish","type":"product","link":"https:\/\/www.fieldpiece.com\/fr\/produit\/collecteur-a-3-ports-pour-manometres-analogiques-gs322f\/","title":{"rendered":"GS322F &#8211; Collecteur \u00e0 3 ports pour manom\u00e8tres analogiques GS322F"},"content":{"rendered":"<ul>\n<li style=\"font-weight: 400;\">Quatre anneaux de temp\u00e9rature de saturation des fluides frigorig\u00e8nes\u00a0: R22\/R32\/R454B\/R410A<\/li>\n<li>Voyant int\u00e9gr\u00e9 permettant de visualiser le flux de r\u00e9frig\u00e9rant<\/li>\n<li>Marqueur de pression rotatif<\/li>\n<li>Supports de tuyau interchangeables (1\/4&Prime; standard, 5\/16&Prime; en option)<\/li>\n<li>Boutons de vannes \u00e0 haute prise en main pour une utilisation facile<\/li>\n<li>Soupapes \u00e0 piston pour une commande de pr\u00e9cision<\/li>\n<li>Bo\u00eetier de protection caoutchout\u00e9<\/li>\n<li>Le crochet de suspension pivote et se replie dans son logement.<\/li>\n<\/ul>\n<p><strong>Con\u00e7u pour la performance<br \/>\n<\/strong>Il est rassurant de pouvoir compter sur les outils avec lesquels on s&rsquo;est form\u00e9, des outils familiers. Les manom\u00e8tres analogiques Fieldpiece sont des compagnons robustes et fiables pour le diagnostic des syst\u00e8mes, la r\u00e9cup\u00e9ration du r\u00e9frig\u00e9rant, les tests de pression et le chargement. Le GS322F est \u00e9quip\u00e9 de quatre anneaux de temp\u00e9rature de saturation du r\u00e9frig\u00e9rant et d&rsquo;un indicateur de pression rotatif pour une utilisation optimale et des co\u00fbts r\u00e9duits. Con\u00e7u pour r\u00e9sister aux conditions difficiles des chantiers et fournir des mesures claires et pr\u00e9cises, il vous permettra de travailler en toute confiance.<\/p>\n<p><strong>Comprend:<\/strong><br \/>\n\u2022 Collecteur d&rsquo;admission 3 ports GS322F<br \/>\n\u2022 (1) Manuel d\u2019utilisation<\/p>\n","protected":false},"excerpt":{"rendered":"<p>Quatre anneaux de temp\u00e9rature de saturation des fluides frigorig\u00e8nes\u00a0: R22\/R32\/R454B\/R410A Voyant int\u00e9gr\u00e9 permettant de visualiser le flux de r\u00e9frig\u00e9rant Marqueur &#8230;<\/p>\n","protected":false},"featured_media":123488,"comment_status":"open","ping_status":"closed","template":"","meta":{"_acf_changed":false},"product_brand":[],"product_cat":[804],"product_tag":[],"class_list":{"0":"post-123628","1":"product","2":"type-product","3":"status-publish","4":"has-post-thumbnail","6":"product_cat-ensembles-de-jauges-analogiques","8":"first","9":"instock","10":"shipping-taxable","11":"product-type-simple"},"acf":[],"yoast_head":"<!-- This site is optimized with the Yoast SEO plugin v27.3 - https:\/\/yoast.com\/product\/yoast-seo-wordpress\/ -->\n<title>GS322F - Collecteur \u00e0 3 ports pour manom\u00e8tres analogiques GS322F - Fieldpiece Instruments<\/title>\n<meta name=\"description\" content=\"D\u00e9couvrez notre manifold de r\u00e9frig\u00e9rant \u00e0 3 voies avec manom\u00e8tre analogique. Ce manifold \u00e0 3 voies regorge de fonctionnalit\u00e9s pour vous faciliter la t\u00e2che, notamment un manom\u00e8tre de micronisation pour les syst\u00e8mes de chauffage, ventilation et climatisation.\" \/>\n<meta name=\"robots\" content=\"index, follow, max-snippet:-1, max-image-preview:large, max-video-preview:-1\" \/>\n<link rel=\"canonical\" href=\"https:\/\/www.fieldpiece.com\/fr\/produit\/collecteur-a-3-ports-pour-manometres-analogiques-gs322f\/\" \/>\n<meta property=\"og:locale\" content=\"fr_FR\" \/>\n<meta property=\"og:type\" content=\"article\" \/>\n<meta property=\"og:title\" content=\"GS322F - Collecteur \u00e0 3 ports pour manom\u00e8tres analogiques GS322F - Fieldpiece Instruments\" \/>\n<meta property=\"og:description\" content=\"D\u00e9couvrez notre manifold de r\u00e9frig\u00e9rant \u00e0 3 voies avec manom\u00e8tre analogique. Ce manifold \u00e0 3 voies regorge de fonctionnalit\u00e9s pour vous faciliter la t\u00e2che, notamment un manom\u00e8tre de micronisation pour les syst\u00e8mes de chauffage, ventilation et climatisation.\" \/>\n<meta property=\"og:url\" content=\"https:\/\/www.fieldpiece.com\/fr\/produit\/collecteur-a-3-ports-pour-manometres-analogiques-gs322f\/\" \/>\n<meta property=\"og:site_name\" content=\"Fieldpiece Instruments\" \/>\n<meta property=\"article:modified_time\" content=\"2026-02-12T14:20:02+00:00\" \/>\n<meta property=\"og:image\" content=\"https:\/\/resources.fieldpiece.com\/wp-content\/uploads\/2026\/01\/GS322F-470x470-1.png\" \/>\n\t<meta property=\"og:image:width\" content=\"470\" \/>\n\t<meta property=\"og:image:height\" content=\"470\" \/>\n\t<meta property=\"og:image:type\" content=\"image\/png\" \/>\n<meta name=\"twitter:card\" content=\"summary_large_image\" \/>\n<meta name=\"twitter:label1\" content=\"Dur\u00e9e de lecture estim\u00e9e\" \/>\n\t<meta name=\"twitter:data1\" content=\"1 minute\" \/>\n<script type=\"application\/ld+json\" class=\"yoast-schema-graph\">{\"@context\":\"https:\\\/\\\/schema.org\",\"@graph\":[{\"@type\":\"WebPage\",\"@id\":\"https:\\\/\\\/www.fieldpiece.com\\\/fr\\\/produit\\\/collecteur-a-3-ports-pour-manometres-analogiques-gs322f\\\/\",\"url\":\"https:\\\/\\\/www.fieldpiece.com\\\/fr\\\/produit\\\/collecteur-a-3-ports-pour-manometres-analogiques-gs322f\\\/\",\"name\":\"GS322F - Collecteur \u00e0 3 ports pour manom\u00e8tres analogiques GS322F - Fieldpiece Instruments\",\"isPartOf\":{\"@id\":\"https:\\\/\\\/www.fieldpiece.com\\\/fr\\\/#website\"},\"primaryImageOfPage\":{\"@id\":\"https:\\\/\\\/www.fieldpiece.com\\\/fr\\\/produit\\\/collecteur-a-3-ports-pour-manometres-analogiques-gs322f\\\/#primaryimage\"},\"image\":{\"@id\":\"https:\\\/\\\/www.fieldpiece.com\\\/fr\\\/produit\\\/collecteur-a-3-ports-pour-manometres-analogiques-gs322f\\\/#primaryimage\"},\"thumbnailUrl\":\"https:\\\/\\\/resources.fieldpiece.com\\\/wp-content\\\/uploads\\\/2026\\\/01\\\/GS322F-470x470-1.png\",\"datePublished\":\"2025-02-25T21:32:23+00:00\",\"dateModified\":\"2026-02-12T14:20:02+00:00\",\"description\":\"D\u00e9couvrez notre manifold de r\u00e9frig\u00e9rant \u00e0 3 voies avec manom\u00e8tre analogique. Ce manifold \u00e0 3 voies regorge de fonctionnalit\u00e9s pour vous faciliter la t\u00e2che, notamment un manom\u00e8tre de micronisation pour les syst\u00e8mes de chauffage, ventilation et climatisation.\",\"breadcrumb\":{\"@id\":\"https:\\\/\\\/www.fieldpiece.com\\\/fr\\\/produit\\\/collecteur-a-3-ports-pour-manometres-analogiques-gs322f\\\/#breadcrumb\"},\"inLanguage\":\"fr-FR\",\"potentialAction\":[{\"@type\":\"ReadAction\",\"target\":[\"https:\\\/\\\/www.fieldpiece.com\\\/fr\\\/produit\\\/collecteur-a-3-ports-pour-manometres-analogiques-gs322f\\\/\"]}]},{\"@type\":\"ImageObject\",\"inLanguage\":\"fr-FR\",\"@id\":\"https:\\\/\\\/www.fieldpiece.com\\\/fr\\\/produit\\\/collecteur-a-3-ports-pour-manometres-analogiques-gs322f\\\/#primaryimage\",\"url\":\"https:\\\/\\\/resources.fieldpiece.com\\\/wp-content\\\/uploads\\\/2026\\\/01\\\/GS322F-470x470-1.png\",\"contentUrl\":\"https:\\\/\\\/resources.fieldpiece.com\\\/wp-content\\\/uploads\\\/2026\\\/01\\\/GS322F-470x470-1.png\",\"width\":470,\"height\":470},{\"@type\":\"BreadcrumbList\",\"@id\":\"https:\\\/\\\/www.fieldpiece.com\\\/fr\\\/produit\\\/collecteur-a-3-ports-pour-manometres-analogiques-gs322f\\\/#breadcrumb\",\"itemListElement\":[{\"@type\":\"ListItem\",\"position\":1,\"name\":\"Home\",\"item\":\"https:\\\/\\\/www.fieldpiece.com\\\/fr\\\/\"},{\"@type\":\"ListItem\",\"position\":2,\"name\":\"Shop\",\"item\":\"https:\\\/\\\/www.fieldpiece.com\\\/shop\\\/\"},{\"@type\":\"ListItem\",\"position\":3,\"name\":\"GS322F &#8211; Collecteur \u00e0 3 ports pour manom\u00e8tres analogiques GS322F\"}]},{\"@type\":\"WebSite\",\"@id\":\"https:\\\/\\\/www.fieldpiece.com\\\/fr\\\/#website\",\"url\":\"https:\\\/\\\/www.fieldpiece.com\\\/fr\\\/\",\"name\":\"Fieldpiece Instruments\",\"description\":\"\",\"publisher\":{\"@id\":\"https:\\\/\\\/www.fieldpiece.com\\\/fr\\\/#organization\"},\"potentialAction\":[{\"@type\":\"SearchAction\",\"target\":{\"@type\":\"EntryPoint\",\"urlTemplate\":\"https:\\\/\\\/www.fieldpiece.com\\\/fr\\\/?s={search_term_string}\"},\"query-input\":{\"@type\":\"PropertyValueSpecification\",\"valueRequired\":true,\"valueName\":\"search_term_string\"}}],\"inLanguage\":\"fr-FR\"},{\"@type\":\"Organization\",\"@id\":\"https:\\\/\\\/www.fieldpiece.com\\\/fr\\\/#organization\",\"name\":\"Fieldpiece Instruments\",\"url\":\"https:\\\/\\\/www.fieldpiece.com\\\/fr\\\/\",\"logo\":{\"@type\":\"ImageObject\",\"inLanguage\":\"fr-FR\",\"@id\":\"https:\\\/\\\/www.fieldpiece.com\\\/fr\\\/#\\\/schema\\\/logo\\\/image\\\/\",\"url\":\"https:\\\/\\\/resources.fieldpiece.com\\\/wp-content\\\/uploads\\\/2021\\\/02\\\/Logos-490x358-1.jpg\",\"contentUrl\":\"https:\\\/\\\/resources.fieldpiece.com\\\/wp-content\\\/uploads\\\/2021\\\/02\\\/Logos-490x358-1.jpg\",\"width\":490,\"height\":358,\"caption\":\"Fieldpiece Instruments\"},\"image\":{\"@id\":\"https:\\\/\\\/www.fieldpiece.com\\\/fr\\\/#\\\/schema\\\/logo\\\/image\\\/\"}}]}<\/script>\n<!-- \/ Yoast SEO plugin. -->","yoast_head_json":{"title":"GS322F - Collecteur \u00e0 3 ports pour manom\u00e8tres analogiques GS322F - Fieldpiece Instruments","description":"D\u00e9couvrez notre manifold de r\u00e9frig\u00e9rant \u00e0 3 voies avec manom\u00e8tre analogique. Ce manifold \u00e0 3 voies regorge de fonctionnalit\u00e9s pour vous faciliter la t\u00e2che, notamment un manom\u00e8tre de micronisation pour les syst\u00e8mes de chauffage, ventilation et climatisation.","robots":{"index":"index","follow":"follow","max-snippet":"max-snippet:-1","max-image-preview":"max-image-preview:large","max-video-preview":"max-video-preview:-1"},"canonical":"https:\/\/www.fieldpiece.com\/fr\/produit\/collecteur-a-3-ports-pour-manometres-analogiques-gs322f\/","og_locale":"fr_FR","og_type":"article","og_title":"GS322F - Collecteur \u00e0 3 ports pour manom\u00e8tres analogiques GS322F - Fieldpiece Instruments","og_description":"D\u00e9couvrez notre manifold de r\u00e9frig\u00e9rant \u00e0 3 voies avec manom\u00e8tre analogique. Ce manifold \u00e0 3 voies regorge de fonctionnalit\u00e9s pour vous faciliter la t\u00e2che, notamment un manom\u00e8tre de micronisation pour les syst\u00e8mes de chauffage, ventilation et climatisation.","og_url":"https:\/\/www.fieldpiece.com\/fr\/produit\/collecteur-a-3-ports-pour-manometres-analogiques-gs322f\/","og_site_name":"Fieldpiece Instruments","article_modified_time":"2026-02-12T14:20:02+00:00","og_image":[{"width":470,"height":470,"url":"https:\/\/resources.fieldpiece.com\/wp-content\/uploads\/2026\/01\/GS322F-470x470-1.png","type":"image\/png"}],"twitter_card":"summary_large_image","twitter_misc":{"Dur\u00e9e de lecture estim\u00e9e":"1 minute"},"schema":{"@context":"https:\/\/schema.org","@graph":[{"@type":"WebPage","@id":"https:\/\/www.fieldpiece.com\/fr\/produit\/collecteur-a-3-ports-pour-manometres-analogiques-gs322f\/","url":"https:\/\/www.fieldpiece.com\/fr\/produit\/collecteur-a-3-ports-pour-manometres-analogiques-gs322f\/","name":"GS322F - Collecteur \u00e0 3 ports pour manom\u00e8tres analogiques GS322F - Fieldpiece Instruments","isPartOf":{"@id":"https:\/\/www.fieldpiece.com\/fr\/#website"},"primaryImageOfPage":{"@id":"https:\/\/www.fieldpiece.com\/fr\/produit\/collecteur-a-3-ports-pour-manometres-analogiques-gs322f\/#primaryimage"},"image":{"@id":"https:\/\/www.fieldpiece.com\/fr\/produit\/collecteur-a-3-ports-pour-manometres-analogiques-gs322f\/#primaryimage"},"thumbnailUrl":"https:\/\/resources.fieldpiece.com\/wp-content\/uploads\/2026\/01\/GS322F-470x470-1.png","datePublished":"2025-02-25T21:32:23+00:00","dateModified":"2026-02-12T14:20:02+00:00","description":"D\u00e9couvrez notre manifold de r\u00e9frig\u00e9rant \u00e0 3 voies avec manom\u00e8tre analogique. Ce manifold \u00e0 3 voies regorge de fonctionnalit\u00e9s pour vous faciliter la t\u00e2che, notamment un manom\u00e8tre de micronisation pour les syst\u00e8mes de chauffage, ventilation et climatisation.","breadcrumb":{"@id":"https:\/\/www.fieldpiece.com\/fr\/produit\/collecteur-a-3-ports-pour-manometres-analogiques-gs322f\/#breadcrumb"},"inLanguage":"fr-FR","potentialAction":[{"@type":"ReadAction","target":["https:\/\/www.fieldpiece.com\/fr\/produit\/collecteur-a-3-ports-pour-manometres-analogiques-gs322f\/"]}]},{"@type":"ImageObject","inLanguage":"fr-FR","@id":"https:\/\/www.fieldpiece.com\/fr\/produit\/collecteur-a-3-ports-pour-manometres-analogiques-gs322f\/#primaryimage","url":"https:\/\/resources.fieldpiece.com\/wp-content\/uploads\/2026\/01\/GS322F-470x470-1.png","contentUrl":"https:\/\/resources.fieldpiece.com\/wp-content\/uploads\/2026\/01\/GS322F-470x470-1.png","width":470,"height":470},{"@type":"BreadcrumbList","@id":"https:\/\/www.fieldpiece.com\/fr\/produit\/collecteur-a-3-ports-pour-manometres-analogiques-gs322f\/#breadcrumb","itemListElement":[{"@type":"ListItem","position":1,"name":"Home","item":"https:\/\/www.fieldpiece.com\/fr\/"},{"@type":"ListItem","position":2,"name":"Shop","item":"https:\/\/www.fieldpiece.com\/shop\/"},{"@type":"ListItem","position":3,"name":"GS322F &#8211; Collecteur \u00e0 3 ports pour manom\u00e8tres analogiques GS322F"}]},{"@type":"WebSite","@id":"https:\/\/www.fieldpiece.com\/fr\/#website","url":"https:\/\/www.fieldpiece.com\/fr\/","name":"Fieldpiece Instruments","description":"","publisher":{"@id":"https:\/\/www.fieldpiece.com\/fr\/#organization"},"potentialAction":[{"@type":"SearchAction","target":{"@type":"EntryPoint","urlTemplate":"https:\/\/www.fieldpiece.com\/fr\/?s={search_term_string}"},"query-input":{"@type":"PropertyValueSpecification","valueRequired":true,"valueName":"search_term_string"}}],"inLanguage":"fr-FR"},{"@type":"Organization","@id":"https:\/\/www.fieldpiece.com\/fr\/#organization","name":"Fieldpiece Instruments","url":"https:\/\/www.fieldpiece.com\/fr\/","logo":{"@type":"ImageObject","inLanguage":"fr-FR","@id":"https:\/\/www.fieldpiece.com\/fr\/#\/schema\/logo\/image\/","url":"https:\/\/resources.fieldpiece.com\/wp-content\/uploads\/2021\/02\/Logos-490x358-1.jpg","contentUrl":"https:\/\/resources.fieldpiece.com\/wp-content\/uploads\/2021\/02\/Logos-490x358-1.jpg","width":490,"height":358,"caption":"Fieldpiece Instruments"},"image":{"@id":"https:\/\/www.fieldpiece.com\/fr\/#\/schema\/logo\/image\/"}}]}},"_links":{"self":[{"href":"https:\/\/www.fieldpiece.com\/fr\/wp-json\/wp\/v2\/product\/123628","targetHints":{"allow":["GET"]}}],"collection":[{"href":"https:\/\/www.fieldpiece.com\/fr\/wp-json\/wp\/v2\/product"}],"about":[{"href":"https:\/\/www.fieldpiece.com\/fr\/wp-json\/wp\/v2\/types\/product"}],"replies":[{"embeddable":true,"href":"https:\/\/www.fieldpiece.com\/fr\/wp-json\/wp\/v2\/comments?post=123628"}],"wp:featuredmedia":[{"embeddable":true,"href":"https:\/\/www.fieldpiece.com\/fr\/wp-json\/wp\/v2\/media\/123488"}],"wp:attachment":[{"href":"https:\/\/www.fieldpiece.com\/fr\/wp-json\/wp\/v2\/media?parent=123628"}],"wp:term":[{"taxonomy":"product_brand","embeddable":true,"href":"https:\/\/www.fieldpiece.com\/fr\/wp-json\/wp\/v2\/product_brand?post=123628"},{"taxonomy":"product_cat","embeddable":true,"href":"https:\/\/www.fieldpiece.com\/fr\/wp-json\/wp\/v2\/product_cat?post=123628"},{"taxonomy":"product_tag","embeddable":true,"href":"https:\/\/www.fieldpiece.com\/fr\/wp-json\/wp\/v2\/product_tag?post=123628"}],"curies":[{"name":"wp","href":"https:\/\/api.w.org\/{rel}","templated":true}]}}