	{"id":123107,"date":"2025-02-26T05:44:22","date_gmt":"2025-02-26T13:44:22","guid":{"rendered":"https:\/\/www.fieldpiece.com\/product\/drx3-all-in-one-refrigerant-leak-detector\/"},"modified":"2026-03-06T05:24:41","modified_gmt":"2026-03-06T13:24:41","slug":"drx3-detecteur-de-fuite-de-refrigerant-tout-en-un","status":"publish","type":"product","link":"https:\/\/www.fieldpiece.com\/fr\/produit\/drx3-detecteur-de-fuite-de-refrigerant-tout-en-un\/","title":{"rendered":"DRX3 &#8211; D\u00e9tecteur de fuite de gaz r\u00e9frig\u00e9rant et combustible"},"content":{"rendered":"<ul>\n<li>D\u00e9tecte les r\u00e9frig\u00e9rants A3, A2L, A1 et les gaz combustibles<\/li>\n<li>Capteur \u00e0 diode chauff\u00e9e pr\u00e9cis et rempla\u00e7able sur site<\/li>\n<li>Batteries longue dur\u00e9e rempla\u00e7ables sur site<\/li>\n<li>Modes z\u00e9ro automatique et manuel<\/li>\n<li>Param\u00e8tres de sensibilit\u00e9 \u00e9lev\u00e9e, moyenne et faible<\/li>\n<li>Application syst\u00e8me Job Link\u00ae connect\u00e9e<\/li>\n<\/ul>\n<p><strong>Trouvez rapidement les fuites.<br \/>\n<\/strong>Voyagez l\u00e9ger avec un seul outil, un seul capteur, qui rapidement et<br \/>\nD\u00e9tecte avec pr\u00e9cision les r\u00e9frig\u00e9rants HC, HFC, HCFC, CFC, HFO, H2\/N2 (gaz traceur) et m\u00e9langes, ainsi que les gaz de chauffage. Le DRX3 est con\u00e7u pour la performance et la s\u00e9curit\u00e9, conforme aux exigences ATEX Zone 2 et Classe I, division 2 pour les emplacements dangereux.<\/p>\n<p>Le DRX3, l\u00e9ger et robuste, vous aide \u00e0 localiser rapidement les fuites du syst\u00e8me gr\u00e2ce \u00e0 plusieurs indicateurs de retour visuels et audio qui changent en fonction de l&rsquo;intensit\u00e9 de la fuite<strong> :<\/strong><\/p>\n<ul>\n<li>DEL clignotante \u00e0 la pointe de la sonde<\/li>\n<li>Alarme forte et audible<\/li>\n<li>Affichage graphique et num\u00e9rique<\/li>\n<li>En direct dans l&rsquo;application Job Link System<\/li>\n<\/ul>\n<p><strong><em>All\u00e9gez votre trousse \u00e0 outils avec le d\u00e9tecteur de fuites tout-en-un DRX3.<\/em><\/strong><\/p>\n<p><strong>Ce qui est inclus<\/strong><\/p>\n<ul>\n<li style=\"list-style-type: none;\">\n<ul>\n<li>(1) D\u00e9tecteur de fuite de r\u00e9frig\u00e9rant \u00e0 diode chauff\u00e9e \u2013 DRX3<\/li>\n<li>(1) \u00e9tui moul\u00e9 par soufflage<\/li>\n<li>(1) Capteur \u00e0 diode chauff\u00e9e \u2013 RXA3<\/li>\n<\/ul>\n<\/li>\n<\/ul>\n","protected":false},"excerpt":{"rendered":"<p>D\u00e9tecte les r\u00e9frig\u00e9rants A3, A2L, A1 et les gaz combustibles Capteur \u00e0 diode chauff\u00e9e pr\u00e9cis et rempla\u00e7able sur site Batteries &#8230;<\/p>\n","protected":false},"featured_media":122310,"comment_status":"open","ping_status":"closed","template":"","meta":{"_acf_changed":false},"product_brand":[],"product_cat":[153],"product_tag":[],"class_list":{"0":"post-123107","1":"product","2":"type-product","3":"status-publish","4":"has-post-thumbnail","6":"product_cat-leak-detectors-fr-2","8":"first","9":"instock","10":"shipping-taxable","11":"product-type-simple"},"acf":[],"yoast_head":"<!-- This site is optimized with the Yoast SEO plugin v27.3 - https:\/\/yoast.com\/product\/yoast-seo-wordpress\/ -->\n<title>D\u00e9tecteur de Fuite R\u00e9frig\u00e9rant DRX3 | Fieldpiece<\/title>\n<meta name=\"description\" content=\"The DRX3 all in one refrigerant leak detector helps locate leaks quickly improving safety and efficiency during HVAC maintenance tasks daily.\" \/>\n<meta name=\"robots\" content=\"index, follow, max-snippet:-1, max-image-preview:large, max-video-preview:-1\" \/>\n<link rel=\"canonical\" href=\"https:\/\/www.fieldpiece.com\/fr\/produit\/drx3-detecteur-de-fuite-de-refrigerant-tout-en-un\/\" \/>\n<meta property=\"og:locale\" content=\"fr_FR\" \/>\n<meta property=\"og:type\" content=\"article\" \/>\n<meta property=\"og:title\" content=\"D\u00e9tecteur de Fuite R\u00e9frig\u00e9rant DRX3 | Fieldpiece\" \/>\n<meta property=\"og:description\" content=\"The DRX3 all in one refrigerant leak detector helps locate leaks quickly improving safety and efficiency during HVAC maintenance tasks daily.\" \/>\n<meta property=\"og:url\" content=\"https:\/\/www.fieldpiece.com\/fr\/produit\/drx3-detecteur-de-fuite-de-refrigerant-tout-en-un\/\" \/>\n<meta property=\"og:site_name\" content=\"Fieldpiece Instruments\" \/>\n<meta property=\"article:modified_time\" content=\"2026-03-06T13:24:41+00:00\" \/>\n<meta property=\"og:image\" content=\"https:\/\/resources.fieldpiece.com\/wp-content\/uploads\/2025\/02\/DRX3-470x470-1.png\" \/>\n\t<meta property=\"og:image:width\" content=\"470\" \/>\n\t<meta property=\"og:image:height\" content=\"470\" \/>\n\t<meta property=\"og:image:type\" content=\"image\/png\" \/>\n<meta name=\"twitter:card\" content=\"summary_large_image\" \/>\n<meta name=\"twitter:label1\" content=\"Dur\u00e9e de lecture estim\u00e9e\" \/>\n\t<meta name=\"twitter:data1\" content=\"2 minutes\" \/>\n<script type=\"application\/ld+json\" class=\"yoast-schema-graph\">{\"@context\":\"https:\\\/\\\/schema.org\",\"@graph\":[{\"@type\":\"WebPage\",\"@id\":\"https:\\\/\\\/www.fieldpiece.com\\\/fr\\\/produit\\\/drx3-detecteur-de-fuite-de-refrigerant-tout-en-un\\\/\",\"url\":\"https:\\\/\\\/www.fieldpiece.com\\\/fr\\\/produit\\\/drx3-detecteur-de-fuite-de-refrigerant-tout-en-un\\\/\",\"name\":\"D\u00e9tecteur de Fuite R\u00e9frig\u00e9rant DRX3 | Fieldpiece\",\"isPartOf\":{\"@id\":\"https:\\\/\\\/www.fieldpiece.com\\\/fr\\\/#website\"},\"primaryImageOfPage\":{\"@id\":\"https:\\\/\\\/www.fieldpiece.com\\\/fr\\\/produit\\\/drx3-detecteur-de-fuite-de-refrigerant-tout-en-un\\\/#primaryimage\"},\"image\":{\"@id\":\"https:\\\/\\\/www.fieldpiece.com\\\/fr\\\/produit\\\/drx3-detecteur-de-fuite-de-refrigerant-tout-en-un\\\/#primaryimage\"},\"thumbnailUrl\":\"https:\\\/\\\/resources.fieldpiece.com\\\/wp-content\\\/uploads\\\/2025\\\/02\\\/DRX3-470x470-1.png\",\"datePublished\":\"2025-02-26T13:44:22+00:00\",\"dateModified\":\"2026-03-06T13:24:41+00:00\",\"description\":\"The DRX3 all in one refrigerant leak detector helps locate leaks quickly improving safety and efficiency during HVAC maintenance tasks daily.\",\"breadcrumb\":{\"@id\":\"https:\\\/\\\/www.fieldpiece.com\\\/fr\\\/produit\\\/drx3-detecteur-de-fuite-de-refrigerant-tout-en-un\\\/#breadcrumb\"},\"inLanguage\":\"fr-FR\",\"potentialAction\":[{\"@type\":\"ReadAction\",\"target\":[\"https:\\\/\\\/www.fieldpiece.com\\\/fr\\\/produit\\\/drx3-detecteur-de-fuite-de-refrigerant-tout-en-un\\\/\"]}]},{\"@type\":\"ImageObject\",\"inLanguage\":\"fr-FR\",\"@id\":\"https:\\\/\\\/www.fieldpiece.com\\\/fr\\\/produit\\\/drx3-detecteur-de-fuite-de-refrigerant-tout-en-un\\\/#primaryimage\",\"url\":\"https:\\\/\\\/resources.fieldpiece.com\\\/wp-content\\\/uploads\\\/2025\\\/02\\\/DRX3-470x470-1.png\",\"contentUrl\":\"https:\\\/\\\/resources.fieldpiece.com\\\/wp-content\\\/uploads\\\/2025\\\/02\\\/DRX3-470x470-1.png\",\"width\":470,\"height\":470},{\"@type\":\"BreadcrumbList\",\"@id\":\"https:\\\/\\\/www.fieldpiece.com\\\/fr\\\/produit\\\/drx3-detecteur-de-fuite-de-refrigerant-tout-en-un\\\/#breadcrumb\",\"itemListElement\":[{\"@type\":\"ListItem\",\"position\":1,\"name\":\"Home\",\"item\":\"https:\\\/\\\/www.fieldpiece.com\\\/fr\\\/\"},{\"@type\":\"ListItem\",\"position\":2,\"name\":\"Shop\",\"item\":\"https:\\\/\\\/www.fieldpiece.com\\\/shop\\\/\"},{\"@type\":\"ListItem\",\"position\":3,\"name\":\"DRX3 &#8211; D\u00e9tecteur de fuite de gaz r\u00e9frig\u00e9rant et combustible\"}]},{\"@type\":\"WebSite\",\"@id\":\"https:\\\/\\\/www.fieldpiece.com\\\/fr\\\/#website\",\"url\":\"https:\\\/\\\/www.fieldpiece.com\\\/fr\\\/\",\"name\":\"Fieldpiece Instruments\",\"description\":\"\",\"publisher\":{\"@id\":\"https:\\\/\\\/www.fieldpiece.com\\\/fr\\\/#organization\"},\"potentialAction\":[{\"@type\":\"SearchAction\",\"target\":{\"@type\":\"EntryPoint\",\"urlTemplate\":\"https:\\\/\\\/www.fieldpiece.com\\\/fr\\\/?s={search_term_string}\"},\"query-input\":{\"@type\":\"PropertyValueSpecification\",\"valueRequired\":true,\"valueName\":\"search_term_string\"}}],\"inLanguage\":\"fr-FR\"},{\"@type\":\"Organization\",\"@id\":\"https:\\\/\\\/www.fieldpiece.com\\\/fr\\\/#organization\",\"name\":\"Fieldpiece Instruments\",\"url\":\"https:\\\/\\\/www.fieldpiece.com\\\/fr\\\/\",\"logo\":{\"@type\":\"ImageObject\",\"inLanguage\":\"fr-FR\",\"@id\":\"https:\\\/\\\/www.fieldpiece.com\\\/fr\\\/#\\\/schema\\\/logo\\\/image\\\/\",\"url\":\"https:\\\/\\\/resources.fieldpiece.com\\\/wp-content\\\/uploads\\\/2021\\\/02\\\/Logos-490x358-1.jpg\",\"contentUrl\":\"https:\\\/\\\/resources.fieldpiece.com\\\/wp-content\\\/uploads\\\/2021\\\/02\\\/Logos-490x358-1.jpg\",\"width\":490,\"height\":358,\"caption\":\"Fieldpiece Instruments\"},\"image\":{\"@id\":\"https:\\\/\\\/www.fieldpiece.com\\\/fr\\\/#\\\/schema\\\/logo\\\/image\\\/\"}}]}<\/script>\n<!-- \/ Yoast SEO plugin. -->","yoast_head_json":{"title":"D\u00e9tecteur de Fuite R\u00e9frig\u00e9rant DRX3 | Fieldpiece","description":"The DRX3 all in one refrigerant leak detector helps locate leaks quickly improving safety and efficiency during HVAC maintenance tasks daily.","robots":{"index":"index","follow":"follow","max-snippet":"max-snippet:-1","max-image-preview":"max-image-preview:large","max-video-preview":"max-video-preview:-1"},"canonical":"https:\/\/www.fieldpiece.com\/fr\/produit\/drx3-detecteur-de-fuite-de-refrigerant-tout-en-un\/","og_locale":"fr_FR","og_type":"article","og_title":"D\u00e9tecteur de Fuite R\u00e9frig\u00e9rant DRX3 | Fieldpiece","og_description":"The DRX3 all in one refrigerant leak detector helps locate leaks quickly improving safety and efficiency during HVAC maintenance tasks daily.","og_url":"https:\/\/www.fieldpiece.com\/fr\/produit\/drx3-detecteur-de-fuite-de-refrigerant-tout-en-un\/","og_site_name":"Fieldpiece Instruments","article_modified_time":"2026-03-06T13:24:41+00:00","og_image":[{"width":470,"height":470,"url":"https:\/\/resources.fieldpiece.com\/wp-content\/uploads\/2025\/02\/DRX3-470x470-1.png","type":"image\/png"}],"twitter_card":"summary_large_image","twitter_misc":{"Dur\u00e9e de lecture estim\u00e9e":"2 minutes"},"schema":{"@context":"https:\/\/schema.org","@graph":[{"@type":"WebPage","@id":"https:\/\/www.fieldpiece.com\/fr\/produit\/drx3-detecteur-de-fuite-de-refrigerant-tout-en-un\/","url":"https:\/\/www.fieldpiece.com\/fr\/produit\/drx3-detecteur-de-fuite-de-refrigerant-tout-en-un\/","name":"D\u00e9tecteur de Fuite R\u00e9frig\u00e9rant DRX3 | Fieldpiece","isPartOf":{"@id":"https:\/\/www.fieldpiece.com\/fr\/#website"},"primaryImageOfPage":{"@id":"https:\/\/www.fieldpiece.com\/fr\/produit\/drx3-detecteur-de-fuite-de-refrigerant-tout-en-un\/#primaryimage"},"image":{"@id":"https:\/\/www.fieldpiece.com\/fr\/produit\/drx3-detecteur-de-fuite-de-refrigerant-tout-en-un\/#primaryimage"},"thumbnailUrl":"https:\/\/resources.fieldpiece.com\/wp-content\/uploads\/2025\/02\/DRX3-470x470-1.png","datePublished":"2025-02-26T13:44:22+00:00","dateModified":"2026-03-06T13:24:41+00:00","description":"The DRX3 all in one refrigerant leak detector helps locate leaks quickly improving safety and efficiency during HVAC maintenance tasks daily.","breadcrumb":{"@id":"https:\/\/www.fieldpiece.com\/fr\/produit\/drx3-detecteur-de-fuite-de-refrigerant-tout-en-un\/#breadcrumb"},"inLanguage":"fr-FR","potentialAction":[{"@type":"ReadAction","target":["https:\/\/www.fieldpiece.com\/fr\/produit\/drx3-detecteur-de-fuite-de-refrigerant-tout-en-un\/"]}]},{"@type":"ImageObject","inLanguage":"fr-FR","@id":"https:\/\/www.fieldpiece.com\/fr\/produit\/drx3-detecteur-de-fuite-de-refrigerant-tout-en-un\/#primaryimage","url":"https:\/\/resources.fieldpiece.com\/wp-content\/uploads\/2025\/02\/DRX3-470x470-1.png","contentUrl":"https:\/\/resources.fieldpiece.com\/wp-content\/uploads\/2025\/02\/DRX3-470x470-1.png","width":470,"height":470},{"@type":"BreadcrumbList","@id":"https:\/\/www.fieldpiece.com\/fr\/produit\/drx3-detecteur-de-fuite-de-refrigerant-tout-en-un\/#breadcrumb","itemListElement":[{"@type":"ListItem","position":1,"name":"Home","item":"https:\/\/www.fieldpiece.com\/fr\/"},{"@type":"ListItem","position":2,"name":"Shop","item":"https:\/\/www.fieldpiece.com\/shop\/"},{"@type":"ListItem","position":3,"name":"DRX3 &#8211; D\u00e9tecteur de fuite de gaz r\u00e9frig\u00e9rant et combustible"}]},{"@type":"WebSite","@id":"https:\/\/www.fieldpiece.com\/fr\/#website","url":"https:\/\/www.fieldpiece.com\/fr\/","name":"Fieldpiece Instruments","description":"","publisher":{"@id":"https:\/\/www.fieldpiece.com\/fr\/#organization"},"potentialAction":[{"@type":"SearchAction","target":{"@type":"EntryPoint","urlTemplate":"https:\/\/www.fieldpiece.com\/fr\/?s={search_term_string}"},"query-input":{"@type":"PropertyValueSpecification","valueRequired":true,"valueName":"search_term_string"}}],"inLanguage":"fr-FR"},{"@type":"Organization","@id":"https:\/\/www.fieldpiece.com\/fr\/#organization","name":"Fieldpiece Instruments","url":"https:\/\/www.fieldpiece.com\/fr\/","logo":{"@type":"ImageObject","inLanguage":"fr-FR","@id":"https:\/\/www.fieldpiece.com\/fr\/#\/schema\/logo\/image\/","url":"https:\/\/resources.fieldpiece.com\/wp-content\/uploads\/2021\/02\/Logos-490x358-1.jpg","contentUrl":"https:\/\/resources.fieldpiece.com\/wp-content\/uploads\/2021\/02\/Logos-490x358-1.jpg","width":490,"height":358,"caption":"Fieldpiece Instruments"},"image":{"@id":"https:\/\/www.fieldpiece.com\/fr\/#\/schema\/logo\/image\/"}}]}},"_links":{"self":[{"href":"https:\/\/www.fieldpiece.com\/fr\/wp-json\/wp\/v2\/product\/123107","targetHints":{"allow":["GET"]}}],"collection":[{"href":"https:\/\/www.fieldpiece.com\/fr\/wp-json\/wp\/v2\/product"}],"about":[{"href":"https:\/\/www.fieldpiece.com\/fr\/wp-json\/wp\/v2\/types\/product"}],"replies":[{"embeddable":true,"href":"https:\/\/www.fieldpiece.com\/fr\/wp-json\/wp\/v2\/comments?post=123107"}],"wp:featuredmedia":[{"embeddable":true,"href":"https:\/\/www.fieldpiece.com\/fr\/wp-json\/wp\/v2\/media\/122310"}],"wp:attachment":[{"href":"https:\/\/www.fieldpiece.com\/fr\/wp-json\/wp\/v2\/media?parent=123107"}],"wp:term":[{"taxonomy":"product_brand","embeddable":true,"href":"https:\/\/www.fieldpiece.com\/fr\/wp-json\/wp\/v2\/product_brand?post=123107"},{"taxonomy":"product_cat","embeddable":true,"href":"https:\/\/www.fieldpiece.com\/fr\/wp-json\/wp\/v2\/product_cat?post=123107"},{"taxonomy":"product_tag","embeddable":true,"href":"https:\/\/www.fieldpiece.com\/fr\/wp-json\/wp\/v2\/product_tag?post=123107"}],"curies":[{"name":"wp","href":"https:\/\/api.w.org\/{rel}","templated":true}]}}