	{"id":123095,"date":"2024-06-20T10:51:07","date_gmt":"2024-06-20T17:51:07","guid":{"rendered":"https:\/\/www.fieldpiece.com\/product\/sm382v-sman-wireless-refrigerant-3-port-manifold\/"},"modified":"2026-03-06T05:25:31","modified_gmt":"2026-03-06T13:25:31","slug":"sm382v-sman-sans-fil-refrigerant-3-port-collecteur","status":"publish","type":"product","link":"https:\/\/www.fieldpiece.com\/fr\/produit\/sm382v-sman-sans-fil-refrigerant-3-port-collecteur\/","title":{"rendered":"SM382V | NOUVEAU! Collecteur de r\u00e9frig\u00e9rant sans fil SMAN (3 ports)"},"content":{"rendered":"<p>Prend en charge plus de 70 r\u00e9frig\u00e9rants<br \/>\nCompatible A2L<br \/>\nComprend une jauge \u00e0 vide int\u00e9gr\u00e9e<br \/>\nEnregistre des heures de donn\u00e9es<br \/>\nEffectue un test de pression d&rsquo;azote \u00e0 compensation de temp\u00e9rature<br \/>\nAffiche en 12 langues<br \/>\nSert de hub de donn\u00e9es central pour les outils sans fil Job Link\u00ae et se connecte \u00e0 l&rsquo;application syst\u00e8me Job Link\u00ae<br \/>\nR\u00e9sistant \u00e0 la poussi\u00e8re et \u00e0 l&rsquo;eau (IP55)<\/p>\n<p><strong>Con\u00e7u pour la performance<\/strong><br \/>\nLes connaissances, la puissance et l&rsquo;exp\u00e9rience sont r\u00e9unies dans les collecteurs de r\u00e9frig\u00e9rant SMAN\u00ae \u00e0 2 vannes. Des ann\u00e9es de commentaires de sp\u00e9cialistes de la climatisation et de la r\u00e9frig\u00e9ration sont combin\u00e9es \u00e0 l&rsquo;accent mis par Fieldpiece sur l&rsquo;am\u00e9lioration continue pour vous offrir le collecteur de r\u00e9frig\u00e9rant num\u00e9rique le plus robuste et le plus avanc\u00e9 du march\u00e9.<br \/>\nAvec des capacit\u00e9s sans fil, l&rsquo;enregistrement des donn\u00e9es et les tests d&rsquo;\u00e9tanch\u00e9it\u00e9, le SM382V est con\u00e7u pour que vous puissiez faire votre travail plus facilement, plus rapidement et mieux.<\/p>\n<p><strong>Tout simplement fort<\/strong><br \/>\nLe collecteur \u00e0 2 vannes SM382V est tout simplement solide. Le bo\u00eetier robuste, le crochet renforc\u00e9, la r\u00e9sistance \u00e0 la poussi\u00e8re et \u00e0 l&rsquo;eau IP55, l&rsquo;\u00e9cran r\u00e9sistant aux chocs, les prises thermocouple prot\u00e9g\u00e9es et le voyant herm\u00e9tiquement ferm\u00e9 garantissent que les SMAN sont pr\u00eats \u00e0 fonctionner.<\/p>\n<p><strong>Rempli de connaissances<\/strong><br \/>\nLe SM382V est con\u00e7u pour fonctionner comme vous le faites avec des fonctionnalit\u00e9s avanc\u00e9es pour rationaliser votre travail et fournir les r\u00e9ponses dont vous avez besoin.<\/p>\n<p>Mesures<br \/>\n\u2022 Pressions de conduite, temp\u00e9ratures de conduite, temp\u00e9rature de bulbe sec et vide du syst\u00e8me<\/p>\n<p>Calcule<br \/>\n\u2022 Surchauffe, sous-refroidissement, saturation de vapeur, saturation de liquide et delta T<br \/>\n\u2022 Delta T cible en direct et temp\u00e9rature cible de sortie de l&rsquo;\u00e9vaporateur avec les outils sans fil Job Link en option<br \/>\n\u2022 Diff\u00e9rence de pression compens\u00e9e en temp\u00e9rature pour les tests de pression d&rsquo;azote<\/p>\n<p>Journaux de donn\u00e9es<br \/>\n\u2022 Stocke jusqu&rsquo;\u00e0 9 t\u00e2ches en interne<br \/>\n\u2022 Enregistre jusqu&rsquo;\u00e0 168 heures continues<\/p>\n<p>Est personnalisable<br \/>\n\u2022 S\u00e9lectionnez les mesures \u00e0 afficher<br \/>\n\u2022 S\u00e9lectionnez ON\/OFF sans fil<br \/>\n\u2022 D\u00e9finir des alarmes de vide \u00e9lev\u00e9 et faible<\/p>\n<p><strong>Fait partie du syst\u00e8me d&rsquo;outils sans fil Job Link\u00ae <\/strong><br \/>\nAjoutez les outils sans fil du syst\u00e8me Job Link\u00ae \u00e0 votre arsenal et obtenez des lectures en direct directement sur l&rsquo;\u00e9cran du collecteur SMAN\u00ae \u00e0 partir des psychrom\u00e8tres Job Link (JL3RH), des colliers de serrage Job Link (JL3PC) et de la balance de r\u00e9frig\u00e9rant SR47. Placez les colliers de serrage \u00e0 l&rsquo;endroit id\u00e9al. Visualisez les mesures et les calculs de l&rsquo;air en direct tout en effectuant des ajustements. Surveillez et enregistrez le poids du r\u00e9frig\u00e9rant pour une documentation pr\u00e9cise de la r\u00e9cup\u00e9ration et du chargement.<\/p>\n<p><strong>Augmentez votre professionnalisme avec l&rsquo;application syst\u00e8me Job Link\u00ae<\/strong><br \/>\nRationalisez et simplifiez encore davantage votre appel avec l&rsquo;application Job Link System. Consultez vos mesures jusqu&rsquo;\u00e0 1 000 pieds de distance sur votre appareil mobile. Documentez votre travail et fournissez des rapports professionnels, y compris la r\u00e9cup\u00e9ration du r\u00e9frig\u00e9rant et le poids de charge, en vous connectant simplement \u00e0 l&rsquo;application Job Link System.<\/p>\n<p><strong>Comprend :<\/strong><br \/>\n\u2022 Collecteur SM382V \u00e0 3 ports<br \/>\n\u2022 (2) thermocouples \u00e0 collier de serrage c\u00e2bl\u00e9s TC24 de type K<br \/>\n\u2022 (1) thermocouple \u00e0 billes ATA1 de type K avec clip<br \/>\n\u2022 (1) \u00e9tui rembourr\u00e9 \u00e0 ouverture facile ANC82<br \/>\n\u2022 (6) piles alcalines AA<br \/>\n\u2022 (1) Manuel de l&rsquo;op\u00e9rateur<\/p>\n","protected":false},"excerpt":{"rendered":"<p>Construction ultra robuste<br \/>\nEnregistrement de donn\u00e9es<br \/>\nTest d&rsquo;\u00e9tanch\u00e9it\u00e9 du syst\u00e8me \u00e0 compensation de temp\u00e9rature<br \/>\nEnvoie et re\u00e7oit des lectures sans fil<br \/>\nPrises thermocouple prot\u00e9g\u00e9es pour les tuyaux et les temp\u00e9ratures ext\u00e9rieures<br \/>\nR32 pr\u00eat<br \/>\nR\u00e9sistant \u00e0 l&rsquo;eau (IP54)<\/p>\n<p><strong>Con\u00e7u pour les performances&lt;\/s&#8230;<\/strong><\/p>\n","protected":false},"featured_media":120625,"comment_status":"open","ping_status":"closed","template":"","meta":{"_acf_changed":false},"product_brand":[],"product_cat":[177,223,208],"product_tag":[],"class_list":{"0":"post-123095","1":"product","2":"type-product","3":"status-publish","4":"has-post-thumbnail","6":"product_cat-digital-manifolds-fr-2","7":"product_cat-digital-manifolds-job-link-fr","8":"product_cat-job-link-system","10":"first","11":"instock","12":"shipping-taxable","13":"product-type-simple"},"acf":[],"yoast_head":"<!-- This site is optimized with the Yoast SEO plugin v27.2 - https:\/\/yoast.com\/product\/yoast-seo-wordpress\/ -->\n<title>SM382V Collecteur R\u00e9frig\u00e9rant Sans Fil | Fieldpiece<\/title>\n<meta name=\"description\" content=\"The SM382V wireless 3 port refrigerant manifold provides precise readings and mobile connectivity for faster HVAC diagnostics and charging.\" \/>\n<meta name=\"robots\" content=\"index, follow, max-snippet:-1, max-image-preview:large, max-video-preview:-1\" \/>\n<link rel=\"canonical\" href=\"https:\/\/www.fieldpiece.com\/fr\/produit\/sm382v-sman-sans-fil-refrigerant-3-port-collecteur\/\" \/>\n<meta property=\"og:locale\" content=\"fr_FR\" \/>\n<meta property=\"og:type\" content=\"article\" \/>\n<meta property=\"og:title\" content=\"SM382V Collecteur R\u00e9frig\u00e9rant Sans Fil | Fieldpiece\" \/>\n<meta property=\"og:description\" content=\"The SM382V wireless 3 port refrigerant manifold provides precise readings and mobile connectivity for faster HVAC diagnostics and charging.\" \/>\n<meta property=\"og:url\" content=\"https:\/\/www.fieldpiece.com\/fr\/produit\/sm382v-sman-sans-fil-refrigerant-3-port-collecteur\/\" \/>\n<meta property=\"og:site_name\" content=\"Fieldpiece Instruments\" \/>\n<meta property=\"article:modified_time\" content=\"2026-03-06T13:25:31+00:00\" \/>\n<meta property=\"og:image\" content=\"https:\/\/resources.fieldpiece.com\/wp-content\/uploads\/2024\/06\/SM382V_72dpi_430x430.png\" \/>\n\t<meta property=\"og:image:width\" content=\"470\" \/>\n\t<meta property=\"og:image:height\" content=\"470\" \/>\n\t<meta property=\"og:image:type\" content=\"image\/png\" \/>\n<meta name=\"twitter:card\" content=\"summary_large_image\" \/>\n<meta name=\"twitter:label1\" content=\"Dur\u00e9e de lecture estim\u00e9e\" \/>\n\t<meta name=\"twitter:data1\" content=\"3 minutes\" \/>\n<script type=\"application\/ld+json\" class=\"yoast-schema-graph\">{\"@context\":\"https:\/\/schema.org\",\"@graph\":[{\"@type\":\"WebPage\",\"@id\":\"https:\/\/www.fieldpiece.com\/fr\/produit\/sm382v-sman-sans-fil-refrigerant-3-port-collecteur\/\",\"url\":\"https:\/\/www.fieldpiece.com\/fr\/produit\/sm382v-sman-sans-fil-refrigerant-3-port-collecteur\/\",\"name\":\"SM382V Collecteur R\u00e9frig\u00e9rant Sans Fil | Fieldpiece\",\"isPartOf\":{\"@id\":\"https:\/\/www.fieldpiece.com\/fr\/#website\"},\"primaryImageOfPage\":{\"@id\":\"https:\/\/www.fieldpiece.com\/fr\/produit\/sm382v-sman-sans-fil-refrigerant-3-port-collecteur\/#primaryimage\"},\"image\":{\"@id\":\"https:\/\/www.fieldpiece.com\/fr\/produit\/sm382v-sman-sans-fil-refrigerant-3-port-collecteur\/#primaryimage\"},\"thumbnailUrl\":\"https:\/\/resources.fieldpiece.com\/wp-content\/uploads\/2024\/06\/SM382V_72dpi_430x430.png\",\"datePublished\":\"2024-06-20T17:51:07+00:00\",\"dateModified\":\"2026-03-06T13:25:31+00:00\",\"description\":\"The SM382V wireless 3 port refrigerant manifold provides precise readings and mobile connectivity for faster HVAC diagnostics and charging.\",\"breadcrumb\":{\"@id\":\"https:\/\/www.fieldpiece.com\/fr\/produit\/sm382v-sman-sans-fil-refrigerant-3-port-collecteur\/#breadcrumb\"},\"inLanguage\":\"fr-FR\",\"potentialAction\":[{\"@type\":\"ReadAction\",\"target\":[\"https:\/\/www.fieldpiece.com\/fr\/produit\/sm382v-sman-sans-fil-refrigerant-3-port-collecteur\/\"]}]},{\"@type\":\"ImageObject\",\"inLanguage\":\"fr-FR\",\"@id\":\"https:\/\/www.fieldpiece.com\/fr\/produit\/sm382v-sman-sans-fil-refrigerant-3-port-collecteur\/#primaryimage\",\"url\":\"https:\/\/resources.fieldpiece.com\/wp-content\/uploads\/2024\/06\/SM382V_72dpi_430x430.png\",\"contentUrl\":\"https:\/\/resources.fieldpiece.com\/wp-content\/uploads\/2024\/06\/SM382V_72dpi_430x430.png\",\"width\":470,\"height\":470},{\"@type\":\"BreadcrumbList\",\"@id\":\"https:\/\/www.fieldpiece.com\/fr\/produit\/sm382v-sman-sans-fil-refrigerant-3-port-collecteur\/#breadcrumb\",\"itemListElement\":[{\"@type\":\"ListItem\",\"position\":1,\"name\":\"Home\",\"item\":\"https:\/\/www.fieldpiece.com\/fr\/\"},{\"@type\":\"ListItem\",\"position\":2,\"name\":\"Shop\",\"item\":\"https:\/\/www.fieldpiece.com\/shop\/\"},{\"@type\":\"ListItem\",\"position\":3,\"name\":\"SM382V | NOUVEAU! Collecteur de r\u00e9frig\u00e9rant sans fil SMAN (3 ports)\"}]},{\"@type\":\"WebSite\",\"@id\":\"https:\/\/www.fieldpiece.com\/fr\/#website\",\"url\":\"https:\/\/www.fieldpiece.com\/fr\/\",\"name\":\"Fieldpiece Instruments\",\"description\":\"\",\"publisher\":{\"@id\":\"https:\/\/www.fieldpiece.com\/fr\/#organization\"},\"potentialAction\":[{\"@type\":\"SearchAction\",\"target\":{\"@type\":\"EntryPoint\",\"urlTemplate\":\"https:\/\/www.fieldpiece.com\/fr\/?s={search_term_string}\"},\"query-input\":{\"@type\":\"PropertyValueSpecification\",\"valueRequired\":true,\"valueName\":\"search_term_string\"}}],\"inLanguage\":\"fr-FR\"},{\"@type\":\"Organization\",\"@id\":\"https:\/\/www.fieldpiece.com\/fr\/#organization\",\"name\":\"Fieldpiece Instruments\",\"url\":\"https:\/\/www.fieldpiece.com\/fr\/\",\"logo\":{\"@type\":\"ImageObject\",\"inLanguage\":\"fr-FR\",\"@id\":\"https:\/\/www.fieldpiece.com\/fr\/#\/schema\/logo\/image\/\",\"url\":\"https:\/\/resources.fieldpiece.com\/wp-content\/uploads\/2021\/02\/Logos-490x358-1.jpg\",\"contentUrl\":\"https:\/\/resources.fieldpiece.com\/wp-content\/uploads\/2021\/02\/Logos-490x358-1.jpg\",\"width\":490,\"height\":358,\"caption\":\"Fieldpiece Instruments\"},\"image\":{\"@id\":\"https:\/\/www.fieldpiece.com\/fr\/#\/schema\/logo\/image\/\"}}]}<\/script>\n<!-- \/ Yoast SEO plugin. -->","yoast_head_json":{"title":"SM382V Collecteur R\u00e9frig\u00e9rant Sans Fil | Fieldpiece","description":"The SM382V wireless 3 port refrigerant manifold provides precise readings and mobile connectivity for faster HVAC diagnostics and charging.","robots":{"index":"index","follow":"follow","max-snippet":"max-snippet:-1","max-image-preview":"max-image-preview:large","max-video-preview":"max-video-preview:-1"},"canonical":"https:\/\/www.fieldpiece.com\/fr\/produit\/sm382v-sman-sans-fil-refrigerant-3-port-collecteur\/","og_locale":"fr_FR","og_type":"article","og_title":"SM382V Collecteur R\u00e9frig\u00e9rant Sans Fil | Fieldpiece","og_description":"The SM382V wireless 3 port refrigerant manifold provides precise readings and mobile connectivity for faster HVAC diagnostics and charging.","og_url":"https:\/\/www.fieldpiece.com\/fr\/produit\/sm382v-sman-sans-fil-refrigerant-3-port-collecteur\/","og_site_name":"Fieldpiece Instruments","article_modified_time":"2026-03-06T13:25:31+00:00","og_image":[{"width":470,"height":470,"url":"https:\/\/resources.fieldpiece.com\/wp-content\/uploads\/2024\/06\/SM382V_72dpi_430x430.png","type":"image\/png"}],"twitter_card":"summary_large_image","twitter_misc":{"Dur\u00e9e de lecture estim\u00e9e":"3 minutes"},"schema":{"@context":"https:\/\/schema.org","@graph":[{"@type":"WebPage","@id":"https:\/\/www.fieldpiece.com\/fr\/produit\/sm382v-sman-sans-fil-refrigerant-3-port-collecteur\/","url":"https:\/\/www.fieldpiece.com\/fr\/produit\/sm382v-sman-sans-fil-refrigerant-3-port-collecteur\/","name":"SM382V Collecteur R\u00e9frig\u00e9rant Sans Fil | Fieldpiece","isPartOf":{"@id":"https:\/\/www.fieldpiece.com\/fr\/#website"},"primaryImageOfPage":{"@id":"https:\/\/www.fieldpiece.com\/fr\/produit\/sm382v-sman-sans-fil-refrigerant-3-port-collecteur\/#primaryimage"},"image":{"@id":"https:\/\/www.fieldpiece.com\/fr\/produit\/sm382v-sman-sans-fil-refrigerant-3-port-collecteur\/#primaryimage"},"thumbnailUrl":"https:\/\/resources.fieldpiece.com\/wp-content\/uploads\/2024\/06\/SM382V_72dpi_430x430.png","datePublished":"2024-06-20T17:51:07+00:00","dateModified":"2026-03-06T13:25:31+00:00","description":"The SM382V wireless 3 port refrigerant manifold provides precise readings and mobile connectivity for faster HVAC diagnostics and charging.","breadcrumb":{"@id":"https:\/\/www.fieldpiece.com\/fr\/produit\/sm382v-sman-sans-fil-refrigerant-3-port-collecteur\/#breadcrumb"},"inLanguage":"fr-FR","potentialAction":[{"@type":"ReadAction","target":["https:\/\/www.fieldpiece.com\/fr\/produit\/sm382v-sman-sans-fil-refrigerant-3-port-collecteur\/"]}]},{"@type":"ImageObject","inLanguage":"fr-FR","@id":"https:\/\/www.fieldpiece.com\/fr\/produit\/sm382v-sman-sans-fil-refrigerant-3-port-collecteur\/#primaryimage","url":"https:\/\/resources.fieldpiece.com\/wp-content\/uploads\/2024\/06\/SM382V_72dpi_430x430.png","contentUrl":"https:\/\/resources.fieldpiece.com\/wp-content\/uploads\/2024\/06\/SM382V_72dpi_430x430.png","width":470,"height":470},{"@type":"BreadcrumbList","@id":"https:\/\/www.fieldpiece.com\/fr\/produit\/sm382v-sman-sans-fil-refrigerant-3-port-collecteur\/#breadcrumb","itemListElement":[{"@type":"ListItem","position":1,"name":"Home","item":"https:\/\/www.fieldpiece.com\/fr\/"},{"@type":"ListItem","position":2,"name":"Shop","item":"https:\/\/www.fieldpiece.com\/shop\/"},{"@type":"ListItem","position":3,"name":"SM382V | NOUVEAU! Collecteur de r\u00e9frig\u00e9rant sans fil SMAN (3 ports)"}]},{"@type":"WebSite","@id":"https:\/\/www.fieldpiece.com\/fr\/#website","url":"https:\/\/www.fieldpiece.com\/fr\/","name":"Fieldpiece Instruments","description":"","publisher":{"@id":"https:\/\/www.fieldpiece.com\/fr\/#organization"},"potentialAction":[{"@type":"SearchAction","target":{"@type":"EntryPoint","urlTemplate":"https:\/\/www.fieldpiece.com\/fr\/?s={search_term_string}"},"query-input":{"@type":"PropertyValueSpecification","valueRequired":true,"valueName":"search_term_string"}}],"inLanguage":"fr-FR"},{"@type":"Organization","@id":"https:\/\/www.fieldpiece.com\/fr\/#organization","name":"Fieldpiece Instruments","url":"https:\/\/www.fieldpiece.com\/fr\/","logo":{"@type":"ImageObject","inLanguage":"fr-FR","@id":"https:\/\/www.fieldpiece.com\/fr\/#\/schema\/logo\/image\/","url":"https:\/\/resources.fieldpiece.com\/wp-content\/uploads\/2021\/02\/Logos-490x358-1.jpg","contentUrl":"https:\/\/resources.fieldpiece.com\/wp-content\/uploads\/2021\/02\/Logos-490x358-1.jpg","width":490,"height":358,"caption":"Fieldpiece Instruments"},"image":{"@id":"https:\/\/www.fieldpiece.com\/fr\/#\/schema\/logo\/image\/"}}]}},"_links":{"self":[{"href":"https:\/\/www.fieldpiece.com\/fr\/wp-json\/wp\/v2\/product\/123095","targetHints":{"allow":["GET"]}}],"collection":[{"href":"https:\/\/www.fieldpiece.com\/fr\/wp-json\/wp\/v2\/product"}],"about":[{"href":"https:\/\/www.fieldpiece.com\/fr\/wp-json\/wp\/v2\/types\/product"}],"replies":[{"embeddable":true,"href":"https:\/\/www.fieldpiece.com\/fr\/wp-json\/wp\/v2\/comments?post=123095"}],"wp:featuredmedia":[{"embeddable":true,"href":"https:\/\/www.fieldpiece.com\/fr\/wp-json\/wp\/v2\/media\/120625"}],"wp:attachment":[{"href":"https:\/\/www.fieldpiece.com\/fr\/wp-json\/wp\/v2\/media?parent=123095"}],"wp:term":[{"taxonomy":"product_brand","embeddable":true,"href":"https:\/\/www.fieldpiece.com\/fr\/wp-json\/wp\/v2\/product_brand?post=123095"},{"taxonomy":"product_cat","embeddable":true,"href":"https:\/\/www.fieldpiece.com\/fr\/wp-json\/wp\/v2\/product_cat?post=123095"},{"taxonomy":"product_tag","embeddable":true,"href":"https:\/\/www.fieldpiece.com\/fr\/wp-json\/wp\/v2\/product_tag?post=123095"}],"curies":[{"name":"wp","href":"https:\/\/api.w.org\/{rel}","templated":true}]}}