	{"id":119184,"date":"2023-12-07T06:55:28","date_gmt":"2024-06-07T13:16:29","guid":{"rendered":"https:\/\/www.fieldpiece.com\/product\/vc1-valve-core-removal-tool\/"},"modified":"2024-06-12T02:01:28","modified_gmt":"2024-06-12T09:01:28","slug":"vc1-outil-de-retrait-de-noyau-de-vanne-de-1-4-po","status":"publish","type":"product","link":"https:\/\/www.fieldpiece.com\/fr\/produit\/vc1-outil-de-retrait-de-noyau-de-vanne-de-1-4-po\/","title":{"rendered":"VC1 \u2014 Outil de retrait de noyau de vanne de 1\/4\u00a0po"},"content":{"rendered":"<p style=\"font-weight: 400;\">Pour les espaces restreints, le VC1 ultra-compact est votre VCRT de r\u00e9f\u00e9rence. La tige de capture engage de mani\u00e8re fiable le noyau de la vanne, la premi\u00e8re fois, \u00e0 chaque fois \u2014 plus besoin de trouver des noyaux de vanne perdus.<\/p>\n<ul>\n<li>Remplacez le raccord de port de service standard de 1\/4\u00a0po par un raccord de 5\/16\u00a0po en option pour les mini-fentes.<\/li>\n<li>Verrouillez le noyau de la vanne en un seul essai \u2014 un joint s\u00e9curise la goupille du noyau de la vanne.<\/li>\n<li>Gardez le noyau de vanne \u00e0 port\u00e9e de main pendant le service avec le capuchon magn\u00e9tique.<\/li>\n<li>R\u00e9sistant au vide jusqu\u2019\u00e0 20 microns<\/li>\n<li>Compatible A2L<\/li>\n<\/ul>\n","protected":false},"excerpt":{"rendered":"<p>Outil compact de retrait \u00e0 noyau de vanne unique<\/p>\n","protected":false},"featured_media":120961,"comment_status":"open","ping_status":"closed","template":"","meta":{"_acf_changed":false},"product_brand":[],"product_cat":[775],"product_tag":[],"class_list":{"0":"post-119184","1":"product","2":"type-product","3":"status-publish","4":"has-post-thumbnail","6":"product_cat-valve-core-removal-tools-fr","8":"first","9":"instock","10":"shipping-taxable","11":"product-type-simple"},"acf":[],"yoast_head":"<!-- This site is optimized with the Yoast SEO plugin v27.3 - https:\/\/yoast.com\/product\/yoast-seo-wordpress\/ -->\n<title>Outil compact de retrait de noyau de vanne simple de 1\/4\u00a0po | Fieldpiece<\/title>\n<meta name=\"description\" content=\"L\u2019outil de retrait de noyau de soupape Fieldpiece VC1 ultra-compact de 1\/4 po fonctionne parfaitement dans les espaces restreints et est compatible A2L. Apprenez-en plus sur Fieldpiece d\u00e8s aujourd\u2019hui!\" \/>\n<meta name=\"robots\" content=\"index, follow, max-snippet:-1, max-image-preview:large, max-video-preview:-1\" \/>\n<link rel=\"canonical\" href=\"https:\/\/www.fieldpiece.com\/fr\/produit\/vc1-outil-de-retrait-de-noyau-de-vanne-de-1-4-po\/\" \/>\n<meta property=\"og:locale\" content=\"fr_FR\" \/>\n<meta property=\"og:type\" content=\"article\" \/>\n<meta property=\"og:title\" content=\"Outil compact de retrait de noyau de vanne simple de 1\/4\u00a0po | Fieldpiece\" \/>\n<meta property=\"og:description\" content=\"L\u2019outil de retrait de noyau de soupape Fieldpiece VC1 ultra-compact de 1\/4 po fonctionne parfaitement dans les espaces restreints et est compatible A2L. Apprenez-en plus sur Fieldpiece d\u00e8s aujourd\u2019hui!\" \/>\n<meta property=\"og:url\" content=\"https:\/\/www.fieldpiece.com\/fr\/produit\/vc1-outil-de-retrait-de-noyau-de-vanne-de-1-4-po\/\" \/>\n<meta property=\"og:site_name\" content=\"Fieldpiece Instruments\" \/>\n<meta property=\"article:modified_time\" content=\"2024-06-12T09:01:28+00:00\" \/>\n<meta property=\"og:image\" content=\"https:\/\/resources.fieldpiece.com\/wp-content\/uploads\/2023\/12\/470x470-VC1.webp\" \/>\n\t<meta property=\"og:image:width\" content=\"470\" \/>\n\t<meta property=\"og:image:height\" content=\"470\" \/>\n\t<meta property=\"og:image:type\" content=\"image\/webp\" \/>\n<meta name=\"twitter:card\" content=\"summary_large_image\" \/>\n<meta name=\"twitter:label1\" content=\"Dur\u00e9e de lecture estim\u00e9e\" \/>\n\t<meta name=\"twitter:data1\" content=\"1 minute\" \/>\n<script type=\"application\/ld+json\" class=\"yoast-schema-graph\">{\"@context\":\"https:\\\/\\\/schema.org\",\"@graph\":[{\"@type\":\"WebPage\",\"@id\":\"https:\\\/\\\/www.fieldpiece.com\\\/fr\\\/produit\\\/vc1-outil-de-retrait-de-noyau-de-vanne-de-1-4-po\\\/\",\"url\":\"https:\\\/\\\/www.fieldpiece.com\\\/fr\\\/produit\\\/vc1-outil-de-retrait-de-noyau-de-vanne-de-1-4-po\\\/\",\"name\":\"Outil compact de retrait de noyau de vanne simple de 1\\\/4\u00a0po | Fieldpiece\",\"isPartOf\":{\"@id\":\"https:\\\/\\\/www.fieldpiece.com\\\/fr\\\/#website\"},\"primaryImageOfPage\":{\"@id\":\"https:\\\/\\\/www.fieldpiece.com\\\/fr\\\/produit\\\/vc1-outil-de-retrait-de-noyau-de-vanne-de-1-4-po\\\/#primaryimage\"},\"image\":{\"@id\":\"https:\\\/\\\/www.fieldpiece.com\\\/fr\\\/produit\\\/vc1-outil-de-retrait-de-noyau-de-vanne-de-1-4-po\\\/#primaryimage\"},\"thumbnailUrl\":\"https:\\\/\\\/resources.fieldpiece.com\\\/wp-content\\\/uploads\\\/2023\\\/12\\\/470x470-VC1.webp\",\"datePublished\":\"2024-06-07T13:16:29+00:00\",\"dateModified\":\"2024-06-12T09:01:28+00:00\",\"description\":\"L\u2019outil de retrait de noyau de soupape Fieldpiece VC1 ultra-compact de 1\\\/4 po fonctionne parfaitement dans les espaces restreints et est compatible A2L. Apprenez-en plus sur Fieldpiece d\u00e8s aujourd\u2019hui!\",\"breadcrumb\":{\"@id\":\"https:\\\/\\\/www.fieldpiece.com\\\/fr\\\/produit\\\/vc1-outil-de-retrait-de-noyau-de-vanne-de-1-4-po\\\/#breadcrumb\"},\"inLanguage\":\"fr-FR\",\"potentialAction\":[{\"@type\":\"ReadAction\",\"target\":[\"https:\\\/\\\/www.fieldpiece.com\\\/fr\\\/produit\\\/vc1-outil-de-retrait-de-noyau-de-vanne-de-1-4-po\\\/\"]}]},{\"@type\":\"ImageObject\",\"inLanguage\":\"fr-FR\",\"@id\":\"https:\\\/\\\/www.fieldpiece.com\\\/fr\\\/produit\\\/vc1-outil-de-retrait-de-noyau-de-vanne-de-1-4-po\\\/#primaryimage\",\"url\":\"https:\\\/\\\/resources.fieldpiece.com\\\/wp-content\\\/uploads\\\/2023\\\/12\\\/470x470-VC1.webp\",\"contentUrl\":\"https:\\\/\\\/resources.fieldpiece.com\\\/wp-content\\\/uploads\\\/2023\\\/12\\\/470x470-VC1.webp\",\"width\":470,\"height\":470},{\"@type\":\"BreadcrumbList\",\"@id\":\"https:\\\/\\\/www.fieldpiece.com\\\/fr\\\/produit\\\/vc1-outil-de-retrait-de-noyau-de-vanne-de-1-4-po\\\/#breadcrumb\",\"itemListElement\":[{\"@type\":\"ListItem\",\"position\":1,\"name\":\"Home\",\"item\":\"https:\\\/\\\/www.fieldpiece.com\\\/fr\\\/\"},{\"@type\":\"ListItem\",\"position\":2,\"name\":\"Shop\",\"item\":\"https:\\\/\\\/www.fieldpiece.com\\\/shop\\\/\"},{\"@type\":\"ListItem\",\"position\":3,\"name\":\"VC1 \u2014 Outil de retrait de noyau de vanne de 1\\\/4\u00a0po\"}]},{\"@type\":\"WebSite\",\"@id\":\"https:\\\/\\\/www.fieldpiece.com\\\/fr\\\/#website\",\"url\":\"https:\\\/\\\/www.fieldpiece.com\\\/fr\\\/\",\"name\":\"Fieldpiece Instruments\",\"description\":\"\",\"publisher\":{\"@id\":\"https:\\\/\\\/www.fieldpiece.com\\\/fr\\\/#organization\"},\"potentialAction\":[{\"@type\":\"SearchAction\",\"target\":{\"@type\":\"EntryPoint\",\"urlTemplate\":\"https:\\\/\\\/www.fieldpiece.com\\\/fr\\\/?s={search_term_string}\"},\"query-input\":{\"@type\":\"PropertyValueSpecification\",\"valueRequired\":true,\"valueName\":\"search_term_string\"}}],\"inLanguage\":\"fr-FR\"},{\"@type\":\"Organization\",\"@id\":\"https:\\\/\\\/www.fieldpiece.com\\\/fr\\\/#organization\",\"name\":\"Fieldpiece Instruments\",\"url\":\"https:\\\/\\\/www.fieldpiece.com\\\/fr\\\/\",\"logo\":{\"@type\":\"ImageObject\",\"inLanguage\":\"fr-FR\",\"@id\":\"https:\\\/\\\/www.fieldpiece.com\\\/fr\\\/#\\\/schema\\\/logo\\\/image\\\/\",\"url\":\"https:\\\/\\\/resources.fieldpiece.com\\\/wp-content\\\/uploads\\\/2021\\\/02\\\/Logos-490x358-1.jpg\",\"contentUrl\":\"https:\\\/\\\/resources.fieldpiece.com\\\/wp-content\\\/uploads\\\/2021\\\/02\\\/Logos-490x358-1.jpg\",\"width\":490,\"height\":358,\"caption\":\"Fieldpiece Instruments\"},\"image\":{\"@id\":\"https:\\\/\\\/www.fieldpiece.com\\\/fr\\\/#\\\/schema\\\/logo\\\/image\\\/\"}}]}<\/script>\n<!-- \/ Yoast SEO plugin. -->","yoast_head_json":{"title":"Outil compact de retrait de noyau de vanne simple de 1\/4\u00a0po | Fieldpiece","description":"L\u2019outil de retrait de noyau de soupape Fieldpiece VC1 ultra-compact de 1\/4 po fonctionne parfaitement dans les espaces restreints et est compatible A2L. Apprenez-en plus sur Fieldpiece d\u00e8s aujourd\u2019hui!","robots":{"index":"index","follow":"follow","max-snippet":"max-snippet:-1","max-image-preview":"max-image-preview:large","max-video-preview":"max-video-preview:-1"},"canonical":"https:\/\/www.fieldpiece.com\/fr\/produit\/vc1-outil-de-retrait-de-noyau-de-vanne-de-1-4-po\/","og_locale":"fr_FR","og_type":"article","og_title":"Outil compact de retrait de noyau de vanne simple de 1\/4\u00a0po | Fieldpiece","og_description":"L\u2019outil de retrait de noyau de soupape Fieldpiece VC1 ultra-compact de 1\/4 po fonctionne parfaitement dans les espaces restreints et est compatible A2L. Apprenez-en plus sur Fieldpiece d\u00e8s aujourd\u2019hui!","og_url":"https:\/\/www.fieldpiece.com\/fr\/produit\/vc1-outil-de-retrait-de-noyau-de-vanne-de-1-4-po\/","og_site_name":"Fieldpiece Instruments","article_modified_time":"2024-06-12T09:01:28+00:00","og_image":[{"width":470,"height":470,"url":"https:\/\/resources.fieldpiece.com\/wp-content\/uploads\/2023\/12\/470x470-VC1.webp","type":"image\/webp"}],"twitter_card":"summary_large_image","twitter_misc":{"Dur\u00e9e de lecture estim\u00e9e":"1 minute"},"schema":{"@context":"https:\/\/schema.org","@graph":[{"@type":"WebPage","@id":"https:\/\/www.fieldpiece.com\/fr\/produit\/vc1-outil-de-retrait-de-noyau-de-vanne-de-1-4-po\/","url":"https:\/\/www.fieldpiece.com\/fr\/produit\/vc1-outil-de-retrait-de-noyau-de-vanne-de-1-4-po\/","name":"Outil compact de retrait de noyau de vanne simple de 1\/4\u00a0po | Fieldpiece","isPartOf":{"@id":"https:\/\/www.fieldpiece.com\/fr\/#website"},"primaryImageOfPage":{"@id":"https:\/\/www.fieldpiece.com\/fr\/produit\/vc1-outil-de-retrait-de-noyau-de-vanne-de-1-4-po\/#primaryimage"},"image":{"@id":"https:\/\/www.fieldpiece.com\/fr\/produit\/vc1-outil-de-retrait-de-noyau-de-vanne-de-1-4-po\/#primaryimage"},"thumbnailUrl":"https:\/\/resources.fieldpiece.com\/wp-content\/uploads\/2023\/12\/470x470-VC1.webp","datePublished":"2024-06-07T13:16:29+00:00","dateModified":"2024-06-12T09:01:28+00:00","description":"L\u2019outil de retrait de noyau de soupape Fieldpiece VC1 ultra-compact de 1\/4 po fonctionne parfaitement dans les espaces restreints et est compatible A2L. Apprenez-en plus sur Fieldpiece d\u00e8s aujourd\u2019hui!","breadcrumb":{"@id":"https:\/\/www.fieldpiece.com\/fr\/produit\/vc1-outil-de-retrait-de-noyau-de-vanne-de-1-4-po\/#breadcrumb"},"inLanguage":"fr-FR","potentialAction":[{"@type":"ReadAction","target":["https:\/\/www.fieldpiece.com\/fr\/produit\/vc1-outil-de-retrait-de-noyau-de-vanne-de-1-4-po\/"]}]},{"@type":"ImageObject","inLanguage":"fr-FR","@id":"https:\/\/www.fieldpiece.com\/fr\/produit\/vc1-outil-de-retrait-de-noyau-de-vanne-de-1-4-po\/#primaryimage","url":"https:\/\/resources.fieldpiece.com\/wp-content\/uploads\/2023\/12\/470x470-VC1.webp","contentUrl":"https:\/\/resources.fieldpiece.com\/wp-content\/uploads\/2023\/12\/470x470-VC1.webp","width":470,"height":470},{"@type":"BreadcrumbList","@id":"https:\/\/www.fieldpiece.com\/fr\/produit\/vc1-outil-de-retrait-de-noyau-de-vanne-de-1-4-po\/#breadcrumb","itemListElement":[{"@type":"ListItem","position":1,"name":"Home","item":"https:\/\/www.fieldpiece.com\/fr\/"},{"@type":"ListItem","position":2,"name":"Shop","item":"https:\/\/www.fieldpiece.com\/shop\/"},{"@type":"ListItem","position":3,"name":"VC1 \u2014 Outil de retrait de noyau de vanne de 1\/4\u00a0po"}]},{"@type":"WebSite","@id":"https:\/\/www.fieldpiece.com\/fr\/#website","url":"https:\/\/www.fieldpiece.com\/fr\/","name":"Fieldpiece Instruments","description":"","publisher":{"@id":"https:\/\/www.fieldpiece.com\/fr\/#organization"},"potentialAction":[{"@type":"SearchAction","target":{"@type":"EntryPoint","urlTemplate":"https:\/\/www.fieldpiece.com\/fr\/?s={search_term_string}"},"query-input":{"@type":"PropertyValueSpecification","valueRequired":true,"valueName":"search_term_string"}}],"inLanguage":"fr-FR"},{"@type":"Organization","@id":"https:\/\/www.fieldpiece.com\/fr\/#organization","name":"Fieldpiece Instruments","url":"https:\/\/www.fieldpiece.com\/fr\/","logo":{"@type":"ImageObject","inLanguage":"fr-FR","@id":"https:\/\/www.fieldpiece.com\/fr\/#\/schema\/logo\/image\/","url":"https:\/\/resources.fieldpiece.com\/wp-content\/uploads\/2021\/02\/Logos-490x358-1.jpg","contentUrl":"https:\/\/resources.fieldpiece.com\/wp-content\/uploads\/2021\/02\/Logos-490x358-1.jpg","width":490,"height":358,"caption":"Fieldpiece Instruments"},"image":{"@id":"https:\/\/www.fieldpiece.com\/fr\/#\/schema\/logo\/image\/"}}]}},"_links":{"self":[{"href":"https:\/\/www.fieldpiece.com\/fr\/wp-json\/wp\/v2\/product\/119184","targetHints":{"allow":["GET"]}}],"collection":[{"href":"https:\/\/www.fieldpiece.com\/fr\/wp-json\/wp\/v2\/product"}],"about":[{"href":"https:\/\/www.fieldpiece.com\/fr\/wp-json\/wp\/v2\/types\/product"}],"replies":[{"embeddable":true,"href":"https:\/\/www.fieldpiece.com\/fr\/wp-json\/wp\/v2\/comments?post=119184"}],"wp:featuredmedia":[{"embeddable":true,"href":"https:\/\/www.fieldpiece.com\/fr\/wp-json\/wp\/v2\/media\/120961"}],"wp:attachment":[{"href":"https:\/\/www.fieldpiece.com\/fr\/wp-json\/wp\/v2\/media?parent=119184"}],"wp:term":[{"taxonomy":"product_brand","embeddable":true,"href":"https:\/\/www.fieldpiece.com\/fr\/wp-json\/wp\/v2\/product_brand?post=119184"},{"taxonomy":"product_cat","embeddable":true,"href":"https:\/\/www.fieldpiece.com\/fr\/wp-json\/wp\/v2\/product_cat?post=119184"},{"taxonomy":"product_tag","embeddable":true,"href":"https:\/\/www.fieldpiece.com\/fr\/wp-json\/wp\/v2\/product_tag?post=119184"}],"curies":[{"name":"wp","href":"https:\/\/api.w.org\/{rel}","templated":true}]}}