	{"id":119180,"date":"2024-01-17T09:45:34","date_gmt":"2024-06-07T13:16:29","guid":{"rendered":"https:\/\/www.fieldpiece.com\/product\/vc2g-valve-core-removal-tool-with-dual-ball-valves-and-sight-glass\/"},"modified":"2024-06-12T02:02:48","modified_gmt":"2024-06-12T09:02:48","slug":"vc2g-outil-de-retrait-de-noyau-de-vanne-de-1-4-po-a-double-vanne-avec-voyant","status":"publish","type":"product","link":"https:\/\/www.fieldpiece.com\/fr\/produit\/vc2g-outil-de-retrait-de-noyau-de-vanne-de-1-4-po-a-double-vanne-avec-voyant\/","title":{"rendered":"VC2G \u2014 Outil de retrait de noyau de vanne de 1\/4\u00a0po \u00e0 double vanne avec voyant"},"content":{"rendered":"<p style=\"font-weight: 400;\">Sachez que vous l\u2019avez. Le VC2G est dot\u00e9 d\u2019un voyant int\u00e9gr\u00e9 qui vous permet de v\u00e9rifier visuellement que le noyau de la vanne est engag\u00e9 avant de le retirer, et de confirmer que le fluide frigorig\u00e8ne s\u2019\u00e9coule. Un deuxi\u00e8me robinet \u00e0 tournant sph\u00e9rique sur le port lat\u00e9ral prot\u00e8ge vos vacuom\u00e8tres et vos manom\u00e8tres.<\/p>\n<ul>\n<li>Remplacez le raccord de port de service standard de 1\/4\u00a0po par un raccord de 5\/16\u00a0po en option pour les mini-fentes.<\/li>\n<li>Verrouillez le noyau de la vanne en un seul essai \u2014 un joint s\u00e9curise la goupille du noyau de la vanne.<\/li>\n<li>Retrait et insertion plus faciles contre la pression gr\u00e2ce \u00e0 un dispositif de rotation confortable \u2014 un capuchon magn\u00e9tique caoutchout\u00e9 \u00e0 rotation libre<\/li >\n<li>Robinets \u00e0 tournant sph\u00e9rique doubles pour prot\u00e9ger les jauges d\u2019essai et utiliser de multiples tuyaux flexibles<\/li>\n<li>R\u00e9sistant au vide jusqu\u2019\u00e0 20 microns<\/li>\n<li>Compatible A2L<\/li>\n<\/ul>\n","protected":false},"excerpt":{"rendered":"<p>Outil de retrait de noyau de vanne avec double robinets \u00e0 tournant sph\u00e9rique et voyant<\/p>\n","protected":false},"featured_media":117673,"comment_status":"open","ping_status":"closed","template":"","meta":{"_acf_changed":false},"product_brand":[],"product_cat":[775],"product_tag":[],"class_list":{"0":"post-119180","1":"product","2":"type-product","3":"status-publish","4":"has-post-thumbnail","6":"product_cat-valve-core-removal-tools-fr","8":"first","9":"instock","10":"shipping-taxable","11":"product-type-simple"},"acf":[],"yoast_head":"<!-- This site is optimized with the Yoast SEO plugin v27.2 - https:\/\/yoast.com\/product\/yoast-seo-wordpress\/ -->\n<title>Outil de retrait de noyau de vanne de 1\/4\u00a0po avec double robinet \u00e0 tournant sph\u00e9rique et voyant<\/title>\n<meta name=\"description\" content=\"L\u2019outil de retrait du noyau de vanne VC2G de 1\/4\u00a0po Fieldpiece avec double robinets \u00e0 tournant sph\u00e9rique et voyant vous permet de v\u00e9rifier visuellement que le noyau de la vanne est engag\u00e9 avant de le retirer.\" \/>\n<meta name=\"robots\" content=\"index, follow, max-snippet:-1, max-image-preview:large, max-video-preview:-1\" \/>\n<link rel=\"canonical\" href=\"https:\/\/www.fieldpiece.com\/fr\/produit\/vc2g-outil-de-retrait-de-noyau-de-vanne-de-1-4-po-a-double-vanne-avec-voyant\/\" \/>\n<meta property=\"og:locale\" content=\"fr_FR\" \/>\n<meta property=\"og:type\" content=\"article\" \/>\n<meta property=\"og:title\" content=\"Outil de retrait de noyau de vanne de 1\/4\u00a0po avec double robinet \u00e0 tournant sph\u00e9rique et voyant\" \/>\n<meta property=\"og:description\" content=\"L\u2019outil de retrait du noyau de vanne VC2G de 1\/4\u00a0po Fieldpiece avec double robinets \u00e0 tournant sph\u00e9rique et voyant vous permet de v\u00e9rifier visuellement que le noyau de la vanne est engag\u00e9 avant de le retirer.\" \/>\n<meta property=\"og:url\" content=\"https:\/\/www.fieldpiece.com\/fr\/produit\/vc2g-outil-de-retrait-de-noyau-de-vanne-de-1-4-po-a-double-vanne-avec-voyant\/\" \/>\n<meta property=\"og:site_name\" content=\"Fieldpiece Instruments\" \/>\n<meta property=\"article:modified_time\" content=\"2024-06-12T09:02:48+00:00\" \/>\n<meta property=\"og:image\" content=\"https:\/\/resources.fieldpiece.com\/wp-content\/uploads\/2024\/01\/VCRT-VC2G-470x470-1.png\" \/>\n\t<meta property=\"og:image:width\" content=\"470\" \/>\n\t<meta property=\"og:image:height\" content=\"470\" \/>\n\t<meta property=\"og:image:type\" content=\"image\/png\" \/>\n<meta name=\"twitter:card\" content=\"summary_large_image\" \/>\n<meta name=\"twitter:label1\" content=\"Dur\u00e9e de lecture estim\u00e9e\" \/>\n\t<meta name=\"twitter:data1\" content=\"1 minute\" \/>\n<script type=\"application\/ld+json\" class=\"yoast-schema-graph\">{\"@context\":\"https:\/\/schema.org\",\"@graph\":[{\"@type\":\"WebPage\",\"@id\":\"https:\/\/www.fieldpiece.com\/fr\/produit\/vc2g-outil-de-retrait-de-noyau-de-vanne-de-1-4-po-a-double-vanne-avec-voyant\/\",\"url\":\"https:\/\/www.fieldpiece.com\/fr\/produit\/vc2g-outil-de-retrait-de-noyau-de-vanne-de-1-4-po-a-double-vanne-avec-voyant\/\",\"name\":\"Outil de retrait de noyau de vanne de 1\/4\u00a0po avec double robinet \u00e0 tournant sph\u00e9rique et voyant\",\"isPartOf\":{\"@id\":\"https:\/\/www.fieldpiece.com\/fr\/#website\"},\"primaryImageOfPage\":{\"@id\":\"https:\/\/www.fieldpiece.com\/fr\/produit\/vc2g-outil-de-retrait-de-noyau-de-vanne-de-1-4-po-a-double-vanne-avec-voyant\/#primaryimage\"},\"image\":{\"@id\":\"https:\/\/www.fieldpiece.com\/fr\/produit\/vc2g-outil-de-retrait-de-noyau-de-vanne-de-1-4-po-a-double-vanne-avec-voyant\/#primaryimage\"},\"thumbnailUrl\":\"https:\/\/resources.fieldpiece.com\/wp-content\/uploads\/2024\/01\/VCRT-VC2G-470x470-1.png\",\"datePublished\":\"2024-06-07T13:16:29+00:00\",\"dateModified\":\"2024-06-12T09:02:48+00:00\",\"description\":\"L\u2019outil de retrait du noyau de vanne VC2G de 1\/4\u00a0po Fieldpiece avec double robinets \u00e0 tournant sph\u00e9rique et voyant vous permet de v\u00e9rifier visuellement que le noyau de la vanne est engag\u00e9 avant de le retirer.\",\"breadcrumb\":{\"@id\":\"https:\/\/www.fieldpiece.com\/fr\/produit\/vc2g-outil-de-retrait-de-noyau-de-vanne-de-1-4-po-a-double-vanne-avec-voyant\/#breadcrumb\"},\"inLanguage\":\"fr-FR\",\"potentialAction\":[{\"@type\":\"ReadAction\",\"target\":[\"https:\/\/www.fieldpiece.com\/fr\/produit\/vc2g-outil-de-retrait-de-noyau-de-vanne-de-1-4-po-a-double-vanne-avec-voyant\/\"]}]},{\"@type\":\"ImageObject\",\"inLanguage\":\"fr-FR\",\"@id\":\"https:\/\/www.fieldpiece.com\/fr\/produit\/vc2g-outil-de-retrait-de-noyau-de-vanne-de-1-4-po-a-double-vanne-avec-voyant\/#primaryimage\",\"url\":\"https:\/\/resources.fieldpiece.com\/wp-content\/uploads\/2024\/01\/VCRT-VC2G-470x470-1.png\",\"contentUrl\":\"https:\/\/resources.fieldpiece.com\/wp-content\/uploads\/2024\/01\/VCRT-VC2G-470x470-1.png\",\"width\":470,\"height\":470},{\"@type\":\"BreadcrumbList\",\"@id\":\"https:\/\/www.fieldpiece.com\/fr\/produit\/vc2g-outil-de-retrait-de-noyau-de-vanne-de-1-4-po-a-double-vanne-avec-voyant\/#breadcrumb\",\"itemListElement\":[{\"@type\":\"ListItem\",\"position\":1,\"name\":\"Home\",\"item\":\"https:\/\/www.fieldpiece.com\/fr\/\"},{\"@type\":\"ListItem\",\"position\":2,\"name\":\"Shop\",\"item\":\"https:\/\/www.fieldpiece.com\/shop\/\"},{\"@type\":\"ListItem\",\"position\":3,\"name\":\"VC2G \u2014 Outil de retrait de noyau de vanne de 1\/4\u00a0po \u00e0 double vanne avec voyant\"}]},{\"@type\":\"WebSite\",\"@id\":\"https:\/\/www.fieldpiece.com\/fr\/#website\",\"url\":\"https:\/\/www.fieldpiece.com\/fr\/\",\"name\":\"Fieldpiece Instruments\",\"description\":\"\",\"publisher\":{\"@id\":\"https:\/\/www.fieldpiece.com\/fr\/#organization\"},\"potentialAction\":[{\"@type\":\"SearchAction\",\"target\":{\"@type\":\"EntryPoint\",\"urlTemplate\":\"https:\/\/www.fieldpiece.com\/fr\/?s={search_term_string}\"},\"query-input\":{\"@type\":\"PropertyValueSpecification\",\"valueRequired\":true,\"valueName\":\"search_term_string\"}}],\"inLanguage\":\"fr-FR\"},{\"@type\":\"Organization\",\"@id\":\"https:\/\/www.fieldpiece.com\/fr\/#organization\",\"name\":\"Fieldpiece Instruments\",\"url\":\"https:\/\/www.fieldpiece.com\/fr\/\",\"logo\":{\"@type\":\"ImageObject\",\"inLanguage\":\"fr-FR\",\"@id\":\"https:\/\/www.fieldpiece.com\/fr\/#\/schema\/logo\/image\/\",\"url\":\"https:\/\/resources.fieldpiece.com\/wp-content\/uploads\/2021\/02\/Logos-490x358-1.jpg\",\"contentUrl\":\"https:\/\/resources.fieldpiece.com\/wp-content\/uploads\/2021\/02\/Logos-490x358-1.jpg\",\"width\":490,\"height\":358,\"caption\":\"Fieldpiece Instruments\"},\"image\":{\"@id\":\"https:\/\/www.fieldpiece.com\/fr\/#\/schema\/logo\/image\/\"}}]}<\/script>\n<!-- \/ Yoast SEO plugin. -->","yoast_head_json":{"title":"Outil de retrait de noyau de vanne de 1\/4\u00a0po avec double robinet \u00e0 tournant sph\u00e9rique et voyant","description":"L\u2019outil de retrait du noyau de vanne VC2G de 1\/4\u00a0po Fieldpiece avec double robinets \u00e0 tournant sph\u00e9rique et voyant vous permet de v\u00e9rifier visuellement que le noyau de la vanne est engag\u00e9 avant de le retirer.","robots":{"index":"index","follow":"follow","max-snippet":"max-snippet:-1","max-image-preview":"max-image-preview:large","max-video-preview":"max-video-preview:-1"},"canonical":"https:\/\/www.fieldpiece.com\/fr\/produit\/vc2g-outil-de-retrait-de-noyau-de-vanne-de-1-4-po-a-double-vanne-avec-voyant\/","og_locale":"fr_FR","og_type":"article","og_title":"Outil de retrait de noyau de vanne de 1\/4\u00a0po avec double robinet \u00e0 tournant sph\u00e9rique et voyant","og_description":"L\u2019outil de retrait du noyau de vanne VC2G de 1\/4\u00a0po Fieldpiece avec double robinets \u00e0 tournant sph\u00e9rique et voyant vous permet de v\u00e9rifier visuellement que le noyau de la vanne est engag\u00e9 avant de le retirer.","og_url":"https:\/\/www.fieldpiece.com\/fr\/produit\/vc2g-outil-de-retrait-de-noyau-de-vanne-de-1-4-po-a-double-vanne-avec-voyant\/","og_site_name":"Fieldpiece Instruments","article_modified_time":"2024-06-12T09:02:48+00:00","og_image":[{"width":470,"height":470,"url":"https:\/\/resources.fieldpiece.com\/wp-content\/uploads\/2024\/01\/VCRT-VC2G-470x470-1.png","type":"image\/png"}],"twitter_card":"summary_large_image","twitter_misc":{"Dur\u00e9e de lecture estim\u00e9e":"1 minute"},"schema":{"@context":"https:\/\/schema.org","@graph":[{"@type":"WebPage","@id":"https:\/\/www.fieldpiece.com\/fr\/produit\/vc2g-outil-de-retrait-de-noyau-de-vanne-de-1-4-po-a-double-vanne-avec-voyant\/","url":"https:\/\/www.fieldpiece.com\/fr\/produit\/vc2g-outil-de-retrait-de-noyau-de-vanne-de-1-4-po-a-double-vanne-avec-voyant\/","name":"Outil de retrait de noyau de vanne de 1\/4\u00a0po avec double robinet \u00e0 tournant sph\u00e9rique et voyant","isPartOf":{"@id":"https:\/\/www.fieldpiece.com\/fr\/#website"},"primaryImageOfPage":{"@id":"https:\/\/www.fieldpiece.com\/fr\/produit\/vc2g-outil-de-retrait-de-noyau-de-vanne-de-1-4-po-a-double-vanne-avec-voyant\/#primaryimage"},"image":{"@id":"https:\/\/www.fieldpiece.com\/fr\/produit\/vc2g-outil-de-retrait-de-noyau-de-vanne-de-1-4-po-a-double-vanne-avec-voyant\/#primaryimage"},"thumbnailUrl":"https:\/\/resources.fieldpiece.com\/wp-content\/uploads\/2024\/01\/VCRT-VC2G-470x470-1.png","datePublished":"2024-06-07T13:16:29+00:00","dateModified":"2024-06-12T09:02:48+00:00","description":"L\u2019outil de retrait du noyau de vanne VC2G de 1\/4\u00a0po Fieldpiece avec double robinets \u00e0 tournant sph\u00e9rique et voyant vous permet de v\u00e9rifier visuellement que le noyau de la vanne est engag\u00e9 avant de le retirer.","breadcrumb":{"@id":"https:\/\/www.fieldpiece.com\/fr\/produit\/vc2g-outil-de-retrait-de-noyau-de-vanne-de-1-4-po-a-double-vanne-avec-voyant\/#breadcrumb"},"inLanguage":"fr-FR","potentialAction":[{"@type":"ReadAction","target":["https:\/\/www.fieldpiece.com\/fr\/produit\/vc2g-outil-de-retrait-de-noyau-de-vanne-de-1-4-po-a-double-vanne-avec-voyant\/"]}]},{"@type":"ImageObject","inLanguage":"fr-FR","@id":"https:\/\/www.fieldpiece.com\/fr\/produit\/vc2g-outil-de-retrait-de-noyau-de-vanne-de-1-4-po-a-double-vanne-avec-voyant\/#primaryimage","url":"https:\/\/resources.fieldpiece.com\/wp-content\/uploads\/2024\/01\/VCRT-VC2G-470x470-1.png","contentUrl":"https:\/\/resources.fieldpiece.com\/wp-content\/uploads\/2024\/01\/VCRT-VC2G-470x470-1.png","width":470,"height":470},{"@type":"BreadcrumbList","@id":"https:\/\/www.fieldpiece.com\/fr\/produit\/vc2g-outil-de-retrait-de-noyau-de-vanne-de-1-4-po-a-double-vanne-avec-voyant\/#breadcrumb","itemListElement":[{"@type":"ListItem","position":1,"name":"Home","item":"https:\/\/www.fieldpiece.com\/fr\/"},{"@type":"ListItem","position":2,"name":"Shop","item":"https:\/\/www.fieldpiece.com\/shop\/"},{"@type":"ListItem","position":3,"name":"VC2G \u2014 Outil de retrait de noyau de vanne de 1\/4\u00a0po \u00e0 double vanne avec voyant"}]},{"@type":"WebSite","@id":"https:\/\/www.fieldpiece.com\/fr\/#website","url":"https:\/\/www.fieldpiece.com\/fr\/","name":"Fieldpiece Instruments","description":"","publisher":{"@id":"https:\/\/www.fieldpiece.com\/fr\/#organization"},"potentialAction":[{"@type":"SearchAction","target":{"@type":"EntryPoint","urlTemplate":"https:\/\/www.fieldpiece.com\/fr\/?s={search_term_string}"},"query-input":{"@type":"PropertyValueSpecification","valueRequired":true,"valueName":"search_term_string"}}],"inLanguage":"fr-FR"},{"@type":"Organization","@id":"https:\/\/www.fieldpiece.com\/fr\/#organization","name":"Fieldpiece Instruments","url":"https:\/\/www.fieldpiece.com\/fr\/","logo":{"@type":"ImageObject","inLanguage":"fr-FR","@id":"https:\/\/www.fieldpiece.com\/fr\/#\/schema\/logo\/image\/","url":"https:\/\/resources.fieldpiece.com\/wp-content\/uploads\/2021\/02\/Logos-490x358-1.jpg","contentUrl":"https:\/\/resources.fieldpiece.com\/wp-content\/uploads\/2021\/02\/Logos-490x358-1.jpg","width":490,"height":358,"caption":"Fieldpiece Instruments"},"image":{"@id":"https:\/\/www.fieldpiece.com\/fr\/#\/schema\/logo\/image\/"}}]}},"_links":{"self":[{"href":"https:\/\/www.fieldpiece.com\/fr\/wp-json\/wp\/v2\/product\/119180","targetHints":{"allow":["GET"]}}],"collection":[{"href":"https:\/\/www.fieldpiece.com\/fr\/wp-json\/wp\/v2\/product"}],"about":[{"href":"https:\/\/www.fieldpiece.com\/fr\/wp-json\/wp\/v2\/types\/product"}],"replies":[{"embeddable":true,"href":"https:\/\/www.fieldpiece.com\/fr\/wp-json\/wp\/v2\/comments?post=119180"}],"wp:featuredmedia":[{"embeddable":true,"href":"https:\/\/www.fieldpiece.com\/fr\/wp-json\/wp\/v2\/media\/117673"}],"wp:attachment":[{"href":"https:\/\/www.fieldpiece.com\/fr\/wp-json\/wp\/v2\/media?parent=119180"}],"wp:term":[{"taxonomy":"product_brand","embeddable":true,"href":"https:\/\/www.fieldpiece.com\/fr\/wp-json\/wp\/v2\/product_brand?post=119180"},{"taxonomy":"product_cat","embeddable":true,"href":"https:\/\/www.fieldpiece.com\/fr\/wp-json\/wp\/v2\/product_cat?post=119180"},{"taxonomy":"product_tag","embeddable":true,"href":"https:\/\/www.fieldpiece.com\/fr\/wp-json\/wp\/v2\/product_tag?post=119180"}],"curies":[{"name":"wp","href":"https:\/\/api.w.org\/{rel}","templated":true}]}}