	{"id":119148,"date":"2023-05-12T11:16:25","date_gmt":"2023-05-12T18:16:25","guid":{"rendered":"https:\/\/www.fieldpiece.com\/product\/hrc3m\/"},"modified":"2024-06-12T04:17:11","modified_gmt":"2024-06-12T11:17:11","slug":"hr3cm-vanne-a-faible-perte-de-5-16-po-ensemble-de-tuyaux-pour-robinet-a-tournant-spherique-de-1-4-po-paquet-de-3","status":"publish","type":"product","link":"https:\/\/www.fieldpiece.com\/fr\/produit\/hr3cm-vanne-a-faible-perte-de-5-16-po-ensemble-de-tuyaux-pour-robinet-a-tournant-spherique-de-1-4-po-paquet-de-3\/","title":{"rendered":"HR3CM &#8211; Vanne \u00e0 faible perte de 5\/16\u00a0po &#8211; Ensemble de tuyaux pour robinet \u00e0 tournant sph\u00e9rique de 1\/4\u00a0po &#8211; Paquet de 3"},"content":{"rendered":"<ul>\n<li>Compatible A2L<\/li>\n<li style=\"font-weight: 400;\">Triple sertissage robuste \u00e0 anneau complet<\/li>\n<li style=\"font-weight: 400;\">Pression de service 800 (Psi)<\/li>\n<li style=\"font-weight: 400;\">Pression d\u2019\u00e9clatement 4000 (Psi)<\/li>\n<li style=\"font-weight: 400;\">\u00c9tiquettes de couleur de tuyau personnalisables incluses<\/li>\n<li style=\"font-weight: 400;\">Barri\u00e8re de perm\u00e9ation (conforme \u00e0 la norme SAE J2196)<\/li>\n<li>Pour le chargement, la r\u00e9cup\u00e9ration et l\u2019\u00e9vacuation<\/li>\n<li>(2) 5\/16\u201d Femelle \u2013 Coud\u00e9 \u00e0 faible perte x 1\/4\u201d Femelle \u2013 Droit<br \/>\n(1) 1\/4\u201d Femelle \u2013 Coud\u00e9 avec robinet \u00e0 tournant sph\u00e9rique x 1\/4\u201d Femelle &#8211; Droit<\/li>\n<li>Longueur du tuyau\u00a0: 1,5 m (5 pi)<\/li>\n<li><a href=\"https:\/\/resources.fieldpiece.com\/wp-content\/uploads\/2024\/03\/Hoses-ProductFlyer-v03.pdf\" target=\"_blank\" rel=\"noopener\">D\u00e9pliant sur les produits pour tuyaux et raccords<\/a> (pdf | v3)<\/li>\n<\/ul>\n","protected":false},"excerpt":{"rendered":"<p>Compatible A2L Triple sertissage robuste \u00e0 anneau complet Pression de service 800 (Psi) Pression d\u2019\u00e9clatement 4000 (Psi) \u00c9tiquettes de couleur &#8230;<\/p>\n","protected":false},"featured_media":109393,"comment_status":"open","ping_status":"closed","template":"","meta":{"_acf_changed":false},"product_brand":[],"product_cat":[778,776],"product_tag":[700],"class_list":{"0":"post-119148","1":"product","2":"type-product","3":"status-publish","4":"has-post-thumbnail","6":"product_cat-low-loss-hoses-fr","7":"product_cat-hoses-and-fittings-fr","8":"product_tag-hoses-fr","10":"first","11":"instock","12":"shipping-taxable","13":"product-type-simple"},"acf":[],"yoast_head":"<!-- This site is optimized with the Yoast SEO plugin v27.2 - https:\/\/yoast.com\/product\/yoast-seo-wordpress\/ -->\n<title>HR3CM - Vanne \u00e0 faible perte de 5\/16\u00a0po et robinet \u00e0 tournant sph\u00e9rique de 1\/4\u00a0 - Paquet de 3<\/title>\n<meta name=\"description\" content=\"D\u00e9couvrez l\u2019ensemble de tuyaux pour vannes \u00e0 faible perte de 5\/16\u00a0po et robinets \u00e0 tournant sph\u00e9rique de 1\/4\u00a0po pour le chargement, la r\u00e9cup\u00e9ration et l\u2019\u00e9vacuation du syst\u00e8me CVCR de Fieldpiece. Voir notre gamme compl\u00e8te de tuyau pour syst\u00e8me CVC.\" \/>\n<meta name=\"robots\" content=\"index, follow, max-snippet:-1, max-image-preview:large, max-video-preview:-1\" \/>\n<link rel=\"canonical\" href=\"https:\/\/www.fieldpiece.com\/fr\/produit\/hr3cm-vanne-a-faible-perte-de-5-16-po-ensemble-de-tuyaux-pour-robinet-a-tournant-spherique-de-1-4-po-paquet-de-3\/\" \/>\n<meta property=\"og:locale\" content=\"fr_FR\" \/>\n<meta property=\"og:type\" content=\"article\" \/>\n<meta property=\"og:title\" content=\"HR3CM - Vanne \u00e0 faible perte de 5\/16\u00a0po et robinet \u00e0 tournant sph\u00e9rique de 1\/4\u00a0 - Paquet de 3\" \/>\n<meta property=\"og:description\" content=\"D\u00e9couvrez l\u2019ensemble de tuyaux pour vannes \u00e0 faible perte de 5\/16\u00a0po et robinets \u00e0 tournant sph\u00e9rique de 1\/4\u00a0po pour le chargement, la r\u00e9cup\u00e9ration et l\u2019\u00e9vacuation du syst\u00e8me CVCR de Fieldpiece. Voir notre gamme compl\u00e8te de tuyau pour syst\u00e8me CVC.\" \/>\n<meta property=\"og:url\" content=\"https:\/\/www.fieldpiece.com\/fr\/produit\/hr3cm-vanne-a-faible-perte-de-5-16-po-ensemble-de-tuyaux-pour-robinet-a-tournant-spherique-de-1-4-po-paquet-de-3\/\" \/>\n<meta property=\"og:site_name\" content=\"Fieldpiece Instruments\" \/>\n<meta property=\"article:modified_time\" content=\"2024-06-12T11:17:11+00:00\" \/>\n<meta property=\"og:image\" content=\"https:\/\/resources.fieldpiece.com\/wp-content\/uploads\/2023\/05\/470x470-HRC3.png\" \/>\n\t<meta property=\"og:image:width\" content=\"470\" \/>\n\t<meta property=\"og:image:height\" content=\"470\" \/>\n\t<meta property=\"og:image:type\" content=\"image\/png\" \/>\n<meta name=\"twitter:card\" content=\"summary_large_image\" \/>\n<meta name=\"twitter:label1\" content=\"Dur\u00e9e de lecture estim\u00e9e\" \/>\n\t<meta name=\"twitter:data1\" content=\"1 minute\" \/>\n<script type=\"application\/ld+json\" class=\"yoast-schema-graph\">{\"@context\":\"https:\/\/schema.org\",\"@graph\":[{\"@type\":\"WebPage\",\"@id\":\"https:\/\/www.fieldpiece.com\/fr\/produit\/hr3cm-vanne-a-faible-perte-de-5-16-po-ensemble-de-tuyaux-pour-robinet-a-tournant-spherique-de-1-4-po-paquet-de-3\/\",\"url\":\"https:\/\/www.fieldpiece.com\/fr\/produit\/hr3cm-vanne-a-faible-perte-de-5-16-po-ensemble-de-tuyaux-pour-robinet-a-tournant-spherique-de-1-4-po-paquet-de-3\/\",\"name\":\"HR3CM - Vanne \u00e0 faible perte de 5\/16\u00a0po et robinet \u00e0 tournant sph\u00e9rique de 1\/4\u00a0 - Paquet de 3\",\"isPartOf\":{\"@id\":\"https:\/\/www.fieldpiece.com\/fr\/#website\"},\"primaryImageOfPage\":{\"@id\":\"https:\/\/www.fieldpiece.com\/fr\/produit\/hr3cm-vanne-a-faible-perte-de-5-16-po-ensemble-de-tuyaux-pour-robinet-a-tournant-spherique-de-1-4-po-paquet-de-3\/#primaryimage\"},\"image\":{\"@id\":\"https:\/\/www.fieldpiece.com\/fr\/produit\/hr3cm-vanne-a-faible-perte-de-5-16-po-ensemble-de-tuyaux-pour-robinet-a-tournant-spherique-de-1-4-po-paquet-de-3\/#primaryimage\"},\"thumbnailUrl\":\"https:\/\/resources.fieldpiece.com\/wp-content\/uploads\/2023\/05\/470x470-HRC3.png\",\"datePublished\":\"2023-05-12T18:16:25+00:00\",\"dateModified\":\"2024-06-12T11:17:11+00:00\",\"description\":\"D\u00e9couvrez l\u2019ensemble de tuyaux pour vannes \u00e0 faible perte de 5\/16\u00a0po et robinets \u00e0 tournant sph\u00e9rique de 1\/4\u00a0po pour le chargement, la r\u00e9cup\u00e9ration et l\u2019\u00e9vacuation du syst\u00e8me CVCR de Fieldpiece. Voir notre gamme compl\u00e8te de tuyau pour syst\u00e8me CVC.\",\"breadcrumb\":{\"@id\":\"https:\/\/www.fieldpiece.com\/fr\/produit\/hr3cm-vanne-a-faible-perte-de-5-16-po-ensemble-de-tuyaux-pour-robinet-a-tournant-spherique-de-1-4-po-paquet-de-3\/#breadcrumb\"},\"inLanguage\":\"fr-FR\",\"potentialAction\":[{\"@type\":\"ReadAction\",\"target\":[\"https:\/\/www.fieldpiece.com\/fr\/produit\/hr3cm-vanne-a-faible-perte-de-5-16-po-ensemble-de-tuyaux-pour-robinet-a-tournant-spherique-de-1-4-po-paquet-de-3\/\"]}]},{\"@type\":\"ImageObject\",\"inLanguage\":\"fr-FR\",\"@id\":\"https:\/\/www.fieldpiece.com\/fr\/produit\/hr3cm-vanne-a-faible-perte-de-5-16-po-ensemble-de-tuyaux-pour-robinet-a-tournant-spherique-de-1-4-po-paquet-de-3\/#primaryimage\",\"url\":\"https:\/\/resources.fieldpiece.com\/wp-content\/uploads\/2023\/05\/470x470-HRC3.png\",\"contentUrl\":\"https:\/\/resources.fieldpiece.com\/wp-content\/uploads\/2023\/05\/470x470-HRC3.png\",\"width\":470,\"height\":470},{\"@type\":\"BreadcrumbList\",\"@id\":\"https:\/\/www.fieldpiece.com\/fr\/produit\/hr3cm-vanne-a-faible-perte-de-5-16-po-ensemble-de-tuyaux-pour-robinet-a-tournant-spherique-de-1-4-po-paquet-de-3\/#breadcrumb\",\"itemListElement\":[{\"@type\":\"ListItem\",\"position\":1,\"name\":\"Home\",\"item\":\"https:\/\/www.fieldpiece.com\/fr\/\"},{\"@type\":\"ListItem\",\"position\":2,\"name\":\"Shop\",\"item\":\"https:\/\/www.fieldpiece.com\/shop\/\"},{\"@type\":\"ListItem\",\"position\":3,\"name\":\"HR3CM &#8211; Vanne \u00e0 faible perte de 5\/16\u00a0po &#8211; Ensemble de tuyaux pour robinet \u00e0 tournant sph\u00e9rique de 1\/4\u00a0po &#8211; Paquet de 3\"}]},{\"@type\":\"WebSite\",\"@id\":\"https:\/\/www.fieldpiece.com\/fr\/#website\",\"url\":\"https:\/\/www.fieldpiece.com\/fr\/\",\"name\":\"Fieldpiece Instruments\",\"description\":\"\",\"publisher\":{\"@id\":\"https:\/\/www.fieldpiece.com\/fr\/#organization\"},\"potentialAction\":[{\"@type\":\"SearchAction\",\"target\":{\"@type\":\"EntryPoint\",\"urlTemplate\":\"https:\/\/www.fieldpiece.com\/fr\/?s={search_term_string}\"},\"query-input\":{\"@type\":\"PropertyValueSpecification\",\"valueRequired\":true,\"valueName\":\"search_term_string\"}}],\"inLanguage\":\"fr-FR\"},{\"@type\":\"Organization\",\"@id\":\"https:\/\/www.fieldpiece.com\/fr\/#organization\",\"name\":\"Fieldpiece Instruments\",\"url\":\"https:\/\/www.fieldpiece.com\/fr\/\",\"logo\":{\"@type\":\"ImageObject\",\"inLanguage\":\"fr-FR\",\"@id\":\"https:\/\/www.fieldpiece.com\/fr\/#\/schema\/logo\/image\/\",\"url\":\"https:\/\/resources.fieldpiece.com\/wp-content\/uploads\/2021\/02\/Logos-490x358-1.jpg\",\"contentUrl\":\"https:\/\/resources.fieldpiece.com\/wp-content\/uploads\/2021\/02\/Logos-490x358-1.jpg\",\"width\":490,\"height\":358,\"caption\":\"Fieldpiece Instruments\"},\"image\":{\"@id\":\"https:\/\/www.fieldpiece.com\/fr\/#\/schema\/logo\/image\/\"}}]}<\/script>\n<!-- \/ Yoast SEO plugin. -->","yoast_head_json":{"title":"HR3CM - Vanne \u00e0 faible perte de 5\/16\u00a0po et robinet \u00e0 tournant sph\u00e9rique de 1\/4\u00a0 - Paquet de 3","description":"D\u00e9couvrez l\u2019ensemble de tuyaux pour vannes \u00e0 faible perte de 5\/16\u00a0po et robinets \u00e0 tournant sph\u00e9rique de 1\/4\u00a0po pour le chargement, la r\u00e9cup\u00e9ration et l\u2019\u00e9vacuation du syst\u00e8me CVCR de Fieldpiece. Voir notre gamme compl\u00e8te de tuyau pour syst\u00e8me CVC.","robots":{"index":"index","follow":"follow","max-snippet":"max-snippet:-1","max-image-preview":"max-image-preview:large","max-video-preview":"max-video-preview:-1"},"canonical":"https:\/\/www.fieldpiece.com\/fr\/produit\/hr3cm-vanne-a-faible-perte-de-5-16-po-ensemble-de-tuyaux-pour-robinet-a-tournant-spherique-de-1-4-po-paquet-de-3\/","og_locale":"fr_FR","og_type":"article","og_title":"HR3CM - Vanne \u00e0 faible perte de 5\/16\u00a0po et robinet \u00e0 tournant sph\u00e9rique de 1\/4\u00a0 - Paquet de 3","og_description":"D\u00e9couvrez l\u2019ensemble de tuyaux pour vannes \u00e0 faible perte de 5\/16\u00a0po et robinets \u00e0 tournant sph\u00e9rique de 1\/4\u00a0po pour le chargement, la r\u00e9cup\u00e9ration et l\u2019\u00e9vacuation du syst\u00e8me CVCR de Fieldpiece. Voir notre gamme compl\u00e8te de tuyau pour syst\u00e8me CVC.","og_url":"https:\/\/www.fieldpiece.com\/fr\/produit\/hr3cm-vanne-a-faible-perte-de-5-16-po-ensemble-de-tuyaux-pour-robinet-a-tournant-spherique-de-1-4-po-paquet-de-3\/","og_site_name":"Fieldpiece Instruments","article_modified_time":"2024-06-12T11:17:11+00:00","og_image":[{"width":470,"height":470,"url":"https:\/\/resources.fieldpiece.com\/wp-content\/uploads\/2023\/05\/470x470-HRC3.png","type":"image\/png"}],"twitter_card":"summary_large_image","twitter_misc":{"Dur\u00e9e de lecture estim\u00e9e":"1 minute"},"schema":{"@context":"https:\/\/schema.org","@graph":[{"@type":"WebPage","@id":"https:\/\/www.fieldpiece.com\/fr\/produit\/hr3cm-vanne-a-faible-perte-de-5-16-po-ensemble-de-tuyaux-pour-robinet-a-tournant-spherique-de-1-4-po-paquet-de-3\/","url":"https:\/\/www.fieldpiece.com\/fr\/produit\/hr3cm-vanne-a-faible-perte-de-5-16-po-ensemble-de-tuyaux-pour-robinet-a-tournant-spherique-de-1-4-po-paquet-de-3\/","name":"HR3CM - Vanne \u00e0 faible perte de 5\/16\u00a0po et robinet \u00e0 tournant sph\u00e9rique de 1\/4\u00a0 - Paquet de 3","isPartOf":{"@id":"https:\/\/www.fieldpiece.com\/fr\/#website"},"primaryImageOfPage":{"@id":"https:\/\/www.fieldpiece.com\/fr\/produit\/hr3cm-vanne-a-faible-perte-de-5-16-po-ensemble-de-tuyaux-pour-robinet-a-tournant-spherique-de-1-4-po-paquet-de-3\/#primaryimage"},"image":{"@id":"https:\/\/www.fieldpiece.com\/fr\/produit\/hr3cm-vanne-a-faible-perte-de-5-16-po-ensemble-de-tuyaux-pour-robinet-a-tournant-spherique-de-1-4-po-paquet-de-3\/#primaryimage"},"thumbnailUrl":"https:\/\/resources.fieldpiece.com\/wp-content\/uploads\/2023\/05\/470x470-HRC3.png","datePublished":"2023-05-12T18:16:25+00:00","dateModified":"2024-06-12T11:17:11+00:00","description":"D\u00e9couvrez l\u2019ensemble de tuyaux pour vannes \u00e0 faible perte de 5\/16\u00a0po et robinets \u00e0 tournant sph\u00e9rique de 1\/4\u00a0po pour le chargement, la r\u00e9cup\u00e9ration et l\u2019\u00e9vacuation du syst\u00e8me CVCR de Fieldpiece. Voir notre gamme compl\u00e8te de tuyau pour syst\u00e8me CVC.","breadcrumb":{"@id":"https:\/\/www.fieldpiece.com\/fr\/produit\/hr3cm-vanne-a-faible-perte-de-5-16-po-ensemble-de-tuyaux-pour-robinet-a-tournant-spherique-de-1-4-po-paquet-de-3\/#breadcrumb"},"inLanguage":"fr-FR","potentialAction":[{"@type":"ReadAction","target":["https:\/\/www.fieldpiece.com\/fr\/produit\/hr3cm-vanne-a-faible-perte-de-5-16-po-ensemble-de-tuyaux-pour-robinet-a-tournant-spherique-de-1-4-po-paquet-de-3\/"]}]},{"@type":"ImageObject","inLanguage":"fr-FR","@id":"https:\/\/www.fieldpiece.com\/fr\/produit\/hr3cm-vanne-a-faible-perte-de-5-16-po-ensemble-de-tuyaux-pour-robinet-a-tournant-spherique-de-1-4-po-paquet-de-3\/#primaryimage","url":"https:\/\/resources.fieldpiece.com\/wp-content\/uploads\/2023\/05\/470x470-HRC3.png","contentUrl":"https:\/\/resources.fieldpiece.com\/wp-content\/uploads\/2023\/05\/470x470-HRC3.png","width":470,"height":470},{"@type":"BreadcrumbList","@id":"https:\/\/www.fieldpiece.com\/fr\/produit\/hr3cm-vanne-a-faible-perte-de-5-16-po-ensemble-de-tuyaux-pour-robinet-a-tournant-spherique-de-1-4-po-paquet-de-3\/#breadcrumb","itemListElement":[{"@type":"ListItem","position":1,"name":"Home","item":"https:\/\/www.fieldpiece.com\/fr\/"},{"@type":"ListItem","position":2,"name":"Shop","item":"https:\/\/www.fieldpiece.com\/shop\/"},{"@type":"ListItem","position":3,"name":"HR3CM &#8211; Vanne \u00e0 faible perte de 5\/16\u00a0po &#8211; Ensemble de tuyaux pour robinet \u00e0 tournant sph\u00e9rique de 1\/4\u00a0po &#8211; Paquet de 3"}]},{"@type":"WebSite","@id":"https:\/\/www.fieldpiece.com\/fr\/#website","url":"https:\/\/www.fieldpiece.com\/fr\/","name":"Fieldpiece Instruments","description":"","publisher":{"@id":"https:\/\/www.fieldpiece.com\/fr\/#organization"},"potentialAction":[{"@type":"SearchAction","target":{"@type":"EntryPoint","urlTemplate":"https:\/\/www.fieldpiece.com\/fr\/?s={search_term_string}"},"query-input":{"@type":"PropertyValueSpecification","valueRequired":true,"valueName":"search_term_string"}}],"inLanguage":"fr-FR"},{"@type":"Organization","@id":"https:\/\/www.fieldpiece.com\/fr\/#organization","name":"Fieldpiece Instruments","url":"https:\/\/www.fieldpiece.com\/fr\/","logo":{"@type":"ImageObject","inLanguage":"fr-FR","@id":"https:\/\/www.fieldpiece.com\/fr\/#\/schema\/logo\/image\/","url":"https:\/\/resources.fieldpiece.com\/wp-content\/uploads\/2021\/02\/Logos-490x358-1.jpg","contentUrl":"https:\/\/resources.fieldpiece.com\/wp-content\/uploads\/2021\/02\/Logos-490x358-1.jpg","width":490,"height":358,"caption":"Fieldpiece Instruments"},"image":{"@id":"https:\/\/www.fieldpiece.com\/fr\/#\/schema\/logo\/image\/"}}]}},"_links":{"self":[{"href":"https:\/\/www.fieldpiece.com\/fr\/wp-json\/wp\/v2\/product\/119148","targetHints":{"allow":["GET"]}}],"collection":[{"href":"https:\/\/www.fieldpiece.com\/fr\/wp-json\/wp\/v2\/product"}],"about":[{"href":"https:\/\/www.fieldpiece.com\/fr\/wp-json\/wp\/v2\/types\/product"}],"replies":[{"embeddable":true,"href":"https:\/\/www.fieldpiece.com\/fr\/wp-json\/wp\/v2\/comments?post=119148"}],"wp:featuredmedia":[{"embeddable":true,"href":"https:\/\/www.fieldpiece.com\/fr\/wp-json\/wp\/v2\/media\/109393"}],"wp:attachment":[{"href":"https:\/\/www.fieldpiece.com\/fr\/wp-json\/wp\/v2\/media?parent=119148"}],"wp:term":[{"taxonomy":"product_brand","embeddable":true,"href":"https:\/\/www.fieldpiece.com\/fr\/wp-json\/wp\/v2\/product_brand?post=119148"},{"taxonomy":"product_cat","embeddable":true,"href":"https:\/\/www.fieldpiece.com\/fr\/wp-json\/wp\/v2\/product_cat?post=119148"},{"taxonomy":"product_tag","embeddable":true,"href":"https:\/\/www.fieldpiece.com\/fr\/wp-json\/wp\/v2\/product_tag?post=119148"}],"curies":[{"name":"wp","href":"https:\/\/api.w.org\/{rel}","templated":true}]}}