	{"id":119147,"date":"2023-05-12T11:27:51","date_gmt":"2023-05-12T18:27:51","guid":{"rendered":"https:\/\/www.fieldpiece.com\/product\/hv1\/"},"modified":"2024-06-12T04:18:08","modified_gmt":"2024-06-12T11:18:08","slug":"hv1-tuyau-daspiration-de-3-8-po","status":"publish","type":"product","link":"https:\/\/www.fieldpiece.com\/fr\/produit\/hv1-tuyau-daspiration-de-3-8-po\/","title":{"rendered":"HV1 &#8211; Tuyau d\u2019aspiration de 3\/8\u00a0po"},"content":{"rendered":"<ul>\n<li>Compatible A2L<\/li>\n<li style=\"font-weight: 400;\">Triple sertissage robuste \u00e0 anneau complet<\/li>\n<li style=\"font-weight: 400;\">Pression de service 800 (Psi)<\/li>\n<li style=\"font-weight: 400;\">Pression d\u2019\u00e9clatement 4000 (Psi)<\/li>\n<li style=\"font-weight: 400;\">Barri\u00e8re de perm\u00e9ation (conforme \u00e0 la norme SAE J2196)<\/li>\n<li>Pour l\u2019\u00e9vacuation<\/li>\n<li>Raccords\u00a0: 3\/8\u00a0po x 3\/8\u00a0po<\/li>\n<li>Longueur du tuyau\u00a0: 1,5 m (5 pi)<\/li>\n<li><a href=\"https:\/\/resources.fieldpiece.com\/wp-content\/uploads\/2024\/03\/Hoses-ProductFlyer-v03.pdf\" target=\"_blank\" rel=\"noopener\">D\u00e9pliant sur les produits pour tuyaux et raccords<\/a> (pdf | v3)<\/li>\n<\/ul>\n","protected":false},"excerpt":{"rendered":"<p>Compatible A2L Triple sertissage robuste \u00e0 anneau complet Pression de service 800 (Psi) Pression d\u2019\u00e9clatement 4000 (Psi) Barri\u00e8re de perm\u00e9ation &#8230;<\/p>\n","protected":false},"featured_media":109408,"comment_status":"open","ping_status":"closed","template":"","meta":{"_acf_changed":false},"product_brand":[],"product_cat":[779,776],"product_tag":[700],"class_list":{"0":"post-119147","1":"product","2":"type-product","3":"status-publish","4":"has-post-thumbnail","6":"product_cat-vacuum-hoses-fr","7":"product_cat-hoses-and-fittings-fr","8":"product_tag-hoses-fr","10":"first","11":"instock","12":"shipping-taxable","13":"product-type-simple"},"acf":[],"yoast_head":"<!-- This site is optimized with the Yoast SEO plugin v27.3 - https:\/\/yoast.com\/product\/yoast-seo-wordpress\/ -->\n<title>HVI - Tuyau d\u2019aspiration de 3\/8\u00a0po | Fieldpiece Instruments<\/title>\n<meta name=\"description\" content=\"D\u00e9couvrez le tuyau d\u2019aspiration HV1 de 3\/8\u00a0po pour le chargement, la r\u00e9cup\u00e9ration et l\u2019\u00e9vacuation du syst\u00e8me CVCR de Fieldpiece. Voir notre gamme compl\u00e8te de tuyaux et raccords pour syst\u00e8me CVC de Fieldpiece.\" \/>\n<meta name=\"robots\" content=\"index, follow, max-snippet:-1, max-image-preview:large, max-video-preview:-1\" \/>\n<link rel=\"canonical\" href=\"https:\/\/www.fieldpiece.com\/fr\/produit\/hv1-tuyau-daspiration-de-3-8-po\/\" \/>\n<meta property=\"og:locale\" content=\"fr_FR\" \/>\n<meta property=\"og:type\" content=\"article\" \/>\n<meta property=\"og:title\" content=\"HVI - Tuyau d\u2019aspiration de 3\/8\u00a0po | Fieldpiece Instruments\" \/>\n<meta property=\"og:description\" content=\"D\u00e9couvrez le tuyau d\u2019aspiration HV1 de 3\/8\u00a0po pour le chargement, la r\u00e9cup\u00e9ration et l\u2019\u00e9vacuation du syst\u00e8me CVCR de Fieldpiece. Voir notre gamme compl\u00e8te de tuyaux et raccords pour syst\u00e8me CVC de Fieldpiece.\" \/>\n<meta property=\"og:url\" content=\"https:\/\/www.fieldpiece.com\/fr\/produit\/hv1-tuyau-daspiration-de-3-8-po\/\" \/>\n<meta property=\"og:site_name\" content=\"Fieldpiece Instruments\" \/>\n<meta property=\"article:modified_time\" content=\"2024-06-12T11:18:08+00:00\" \/>\n<meta property=\"og:image\" content=\"https:\/\/resources.fieldpiece.com\/wp-content\/uploads\/2023\/05\/470x470-HV1-02.png\" \/>\n\t<meta property=\"og:image:width\" content=\"470\" \/>\n\t<meta property=\"og:image:height\" content=\"470\" \/>\n\t<meta property=\"og:image:type\" content=\"image\/png\" \/>\n<meta name=\"twitter:card\" content=\"summary_large_image\" \/>\n<meta name=\"twitter:label1\" content=\"Dur\u00e9e de lecture estim\u00e9e\" \/>\n\t<meta name=\"twitter:data1\" content=\"1 minute\" \/>\n<script type=\"application\/ld+json\" class=\"yoast-schema-graph\">{\"@context\":\"https:\\\/\\\/schema.org\",\"@graph\":[{\"@type\":\"WebPage\",\"@id\":\"https:\\\/\\\/www.fieldpiece.com\\\/fr\\\/produit\\\/hv1-tuyau-daspiration-de-3-8-po\\\/\",\"url\":\"https:\\\/\\\/www.fieldpiece.com\\\/fr\\\/produit\\\/hv1-tuyau-daspiration-de-3-8-po\\\/\",\"name\":\"HVI - Tuyau d\u2019aspiration de 3\\\/8\u00a0po | Fieldpiece Instruments\",\"isPartOf\":{\"@id\":\"https:\\\/\\\/www.fieldpiece.com\\\/fr\\\/#website\"},\"primaryImageOfPage\":{\"@id\":\"https:\\\/\\\/www.fieldpiece.com\\\/fr\\\/produit\\\/hv1-tuyau-daspiration-de-3-8-po\\\/#primaryimage\"},\"image\":{\"@id\":\"https:\\\/\\\/www.fieldpiece.com\\\/fr\\\/produit\\\/hv1-tuyau-daspiration-de-3-8-po\\\/#primaryimage\"},\"thumbnailUrl\":\"https:\\\/\\\/resources.fieldpiece.com\\\/wp-content\\\/uploads\\\/2023\\\/05\\\/470x470-HV1-02.png\",\"datePublished\":\"2023-05-12T18:27:51+00:00\",\"dateModified\":\"2024-06-12T11:18:08+00:00\",\"description\":\"D\u00e9couvrez le tuyau d\u2019aspiration HV1 de 3\\\/8\u00a0po pour le chargement, la r\u00e9cup\u00e9ration et l\u2019\u00e9vacuation du syst\u00e8me CVCR de Fieldpiece. Voir notre gamme compl\u00e8te de tuyaux et raccords pour syst\u00e8me CVC de Fieldpiece.\",\"breadcrumb\":{\"@id\":\"https:\\\/\\\/www.fieldpiece.com\\\/fr\\\/produit\\\/hv1-tuyau-daspiration-de-3-8-po\\\/#breadcrumb\"},\"inLanguage\":\"fr-FR\",\"potentialAction\":[{\"@type\":\"ReadAction\",\"target\":[\"https:\\\/\\\/www.fieldpiece.com\\\/fr\\\/produit\\\/hv1-tuyau-daspiration-de-3-8-po\\\/\"]}]},{\"@type\":\"ImageObject\",\"inLanguage\":\"fr-FR\",\"@id\":\"https:\\\/\\\/www.fieldpiece.com\\\/fr\\\/produit\\\/hv1-tuyau-daspiration-de-3-8-po\\\/#primaryimage\",\"url\":\"https:\\\/\\\/resources.fieldpiece.com\\\/wp-content\\\/uploads\\\/2023\\\/05\\\/470x470-HV1-02.png\",\"contentUrl\":\"https:\\\/\\\/resources.fieldpiece.com\\\/wp-content\\\/uploads\\\/2023\\\/05\\\/470x470-HV1-02.png\",\"width\":470,\"height\":470},{\"@type\":\"BreadcrumbList\",\"@id\":\"https:\\\/\\\/www.fieldpiece.com\\\/fr\\\/produit\\\/hv1-tuyau-daspiration-de-3-8-po\\\/#breadcrumb\",\"itemListElement\":[{\"@type\":\"ListItem\",\"position\":1,\"name\":\"Home\",\"item\":\"https:\\\/\\\/www.fieldpiece.com\\\/fr\\\/\"},{\"@type\":\"ListItem\",\"position\":2,\"name\":\"Shop\",\"item\":\"https:\\\/\\\/www.fieldpiece.com\\\/shop\\\/\"},{\"@type\":\"ListItem\",\"position\":3,\"name\":\"HV1 &#8211; Tuyau d\u2019aspiration de 3\\\/8\u00a0po\"}]},{\"@type\":\"WebSite\",\"@id\":\"https:\\\/\\\/www.fieldpiece.com\\\/fr\\\/#website\",\"url\":\"https:\\\/\\\/www.fieldpiece.com\\\/fr\\\/\",\"name\":\"Fieldpiece Instruments\",\"description\":\"\",\"publisher\":{\"@id\":\"https:\\\/\\\/www.fieldpiece.com\\\/fr\\\/#organization\"},\"potentialAction\":[{\"@type\":\"SearchAction\",\"target\":{\"@type\":\"EntryPoint\",\"urlTemplate\":\"https:\\\/\\\/www.fieldpiece.com\\\/fr\\\/?s={search_term_string}\"},\"query-input\":{\"@type\":\"PropertyValueSpecification\",\"valueRequired\":true,\"valueName\":\"search_term_string\"}}],\"inLanguage\":\"fr-FR\"},{\"@type\":\"Organization\",\"@id\":\"https:\\\/\\\/www.fieldpiece.com\\\/fr\\\/#organization\",\"name\":\"Fieldpiece Instruments\",\"url\":\"https:\\\/\\\/www.fieldpiece.com\\\/fr\\\/\",\"logo\":{\"@type\":\"ImageObject\",\"inLanguage\":\"fr-FR\",\"@id\":\"https:\\\/\\\/www.fieldpiece.com\\\/fr\\\/#\\\/schema\\\/logo\\\/image\\\/\",\"url\":\"https:\\\/\\\/resources.fieldpiece.com\\\/wp-content\\\/uploads\\\/2021\\\/02\\\/Logos-490x358-1.jpg\",\"contentUrl\":\"https:\\\/\\\/resources.fieldpiece.com\\\/wp-content\\\/uploads\\\/2021\\\/02\\\/Logos-490x358-1.jpg\",\"width\":490,\"height\":358,\"caption\":\"Fieldpiece Instruments\"},\"image\":{\"@id\":\"https:\\\/\\\/www.fieldpiece.com\\\/fr\\\/#\\\/schema\\\/logo\\\/image\\\/\"}}]}<\/script>\n<!-- \/ Yoast SEO plugin. -->","yoast_head_json":{"title":"HVI - Tuyau d\u2019aspiration de 3\/8\u00a0po | Fieldpiece Instruments","description":"D\u00e9couvrez le tuyau d\u2019aspiration HV1 de 3\/8\u00a0po pour le chargement, la r\u00e9cup\u00e9ration et l\u2019\u00e9vacuation du syst\u00e8me CVCR de Fieldpiece. Voir notre gamme compl\u00e8te de tuyaux et raccords pour syst\u00e8me CVC de Fieldpiece.","robots":{"index":"index","follow":"follow","max-snippet":"max-snippet:-1","max-image-preview":"max-image-preview:large","max-video-preview":"max-video-preview:-1"},"canonical":"https:\/\/www.fieldpiece.com\/fr\/produit\/hv1-tuyau-daspiration-de-3-8-po\/","og_locale":"fr_FR","og_type":"article","og_title":"HVI - Tuyau d\u2019aspiration de 3\/8\u00a0po | Fieldpiece Instruments","og_description":"D\u00e9couvrez le tuyau d\u2019aspiration HV1 de 3\/8\u00a0po pour le chargement, la r\u00e9cup\u00e9ration et l\u2019\u00e9vacuation du syst\u00e8me CVCR de Fieldpiece. Voir notre gamme compl\u00e8te de tuyaux et raccords pour syst\u00e8me CVC de Fieldpiece.","og_url":"https:\/\/www.fieldpiece.com\/fr\/produit\/hv1-tuyau-daspiration-de-3-8-po\/","og_site_name":"Fieldpiece Instruments","article_modified_time":"2024-06-12T11:18:08+00:00","og_image":[{"width":470,"height":470,"url":"https:\/\/resources.fieldpiece.com\/wp-content\/uploads\/2023\/05\/470x470-HV1-02.png","type":"image\/png"}],"twitter_card":"summary_large_image","twitter_misc":{"Dur\u00e9e de lecture estim\u00e9e":"1 minute"},"schema":{"@context":"https:\/\/schema.org","@graph":[{"@type":"WebPage","@id":"https:\/\/www.fieldpiece.com\/fr\/produit\/hv1-tuyau-daspiration-de-3-8-po\/","url":"https:\/\/www.fieldpiece.com\/fr\/produit\/hv1-tuyau-daspiration-de-3-8-po\/","name":"HVI - Tuyau d\u2019aspiration de 3\/8\u00a0po | Fieldpiece Instruments","isPartOf":{"@id":"https:\/\/www.fieldpiece.com\/fr\/#website"},"primaryImageOfPage":{"@id":"https:\/\/www.fieldpiece.com\/fr\/produit\/hv1-tuyau-daspiration-de-3-8-po\/#primaryimage"},"image":{"@id":"https:\/\/www.fieldpiece.com\/fr\/produit\/hv1-tuyau-daspiration-de-3-8-po\/#primaryimage"},"thumbnailUrl":"https:\/\/resources.fieldpiece.com\/wp-content\/uploads\/2023\/05\/470x470-HV1-02.png","datePublished":"2023-05-12T18:27:51+00:00","dateModified":"2024-06-12T11:18:08+00:00","description":"D\u00e9couvrez le tuyau d\u2019aspiration HV1 de 3\/8\u00a0po pour le chargement, la r\u00e9cup\u00e9ration et l\u2019\u00e9vacuation du syst\u00e8me CVCR de Fieldpiece. Voir notre gamme compl\u00e8te de tuyaux et raccords pour syst\u00e8me CVC de Fieldpiece.","breadcrumb":{"@id":"https:\/\/www.fieldpiece.com\/fr\/produit\/hv1-tuyau-daspiration-de-3-8-po\/#breadcrumb"},"inLanguage":"fr-FR","potentialAction":[{"@type":"ReadAction","target":["https:\/\/www.fieldpiece.com\/fr\/produit\/hv1-tuyau-daspiration-de-3-8-po\/"]}]},{"@type":"ImageObject","inLanguage":"fr-FR","@id":"https:\/\/www.fieldpiece.com\/fr\/produit\/hv1-tuyau-daspiration-de-3-8-po\/#primaryimage","url":"https:\/\/resources.fieldpiece.com\/wp-content\/uploads\/2023\/05\/470x470-HV1-02.png","contentUrl":"https:\/\/resources.fieldpiece.com\/wp-content\/uploads\/2023\/05\/470x470-HV1-02.png","width":470,"height":470},{"@type":"BreadcrumbList","@id":"https:\/\/www.fieldpiece.com\/fr\/produit\/hv1-tuyau-daspiration-de-3-8-po\/#breadcrumb","itemListElement":[{"@type":"ListItem","position":1,"name":"Home","item":"https:\/\/www.fieldpiece.com\/fr\/"},{"@type":"ListItem","position":2,"name":"Shop","item":"https:\/\/www.fieldpiece.com\/shop\/"},{"@type":"ListItem","position":3,"name":"HV1 &#8211; Tuyau d\u2019aspiration de 3\/8\u00a0po"}]},{"@type":"WebSite","@id":"https:\/\/www.fieldpiece.com\/fr\/#website","url":"https:\/\/www.fieldpiece.com\/fr\/","name":"Fieldpiece Instruments","description":"","publisher":{"@id":"https:\/\/www.fieldpiece.com\/fr\/#organization"},"potentialAction":[{"@type":"SearchAction","target":{"@type":"EntryPoint","urlTemplate":"https:\/\/www.fieldpiece.com\/fr\/?s={search_term_string}"},"query-input":{"@type":"PropertyValueSpecification","valueRequired":true,"valueName":"search_term_string"}}],"inLanguage":"fr-FR"},{"@type":"Organization","@id":"https:\/\/www.fieldpiece.com\/fr\/#organization","name":"Fieldpiece Instruments","url":"https:\/\/www.fieldpiece.com\/fr\/","logo":{"@type":"ImageObject","inLanguage":"fr-FR","@id":"https:\/\/www.fieldpiece.com\/fr\/#\/schema\/logo\/image\/","url":"https:\/\/resources.fieldpiece.com\/wp-content\/uploads\/2021\/02\/Logos-490x358-1.jpg","contentUrl":"https:\/\/resources.fieldpiece.com\/wp-content\/uploads\/2021\/02\/Logos-490x358-1.jpg","width":490,"height":358,"caption":"Fieldpiece Instruments"},"image":{"@id":"https:\/\/www.fieldpiece.com\/fr\/#\/schema\/logo\/image\/"}}]}},"_links":{"self":[{"href":"https:\/\/www.fieldpiece.com\/fr\/wp-json\/wp\/v2\/product\/119147","targetHints":{"allow":["GET"]}}],"collection":[{"href":"https:\/\/www.fieldpiece.com\/fr\/wp-json\/wp\/v2\/product"}],"about":[{"href":"https:\/\/www.fieldpiece.com\/fr\/wp-json\/wp\/v2\/types\/product"}],"replies":[{"embeddable":true,"href":"https:\/\/www.fieldpiece.com\/fr\/wp-json\/wp\/v2\/comments?post=119147"}],"wp:featuredmedia":[{"embeddable":true,"href":"https:\/\/www.fieldpiece.com\/fr\/wp-json\/wp\/v2\/media\/109408"}],"wp:attachment":[{"href":"https:\/\/www.fieldpiece.com\/fr\/wp-json\/wp\/v2\/media?parent=119147"}],"wp:term":[{"taxonomy":"product_brand","embeddable":true,"href":"https:\/\/www.fieldpiece.com\/fr\/wp-json\/wp\/v2\/product_brand?post=119147"},{"taxonomy":"product_cat","embeddable":true,"href":"https:\/\/www.fieldpiece.com\/fr\/wp-json\/wp\/v2\/product_cat?post=119147"},{"taxonomy":"product_tag","embeddable":true,"href":"https:\/\/www.fieldpiece.com\/fr\/wp-json\/wp\/v2\/product_tag?post=119147"}],"curies":[{"name":"wp","href":"https:\/\/api.w.org\/{rel}","templated":true}]}}