	{"id":119142,"date":"2023-05-12T11:57:59","date_gmt":"2023-05-12T18:57:59","guid":{"rendered":"https:\/\/www.fieldpiece.com\/product\/rhg12\/"},"modified":"2024-06-12T04:20:49","modified_gmt":"2024-06-12T11:20:49","slug":"rhg12-joints-de-tuyaux-et-depresseurs","status":"publish","type":"product","link":"https:\/\/www.fieldpiece.com\/fr\/produit\/rhg12-joints-de-tuyaux-et-depresseurs\/","title":{"rendered":"RHG12 &#8211; Joints de tuyaux et d\u00e9presseurs"},"content":{"rendered":"<ul>\n<li>Compatible A2L<\/li>\n<li>(8) D\u00e9presseurs \u00e0 noyau filet\u00e9 de 1\/4 po<\/li>\n<li>(8) Joints 1\/4 po<\/li>\n<li>(4) Joints 3\/8 po<\/li>\n<li>Les raccords de 5\/16\u00a0po de Fiedpiece\u9225?utilisent des \u5f55\u9225?Joints<\/li>\n<li><a href=\"https:\/\/resources.fieldpiece.com\/wp-content\/uploads\/2024\/03\/Hoses-ProductFlyer-v03.pdf\" target=\"_blank\" rel=\"noopener\">D\u00e9pliant sur les produits pour tuyaux et raccords<\/a> (pdf | v3)<\/li>\n<\/ul>\n","protected":false},"excerpt":{"rendered":"<p>Compatible A2L (8) D\u00e9presseurs \u00e0 noyau filet\u00e9 de 1\/4 po (8) Joints 1\/4 po (4) Joints 3\/8 po Les raccords &#8230;<\/p>\n","protected":false},"featured_media":109476,"comment_status":"open","ping_status":"closed","template":"","meta":{"_acf_changed":false},"product_brand":[],"product_cat":[724,776],"product_tag":[700],"class_list":{"0":"post-119142","1":"product","2":"type-product","3":"status-publish","4":"has-post-thumbnail","6":"product_cat-hose-accessories","7":"product_cat-hoses-and-fittings-fr","8":"product_tag-hoses-fr","10":"first","11":"instock","12":"shipping-taxable","13":"product-type-simple"},"acf":[],"yoast_head":"<!-- This site is optimized with the Yoast SEO plugin v27.2 - https:\/\/yoast.com\/product\/yoast-seo-wordpress\/ -->\n<title>RHG12 - Joints de tuyaux et d\u00e9presseurs de tuyaux | Fieldpiece<\/title>\n<meta name=\"description\" content=\"RHG12 - Joints et d\u00e9presseurs de tuyaux pour tuyaux de syst\u00e8me CVC de Fieldpiece. Voir notre gamme compl\u00e8te de tuyaux et raccords pour syst\u00e8me CVC chez Fieldpiece.\" \/>\n<meta name=\"robots\" content=\"index, follow, max-snippet:-1, max-image-preview:large, max-video-preview:-1\" \/>\n<link rel=\"canonical\" href=\"https:\/\/www.fieldpiece.com\/fr\/produit\/rhg12-joints-de-tuyaux-et-depresseurs\/\" \/>\n<meta property=\"og:locale\" content=\"fr_FR\" \/>\n<meta property=\"og:type\" content=\"article\" \/>\n<meta property=\"og:title\" content=\"RHG12 - Joints de tuyaux et d\u00e9presseurs de tuyaux | Fieldpiece\" \/>\n<meta property=\"og:description\" content=\"RHG12 - Joints et d\u00e9presseurs de tuyaux pour tuyaux de syst\u00e8me CVC de Fieldpiece. Voir notre gamme compl\u00e8te de tuyaux et raccords pour syst\u00e8me CVC chez Fieldpiece.\" \/>\n<meta property=\"og:url\" content=\"https:\/\/www.fieldpiece.com\/fr\/produit\/rhg12-joints-de-tuyaux-et-depresseurs\/\" \/>\n<meta property=\"og:site_name\" content=\"Fieldpiece Instruments\" \/>\n<meta property=\"article:modified_time\" content=\"2024-06-12T11:20:49+00:00\" \/>\n<meta property=\"og:image\" content=\"https:\/\/resources.fieldpiece.com\/wp-content\/uploads\/2023\/05\/470x470-RHG12.png\" \/>\n\t<meta property=\"og:image:width\" content=\"470\" \/>\n\t<meta property=\"og:image:height\" content=\"470\" \/>\n\t<meta property=\"og:image:type\" content=\"image\/png\" \/>\n<meta name=\"twitter:card\" content=\"summary_large_image\" \/>\n<meta name=\"twitter:label1\" content=\"Dur\u00e9e de lecture estim\u00e9e\" \/>\n\t<meta name=\"twitter:data1\" content=\"1 minute\" \/>\n<script type=\"application\/ld+json\" class=\"yoast-schema-graph\">{\"@context\":\"https:\/\/schema.org\",\"@graph\":[{\"@type\":\"WebPage\",\"@id\":\"https:\/\/www.fieldpiece.com\/fr\/produit\/rhg12-joints-de-tuyaux-et-depresseurs\/\",\"url\":\"https:\/\/www.fieldpiece.com\/fr\/produit\/rhg12-joints-de-tuyaux-et-depresseurs\/\",\"name\":\"RHG12 - Joints de tuyaux et d\u00e9presseurs de tuyaux | Fieldpiece\",\"isPartOf\":{\"@id\":\"https:\/\/www.fieldpiece.com\/fr\/#website\"},\"primaryImageOfPage\":{\"@id\":\"https:\/\/www.fieldpiece.com\/fr\/produit\/rhg12-joints-de-tuyaux-et-depresseurs\/#primaryimage\"},\"image\":{\"@id\":\"https:\/\/www.fieldpiece.com\/fr\/produit\/rhg12-joints-de-tuyaux-et-depresseurs\/#primaryimage\"},\"thumbnailUrl\":\"https:\/\/resources.fieldpiece.com\/wp-content\/uploads\/2023\/05\/470x470-RHG12.png\",\"datePublished\":\"2023-05-12T18:57:59+00:00\",\"dateModified\":\"2024-06-12T11:20:49+00:00\",\"description\":\"RHG12 - Joints et d\u00e9presseurs de tuyaux pour tuyaux de syst\u00e8me CVC de Fieldpiece. Voir notre gamme compl\u00e8te de tuyaux et raccords pour syst\u00e8me CVC chez Fieldpiece.\",\"breadcrumb\":{\"@id\":\"https:\/\/www.fieldpiece.com\/fr\/produit\/rhg12-joints-de-tuyaux-et-depresseurs\/#breadcrumb\"},\"inLanguage\":\"fr-FR\",\"potentialAction\":[{\"@type\":\"ReadAction\",\"target\":[\"https:\/\/www.fieldpiece.com\/fr\/produit\/rhg12-joints-de-tuyaux-et-depresseurs\/\"]}]},{\"@type\":\"ImageObject\",\"inLanguage\":\"fr-FR\",\"@id\":\"https:\/\/www.fieldpiece.com\/fr\/produit\/rhg12-joints-de-tuyaux-et-depresseurs\/#primaryimage\",\"url\":\"https:\/\/resources.fieldpiece.com\/wp-content\/uploads\/2023\/05\/470x470-RHG12.png\",\"contentUrl\":\"https:\/\/resources.fieldpiece.com\/wp-content\/uploads\/2023\/05\/470x470-RHG12.png\",\"width\":470,\"height\":470},{\"@type\":\"BreadcrumbList\",\"@id\":\"https:\/\/www.fieldpiece.com\/fr\/produit\/rhg12-joints-de-tuyaux-et-depresseurs\/#breadcrumb\",\"itemListElement\":[{\"@type\":\"ListItem\",\"position\":1,\"name\":\"Home\",\"item\":\"https:\/\/www.fieldpiece.com\/fr\/\"},{\"@type\":\"ListItem\",\"position\":2,\"name\":\"Shop\",\"item\":\"https:\/\/www.fieldpiece.com\/shop\/\"},{\"@type\":\"ListItem\",\"position\":3,\"name\":\"RHG12 &#8211; Joints de tuyaux et d\u00e9presseurs\"}]},{\"@type\":\"WebSite\",\"@id\":\"https:\/\/www.fieldpiece.com\/fr\/#website\",\"url\":\"https:\/\/www.fieldpiece.com\/fr\/\",\"name\":\"Fieldpiece Instruments\",\"description\":\"\",\"publisher\":{\"@id\":\"https:\/\/www.fieldpiece.com\/fr\/#organization\"},\"potentialAction\":[{\"@type\":\"SearchAction\",\"target\":{\"@type\":\"EntryPoint\",\"urlTemplate\":\"https:\/\/www.fieldpiece.com\/fr\/?s={search_term_string}\"},\"query-input\":{\"@type\":\"PropertyValueSpecification\",\"valueRequired\":true,\"valueName\":\"search_term_string\"}}],\"inLanguage\":\"fr-FR\"},{\"@type\":\"Organization\",\"@id\":\"https:\/\/www.fieldpiece.com\/fr\/#organization\",\"name\":\"Fieldpiece Instruments\",\"url\":\"https:\/\/www.fieldpiece.com\/fr\/\",\"logo\":{\"@type\":\"ImageObject\",\"inLanguage\":\"fr-FR\",\"@id\":\"https:\/\/www.fieldpiece.com\/fr\/#\/schema\/logo\/image\/\",\"url\":\"https:\/\/resources.fieldpiece.com\/wp-content\/uploads\/2021\/02\/Logos-490x358-1.jpg\",\"contentUrl\":\"https:\/\/resources.fieldpiece.com\/wp-content\/uploads\/2021\/02\/Logos-490x358-1.jpg\",\"width\":490,\"height\":358,\"caption\":\"Fieldpiece Instruments\"},\"image\":{\"@id\":\"https:\/\/www.fieldpiece.com\/fr\/#\/schema\/logo\/image\/\"}}]}<\/script>\n<!-- \/ Yoast SEO plugin. -->","yoast_head_json":{"title":"RHG12 - Joints de tuyaux et d\u00e9presseurs de tuyaux | Fieldpiece","description":"RHG12 - Joints et d\u00e9presseurs de tuyaux pour tuyaux de syst\u00e8me CVC de Fieldpiece. Voir notre gamme compl\u00e8te de tuyaux et raccords pour syst\u00e8me CVC chez Fieldpiece.","robots":{"index":"index","follow":"follow","max-snippet":"max-snippet:-1","max-image-preview":"max-image-preview:large","max-video-preview":"max-video-preview:-1"},"canonical":"https:\/\/www.fieldpiece.com\/fr\/produit\/rhg12-joints-de-tuyaux-et-depresseurs\/","og_locale":"fr_FR","og_type":"article","og_title":"RHG12 - Joints de tuyaux et d\u00e9presseurs de tuyaux | Fieldpiece","og_description":"RHG12 - Joints et d\u00e9presseurs de tuyaux pour tuyaux de syst\u00e8me CVC de Fieldpiece. Voir notre gamme compl\u00e8te de tuyaux et raccords pour syst\u00e8me CVC chez Fieldpiece.","og_url":"https:\/\/www.fieldpiece.com\/fr\/produit\/rhg12-joints-de-tuyaux-et-depresseurs\/","og_site_name":"Fieldpiece Instruments","article_modified_time":"2024-06-12T11:20:49+00:00","og_image":[{"width":470,"height":470,"url":"https:\/\/resources.fieldpiece.com\/wp-content\/uploads\/2023\/05\/470x470-RHG12.png","type":"image\/png"}],"twitter_card":"summary_large_image","twitter_misc":{"Dur\u00e9e de lecture estim\u00e9e":"1 minute"},"schema":{"@context":"https:\/\/schema.org","@graph":[{"@type":"WebPage","@id":"https:\/\/www.fieldpiece.com\/fr\/produit\/rhg12-joints-de-tuyaux-et-depresseurs\/","url":"https:\/\/www.fieldpiece.com\/fr\/produit\/rhg12-joints-de-tuyaux-et-depresseurs\/","name":"RHG12 - Joints de tuyaux et d\u00e9presseurs de tuyaux | Fieldpiece","isPartOf":{"@id":"https:\/\/www.fieldpiece.com\/fr\/#website"},"primaryImageOfPage":{"@id":"https:\/\/www.fieldpiece.com\/fr\/produit\/rhg12-joints-de-tuyaux-et-depresseurs\/#primaryimage"},"image":{"@id":"https:\/\/www.fieldpiece.com\/fr\/produit\/rhg12-joints-de-tuyaux-et-depresseurs\/#primaryimage"},"thumbnailUrl":"https:\/\/resources.fieldpiece.com\/wp-content\/uploads\/2023\/05\/470x470-RHG12.png","datePublished":"2023-05-12T18:57:59+00:00","dateModified":"2024-06-12T11:20:49+00:00","description":"RHG12 - Joints et d\u00e9presseurs de tuyaux pour tuyaux de syst\u00e8me CVC de Fieldpiece. Voir notre gamme compl\u00e8te de tuyaux et raccords pour syst\u00e8me CVC chez Fieldpiece.","breadcrumb":{"@id":"https:\/\/www.fieldpiece.com\/fr\/produit\/rhg12-joints-de-tuyaux-et-depresseurs\/#breadcrumb"},"inLanguage":"fr-FR","potentialAction":[{"@type":"ReadAction","target":["https:\/\/www.fieldpiece.com\/fr\/produit\/rhg12-joints-de-tuyaux-et-depresseurs\/"]}]},{"@type":"ImageObject","inLanguage":"fr-FR","@id":"https:\/\/www.fieldpiece.com\/fr\/produit\/rhg12-joints-de-tuyaux-et-depresseurs\/#primaryimage","url":"https:\/\/resources.fieldpiece.com\/wp-content\/uploads\/2023\/05\/470x470-RHG12.png","contentUrl":"https:\/\/resources.fieldpiece.com\/wp-content\/uploads\/2023\/05\/470x470-RHG12.png","width":470,"height":470},{"@type":"BreadcrumbList","@id":"https:\/\/www.fieldpiece.com\/fr\/produit\/rhg12-joints-de-tuyaux-et-depresseurs\/#breadcrumb","itemListElement":[{"@type":"ListItem","position":1,"name":"Home","item":"https:\/\/www.fieldpiece.com\/fr\/"},{"@type":"ListItem","position":2,"name":"Shop","item":"https:\/\/www.fieldpiece.com\/shop\/"},{"@type":"ListItem","position":3,"name":"RHG12 &#8211; Joints de tuyaux et d\u00e9presseurs"}]},{"@type":"WebSite","@id":"https:\/\/www.fieldpiece.com\/fr\/#website","url":"https:\/\/www.fieldpiece.com\/fr\/","name":"Fieldpiece Instruments","description":"","publisher":{"@id":"https:\/\/www.fieldpiece.com\/fr\/#organization"},"potentialAction":[{"@type":"SearchAction","target":{"@type":"EntryPoint","urlTemplate":"https:\/\/www.fieldpiece.com\/fr\/?s={search_term_string}"},"query-input":{"@type":"PropertyValueSpecification","valueRequired":true,"valueName":"search_term_string"}}],"inLanguage":"fr-FR"},{"@type":"Organization","@id":"https:\/\/www.fieldpiece.com\/fr\/#organization","name":"Fieldpiece Instruments","url":"https:\/\/www.fieldpiece.com\/fr\/","logo":{"@type":"ImageObject","inLanguage":"fr-FR","@id":"https:\/\/www.fieldpiece.com\/fr\/#\/schema\/logo\/image\/","url":"https:\/\/resources.fieldpiece.com\/wp-content\/uploads\/2021\/02\/Logos-490x358-1.jpg","contentUrl":"https:\/\/resources.fieldpiece.com\/wp-content\/uploads\/2021\/02\/Logos-490x358-1.jpg","width":490,"height":358,"caption":"Fieldpiece Instruments"},"image":{"@id":"https:\/\/www.fieldpiece.com\/fr\/#\/schema\/logo\/image\/"}}]}},"_links":{"self":[{"href":"https:\/\/www.fieldpiece.com\/fr\/wp-json\/wp\/v2\/product\/119142","targetHints":{"allow":["GET"]}}],"collection":[{"href":"https:\/\/www.fieldpiece.com\/fr\/wp-json\/wp\/v2\/product"}],"about":[{"href":"https:\/\/www.fieldpiece.com\/fr\/wp-json\/wp\/v2\/types\/product"}],"replies":[{"embeddable":true,"href":"https:\/\/www.fieldpiece.com\/fr\/wp-json\/wp\/v2\/comments?post=119142"}],"wp:featuredmedia":[{"embeddable":true,"href":"https:\/\/www.fieldpiece.com\/fr\/wp-json\/wp\/v2\/media\/109476"}],"wp:attachment":[{"href":"https:\/\/www.fieldpiece.com\/fr\/wp-json\/wp\/v2\/media?parent=119142"}],"wp:term":[{"taxonomy":"product_brand","embeddable":true,"href":"https:\/\/www.fieldpiece.com\/fr\/wp-json\/wp\/v2\/product_brand?post=119142"},{"taxonomy":"product_cat","embeddable":true,"href":"https:\/\/www.fieldpiece.com\/fr\/wp-json\/wp\/v2\/product_cat?post=119142"},{"taxonomy":"product_tag","embeddable":true,"href":"https:\/\/www.fieldpiece.com\/fr\/wp-json\/wp\/v2\/product_tag?post=119142"}],"curies":[{"name":"wp","href":"https:\/\/api.w.org\/{rel}","templated":true}]}}