	{"id":119140,"date":"2024-04-12T07:46:17","date_gmt":"2024-04-12T14:46:17","guid":{"rendered":"https:\/\/www.fieldpiece.com\/product\/hr1xr-1-4-ball-valve-hose-a2l-adapter-extension\/"},"modified":"2024-06-12T04:43:15","modified_gmt":"2024-06-12T11:43:15","slug":"hr1xr-rallonge-dadaptateur-a2l-de-tuyau-pour-robinet-a-tournant-spherique-de-1-4-po","status":"publish","type":"product","link":"https:\/\/www.fieldpiece.com\/fr\/produit\/hr1xr-rallonge-dadaptateur-a2l-de-tuyau-pour-robinet-a-tournant-spherique-de-1-4-po\/","title":{"rendered":"HR1XR &#8211; Rallonge d\u2019adaptateur A2L de tuyau pour robinet \u00e0 tournant sph\u00e9rique de 1\/4 po"},"content":{"rendered":"<ul>\n<li>Compatible A2L<\/li>\n<li>Filetage invers\u00e9 pour les r\u00e9servoirs A2L<\/li>\n<li style=\"font-weight: 400;\">Triple sertissage robuste \u00e0 anneau complet<\/li>\n<li style=\"font-weight: 400;\">Pression de service 800 (Psi)<\/li>\n<li style=\"font-weight: 400;\">Pression d\u2019\u00e9clatement 4000 (Psi)<\/li>\n<li style=\"font-weight: 400;\">\u00c9tiquette de couleur pour tuyau A2L incluse<\/li>\n<li style=\"font-weight: 400;\">Barri\u00e8re de perm\u00e9ation (conforme \u00e0 la norme SAE J2196)<\/li>\n<li>Pour le chargement, la r\u00e9cup\u00e9ration et l\u2019\u00e9vacuation<\/li>\n<li>Taille de raccord\u00a0: 1\/4\u00a0po x 1\/4\u00a0po<\/li>\n<li>Longueur du tuyau\u00a0: 8 po<\/li>\n<li><a href=\"https:\/\/resources.fieldpiece.com\/wp-content\/uploads\/2024\/03\/Hoses-ProductFlyer-v03.pdf?_gl=1*mxbstu*_ga*MjA3ODg0MjM3MS4xNzAzOTU5MzM1*_ga_Q4PSKY42WK*MTcxMjkzMzEzNS4xMjYuMS4xNzEyOTMzMjc0LjI5LjAuODQwMTE5ODcy\">D\u00e9pliant sur les produits pour tuyaux et raccords<\/a> (pdf v3)<\/li>\n<\/ul>\n","protected":false},"excerpt":{"rendered":"<p>Compatible A2L Filetage invers\u00e9 pour les r\u00e9servoirs A2L Triple sertissage robuste \u00e0 anneau complet Pression de service 800 (Psi) Pression &#8230;<\/p>\n","protected":false},"featured_media":118050,"comment_status":"open","ping_status":"closed","template":"","meta":{"_acf_changed":false},"product_brand":[],"product_cat":[777,776],"product_tag":[700],"class_list":{"0":"post-119140","1":"product","2":"type-product","3":"status-publish","4":"has-post-thumbnail","6":"product_cat-ball-valve-hoses-fr","7":"product_cat-hoses-and-fittings-fr","8":"product_tag-hoses-fr","10":"first","11":"instock","12":"shipping-taxable","13":"product-type-simple"},"acf":[],"yoast_head":"<!-- This site is optimized with the Yoast SEO plugin v27.2 - https:\/\/yoast.com\/product\/yoast-seo-wordpress\/ -->\n<title>HR3XB - Ensemble de rallonges de tuyau pour robinets \u00e0 tournant sph\u00e9rique de 1\/4 po | Fieldpiece<\/title>\n<meta name=\"description\" content=\"Visualisez l\u2019ensemble de tuyaux pour robinets \u00e0 tournant sph\u00e9rique de 1\/4\u00a0po en paquet de 3 pour le chargement, la r\u00e9cup\u00e9ration et l\u2019\u00e9vacuation du syst\u00e8me CVCR de Fieldpiece. Voir notre gamme compl\u00e8te de tuyaux pour syst\u00e8me CVC.\" \/>\n<meta name=\"robots\" content=\"index, follow, max-snippet:-1, max-image-preview:large, max-video-preview:-1\" \/>\n<link rel=\"canonical\" href=\"https:\/\/www.fieldpiece.com\/fr\/produit\/hr1xr-rallonge-dadaptateur-a2l-de-tuyau-pour-robinet-a-tournant-spherique-de-1-4-po\/\" \/>\n<meta property=\"og:locale\" content=\"fr_FR\" \/>\n<meta property=\"og:type\" content=\"article\" \/>\n<meta property=\"og:title\" content=\"HR3XB - Ensemble de rallonges de tuyau pour robinets \u00e0 tournant sph\u00e9rique de 1\/4 po | Fieldpiece\" \/>\n<meta property=\"og:description\" content=\"Visualisez l\u2019ensemble de tuyaux pour robinets \u00e0 tournant sph\u00e9rique de 1\/4\u00a0po en paquet de 3 pour le chargement, la r\u00e9cup\u00e9ration et l\u2019\u00e9vacuation du syst\u00e8me CVCR de Fieldpiece. Voir notre gamme compl\u00e8te de tuyaux pour syst\u00e8me CVC.\" \/>\n<meta property=\"og:url\" content=\"https:\/\/www.fieldpiece.com\/fr\/produit\/hr1xr-rallonge-dadaptateur-a2l-de-tuyau-pour-robinet-a-tournant-spherique-de-1-4-po\/\" \/>\n<meta property=\"og:site_name\" content=\"Fieldpiece Instruments\" \/>\n<meta property=\"article:modified_time\" content=\"2024-06-12T11:43:15+00:00\" \/>\n<meta property=\"og:image\" content=\"https:\/\/resources.fieldpiece.com\/wp-content\/uploads\/2024\/02\/470x470-HR1XR.png\" \/>\n\t<meta property=\"og:image:width\" content=\"470\" \/>\n\t<meta property=\"og:image:height\" content=\"470\" \/>\n\t<meta property=\"og:image:type\" content=\"image\/png\" \/>\n<meta name=\"twitter:card\" content=\"summary_large_image\" \/>\n<meta name=\"twitter:label1\" content=\"Dur\u00e9e de lecture estim\u00e9e\" \/>\n\t<meta name=\"twitter:data1\" content=\"1 minute\" \/>\n<script type=\"application\/ld+json\" class=\"yoast-schema-graph\">{\"@context\":\"https:\/\/schema.org\",\"@graph\":[{\"@type\":\"WebPage\",\"@id\":\"https:\/\/www.fieldpiece.com\/fr\/produit\/hr1xr-rallonge-dadaptateur-a2l-de-tuyau-pour-robinet-a-tournant-spherique-de-1-4-po\/\",\"url\":\"https:\/\/www.fieldpiece.com\/fr\/produit\/hr1xr-rallonge-dadaptateur-a2l-de-tuyau-pour-robinet-a-tournant-spherique-de-1-4-po\/\",\"name\":\"HR3XB - Ensemble de rallonges de tuyau pour robinets \u00e0 tournant sph\u00e9rique de 1\/4 po | Fieldpiece\",\"isPartOf\":{\"@id\":\"https:\/\/www.fieldpiece.com\/fr\/#website\"},\"primaryImageOfPage\":{\"@id\":\"https:\/\/www.fieldpiece.com\/fr\/produit\/hr1xr-rallonge-dadaptateur-a2l-de-tuyau-pour-robinet-a-tournant-spherique-de-1-4-po\/#primaryimage\"},\"image\":{\"@id\":\"https:\/\/www.fieldpiece.com\/fr\/produit\/hr1xr-rallonge-dadaptateur-a2l-de-tuyau-pour-robinet-a-tournant-spherique-de-1-4-po\/#primaryimage\"},\"thumbnailUrl\":\"https:\/\/resources.fieldpiece.com\/wp-content\/uploads\/2024\/02\/470x470-HR1XR.png\",\"datePublished\":\"2024-04-12T14:46:17+00:00\",\"dateModified\":\"2024-06-12T11:43:15+00:00\",\"description\":\"Visualisez l\u2019ensemble de tuyaux pour robinets \u00e0 tournant sph\u00e9rique de 1\/4\u00a0po en paquet de 3 pour le chargement, la r\u00e9cup\u00e9ration et l\u2019\u00e9vacuation du syst\u00e8me CVCR de Fieldpiece. Voir notre gamme compl\u00e8te de tuyaux pour syst\u00e8me CVC.\",\"breadcrumb\":{\"@id\":\"https:\/\/www.fieldpiece.com\/fr\/produit\/hr1xr-rallonge-dadaptateur-a2l-de-tuyau-pour-robinet-a-tournant-spherique-de-1-4-po\/#breadcrumb\"},\"inLanguage\":\"fr-FR\",\"potentialAction\":[{\"@type\":\"ReadAction\",\"target\":[\"https:\/\/www.fieldpiece.com\/fr\/produit\/hr1xr-rallonge-dadaptateur-a2l-de-tuyau-pour-robinet-a-tournant-spherique-de-1-4-po\/\"]}]},{\"@type\":\"ImageObject\",\"inLanguage\":\"fr-FR\",\"@id\":\"https:\/\/www.fieldpiece.com\/fr\/produit\/hr1xr-rallonge-dadaptateur-a2l-de-tuyau-pour-robinet-a-tournant-spherique-de-1-4-po\/#primaryimage\",\"url\":\"https:\/\/resources.fieldpiece.com\/wp-content\/uploads\/2024\/02\/470x470-HR1XR.png\",\"contentUrl\":\"https:\/\/resources.fieldpiece.com\/wp-content\/uploads\/2024\/02\/470x470-HR1XR.png\",\"width\":470,\"height\":470},{\"@type\":\"BreadcrumbList\",\"@id\":\"https:\/\/www.fieldpiece.com\/fr\/produit\/hr1xr-rallonge-dadaptateur-a2l-de-tuyau-pour-robinet-a-tournant-spherique-de-1-4-po\/#breadcrumb\",\"itemListElement\":[{\"@type\":\"ListItem\",\"position\":1,\"name\":\"Home\",\"item\":\"https:\/\/www.fieldpiece.com\/fr\/\"},{\"@type\":\"ListItem\",\"position\":2,\"name\":\"Shop\",\"item\":\"https:\/\/www.fieldpiece.com\/shop\/\"},{\"@type\":\"ListItem\",\"position\":3,\"name\":\"HR1XR &#8211; Rallonge d\u2019adaptateur A2L de tuyau pour robinet \u00e0 tournant sph\u00e9rique de 1\/4 po\"}]},{\"@type\":\"WebSite\",\"@id\":\"https:\/\/www.fieldpiece.com\/fr\/#website\",\"url\":\"https:\/\/www.fieldpiece.com\/fr\/\",\"name\":\"Fieldpiece Instruments\",\"description\":\"\",\"publisher\":{\"@id\":\"https:\/\/www.fieldpiece.com\/fr\/#organization\"},\"potentialAction\":[{\"@type\":\"SearchAction\",\"target\":{\"@type\":\"EntryPoint\",\"urlTemplate\":\"https:\/\/www.fieldpiece.com\/fr\/?s={search_term_string}\"},\"query-input\":{\"@type\":\"PropertyValueSpecification\",\"valueRequired\":true,\"valueName\":\"search_term_string\"}}],\"inLanguage\":\"fr-FR\"},{\"@type\":\"Organization\",\"@id\":\"https:\/\/www.fieldpiece.com\/fr\/#organization\",\"name\":\"Fieldpiece Instruments\",\"url\":\"https:\/\/www.fieldpiece.com\/fr\/\",\"logo\":{\"@type\":\"ImageObject\",\"inLanguage\":\"fr-FR\",\"@id\":\"https:\/\/www.fieldpiece.com\/fr\/#\/schema\/logo\/image\/\",\"url\":\"https:\/\/resources.fieldpiece.com\/wp-content\/uploads\/2021\/02\/Logos-490x358-1.jpg\",\"contentUrl\":\"https:\/\/resources.fieldpiece.com\/wp-content\/uploads\/2021\/02\/Logos-490x358-1.jpg\",\"width\":490,\"height\":358,\"caption\":\"Fieldpiece Instruments\"},\"image\":{\"@id\":\"https:\/\/www.fieldpiece.com\/fr\/#\/schema\/logo\/image\/\"}}]}<\/script>\n<!-- \/ Yoast SEO plugin. -->","yoast_head_json":{"title":"HR3XB - Ensemble de rallonges de tuyau pour robinets \u00e0 tournant sph\u00e9rique de 1\/4 po | Fieldpiece","description":"Visualisez l\u2019ensemble de tuyaux pour robinets \u00e0 tournant sph\u00e9rique de 1\/4\u00a0po en paquet de 3 pour le chargement, la r\u00e9cup\u00e9ration et l\u2019\u00e9vacuation du syst\u00e8me CVCR de Fieldpiece. Voir notre gamme compl\u00e8te de tuyaux pour syst\u00e8me CVC.","robots":{"index":"index","follow":"follow","max-snippet":"max-snippet:-1","max-image-preview":"max-image-preview:large","max-video-preview":"max-video-preview:-1"},"canonical":"https:\/\/www.fieldpiece.com\/fr\/produit\/hr1xr-rallonge-dadaptateur-a2l-de-tuyau-pour-robinet-a-tournant-spherique-de-1-4-po\/","og_locale":"fr_FR","og_type":"article","og_title":"HR3XB - Ensemble de rallonges de tuyau pour robinets \u00e0 tournant sph\u00e9rique de 1\/4 po | Fieldpiece","og_description":"Visualisez l\u2019ensemble de tuyaux pour robinets \u00e0 tournant sph\u00e9rique de 1\/4\u00a0po en paquet de 3 pour le chargement, la r\u00e9cup\u00e9ration et l\u2019\u00e9vacuation du syst\u00e8me CVCR de Fieldpiece. Voir notre gamme compl\u00e8te de tuyaux pour syst\u00e8me CVC.","og_url":"https:\/\/www.fieldpiece.com\/fr\/produit\/hr1xr-rallonge-dadaptateur-a2l-de-tuyau-pour-robinet-a-tournant-spherique-de-1-4-po\/","og_site_name":"Fieldpiece Instruments","article_modified_time":"2024-06-12T11:43:15+00:00","og_image":[{"width":470,"height":470,"url":"https:\/\/resources.fieldpiece.com\/wp-content\/uploads\/2024\/02\/470x470-HR1XR.png","type":"image\/png"}],"twitter_card":"summary_large_image","twitter_misc":{"Dur\u00e9e de lecture estim\u00e9e":"1 minute"},"schema":{"@context":"https:\/\/schema.org","@graph":[{"@type":"WebPage","@id":"https:\/\/www.fieldpiece.com\/fr\/produit\/hr1xr-rallonge-dadaptateur-a2l-de-tuyau-pour-robinet-a-tournant-spherique-de-1-4-po\/","url":"https:\/\/www.fieldpiece.com\/fr\/produit\/hr1xr-rallonge-dadaptateur-a2l-de-tuyau-pour-robinet-a-tournant-spherique-de-1-4-po\/","name":"HR3XB - Ensemble de rallonges de tuyau pour robinets \u00e0 tournant sph\u00e9rique de 1\/4 po | Fieldpiece","isPartOf":{"@id":"https:\/\/www.fieldpiece.com\/fr\/#website"},"primaryImageOfPage":{"@id":"https:\/\/www.fieldpiece.com\/fr\/produit\/hr1xr-rallonge-dadaptateur-a2l-de-tuyau-pour-robinet-a-tournant-spherique-de-1-4-po\/#primaryimage"},"image":{"@id":"https:\/\/www.fieldpiece.com\/fr\/produit\/hr1xr-rallonge-dadaptateur-a2l-de-tuyau-pour-robinet-a-tournant-spherique-de-1-4-po\/#primaryimage"},"thumbnailUrl":"https:\/\/resources.fieldpiece.com\/wp-content\/uploads\/2024\/02\/470x470-HR1XR.png","datePublished":"2024-04-12T14:46:17+00:00","dateModified":"2024-06-12T11:43:15+00:00","description":"Visualisez l\u2019ensemble de tuyaux pour robinets \u00e0 tournant sph\u00e9rique de 1\/4\u00a0po en paquet de 3 pour le chargement, la r\u00e9cup\u00e9ration et l\u2019\u00e9vacuation du syst\u00e8me CVCR de Fieldpiece. Voir notre gamme compl\u00e8te de tuyaux pour syst\u00e8me CVC.","breadcrumb":{"@id":"https:\/\/www.fieldpiece.com\/fr\/produit\/hr1xr-rallonge-dadaptateur-a2l-de-tuyau-pour-robinet-a-tournant-spherique-de-1-4-po\/#breadcrumb"},"inLanguage":"fr-FR","potentialAction":[{"@type":"ReadAction","target":["https:\/\/www.fieldpiece.com\/fr\/produit\/hr1xr-rallonge-dadaptateur-a2l-de-tuyau-pour-robinet-a-tournant-spherique-de-1-4-po\/"]}]},{"@type":"ImageObject","inLanguage":"fr-FR","@id":"https:\/\/www.fieldpiece.com\/fr\/produit\/hr1xr-rallonge-dadaptateur-a2l-de-tuyau-pour-robinet-a-tournant-spherique-de-1-4-po\/#primaryimage","url":"https:\/\/resources.fieldpiece.com\/wp-content\/uploads\/2024\/02\/470x470-HR1XR.png","contentUrl":"https:\/\/resources.fieldpiece.com\/wp-content\/uploads\/2024\/02\/470x470-HR1XR.png","width":470,"height":470},{"@type":"BreadcrumbList","@id":"https:\/\/www.fieldpiece.com\/fr\/produit\/hr1xr-rallonge-dadaptateur-a2l-de-tuyau-pour-robinet-a-tournant-spherique-de-1-4-po\/#breadcrumb","itemListElement":[{"@type":"ListItem","position":1,"name":"Home","item":"https:\/\/www.fieldpiece.com\/fr\/"},{"@type":"ListItem","position":2,"name":"Shop","item":"https:\/\/www.fieldpiece.com\/shop\/"},{"@type":"ListItem","position":3,"name":"HR1XR &#8211; Rallonge d\u2019adaptateur A2L de tuyau pour robinet \u00e0 tournant sph\u00e9rique de 1\/4 po"}]},{"@type":"WebSite","@id":"https:\/\/www.fieldpiece.com\/fr\/#website","url":"https:\/\/www.fieldpiece.com\/fr\/","name":"Fieldpiece Instruments","description":"","publisher":{"@id":"https:\/\/www.fieldpiece.com\/fr\/#organization"},"potentialAction":[{"@type":"SearchAction","target":{"@type":"EntryPoint","urlTemplate":"https:\/\/www.fieldpiece.com\/fr\/?s={search_term_string}"},"query-input":{"@type":"PropertyValueSpecification","valueRequired":true,"valueName":"search_term_string"}}],"inLanguage":"fr-FR"},{"@type":"Organization","@id":"https:\/\/www.fieldpiece.com\/fr\/#organization","name":"Fieldpiece Instruments","url":"https:\/\/www.fieldpiece.com\/fr\/","logo":{"@type":"ImageObject","inLanguage":"fr-FR","@id":"https:\/\/www.fieldpiece.com\/fr\/#\/schema\/logo\/image\/","url":"https:\/\/resources.fieldpiece.com\/wp-content\/uploads\/2021\/02\/Logos-490x358-1.jpg","contentUrl":"https:\/\/resources.fieldpiece.com\/wp-content\/uploads\/2021\/02\/Logos-490x358-1.jpg","width":490,"height":358,"caption":"Fieldpiece Instruments"},"image":{"@id":"https:\/\/www.fieldpiece.com\/fr\/#\/schema\/logo\/image\/"}}]}},"_links":{"self":[{"href":"https:\/\/www.fieldpiece.com\/fr\/wp-json\/wp\/v2\/product\/119140","targetHints":{"allow":["GET"]}}],"collection":[{"href":"https:\/\/www.fieldpiece.com\/fr\/wp-json\/wp\/v2\/product"}],"about":[{"href":"https:\/\/www.fieldpiece.com\/fr\/wp-json\/wp\/v2\/types\/product"}],"replies":[{"embeddable":true,"href":"https:\/\/www.fieldpiece.com\/fr\/wp-json\/wp\/v2\/comments?post=119140"}],"wp:featuredmedia":[{"embeddable":true,"href":"https:\/\/www.fieldpiece.com\/fr\/wp-json\/wp\/v2\/media\/118050"}],"wp:attachment":[{"href":"https:\/\/www.fieldpiece.com\/fr\/wp-json\/wp\/v2\/media?parent=119140"}],"wp:term":[{"taxonomy":"product_brand","embeddable":true,"href":"https:\/\/www.fieldpiece.com\/fr\/wp-json\/wp\/v2\/product_brand?post=119140"},{"taxonomy":"product_cat","embeddable":true,"href":"https:\/\/www.fieldpiece.com\/fr\/wp-json\/wp\/v2\/product_cat?post=119140"},{"taxonomy":"product_tag","embeddable":true,"href":"https:\/\/www.fieldpiece.com\/fr\/wp-json\/wp\/v2\/product_tag?post=119140"}],"curies":[{"name":"wp","href":"https:\/\/api.w.org\/{rel}","templated":true}]}}