	{"id":44270,"date":"2021-06-21T21:51:02","date_gmt":"2021-06-22T04:51:02","guid":{"rendered":"https:\/\/www.fieldpiece.com\/commitment-to-innovation\/"},"modified":"2021-11-09T14:32:03","modified_gmt":"2021-11-09T22:32:03","slug":"engagement-envers-linnovation","status":"publish","type":"page","link":"https:\/\/www.fieldpiece.com\/fr\/engagement-envers-linnovation\/","title":{"rendered":"Engagement envers l&rsquo;innovation"},"content":{"rendered":"<h4><img loading=\"lazy\" decoding=\"async\" class=\"size-medium wp-image-43020 alignleft\" style=\"height: 220px;\" src=\"https:\/\/resources.fieldpiece.com\/wp-content\/uploads\/2021\/06\/JL-Family-300x174.jpg\" alt=\"\" width=\"300\" height=\"250\" \/><strong>Une suite compl\u00e8te de produits pens\u00e9s et con\u00e7us sp\u00e9cifiquement pour les professionnels de la CVCR.<\/strong><\/h4>\n<ul class=\"commitment-body-ul\">\n<li>Des outils qui refl\u00e8tent notre leadership, notre excellence et notre innovation de plus de 30 ans<\/li>\n<li>Des groupes manom\u00e9triques num\u00e9riques r\u00e9volutionnaires dot\u00e9s des caract\u00e9ristiques les plus demand\u00e9es<\/li>\n<li>Le syst\u00e8me r\u00e9volutionnaire Job Link\u00ae permet de connecter les produits sans fil sur l&rsquo;ensemble d&rsquo;un chantier.<\/li>\n<li>Les sondes et les compteurs offrent une polyvalence, une fiabilit\u00e9 et une pr\u00e9cision in\u00e9gal\u00e9es.<\/li>\n<li>Des machines de r\u00e9cup\u00e9ration qui facilitent la vie des techniciens sur le terrain<\/li>\n<li>Des pompes \u00e0 vide qui b\u00e9n\u00e9ficient de notre syst\u00e8me innovant de changement d&rsquo;huile RunQuick\u2122.<\/li>\n<\/ul>\n<h4>Innovation apr\u00e8s innovation apr\u00e8s innovation<\/h4>\n<p>La gamme de produits Fieldpiece a de nombreux points communs. Les produits sont robustes, polyvalents, innovants et peuvent r\u00e9pondre aux exigences du travail dans le domaine de la CVCR. La raison est qu&rsquo;ils ont tous autre chose en commun\u00a0: ils ont tous \u00e9t\u00e9 con\u00e7us en pensant que chaque professionnel de la CVCR sur le terrain m\u00e9rite d&rsquo;avoir les meilleurs outils possibles.<\/p>\n<p>Depuis plus de 30 ans, nous avons transform\u00e9 ce postulat en cr\u00e9ant la plus large gamme d&rsquo;outils CVCR du march\u00e9. Cette gamme d&rsquo;outils est exactement ce dont le professionnel a besoin. Comment avons-nous fait\u00a0? En r\u00e9alit\u00e9, c&rsquo;est simple. Nous avons \u00e9cout\u00e9 les professionnels du secteur pour d\u00e9terminer exactement ce dont ils avaient besoin et avons \u00e9labor\u00e9 des produits qui r\u00e9solvent les probl\u00e8mes quotidiens auxquels ils sont confront\u00e9s.<\/p>\n<p>Nous sommes fiers de notre gamme de produits et encore plus fiers de la famille d&rsquo;ing\u00e9nieurs de Fieldpiece qui les a con\u00e7us, d\u00e9velopp\u00e9s et test\u00e9s en pensant \u00e0 VOUS.<\/p>\n<p>Vous avez besoin de r\u00e9cup\u00e9rer du fluide frigorig\u00e8ne rapidement\u00a0? Vous voulez faire un vide complet en toute confiance\u00a0? Vous r\u00eavez de mesurer les pressions sans tous ces tuyaux encombrants\u00a0? Chez Fieldpiece, nous avons tout pr\u00e9vu. Vous y trouverez exactement ce dont vous avez besoin pour un service, des r\u00e9parations et un entretien de premier ordre.<\/p>\n<p>Choisissez l&rsquo;un de ces produits Fieldpiece. Ou mieux encore, compl\u00e9tez votre jeu d&rsquo;outils et montrez au monde entier que vous \u00eates un v\u00e9ritable ma\u00eetre en la mati\u00e8re en n&#8217;emportant que le meilleur dans votre camion et dans votre bo\u00eete \u00e0 outils.<\/p>\n<table id=\"commitment_table\" class=\"basic-body-table bkt-style1\">\n<tbody>\n<tr>\n<td width=\"200\">D\u00e9bit d&rsquo;air et Temp\/HR<\/td>\n<td>\n<ul>\n<li>Des sondes con\u00e7ues pour les professionnels du secteur<\/li>\n<li>Con\u00e7ues pour travailler dans des espaces restreints, faire face \u00e0 des conditions changeantes et fournir les informations exactes n\u00e9cessaires<\/li>\n<\/ul>\n<\/td>\n<\/tr>\n<tr>\n<td>Combustion<\/td>\n<td>\n<ul>\n<li>Des innovations qui aident \u00e0 diagnostiquer, r\u00e9parer et r\u00e9gler la plupart des \u00e9quipements de combustion<\/li>\n<li>Des outils con\u00e7us pour des applications r\u00e9elles et dot\u00e9s de caract\u00e9ristiques exceptionnelles qui simplifient les visites d&rsquo;entretien<\/li>\n<\/ul>\n<\/td>\n<\/tr>\n<tr>\n<td>Groupes manom\u00e9triques num\u00e9riques<\/td>\n<td>\n<ul>\n<li>Les deux groupes manom\u00e9triques num\u00e9riques les plus avanc\u00e9s du march\u00e9<\/li>\n<li>Poss\u00e9dant les caract\u00e9ristiques dont ont besoin les techniciens sur le terrain.<\/li>\n<li>Robustes, portables et polyvalents<\/li>\n<li>Int\u00e9gration transparente avec l&rsquo;application Job Link\u00ae System<\/li>\n<\/ul>\n<\/td>\n<\/tr>\n<tr>\n<td>Compteurs \u00e9lectriques<\/td>\n<td>\n<ul>\n<li>Des compteurs b\u00e2tons, pinces amp\u00e8rem\u00e9triques et compteurs d&rsquo;\u00e9talonnage con\u00e7us sp\u00e9cialement pour les professionnels de la CVCR.<\/li>\n<li>Des compteurs polyvalents, robustes et pr\u00e9cis qui int\u00e8grent les fonctions dont vous avez besoin au quotidien.<\/li>\n<\/ul>\n<\/td>\n<\/tr>\n<tr>\n<td>Job Link\u00ae System<\/td>\n<td>\n<ul>\n<li>Fonctionne avec tous nos outils sans fil et int\u00e8gre leurs fonctions de mani\u00e8re transparente.<\/li>\n<li>Affiche une vue en temps r\u00e9el du syst\u00e8me CVCR que vous testez.<\/li>\n<li>Offre des outils de diagnostic utiles aux techniciens<\/li>\n<li>G\u00e9n\u00e8re des rapports et s&rsquo;int\u00e8gre au logiciel de comptabilit\u00e9<\/li>\n<\/ul>\n<\/td>\n<\/tr>\n<tr>\n<td>D\u00e9tecteurs de fuites<\/td>\n<td>\n<ul>\n<li>D\u00e9tecteurs de fuites de fluide frigorig\u00e8ne portables, puissants et robustes<\/li>\n<li>Vont au-del\u00e0 des normes industrielles en mati\u00e8re de sensibilit\u00e9<\/li>\n<\/ul>\n<\/td>\n<\/tr>\n<tr>\n<td>Manom\u00e8tres<\/td>\n<td>\n<ul>\n<li>Manom\u00e8tres \u00e0 double port, robustes et polyvalents<\/li>\n<li>Mesurent la pression du gaz, la pression statique et la pression diff\u00e9rentielle<\/li>\n<\/ul>\n<\/td>\n<\/tr>\n<tr>\n<td>R\u00e9cup\u00e9ration et vide<\/td>\n<td>\n<ul>\n<li>La machine de r\u00e9cup\u00e9ration num\u00e9rique offre des innovations et de nouvelles fonctionnalit\u00e9s<\/li>\n<li>Les pompes \u00e0 vide portables et polyvalentes ont 4 ports et b\u00e9n\u00e9ficient de notre syst\u00e8me innovant de changement d&rsquo;huile RunQuick\u2122.<\/li>\n<\/ul>\n<\/td>\n<\/tr>\n<tr>\n<td>Balances<\/td>\n<td>\n<ul>\n<li>Des balances portables con\u00e7ues pour les rigueurs de la CVCR<\/li>\n<li>Compactes, r\u00e9sistantes et pr\u00e9cises<\/li>\n<\/ul>\n<\/td>\n<\/tr>\n<\/tbody>\n<\/table>\n","protected":false},"excerpt":{"rendered":"<p>Une suite compl\u00e8te de produits pens\u00e9s et con\u00e7us sp\u00e9cifiquement pour les professionnels de la CVCR. Des outils qui refl\u00e8tent notre &#8230;<\/p>\n","protected":false},"author":2,"featured_media":0,"parent":0,"menu_order":0,"comment_status":"closed","ping_status":"closed","template":"templates\/template-basic.php","meta":{"_acf_changed":false,"footnotes":""},"class_list":["post-44270","page","type-page","status-publish","hentry"],"acf":[],"yoast_head":"<!-- This site is optimized with the Yoast SEO plugin v27.2 - https:\/\/yoast.com\/product\/yoast-seo-wordpress\/ -->\n<title>Engagement envers l&#039;innovation - Fieldpiece Instruments<\/title>\n<meta name=\"robots\" content=\"index, follow, max-snippet:-1, max-image-preview:large, max-video-preview:-1\" \/>\n<link rel=\"canonical\" href=\"https:\/\/www.fieldpiece.com\/fr\/engagement-envers-linnovation\/\" \/>\n<meta property=\"og:locale\" content=\"fr_FR\" \/>\n<meta property=\"og:type\" content=\"article\" \/>\n<meta property=\"og:title\" content=\"Engagement envers l&#039;innovation - Fieldpiece Instruments\" \/>\n<meta property=\"og:description\" content=\"Une suite compl\u00e8te de produits pens\u00e9s et con\u00e7us sp\u00e9cifiquement pour les professionnels de la CVCR. Des outils qui refl\u00e8tent notre ...\" \/>\n<meta property=\"og:url\" content=\"https:\/\/www.fieldpiece.com\/fr\/engagement-envers-linnovation\/\" \/>\n<meta property=\"og:site_name\" content=\"Fieldpiece Instruments\" \/>\n<meta property=\"article:modified_time\" content=\"2021-11-09T22:32:03+00:00\" \/>\n<meta property=\"og:image\" content=\"https:\/\/www.fieldpiece.com\/wp-content\/uploads\/2021\/06\/JL-Family-300x174.jpg\" \/>\n<meta name=\"twitter:card\" content=\"summary_large_image\" \/>\n<meta name=\"twitter:label1\" content=\"Dur\u00e9e de lecture estim\u00e9e\" \/>\n\t<meta name=\"twitter:data1\" content=\"3 minutes\" \/>\n<script type=\"application\/ld+json\" class=\"yoast-schema-graph\">{\"@context\":\"https:\/\/schema.org\",\"@graph\":[{\"@type\":\"WebPage\",\"@id\":\"https:\/\/www.fieldpiece.com\/fr\/engagement-envers-linnovation\/\",\"url\":\"https:\/\/www.fieldpiece.com\/fr\/engagement-envers-linnovation\/\",\"name\":\"Engagement envers l'innovation - Fieldpiece Instruments\",\"isPartOf\":{\"@id\":\"https:\/\/www.fieldpiece.com\/fr\/#website\"},\"primaryImageOfPage\":{\"@id\":\"https:\/\/www.fieldpiece.com\/fr\/engagement-envers-linnovation\/#primaryimage\"},\"image\":{\"@id\":\"https:\/\/www.fieldpiece.com\/fr\/engagement-envers-linnovation\/#primaryimage\"},\"thumbnailUrl\":\"https:\/\/resources.fieldpiece.com\/wp-content\/uploads\/2021\/06\/JL-Family-300x174.jpg\",\"datePublished\":\"2021-06-22T04:51:02+00:00\",\"dateModified\":\"2021-11-09T22:32:03+00:00\",\"breadcrumb\":{\"@id\":\"https:\/\/www.fieldpiece.com\/fr\/engagement-envers-linnovation\/#breadcrumb\"},\"inLanguage\":\"fr-FR\",\"potentialAction\":[{\"@type\":\"ReadAction\",\"target\":[\"https:\/\/www.fieldpiece.com\/fr\/engagement-envers-linnovation\/\"]}]},{\"@type\":\"ImageObject\",\"inLanguage\":\"fr-FR\",\"@id\":\"https:\/\/www.fieldpiece.com\/fr\/engagement-envers-linnovation\/#primaryimage\",\"url\":\"https:\/\/resources.fieldpiece.com\/wp-content\/uploads\/2021\/06\/JL-Family-300x174.jpg\",\"contentUrl\":\"https:\/\/resources.fieldpiece.com\/wp-content\/uploads\/2021\/06\/JL-Family-300x174.jpg\"},{\"@type\":\"BreadcrumbList\",\"@id\":\"https:\/\/www.fieldpiece.com\/fr\/engagement-envers-linnovation\/#breadcrumb\",\"itemListElement\":[{\"@type\":\"ListItem\",\"position\":1,\"name\":\"Home\",\"item\":\"https:\/\/www.fieldpiece.com\/fr\/\"},{\"@type\":\"ListItem\",\"position\":2,\"name\":\"Engagement envers l&rsquo;innovation\"}]},{\"@type\":\"WebSite\",\"@id\":\"https:\/\/www.fieldpiece.com\/fr\/#website\",\"url\":\"https:\/\/www.fieldpiece.com\/fr\/\",\"name\":\"Fieldpiece Instruments\",\"description\":\"\",\"publisher\":{\"@id\":\"https:\/\/www.fieldpiece.com\/fr\/#organization\"},\"potentialAction\":[{\"@type\":\"SearchAction\",\"target\":{\"@type\":\"EntryPoint\",\"urlTemplate\":\"https:\/\/www.fieldpiece.com\/fr\/?s={search_term_string}\"},\"query-input\":{\"@type\":\"PropertyValueSpecification\",\"valueRequired\":true,\"valueName\":\"search_term_string\"}}],\"inLanguage\":\"fr-FR\"},{\"@type\":\"Organization\",\"@id\":\"https:\/\/www.fieldpiece.com\/fr\/#organization\",\"name\":\"Fieldpiece Instruments\",\"url\":\"https:\/\/www.fieldpiece.com\/fr\/\",\"logo\":{\"@type\":\"ImageObject\",\"inLanguage\":\"fr-FR\",\"@id\":\"https:\/\/www.fieldpiece.com\/fr\/#\/schema\/logo\/image\/\",\"url\":\"https:\/\/resources.fieldpiece.com\/wp-content\/uploads\/2021\/02\/Logos-490x358-1.jpg\",\"contentUrl\":\"https:\/\/resources.fieldpiece.com\/wp-content\/uploads\/2021\/02\/Logos-490x358-1.jpg\",\"width\":490,\"height\":358,\"caption\":\"Fieldpiece Instruments\"},\"image\":{\"@id\":\"https:\/\/www.fieldpiece.com\/fr\/#\/schema\/logo\/image\/\"}}]}<\/script>\n<!-- \/ Yoast SEO plugin. -->","yoast_head_json":{"title":"Engagement envers l'innovation - Fieldpiece Instruments","robots":{"index":"index","follow":"follow","max-snippet":"max-snippet:-1","max-image-preview":"max-image-preview:large","max-video-preview":"max-video-preview:-1"},"canonical":"https:\/\/www.fieldpiece.com\/fr\/engagement-envers-linnovation\/","og_locale":"fr_FR","og_type":"article","og_title":"Engagement envers l'innovation - Fieldpiece Instruments","og_description":"Une suite compl\u00e8te de produits pens\u00e9s et con\u00e7us sp\u00e9cifiquement pour les professionnels de la CVCR. Des outils qui refl\u00e8tent notre ...","og_url":"https:\/\/www.fieldpiece.com\/fr\/engagement-envers-linnovation\/","og_site_name":"Fieldpiece Instruments","article_modified_time":"2021-11-09T22:32:03+00:00","og_image":[{"url":"https:\/\/www.fieldpiece.com\/wp-content\/uploads\/2021\/06\/JL-Family-300x174.jpg","type":"","width":"","height":""}],"twitter_card":"summary_large_image","twitter_misc":{"Dur\u00e9e de lecture estim\u00e9e":"3 minutes"},"schema":{"@context":"https:\/\/schema.org","@graph":[{"@type":"WebPage","@id":"https:\/\/www.fieldpiece.com\/fr\/engagement-envers-linnovation\/","url":"https:\/\/www.fieldpiece.com\/fr\/engagement-envers-linnovation\/","name":"Engagement envers l'innovation - Fieldpiece Instruments","isPartOf":{"@id":"https:\/\/www.fieldpiece.com\/fr\/#website"},"primaryImageOfPage":{"@id":"https:\/\/www.fieldpiece.com\/fr\/engagement-envers-linnovation\/#primaryimage"},"image":{"@id":"https:\/\/www.fieldpiece.com\/fr\/engagement-envers-linnovation\/#primaryimage"},"thumbnailUrl":"https:\/\/resources.fieldpiece.com\/wp-content\/uploads\/2021\/06\/JL-Family-300x174.jpg","datePublished":"2021-06-22T04:51:02+00:00","dateModified":"2021-11-09T22:32:03+00:00","breadcrumb":{"@id":"https:\/\/www.fieldpiece.com\/fr\/engagement-envers-linnovation\/#breadcrumb"},"inLanguage":"fr-FR","potentialAction":[{"@type":"ReadAction","target":["https:\/\/www.fieldpiece.com\/fr\/engagement-envers-linnovation\/"]}]},{"@type":"ImageObject","inLanguage":"fr-FR","@id":"https:\/\/www.fieldpiece.com\/fr\/engagement-envers-linnovation\/#primaryimage","url":"https:\/\/resources.fieldpiece.com\/wp-content\/uploads\/2021\/06\/JL-Family-300x174.jpg","contentUrl":"https:\/\/resources.fieldpiece.com\/wp-content\/uploads\/2021\/06\/JL-Family-300x174.jpg"},{"@type":"BreadcrumbList","@id":"https:\/\/www.fieldpiece.com\/fr\/engagement-envers-linnovation\/#breadcrumb","itemListElement":[{"@type":"ListItem","position":1,"name":"Home","item":"https:\/\/www.fieldpiece.com\/fr\/"},{"@type":"ListItem","position":2,"name":"Engagement envers l&rsquo;innovation"}]},{"@type":"WebSite","@id":"https:\/\/www.fieldpiece.com\/fr\/#website","url":"https:\/\/www.fieldpiece.com\/fr\/","name":"Fieldpiece Instruments","description":"","publisher":{"@id":"https:\/\/www.fieldpiece.com\/fr\/#organization"},"potentialAction":[{"@type":"SearchAction","target":{"@type":"EntryPoint","urlTemplate":"https:\/\/www.fieldpiece.com\/fr\/?s={search_term_string}"},"query-input":{"@type":"PropertyValueSpecification","valueRequired":true,"valueName":"search_term_string"}}],"inLanguage":"fr-FR"},{"@type":"Organization","@id":"https:\/\/www.fieldpiece.com\/fr\/#organization","name":"Fieldpiece Instruments","url":"https:\/\/www.fieldpiece.com\/fr\/","logo":{"@type":"ImageObject","inLanguage":"fr-FR","@id":"https:\/\/www.fieldpiece.com\/fr\/#\/schema\/logo\/image\/","url":"https:\/\/resources.fieldpiece.com\/wp-content\/uploads\/2021\/02\/Logos-490x358-1.jpg","contentUrl":"https:\/\/resources.fieldpiece.com\/wp-content\/uploads\/2021\/02\/Logos-490x358-1.jpg","width":490,"height":358,"caption":"Fieldpiece Instruments"},"image":{"@id":"https:\/\/www.fieldpiece.com\/fr\/#\/schema\/logo\/image\/"}}]}},"_links":{"self":[{"href":"https:\/\/www.fieldpiece.com\/fr\/wp-json\/wp\/v2\/pages\/44270","targetHints":{"allow":["GET"]}}],"collection":[{"href":"https:\/\/www.fieldpiece.com\/fr\/wp-json\/wp\/v2\/pages"}],"about":[{"href":"https:\/\/www.fieldpiece.com\/fr\/wp-json\/wp\/v2\/types\/page"}],"author":[{"embeddable":true,"href":"https:\/\/www.fieldpiece.com\/fr\/wp-json\/wp\/v2\/users\/2"}],"replies":[{"embeddable":true,"href":"https:\/\/www.fieldpiece.com\/fr\/wp-json\/wp\/v2\/comments?post=44270"}],"version-history":[{"count":8,"href":"https:\/\/www.fieldpiece.com\/fr\/wp-json\/wp\/v2\/pages\/44270\/revisions"}],"predecessor-version":[{"id":74273,"href":"https:\/\/www.fieldpiece.com\/fr\/wp-json\/wp\/v2\/pages\/44270\/revisions\/74273"}],"wp:attachment":[{"href":"https:\/\/www.fieldpiece.com\/fr\/wp-json\/wp\/v2\/media?parent=44270"}],"curies":[{"name":"wp","href":"https:\/\/api.w.org\/{rel}","templated":true}]}}