	{"id":26676,"date":"2021-01-08T22:48:39","date_gmt":"2021-01-08T22:48:39","guid":{"rendered":"https:\/\/www.fieldpiece.com\/where-to-buy\/"},"modified":"2021-09-30T03:09:10","modified_gmt":"2021-09-30T10:09:10","slug":"where-to-buy","status":"publish","type":"page","link":"https:\/\/www.fieldpiece.com\/fr\/where-to-buy\/","title":{"rendered":"O\u00f9 acheter"},"content":{"rendered":"\r\n<p>Les produits Fieldpiece semblent \u00eatre partout mais vous pouvez consulter la carte ci-dessous pour trouver un distributeur Fieldpiece pr\u00e8s de chez vous. Effectuez une recherche en fonction de la distance par rapport \u00e0 chez vous et trouvez le nom, l&#8217;emplacement et le num\u00e9ro de t\u00e9l\u00e9phone du distributeur. Il ou elle pourra r\u00e9pondre \u00e0 vos questions et vous aider \u00e0 passer une commande.<\/p>\r\n\r\n\r\n\r\n<p><a class=\"btn btn-primary yellow-border\" href=\"https:\/\/www.fieldpiece.com\/fr\/representatives\/\">Repr\u00e9sentants commerciaux<\/a> <a class=\"btn btn-primary yellow-border\" href=\"https:\/\/www.fieldpiece.com\/fr\/categorie-produit\/other-fr-2\/replacement-parts-fr\/\">Trouver des pi\u00e8ces de rechange<\/a> <a class=\"btn btn-primary yellow-border\" href=\"https:\/\/www.fieldpiece.com\/fr\/add-update-distributor\/\">Ajouter\/mettre \u00e0 jour un distributeur<\/a><\/p>\r\n","protected":false},"excerpt":{"rendered":"<p>Les produits Fieldpiece semblent \u00eatre partout mais vous pouvez consulter la carte ci-dessous pour trouver un distributeur Fieldpiece pr\u00e8s de &#8230;<\/p>\n","protected":false},"author":417,"featured_media":0,"parent":0,"menu_order":0,"comment_status":"closed","ping_status":"closed","template":"templates\/template-whereto-buy.php","meta":{"_acf_changed":false,"footnotes":""},"class_list":["post-26676","page","type-page","status-publish","hentry"],"acf":[],"yoast_head":"<!-- This site is optimized with the Yoast SEO plugin v27.2 - https:\/\/yoast.com\/product\/yoast-seo-wordpress\/ -->\n<title>O\u00f9 acheter - Fieldpiece Instruments<\/title>\n<meta name=\"robots\" content=\"index, follow, max-snippet:-1, max-image-preview:large, max-video-preview:-1\" \/>\n<link rel=\"canonical\" href=\"https:\/\/www.fieldpiece.com\/fr\/where-to-buy\/\" \/>\n<meta property=\"og:locale\" content=\"fr_FR\" \/>\n<meta property=\"og:type\" content=\"article\" \/>\n<meta property=\"og:title\" content=\"O\u00f9 acheter - Fieldpiece Instruments\" \/>\n<meta property=\"og:description\" content=\"Les produits Fieldpiece semblent \u00eatre partout mais vous pouvez consulter la carte ci-dessous pour trouver un distributeur Fieldpiece pr\u00e8s de ...\" \/>\n<meta property=\"og:url\" content=\"https:\/\/www.fieldpiece.com\/fr\/where-to-buy\/\" \/>\n<meta property=\"og:site_name\" content=\"Fieldpiece Instruments\" \/>\n<meta property=\"article:modified_time\" content=\"2021-09-30T10:09:10+00:00\" \/>\n<meta name=\"twitter:card\" content=\"summary_large_image\" \/>\n<script type=\"application\/ld+json\" class=\"yoast-schema-graph\">{\"@context\":\"https:\/\/schema.org\",\"@graph\":[{\"@type\":\"WebPage\",\"@id\":\"https:\/\/www.fieldpiece.com\/fr\/where-to-buy\/\",\"url\":\"https:\/\/www.fieldpiece.com\/fr\/where-to-buy\/\",\"name\":\"O\u00f9 acheter - Fieldpiece Instruments\",\"isPartOf\":{\"@id\":\"https:\/\/www.fieldpiece.com\/fr\/#website\"},\"datePublished\":\"2021-01-08T22:48:39+00:00\",\"dateModified\":\"2021-09-30T10:09:10+00:00\",\"breadcrumb\":{\"@id\":\"https:\/\/www.fieldpiece.com\/fr\/where-to-buy\/#breadcrumb\"},\"inLanguage\":\"fr-FR\",\"potentialAction\":[{\"@type\":\"ReadAction\",\"target\":[\"https:\/\/www.fieldpiece.com\/fr\/where-to-buy\/\"]}]},{\"@type\":\"BreadcrumbList\",\"@id\":\"https:\/\/www.fieldpiece.com\/fr\/where-to-buy\/#breadcrumb\",\"itemListElement\":[{\"@type\":\"ListItem\",\"position\":1,\"name\":\"Home\",\"item\":\"https:\/\/www.fieldpiece.com\/fr\/\"},{\"@type\":\"ListItem\",\"position\":2,\"name\":\"O\u00f9 acheter\"}]},{\"@type\":\"WebSite\",\"@id\":\"https:\/\/www.fieldpiece.com\/fr\/#website\",\"url\":\"https:\/\/www.fieldpiece.com\/fr\/\",\"name\":\"Fieldpiece Instruments\",\"description\":\"\",\"publisher\":{\"@id\":\"https:\/\/www.fieldpiece.com\/fr\/#organization\"},\"potentialAction\":[{\"@type\":\"SearchAction\",\"target\":{\"@type\":\"EntryPoint\",\"urlTemplate\":\"https:\/\/www.fieldpiece.com\/fr\/?s={search_term_string}\"},\"query-input\":{\"@type\":\"PropertyValueSpecification\",\"valueRequired\":true,\"valueName\":\"search_term_string\"}}],\"inLanguage\":\"fr-FR\"},{\"@type\":\"Organization\",\"@id\":\"https:\/\/www.fieldpiece.com\/fr\/#organization\",\"name\":\"Fieldpiece Instruments\",\"url\":\"https:\/\/www.fieldpiece.com\/fr\/\",\"logo\":{\"@type\":\"ImageObject\",\"inLanguage\":\"fr-FR\",\"@id\":\"https:\/\/www.fieldpiece.com\/fr\/#\/schema\/logo\/image\/\",\"url\":\"https:\/\/resources.fieldpiece.com\/wp-content\/uploads\/2021\/02\/Logos-490x358-1.jpg\",\"contentUrl\":\"https:\/\/resources.fieldpiece.com\/wp-content\/uploads\/2021\/02\/Logos-490x358-1.jpg\",\"width\":490,\"height\":358,\"caption\":\"Fieldpiece Instruments\"},\"image\":{\"@id\":\"https:\/\/www.fieldpiece.com\/fr\/#\/schema\/logo\/image\/\"}}]}<\/script>\n<!-- \/ Yoast SEO plugin. -->","yoast_head_json":{"title":"O\u00f9 acheter - Fieldpiece Instruments","robots":{"index":"index","follow":"follow","max-snippet":"max-snippet:-1","max-image-preview":"max-image-preview:large","max-video-preview":"max-video-preview:-1"},"canonical":"https:\/\/www.fieldpiece.com\/fr\/where-to-buy\/","og_locale":"fr_FR","og_type":"article","og_title":"O\u00f9 acheter - Fieldpiece Instruments","og_description":"Les produits Fieldpiece semblent \u00eatre partout mais vous pouvez consulter la carte ci-dessous pour trouver un distributeur Fieldpiece pr\u00e8s de ...","og_url":"https:\/\/www.fieldpiece.com\/fr\/where-to-buy\/","og_site_name":"Fieldpiece Instruments","article_modified_time":"2021-09-30T10:09:10+00:00","twitter_card":"summary_large_image","schema":{"@context":"https:\/\/schema.org","@graph":[{"@type":"WebPage","@id":"https:\/\/www.fieldpiece.com\/fr\/where-to-buy\/","url":"https:\/\/www.fieldpiece.com\/fr\/where-to-buy\/","name":"O\u00f9 acheter - Fieldpiece Instruments","isPartOf":{"@id":"https:\/\/www.fieldpiece.com\/fr\/#website"},"datePublished":"2021-01-08T22:48:39+00:00","dateModified":"2021-09-30T10:09:10+00:00","breadcrumb":{"@id":"https:\/\/www.fieldpiece.com\/fr\/where-to-buy\/#breadcrumb"},"inLanguage":"fr-FR","potentialAction":[{"@type":"ReadAction","target":["https:\/\/www.fieldpiece.com\/fr\/where-to-buy\/"]}]},{"@type":"BreadcrumbList","@id":"https:\/\/www.fieldpiece.com\/fr\/where-to-buy\/#breadcrumb","itemListElement":[{"@type":"ListItem","position":1,"name":"Home","item":"https:\/\/www.fieldpiece.com\/fr\/"},{"@type":"ListItem","position":2,"name":"O\u00f9 acheter"}]},{"@type":"WebSite","@id":"https:\/\/www.fieldpiece.com\/fr\/#website","url":"https:\/\/www.fieldpiece.com\/fr\/","name":"Fieldpiece Instruments","description":"","publisher":{"@id":"https:\/\/www.fieldpiece.com\/fr\/#organization"},"potentialAction":[{"@type":"SearchAction","target":{"@type":"EntryPoint","urlTemplate":"https:\/\/www.fieldpiece.com\/fr\/?s={search_term_string}"},"query-input":{"@type":"PropertyValueSpecification","valueRequired":true,"valueName":"search_term_string"}}],"inLanguage":"fr-FR"},{"@type":"Organization","@id":"https:\/\/www.fieldpiece.com\/fr\/#organization","name":"Fieldpiece Instruments","url":"https:\/\/www.fieldpiece.com\/fr\/","logo":{"@type":"ImageObject","inLanguage":"fr-FR","@id":"https:\/\/www.fieldpiece.com\/fr\/#\/schema\/logo\/image\/","url":"https:\/\/resources.fieldpiece.com\/wp-content\/uploads\/2021\/02\/Logos-490x358-1.jpg","contentUrl":"https:\/\/resources.fieldpiece.com\/wp-content\/uploads\/2021\/02\/Logos-490x358-1.jpg","width":490,"height":358,"caption":"Fieldpiece Instruments"},"image":{"@id":"https:\/\/www.fieldpiece.com\/fr\/#\/schema\/logo\/image\/"}}]}},"_links":{"self":[{"href":"https:\/\/www.fieldpiece.com\/fr\/wp-json\/wp\/v2\/pages\/26676","targetHints":{"allow":["GET"]}}],"collection":[{"href":"https:\/\/www.fieldpiece.com\/fr\/wp-json\/wp\/v2\/pages"}],"about":[{"href":"https:\/\/www.fieldpiece.com\/fr\/wp-json\/wp\/v2\/types\/page"}],"author":[{"embeddable":true,"href":"https:\/\/www.fieldpiece.com\/fr\/wp-json\/wp\/v2\/users\/417"}],"replies":[{"embeddable":true,"href":"https:\/\/www.fieldpiece.com\/fr\/wp-json\/wp\/v2\/comments?post=26676"}],"version-history":[{"count":11,"href":"https:\/\/www.fieldpiece.com\/fr\/wp-json\/wp\/v2\/pages\/26676\/revisions"}],"predecessor-version":[{"id":71239,"href":"https:\/\/www.fieldpiece.com\/fr\/wp-json\/wp\/v2\/pages\/26676\/revisions\/71239"}],"wp:attachment":[{"href":"https:\/\/www.fieldpiece.com\/fr\/wp-json\/wp\/v2\/media?parent=26676"}],"curies":[{"name":"wp","href":"https:\/\/api.w.org\/{rel}","templated":true}]}}