	{"id":24654,"date":"2020-11-13T08:33:16","date_gmt":"2020-11-13T08:33:16","guid":{"rendered":"https:\/\/www.fieldpiece.com\/training\/"},"modified":"2021-09-16T01:01:00","modified_gmt":"2021-09-16T08:01:00","slug":"training","status":"publish","type":"page","link":"https:\/\/www.fieldpiece.com\/fr\/training\/","title":{"rendered":"Formation"},"content":{"rendered":"&#13;\r\n<p>Nous mettons \u00e0 votre disposition de nombreuses ressources de formation pratiques pour vous aider, ainsi que votre \u00e9quipe, \u00e0 r\u00e9pondre aux questions les plus pressantes de vos clients concernant les produits Fieldpiece et \u00e0 ma\u00eetriser leurs fonctionnalit\u00e9s et b\u00e9n\u00e9fices et pour vous tenir au courant des meilleures pratiques relatives aux applications de CVCR. <\/p>&#13;\r\n<h3>Demander une formation directe \u00e0 Fieldpiece<\/h3>&#13;\r\n<p>Programmez une formation virtuelle ou en personne avec l&rsquo;un de nos sp\u00e9cialistes de formation technique.<\/p>&#13;\r\n<p>\u00a0<\/p>&#13;\r\n<div class=\"gform-contact\"><script>\n\/\/----------------------------------------------------------\n\/\/------ JAVASCRIPT HOOK FUNCTIONS FOR GRAVITY FORMS -------\n\/\/----------------------------------------------------------\n\nif ( ! gform ) {\n\tdocument.addEventListener( 'gform_main_scripts_loaded', function() { gform.scriptsLoaded = true; } );\n\tdocument.addEventListener( 'gform\/theme\/scripts_loaded', function() { gform.themeScriptsLoaded = true; } );\n\twindow.addEventListener( 'DOMContentLoaded', function() { gform.domLoaded = true; } );\n\n\tvar gform = {\n\t\tdomLoaded: false,\n\t\tscriptsLoaded: false,\n\t\tthemeScriptsLoaded: false,\n\t\tisFormEditor: () => typeof InitializeEditor === 'function',\n\n\t\t\/**\n\t\t * @deprecated 2.9 the use of initializeOnLoaded in the form editor context is deprecated.\n\t\t * @remove-in 3.1 this function will not check for gform.isFormEditor().\n\t\t *\/\n\t\tcallIfLoaded: function ( fn ) {\n\t\t\tif ( gform.domLoaded && gform.scriptsLoaded && ( gform.themeScriptsLoaded || gform.isFormEditor() ) ) {\n\t\t\t\tif ( gform.isFormEditor() ) {\n\t\t\t\t\tconsole.warn( 'The use of gform.initializeOnLoaded() is deprecated in the form editor context and will be removed in Gravity Forms 3.1.' );\n\t\t\t\t}\n\t\t\t\tfn();\n\t\t\t\treturn true;\n\t\t\t}\n\t\t\treturn false;\n\t\t},\n\n\t\t\/**\n\t\t * Call a function when all scripts are loaded\n\t\t *\n\t\t * @param function fn the callback function to call when all scripts are loaded\n\t\t *\n\t\t * @returns void\n\t\t *\/\n\t\tinitializeOnLoaded: function( fn ) {\n\t\t\tif ( ! gform.callIfLoaded( fn ) ) {\n\t\t\t\tdocument.addEventListener( 'gform_main_scripts_loaded', () => { gform.scriptsLoaded = true; gform.callIfLoaded( fn ); } );\n\t\t\t\tdocument.addEventListener( 'gform\/theme\/scripts_loaded', () => { gform.themeScriptsLoaded = true; gform.callIfLoaded( fn ); } );\n\t\t\t\twindow.addEventListener( 'DOMContentLoaded', () => { gform.domLoaded = true; gform.callIfLoaded( fn ); } );\n\t\t\t}\n\t\t},\n\n\t\thooks: { action: {}, filter: {} },\n\t\taddAction: function( action, callable, priority, tag ) {\n\t\t\tgform.addHook( 'action', action, callable, priority, tag );\n\t\t},\n\t\taddFilter: function( action, callable, priority, tag ) {\n\t\t\tgform.addHook( 'filter', action, callable, priority, tag );\n\t\t},\n\t\tdoAction: function( action ) {\n\t\t\tgform.doHook( 'action', action, arguments );\n\t\t},\n\t\tapplyFilters: function( action ) {\n\t\t\treturn gform.doHook( 'filter', action, arguments );\n\t\t},\n\t\tremoveAction: function( action, tag ) {\n\t\t\tgform.removeHook( 'action', action, tag );\n\t\t},\n\t\tremoveFilter: function( action, priority, tag ) {\n\t\t\tgform.removeHook( 'filter', action, priority, tag );\n\t\t},\n\t\taddHook: function( hookType, action, callable, priority, tag ) {\n\t\t\tif ( undefined == gform.hooks[hookType][action] ) {\n\t\t\t\tgform.hooks[hookType][action] = [];\n\t\t\t}\n\t\t\tvar hooks = gform.hooks[hookType][action];\n\t\t\tif ( undefined == tag ) {\n\t\t\t\ttag = action + '_' + hooks.length;\n\t\t\t}\n\t\t\tif( priority == undefined ){\n\t\t\t\tpriority = 10;\n\t\t\t}\n\n\t\t\tgform.hooks[hookType][action].push( { tag:tag, callable:callable, priority:priority } );\n\t\t},\n\t\tdoHook: function( hookType, action, args ) {\n\n\t\t\t\/\/ splice args from object into array and remove first index which is the hook name\n\t\t\targs = Array.prototype.slice.call(args, 1);\n\n\t\t\tif ( undefined != gform.hooks[hookType][action] ) {\n\t\t\t\tvar hooks = gform.hooks[hookType][action], hook;\n\t\t\t\t\/\/sort by priority\n\t\t\t\thooks.sort(function(a,b){return a[\"priority\"]-b[\"priority\"]});\n\n\t\t\t\thooks.forEach( function( hookItem ) {\n\t\t\t\t\thook = hookItem.callable;\n\n\t\t\t\t\tif(typeof hook != 'function')\n\t\t\t\t\t\thook = window[hook];\n\t\t\t\t\tif ( 'action' == hookType ) {\n\t\t\t\t\t\thook.apply(null, args);\n\t\t\t\t\t} else {\n\t\t\t\t\t\targs[0] = hook.apply(null, args);\n\t\t\t\t\t}\n\t\t\t\t} );\n\t\t\t}\n\t\t\tif ( 'filter'==hookType ) {\n\t\t\t\treturn args[0];\n\t\t\t}\n\t\t},\n\t\tremoveHook: function( hookType, action, priority, tag ) {\n\t\t\tif ( undefined != gform.hooks[hookType][action] ) {\n\t\t\t\tvar hooks = gform.hooks[hookType][action];\n\t\t\t\thooks = hooks.filter( function(hook, index, arr) {\n\t\t\t\t\tvar removeHook = (undefined==tag||tag==hook.tag) && (undefined==priority||priority==hook.priority);\n\t\t\t\t\treturn !removeHook;\n\t\t\t\t} );\n\t\t\t\tgform.hooks[hookType][action] = hooks;\n\t\t\t}\n\t\t}\n\t};\n}\n<\/script>\n\n                <div class='gf_browser_gecko gform_wrapper gravity-theme gform-theme--no-framework gform-customisation_wrapper' data-form-theme='gravity-theme' data-form-index='0' id='gform_wrapper_5' ><div id='gf_5' class='gform_anchor' tabindex='-1'><\/div>\n                        <div class='gform_heading'>\n                            <h2 class=\"gform_title\">Training<\/h2>\n                            <p class='gform_description'><\/p>\n                        <\/div><form method='post' enctype='multipart\/form-data' target='gform_ajax_frame_5' id='gform_5' class='gform-customisation' action='\/fr\/wp-json\/wp\/v2\/pages\/24654#gf_5' data-formid='5' novalidate> \r\n <input type='hidden' class='gforms-pum' value='{\"closepopup\":false,\"closedelay\":0,\"openpopup\":false,\"openpopup_id\":0}' \/>\n                        <div class='gform-body gform_body'><div id='gform_fields_5' class='gform_fields top_label form_sublabel_below description_below validation_below'><div id=\"field_5_1\" class=\"gfield gfield--type-text gfield--width-half gform-group gfield_contains_required field_sublabel_below gfield--no-description field_description_below field_validation_below gfield_visibility_visible\"  ><label class='gfield_label gform-field-label screen-reader-text' for='input_5_1'>Pr\u00e9nom<span class=\"gfield_required\"><span class=\"gfield_required gfield_required_text\">(N\u00e9cessaire)<\/span><\/span><\/label><div class='ginput_container ginput_container_text'><input name='input_1' id='input_5_1' type='text' value='' class='large'    placeholder='Pr\u00e9nom' aria-required=\"true\" aria-invalid=\"false\"   \/><\/div><\/div><div id=\"field_5_2\" class=\"gfield gfield--type-text gfield--width-half gform-group gfield_contains_required field_sublabel_below gfield--no-description field_description_below field_validation_below gfield_visibility_visible\"  ><label class='gfield_label gform-field-label screen-reader-text' for='input_5_2'>Nom<span class=\"gfield_required\"><span class=\"gfield_required gfield_required_text\">(N\u00e9cessaire)<\/span><\/span><\/label><div class='ginput_container ginput_container_text'><input name='input_2' id='input_5_2' type='text' value='' class='large'    placeholder='Nom' aria-required=\"true\" aria-invalid=\"false\"   \/><\/div><\/div><div id=\"field_5_3\" class=\"gfield gfield--type-phone gfield--width-half gform-group gfield_contains_required field_sublabel_below gfield--no-description field_description_below field_validation_below gfield_visibility_visible\"  ><label class='gfield_label gform-field-label screen-reader-text' for='input_5_3'>T\u00e9l\u00e9phone<span class=\"gfield_required\"><span class=\"gfield_required gfield_required_text\">(N\u00e9cessaire)<\/span><\/span><\/label><div class='ginput_container ginput_container_phone'><input name='input_3' id='input_5_3' type='tel' value='' class='large'  placeholder='T\u00e9l\u00e9phone' aria-required=\"true\" aria-invalid=\"false\"   \/><\/div><\/div><div id=\"field_5_4\" class=\"gfield gfield--type-email gfield--width-half gform-group gfield_contains_required field_sublabel_below gfield--no-description field_description_below field_validation_below gfield_visibility_visible\"  ><label class='gfield_label gform-field-label screen-reader-text' for='input_5_4'>E-mail<span class=\"gfield_required\"><span class=\"gfield_required gfield_required_text\">(N\u00e9cessaire)<\/span><\/span><\/label><div class='ginput_container ginput_container_email'>\n                            <input name='input_4' id='input_5_4' type='email' value='' class='large'   placeholder='E-mail' aria-required=\"true\" aria-invalid=\"false\"  \/>\n                        <\/div><\/div><div id=\"field_5_5\" class=\"gfield gfield--type-text gfield--width-half gform-group field_sublabel_below gfield--no-description field_description_below field_validation_below gfield_visibility_visible\"  ><label class='gfield_label gform-field-label screen-reader-text' for='input_5_5'>Nom de l\u2019entreprise<\/label><div class='ginput_container ginput_container_text'><input name='input_5' id='input_5_5' type='text' value='' class='large'    placeholder='Nom de l\u2019entreprise'  aria-invalid=\"false\"   \/><\/div><\/div><div id=\"field_5_6\" class=\"gfield gfield--type-select gfield--width-half gform-group gfield_contains_required field_sublabel_below gfield--no-description field_description_below field_validation_below gfield_visibility_visible\"  ><label class='gfield_label gform-field-label screen-reader-text' for='input_5_6'>La fonction qui me d\u00e9crit le mieux...<span class=\"gfield_required\"><span class=\"gfield_required gfield_required_text\">(N\u00e9cessaire)<\/span><\/span><\/label><div class='ginput_container ginput_container_select'><select name='input_6' id='input_5_6' class='large gfield_select'    aria-required=\"true\" aria-invalid=\"false\" ><option value='' selected='selected' class='gf_placeholder'>La fonction qui me d\u00e9crit le mieux...<\/option><option value='Technicien' >Technicien<\/option><option value='Entrepreneur' >Entrepreneur<\/option><option value='Distributeur' >Distributeur<\/option><option value='Centre de formation' >Centre de formation<\/option><option value='\u00c9diteur' >\u00c9diteur<\/option><option value='Autre' >Autre<\/option><\/select><\/div><\/div><div id=\"field_5_7\" class=\"gfield gfield--type-captcha field_sublabel_below gfield--no-description field_description_below field_validation_below gfield_visibility_visible\"  ><label class='gfield_label gform-field-label' for='input_5_7'>CAPTCHA<\/label><div id='input_5_7' class='ginput_container ginput_recaptcha' data-sitekey='6Lefr14qAAAAAOydy908spq9EZAorXDWq13fl_IS'  data-theme='light' data-tabindex='0'  data-badge=''><\/div><\/div><\/div><\/div>\n        <div class='gform-footer gform_footer top_label'> <input type='submit' id='gform_submit_button_5' class='gform_button button' onclick='gform.submission.handleButtonClick(this);' data-submission-type='submit' value='Envoyer'  \/> <input type='hidden' name='gform_ajax' value='form_id=5&amp;title=1&amp;description=1&amp;tabindex=0&amp;theme=gravity-theme&amp;styles=[]&amp;hash=a1fd4a8e2bc0ad6ac467ec3b0db9cbf6' \/>\n            <input type='hidden' class='gform_hidden' name='gform_submission_method' data-js='gform_submission_method_5' value='iframe' \/>\n            <input type='hidden' class='gform_hidden' name='gform_theme' data-js='gform_theme_5' id='gform_theme_5' value='gravity-theme' \/>\n            <input type='hidden' class='gform_hidden' name='gform_style_settings' data-js='gform_style_settings_5' id='gform_style_settings_5' value='[]' \/>\n            <input type='hidden' class='gform_hidden' name='is_submit_5' value='1' \/>\n            <input type='hidden' class='gform_hidden' name='gform_submit' value='5' \/>\n            \n            <input type='hidden' class='gform_hidden' name='gform_unique_id' value='' \/>\n            <input type='hidden' class='gform_hidden' name='state_5' value='WyJbXSIsIjY5YzI4NmFjNzM3NGU4ZWQ2NmZlOWI1MTliZDUzMTNhIl0=' \/>\n            <input type='hidden' autocomplete='off' class='gform_hidden' name='gform_target_page_number_5' id='gform_target_page_number_5' value='0' \/>\n            <input type='hidden' autocomplete='off' class='gform_hidden' name='gform_source_page_number_5' id='gform_source_page_number_5' value='1' \/>\n            <input type='hidden' name='gform_field_values' value='' \/>\n            \n        <\/div>\n                        <\/form>\n                        <\/div>\n\t\t                <iframe style='display:none;width:0px;height:0px;' src='about:blank' name='gform_ajax_frame_5' id='gform_ajax_frame_5' title='Cette iframe contient la logique n\u00e9cessaire pour manipuler Gravity Forms avec Ajax.'><\/iframe>\n\t\t                <script>\ngform.initializeOnLoaded( function() {gformInitSpinner( 5, 'https:\/\/www.fieldpiece.com\/wp-content\/plugins\/gravityforms\/images\/spinner.svg', true );jQuery('#gform_ajax_frame_5').on('load',function(){var contents = jQuery(this).contents().find('*').html();var is_postback = contents.indexOf('GF_AJAX_POSTBACK') >= 0;if(!is_postback){return;}var form_content = jQuery(this).contents().find('#gform_wrapper_5');var is_confirmation = jQuery(this).contents().find('#gform_confirmation_wrapper_5').length > 0;var is_redirect = contents.indexOf('gformRedirect(){') >= 0;var is_form = form_content.length > 0 && ! is_redirect && ! is_confirmation;var mt = parseInt(jQuery('html').css('margin-top'), 10) + parseInt(jQuery('body').css('margin-top'), 10) + 100;if(is_form){jQuery('#gform_wrapper_5').html(form_content.html());if(form_content.hasClass('gform_validation_error')){jQuery('#gform_wrapper_5').addClass('gform_validation_error');} else {jQuery('#gform_wrapper_5').removeClass('gform_validation_error');}setTimeout( function() { \/* delay the scroll by 50 milliseconds to fix a bug in chrome *\/ jQuery(document).scrollTop(jQuery('#gform_wrapper_5').offset().top - mt); }, 50 );if(window['gformInitDatepicker']) {gformInitDatepicker();}if(window['gformInitPriceFields']) {gformInitPriceFields();}var current_page = jQuery('#gform_source_page_number_5').val();gformInitSpinner( 5, 'https:\/\/www.fieldpiece.com\/wp-content\/plugins\/gravityforms\/images\/spinner.svg', true );jQuery(document).trigger('gform_page_loaded', [5, current_page]);window['gf_submitting_5'] = false;}else if(!is_redirect){var confirmation_content = jQuery(this).contents().find('.GF_AJAX_POSTBACK').html();if(!confirmation_content){confirmation_content = contents;}jQuery('#gform_wrapper_5').replaceWith(confirmation_content);jQuery(document).scrollTop(jQuery('#gf_5').offset().top - mt);jQuery(document).trigger('gform_confirmation_loaded', [5]);window['gf_submitting_5'] = false;wp.a11y.speak(jQuery('#gform_confirmation_message_5').text());}else{jQuery('#gform_5').append(contents);if(window['gformRedirect']) {gformRedirect();}}jQuery(document).trigger(\"gform_pre_post_render\", [{ formId: \"5\", currentPage: \"current_page\", abort: function() { this.preventDefault(); } }]);        if (event && event.defaultPrevented) {                return;        }        const gformWrapperDiv = document.getElementById( \"gform_wrapper_5\" );        if ( gformWrapperDiv ) {            const visibilitySpan = document.createElement( \"span\" );            visibilitySpan.id = \"gform_visibility_test_5\";            gformWrapperDiv.insertAdjacentElement( \"afterend\", visibilitySpan );        }        const visibilityTestDiv = document.getElementById( \"gform_visibility_test_5\" );        let postRenderFired = false;        function triggerPostRender() {            if ( postRenderFired ) {                return;            }            postRenderFired = true;            gform.core.triggerPostRenderEvents( 5, current_page );            if ( visibilityTestDiv ) {                visibilityTestDiv.parentNode.removeChild( visibilityTestDiv );            }        }        function debounce( func, wait, immediate ) {            var timeout;            return function() {                var context = this, args = arguments;                var later = function() {                    timeout = null;                    if ( !immediate ) func.apply( context, args );                };                var callNow = immediate && !timeout;                clearTimeout( timeout );                timeout = setTimeout( later, wait );                if ( callNow ) func.apply( context, args );            };        }        const debouncedTriggerPostRender = debounce( function() {            triggerPostRender();        }, 200 );        if ( visibilityTestDiv && visibilityTestDiv.offsetParent === null ) {            const observer = new MutationObserver( ( mutations ) => {                mutations.forEach( ( mutation ) => {                    if ( mutation.type === 'attributes' && visibilityTestDiv.offsetParent !== null ) {                        debouncedTriggerPostRender();                        observer.disconnect();                    }                });            });            observer.observe( document.body, {                attributes: true,                childList: false,                subtree: true,                attributeFilter: [ 'style', 'class' ],            });        } else {            triggerPostRender();        }    } );} );\n<\/script>\n<\/div>&#13;\r\n","protected":false},"excerpt":{"rendered":"<p>&#13; Nous mettons \u00e0 votre disposition de nombreuses ressources de formation pratiques pour vous aider, ainsi que votre \u00e9quipe, \u00e0 &#8230;<\/p>\n","protected":false},"author":2,"featured_media":0,"parent":0,"menu_order":0,"comment_status":"closed","ping_status":"closed","template":"templates\/template-training.php","meta":{"_acf_changed":false,"footnotes":""},"class_list":["post-24654","page","type-page","status-publish","hentry"],"acf":[],"yoast_head":"<!-- This site is optimized with the Yoast SEO plugin v27.3 - https:\/\/yoast.com\/product\/yoast-seo-wordpress\/ -->\n<title>Formation - Fieldpiece Instruments<\/title>\n<meta name=\"robots\" content=\"index, follow, max-snippet:-1, max-image-preview:large, max-video-preview:-1\" \/>\n<link rel=\"canonical\" href=\"https:\/\/www.fieldpiece.com\/fr\/training\/\" \/>\n<meta property=\"og:locale\" content=\"fr_FR\" \/>\n<meta property=\"og:type\" content=\"article\" \/>\n<meta property=\"og:title\" content=\"Formation - Fieldpiece Instruments\" \/>\n<meta property=\"og:description\" content=\"&#013; Nous mettons \u00e0 votre disposition de nombreuses ressources de formation pratiques pour vous aider, ainsi que votre \u00e9quipe, \u00e0 ...\" \/>\n<meta property=\"og:url\" content=\"https:\/\/www.fieldpiece.com\/fr\/training\/\" \/>\n<meta property=\"og:site_name\" content=\"Fieldpiece Instruments\" \/>\n<meta property=\"article:modified_time\" content=\"2021-09-16T08:01:00+00:00\" \/>\n<meta name=\"twitter:card\" content=\"summary_large_image\" \/>\n<script type=\"application\/ld+json\" class=\"yoast-schema-graph\">{\"@context\":\"https:\\\/\\\/schema.org\",\"@graph\":[{\"@type\":\"WebPage\",\"@id\":\"https:\\\/\\\/www.fieldpiece.com\\\/fr\\\/training\\\/\",\"url\":\"https:\\\/\\\/www.fieldpiece.com\\\/fr\\\/training\\\/\",\"name\":\"Formation - Fieldpiece Instruments\",\"isPartOf\":{\"@id\":\"https:\\\/\\\/www.fieldpiece.com\\\/fr\\\/#website\"},\"datePublished\":\"2020-11-13T08:33:16+00:00\",\"dateModified\":\"2021-09-16T08:01:00+00:00\",\"breadcrumb\":{\"@id\":\"https:\\\/\\\/www.fieldpiece.com\\\/fr\\\/training\\\/#breadcrumb\"},\"inLanguage\":\"fr-FR\",\"potentialAction\":[{\"@type\":\"ReadAction\",\"target\":[\"https:\\\/\\\/www.fieldpiece.com\\\/fr\\\/training\\\/\"]}]},{\"@type\":\"BreadcrumbList\",\"@id\":\"https:\\\/\\\/www.fieldpiece.com\\\/fr\\\/training\\\/#breadcrumb\",\"itemListElement\":[{\"@type\":\"ListItem\",\"position\":1,\"name\":\"Home\",\"item\":\"https:\\\/\\\/www.fieldpiece.com\\\/fr\\\/\"},{\"@type\":\"ListItem\",\"position\":2,\"name\":\"Formation\"}]},{\"@type\":\"WebSite\",\"@id\":\"https:\\\/\\\/www.fieldpiece.com\\\/fr\\\/#website\",\"url\":\"https:\\\/\\\/www.fieldpiece.com\\\/fr\\\/\",\"name\":\"Fieldpiece Instruments\",\"description\":\"\",\"publisher\":{\"@id\":\"https:\\\/\\\/www.fieldpiece.com\\\/fr\\\/#organization\"},\"potentialAction\":[{\"@type\":\"SearchAction\",\"target\":{\"@type\":\"EntryPoint\",\"urlTemplate\":\"https:\\\/\\\/www.fieldpiece.com\\\/fr\\\/?s={search_term_string}\"},\"query-input\":{\"@type\":\"PropertyValueSpecification\",\"valueRequired\":true,\"valueName\":\"search_term_string\"}}],\"inLanguage\":\"fr-FR\"},{\"@type\":\"Organization\",\"@id\":\"https:\\\/\\\/www.fieldpiece.com\\\/fr\\\/#organization\",\"name\":\"Fieldpiece Instruments\",\"url\":\"https:\\\/\\\/www.fieldpiece.com\\\/fr\\\/\",\"logo\":{\"@type\":\"ImageObject\",\"inLanguage\":\"fr-FR\",\"@id\":\"https:\\\/\\\/www.fieldpiece.com\\\/fr\\\/#\\\/schema\\\/logo\\\/image\\\/\",\"url\":\"https:\\\/\\\/resources.fieldpiece.com\\\/wp-content\\\/uploads\\\/2021\\\/02\\\/Logos-490x358-1.jpg\",\"contentUrl\":\"https:\\\/\\\/resources.fieldpiece.com\\\/wp-content\\\/uploads\\\/2021\\\/02\\\/Logos-490x358-1.jpg\",\"width\":490,\"height\":358,\"caption\":\"Fieldpiece Instruments\"},\"image\":{\"@id\":\"https:\\\/\\\/www.fieldpiece.com\\\/fr\\\/#\\\/schema\\\/logo\\\/image\\\/\"}}]}<\/script>\n<!-- \/ Yoast SEO plugin. -->","yoast_head_json":{"title":"Formation - Fieldpiece Instruments","robots":{"index":"index","follow":"follow","max-snippet":"max-snippet:-1","max-image-preview":"max-image-preview:large","max-video-preview":"max-video-preview:-1"},"canonical":"https:\/\/www.fieldpiece.com\/fr\/training\/","og_locale":"fr_FR","og_type":"article","og_title":"Formation - Fieldpiece Instruments","og_description":"&#13; Nous mettons \u00e0 votre disposition de nombreuses ressources de formation pratiques pour vous aider, ainsi que votre \u00e9quipe, \u00e0 ...","og_url":"https:\/\/www.fieldpiece.com\/fr\/training\/","og_site_name":"Fieldpiece Instruments","article_modified_time":"2021-09-16T08:01:00+00:00","twitter_card":"summary_large_image","schema":{"@context":"https:\/\/schema.org","@graph":[{"@type":"WebPage","@id":"https:\/\/www.fieldpiece.com\/fr\/training\/","url":"https:\/\/www.fieldpiece.com\/fr\/training\/","name":"Formation - Fieldpiece Instruments","isPartOf":{"@id":"https:\/\/www.fieldpiece.com\/fr\/#website"},"datePublished":"2020-11-13T08:33:16+00:00","dateModified":"2021-09-16T08:01:00+00:00","breadcrumb":{"@id":"https:\/\/www.fieldpiece.com\/fr\/training\/#breadcrumb"},"inLanguage":"fr-FR","potentialAction":[{"@type":"ReadAction","target":["https:\/\/www.fieldpiece.com\/fr\/training\/"]}]},{"@type":"BreadcrumbList","@id":"https:\/\/www.fieldpiece.com\/fr\/training\/#breadcrumb","itemListElement":[{"@type":"ListItem","position":1,"name":"Home","item":"https:\/\/www.fieldpiece.com\/fr\/"},{"@type":"ListItem","position":2,"name":"Formation"}]},{"@type":"WebSite","@id":"https:\/\/www.fieldpiece.com\/fr\/#website","url":"https:\/\/www.fieldpiece.com\/fr\/","name":"Fieldpiece Instruments","description":"","publisher":{"@id":"https:\/\/www.fieldpiece.com\/fr\/#organization"},"potentialAction":[{"@type":"SearchAction","target":{"@type":"EntryPoint","urlTemplate":"https:\/\/www.fieldpiece.com\/fr\/?s={search_term_string}"},"query-input":{"@type":"PropertyValueSpecification","valueRequired":true,"valueName":"search_term_string"}}],"inLanguage":"fr-FR"},{"@type":"Organization","@id":"https:\/\/www.fieldpiece.com\/fr\/#organization","name":"Fieldpiece Instruments","url":"https:\/\/www.fieldpiece.com\/fr\/","logo":{"@type":"ImageObject","inLanguage":"fr-FR","@id":"https:\/\/www.fieldpiece.com\/fr\/#\/schema\/logo\/image\/","url":"https:\/\/resources.fieldpiece.com\/wp-content\/uploads\/2021\/02\/Logos-490x358-1.jpg","contentUrl":"https:\/\/resources.fieldpiece.com\/wp-content\/uploads\/2021\/02\/Logos-490x358-1.jpg","width":490,"height":358,"caption":"Fieldpiece Instruments"},"image":{"@id":"https:\/\/www.fieldpiece.com\/fr\/#\/schema\/logo\/image\/"}}]}},"_links":{"self":[{"href":"https:\/\/www.fieldpiece.com\/fr\/wp-json\/wp\/v2\/pages\/24654","targetHints":{"allow":["GET"]}}],"collection":[{"href":"https:\/\/www.fieldpiece.com\/fr\/wp-json\/wp\/v2\/pages"}],"about":[{"href":"https:\/\/www.fieldpiece.com\/fr\/wp-json\/wp\/v2\/types\/page"}],"author":[{"embeddable":true,"href":"https:\/\/www.fieldpiece.com\/fr\/wp-json\/wp\/v2\/users\/2"}],"replies":[{"embeddable":true,"href":"https:\/\/www.fieldpiece.com\/fr\/wp-json\/wp\/v2\/comments?post=24654"}],"version-history":[{"count":11,"href":"https:\/\/www.fieldpiece.com\/fr\/wp-json\/wp\/v2\/pages\/24654\/revisions"}],"predecessor-version":[{"id":68758,"href":"https:\/\/www.fieldpiece.com\/fr\/wp-json\/wp\/v2\/pages\/24654\/revisions\/68758"}],"wp:attachment":[{"href":"https:\/\/www.fieldpiece.com\/fr\/wp-json\/wp\/v2\/media?parent=24654"}],"curies":[{"name":"wp","href":"https:\/\/api.w.org\/{rel}","templated":true}]}}