	{"id":24491,"date":"2020-11-03T05:29:10","date_gmt":"2020-11-03T05:29:10","guid":{"rendered":"https:\/\/www.fieldpiece.com\/download-software-firmware-updates\/"},"modified":"2025-05-07T14:58:07","modified_gmt":"2025-05-07T21:58:07","slug":"download-software-firmware-updates","status":"publish","type":"page","link":"https:\/\/www.fieldpiece.com\/fr\/download-software-firmware-updates\/","title":{"rendered":"Mises \u00e0 jour des logiciels et micrologiciels"},"content":{"rendered":"\r\n\r\n\r\n<p>Nous publions occasionnellement des mises \u00e0 jour dans le but de corriger des bogues, ajouter de nouveaux fluides frigorig\u00e8nes ou am\u00e9liorer le logiciel et le micrologiciel dans nos instruments Fieldpiece. Cliquez sur les liens ci-dessous pour t\u00e9l\u00e9charger ce dont vous avez besoin pour optimiser les performances de vos produits Fieldpiece.<\/p>\r\n\r\n\r\n\r\n<p>Si vous <a href=\"https:\/\/www.fieldpiece.com\/fr\/register-a-product\/\">enregistrez votre dispositif<\/a> aupr\u00e8s de Fieldpiece, nous vous enverrons les mises \u00e0 jour par e-mail d\u00e8s qu&rsquo;elles seront disponibles.<\/p>\r\n<p><a class=\"btn btn-primary yellow-border\" href=\"https:\/\/resources.fieldpiece.com\/wp-content\/uploads\/2021\/01\/Firmware-Updater-v39-102419.zip\" target=\"_blank\" rel=\"noopener noreferrer\">T\u00e9l\u00e9chargez les derniers micrologiciels<\/a><a class=\"btn btn-primary yellow-border\" href=\"https:\/\/resources.fieldpiece.com\/wp-content\/uploads\/2020\/11\/SMAN400-SMAN300-JL2-Firmware-Update-Instructions-v03.pdf\" target=\"_blank\" rel=\"noopener noreferrer\">T\u00e9l\u00e9chargez les instructions d&rsquo;installation des micrologiciels<\/a><\/p>\r\n<p>&nbsp;<\/p>\r\n","protected":false},"excerpt":{"rendered":"<p>Nous publions occasionnellement des mises \u00e0 jour dans le but de corriger des bogues, ajouter de nouveaux fluides frigorig\u00e8nes ou &#8230;<\/p>\n","protected":false},"author":2,"featured_media":0,"parent":0,"menu_order":0,"comment_status":"closed","ping_status":"closed","template":"templates\/template-basic.php","meta":{"_acf_changed":false,"footnotes":""},"class_list":["post-24491","page","type-page","status-publish","hentry"],"acf":[],"yoast_head":"<!-- This site is optimized with the Yoast SEO plugin v27.3 - https:\/\/yoast.com\/product\/yoast-seo-wordpress\/ -->\n<title>Mises \u00e0 jour des logiciels et micrologiciels - Fieldpiece Instruments<\/title>\n<meta name=\"robots\" content=\"index, follow, max-snippet:-1, max-image-preview:large, max-video-preview:-1\" \/>\n<link rel=\"canonical\" href=\"https:\/\/www.fieldpiece.com\/fr\/download-software-firmware-updates\/\" \/>\n<meta property=\"og:locale\" content=\"fr_FR\" \/>\n<meta property=\"og:type\" content=\"article\" \/>\n<meta property=\"og:title\" content=\"Mises \u00e0 jour des logiciels et micrologiciels - Fieldpiece Instruments\" \/>\n<meta property=\"og:description\" content=\"Nous publions occasionnellement des mises \u00e0 jour dans le but de corriger des bogues, ajouter de nouveaux fluides frigorig\u00e8nes ou ...\" \/>\n<meta property=\"og:url\" content=\"https:\/\/www.fieldpiece.com\/fr\/download-software-firmware-updates\/\" \/>\n<meta property=\"og:site_name\" content=\"Fieldpiece Instruments\" \/>\n<meta property=\"article:modified_time\" content=\"2025-05-07T21:58:07+00:00\" \/>\n<meta name=\"twitter:card\" content=\"summary_large_image\" \/>\n<meta name=\"twitter:label1\" content=\"Dur\u00e9e de lecture estim\u00e9e\" \/>\n\t<meta name=\"twitter:data1\" content=\"1 minute\" \/>\n<script type=\"application\/ld+json\" class=\"yoast-schema-graph\">{\"@context\":\"https:\\\/\\\/schema.org\",\"@graph\":[{\"@type\":\"WebPage\",\"@id\":\"https:\\\/\\\/www.fieldpiece.com\\\/fr\\\/download-software-firmware-updates\\\/\",\"url\":\"https:\\\/\\\/www.fieldpiece.com\\\/fr\\\/download-software-firmware-updates\\\/\",\"name\":\"Mises \u00e0 jour des logiciels et micrologiciels - Fieldpiece Instruments\",\"isPartOf\":{\"@id\":\"https:\\\/\\\/www.fieldpiece.com\\\/fr\\\/#website\"},\"datePublished\":\"2020-11-03T05:29:10+00:00\",\"dateModified\":\"2025-05-07T21:58:07+00:00\",\"breadcrumb\":{\"@id\":\"https:\\\/\\\/www.fieldpiece.com\\\/fr\\\/download-software-firmware-updates\\\/#breadcrumb\"},\"inLanguage\":\"fr-FR\",\"potentialAction\":[{\"@type\":\"ReadAction\",\"target\":[\"https:\\\/\\\/www.fieldpiece.com\\\/fr\\\/download-software-firmware-updates\\\/\"]}]},{\"@type\":\"BreadcrumbList\",\"@id\":\"https:\\\/\\\/www.fieldpiece.com\\\/fr\\\/download-software-firmware-updates\\\/#breadcrumb\",\"itemListElement\":[{\"@type\":\"ListItem\",\"position\":1,\"name\":\"Home\",\"item\":\"https:\\\/\\\/www.fieldpiece.com\\\/fr\\\/\"},{\"@type\":\"ListItem\",\"position\":2,\"name\":\"Mises \u00e0 jour des logiciels et micrologiciels\"}]},{\"@type\":\"WebSite\",\"@id\":\"https:\\\/\\\/www.fieldpiece.com\\\/fr\\\/#website\",\"url\":\"https:\\\/\\\/www.fieldpiece.com\\\/fr\\\/\",\"name\":\"Fieldpiece Instruments\",\"description\":\"\",\"publisher\":{\"@id\":\"https:\\\/\\\/www.fieldpiece.com\\\/fr\\\/#organization\"},\"potentialAction\":[{\"@type\":\"SearchAction\",\"target\":{\"@type\":\"EntryPoint\",\"urlTemplate\":\"https:\\\/\\\/www.fieldpiece.com\\\/fr\\\/?s={search_term_string}\"},\"query-input\":{\"@type\":\"PropertyValueSpecification\",\"valueRequired\":true,\"valueName\":\"search_term_string\"}}],\"inLanguage\":\"fr-FR\"},{\"@type\":\"Organization\",\"@id\":\"https:\\\/\\\/www.fieldpiece.com\\\/fr\\\/#organization\",\"name\":\"Fieldpiece Instruments\",\"url\":\"https:\\\/\\\/www.fieldpiece.com\\\/fr\\\/\",\"logo\":{\"@type\":\"ImageObject\",\"inLanguage\":\"fr-FR\",\"@id\":\"https:\\\/\\\/www.fieldpiece.com\\\/fr\\\/#\\\/schema\\\/logo\\\/image\\\/\",\"url\":\"https:\\\/\\\/resources.fieldpiece.com\\\/wp-content\\\/uploads\\\/2021\\\/02\\\/Logos-490x358-1.jpg\",\"contentUrl\":\"https:\\\/\\\/resources.fieldpiece.com\\\/wp-content\\\/uploads\\\/2021\\\/02\\\/Logos-490x358-1.jpg\",\"width\":490,\"height\":358,\"caption\":\"Fieldpiece Instruments\"},\"image\":{\"@id\":\"https:\\\/\\\/www.fieldpiece.com\\\/fr\\\/#\\\/schema\\\/logo\\\/image\\\/\"}}]}<\/script>\n<!-- \/ Yoast SEO plugin. -->","yoast_head_json":{"title":"Mises \u00e0 jour des logiciels et micrologiciels - Fieldpiece Instruments","robots":{"index":"index","follow":"follow","max-snippet":"max-snippet:-1","max-image-preview":"max-image-preview:large","max-video-preview":"max-video-preview:-1"},"canonical":"https:\/\/www.fieldpiece.com\/fr\/download-software-firmware-updates\/","og_locale":"fr_FR","og_type":"article","og_title":"Mises \u00e0 jour des logiciels et micrologiciels - Fieldpiece Instruments","og_description":"Nous publions occasionnellement des mises \u00e0 jour dans le but de corriger des bogues, ajouter de nouveaux fluides frigorig\u00e8nes ou ...","og_url":"https:\/\/www.fieldpiece.com\/fr\/download-software-firmware-updates\/","og_site_name":"Fieldpiece Instruments","article_modified_time":"2025-05-07T21:58:07+00:00","twitter_card":"summary_large_image","twitter_misc":{"Dur\u00e9e de lecture estim\u00e9e":"1 minute"},"schema":{"@context":"https:\/\/schema.org","@graph":[{"@type":"WebPage","@id":"https:\/\/www.fieldpiece.com\/fr\/download-software-firmware-updates\/","url":"https:\/\/www.fieldpiece.com\/fr\/download-software-firmware-updates\/","name":"Mises \u00e0 jour des logiciels et micrologiciels - Fieldpiece Instruments","isPartOf":{"@id":"https:\/\/www.fieldpiece.com\/fr\/#website"},"datePublished":"2020-11-03T05:29:10+00:00","dateModified":"2025-05-07T21:58:07+00:00","breadcrumb":{"@id":"https:\/\/www.fieldpiece.com\/fr\/download-software-firmware-updates\/#breadcrumb"},"inLanguage":"fr-FR","potentialAction":[{"@type":"ReadAction","target":["https:\/\/www.fieldpiece.com\/fr\/download-software-firmware-updates\/"]}]},{"@type":"BreadcrumbList","@id":"https:\/\/www.fieldpiece.com\/fr\/download-software-firmware-updates\/#breadcrumb","itemListElement":[{"@type":"ListItem","position":1,"name":"Home","item":"https:\/\/www.fieldpiece.com\/fr\/"},{"@type":"ListItem","position":2,"name":"Mises \u00e0 jour des logiciels et micrologiciels"}]},{"@type":"WebSite","@id":"https:\/\/www.fieldpiece.com\/fr\/#website","url":"https:\/\/www.fieldpiece.com\/fr\/","name":"Fieldpiece Instruments","description":"","publisher":{"@id":"https:\/\/www.fieldpiece.com\/fr\/#organization"},"potentialAction":[{"@type":"SearchAction","target":{"@type":"EntryPoint","urlTemplate":"https:\/\/www.fieldpiece.com\/fr\/?s={search_term_string}"},"query-input":{"@type":"PropertyValueSpecification","valueRequired":true,"valueName":"search_term_string"}}],"inLanguage":"fr-FR"},{"@type":"Organization","@id":"https:\/\/www.fieldpiece.com\/fr\/#organization","name":"Fieldpiece Instruments","url":"https:\/\/www.fieldpiece.com\/fr\/","logo":{"@type":"ImageObject","inLanguage":"fr-FR","@id":"https:\/\/www.fieldpiece.com\/fr\/#\/schema\/logo\/image\/","url":"https:\/\/resources.fieldpiece.com\/wp-content\/uploads\/2021\/02\/Logos-490x358-1.jpg","contentUrl":"https:\/\/resources.fieldpiece.com\/wp-content\/uploads\/2021\/02\/Logos-490x358-1.jpg","width":490,"height":358,"caption":"Fieldpiece Instruments"},"image":{"@id":"https:\/\/www.fieldpiece.com\/fr\/#\/schema\/logo\/image\/"}}]}},"_links":{"self":[{"href":"https:\/\/www.fieldpiece.com\/fr\/wp-json\/wp\/v2\/pages\/24491","targetHints":{"allow":["GET"]}}],"collection":[{"href":"https:\/\/www.fieldpiece.com\/fr\/wp-json\/wp\/v2\/pages"}],"about":[{"href":"https:\/\/www.fieldpiece.com\/fr\/wp-json\/wp\/v2\/types\/page"}],"author":[{"embeddable":true,"href":"https:\/\/www.fieldpiece.com\/fr\/wp-json\/wp\/v2\/users\/2"}],"replies":[{"embeddable":true,"href":"https:\/\/www.fieldpiece.com\/fr\/wp-json\/wp\/v2\/comments?post=24491"}],"version-history":[{"count":10,"href":"https:\/\/www.fieldpiece.com\/fr\/wp-json\/wp\/v2\/pages\/24491\/revisions"}],"predecessor-version":[{"id":122634,"href":"https:\/\/www.fieldpiece.com\/fr\/wp-json\/wp\/v2\/pages\/24491\/revisions\/122634"}],"wp:attachment":[{"href":"https:\/\/www.fieldpiece.com\/fr\/wp-json\/wp\/v2\/media?parent=24491"}],"curies":[{"name":"wp","href":"https:\/\/api.w.org\/{rel}","templated":true}]}}