	{"id":24340,"date":"2020-10-16T13:51:49","date_gmt":"2020-10-16T13:51:49","guid":{"rendered":"https:\/\/www.fieldpiece.com\/representatives\/"},"modified":"2021-10-06T21:30:34","modified_gmt":"2021-10-07T04:30:34","slug":"representatives","status":"publish","type":"page","link":"https:\/\/www.fieldpiece.com\/fr\/representatives\/","title":{"rendered":"Repr\u00e9sentants"},"content":{"rendered":"\r\n<p>Les repr\u00e9sentants commerciaux Fieldpiece sont votre point de contact pour les instruments Fieldpiece au niveau local. Outre leurs responsabilit\u00e9s commerciales, ils remplissent diverses fonctions sur le terrain, notamment les jours de vente au comptoir, la formation des techniciens, la formation des prestataires et la participation aux salons de l&rsquo;industrie et aux \u00e9v\u00e9nements communautaires au nom de Fieldpiece. Adressez-vous \u00e0 votre repr\u00e9sentant commercial local Faites plus ample connaissance \u00e0 l&rsquo;occasion. Vous pouvez \u00e9galement nous joindre directement. Notre large \u00e9quipe a pour mission de vous faciliter la t\u00e2che et de vous aider \u00e0 travailler plus facilement, plus efficacement, plus s\u00fbrement et plus rapidement.<\/p>\r\n","protected":false},"excerpt":{"rendered":"<p>Les repr\u00e9sentants commerciaux Fieldpiece sont votre point de contact pour les instruments Fieldpiece au niveau local. Outre leurs responsabilit\u00e9s commerciales, &#8230;<\/p>\n","protected":false},"author":2,"featured_media":0,"parent":0,"menu_order":0,"comment_status":"closed","ping_status":"closed","template":"templates\/template-basic.php","meta":{"_acf_changed":false,"footnotes":""},"class_list":["post-24340","page","type-page","status-publish","hentry"],"acf":[],"yoast_head":"<!-- This site is optimized with the Yoast SEO plugin v27.2 - https:\/\/yoast.com\/product\/yoast-seo-wordpress\/ -->\n<title>Repr\u00e9sentants - Fieldpiece Instruments<\/title>\n<meta name=\"robots\" content=\"index, follow, max-snippet:-1, max-image-preview:large, max-video-preview:-1\" \/>\n<link rel=\"canonical\" href=\"https:\/\/www.fieldpiece.com\/fr\/representatives\/\" \/>\n<meta property=\"og:locale\" content=\"fr_FR\" \/>\n<meta property=\"og:type\" content=\"article\" \/>\n<meta property=\"og:title\" content=\"Repr\u00e9sentants - Fieldpiece Instruments\" \/>\n<meta property=\"og:description\" content=\"Les repr\u00e9sentants commerciaux Fieldpiece sont votre point de contact pour les instruments Fieldpiece au niveau local. Outre leurs responsabilit\u00e9s commerciales, ...\" \/>\n<meta property=\"og:url\" content=\"https:\/\/www.fieldpiece.com\/fr\/representatives\/\" \/>\n<meta property=\"og:site_name\" content=\"Fieldpiece Instruments\" \/>\n<meta property=\"article:modified_time\" content=\"2021-10-07T04:30:34+00:00\" \/>\n<meta name=\"twitter:card\" content=\"summary_large_image\" \/>\n<meta name=\"twitter:label1\" content=\"Dur\u00e9e de lecture estim\u00e9e\" \/>\n\t<meta name=\"twitter:data1\" content=\"1 minute\" \/>\n<script type=\"application\/ld+json\" class=\"yoast-schema-graph\">{\"@context\":\"https:\/\/schema.org\",\"@graph\":[{\"@type\":\"WebPage\",\"@id\":\"https:\/\/www.fieldpiece.com\/fr\/representatives\/\",\"url\":\"https:\/\/www.fieldpiece.com\/fr\/representatives\/\",\"name\":\"Repr\u00e9sentants - Fieldpiece Instruments\",\"isPartOf\":{\"@id\":\"https:\/\/www.fieldpiece.com\/fr\/#website\"},\"datePublished\":\"2020-10-16T13:51:49+00:00\",\"dateModified\":\"2021-10-07T04:30:34+00:00\",\"breadcrumb\":{\"@id\":\"https:\/\/www.fieldpiece.com\/fr\/representatives\/#breadcrumb\"},\"inLanguage\":\"fr-FR\",\"potentialAction\":[{\"@type\":\"ReadAction\",\"target\":[\"https:\/\/www.fieldpiece.com\/fr\/representatives\/\"]}]},{\"@type\":\"BreadcrumbList\",\"@id\":\"https:\/\/www.fieldpiece.com\/fr\/representatives\/#breadcrumb\",\"itemListElement\":[{\"@type\":\"ListItem\",\"position\":1,\"name\":\"Home\",\"item\":\"https:\/\/www.fieldpiece.com\/fr\/\"},{\"@type\":\"ListItem\",\"position\":2,\"name\":\"Repr\u00e9sentants\"}]},{\"@type\":\"WebSite\",\"@id\":\"https:\/\/www.fieldpiece.com\/fr\/#website\",\"url\":\"https:\/\/www.fieldpiece.com\/fr\/\",\"name\":\"Fieldpiece Instruments\",\"description\":\"\",\"publisher\":{\"@id\":\"https:\/\/www.fieldpiece.com\/fr\/#organization\"},\"potentialAction\":[{\"@type\":\"SearchAction\",\"target\":{\"@type\":\"EntryPoint\",\"urlTemplate\":\"https:\/\/www.fieldpiece.com\/fr\/?s={search_term_string}\"},\"query-input\":{\"@type\":\"PropertyValueSpecification\",\"valueRequired\":true,\"valueName\":\"search_term_string\"}}],\"inLanguage\":\"fr-FR\"},{\"@type\":\"Organization\",\"@id\":\"https:\/\/www.fieldpiece.com\/fr\/#organization\",\"name\":\"Fieldpiece Instruments\",\"url\":\"https:\/\/www.fieldpiece.com\/fr\/\",\"logo\":{\"@type\":\"ImageObject\",\"inLanguage\":\"fr-FR\",\"@id\":\"https:\/\/www.fieldpiece.com\/fr\/#\/schema\/logo\/image\/\",\"url\":\"https:\/\/resources.fieldpiece.com\/wp-content\/uploads\/2021\/02\/Logos-490x358-1.jpg\",\"contentUrl\":\"https:\/\/resources.fieldpiece.com\/wp-content\/uploads\/2021\/02\/Logos-490x358-1.jpg\",\"width\":490,\"height\":358,\"caption\":\"Fieldpiece Instruments\"},\"image\":{\"@id\":\"https:\/\/www.fieldpiece.com\/fr\/#\/schema\/logo\/image\/\"}}]}<\/script>\n<!-- \/ Yoast SEO plugin. -->","yoast_head_json":{"title":"Repr\u00e9sentants - Fieldpiece Instruments","robots":{"index":"index","follow":"follow","max-snippet":"max-snippet:-1","max-image-preview":"max-image-preview:large","max-video-preview":"max-video-preview:-1"},"canonical":"https:\/\/www.fieldpiece.com\/fr\/representatives\/","og_locale":"fr_FR","og_type":"article","og_title":"Repr\u00e9sentants - Fieldpiece Instruments","og_description":"Les repr\u00e9sentants commerciaux Fieldpiece sont votre point de contact pour les instruments Fieldpiece au niveau local. Outre leurs responsabilit\u00e9s commerciales, ...","og_url":"https:\/\/www.fieldpiece.com\/fr\/representatives\/","og_site_name":"Fieldpiece Instruments","article_modified_time":"2021-10-07T04:30:34+00:00","twitter_card":"summary_large_image","twitter_misc":{"Dur\u00e9e de lecture estim\u00e9e":"1 minute"},"schema":{"@context":"https:\/\/schema.org","@graph":[{"@type":"WebPage","@id":"https:\/\/www.fieldpiece.com\/fr\/representatives\/","url":"https:\/\/www.fieldpiece.com\/fr\/representatives\/","name":"Repr\u00e9sentants - Fieldpiece Instruments","isPartOf":{"@id":"https:\/\/www.fieldpiece.com\/fr\/#website"},"datePublished":"2020-10-16T13:51:49+00:00","dateModified":"2021-10-07T04:30:34+00:00","breadcrumb":{"@id":"https:\/\/www.fieldpiece.com\/fr\/representatives\/#breadcrumb"},"inLanguage":"fr-FR","potentialAction":[{"@type":"ReadAction","target":["https:\/\/www.fieldpiece.com\/fr\/representatives\/"]}]},{"@type":"BreadcrumbList","@id":"https:\/\/www.fieldpiece.com\/fr\/representatives\/#breadcrumb","itemListElement":[{"@type":"ListItem","position":1,"name":"Home","item":"https:\/\/www.fieldpiece.com\/fr\/"},{"@type":"ListItem","position":2,"name":"Repr\u00e9sentants"}]},{"@type":"WebSite","@id":"https:\/\/www.fieldpiece.com\/fr\/#website","url":"https:\/\/www.fieldpiece.com\/fr\/","name":"Fieldpiece Instruments","description":"","publisher":{"@id":"https:\/\/www.fieldpiece.com\/fr\/#organization"},"potentialAction":[{"@type":"SearchAction","target":{"@type":"EntryPoint","urlTemplate":"https:\/\/www.fieldpiece.com\/fr\/?s={search_term_string}"},"query-input":{"@type":"PropertyValueSpecification","valueRequired":true,"valueName":"search_term_string"}}],"inLanguage":"fr-FR"},{"@type":"Organization","@id":"https:\/\/www.fieldpiece.com\/fr\/#organization","name":"Fieldpiece Instruments","url":"https:\/\/www.fieldpiece.com\/fr\/","logo":{"@type":"ImageObject","inLanguage":"fr-FR","@id":"https:\/\/www.fieldpiece.com\/fr\/#\/schema\/logo\/image\/","url":"https:\/\/resources.fieldpiece.com\/wp-content\/uploads\/2021\/02\/Logos-490x358-1.jpg","contentUrl":"https:\/\/resources.fieldpiece.com\/wp-content\/uploads\/2021\/02\/Logos-490x358-1.jpg","width":490,"height":358,"caption":"Fieldpiece Instruments"},"image":{"@id":"https:\/\/www.fieldpiece.com\/fr\/#\/schema\/logo\/image\/"}}]}},"_links":{"self":[{"href":"https:\/\/www.fieldpiece.com\/fr\/wp-json\/wp\/v2\/pages\/24340","targetHints":{"allow":["GET"]}}],"collection":[{"href":"https:\/\/www.fieldpiece.com\/fr\/wp-json\/wp\/v2\/pages"}],"about":[{"href":"https:\/\/www.fieldpiece.com\/fr\/wp-json\/wp\/v2\/types\/page"}],"author":[{"embeddable":true,"href":"https:\/\/www.fieldpiece.com\/fr\/wp-json\/wp\/v2\/users\/2"}],"replies":[{"embeddable":true,"href":"https:\/\/www.fieldpiece.com\/fr\/wp-json\/wp\/v2\/comments?post=24340"}],"version-history":[{"count":12,"href":"https:\/\/www.fieldpiece.com\/fr\/wp-json\/wp\/v2\/pages\/24340\/revisions"}],"predecessor-version":[{"id":71326,"href":"https:\/\/www.fieldpiece.com\/fr\/wp-json\/wp\/v2\/pages\/24340\/revisions\/71326"}],"wp:attachment":[{"href":"https:\/\/www.fieldpiece.com\/fr\/wp-json\/wp\/v2\/media?parent=24340"}],"curies":[{"name":"wp","href":"https:\/\/api.w.org\/{rel}","templated":true}]}}