	{"id":21425,"date":"2020-09-30T13:48:03","date_gmt":"2020-09-30T13:48:03","guid":{"rendered":"https:\/\/www.fieldpiece.com\/news-articles\/"},"modified":"2021-05-06T01:43:33","modified_gmt":"2021-05-06T08:43:33","slug":"news-articles","status":"publish","type":"page","link":"https:\/\/www.fieldpiece.com\/fr\/news-articles\/","title":{"rendered":"Actualit\u00e9s et articles"},"content":{"rendered":"&#13;\n<p>Explorez ces articles d&rsquo;actualit\u00e9s, d\u00e9couvrez les derni\u00e8res innovations et lancements de nouveaux produits, et trouvez des \u00e9v\u00e9nements Fieldpiece pr\u00e8s de chez vous. Lisez \u00e9galement des articles r\u00e9cents de nos leaders experts et suivez les derni\u00e8res actualit\u00e9s du secteur.<\/p>&#13;\n&#13;\n<p>Si vous \u00eates un membre de la presse \u00e0 la recherche d&rsquo;informations ou de commentaires sur un article particulier, n&rsquo;h\u00e9sitez pas \u00e0 nous contacter \u00e0 <a href=\"mailto:fieldpiece@beyondfifteen.com\" target=\"_blank\" rel=\"noreferrer noopener\">fieldpiece@beyondfifteen.com<\/a>.<\/p>&#13;\n","protected":false},"excerpt":{"rendered":"<p>&#13; Explorez ces articles d&rsquo;actualit\u00e9s, d\u00e9couvrez les derni\u00e8res innovations et lancements de nouveaux produits, et trouvez des \u00e9v\u00e9nements Fieldpiece pr\u00e8s &#8230;<\/p>\n","protected":false},"author":2,"featured_media":0,"parent":0,"menu_order":0,"comment_status":"closed","ping_status":"closed","template":"templates\/template-news_articles.php","meta":{"_acf_changed":false,"footnotes":""},"class_list":["post-21425","page","type-page","status-publish","hentry"],"acf":[],"yoast_head":"<!-- This site is optimized with the Yoast SEO plugin v27.3 - https:\/\/yoast.com\/product\/yoast-seo-wordpress\/ -->\n<title>Actualit\u00e9s et articles - Fieldpiece Instruments<\/title>\n<meta name=\"robots\" content=\"index, follow, max-snippet:-1, max-image-preview:large, max-video-preview:-1\" \/>\n<link rel=\"canonical\" href=\"https:\/\/www.fieldpiece.com\/fr\/news-articles\/\" \/>\n<meta property=\"og:locale\" content=\"fr_FR\" \/>\n<meta property=\"og:type\" content=\"article\" \/>\n<meta property=\"og:title\" content=\"Actualit\u00e9s et articles - Fieldpiece Instruments\" \/>\n<meta property=\"og:description\" content=\"&#013; Explorez ces articles d&rsquo;actualit\u00e9s, d\u00e9couvrez les derni\u00e8res innovations et lancements de nouveaux produits, et trouvez des \u00e9v\u00e9nements Fieldpiece pr\u00e8s ...\" \/>\n<meta property=\"og:url\" content=\"https:\/\/www.fieldpiece.com\/fr\/news-articles\/\" \/>\n<meta property=\"og:site_name\" content=\"Fieldpiece Instruments\" \/>\n<meta property=\"article:modified_time\" content=\"2021-05-06T08:43:33+00:00\" \/>\n<meta name=\"twitter:card\" content=\"summary_large_image\" \/>\n<script type=\"application\/ld+json\" class=\"yoast-schema-graph\">{\"@context\":\"https:\\\/\\\/schema.org\",\"@graph\":[{\"@type\":\"WebPage\",\"@id\":\"https:\\\/\\\/www.fieldpiece.com\\\/fr\\\/news-articles\\\/\",\"url\":\"https:\\\/\\\/www.fieldpiece.com\\\/fr\\\/news-articles\\\/\",\"name\":\"Actualit\u00e9s et articles - Fieldpiece Instruments\",\"isPartOf\":{\"@id\":\"https:\\\/\\\/www.fieldpiece.com\\\/fr\\\/#website\"},\"datePublished\":\"2020-09-30T13:48:03+00:00\",\"dateModified\":\"2021-05-06T08:43:33+00:00\",\"breadcrumb\":{\"@id\":\"https:\\\/\\\/www.fieldpiece.com\\\/fr\\\/news-articles\\\/#breadcrumb\"},\"inLanguage\":\"fr-FR\",\"potentialAction\":[{\"@type\":\"ReadAction\",\"target\":[\"https:\\\/\\\/www.fieldpiece.com\\\/fr\\\/news-articles\\\/\"]}]},{\"@type\":\"BreadcrumbList\",\"@id\":\"https:\\\/\\\/www.fieldpiece.com\\\/fr\\\/news-articles\\\/#breadcrumb\",\"itemListElement\":[{\"@type\":\"ListItem\",\"position\":1,\"name\":\"Home\",\"item\":\"https:\\\/\\\/www.fieldpiece.com\\\/fr\\\/\"},{\"@type\":\"ListItem\",\"position\":2,\"name\":\"Actualit\u00e9s et articles\"}]},{\"@type\":\"WebSite\",\"@id\":\"https:\\\/\\\/www.fieldpiece.com\\\/fr\\\/#website\",\"url\":\"https:\\\/\\\/www.fieldpiece.com\\\/fr\\\/\",\"name\":\"Fieldpiece Instruments\",\"description\":\"\",\"publisher\":{\"@id\":\"https:\\\/\\\/www.fieldpiece.com\\\/fr\\\/#organization\"},\"potentialAction\":[{\"@type\":\"SearchAction\",\"target\":{\"@type\":\"EntryPoint\",\"urlTemplate\":\"https:\\\/\\\/www.fieldpiece.com\\\/fr\\\/?s={search_term_string}\"},\"query-input\":{\"@type\":\"PropertyValueSpecification\",\"valueRequired\":true,\"valueName\":\"search_term_string\"}}],\"inLanguage\":\"fr-FR\"},{\"@type\":\"Organization\",\"@id\":\"https:\\\/\\\/www.fieldpiece.com\\\/fr\\\/#organization\",\"name\":\"Fieldpiece Instruments\",\"url\":\"https:\\\/\\\/www.fieldpiece.com\\\/fr\\\/\",\"logo\":{\"@type\":\"ImageObject\",\"inLanguage\":\"fr-FR\",\"@id\":\"https:\\\/\\\/www.fieldpiece.com\\\/fr\\\/#\\\/schema\\\/logo\\\/image\\\/\",\"url\":\"https:\\\/\\\/resources.fieldpiece.com\\\/wp-content\\\/uploads\\\/2021\\\/02\\\/Logos-490x358-1.jpg\",\"contentUrl\":\"https:\\\/\\\/resources.fieldpiece.com\\\/wp-content\\\/uploads\\\/2021\\\/02\\\/Logos-490x358-1.jpg\",\"width\":490,\"height\":358,\"caption\":\"Fieldpiece Instruments\"},\"image\":{\"@id\":\"https:\\\/\\\/www.fieldpiece.com\\\/fr\\\/#\\\/schema\\\/logo\\\/image\\\/\"}}]}<\/script>\n<!-- \/ Yoast SEO plugin. -->","yoast_head_json":{"title":"Actualit\u00e9s et articles - Fieldpiece Instruments","robots":{"index":"index","follow":"follow","max-snippet":"max-snippet:-1","max-image-preview":"max-image-preview:large","max-video-preview":"max-video-preview:-1"},"canonical":"https:\/\/www.fieldpiece.com\/fr\/news-articles\/","og_locale":"fr_FR","og_type":"article","og_title":"Actualit\u00e9s et articles - Fieldpiece Instruments","og_description":"&#13; Explorez ces articles d&rsquo;actualit\u00e9s, d\u00e9couvrez les derni\u00e8res innovations et lancements de nouveaux produits, et trouvez des \u00e9v\u00e9nements Fieldpiece pr\u00e8s ...","og_url":"https:\/\/www.fieldpiece.com\/fr\/news-articles\/","og_site_name":"Fieldpiece Instruments","article_modified_time":"2021-05-06T08:43:33+00:00","twitter_card":"summary_large_image","schema":{"@context":"https:\/\/schema.org","@graph":[{"@type":"WebPage","@id":"https:\/\/www.fieldpiece.com\/fr\/news-articles\/","url":"https:\/\/www.fieldpiece.com\/fr\/news-articles\/","name":"Actualit\u00e9s et articles - Fieldpiece Instruments","isPartOf":{"@id":"https:\/\/www.fieldpiece.com\/fr\/#website"},"datePublished":"2020-09-30T13:48:03+00:00","dateModified":"2021-05-06T08:43:33+00:00","breadcrumb":{"@id":"https:\/\/www.fieldpiece.com\/fr\/news-articles\/#breadcrumb"},"inLanguage":"fr-FR","potentialAction":[{"@type":"ReadAction","target":["https:\/\/www.fieldpiece.com\/fr\/news-articles\/"]}]},{"@type":"BreadcrumbList","@id":"https:\/\/www.fieldpiece.com\/fr\/news-articles\/#breadcrumb","itemListElement":[{"@type":"ListItem","position":1,"name":"Home","item":"https:\/\/www.fieldpiece.com\/fr\/"},{"@type":"ListItem","position":2,"name":"Actualit\u00e9s et articles"}]},{"@type":"WebSite","@id":"https:\/\/www.fieldpiece.com\/fr\/#website","url":"https:\/\/www.fieldpiece.com\/fr\/","name":"Fieldpiece Instruments","description":"","publisher":{"@id":"https:\/\/www.fieldpiece.com\/fr\/#organization"},"potentialAction":[{"@type":"SearchAction","target":{"@type":"EntryPoint","urlTemplate":"https:\/\/www.fieldpiece.com\/fr\/?s={search_term_string}"},"query-input":{"@type":"PropertyValueSpecification","valueRequired":true,"valueName":"search_term_string"}}],"inLanguage":"fr-FR"},{"@type":"Organization","@id":"https:\/\/www.fieldpiece.com\/fr\/#organization","name":"Fieldpiece Instruments","url":"https:\/\/www.fieldpiece.com\/fr\/","logo":{"@type":"ImageObject","inLanguage":"fr-FR","@id":"https:\/\/www.fieldpiece.com\/fr\/#\/schema\/logo\/image\/","url":"https:\/\/resources.fieldpiece.com\/wp-content\/uploads\/2021\/02\/Logos-490x358-1.jpg","contentUrl":"https:\/\/resources.fieldpiece.com\/wp-content\/uploads\/2021\/02\/Logos-490x358-1.jpg","width":490,"height":358,"caption":"Fieldpiece Instruments"},"image":{"@id":"https:\/\/www.fieldpiece.com\/fr\/#\/schema\/logo\/image\/"}}]}},"_links":{"self":[{"href":"https:\/\/www.fieldpiece.com\/fr\/wp-json\/wp\/v2\/pages\/21425","targetHints":{"allow":["GET"]}}],"collection":[{"href":"https:\/\/www.fieldpiece.com\/fr\/wp-json\/wp\/v2\/pages"}],"about":[{"href":"https:\/\/www.fieldpiece.com\/fr\/wp-json\/wp\/v2\/types\/page"}],"author":[{"embeddable":true,"href":"https:\/\/www.fieldpiece.com\/fr\/wp-json\/wp\/v2\/users\/2"}],"replies":[{"embeddable":true,"href":"https:\/\/www.fieldpiece.com\/fr\/wp-json\/wp\/v2\/comments?post=21425"}],"version-history":[{"count":5,"href":"https:\/\/www.fieldpiece.com\/fr\/wp-json\/wp\/v2\/pages\/21425\/revisions"}],"predecessor-version":[{"id":33364,"href":"https:\/\/www.fieldpiece.com\/fr\/wp-json\/wp\/v2\/pages\/21425\/revisions\/33364"}],"wp:attachment":[{"href":"https:\/\/www.fieldpiece.com\/fr\/wp-json\/wp\/v2\/media?parent=21425"}],"curies":[{"name":"wp","href":"https:\/\/api.w.org\/{rel}","templated":true}]}}