	{"id":20511,"date":"2020-11-24T11:18:46","date_gmt":"2020-11-24T11:18:46","guid":{"rendered":"https:\/\/www.fieldpiece.com\/fieldpiece-university\/"},"modified":"2022-03-21T00:49:28","modified_gmt":"2022-03-21T07:49:28","slug":"fieldpiece-university","status":"publish","type":"page","link":"https:\/\/www.fieldpiece.com\/fr\/fieldpiece-university\/","title":{"rendered":"Universit\u00e9 Fieldpiece"},"content":{"rendered":"&#13;\r\n<h2 class=\"wp-block-heading\" style=\"text-align: center;\">Prochainement\u00a0!<\/h2>&#13;\r\n<p>Universit\u00e9 Fieldpiece . Nous sommes en train de concevoir une universit\u00e9 en ligne pour apporter aux personnes qui utilisent nos produits les connaissances dont elles ont besoin pour ma\u00eetriser leurs produits. Cela comprend aussi bien les professionnels de CVCR que les distributeurs, les repr\u00e9sentants commerciaux externes et m\u00eame nos propres collaborateurs.<br\/><br\/>Nous sommes ravis d\u2019apporter \u00e0 des personnes comme vous les connaissances dont vous avez besoin pour utiliser tous nos produits, et comprendre comment ils peuvent vous aider dans diff\u00e9rentes applications quotidiennes.<\/p>&#13;\r\n","protected":false},"excerpt":{"rendered":"<p>&#13; Prochainement\u00a0! &#13; Universit\u00e9 Fieldpiece . Nous sommes en train de concevoir une universit\u00e9 en ligne pour apporter aux personnes &#8230;<\/p>\n","protected":false},"author":2,"featured_media":0,"parent":0,"menu_order":0,"comment_status":"closed","ping_status":"closed","template":"templates\/template-fieldpiece-university.php","meta":{"_acf_changed":false,"footnotes":""},"class_list":["post-20511","page","type-page","status-publish","hentry"],"acf":[],"yoast_head":"<!-- This site is optimized with the Yoast SEO plugin v27.3 - https:\/\/yoast.com\/product\/yoast-seo-wordpress\/ -->\n<title>Universit\u00e9 Fieldpiece - Fieldpiece Instruments<\/title>\n<meta name=\"robots\" content=\"index, follow, max-snippet:-1, max-image-preview:large, max-video-preview:-1\" \/>\n<link rel=\"canonical\" href=\"https:\/\/www.fieldpiece.com\/fr\/fieldpiece-university\/\" \/>\n<meta property=\"og:locale\" content=\"fr_FR\" \/>\n<meta property=\"og:type\" content=\"article\" \/>\n<meta property=\"og:title\" content=\"Universit\u00e9 Fieldpiece - Fieldpiece Instruments\" \/>\n<meta property=\"og:description\" content=\"&#013; Prochainement\u00a0! &#013; Universit\u00e9 Fieldpiece . Nous sommes en train de concevoir une universit\u00e9 en ligne pour apporter aux personnes ...\" \/>\n<meta property=\"og:url\" content=\"https:\/\/www.fieldpiece.com\/fr\/fieldpiece-university\/\" \/>\n<meta property=\"og:site_name\" content=\"Fieldpiece Instruments\" \/>\n<meta property=\"article:modified_time\" content=\"2022-03-21T07:49:28+00:00\" \/>\n<meta name=\"twitter:card\" content=\"summary_large_image\" \/>\n<script type=\"application\/ld+json\" class=\"yoast-schema-graph\">{\"@context\":\"https:\\\/\\\/schema.org\",\"@graph\":[{\"@type\":\"WebPage\",\"@id\":\"https:\\\/\\\/www.fieldpiece.com\\\/fr\\\/fieldpiece-university\\\/\",\"url\":\"https:\\\/\\\/www.fieldpiece.com\\\/fr\\\/fieldpiece-university\\\/\",\"name\":\"Universit\u00e9 Fieldpiece - Fieldpiece Instruments\",\"isPartOf\":{\"@id\":\"https:\\\/\\\/www.fieldpiece.com\\\/fr\\\/#website\"},\"datePublished\":\"2020-11-24T11:18:46+00:00\",\"dateModified\":\"2022-03-21T07:49:28+00:00\",\"breadcrumb\":{\"@id\":\"https:\\\/\\\/www.fieldpiece.com\\\/fr\\\/fieldpiece-university\\\/#breadcrumb\"},\"inLanguage\":\"fr-FR\",\"potentialAction\":[{\"@type\":\"ReadAction\",\"target\":[\"https:\\\/\\\/www.fieldpiece.com\\\/fr\\\/fieldpiece-university\\\/\"]}]},{\"@type\":\"BreadcrumbList\",\"@id\":\"https:\\\/\\\/www.fieldpiece.com\\\/fr\\\/fieldpiece-university\\\/#breadcrumb\",\"itemListElement\":[{\"@type\":\"ListItem\",\"position\":1,\"name\":\"Home\",\"item\":\"https:\\\/\\\/www.fieldpiece.com\\\/fr\\\/\"},{\"@type\":\"ListItem\",\"position\":2,\"name\":\"Universit\u00e9 Fieldpiece\"}]},{\"@type\":\"WebSite\",\"@id\":\"https:\\\/\\\/www.fieldpiece.com\\\/fr\\\/#website\",\"url\":\"https:\\\/\\\/www.fieldpiece.com\\\/fr\\\/\",\"name\":\"Fieldpiece Instruments\",\"description\":\"\",\"publisher\":{\"@id\":\"https:\\\/\\\/www.fieldpiece.com\\\/fr\\\/#organization\"},\"potentialAction\":[{\"@type\":\"SearchAction\",\"target\":{\"@type\":\"EntryPoint\",\"urlTemplate\":\"https:\\\/\\\/www.fieldpiece.com\\\/fr\\\/?s={search_term_string}\"},\"query-input\":{\"@type\":\"PropertyValueSpecification\",\"valueRequired\":true,\"valueName\":\"search_term_string\"}}],\"inLanguage\":\"fr-FR\"},{\"@type\":\"Organization\",\"@id\":\"https:\\\/\\\/www.fieldpiece.com\\\/fr\\\/#organization\",\"name\":\"Fieldpiece Instruments\",\"url\":\"https:\\\/\\\/www.fieldpiece.com\\\/fr\\\/\",\"logo\":{\"@type\":\"ImageObject\",\"inLanguage\":\"fr-FR\",\"@id\":\"https:\\\/\\\/www.fieldpiece.com\\\/fr\\\/#\\\/schema\\\/logo\\\/image\\\/\",\"url\":\"https:\\\/\\\/resources.fieldpiece.com\\\/wp-content\\\/uploads\\\/2021\\\/02\\\/Logos-490x358-1.jpg\",\"contentUrl\":\"https:\\\/\\\/resources.fieldpiece.com\\\/wp-content\\\/uploads\\\/2021\\\/02\\\/Logos-490x358-1.jpg\",\"width\":490,\"height\":358,\"caption\":\"Fieldpiece Instruments\"},\"image\":{\"@id\":\"https:\\\/\\\/www.fieldpiece.com\\\/fr\\\/#\\\/schema\\\/logo\\\/image\\\/\"}}]}<\/script>\n<!-- \/ Yoast SEO plugin. -->","yoast_head_json":{"title":"Universit\u00e9 Fieldpiece - Fieldpiece Instruments","robots":{"index":"index","follow":"follow","max-snippet":"max-snippet:-1","max-image-preview":"max-image-preview:large","max-video-preview":"max-video-preview:-1"},"canonical":"https:\/\/www.fieldpiece.com\/fr\/fieldpiece-university\/","og_locale":"fr_FR","og_type":"article","og_title":"Universit\u00e9 Fieldpiece - Fieldpiece Instruments","og_description":"&#13; Prochainement\u00a0! &#13; Universit\u00e9 Fieldpiece . Nous sommes en train de concevoir une universit\u00e9 en ligne pour apporter aux personnes ...","og_url":"https:\/\/www.fieldpiece.com\/fr\/fieldpiece-university\/","og_site_name":"Fieldpiece Instruments","article_modified_time":"2022-03-21T07:49:28+00:00","twitter_card":"summary_large_image","schema":{"@context":"https:\/\/schema.org","@graph":[{"@type":"WebPage","@id":"https:\/\/www.fieldpiece.com\/fr\/fieldpiece-university\/","url":"https:\/\/www.fieldpiece.com\/fr\/fieldpiece-university\/","name":"Universit\u00e9 Fieldpiece - Fieldpiece Instruments","isPartOf":{"@id":"https:\/\/www.fieldpiece.com\/fr\/#website"},"datePublished":"2020-11-24T11:18:46+00:00","dateModified":"2022-03-21T07:49:28+00:00","breadcrumb":{"@id":"https:\/\/www.fieldpiece.com\/fr\/fieldpiece-university\/#breadcrumb"},"inLanguage":"fr-FR","potentialAction":[{"@type":"ReadAction","target":["https:\/\/www.fieldpiece.com\/fr\/fieldpiece-university\/"]}]},{"@type":"BreadcrumbList","@id":"https:\/\/www.fieldpiece.com\/fr\/fieldpiece-university\/#breadcrumb","itemListElement":[{"@type":"ListItem","position":1,"name":"Home","item":"https:\/\/www.fieldpiece.com\/fr\/"},{"@type":"ListItem","position":2,"name":"Universit\u00e9 Fieldpiece"}]},{"@type":"WebSite","@id":"https:\/\/www.fieldpiece.com\/fr\/#website","url":"https:\/\/www.fieldpiece.com\/fr\/","name":"Fieldpiece Instruments","description":"","publisher":{"@id":"https:\/\/www.fieldpiece.com\/fr\/#organization"},"potentialAction":[{"@type":"SearchAction","target":{"@type":"EntryPoint","urlTemplate":"https:\/\/www.fieldpiece.com\/fr\/?s={search_term_string}"},"query-input":{"@type":"PropertyValueSpecification","valueRequired":true,"valueName":"search_term_string"}}],"inLanguage":"fr-FR"},{"@type":"Organization","@id":"https:\/\/www.fieldpiece.com\/fr\/#organization","name":"Fieldpiece Instruments","url":"https:\/\/www.fieldpiece.com\/fr\/","logo":{"@type":"ImageObject","inLanguage":"fr-FR","@id":"https:\/\/www.fieldpiece.com\/fr\/#\/schema\/logo\/image\/","url":"https:\/\/resources.fieldpiece.com\/wp-content\/uploads\/2021\/02\/Logos-490x358-1.jpg","contentUrl":"https:\/\/resources.fieldpiece.com\/wp-content\/uploads\/2021\/02\/Logos-490x358-1.jpg","width":490,"height":358,"caption":"Fieldpiece Instruments"},"image":{"@id":"https:\/\/www.fieldpiece.com\/fr\/#\/schema\/logo\/image\/"}}]}},"_links":{"self":[{"href":"https:\/\/www.fieldpiece.com\/fr\/wp-json\/wp\/v2\/pages\/20511","targetHints":{"allow":["GET"]}}],"collection":[{"href":"https:\/\/www.fieldpiece.com\/fr\/wp-json\/wp\/v2\/pages"}],"about":[{"href":"https:\/\/www.fieldpiece.com\/fr\/wp-json\/wp\/v2\/types\/page"}],"author":[{"embeddable":true,"href":"https:\/\/www.fieldpiece.com\/fr\/wp-json\/wp\/v2\/users\/2"}],"replies":[{"embeddable":true,"href":"https:\/\/www.fieldpiece.com\/fr\/wp-json\/wp\/v2\/comments?post=20511"}],"version-history":[{"count":9,"href":"https:\/\/www.fieldpiece.com\/fr\/wp-json\/wp\/v2\/pages\/20511\/revisions"}],"predecessor-version":[{"id":83808,"href":"https:\/\/www.fieldpiece.com\/fr\/wp-json\/wp\/v2\/pages\/20511\/revisions\/83808"}],"wp:attachment":[{"href":"https:\/\/www.fieldpiece.com\/fr\/wp-json\/wp\/v2\/media?parent=20511"}],"curies":[{"name":"wp","href":"https:\/\/api.w.org\/{rel}","templated":true}]}}