	{"id":17330,"date":"2020-10-03T09:50:11","date_gmt":"2020-10-03T09:50:11","guid":{"rendered":"https:\/\/www.fieldpiece.com\/about-fieldpiece\/"},"modified":"2021-07-08T00:45:19","modified_gmt":"2021-07-08T07:45:19","slug":"about-fieldpiece","status":"publish","type":"page","link":"https:\/\/www.fieldpiece.com\/fr\/about-fieldpiece\/","title":{"rendered":"\u00c0 propos de Fieldpiece"},"content":{"rendered":"\r\n<h2 class=\"wp-block-heading\">Notre mission est d&rsquo;aider le secteur.<\/h2>\r\n\r\n<div class=\"boxright\">\r\n<p><img decoding=\"async\" src=\"https:\/\/resources.fieldpiece.com\/wp-content\/uploads\/2020\/12\/working.jpg\" alt=\"\" \/><\/p>\r\n<p><a class=\"btn btn-primary\" href=\"https:\/\/www.fieldpiece.com\/fr\/contact-fieldpiece-today\/\">Contactez-nous d\u00e8s aujourd&rsquo;hui<\/a><\/p>\r\n<\/div>\r\n\r\n<p><strong>\u00ab\u00a0Nous ne cr\u00e9ons aucun produit qui ne facilite pas la t\u00e2che du technicien sur le terrain\u00a0\u00bb<\/strong><\/p>\r\n\r\n\r\n\r\n<p>Fieldpiece ne s&rsquo;est pas donn\u00e9 comme objectif initial d&rsquo;\u00eatre le leader du secteur de CVCR. Notre engagement au d\u00e9part \u00e9tait de fabriquer les meilleurs outils possibles pour les professionnels de CVCR sur le terrain. C&rsquo;est un simple postulat auquel nous nous sommes tenus fermement au cours de nos trente derni\u00e8res ann\u00e9es de croissance pour devenir le meilleur innovateur d&rsquo;outils pour les professionnels de CVCR.<\/p>\r\n<p>Chaque membre de l&rsquo;\u00e9quipe Fieldpiece est un explorateur dont la curiosit\u00e9 le pousse \u00e0 rechercher constamment une meilleure fa\u00e7on de faire les choses. Tout a commenc\u00e9 le jour o\u00f9 notre fondateur Rey Harju, sur le chemin de retour du travail, a eu une vision d&rsquo;un multim\u00e8tre de type b\u00e2ton muni de t\u00eates d\u00e9tachables que les techniciens pourraient \u00e9changer pour effectuer divers relev\u00e9s. Il n&rsquo;existait rien de tel sur le march\u00e9, mais Rey \u00e9tait convaincu que les techniciens sur le terrain avaient besoin d&rsquo;un tel outil unique, polyvalent, flexible et extensible capable d&rsquo;effectuer plusieurs tests diagnostiques.<\/p>\r\n<p>Rey a donc entrepris de cr\u00e9er cet outil. En 1990, apr\u00e8s trois ans de tests, de d\u00e9veloppement et de perfectionnement dans son garage, le multim\u00e8tre de type b\u00e2ton HS24 a vu le jour. Fieldpiece n&rsquo;a cess\u00e9 depuis lors de d\u00e9velopper des technologies r\u00e9volutionnaires, notamment le manifold num\u00e9rique SMAN\u00ae qui a transform\u00e9 pour toujours la mani\u00e8re dont les techniciens travaillent, nos sondes du syst\u00e8me Job Link\u00ae sans fil qui facilitent les tests, et toute une gamme de multim\u00e8tres et de d\u00e9tecteurs qui continuent de d\u00e9finir la norme du secteur.<\/p>\r\n<p>Comment savons-nous ce dont ont besoin les techniciens sur le terrain\u00a0? Parce que nous travaillons \u00e0 leurs c\u00f4t\u00e9s tous les jours. Les ing\u00e9nieurs dans notre usine et les professionnels sur le terrain sont en relation constante. Les nouvelles fonctionnalit\u00e9s que nous d\u00e9veloppons et les nouveaux produits que nous lan\u00e7ons sont des solutions aux probl\u00e8mes qu&rsquo;ils confrontent au quotidien.<\/p>\r\n\r\n<div class=\"boxleftblue\">\r\n<h2>Plus de 30 ans dans le domaine<\/h2>\r\n<p><a class=\"btn btn-primary\" href=\"https:\/\/www.fieldpiece.com\/fr\/our-history\/\">D\u00e9couvrez notre parcours<\/a><\/p>\r\n<\/div>\r\n\r\n<p>Nous consacrons autant d&rsquo;effort \u00e0 d\u00e9velopper notre personnel qu&rsquo;\u00e0 d\u00e9velopper nos nouveaux produits. De nombreux membres de notre \u00e9quipe travaillent chez Fieldpiece depuis la sortie du lyc\u00e9e, et nous les avons encourag\u00e9s \u00e0 continuer \u00e0 approfondir leurs connaissances et comp\u00e9tences en finan\u00e7ant leurs \u00e9tudes sup\u00e9rieures dans le domaine de la physique et du g\u00e9nie industriel. Vous veillons \u00e9galement \u00e0 rester tourn\u00e9 vers l&rsquo;avenir en motivant notre personnel \u00e0 \u00e9tudier et \u00e0 se perfectionner de leur propre initiative.<\/p>\r\n<p>Nous avons introduit de nombreuses innovations au cours des quelque trente ann\u00e9es dans le secteur. Nous demeurons \u00e9galement la seule entreprise d\u00e9di\u00e9e exclusivement \u00e0 ce march\u00e9 unique.<\/p>\r\n<p>Chez Fieldpiece, nous prenons les devants dans la fa\u00e7on dont nous pensons, travaillons, traitons notre personnel et demeurons vou\u00e9s \u00e0 la conception de produits qui autonomisent les professionnels de CVCR \u2013 aujourd&rsquo;hui et \u00e0 l&rsquo;avenir.<\/p>\r\n\r\n\r\n\r\n<p>&nbsp;<\/p>\r\n","protected":false},"excerpt":{"rendered":"<p>Notre mission est d&rsquo;aider le secteur. Contactez-nous d\u00e8s aujourd&rsquo;hui \u00ab\u00a0Nous ne cr\u00e9ons aucun produit qui ne facilite pas la t\u00e2che &#8230;<\/p>\n","protected":false},"author":2,"featured_media":0,"parent":0,"menu_order":0,"comment_status":"closed","ping_status":"closed","template":"templates\/template-basic.php","meta":{"_acf_changed":false,"footnotes":""},"class_list":["post-17330","page","type-page","status-publish","hentry"],"acf":[],"yoast_head":"<!-- This site is optimized with the Yoast SEO plugin v27.2 - https:\/\/yoast.com\/product\/yoast-seo-wordpress\/ -->\n<title>\u00c0 propos de Fieldpiece - Fieldpiece Instruments<\/title>\n<meta name=\"description\" content=\"Chez Fieldpiece, nous prenons les devants dans la fa\u00e7on dont nous pensons, travaillons, traitons notre personnel et demeurons vou\u00e9s \u00e0 la conception de produits qui autonomisent les professionnels de CVCR.\" \/>\n<meta name=\"robots\" content=\"index, follow, max-snippet:-1, max-image-preview:large, max-video-preview:-1\" \/>\n<link rel=\"canonical\" href=\"https:\/\/www.fieldpiece.com\/fr\/about-fieldpiece\/\" \/>\n<meta property=\"og:locale\" content=\"fr_FR\" \/>\n<meta property=\"og:type\" content=\"article\" \/>\n<meta property=\"og:title\" content=\"\u00c0 propos de Fieldpiece - Fieldpiece Instruments\" \/>\n<meta property=\"og:description\" content=\"Chez Fieldpiece, nous prenons les devants dans la fa\u00e7on dont nous pensons, travaillons, traitons notre personnel et demeurons vou\u00e9s \u00e0 la conception de produits qui autonomisent les professionnels de CVCR.\" \/>\n<meta property=\"og:url\" content=\"https:\/\/www.fieldpiece.com\/fr\/about-fieldpiece\/\" \/>\n<meta property=\"og:site_name\" content=\"Fieldpiece Instruments\" \/>\n<meta property=\"article:modified_time\" content=\"2021-07-08T07:45:19+00:00\" \/>\n<meta property=\"og:image\" content=\"https:\/\/www.fieldpiece.com\/wp-content\/uploads\/2020\/12\/working.jpg\" \/>\n<meta name=\"twitter:card\" content=\"summary_large_image\" \/>\n<meta name=\"twitter:label1\" content=\"Dur\u00e9e de lecture estim\u00e9e\" \/>\n\t<meta name=\"twitter:data1\" content=\"3 minutes\" \/>\n<script type=\"application\/ld+json\" class=\"yoast-schema-graph\">{\"@context\":\"https:\/\/schema.org\",\"@graph\":[{\"@type\":\"WebPage\",\"@id\":\"https:\/\/www.fieldpiece.com\/fr\/about-fieldpiece\/\",\"url\":\"https:\/\/www.fieldpiece.com\/fr\/about-fieldpiece\/\",\"name\":\"\u00c0 propos de Fieldpiece - Fieldpiece Instruments\",\"isPartOf\":{\"@id\":\"https:\/\/www.fieldpiece.com\/fr\/#website\"},\"primaryImageOfPage\":{\"@id\":\"https:\/\/www.fieldpiece.com\/fr\/about-fieldpiece\/#primaryimage\"},\"image\":{\"@id\":\"https:\/\/www.fieldpiece.com\/fr\/about-fieldpiece\/#primaryimage\"},\"thumbnailUrl\":\"https:\/\/resources.fieldpiece.com\/wp-content\/uploads\/2020\/12\/working.jpg\",\"datePublished\":\"2020-10-03T09:50:11+00:00\",\"dateModified\":\"2021-07-08T07:45:19+00:00\",\"description\":\"Chez Fieldpiece, nous prenons les devants dans la fa\u00e7on dont nous pensons, travaillons, traitons notre personnel et demeurons vou\u00e9s \u00e0 la conception de produits qui autonomisent les professionnels de CVCR.\",\"breadcrumb\":{\"@id\":\"https:\/\/www.fieldpiece.com\/fr\/about-fieldpiece\/#breadcrumb\"},\"inLanguage\":\"fr-FR\",\"potentialAction\":[{\"@type\":\"ReadAction\",\"target\":[\"https:\/\/www.fieldpiece.com\/fr\/about-fieldpiece\/\"]}]},{\"@type\":\"ImageObject\",\"inLanguage\":\"fr-FR\",\"@id\":\"https:\/\/www.fieldpiece.com\/fr\/about-fieldpiece\/#primaryimage\",\"url\":\"https:\/\/resources.fieldpiece.com\/wp-content\/uploads\/2020\/12\/working.jpg\",\"contentUrl\":\"https:\/\/resources.fieldpiece.com\/wp-content\/uploads\/2020\/12\/working.jpg\"},{\"@type\":\"BreadcrumbList\",\"@id\":\"https:\/\/www.fieldpiece.com\/fr\/about-fieldpiece\/#breadcrumb\",\"itemListElement\":[{\"@type\":\"ListItem\",\"position\":1,\"name\":\"Home\",\"item\":\"https:\/\/www.fieldpiece.com\/fr\/\"},{\"@type\":\"ListItem\",\"position\":2,\"name\":\"\u00c0 propos de Fieldpiece\"}]},{\"@type\":\"WebSite\",\"@id\":\"https:\/\/www.fieldpiece.com\/fr\/#website\",\"url\":\"https:\/\/www.fieldpiece.com\/fr\/\",\"name\":\"Fieldpiece Instruments\",\"description\":\"\",\"publisher\":{\"@id\":\"https:\/\/www.fieldpiece.com\/fr\/#organization\"},\"potentialAction\":[{\"@type\":\"SearchAction\",\"target\":{\"@type\":\"EntryPoint\",\"urlTemplate\":\"https:\/\/www.fieldpiece.com\/fr\/?s={search_term_string}\"},\"query-input\":{\"@type\":\"PropertyValueSpecification\",\"valueRequired\":true,\"valueName\":\"search_term_string\"}}],\"inLanguage\":\"fr-FR\"},{\"@type\":\"Organization\",\"@id\":\"https:\/\/www.fieldpiece.com\/fr\/#organization\",\"name\":\"Fieldpiece Instruments\",\"url\":\"https:\/\/www.fieldpiece.com\/fr\/\",\"logo\":{\"@type\":\"ImageObject\",\"inLanguage\":\"fr-FR\",\"@id\":\"https:\/\/www.fieldpiece.com\/fr\/#\/schema\/logo\/image\/\",\"url\":\"https:\/\/resources.fieldpiece.com\/wp-content\/uploads\/2021\/02\/Logos-490x358-1.jpg\",\"contentUrl\":\"https:\/\/resources.fieldpiece.com\/wp-content\/uploads\/2021\/02\/Logos-490x358-1.jpg\",\"width\":490,\"height\":358,\"caption\":\"Fieldpiece Instruments\"},\"image\":{\"@id\":\"https:\/\/www.fieldpiece.com\/fr\/#\/schema\/logo\/image\/\"}}]}<\/script>\n<!-- \/ Yoast SEO plugin. -->","yoast_head_json":{"title":"\u00c0 propos de Fieldpiece - Fieldpiece Instruments","description":"Chez Fieldpiece, nous prenons les devants dans la fa\u00e7on dont nous pensons, travaillons, traitons notre personnel et demeurons vou\u00e9s \u00e0 la conception de produits qui autonomisent les professionnels de CVCR.","robots":{"index":"index","follow":"follow","max-snippet":"max-snippet:-1","max-image-preview":"max-image-preview:large","max-video-preview":"max-video-preview:-1"},"canonical":"https:\/\/www.fieldpiece.com\/fr\/about-fieldpiece\/","og_locale":"fr_FR","og_type":"article","og_title":"\u00c0 propos de Fieldpiece - Fieldpiece Instruments","og_description":"Chez Fieldpiece, nous prenons les devants dans la fa\u00e7on dont nous pensons, travaillons, traitons notre personnel et demeurons vou\u00e9s \u00e0 la conception de produits qui autonomisent les professionnels de CVCR.","og_url":"https:\/\/www.fieldpiece.com\/fr\/about-fieldpiece\/","og_site_name":"Fieldpiece Instruments","article_modified_time":"2021-07-08T07:45:19+00:00","og_image":[{"url":"https:\/\/www.fieldpiece.com\/wp-content\/uploads\/2020\/12\/working.jpg","type":"","width":"","height":""}],"twitter_card":"summary_large_image","twitter_misc":{"Dur\u00e9e de lecture estim\u00e9e":"3 minutes"},"schema":{"@context":"https:\/\/schema.org","@graph":[{"@type":"WebPage","@id":"https:\/\/www.fieldpiece.com\/fr\/about-fieldpiece\/","url":"https:\/\/www.fieldpiece.com\/fr\/about-fieldpiece\/","name":"\u00c0 propos de Fieldpiece - Fieldpiece Instruments","isPartOf":{"@id":"https:\/\/www.fieldpiece.com\/fr\/#website"},"primaryImageOfPage":{"@id":"https:\/\/www.fieldpiece.com\/fr\/about-fieldpiece\/#primaryimage"},"image":{"@id":"https:\/\/www.fieldpiece.com\/fr\/about-fieldpiece\/#primaryimage"},"thumbnailUrl":"https:\/\/resources.fieldpiece.com\/wp-content\/uploads\/2020\/12\/working.jpg","datePublished":"2020-10-03T09:50:11+00:00","dateModified":"2021-07-08T07:45:19+00:00","description":"Chez Fieldpiece, nous prenons les devants dans la fa\u00e7on dont nous pensons, travaillons, traitons notre personnel et demeurons vou\u00e9s \u00e0 la conception de produits qui autonomisent les professionnels de CVCR.","breadcrumb":{"@id":"https:\/\/www.fieldpiece.com\/fr\/about-fieldpiece\/#breadcrumb"},"inLanguage":"fr-FR","potentialAction":[{"@type":"ReadAction","target":["https:\/\/www.fieldpiece.com\/fr\/about-fieldpiece\/"]}]},{"@type":"ImageObject","inLanguage":"fr-FR","@id":"https:\/\/www.fieldpiece.com\/fr\/about-fieldpiece\/#primaryimage","url":"https:\/\/resources.fieldpiece.com\/wp-content\/uploads\/2020\/12\/working.jpg","contentUrl":"https:\/\/resources.fieldpiece.com\/wp-content\/uploads\/2020\/12\/working.jpg"},{"@type":"BreadcrumbList","@id":"https:\/\/www.fieldpiece.com\/fr\/about-fieldpiece\/#breadcrumb","itemListElement":[{"@type":"ListItem","position":1,"name":"Home","item":"https:\/\/www.fieldpiece.com\/fr\/"},{"@type":"ListItem","position":2,"name":"\u00c0 propos de Fieldpiece"}]},{"@type":"WebSite","@id":"https:\/\/www.fieldpiece.com\/fr\/#website","url":"https:\/\/www.fieldpiece.com\/fr\/","name":"Fieldpiece Instruments","description":"","publisher":{"@id":"https:\/\/www.fieldpiece.com\/fr\/#organization"},"potentialAction":[{"@type":"SearchAction","target":{"@type":"EntryPoint","urlTemplate":"https:\/\/www.fieldpiece.com\/fr\/?s={search_term_string}"},"query-input":{"@type":"PropertyValueSpecification","valueRequired":true,"valueName":"search_term_string"}}],"inLanguage":"fr-FR"},{"@type":"Organization","@id":"https:\/\/www.fieldpiece.com\/fr\/#organization","name":"Fieldpiece Instruments","url":"https:\/\/www.fieldpiece.com\/fr\/","logo":{"@type":"ImageObject","inLanguage":"fr-FR","@id":"https:\/\/www.fieldpiece.com\/fr\/#\/schema\/logo\/image\/","url":"https:\/\/resources.fieldpiece.com\/wp-content\/uploads\/2021\/02\/Logos-490x358-1.jpg","contentUrl":"https:\/\/resources.fieldpiece.com\/wp-content\/uploads\/2021\/02\/Logos-490x358-1.jpg","width":490,"height":358,"caption":"Fieldpiece Instruments"},"image":{"@id":"https:\/\/www.fieldpiece.com\/fr\/#\/schema\/logo\/image\/"}}]}},"_links":{"self":[{"href":"https:\/\/www.fieldpiece.com\/fr\/wp-json\/wp\/v2\/pages\/17330","targetHints":{"allow":["GET"]}}],"collection":[{"href":"https:\/\/www.fieldpiece.com\/fr\/wp-json\/wp\/v2\/pages"}],"about":[{"href":"https:\/\/www.fieldpiece.com\/fr\/wp-json\/wp\/v2\/types\/page"}],"author":[{"embeddable":true,"href":"https:\/\/www.fieldpiece.com\/fr\/wp-json\/wp\/v2\/users\/2"}],"replies":[{"embeddable":true,"href":"https:\/\/www.fieldpiece.com\/fr\/wp-json\/wp\/v2\/comments?post=17330"}],"version-history":[{"count":9,"href":"https:\/\/www.fieldpiece.com\/fr\/wp-json\/wp\/v2\/pages\/17330\/revisions"}],"predecessor-version":[{"id":46475,"href":"https:\/\/www.fieldpiece.com\/fr\/wp-json\/wp\/v2\/pages\/17330\/revisions\/46475"}],"wp:attachment":[{"href":"https:\/\/www.fieldpiece.com\/fr\/wp-json\/wp\/v2\/media?parent=17330"}],"curies":[{"name":"wp","href":"https:\/\/api.w.org\/{rel}","templated":true}]}}