	{"id":93898,"date":"2022-08-03T10:04:35","date_gmt":"2022-08-03T17:04:35","guid":{"rendered":"https:\/\/www.fieldpiece.com\/?post_type=product&#038;p=93898"},"modified":"2023-04-27T22:06:54","modified_gmt":"2023-04-28T05:06:54","slug":"https-www-fieldpiece-com-es-post_typeproductp93898","status":"publish","type":"product","link":"https:\/\/www.fieldpiece.com\/es\/producto\/https-www-fieldpiece-com-es-post_typeproductp93898\/","title":{"rendered":"SRS3 &#8211; B\u00e1scula de refrigerante inal\u00e1mbrica (copia)"},"content":{"rendered":"<p>Conexi\u00f3n inal\u00e1mbrica tanto a la aplicaci\u00f3n del sistema Job Link\u00ae* como a analizadores inal\u00e1mbricos (SM380V y SM480V)<br \/>\n114 kg (252 lb)<br \/>\nResistente al agua<br \/>\nVida \u00fatil de la bater\u00eda de la plataforma de 200 horas<\/p>\n<p>La b\u00e1scula de refrigerante inal\u00e1mbrica SRS3 combina una electr\u00f3nica inal\u00e1mbrica moderna con materiales resistentes para rendir al alto nivel que usted exige. La plataforma est\u00e1 fabricada en aluminio grueso para mantener la exactitud durante toda la vida \u00fatil del producto. La b\u00e1scula posee una almohadilla acolchada y esquineros de goma tanto para el dep\u00f3sito como para la propia b\u00e1scula. Un nuevo protocolo inal\u00e1mbrico env\u00eda las mediciones desde la plataforma hasta la pantalla remota incluida y a la aplicaci\u00f3n m\u00f3vil del sistema Job Link\u00ae de Fieldpiece. Las mediciones de peso tambi\u00e9n pueden verse de forma inal\u00e1mbrica en los analizadores de refrigerante <strong><a href=\"https:\/\/www.fieldpiece.com\/es\/producto\/sm380v-wireless-3-port-sman-refrigerant-manifold-and-micron-gauge\/\">SM380V<\/a><\/strong> y <strong><a href=\"https:\/\/www.fieldpiece.com\/es\/producto\/sm480v-wireless-4-port-sman-refrigerant-manifold-and-micron-gauge\/\">SM480V<\/a><\/strong>.<\/p>\n<p>La electr\u00f3nica de la plataforma est\u00e1 sellada para impedir la posible entrada de humedad por lluvia o salpicaduras. Cuelgue la pantalla remota de un condensador o de cualquier lugar met\u00e1lico para verla f\u00e1cilmente. Su parte superior magn\u00e9tica plegable permite que la b\u00e1scula permanezca en el lugar exacto en que la dej\u00f3.<\/p>\n<p>Utilice la b\u00e1scula inal\u00e1mbrica SRS3 con el mango incluido o la aplicaci\u00f3n del sistema m\u00f3vil Job Link.\u00a0 Gracias a Job Link, podr\u00e1 recibir su medici\u00f3n de peso en tiempo real directamente en su dispositivo m\u00f3vil.\u00a0 A\u00f1ada valores de peso a sus informes del sistema m\u00f3vil de Job Link, mantenga registros sobre uso de refrigerante o controle variables de peso a distancia.\u00a0 El alcance inal\u00e1mbrico del mango es de 30 m (100 pies) y el alcance m\u00f3vil del sistema Job Link es de 76 m (250 pies).<\/p>\n<ul>\n<li>Conecte con la aplicaci\u00f3n m\u00f3vil del sistema Job Link\u00ae*\n<ul>\n<li>Env\u00ede valores de peso directamente a su dispositivo en tiempo real<\/li>\n<li>Registre y documente el uso de refrigerante<\/li>\n<li><a href=\"https:\/\/www.fieldpiece.com\/es\/categoria-producto\/job-link-system-es\/\">Haga clic aqu\u00ed para obtener m\u00e1s informaci\u00f3n sobre Job Link Free y Job Link Pro <\/a><\/li>\n<\/ul>\n<\/li>\n<li>Conexi\u00f3n inal\u00e1mbrica de largo alcance<\/li>\n<li>Paragolpes superiores planos para cilindros grandes<\/li>\n<li>Carga m\u00e1xima: 114 kg (252 libras)<\/li>\n<li>Visualice las unidades como m\u00e1s le guste\n<ul>\n<li>Libras y onzas<\/li>\n<li>Solo libras<\/li>\n<li>Solo onzas<\/li>\n<li>Kilogramos y gramos<\/li>\n<li>Solo kilogramos<\/li>\n<li>Solo gramos<\/li>\n<\/ul>\n<\/li>\n<\/ul>\n<p>*La b\u00e1scula inal\u00e1mbrica del modelo anterior, SRS2C, no es compatible con la aplicaci\u00f3n del sistema Job Link, solo la SRS3.<\/p>\n<p>Incluye:<\/p>\n<ul>\n<li>B\u00e1scula de refrigerante inal\u00e1mbrica SRS3<\/li>\n<li>Plataforma y mando a distancia<\/li>\n<li>Funda de nailon resistente con correa de transporte<\/li>\n<li>Bater\u00eda est\u00e1ndar de 9 V (mando a distancia) instalada<\/li>\n<li>6 pilas AA (plataforma) instaladas<\/li>\n<li>Manual del operador<\/li>\n<\/ul>\n","protected":false},"excerpt":{"rendered":"<p>Conexi\u00f3n inal\u00e1mbrica tanto a la aplicaci\u00f3n del sistema Job Link\u00ae* como a analizadores inal\u00e1mbricos (SM380V y SM480V) 114 kg (252 &#8230;<\/p>\n","protected":false},"featured_media":94357,"comment_status":"open","ping_status":"closed","template":"","meta":{"_acf_changed":false},"product_brand":[],"product_cat":[235,298],"product_tag":[],"class_list":{"0":"post-93898","1":"product","2":"type-product","3":"status-publish","4":"has-post-thumbnail","6":"product_cat-scale-es","7":"product_cat-scales-es","9":"first","10":"instock","11":"shipping-taxable","12":"product-type-simple"},"acf":[],"yoast_head":"<!-- This site is optimized with the Yoast SEO plugin v27.2 - https:\/\/yoast.com\/product\/yoast-seo-wordpress\/ -->\n<title>SRS3 - B\u00e1scula de refrigerante inal\u00e1mbrica (copia) - Fieldpiece Instruments<\/title>\n<meta name=\"robots\" content=\"index, follow, max-snippet:-1, max-image-preview:large, max-video-preview:-1\" \/>\n<link rel=\"canonical\" href=\"https:\/\/www.fieldpiece.com\/es\/producto\/https-www-fieldpiece-com-es-post_typeproductp93898\/\" \/>\n<meta property=\"og:locale\" content=\"es_ES\" \/>\n<meta property=\"og:type\" content=\"article\" \/>\n<meta property=\"og:title\" content=\"SRS3 - B\u00e1scula de refrigerante inal\u00e1mbrica (copia) - Fieldpiece Instruments\" \/>\n<meta property=\"og:description\" content=\"Conexi\u00f3n inal\u00e1mbrica tanto a la aplicaci\u00f3n del sistema Job Link\u00ae* como a analizadores inal\u00e1mbricos (SM380V y SM480V) 114 kg (252 ...\" \/>\n<meta property=\"og:url\" content=\"https:\/\/www.fieldpiece.com\/es\/producto\/https-www-fieldpiece-com-es-post_typeproductp93898\/\" \/>\n<meta property=\"og:site_name\" content=\"Fieldpiece Instruments\" \/>\n<meta property=\"article:modified_time\" content=\"2023-04-28T05:06:54+00:00\" \/>\n<meta property=\"og:image\" content=\"https:\/\/resources.fieldpiece.com\/wp-content\/uploads\/2022\/08\/SR47-Product-01.png\" \/>\n\t<meta property=\"og:image:width\" content=\"470\" \/>\n\t<meta property=\"og:image:height\" content=\"470\" \/>\n\t<meta property=\"og:image:type\" content=\"image\/png\" \/>\n<meta name=\"twitter:card\" content=\"summary_large_image\" \/>\n<meta name=\"twitter:label1\" content=\"Tiempo de lectura\" \/>\n\t<meta name=\"twitter:data1\" content=\"2 minutos\" \/>\n<script type=\"application\/ld+json\" class=\"yoast-schema-graph\">{\"@context\":\"https:\/\/schema.org\",\"@graph\":[{\"@type\":\"WebPage\",\"@id\":\"https:\/\/www.fieldpiece.com\/es\/producto\/https-www-fieldpiece-com-es-post_typeproductp93898\/\",\"url\":\"https:\/\/www.fieldpiece.com\/es\/producto\/https-www-fieldpiece-com-es-post_typeproductp93898\/\",\"name\":\"SRS3 - B\u00e1scula de refrigerante inal\u00e1mbrica (copia) - Fieldpiece Instruments\",\"isPartOf\":{\"@id\":\"https:\/\/www.fieldpiece.com\/es\/#website\"},\"primaryImageOfPage\":{\"@id\":\"https:\/\/www.fieldpiece.com\/es\/producto\/https-www-fieldpiece-com-es-post_typeproductp93898\/#primaryimage\"},\"image\":{\"@id\":\"https:\/\/www.fieldpiece.com\/es\/producto\/https-www-fieldpiece-com-es-post_typeproductp93898\/#primaryimage\"},\"thumbnailUrl\":\"https:\/\/resources.fieldpiece.com\/wp-content\/uploads\/2022\/08\/SR47-Product-01.png\",\"datePublished\":\"2022-08-03T17:04:35+00:00\",\"dateModified\":\"2023-04-28T05:06:54+00:00\",\"breadcrumb\":{\"@id\":\"https:\/\/www.fieldpiece.com\/es\/producto\/https-www-fieldpiece-com-es-post_typeproductp93898\/#breadcrumb\"},\"inLanguage\":\"es\",\"potentialAction\":[{\"@type\":\"ReadAction\",\"target\":[\"https:\/\/www.fieldpiece.com\/es\/producto\/https-www-fieldpiece-com-es-post_typeproductp93898\/\"]}]},{\"@type\":\"ImageObject\",\"inLanguage\":\"es\",\"@id\":\"https:\/\/www.fieldpiece.com\/es\/producto\/https-www-fieldpiece-com-es-post_typeproductp93898\/#primaryimage\",\"url\":\"https:\/\/resources.fieldpiece.com\/wp-content\/uploads\/2022\/08\/SR47-Product-01.png\",\"contentUrl\":\"https:\/\/resources.fieldpiece.com\/wp-content\/uploads\/2022\/08\/SR47-Product-01.png\",\"width\":470,\"height\":470},{\"@type\":\"BreadcrumbList\",\"@id\":\"https:\/\/www.fieldpiece.com\/es\/producto\/https-www-fieldpiece-com-es-post_typeproductp93898\/#breadcrumb\",\"itemListElement\":[{\"@type\":\"ListItem\",\"position\":1,\"name\":\"Home\",\"item\":\"https:\/\/www.fieldpiece.com\/es\/\"},{\"@type\":\"ListItem\",\"position\":2,\"name\":\"Shop\",\"item\":\"https:\/\/www.fieldpiece.com\/shop\/\"},{\"@type\":\"ListItem\",\"position\":3,\"name\":\"SRS3 &#8211; B\u00e1scula de refrigerante inal\u00e1mbrica (copia)\"}]},{\"@type\":\"WebSite\",\"@id\":\"https:\/\/www.fieldpiece.com\/es\/#website\",\"url\":\"https:\/\/www.fieldpiece.com\/es\/\",\"name\":\"Fieldpiece Instruments\",\"description\":\"\",\"publisher\":{\"@id\":\"https:\/\/www.fieldpiece.com\/es\/#organization\"},\"potentialAction\":[{\"@type\":\"SearchAction\",\"target\":{\"@type\":\"EntryPoint\",\"urlTemplate\":\"https:\/\/www.fieldpiece.com\/es\/?s={search_term_string}\"},\"query-input\":{\"@type\":\"PropertyValueSpecification\",\"valueRequired\":true,\"valueName\":\"search_term_string\"}}],\"inLanguage\":\"es\"},{\"@type\":\"Organization\",\"@id\":\"https:\/\/www.fieldpiece.com\/es\/#organization\",\"name\":\"Fieldpiece Instruments\",\"url\":\"https:\/\/www.fieldpiece.com\/es\/\",\"logo\":{\"@type\":\"ImageObject\",\"inLanguage\":\"es\",\"@id\":\"https:\/\/www.fieldpiece.com\/es\/#\/schema\/logo\/image\/\",\"url\":\"https:\/\/resources.fieldpiece.com\/wp-content\/uploads\/2021\/02\/Logos-490x358-1.jpg\",\"contentUrl\":\"https:\/\/resources.fieldpiece.com\/wp-content\/uploads\/2021\/02\/Logos-490x358-1.jpg\",\"width\":490,\"height\":358,\"caption\":\"Fieldpiece Instruments\"},\"image\":{\"@id\":\"https:\/\/www.fieldpiece.com\/es\/#\/schema\/logo\/image\/\"}}]}<\/script>\n<!-- \/ Yoast SEO plugin. -->","yoast_head_json":{"title":"SRS3 - B\u00e1scula de refrigerante inal\u00e1mbrica (copia) - Fieldpiece Instruments","robots":{"index":"index","follow":"follow","max-snippet":"max-snippet:-1","max-image-preview":"max-image-preview:large","max-video-preview":"max-video-preview:-1"},"canonical":"https:\/\/www.fieldpiece.com\/es\/producto\/https-www-fieldpiece-com-es-post_typeproductp93898\/","og_locale":"es_ES","og_type":"article","og_title":"SRS3 - B\u00e1scula de refrigerante inal\u00e1mbrica (copia) - Fieldpiece Instruments","og_description":"Conexi\u00f3n inal\u00e1mbrica tanto a la aplicaci\u00f3n del sistema Job Link\u00ae* como a analizadores inal\u00e1mbricos (SM380V y SM480V) 114 kg (252 ...","og_url":"https:\/\/www.fieldpiece.com\/es\/producto\/https-www-fieldpiece-com-es-post_typeproductp93898\/","og_site_name":"Fieldpiece Instruments","article_modified_time":"2023-04-28T05:06:54+00:00","og_image":[{"width":470,"height":470,"url":"https:\/\/resources.fieldpiece.com\/wp-content\/uploads\/2022\/08\/SR47-Product-01.png","type":"image\/png"}],"twitter_card":"summary_large_image","twitter_misc":{"Tiempo de lectura":"2 minutos"},"schema":{"@context":"https:\/\/schema.org","@graph":[{"@type":"WebPage","@id":"https:\/\/www.fieldpiece.com\/es\/producto\/https-www-fieldpiece-com-es-post_typeproductp93898\/","url":"https:\/\/www.fieldpiece.com\/es\/producto\/https-www-fieldpiece-com-es-post_typeproductp93898\/","name":"SRS3 - B\u00e1scula de refrigerante inal\u00e1mbrica (copia) - Fieldpiece Instruments","isPartOf":{"@id":"https:\/\/www.fieldpiece.com\/es\/#website"},"primaryImageOfPage":{"@id":"https:\/\/www.fieldpiece.com\/es\/producto\/https-www-fieldpiece-com-es-post_typeproductp93898\/#primaryimage"},"image":{"@id":"https:\/\/www.fieldpiece.com\/es\/producto\/https-www-fieldpiece-com-es-post_typeproductp93898\/#primaryimage"},"thumbnailUrl":"https:\/\/resources.fieldpiece.com\/wp-content\/uploads\/2022\/08\/SR47-Product-01.png","datePublished":"2022-08-03T17:04:35+00:00","dateModified":"2023-04-28T05:06:54+00:00","breadcrumb":{"@id":"https:\/\/www.fieldpiece.com\/es\/producto\/https-www-fieldpiece-com-es-post_typeproductp93898\/#breadcrumb"},"inLanguage":"es","potentialAction":[{"@type":"ReadAction","target":["https:\/\/www.fieldpiece.com\/es\/producto\/https-www-fieldpiece-com-es-post_typeproductp93898\/"]}]},{"@type":"ImageObject","inLanguage":"es","@id":"https:\/\/www.fieldpiece.com\/es\/producto\/https-www-fieldpiece-com-es-post_typeproductp93898\/#primaryimage","url":"https:\/\/resources.fieldpiece.com\/wp-content\/uploads\/2022\/08\/SR47-Product-01.png","contentUrl":"https:\/\/resources.fieldpiece.com\/wp-content\/uploads\/2022\/08\/SR47-Product-01.png","width":470,"height":470},{"@type":"BreadcrumbList","@id":"https:\/\/www.fieldpiece.com\/es\/producto\/https-www-fieldpiece-com-es-post_typeproductp93898\/#breadcrumb","itemListElement":[{"@type":"ListItem","position":1,"name":"Home","item":"https:\/\/www.fieldpiece.com\/es\/"},{"@type":"ListItem","position":2,"name":"Shop","item":"https:\/\/www.fieldpiece.com\/shop\/"},{"@type":"ListItem","position":3,"name":"SRS3 &#8211; B\u00e1scula de refrigerante inal\u00e1mbrica (copia)"}]},{"@type":"WebSite","@id":"https:\/\/www.fieldpiece.com\/es\/#website","url":"https:\/\/www.fieldpiece.com\/es\/","name":"Fieldpiece Instruments","description":"","publisher":{"@id":"https:\/\/www.fieldpiece.com\/es\/#organization"},"potentialAction":[{"@type":"SearchAction","target":{"@type":"EntryPoint","urlTemplate":"https:\/\/www.fieldpiece.com\/es\/?s={search_term_string}"},"query-input":{"@type":"PropertyValueSpecification","valueRequired":true,"valueName":"search_term_string"}}],"inLanguage":"es"},{"@type":"Organization","@id":"https:\/\/www.fieldpiece.com\/es\/#organization","name":"Fieldpiece Instruments","url":"https:\/\/www.fieldpiece.com\/es\/","logo":{"@type":"ImageObject","inLanguage":"es","@id":"https:\/\/www.fieldpiece.com\/es\/#\/schema\/logo\/image\/","url":"https:\/\/resources.fieldpiece.com\/wp-content\/uploads\/2021\/02\/Logos-490x358-1.jpg","contentUrl":"https:\/\/resources.fieldpiece.com\/wp-content\/uploads\/2021\/02\/Logos-490x358-1.jpg","width":490,"height":358,"caption":"Fieldpiece Instruments"},"image":{"@id":"https:\/\/www.fieldpiece.com\/es\/#\/schema\/logo\/image\/"}}]}},"_links":{"self":[{"href":"https:\/\/www.fieldpiece.com\/es\/wp-json\/wp\/v2\/product\/93898","targetHints":{"allow":["GET"]}}],"collection":[{"href":"https:\/\/www.fieldpiece.com\/es\/wp-json\/wp\/v2\/product"}],"about":[{"href":"https:\/\/www.fieldpiece.com\/es\/wp-json\/wp\/v2\/types\/product"}],"replies":[{"embeddable":true,"href":"https:\/\/www.fieldpiece.com\/es\/wp-json\/wp\/v2\/comments?post=93898"}],"wp:featuredmedia":[{"embeddable":true,"href":"https:\/\/www.fieldpiece.com\/es\/wp-json\/wp\/v2\/media\/94357"}],"wp:attachment":[{"href":"https:\/\/www.fieldpiece.com\/es\/wp-json\/wp\/v2\/media?parent=93898"}],"wp:term":[{"taxonomy":"product_brand","embeddable":true,"href":"https:\/\/www.fieldpiece.com\/es\/wp-json\/wp\/v2\/product_brand?post=93898"},{"taxonomy":"product_cat","embeddable":true,"href":"https:\/\/www.fieldpiece.com\/es\/wp-json\/wp\/v2\/product_cat?post=93898"},{"taxonomy":"product_tag","embeddable":true,"href":"https:\/\/www.fieldpiece.com\/es\/wp-json\/wp\/v2\/product_tag?post=93898"}],"curies":[{"name":"wp","href":"https:\/\/api.w.org\/{rel}","templated":true}]}}