	{"id":65488,"date":"2021-05-10T09:46:19","date_gmt":"2021-05-10T16:46:19","guid":{"rendered":"https:\/\/www.fieldpiece.com\/product\/vp67-6cfm-vacuum-pump\/"},"modified":"2023-04-27T01:29:14","modified_gmt":"2023-04-27T08:29:14","slug":"vp67-6cfm-vacuum-pump","status":"publish","type":"product","link":"https:\/\/www.fieldpiece.com\/es\/producto\/vp67-6cfm-vacuum-pump\/","title":{"rendered":"VP67 \u2013 Bomba de vac\u00edo de 6 pies c\u00fabicos por minuto (PCM)"},"content":{"rendered":"<ul>\n<li style=\"font-weight: 400;\">Caudal de 6 pies c\u00fabicos por minuto (PCM) con vac\u00edo final de 15 micras <\/li>\n<li style=\"font-weight: 400;\">Motor de CA de \u00bd CV <\/li>\n<li style=\"font-weight: 400;\">El sistema de cambio de aceite RunQuick\u2122 ofrece cambios de aceite sobre la marcha en cuesti\u00f3n de segundos <\/li>\n<li style=\"font-weight: 400;\">Dep\u00f3sito de aceite con retroiluminaci\u00f3n: permite consultar el estado del aceite y el sistema <\/li>\n<li style=\"font-weight: 400;\">Compartimento de la botella de aceite de reserva <\/li>\n<li style=\"font-weight: 400;\">Tama\u00f1os de conexi\u00f3n: (1) 1\/4\u201d, (2) 3\/8\u201d, (1) 1\/2\u201d para conexiones de manguera sencillas.<\/li>\n<li style=\"font-weight: 400;\">Base robusta que mantiene la posici\u00f3n vertical <\/li>\n<li style=\"font-weight: 400;\">Dise\u00f1o compacto: 1346 pulgadas c\u00fabicas <\/li>\n<li style=\"font-weight: 400;\">V\u00e1lvula de lastre de gas de 1\/4 de giro e indicador LED <\/li>\n<li style=\"font-weight: 400;\">C\u00f3modo almacenamiento de cable extra\u00edble<\/li>\n<\/ul>\n<p><strong>Vaciados m\u00e1s r\u00e1pidos. M\u00e1s clientes satisfechos.<\/strong><br \/>\nElija una bomba de vac\u00edo VP67 si desea poder atender m\u00e1s llamadas de servicio por d\u00eda. Esta nueva bomba ligera, port\u00e1til y potente permite realizar vaciados m\u00e1s r\u00e1pidos del sistema y, por lo tanto, prestar servicio a m\u00e1s clientes. Incorpora una base ancha y s\u00f3lida, adem\u00e1s de un potente motor y la legendaria resistencia de Fieldpiece que los profesionales del sector han llegado a identificar con nuestra marca. <\/p>\n<p><strong>Cambie el aceite sobre la marcha.<\/strong><br \/>\nDado que se trata de una bomba de vac\u00edo Fieldpiece, la VP67 utiliza nuestro revolucionario sistema de cambio de aceite RunQuick\u2122. Esto le permite cambiar el aceite de la bomba en cuesti\u00f3n de 20 segundos, sin ensuciar ni tener que apagarla. No vuelva a sufrir p\u00e9rdidas de vac\u00edo.<\/p>\n<p><strong>Peque\u00f1a y poderosa.<\/strong><br \/>\nGracias a su dise\u00f1o compacto, podr\u00e1 llevar la VP67 pr\u00e1cticamente a cualquier lugar, junto con su motor de CA de \u00bd CV, con toda la potencia necesaria para obtener r\u00e1pidamente un vac\u00edo profundo. Adem\u00e1s, dispone de cuatro puertos en l\u00ednea para facilitar la disposici\u00f3n de mangueras de tres tama\u00f1os distintos.  <\/p>\n<p><strong><em>Usted necesita una de las mejores bombas de la industria.<\/em><\/strong> <\/p>\n<p><strong>Contenido<\/strong> <\/p>\n<p>\u2022 (1) Bomba de vac\u00edo VP67<br \/>\n\u2022 (2) Aceite, 8 onzas<br \/>\n\u2022 (1) Enchufe adecuado para el pa\u00eds<\/p>\n","protected":false},"excerpt":{"rendered":"<p>Caudal de 6 pies c\u00fabicos por minuto (PCM) con vac\u00edo final de 15 micras Motor de CA de \u00bd CV &#8230;<\/p>\n","protected":false},"featured_media":35363,"comment_status":"open","ping_status":"closed","template":"","meta":{"_acf_changed":false},"product_brand":[],"product_cat":[293,128],"product_tag":[],"class_list":{"0":"post-65488","1":"product","2":"type-product","3":"status-publish","4":"has-post-thumbnail","6":"product_cat-vacuum-pumps-es","7":"product_cat-recovery-and-vacuum-es-2","9":"first","10":"instock","11":"shipping-taxable","12":"product-type-simple"},"acf":[],"yoast_head":"<!-- This site is optimized with the Yoast SEO plugin v27.2 - https:\/\/yoast.com\/product\/yoast-seo-wordpress\/ -->\n<title>VP67 \u2013 Bomba de vac\u00edo de 6 pies c\u00fabicos por minuto (PCM) - Fieldpiece Instruments<\/title>\n<meta name=\"robots\" content=\"index, follow, max-snippet:-1, max-image-preview:large, max-video-preview:-1\" \/>\n<link rel=\"canonical\" href=\"https:\/\/www.fieldpiece.com\/es\/producto\/vp67-6cfm-vacuum-pump\/\" \/>\n<meta property=\"og:locale\" content=\"es_ES\" \/>\n<meta property=\"og:type\" content=\"article\" \/>\n<meta property=\"og:title\" content=\"VP67 \u2013 Bomba de vac\u00edo de 6 pies c\u00fabicos por minuto (PCM) - Fieldpiece Instruments\" \/>\n<meta property=\"og:description\" content=\"Caudal de 6 pies c\u00fabicos por minuto (PCM) con vac\u00edo final de 15 micras Motor de CA de \u00bd CV ...\" \/>\n<meta property=\"og:url\" content=\"https:\/\/www.fieldpiece.com\/es\/producto\/vp67-6cfm-vacuum-pump\/\" \/>\n<meta property=\"og:site_name\" content=\"Fieldpiece Instruments\" \/>\n<meta property=\"article:modified_time\" content=\"2023-04-27T08:29:14+00:00\" \/>\n<meta property=\"og:image\" content=\"https:\/\/resources.fieldpiece.com\/wp-content\/uploads\/2021\/05\/VP67.png\" \/>\n\t<meta property=\"og:image:width\" content=\"470\" \/>\n\t<meta property=\"og:image:height\" content=\"470\" \/>\n\t<meta property=\"og:image:type\" content=\"image\/png\" \/>\n<meta name=\"twitter:card\" content=\"summary_large_image\" \/>\n<meta name=\"twitter:label1\" content=\"Tiempo de lectura\" \/>\n\t<meta name=\"twitter:data1\" content=\"2 minutos\" \/>\n<script type=\"application\/ld+json\" class=\"yoast-schema-graph\">{\"@context\":\"https:\/\/schema.org\",\"@graph\":[{\"@type\":\"WebPage\",\"@id\":\"https:\/\/www.fieldpiece.com\/es\/producto\/vp67-6cfm-vacuum-pump\/\",\"url\":\"https:\/\/www.fieldpiece.com\/es\/producto\/vp67-6cfm-vacuum-pump\/\",\"name\":\"VP67 \u2013 Bomba de vac\u00edo de 6 pies c\u00fabicos por minuto (PCM) - Fieldpiece Instruments\",\"isPartOf\":{\"@id\":\"https:\/\/www.fieldpiece.com\/es\/#website\"},\"primaryImageOfPage\":{\"@id\":\"https:\/\/www.fieldpiece.com\/es\/producto\/vp67-6cfm-vacuum-pump\/#primaryimage\"},\"image\":{\"@id\":\"https:\/\/www.fieldpiece.com\/es\/producto\/vp67-6cfm-vacuum-pump\/#primaryimage\"},\"thumbnailUrl\":\"https:\/\/resources.fieldpiece.com\/wp-content\/uploads\/2021\/05\/VP67.png\",\"datePublished\":\"2021-05-10T16:46:19+00:00\",\"dateModified\":\"2023-04-27T08:29:14+00:00\",\"breadcrumb\":{\"@id\":\"https:\/\/www.fieldpiece.com\/es\/producto\/vp67-6cfm-vacuum-pump\/#breadcrumb\"},\"inLanguage\":\"es\",\"potentialAction\":[{\"@type\":\"ReadAction\",\"target\":[\"https:\/\/www.fieldpiece.com\/es\/producto\/vp67-6cfm-vacuum-pump\/\"]}]},{\"@type\":\"ImageObject\",\"inLanguage\":\"es\",\"@id\":\"https:\/\/www.fieldpiece.com\/es\/producto\/vp67-6cfm-vacuum-pump\/#primaryimage\",\"url\":\"https:\/\/resources.fieldpiece.com\/wp-content\/uploads\/2021\/05\/VP67.png\",\"contentUrl\":\"https:\/\/resources.fieldpiece.com\/wp-content\/uploads\/2021\/05\/VP67.png\",\"width\":470,\"height\":470,\"caption\":\"VP67 - 6 CFM Vacuum Pump\"},{\"@type\":\"BreadcrumbList\",\"@id\":\"https:\/\/www.fieldpiece.com\/es\/producto\/vp67-6cfm-vacuum-pump\/#breadcrumb\",\"itemListElement\":[{\"@type\":\"ListItem\",\"position\":1,\"name\":\"Home\",\"item\":\"https:\/\/www.fieldpiece.com\/es\/\"},{\"@type\":\"ListItem\",\"position\":2,\"name\":\"Shop\",\"item\":\"https:\/\/www.fieldpiece.com\/shop\/\"},{\"@type\":\"ListItem\",\"position\":3,\"name\":\"VP67 \u2013 Bomba de vac\u00edo de 6 pies c\u00fabicos por minuto (PCM)\"}]},{\"@type\":\"WebSite\",\"@id\":\"https:\/\/www.fieldpiece.com\/es\/#website\",\"url\":\"https:\/\/www.fieldpiece.com\/es\/\",\"name\":\"Fieldpiece Instruments\",\"description\":\"\",\"publisher\":{\"@id\":\"https:\/\/www.fieldpiece.com\/es\/#organization\"},\"potentialAction\":[{\"@type\":\"SearchAction\",\"target\":{\"@type\":\"EntryPoint\",\"urlTemplate\":\"https:\/\/www.fieldpiece.com\/es\/?s={search_term_string}\"},\"query-input\":{\"@type\":\"PropertyValueSpecification\",\"valueRequired\":true,\"valueName\":\"search_term_string\"}}],\"inLanguage\":\"es\"},{\"@type\":\"Organization\",\"@id\":\"https:\/\/www.fieldpiece.com\/es\/#organization\",\"name\":\"Fieldpiece Instruments\",\"url\":\"https:\/\/www.fieldpiece.com\/es\/\",\"logo\":{\"@type\":\"ImageObject\",\"inLanguage\":\"es\",\"@id\":\"https:\/\/www.fieldpiece.com\/es\/#\/schema\/logo\/image\/\",\"url\":\"https:\/\/resources.fieldpiece.com\/wp-content\/uploads\/2021\/02\/Logos-490x358-1.jpg\",\"contentUrl\":\"https:\/\/resources.fieldpiece.com\/wp-content\/uploads\/2021\/02\/Logos-490x358-1.jpg\",\"width\":490,\"height\":358,\"caption\":\"Fieldpiece Instruments\"},\"image\":{\"@id\":\"https:\/\/www.fieldpiece.com\/es\/#\/schema\/logo\/image\/\"}}]}<\/script>\n<!-- \/ Yoast SEO plugin. -->","yoast_head_json":{"title":"VP67 \u2013 Bomba de vac\u00edo de 6 pies c\u00fabicos por minuto (PCM) - Fieldpiece Instruments","robots":{"index":"index","follow":"follow","max-snippet":"max-snippet:-1","max-image-preview":"max-image-preview:large","max-video-preview":"max-video-preview:-1"},"canonical":"https:\/\/www.fieldpiece.com\/es\/producto\/vp67-6cfm-vacuum-pump\/","og_locale":"es_ES","og_type":"article","og_title":"VP67 \u2013 Bomba de vac\u00edo de 6 pies c\u00fabicos por minuto (PCM) - Fieldpiece Instruments","og_description":"Caudal de 6 pies c\u00fabicos por minuto (PCM) con vac\u00edo final de 15 micras Motor de CA de \u00bd CV ...","og_url":"https:\/\/www.fieldpiece.com\/es\/producto\/vp67-6cfm-vacuum-pump\/","og_site_name":"Fieldpiece Instruments","article_modified_time":"2023-04-27T08:29:14+00:00","og_image":[{"width":470,"height":470,"url":"https:\/\/resources.fieldpiece.com\/wp-content\/uploads\/2021\/05\/VP67.png","type":"image\/png"}],"twitter_card":"summary_large_image","twitter_misc":{"Tiempo de lectura":"2 minutos"},"schema":{"@context":"https:\/\/schema.org","@graph":[{"@type":"WebPage","@id":"https:\/\/www.fieldpiece.com\/es\/producto\/vp67-6cfm-vacuum-pump\/","url":"https:\/\/www.fieldpiece.com\/es\/producto\/vp67-6cfm-vacuum-pump\/","name":"VP67 \u2013 Bomba de vac\u00edo de 6 pies c\u00fabicos por minuto (PCM) - Fieldpiece Instruments","isPartOf":{"@id":"https:\/\/www.fieldpiece.com\/es\/#website"},"primaryImageOfPage":{"@id":"https:\/\/www.fieldpiece.com\/es\/producto\/vp67-6cfm-vacuum-pump\/#primaryimage"},"image":{"@id":"https:\/\/www.fieldpiece.com\/es\/producto\/vp67-6cfm-vacuum-pump\/#primaryimage"},"thumbnailUrl":"https:\/\/resources.fieldpiece.com\/wp-content\/uploads\/2021\/05\/VP67.png","datePublished":"2021-05-10T16:46:19+00:00","dateModified":"2023-04-27T08:29:14+00:00","breadcrumb":{"@id":"https:\/\/www.fieldpiece.com\/es\/producto\/vp67-6cfm-vacuum-pump\/#breadcrumb"},"inLanguage":"es","potentialAction":[{"@type":"ReadAction","target":["https:\/\/www.fieldpiece.com\/es\/producto\/vp67-6cfm-vacuum-pump\/"]}]},{"@type":"ImageObject","inLanguage":"es","@id":"https:\/\/www.fieldpiece.com\/es\/producto\/vp67-6cfm-vacuum-pump\/#primaryimage","url":"https:\/\/resources.fieldpiece.com\/wp-content\/uploads\/2021\/05\/VP67.png","contentUrl":"https:\/\/resources.fieldpiece.com\/wp-content\/uploads\/2021\/05\/VP67.png","width":470,"height":470,"caption":"VP67 - 6 CFM Vacuum Pump"},{"@type":"BreadcrumbList","@id":"https:\/\/www.fieldpiece.com\/es\/producto\/vp67-6cfm-vacuum-pump\/#breadcrumb","itemListElement":[{"@type":"ListItem","position":1,"name":"Home","item":"https:\/\/www.fieldpiece.com\/es\/"},{"@type":"ListItem","position":2,"name":"Shop","item":"https:\/\/www.fieldpiece.com\/shop\/"},{"@type":"ListItem","position":3,"name":"VP67 \u2013 Bomba de vac\u00edo de 6 pies c\u00fabicos por minuto (PCM)"}]},{"@type":"WebSite","@id":"https:\/\/www.fieldpiece.com\/es\/#website","url":"https:\/\/www.fieldpiece.com\/es\/","name":"Fieldpiece Instruments","description":"","publisher":{"@id":"https:\/\/www.fieldpiece.com\/es\/#organization"},"potentialAction":[{"@type":"SearchAction","target":{"@type":"EntryPoint","urlTemplate":"https:\/\/www.fieldpiece.com\/es\/?s={search_term_string}"},"query-input":{"@type":"PropertyValueSpecification","valueRequired":true,"valueName":"search_term_string"}}],"inLanguage":"es"},{"@type":"Organization","@id":"https:\/\/www.fieldpiece.com\/es\/#organization","name":"Fieldpiece Instruments","url":"https:\/\/www.fieldpiece.com\/es\/","logo":{"@type":"ImageObject","inLanguage":"es","@id":"https:\/\/www.fieldpiece.com\/es\/#\/schema\/logo\/image\/","url":"https:\/\/resources.fieldpiece.com\/wp-content\/uploads\/2021\/02\/Logos-490x358-1.jpg","contentUrl":"https:\/\/resources.fieldpiece.com\/wp-content\/uploads\/2021\/02\/Logos-490x358-1.jpg","width":490,"height":358,"caption":"Fieldpiece Instruments"},"image":{"@id":"https:\/\/www.fieldpiece.com\/es\/#\/schema\/logo\/image\/"}}]}},"_links":{"self":[{"href":"https:\/\/www.fieldpiece.com\/es\/wp-json\/wp\/v2\/product\/65488","targetHints":{"allow":["GET"]}}],"collection":[{"href":"https:\/\/www.fieldpiece.com\/es\/wp-json\/wp\/v2\/product"}],"about":[{"href":"https:\/\/www.fieldpiece.com\/es\/wp-json\/wp\/v2\/types\/product"}],"replies":[{"embeddable":true,"href":"https:\/\/www.fieldpiece.com\/es\/wp-json\/wp\/v2\/comments?post=65488"}],"wp:featuredmedia":[{"embeddable":true,"href":"https:\/\/www.fieldpiece.com\/es\/wp-json\/wp\/v2\/media\/35363"}],"wp:attachment":[{"href":"https:\/\/www.fieldpiece.com\/es\/wp-json\/wp\/v2\/media?parent=65488"}],"wp:term":[{"taxonomy":"product_brand","embeddable":true,"href":"https:\/\/www.fieldpiece.com\/es\/wp-json\/wp\/v2\/product_brand?post=65488"},{"taxonomy":"product_cat","embeddable":true,"href":"https:\/\/www.fieldpiece.com\/es\/wp-json\/wp\/v2\/product_cat?post=65488"},{"taxonomy":"product_tag","embeddable":true,"href":"https:\/\/www.fieldpiece.com\/es\/wp-json\/wp\/v2\/product_tag?post=65488"}],"curies":[{"name":"wp","href":"https:\/\/api.w.org\/{rel}","templated":true}]}}