	{"id":65083,"date":"2021-05-10T10:15:17","date_gmt":"2023-04-26T12:48:27","guid":{"rendered":"https:\/\/www.fieldpiece.com\/product\/dr58-heated-diode-refrigerant-leak-detector-copy\/"},"modified":"2023-04-27T01:26:58","modified_gmt":"2023-04-27T08:26:58","slug":"dr58-heated-diode-refrigerant-leak-detector-copy","status":"publish","type":"product","link":"https:\/\/www.fieldpiece.com\/es\/producto\/dr58-heated-diode-refrigerant-leak-detector-copy\/","title":{"rendered":"DR58 \u2013 Detector de fugas de refrigerante de diodo calentado"},"content":{"rendered":"<ul>\n<li>Sensibilidad superior a 0,03 oz\/a\u00f1o (1 g\/a\u00f1o)<\/li>\n<li>Brillante pantalla LCD + con lecturas num\u00e9ricas y gr\u00e1ficos de barras de f\u00e1cil consulta <\/li>\n<li>Bater\u00eda de iones de litio de 18 horas recargable por conexi\u00f3n USB <\/li>\n<li>Detecta todos los HFC, CFC, HCFC, HFO\u00a0 y sus mezclas <\/li>\n<li>Punta con luz intermitente, m\u00faltiples alarmas e indicador num\u00e9rico del tama\u00f1o de la fuga <\/li>\n<li>Puesta a cero autom\u00e1tica o manual <\/li>\n<li>Magn\u00edfico rendimiento en R410A <\/li>\n<\/ul>\n<p> \u00a0<br \/>\n &nbsp;<\/p>\n<p><strong>Dise\u00f1o \u00fanico y exclusivo.<br \/>\n<\/strong>Al ser un Fieldpiece, el detector de fugas de refrigerante de diodo calentado DR58 integra todas las funciones y prestaciones necesarias. Adem\u00e1s, est\u00e1 dise\u00f1ado para soportar el frecuente uso exhaustivo al que la mayor\u00eda de detectores de fugas no puede hacer frente, con una carcasa con certificaci\u00f3n IP54 resistente a impactos que se adapta c\u00f3modamente a la mano. <\/p>\n<p><strong>Detecte claramente incluso la m\u00e1s m\u00ednima fuga.<br \/>\n<\/strong>Al localizar fugas de menos de 0,03 oz\/a\u00f1o (1 g\/a), el DR58 detecta todos los refrigerantes HFC, CFC, HCFC, HFO y sus mezclas, con una sensibilidad superior para detectar el refrigerante R410A. La nueva y brillante pantalla LCD retroiluminada del DR58 permite consultar lecturas num\u00e9ricas, dobles alarmas personalizables y gr\u00e1ficos de barras de f\u00e1cil lectura. No volver\u00e1 a tener dudas sobre las fugas. Adem\u00e1s, es capaz de poner a cero autom\u00e1tica y manualmente las concentraciones de gas refrigerante, ofreci\u00e9ndole as\u00ed un control absoluto.<\/p>\n<p><strong>Detecci\u00f3n m\u00e1s r\u00e1pida. Mayor durabilidad.<br \/>\n<\/strong>El DR58 ostenta una duraci\u00f3n de bater\u00eda de 18 horas, mayor de lo que usted tarda en completar su trabajo. Sin duda, est\u00e1 dise\u00f1ado para satisfacer todas las expectativas. Las soluciones de burbujas de jab\u00f3n pueden tardar varios minutos en formar burbujas visibles, y los engorrosos tintes UV pueden tardar varias horas en recorrer un sistema en funcionamiento.<\/p>\n<p><strong>Integra todas las caracter\u00edsticas que usted necesitar\u00e1: <\/strong><\/p>\n<ul>\n<li>Carcasa reforzada y con certificaci\u00f3n IP54 <\/li>\n<li>Dise\u00f1o compacto para caber en la mano <\/li>\n<li>Brillante pantalla LCD retroiluminada que muestra lecturas de c\u00f3digos de barras y num\u00e9ricas <\/li>\n<li>Sensor de diodo calentado con una vida \u00fatil t\u00edpica de 300 horas <\/li>\n<li>Alarmas visuales y sonoras dobles: active o desactive el pitido cuando desee <\/li>\n<li>La punta con luz LED y un fuerte pitido ayudan a localizar las fugas en entornos ruidosos y oscuros <\/li>\n<li>Bater\u00eda de 18 horas recargable por conexi\u00f3n USB: funciona todo el d\u00eda y toda la noche con una \u00fanica carga <\/li>\n<li>Indicador num\u00e9rico de la magnitud de la fuga con gr\u00e1fico de barras <\/li>\n<li>Sonda resistente y no conductora que permanece en el lugar de colocaci\u00f3n <\/li>\n<li>Peso inferior a una libra <\/li>\n<li>Control absoluto: funciones de cero autom\u00e1tico, cero manual y silencio <\/li>\n<li>Funciona con refrigerantes A2L<\/li>\n<\/ul>\n<p> <strong><em>A\u00f1ada el DR58 a su bolsa de trabajo hoy mismo.<\/em><\/strong> <\/p>\n<p><strong>Contenido <\/strong><\/p>\n<ul>\n<li>(1) Detector de fugas de refrigerante de diodo calentado DR58 <\/li>\n<li>(5) Puntas filtradas de repuesto RFT6 <\/li>\n<li>(1) Estuche moldeado por soplado <\/li>\n<li>(1) Sensor de diodo calentado RHD1 <\/li>\n<\/ul>\n","protected":false},"excerpt":{"rendered":"<p>Sensibilidad superior a 0,03 oz\/a\u00f1o (1 g\/a\u00f1o) Brillante pantalla LCD + con lecturas num\u00e9ricas y gr\u00e1ficos de barras de f\u00e1cil &#8230;<\/p>\n","protected":false},"featured_media":34307,"comment_status":"open","ping_status":"closed","template":"","meta":{"_acf_changed":false},"product_brand":[],"product_cat":[154],"product_tag":[],"class_list":{"0":"post-65083","1":"product","2":"type-product","3":"status-publish","4":"has-post-thumbnail","6":"product_cat-leak-detectors-es-2","8":"first","9":"instock","10":"shipping-taxable","11":"product-type-simple"},"acf":[],"yoast_head":"<!-- This site is optimized with the Yoast SEO plugin v27.2 - https:\/\/yoast.com\/product\/yoast-seo-wordpress\/ -->\n<title>DR58 \u2013 Detector de fugas de refrigerante de diodo calentado - Fieldpiece Instruments<\/title>\n<meta name=\"robots\" content=\"index, follow, max-snippet:-1, max-image-preview:large, max-video-preview:-1\" \/>\n<link rel=\"canonical\" href=\"https:\/\/www.fieldpiece.com\/es\/producto\/dr58-heated-diode-refrigerant-leak-detector-copy\/\" \/>\n<meta property=\"og:locale\" content=\"es_ES\" \/>\n<meta property=\"og:type\" content=\"article\" \/>\n<meta property=\"og:title\" content=\"DR58 \u2013 Detector de fugas de refrigerante de diodo calentado - Fieldpiece Instruments\" \/>\n<meta property=\"og:description\" content=\"Sensibilidad superior a 0,03 oz\/a\u00f1o (1 g\/a\u00f1o) Brillante pantalla LCD + con lecturas num\u00e9ricas y gr\u00e1ficos de barras de f\u00e1cil ...\" \/>\n<meta property=\"og:url\" content=\"https:\/\/www.fieldpiece.com\/es\/producto\/dr58-heated-diode-refrigerant-leak-detector-copy\/\" \/>\n<meta property=\"og:site_name\" content=\"Fieldpiece Instruments\" \/>\n<meta property=\"article:modified_time\" content=\"2023-04-27T08:26:58+00:00\" \/>\n<meta property=\"og:image\" content=\"https:\/\/resources.fieldpiece.com\/wp-content\/uploads\/2021\/05\/DR58-Product.png\" \/>\n\t<meta property=\"og:image:width\" content=\"470\" \/>\n\t<meta property=\"og:image:height\" content=\"470\" \/>\n\t<meta property=\"og:image:type\" content=\"image\/png\" \/>\n<meta name=\"twitter:card\" content=\"summary_large_image\" \/>\n<meta name=\"twitter:label1\" content=\"Tiempo de lectura\" \/>\n\t<meta name=\"twitter:data1\" content=\"3 minutos\" \/>\n<script type=\"application\/ld+json\" class=\"yoast-schema-graph\">{\"@context\":\"https:\/\/schema.org\",\"@graph\":[{\"@type\":\"WebPage\",\"@id\":\"https:\/\/www.fieldpiece.com\/es\/producto\/dr58-heated-diode-refrigerant-leak-detector-copy\/\",\"url\":\"https:\/\/www.fieldpiece.com\/es\/producto\/dr58-heated-diode-refrigerant-leak-detector-copy\/\",\"name\":\"DR58 \u2013 Detector de fugas de refrigerante de diodo calentado - Fieldpiece Instruments\",\"isPartOf\":{\"@id\":\"https:\/\/www.fieldpiece.com\/es\/#website\"},\"primaryImageOfPage\":{\"@id\":\"https:\/\/www.fieldpiece.com\/es\/producto\/dr58-heated-diode-refrigerant-leak-detector-copy\/#primaryimage\"},\"image\":{\"@id\":\"https:\/\/www.fieldpiece.com\/es\/producto\/dr58-heated-diode-refrigerant-leak-detector-copy\/#primaryimage\"},\"thumbnailUrl\":\"https:\/\/resources.fieldpiece.com\/wp-content\/uploads\/2021\/05\/DR58-Product.png\",\"datePublished\":\"2023-04-26T12:48:27+00:00\",\"dateModified\":\"2023-04-27T08:26:58+00:00\",\"breadcrumb\":{\"@id\":\"https:\/\/www.fieldpiece.com\/es\/producto\/dr58-heated-diode-refrigerant-leak-detector-copy\/#breadcrumb\"},\"inLanguage\":\"es\",\"potentialAction\":[{\"@type\":\"ReadAction\",\"target\":[\"https:\/\/www.fieldpiece.com\/es\/producto\/dr58-heated-diode-refrigerant-leak-detector-copy\/\"]}]},{\"@type\":\"ImageObject\",\"inLanguage\":\"es\",\"@id\":\"https:\/\/www.fieldpiece.com\/es\/producto\/dr58-heated-diode-refrigerant-leak-detector-copy\/#primaryimage\",\"url\":\"https:\/\/resources.fieldpiece.com\/wp-content\/uploads\/2021\/05\/DR58-Product.png\",\"contentUrl\":\"https:\/\/resources.fieldpiece.com\/wp-content\/uploads\/2021\/05\/DR58-Product.png\",\"width\":470,\"height\":470,\"caption\":\"DR58 \u2013 Digital Heated Diode Refrigerant Leak Detector\"},{\"@type\":\"BreadcrumbList\",\"@id\":\"https:\/\/www.fieldpiece.com\/es\/producto\/dr58-heated-diode-refrigerant-leak-detector-copy\/#breadcrumb\",\"itemListElement\":[{\"@type\":\"ListItem\",\"position\":1,\"name\":\"Home\",\"item\":\"https:\/\/www.fieldpiece.com\/es\/\"},{\"@type\":\"ListItem\",\"position\":2,\"name\":\"Shop\",\"item\":\"https:\/\/www.fieldpiece.com\/shop\/\"},{\"@type\":\"ListItem\",\"position\":3,\"name\":\"DR58 \u2013 Detector de fugas de refrigerante de diodo calentado\"}]},{\"@type\":\"WebSite\",\"@id\":\"https:\/\/www.fieldpiece.com\/es\/#website\",\"url\":\"https:\/\/www.fieldpiece.com\/es\/\",\"name\":\"Fieldpiece Instruments\",\"description\":\"\",\"publisher\":{\"@id\":\"https:\/\/www.fieldpiece.com\/es\/#organization\"},\"potentialAction\":[{\"@type\":\"SearchAction\",\"target\":{\"@type\":\"EntryPoint\",\"urlTemplate\":\"https:\/\/www.fieldpiece.com\/es\/?s={search_term_string}\"},\"query-input\":{\"@type\":\"PropertyValueSpecification\",\"valueRequired\":true,\"valueName\":\"search_term_string\"}}],\"inLanguage\":\"es\"},{\"@type\":\"Organization\",\"@id\":\"https:\/\/www.fieldpiece.com\/es\/#organization\",\"name\":\"Fieldpiece Instruments\",\"url\":\"https:\/\/www.fieldpiece.com\/es\/\",\"logo\":{\"@type\":\"ImageObject\",\"inLanguage\":\"es\",\"@id\":\"https:\/\/www.fieldpiece.com\/es\/#\/schema\/logo\/image\/\",\"url\":\"https:\/\/resources.fieldpiece.com\/wp-content\/uploads\/2021\/02\/Logos-490x358-1.jpg\",\"contentUrl\":\"https:\/\/resources.fieldpiece.com\/wp-content\/uploads\/2021\/02\/Logos-490x358-1.jpg\",\"width\":490,\"height\":358,\"caption\":\"Fieldpiece Instruments\"},\"image\":{\"@id\":\"https:\/\/www.fieldpiece.com\/es\/#\/schema\/logo\/image\/\"}}]}<\/script>\n<!-- \/ Yoast SEO plugin. -->","yoast_head_json":{"title":"DR58 \u2013 Detector de fugas de refrigerante de diodo calentado - Fieldpiece Instruments","robots":{"index":"index","follow":"follow","max-snippet":"max-snippet:-1","max-image-preview":"max-image-preview:large","max-video-preview":"max-video-preview:-1"},"canonical":"https:\/\/www.fieldpiece.com\/es\/producto\/dr58-heated-diode-refrigerant-leak-detector-copy\/","og_locale":"es_ES","og_type":"article","og_title":"DR58 \u2013 Detector de fugas de refrigerante de diodo calentado - Fieldpiece Instruments","og_description":"Sensibilidad superior a 0,03 oz\/a\u00f1o (1 g\/a\u00f1o) Brillante pantalla LCD + con lecturas num\u00e9ricas y gr\u00e1ficos de barras de f\u00e1cil ...","og_url":"https:\/\/www.fieldpiece.com\/es\/producto\/dr58-heated-diode-refrigerant-leak-detector-copy\/","og_site_name":"Fieldpiece Instruments","article_modified_time":"2023-04-27T08:26:58+00:00","og_image":[{"width":470,"height":470,"url":"https:\/\/resources.fieldpiece.com\/wp-content\/uploads\/2021\/05\/DR58-Product.png","type":"image\/png"}],"twitter_card":"summary_large_image","twitter_misc":{"Tiempo de lectura":"3 minutos"},"schema":{"@context":"https:\/\/schema.org","@graph":[{"@type":"WebPage","@id":"https:\/\/www.fieldpiece.com\/es\/producto\/dr58-heated-diode-refrigerant-leak-detector-copy\/","url":"https:\/\/www.fieldpiece.com\/es\/producto\/dr58-heated-diode-refrigerant-leak-detector-copy\/","name":"DR58 \u2013 Detector de fugas de refrigerante de diodo calentado - Fieldpiece Instruments","isPartOf":{"@id":"https:\/\/www.fieldpiece.com\/es\/#website"},"primaryImageOfPage":{"@id":"https:\/\/www.fieldpiece.com\/es\/producto\/dr58-heated-diode-refrigerant-leak-detector-copy\/#primaryimage"},"image":{"@id":"https:\/\/www.fieldpiece.com\/es\/producto\/dr58-heated-diode-refrigerant-leak-detector-copy\/#primaryimage"},"thumbnailUrl":"https:\/\/resources.fieldpiece.com\/wp-content\/uploads\/2021\/05\/DR58-Product.png","datePublished":"2023-04-26T12:48:27+00:00","dateModified":"2023-04-27T08:26:58+00:00","breadcrumb":{"@id":"https:\/\/www.fieldpiece.com\/es\/producto\/dr58-heated-diode-refrigerant-leak-detector-copy\/#breadcrumb"},"inLanguage":"es","potentialAction":[{"@type":"ReadAction","target":["https:\/\/www.fieldpiece.com\/es\/producto\/dr58-heated-diode-refrigerant-leak-detector-copy\/"]}]},{"@type":"ImageObject","inLanguage":"es","@id":"https:\/\/www.fieldpiece.com\/es\/producto\/dr58-heated-diode-refrigerant-leak-detector-copy\/#primaryimage","url":"https:\/\/resources.fieldpiece.com\/wp-content\/uploads\/2021\/05\/DR58-Product.png","contentUrl":"https:\/\/resources.fieldpiece.com\/wp-content\/uploads\/2021\/05\/DR58-Product.png","width":470,"height":470,"caption":"DR58 \u2013 Digital Heated Diode Refrigerant Leak Detector"},{"@type":"BreadcrumbList","@id":"https:\/\/www.fieldpiece.com\/es\/producto\/dr58-heated-diode-refrigerant-leak-detector-copy\/#breadcrumb","itemListElement":[{"@type":"ListItem","position":1,"name":"Home","item":"https:\/\/www.fieldpiece.com\/es\/"},{"@type":"ListItem","position":2,"name":"Shop","item":"https:\/\/www.fieldpiece.com\/shop\/"},{"@type":"ListItem","position":3,"name":"DR58 \u2013 Detector de fugas de refrigerante de diodo calentado"}]},{"@type":"WebSite","@id":"https:\/\/www.fieldpiece.com\/es\/#website","url":"https:\/\/www.fieldpiece.com\/es\/","name":"Fieldpiece Instruments","description":"","publisher":{"@id":"https:\/\/www.fieldpiece.com\/es\/#organization"},"potentialAction":[{"@type":"SearchAction","target":{"@type":"EntryPoint","urlTemplate":"https:\/\/www.fieldpiece.com\/es\/?s={search_term_string}"},"query-input":{"@type":"PropertyValueSpecification","valueRequired":true,"valueName":"search_term_string"}}],"inLanguage":"es"},{"@type":"Organization","@id":"https:\/\/www.fieldpiece.com\/es\/#organization","name":"Fieldpiece Instruments","url":"https:\/\/www.fieldpiece.com\/es\/","logo":{"@type":"ImageObject","inLanguage":"es","@id":"https:\/\/www.fieldpiece.com\/es\/#\/schema\/logo\/image\/","url":"https:\/\/resources.fieldpiece.com\/wp-content\/uploads\/2021\/02\/Logos-490x358-1.jpg","contentUrl":"https:\/\/resources.fieldpiece.com\/wp-content\/uploads\/2021\/02\/Logos-490x358-1.jpg","width":490,"height":358,"caption":"Fieldpiece Instruments"},"image":{"@id":"https:\/\/www.fieldpiece.com\/es\/#\/schema\/logo\/image\/"}}]}},"_links":{"self":[{"href":"https:\/\/www.fieldpiece.com\/es\/wp-json\/wp\/v2\/product\/65083","targetHints":{"allow":["GET"]}}],"collection":[{"href":"https:\/\/www.fieldpiece.com\/es\/wp-json\/wp\/v2\/product"}],"about":[{"href":"https:\/\/www.fieldpiece.com\/es\/wp-json\/wp\/v2\/types\/product"}],"replies":[{"embeddable":true,"href":"https:\/\/www.fieldpiece.com\/es\/wp-json\/wp\/v2\/comments?post=65083"}],"wp:featuredmedia":[{"embeddable":true,"href":"https:\/\/www.fieldpiece.com\/es\/wp-json\/wp\/v2\/media\/34307"}],"wp:attachment":[{"href":"https:\/\/www.fieldpiece.com\/es\/wp-json\/wp\/v2\/media?parent=65083"}],"wp:term":[{"taxonomy":"product_brand","embeddable":true,"href":"https:\/\/www.fieldpiece.com\/es\/wp-json\/wp\/v2\/product_brand?post=65083"},{"taxonomy":"product_cat","embeddable":true,"href":"https:\/\/www.fieldpiece.com\/es\/wp-json\/wp\/v2\/product_cat?post=65083"},{"taxonomy":"product_tag","embeddable":true,"href":"https:\/\/www.fieldpiece.com\/es\/wp-json\/wp\/v2\/product_tag?post=65083"}],"curies":[{"name":"wp","href":"https:\/\/api.w.org\/{rel}","templated":true}]}}