	{"id":65020,"date":"2021-05-10T10:51:49","date_gmt":"2023-04-26T12:48:27","guid":{"rendered":"https:\/\/www.fieldpiece.com\/product\/dr82-infrared-refrigerant-leak-detector-copy-2\/"},"modified":"2023-04-27T01:25:39","modified_gmt":"2023-04-27T08:25:39","slug":"dr82-infrared-refrigerant-leak-detector-copy-2","status":"publish","type":"product","link":"https:\/\/www.fieldpiece.com\/es\/producto\/dr82-infrared-refrigerant-leak-detector-copy-2\/","title":{"rendered":"DR82 \u2013 Detector de fugas de refrigerante por infrarrojos"},"content":{"rendered":"<ul>\n<li>Sensor de infrarrojos de \u00faltima generaci\u00f3n <\/li>\n<li>La enorme pantalla LCD retroiluminada ofrece informaci\u00f3n clara y f\u00e1cil de visualizar <\/li>\n<li>Sensibilidad superior a 0,03 oz\/a\u00f1o (1 g\/a\u00f1o) <\/li>\n<li>Detecta todos los HFC, CFC, HCFC, HFO\u00a0 y sus mezclas <\/li>\n<li>Punta iluminada intermitente, avisador ac\u00fastico potente e indicador de nivel de fugas <\/li>\n<li>No se activa con pompas de jab\u00f3n ni aceite <\/li>\n<\/ul>\n<p><strong>La sensibilidad m\u00e1s elevada posible.<\/strong> <\/p>\n<p>Si busca localizar fugas con mayor celeridad para sus clientes, pruebe el detector de fugas de refrigerante por infrarrojos Fieldpiece DR82. Nuestro detector m\u00e1s reciente puede detectar fugas &lt;0,03 oz\/a\u00f1o. Eso supone una sensibilidad 20 veces superior a las pompas de jab\u00f3n. Esto supera ampliamente los est\u00e1ndares de detecci\u00f3n para poder encontrar y localizar fugas r\u00e1pidamente. El DR82 se activa con todos los HFC, CFC, HCFC, HFO y sus mezclas.<\/p>\n<p><strong>Olv\u00eddese de los falsos positivos.<\/strong> <\/p>\n<p>A diferencia de otros detectores presentes en el mercado, el DR82 no se activa con el aceite ni la humedad. Detecta cualquier cambio en los niveles de refrigerante y puede funcionar en entornos contaminados. Los sensores son de acci\u00f3n r\u00e1pida y su vida \u00fatil puede alcanzar los 10 a\u00f1os.<\/p>\n<p><strong>F\u00e1cil de usar, consultar y cargar.<\/strong> <\/p>\n<p>El DR82 est\u00e1 dise\u00f1ado para adaptarse c\u00f3modamente a su mano y es lo suficientemente resistente para satisfacer las exigencias a las que se enfrenta diariamente en el campo. Su nueva y brillante pantalla muestra lecturas num\u00e9ricas, dobles alarmas personalizables y gr\u00e1ficos de barras de f\u00e1cil lectura para que nunca tenga dudas. Adem\u00e1s, las casi 10 horas de duraci\u00f3n de la carga del DR82 y la posibilidad de continuar utiliz\u00e1ndolo mientras se carga le permitir\u00e1n terminar c\u00f3modamente todas las tareas. <\/p>\n<p><strong>Prestaciones del DR82: <\/strong> <\/p>\n<ul>\n<li>La vida del sensor alcanza hasta 10 a\u00f1os <\/li>\n<li>No se activa con pompas de jab\u00f3n ni aceite <\/li>\n<li>Compacto, dise\u00f1ado para caber en la mano <\/li>\n<li>M\u00faltiples alarmas disponibles <\/li>\n<li>La punta con luz LED y un fuerte pitido ayudan a localizar las fugas en entornos ruidosos y oscuros <\/li>\n<li>Sensibilidad superior a 0,03 oz\/a\u00f1o (1 g\/a\u00f1o) <\/li>\n<li>Reforzado y con certificaci\u00f3n IP54 <\/li>\n<li>Carga de bater\u00eda de 10 horas <\/li>\n<li>Pantalla LCD retroiluminada de color azul brillante con indicador num\u00e9rico muy claro del tama\u00f1o de la fuga y gr\u00e1fico de barras <\/li>\n<li>Sonda resistente y no conductora que permanece en el lugar de colocaci\u00f3n.<\/li>\n<li>Peso inferior a una libra <\/li>\n<li>Funciona con refrigerantes A2L <\/li>\n<\/ul>\n<p><strong>Contenido <\/strong> <\/p>\n<ul>\n<li>(1) Detector avanzado de fugas de refrigerante por infrarrojos DR82 <\/li>\n<li>(5) Puntas filtradas de repuesto RFT6 <\/li>\n<li>(1) Estuche moldeado por soplado <\/li>\n<\/ul>\n","protected":false},"excerpt":{"rendered":"<p>Sensor de infrarrojos de \u00faltima generaci\u00f3n La enorme pantalla LCD retroiluminada ofrece informaci\u00f3n clara y f\u00e1cil de visualizar Sensibilidad superior &#8230;<\/p>\n","protected":false},"featured_media":34314,"comment_status":"open","ping_status":"closed","template":"","meta":{"_acf_changed":false},"product_brand":[],"product_cat":[154],"product_tag":[],"class_list":{"0":"post-65020","1":"product","2":"type-product","3":"status-publish","4":"has-post-thumbnail","6":"product_cat-leak-detectors-es-2","8":"first","9":"instock","10":"shipping-taxable","11":"product-type-simple"},"acf":[],"yoast_head":"<!-- This site is optimized with the Yoast SEO plugin v27.2 - https:\/\/yoast.com\/product\/yoast-seo-wordpress\/ -->\n<title>DR82 \u2013 Detector de fugas de refrigerante por infrarrojos - Fieldpiece Instruments<\/title>\n<meta name=\"robots\" content=\"index, follow, max-snippet:-1, max-image-preview:large, max-video-preview:-1\" \/>\n<link rel=\"canonical\" href=\"https:\/\/www.fieldpiece.com\/es\/producto\/dr82-infrared-refrigerant-leak-detector-copy-2\/\" \/>\n<meta property=\"og:locale\" content=\"es_ES\" \/>\n<meta property=\"og:type\" content=\"article\" \/>\n<meta property=\"og:title\" content=\"DR82 \u2013 Detector de fugas de refrigerante por infrarrojos - Fieldpiece Instruments\" \/>\n<meta property=\"og:description\" content=\"Sensor de infrarrojos de \u00faltima generaci\u00f3n La enorme pantalla LCD retroiluminada ofrece informaci\u00f3n clara y f\u00e1cil de visualizar Sensibilidad superior ...\" \/>\n<meta property=\"og:url\" content=\"https:\/\/www.fieldpiece.com\/es\/producto\/dr82-infrared-refrigerant-leak-detector-copy-2\/\" \/>\n<meta property=\"og:site_name\" content=\"Fieldpiece Instruments\" \/>\n<meta property=\"article:modified_time\" content=\"2023-04-27T08:25:39+00:00\" \/>\n<meta property=\"og:image\" content=\"https:\/\/resources.fieldpiece.com\/wp-content\/uploads\/2021\/05\/DR82-Product.png\" \/>\n\t<meta property=\"og:image:width\" content=\"470\" \/>\n\t<meta property=\"og:image:height\" content=\"470\" \/>\n\t<meta property=\"og:image:type\" content=\"image\/png\" \/>\n<meta name=\"twitter:card\" content=\"summary_large_image\" \/>\n<meta name=\"twitter:label1\" content=\"Tiempo de lectura\" \/>\n\t<meta name=\"twitter:data1\" content=\"2 minutos\" \/>\n<script type=\"application\/ld+json\" class=\"yoast-schema-graph\">{\"@context\":\"https:\/\/schema.org\",\"@graph\":[{\"@type\":\"WebPage\",\"@id\":\"https:\/\/www.fieldpiece.com\/es\/producto\/dr82-infrared-refrigerant-leak-detector-copy-2\/\",\"url\":\"https:\/\/www.fieldpiece.com\/es\/producto\/dr82-infrared-refrigerant-leak-detector-copy-2\/\",\"name\":\"DR82 \u2013 Detector de fugas de refrigerante por infrarrojos - Fieldpiece Instruments\",\"isPartOf\":{\"@id\":\"https:\/\/www.fieldpiece.com\/es\/#website\"},\"primaryImageOfPage\":{\"@id\":\"https:\/\/www.fieldpiece.com\/es\/producto\/dr82-infrared-refrigerant-leak-detector-copy-2\/#primaryimage\"},\"image\":{\"@id\":\"https:\/\/www.fieldpiece.com\/es\/producto\/dr82-infrared-refrigerant-leak-detector-copy-2\/#primaryimage\"},\"thumbnailUrl\":\"https:\/\/resources.fieldpiece.com\/wp-content\/uploads\/2021\/05\/DR82-Product.png\",\"datePublished\":\"2023-04-26T12:48:27+00:00\",\"dateModified\":\"2023-04-27T08:25:39+00:00\",\"breadcrumb\":{\"@id\":\"https:\/\/www.fieldpiece.com\/es\/producto\/dr82-infrared-refrigerant-leak-detector-copy-2\/#breadcrumb\"},\"inLanguage\":\"es\",\"potentialAction\":[{\"@type\":\"ReadAction\",\"target\":[\"https:\/\/www.fieldpiece.com\/es\/producto\/dr82-infrared-refrigerant-leak-detector-copy-2\/\"]}]},{\"@type\":\"ImageObject\",\"inLanguage\":\"es\",\"@id\":\"https:\/\/www.fieldpiece.com\/es\/producto\/dr82-infrared-refrigerant-leak-detector-copy-2\/#primaryimage\",\"url\":\"https:\/\/resources.fieldpiece.com\/wp-content\/uploads\/2021\/05\/DR82-Product.png\",\"contentUrl\":\"https:\/\/resources.fieldpiece.com\/wp-content\/uploads\/2021\/05\/DR82-Product.png\",\"width\":470,\"height\":470,\"caption\":\"DR82 - LCD Display Pinpoint Infrared Refrigerant Leak Detector\"},{\"@type\":\"BreadcrumbList\",\"@id\":\"https:\/\/www.fieldpiece.com\/es\/producto\/dr82-infrared-refrigerant-leak-detector-copy-2\/#breadcrumb\",\"itemListElement\":[{\"@type\":\"ListItem\",\"position\":1,\"name\":\"Home\",\"item\":\"https:\/\/www.fieldpiece.com\/es\/\"},{\"@type\":\"ListItem\",\"position\":2,\"name\":\"Shop\",\"item\":\"https:\/\/www.fieldpiece.com\/shop\/\"},{\"@type\":\"ListItem\",\"position\":3,\"name\":\"DR82 \u2013 Detector de fugas de refrigerante por infrarrojos\"}]},{\"@type\":\"WebSite\",\"@id\":\"https:\/\/www.fieldpiece.com\/es\/#website\",\"url\":\"https:\/\/www.fieldpiece.com\/es\/\",\"name\":\"Fieldpiece Instruments\",\"description\":\"\",\"publisher\":{\"@id\":\"https:\/\/www.fieldpiece.com\/es\/#organization\"},\"potentialAction\":[{\"@type\":\"SearchAction\",\"target\":{\"@type\":\"EntryPoint\",\"urlTemplate\":\"https:\/\/www.fieldpiece.com\/es\/?s={search_term_string}\"},\"query-input\":{\"@type\":\"PropertyValueSpecification\",\"valueRequired\":true,\"valueName\":\"search_term_string\"}}],\"inLanguage\":\"es\"},{\"@type\":\"Organization\",\"@id\":\"https:\/\/www.fieldpiece.com\/es\/#organization\",\"name\":\"Fieldpiece Instruments\",\"url\":\"https:\/\/www.fieldpiece.com\/es\/\",\"logo\":{\"@type\":\"ImageObject\",\"inLanguage\":\"es\",\"@id\":\"https:\/\/www.fieldpiece.com\/es\/#\/schema\/logo\/image\/\",\"url\":\"https:\/\/resources.fieldpiece.com\/wp-content\/uploads\/2021\/02\/Logos-490x358-1.jpg\",\"contentUrl\":\"https:\/\/resources.fieldpiece.com\/wp-content\/uploads\/2021\/02\/Logos-490x358-1.jpg\",\"width\":490,\"height\":358,\"caption\":\"Fieldpiece Instruments\"},\"image\":{\"@id\":\"https:\/\/www.fieldpiece.com\/es\/#\/schema\/logo\/image\/\"}}]}<\/script>\n<!-- \/ Yoast SEO plugin. -->","yoast_head_json":{"title":"DR82 \u2013 Detector de fugas de refrigerante por infrarrojos - Fieldpiece Instruments","robots":{"index":"index","follow":"follow","max-snippet":"max-snippet:-1","max-image-preview":"max-image-preview:large","max-video-preview":"max-video-preview:-1"},"canonical":"https:\/\/www.fieldpiece.com\/es\/producto\/dr82-infrared-refrigerant-leak-detector-copy-2\/","og_locale":"es_ES","og_type":"article","og_title":"DR82 \u2013 Detector de fugas de refrigerante por infrarrojos - Fieldpiece Instruments","og_description":"Sensor de infrarrojos de \u00faltima generaci\u00f3n La enorme pantalla LCD retroiluminada ofrece informaci\u00f3n clara y f\u00e1cil de visualizar Sensibilidad superior ...","og_url":"https:\/\/www.fieldpiece.com\/es\/producto\/dr82-infrared-refrigerant-leak-detector-copy-2\/","og_site_name":"Fieldpiece Instruments","article_modified_time":"2023-04-27T08:25:39+00:00","og_image":[{"width":470,"height":470,"url":"https:\/\/resources.fieldpiece.com\/wp-content\/uploads\/2021\/05\/DR82-Product.png","type":"image\/png"}],"twitter_card":"summary_large_image","twitter_misc":{"Tiempo de lectura":"2 minutos"},"schema":{"@context":"https:\/\/schema.org","@graph":[{"@type":"WebPage","@id":"https:\/\/www.fieldpiece.com\/es\/producto\/dr82-infrared-refrigerant-leak-detector-copy-2\/","url":"https:\/\/www.fieldpiece.com\/es\/producto\/dr82-infrared-refrigerant-leak-detector-copy-2\/","name":"DR82 \u2013 Detector de fugas de refrigerante por infrarrojos - Fieldpiece Instruments","isPartOf":{"@id":"https:\/\/www.fieldpiece.com\/es\/#website"},"primaryImageOfPage":{"@id":"https:\/\/www.fieldpiece.com\/es\/producto\/dr82-infrared-refrigerant-leak-detector-copy-2\/#primaryimage"},"image":{"@id":"https:\/\/www.fieldpiece.com\/es\/producto\/dr82-infrared-refrigerant-leak-detector-copy-2\/#primaryimage"},"thumbnailUrl":"https:\/\/resources.fieldpiece.com\/wp-content\/uploads\/2021\/05\/DR82-Product.png","datePublished":"2023-04-26T12:48:27+00:00","dateModified":"2023-04-27T08:25:39+00:00","breadcrumb":{"@id":"https:\/\/www.fieldpiece.com\/es\/producto\/dr82-infrared-refrigerant-leak-detector-copy-2\/#breadcrumb"},"inLanguage":"es","potentialAction":[{"@type":"ReadAction","target":["https:\/\/www.fieldpiece.com\/es\/producto\/dr82-infrared-refrigerant-leak-detector-copy-2\/"]}]},{"@type":"ImageObject","inLanguage":"es","@id":"https:\/\/www.fieldpiece.com\/es\/producto\/dr82-infrared-refrigerant-leak-detector-copy-2\/#primaryimage","url":"https:\/\/resources.fieldpiece.com\/wp-content\/uploads\/2021\/05\/DR82-Product.png","contentUrl":"https:\/\/resources.fieldpiece.com\/wp-content\/uploads\/2021\/05\/DR82-Product.png","width":470,"height":470,"caption":"DR82 - LCD Display Pinpoint Infrared Refrigerant Leak Detector"},{"@type":"BreadcrumbList","@id":"https:\/\/www.fieldpiece.com\/es\/producto\/dr82-infrared-refrigerant-leak-detector-copy-2\/#breadcrumb","itemListElement":[{"@type":"ListItem","position":1,"name":"Home","item":"https:\/\/www.fieldpiece.com\/es\/"},{"@type":"ListItem","position":2,"name":"Shop","item":"https:\/\/www.fieldpiece.com\/shop\/"},{"@type":"ListItem","position":3,"name":"DR82 \u2013 Detector de fugas de refrigerante por infrarrojos"}]},{"@type":"WebSite","@id":"https:\/\/www.fieldpiece.com\/es\/#website","url":"https:\/\/www.fieldpiece.com\/es\/","name":"Fieldpiece Instruments","description":"","publisher":{"@id":"https:\/\/www.fieldpiece.com\/es\/#organization"},"potentialAction":[{"@type":"SearchAction","target":{"@type":"EntryPoint","urlTemplate":"https:\/\/www.fieldpiece.com\/es\/?s={search_term_string}"},"query-input":{"@type":"PropertyValueSpecification","valueRequired":true,"valueName":"search_term_string"}}],"inLanguage":"es"},{"@type":"Organization","@id":"https:\/\/www.fieldpiece.com\/es\/#organization","name":"Fieldpiece Instruments","url":"https:\/\/www.fieldpiece.com\/es\/","logo":{"@type":"ImageObject","inLanguage":"es","@id":"https:\/\/www.fieldpiece.com\/es\/#\/schema\/logo\/image\/","url":"https:\/\/resources.fieldpiece.com\/wp-content\/uploads\/2021\/02\/Logos-490x358-1.jpg","contentUrl":"https:\/\/resources.fieldpiece.com\/wp-content\/uploads\/2021\/02\/Logos-490x358-1.jpg","width":490,"height":358,"caption":"Fieldpiece Instruments"},"image":{"@id":"https:\/\/www.fieldpiece.com\/es\/#\/schema\/logo\/image\/"}}]}},"_links":{"self":[{"href":"https:\/\/www.fieldpiece.com\/es\/wp-json\/wp\/v2\/product\/65020","targetHints":{"allow":["GET"]}}],"collection":[{"href":"https:\/\/www.fieldpiece.com\/es\/wp-json\/wp\/v2\/product"}],"about":[{"href":"https:\/\/www.fieldpiece.com\/es\/wp-json\/wp\/v2\/types\/product"}],"replies":[{"embeddable":true,"href":"https:\/\/www.fieldpiece.com\/es\/wp-json\/wp\/v2\/comments?post=65020"}],"wp:featuredmedia":[{"embeddable":true,"href":"https:\/\/www.fieldpiece.com\/es\/wp-json\/wp\/v2\/media\/34314"}],"wp:attachment":[{"href":"https:\/\/www.fieldpiece.com\/es\/wp-json\/wp\/v2\/media?parent=65020"}],"wp:term":[{"taxonomy":"product_brand","embeddable":true,"href":"https:\/\/www.fieldpiece.com\/es\/wp-json\/wp\/v2\/product_brand?post=65020"},{"taxonomy":"product_cat","embeddable":true,"href":"https:\/\/www.fieldpiece.com\/es\/wp-json\/wp\/v2\/product_cat?post=65020"},{"taxonomy":"product_tag","embeddable":true,"href":"https:\/\/www.fieldpiece.com\/es\/wp-json\/wp\/v2\/product_tag?post=65020"}],"curies":[{"name":"wp","href":"https:\/\/api.w.org\/{rel}","templated":true}]}}