	{"id":65007,"date":"2021-05-26T08:18:12","date_gmt":"2023-04-26T12:48:27","guid":{"rendered":"https:\/\/www.fieldpiece.com\/product\/mg44-wireless-micron-vacuum-gauge\/"},"modified":"2023-04-27T01:25:20","modified_gmt":"2023-04-27T08:25:20","slug":"mg44-wireless-micron-vacuum-gauge","status":"publish","type":"product","link":"https:\/\/www.fieldpiece.com\/es\/producto\/mg44-wireless-micron-vacuum-gauge\/","title":{"rendered":"MG44 \u2013 Vacu\u00f3metro inal\u00e1mbrico"},"content":{"rendered":"<ul>\n<li>Realice vaciados con la plena seguridad que confiere una junta confiable a prueba de fugas.<\/li>\n<li>El acoplador en \u00e1ngulo reversible y el nuevo dise\u00f1o cil\u00edndrico facilitan la instalaci\u00f3n en espacios reducidos.<\/li>\n<li>Existen tres modos de uso: 1) hasta 1000 pies de distancia a trav\u00e9s de la aplicaci\u00f3n m\u00f3vil de Job Link\u00ae, 2) en el analizador de refrigerante Fieldpiece SMAN\u2122 o 3) directamente por medio de la pantalla del MG44.<\/li>\n<li>Tres modos de visualizaci\u00f3n: la nueva y mayor pantalla LCD retroiluminada facilita la lectura y su pantalla de matriz de puntos recoge m\u00e1s informaci\u00f3n, incluyendo 1) gr\u00e1ficos de barras, 2) nivel y 3) medidor de nivel.<\/li>\n<li>Resistente a la intemperie con clasificaci\u00f3n IP54.<\/li>\n<li>Construcci\u00f3n sobremoldeada reforzada para brindar una resistencia extrema a los impactos.<\/li>\n<\/ul>\n<p><strong>Dise\u00f1ado para el uso en campo.<\/strong><br \/>\nAl igual que todos los equipos Fieldpiece, el vacu\u00f3metro inal\u00e1mbrico MG44 est\u00e1 dise\u00f1ado para facilitar su trabajo. Ayuda a eliminar las falsas mediciones permiti\u00e9ndole conectarlo al puerto del sistema,\u00a0incluso en los lugares inc\u00f3modos y de dif\u00edcil acceso. Y est\u00e1 alojado en un estuche reforzado y resistente a los impactos y la intemperie. <\/p>\n<p><strong>Inst\u00e1lelo en cualquier lugar, incluso con una sola mano.<br \/>\n<\/strong>El nuevo y m\u00e1s peque\u00f1o dise\u00f1o cil\u00edndrico del vacu\u00f3metro inal\u00e1mbrico, su agarre antideslizante y la adici\u00f3n de un acoplador en \u00e1ngulo reversible convierten al MG44 en un dispositivo de f\u00e1cil manejo e instalaci\u00f3n, incluso en los lugares m\u00e1s inaccesibles. <\/p>\n<p><strong>Tres modos de uso.<br \/>\n<\/strong>Al realizar una extracci\u00f3n, este indicador permite supervisar el avance por medio de la aplicaci\u00f3n de Job Link\u00ae desde una distancia de hasta 1000 pies. El MG44 es igualmente compatible con los analizadores de refrigerante SMAN\u2122 existentes \u00a0(SM380V\/SM480V) o puede optar por supervisar las medidas de extracci\u00f3n directamente en la pantalla del MG44. <\/p>\n<p><strong>Tres modos de visualizaci\u00f3n.<br \/>\n<\/strong>Una pantalla de matriz de puntos se traduce en m\u00faltiples modos de visualizaci\u00f3n: gr\u00e1fico de barras, nivel y medidor de nivel; y nuestra nueva pantalla LCD retroiluminada de mayor tama\u00f1o es brillante y de f\u00e1cil lectura, incluso con poca luz o en \u00e1ngulos extra\u00f1os. \u00a0 <\/p>\n<p>&nbsp;<\/p>\n<p><em><strong><u>Elija un vacu\u00f3metro inal\u00e1mbrico ahora mismo.<\/u><\/strong><\/em><\/p>\n","protected":false},"excerpt":{"rendered":"<p>Realice vaciados con la plena seguridad que confiere una junta confiable a prueba de fugas. El acoplador en \u00e1ngulo reversible &#8230;<\/p>\n","protected":false},"featured_media":42437,"comment_status":"open","ping_status":"closed","template":"","meta":{"_acf_changed":false},"product_brand":[],"product_cat":[128,148],"product_tag":[],"class_list":{"0":"post-65007","1":"product","2":"type-product","3":"status-publish","4":"has-post-thumbnail","6":"product_cat-recovery-and-vacuum-es-2","7":"product_cat-vacuum-gauge-es","9":"first","10":"instock","11":"shipping-taxable","12":"product-type-simple"},"acf":[],"yoast_head":"<!-- This site is optimized with the Yoast SEO plugin v27.2 - https:\/\/yoast.com\/product\/yoast-seo-wordpress\/ -->\n<title>MG44 \u2013 Vacu\u00f3metro inal\u00e1mbrico - Fieldpiece Instruments<\/title>\n<meta name=\"robots\" content=\"index, follow, max-snippet:-1, max-image-preview:large, max-video-preview:-1\" \/>\n<link rel=\"canonical\" href=\"https:\/\/www.fieldpiece.com\/es\/producto\/mg44-wireless-micron-vacuum-gauge\/\" \/>\n<meta property=\"og:locale\" content=\"es_ES\" \/>\n<meta property=\"og:type\" content=\"article\" \/>\n<meta property=\"og:title\" content=\"MG44 \u2013 Vacu\u00f3metro inal\u00e1mbrico - Fieldpiece Instruments\" \/>\n<meta property=\"og:description\" content=\"Realice vaciados con la plena seguridad que confiere una junta confiable a prueba de fugas. El acoplador en \u00e1ngulo reversible ...\" \/>\n<meta property=\"og:url\" content=\"https:\/\/www.fieldpiece.com\/es\/producto\/mg44-wireless-micron-vacuum-gauge\/\" \/>\n<meta property=\"og:site_name\" content=\"Fieldpiece Instruments\" \/>\n<meta property=\"article:modified_time\" content=\"2023-04-27T08:25:20+00:00\" \/>\n<meta property=\"og:image\" content=\"https:\/\/resources.fieldpiece.com\/wp-content\/uploads\/2021\/05\/MG44-Product.png\" \/>\n\t<meta property=\"og:image:width\" content=\"470\" \/>\n\t<meta property=\"og:image:height\" content=\"470\" \/>\n\t<meta property=\"og:image:type\" content=\"image\/png\" \/>\n<meta name=\"twitter:card\" content=\"summary_large_image\" \/>\n<meta name=\"twitter:label1\" content=\"Tiempo de lectura\" \/>\n\t<meta name=\"twitter:data1\" content=\"2 minutos\" \/>\n<script type=\"application\/ld+json\" class=\"yoast-schema-graph\">{\"@context\":\"https:\/\/schema.org\",\"@graph\":[{\"@type\":\"WebPage\",\"@id\":\"https:\/\/www.fieldpiece.com\/es\/producto\/mg44-wireless-micron-vacuum-gauge\/\",\"url\":\"https:\/\/www.fieldpiece.com\/es\/producto\/mg44-wireless-micron-vacuum-gauge\/\",\"name\":\"MG44 \u2013 Vacu\u00f3metro inal\u00e1mbrico - Fieldpiece Instruments\",\"isPartOf\":{\"@id\":\"https:\/\/www.fieldpiece.com\/es\/#website\"},\"primaryImageOfPage\":{\"@id\":\"https:\/\/www.fieldpiece.com\/es\/producto\/mg44-wireless-micron-vacuum-gauge\/#primaryimage\"},\"image\":{\"@id\":\"https:\/\/www.fieldpiece.com\/es\/producto\/mg44-wireless-micron-vacuum-gauge\/#primaryimage\"},\"thumbnailUrl\":\"https:\/\/resources.fieldpiece.com\/wp-content\/uploads\/2021\/05\/MG44-Product.png\",\"datePublished\":\"2023-04-26T12:48:27+00:00\",\"dateModified\":\"2023-04-27T08:25:20+00:00\",\"breadcrumb\":{\"@id\":\"https:\/\/www.fieldpiece.com\/es\/producto\/mg44-wireless-micron-vacuum-gauge\/#breadcrumb\"},\"inLanguage\":\"es\",\"potentialAction\":[{\"@type\":\"ReadAction\",\"target\":[\"https:\/\/www.fieldpiece.com\/es\/producto\/mg44-wireless-micron-vacuum-gauge\/\"]}]},{\"@type\":\"ImageObject\",\"inLanguage\":\"es\",\"@id\":\"https:\/\/www.fieldpiece.com\/es\/producto\/mg44-wireless-micron-vacuum-gauge\/#primaryimage\",\"url\":\"https:\/\/resources.fieldpiece.com\/wp-content\/uploads\/2021\/05\/MG44-Product.png\",\"contentUrl\":\"https:\/\/resources.fieldpiece.com\/wp-content\/uploads\/2021\/05\/MG44-Product.png\",\"width\":470,\"height\":470,\"caption\":\"Digital Vacuum Gauge\"},{\"@type\":\"BreadcrumbList\",\"@id\":\"https:\/\/www.fieldpiece.com\/es\/producto\/mg44-wireless-micron-vacuum-gauge\/#breadcrumb\",\"itemListElement\":[{\"@type\":\"ListItem\",\"position\":1,\"name\":\"Home\",\"item\":\"https:\/\/www.fieldpiece.com\/es\/\"},{\"@type\":\"ListItem\",\"position\":2,\"name\":\"Shop\",\"item\":\"https:\/\/www.fieldpiece.com\/shop\/\"},{\"@type\":\"ListItem\",\"position\":3,\"name\":\"MG44 \u2013 Vacu\u00f3metro inal\u00e1mbrico\"}]},{\"@type\":\"WebSite\",\"@id\":\"https:\/\/www.fieldpiece.com\/es\/#website\",\"url\":\"https:\/\/www.fieldpiece.com\/es\/\",\"name\":\"Fieldpiece Instruments\",\"description\":\"\",\"publisher\":{\"@id\":\"https:\/\/www.fieldpiece.com\/es\/#organization\"},\"potentialAction\":[{\"@type\":\"SearchAction\",\"target\":{\"@type\":\"EntryPoint\",\"urlTemplate\":\"https:\/\/www.fieldpiece.com\/es\/?s={search_term_string}\"},\"query-input\":{\"@type\":\"PropertyValueSpecification\",\"valueRequired\":true,\"valueName\":\"search_term_string\"}}],\"inLanguage\":\"es\"},{\"@type\":\"Organization\",\"@id\":\"https:\/\/www.fieldpiece.com\/es\/#organization\",\"name\":\"Fieldpiece Instruments\",\"url\":\"https:\/\/www.fieldpiece.com\/es\/\",\"logo\":{\"@type\":\"ImageObject\",\"inLanguage\":\"es\",\"@id\":\"https:\/\/www.fieldpiece.com\/es\/#\/schema\/logo\/image\/\",\"url\":\"https:\/\/resources.fieldpiece.com\/wp-content\/uploads\/2021\/02\/Logos-490x358-1.jpg\",\"contentUrl\":\"https:\/\/resources.fieldpiece.com\/wp-content\/uploads\/2021\/02\/Logos-490x358-1.jpg\",\"width\":490,\"height\":358,\"caption\":\"Fieldpiece Instruments\"},\"image\":{\"@id\":\"https:\/\/www.fieldpiece.com\/es\/#\/schema\/logo\/image\/\"}}]}<\/script>\n<!-- \/ Yoast SEO plugin. -->","yoast_head_json":{"title":"MG44 \u2013 Vacu\u00f3metro inal\u00e1mbrico - Fieldpiece Instruments","robots":{"index":"index","follow":"follow","max-snippet":"max-snippet:-1","max-image-preview":"max-image-preview:large","max-video-preview":"max-video-preview:-1"},"canonical":"https:\/\/www.fieldpiece.com\/es\/producto\/mg44-wireless-micron-vacuum-gauge\/","og_locale":"es_ES","og_type":"article","og_title":"MG44 \u2013 Vacu\u00f3metro inal\u00e1mbrico - Fieldpiece Instruments","og_description":"Realice vaciados con la plena seguridad que confiere una junta confiable a prueba de fugas. El acoplador en \u00e1ngulo reversible ...","og_url":"https:\/\/www.fieldpiece.com\/es\/producto\/mg44-wireless-micron-vacuum-gauge\/","og_site_name":"Fieldpiece Instruments","article_modified_time":"2023-04-27T08:25:20+00:00","og_image":[{"width":470,"height":470,"url":"https:\/\/resources.fieldpiece.com\/wp-content\/uploads\/2021\/05\/MG44-Product.png","type":"image\/png"}],"twitter_card":"summary_large_image","twitter_misc":{"Tiempo de lectura":"2 minutos"},"schema":{"@context":"https:\/\/schema.org","@graph":[{"@type":"WebPage","@id":"https:\/\/www.fieldpiece.com\/es\/producto\/mg44-wireless-micron-vacuum-gauge\/","url":"https:\/\/www.fieldpiece.com\/es\/producto\/mg44-wireless-micron-vacuum-gauge\/","name":"MG44 \u2013 Vacu\u00f3metro inal\u00e1mbrico - Fieldpiece Instruments","isPartOf":{"@id":"https:\/\/www.fieldpiece.com\/es\/#website"},"primaryImageOfPage":{"@id":"https:\/\/www.fieldpiece.com\/es\/producto\/mg44-wireless-micron-vacuum-gauge\/#primaryimage"},"image":{"@id":"https:\/\/www.fieldpiece.com\/es\/producto\/mg44-wireless-micron-vacuum-gauge\/#primaryimage"},"thumbnailUrl":"https:\/\/resources.fieldpiece.com\/wp-content\/uploads\/2021\/05\/MG44-Product.png","datePublished":"2023-04-26T12:48:27+00:00","dateModified":"2023-04-27T08:25:20+00:00","breadcrumb":{"@id":"https:\/\/www.fieldpiece.com\/es\/producto\/mg44-wireless-micron-vacuum-gauge\/#breadcrumb"},"inLanguage":"es","potentialAction":[{"@type":"ReadAction","target":["https:\/\/www.fieldpiece.com\/es\/producto\/mg44-wireless-micron-vacuum-gauge\/"]}]},{"@type":"ImageObject","inLanguage":"es","@id":"https:\/\/www.fieldpiece.com\/es\/producto\/mg44-wireless-micron-vacuum-gauge\/#primaryimage","url":"https:\/\/resources.fieldpiece.com\/wp-content\/uploads\/2021\/05\/MG44-Product.png","contentUrl":"https:\/\/resources.fieldpiece.com\/wp-content\/uploads\/2021\/05\/MG44-Product.png","width":470,"height":470,"caption":"Digital Vacuum Gauge"},{"@type":"BreadcrumbList","@id":"https:\/\/www.fieldpiece.com\/es\/producto\/mg44-wireless-micron-vacuum-gauge\/#breadcrumb","itemListElement":[{"@type":"ListItem","position":1,"name":"Home","item":"https:\/\/www.fieldpiece.com\/es\/"},{"@type":"ListItem","position":2,"name":"Shop","item":"https:\/\/www.fieldpiece.com\/shop\/"},{"@type":"ListItem","position":3,"name":"MG44 \u2013 Vacu\u00f3metro inal\u00e1mbrico"}]},{"@type":"WebSite","@id":"https:\/\/www.fieldpiece.com\/es\/#website","url":"https:\/\/www.fieldpiece.com\/es\/","name":"Fieldpiece Instruments","description":"","publisher":{"@id":"https:\/\/www.fieldpiece.com\/es\/#organization"},"potentialAction":[{"@type":"SearchAction","target":{"@type":"EntryPoint","urlTemplate":"https:\/\/www.fieldpiece.com\/es\/?s={search_term_string}"},"query-input":{"@type":"PropertyValueSpecification","valueRequired":true,"valueName":"search_term_string"}}],"inLanguage":"es"},{"@type":"Organization","@id":"https:\/\/www.fieldpiece.com\/es\/#organization","name":"Fieldpiece Instruments","url":"https:\/\/www.fieldpiece.com\/es\/","logo":{"@type":"ImageObject","inLanguage":"es","@id":"https:\/\/www.fieldpiece.com\/es\/#\/schema\/logo\/image\/","url":"https:\/\/resources.fieldpiece.com\/wp-content\/uploads\/2021\/02\/Logos-490x358-1.jpg","contentUrl":"https:\/\/resources.fieldpiece.com\/wp-content\/uploads\/2021\/02\/Logos-490x358-1.jpg","width":490,"height":358,"caption":"Fieldpiece Instruments"},"image":{"@id":"https:\/\/www.fieldpiece.com\/es\/#\/schema\/logo\/image\/"}}]}},"_links":{"self":[{"href":"https:\/\/www.fieldpiece.com\/es\/wp-json\/wp\/v2\/product\/65007","targetHints":{"allow":["GET"]}}],"collection":[{"href":"https:\/\/www.fieldpiece.com\/es\/wp-json\/wp\/v2\/product"}],"about":[{"href":"https:\/\/www.fieldpiece.com\/es\/wp-json\/wp\/v2\/types\/product"}],"replies":[{"embeddable":true,"href":"https:\/\/www.fieldpiece.com\/es\/wp-json\/wp\/v2\/comments?post=65007"}],"wp:featuredmedia":[{"embeddable":true,"href":"https:\/\/www.fieldpiece.com\/es\/wp-json\/wp\/v2\/media\/42437"}],"wp:attachment":[{"href":"https:\/\/www.fieldpiece.com\/es\/wp-json\/wp\/v2\/media?parent=65007"}],"wp:term":[{"taxonomy":"product_brand","embeddable":true,"href":"https:\/\/www.fieldpiece.com\/es\/wp-json\/wp\/v2\/product_brand?post=65007"},{"taxonomy":"product_cat","embeddable":true,"href":"https:\/\/www.fieldpiece.com\/es\/wp-json\/wp\/v2\/product_cat?post=65007"},{"taxonomy":"product_tag","embeddable":true,"href":"https:\/\/www.fieldpiece.com\/es\/wp-json\/wp\/v2\/product_tag?post=65007"}],"curies":[{"name":"wp","href":"https:\/\/api.w.org\/{rel}","templated":true}]}}