	{"id":64962,"date":"2021-05-10T13:37:54","date_gmt":"2021-05-10T20:37:54","guid":{"rendered":"https:\/\/www.fieldpiece.com\/product\/vpx7-10cfm-vacuum-pump\/"},"modified":"2023-04-27T01:23:32","modified_gmt":"2023-04-27T08:23:32","slug":"vpx7-10cfm-vacuum-pump","status":"publish","type":"product","link":"https:\/\/www.fieldpiece.com\/es\/producto\/vpx7-10cfm-vacuum-pump\/","title":{"rendered":"VPX7 \u2013 Bomba de vac\u00edo de 10 pies c\u00fabicos por minuto (PCM)"},"content":{"rendered":"<ul>\n<li style=\"font-weight: 400;\">Caudal de 10 PCM con vac\u00edo final de 15 micras <\/li>\n<li style=\"font-weight: 400;\">Motor de CC de \u00be CV <\/li>\n<li style=\"font-weight: 400;\">Pesa 24 libras <\/li>\n<li style=\"font-weight: 400;\">La bomba patentada m\u00e1s ligera <\/li>\n<li style=\"font-weight: 400;\">El sistema de cambio de aceite RunQuick\u2122 permite cambios de aceite sobre la marcha en cuesti\u00f3n de segundos <\/li>\n<li style=\"font-weight: 400;\">Dep\u00f3sito de aceite con retroiluminaci\u00f3n: permite consultar el estado del aceite y el sistema <\/li>\n<li style=\"font-weight: 400;\">Compartimento de la botella de aceite de reserva <\/li>\n<li style=\"font-weight: 400;\">Tama\u00f1os de conexi\u00f3n: (1) 1\/4\u201d, (2) 3\/8\u201d, (1) 1\/2\u201d para conexiones de manguera sencillas.<\/li>\n<li style=\"font-weight: 400;\">Base robusta que mantiene la posici\u00f3n vertical <\/li>\n<li style=\"font-weight: 400;\">Dise\u00f1o compacto: 1346 pulgadas c\u00fabicas <\/li>\n<li style=\"font-weight: 400;\">V\u00e1lvula de lastre de gas de 1\/4 de giro e indicador LED <\/li>\n<li style=\"font-weight: 400;\">C\u00f3modo almacenamiento de cable extra\u00edble <\/li>\n<li style=\"font-weight: 400;\">Mensajes de error: indican una fuente de alimentaci\u00f3n incorrecta u otros errores <\/li>\n<\/ul>\n<p><strong>Compruebe visualmente el nivel de aceite con absoluta claridad.<\/strong><br \/>\nDada la importancia del aceite limpio, la VPX7 incorpora una ventana de dep\u00f3sito de aceite grande que sirve como indicador instant\u00e1neo del estado del aceite y el sistema. Tambi\u00e9n dispone de nuestro sistema de cambio de aceite RunQuick\u2122, que le permite cambiar el aceite sin apagar el dispositivo ni perder vac\u00edo. Sin desorden ni confusi\u00f3n. Nuestra nueva ventana de aceite extra\u00edble facilita la limpieza y observaci\u00f3n de las luces operativas relacionadas con la v\u00e1lvula de lastre de gas y el arranque en fr\u00edo.  <\/p>\n<p><strong>Ligera pero muy resistente.<\/strong><br \/>\nDise\u00f1amos la VPX7 para manejar las exigencias de cualquier sitio de trabajo. Suficientemente ligera, de f\u00e1cil transporte y con base extraancha. Esto hace que no se vuelque ni derrame aceite durante su traslado al lugar de trabajo. Incluye tambi\u00e9n cuatro puertos en l\u00ednea, que confieren espacio suficiente <span data-sheets-value=\"{&quot;1&quot;:2,&quot;2&quot;:&quot;para disponer de varios tubos&quot;}\" data-sheets-userformat=\"{&quot;2&quot;:12732,&quot;5&quot;:{&quot;1&quot;:[{&quot;1&quot;:2,&quot;2&quot;:0,&quot;5&quot;:{&quot;1&quot;:2,&quot;2&quot;:0}},{&quot;1&quot;:0,&quot;2&quot;:0,&quot;3&quot;:3},{&quot;1&quot;:1,&quot;2&quot;:0,&quot;4&quot;:1}]},&quot;6&quot;:{&quot;1&quot;:[{&quot;1&quot;:2,&quot;2&quot;:0,&quot;5&quot;:{&quot;1&quot;:2,&quot;2&quot;:0}},{&quot;1&quot;:0,&quot;2&quot;:0,&quot;3&quot;:3},{&quot;1&quot;:1,&quot;2&quot;:0,&quot;4&quot;:1}]},&quot;7&quot;:{&quot;1&quot;:[{&quot;1&quot;:2,&quot;2&quot;:0,&quot;5&quot;:{&quot;1&quot;:2,&quot;2&quot;:0}},{&quot;1&quot;:0,&quot;2&quot;:0,&quot;3&quot;:3},{&quot;1&quot;:1,&quot;2&quot;:0,&quot;4&quot;:1}]},&quot;8&quot;:{&quot;1&quot;:[{&quot;1&quot;:2,&quot;2&quot;:0,&quot;5&quot;:{&quot;1&quot;:2,&quot;2&quot;:0}},{&quot;1&quot;:0,&quot;2&quot;:0,&quot;3&quot;:3},{&quot;1&quot;:1,&quot;2&quot;:0,&quot;4&quot;:1}]},&quot;10&quot;:2,&quot;11&quot;:4,&quot;15&quot;:&quot;Calibri&quot;,&quot;16&quot;:11}\">para disponer varias mangueras<\/span> sin enredos ni desorden. <\/p>\n<p><em><strong>Seleccione su VPX7 ahora mismo.<\/strong><\/em> <\/p>\n<p>Contenido<br \/>\n\u2022 (1) Bomba de vac\u00edo VPX7 de 10 pies c\u00fabicos por minuto (PCM)<br \/>\n\u2022 (2) Aceite, 8 onzas<br \/>\n\u2022 (1) Enchufe adecuado para el pa\u00eds<\/p>\n","protected":false},"excerpt":{"rendered":"<p>Caudal de 10 PCM con vac\u00edo final de 15 micras Motor de CC de \u00be CV Pesa 24 libras La &#8230;<\/p>\n","protected":false},"featured_media":35370,"comment_status":"open","ping_status":"closed","template":"","meta":{"_acf_changed":false},"product_brand":[],"product_cat":[293,128],"product_tag":[],"class_list":{"0":"post-64962","1":"product","2":"type-product","3":"status-publish","4":"has-post-thumbnail","6":"product_cat-vacuum-pumps-es","7":"product_cat-recovery-and-vacuum-es-2","9":"first","10":"instock","11":"shipping-taxable","12":"product-type-simple"},"acf":[],"yoast_head":"<!-- This site is optimized with the Yoast SEO plugin v27.2 - https:\/\/yoast.com\/product\/yoast-seo-wordpress\/ -->\n<title>VPX7 \u2013 Bomba de vac\u00edo de 10 pies c\u00fabicos por minuto (PCM) - Fieldpiece Instruments<\/title>\n<meta name=\"robots\" content=\"index, follow, max-snippet:-1, max-image-preview:large, max-video-preview:-1\" \/>\n<link rel=\"canonical\" href=\"https:\/\/www.fieldpiece.com\/es\/producto\/vpx7-10cfm-vacuum-pump\/\" \/>\n<meta property=\"og:locale\" content=\"es_ES\" \/>\n<meta property=\"og:type\" content=\"article\" \/>\n<meta property=\"og:title\" content=\"VPX7 \u2013 Bomba de vac\u00edo de 10 pies c\u00fabicos por minuto (PCM) - Fieldpiece Instruments\" \/>\n<meta property=\"og:description\" content=\"Caudal de 10 PCM con vac\u00edo final de 15 micras Motor de CC de \u00be CV Pesa 24 libras La ...\" \/>\n<meta property=\"og:url\" content=\"https:\/\/www.fieldpiece.com\/es\/producto\/vpx7-10cfm-vacuum-pump\/\" \/>\n<meta property=\"og:site_name\" content=\"Fieldpiece Instruments\" \/>\n<meta property=\"article:modified_time\" content=\"2023-04-27T08:23:32+00:00\" \/>\n<meta property=\"og:image\" content=\"https:\/\/resources.fieldpiece.com\/wp-content\/uploads\/2021\/05\/VPX7.png\" \/>\n\t<meta property=\"og:image:width\" content=\"470\" \/>\n\t<meta property=\"og:image:height\" content=\"470\" \/>\n\t<meta property=\"og:image:type\" content=\"image\/png\" \/>\n<meta name=\"twitter:card\" content=\"summary_large_image\" \/>\n<meta name=\"twitter:label1\" content=\"Tiempo de lectura\" \/>\n\t<meta name=\"twitter:data1\" content=\"2 minutos\" \/>\n<script type=\"application\/ld+json\" class=\"yoast-schema-graph\">{\"@context\":\"https:\/\/schema.org\",\"@graph\":[{\"@type\":\"WebPage\",\"@id\":\"https:\/\/www.fieldpiece.com\/es\/producto\/vpx7-10cfm-vacuum-pump\/\",\"url\":\"https:\/\/www.fieldpiece.com\/es\/producto\/vpx7-10cfm-vacuum-pump\/\",\"name\":\"VPX7 \u2013 Bomba de vac\u00edo de 10 pies c\u00fabicos por minuto (PCM) - Fieldpiece Instruments\",\"isPartOf\":{\"@id\":\"https:\/\/www.fieldpiece.com\/es\/#website\"},\"primaryImageOfPage\":{\"@id\":\"https:\/\/www.fieldpiece.com\/es\/producto\/vpx7-10cfm-vacuum-pump\/#primaryimage\"},\"image\":{\"@id\":\"https:\/\/www.fieldpiece.com\/es\/producto\/vpx7-10cfm-vacuum-pump\/#primaryimage\"},\"thumbnailUrl\":\"https:\/\/resources.fieldpiece.com\/wp-content\/uploads\/2021\/05\/VPX7.png\",\"datePublished\":\"2021-05-10T20:37:54+00:00\",\"dateModified\":\"2023-04-27T08:23:32+00:00\",\"breadcrumb\":{\"@id\":\"https:\/\/www.fieldpiece.com\/es\/producto\/vpx7-10cfm-vacuum-pump\/#breadcrumb\"},\"inLanguage\":\"es\",\"potentialAction\":[{\"@type\":\"ReadAction\",\"target\":[\"https:\/\/www.fieldpiece.com\/es\/producto\/vpx7-10cfm-vacuum-pump\/\"]}]},{\"@type\":\"ImageObject\",\"inLanguage\":\"es\",\"@id\":\"https:\/\/www.fieldpiece.com\/es\/producto\/vpx7-10cfm-vacuum-pump\/#primaryimage\",\"url\":\"https:\/\/resources.fieldpiece.com\/wp-content\/uploads\/2021\/05\/VPX7.png\",\"contentUrl\":\"https:\/\/resources.fieldpiece.com\/wp-content\/uploads\/2021\/05\/VPX7.png\",\"width\":470,\"height\":470,\"caption\":\"VPX7 - 10 CFM Vacuum Pump\"},{\"@type\":\"BreadcrumbList\",\"@id\":\"https:\/\/www.fieldpiece.com\/es\/producto\/vpx7-10cfm-vacuum-pump\/#breadcrumb\",\"itemListElement\":[{\"@type\":\"ListItem\",\"position\":1,\"name\":\"Home\",\"item\":\"https:\/\/www.fieldpiece.com\/es\/\"},{\"@type\":\"ListItem\",\"position\":2,\"name\":\"Shop\",\"item\":\"https:\/\/www.fieldpiece.com\/shop\/\"},{\"@type\":\"ListItem\",\"position\":3,\"name\":\"VPX7 \u2013 Bomba de vac\u00edo de 10 pies c\u00fabicos por minuto (PCM)\"}]},{\"@type\":\"WebSite\",\"@id\":\"https:\/\/www.fieldpiece.com\/es\/#website\",\"url\":\"https:\/\/www.fieldpiece.com\/es\/\",\"name\":\"Fieldpiece Instruments\",\"description\":\"\",\"publisher\":{\"@id\":\"https:\/\/www.fieldpiece.com\/es\/#organization\"},\"potentialAction\":[{\"@type\":\"SearchAction\",\"target\":{\"@type\":\"EntryPoint\",\"urlTemplate\":\"https:\/\/www.fieldpiece.com\/es\/?s={search_term_string}\"},\"query-input\":{\"@type\":\"PropertyValueSpecification\",\"valueRequired\":true,\"valueName\":\"search_term_string\"}}],\"inLanguage\":\"es\"},{\"@type\":\"Organization\",\"@id\":\"https:\/\/www.fieldpiece.com\/es\/#organization\",\"name\":\"Fieldpiece Instruments\",\"url\":\"https:\/\/www.fieldpiece.com\/es\/\",\"logo\":{\"@type\":\"ImageObject\",\"inLanguage\":\"es\",\"@id\":\"https:\/\/www.fieldpiece.com\/es\/#\/schema\/logo\/image\/\",\"url\":\"https:\/\/resources.fieldpiece.com\/wp-content\/uploads\/2021\/02\/Logos-490x358-1.jpg\",\"contentUrl\":\"https:\/\/resources.fieldpiece.com\/wp-content\/uploads\/2021\/02\/Logos-490x358-1.jpg\",\"width\":490,\"height\":358,\"caption\":\"Fieldpiece Instruments\"},\"image\":{\"@id\":\"https:\/\/www.fieldpiece.com\/es\/#\/schema\/logo\/image\/\"}}]}<\/script>\n<!-- \/ Yoast SEO plugin. -->","yoast_head_json":{"title":"VPX7 \u2013 Bomba de vac\u00edo de 10 pies c\u00fabicos por minuto (PCM) - Fieldpiece Instruments","robots":{"index":"index","follow":"follow","max-snippet":"max-snippet:-1","max-image-preview":"max-image-preview:large","max-video-preview":"max-video-preview:-1"},"canonical":"https:\/\/www.fieldpiece.com\/es\/producto\/vpx7-10cfm-vacuum-pump\/","og_locale":"es_ES","og_type":"article","og_title":"VPX7 \u2013 Bomba de vac\u00edo de 10 pies c\u00fabicos por minuto (PCM) - Fieldpiece Instruments","og_description":"Caudal de 10 PCM con vac\u00edo final de 15 micras Motor de CC de \u00be CV Pesa 24 libras La ...","og_url":"https:\/\/www.fieldpiece.com\/es\/producto\/vpx7-10cfm-vacuum-pump\/","og_site_name":"Fieldpiece Instruments","article_modified_time":"2023-04-27T08:23:32+00:00","og_image":[{"width":470,"height":470,"url":"https:\/\/resources.fieldpiece.com\/wp-content\/uploads\/2021\/05\/VPX7.png","type":"image\/png"}],"twitter_card":"summary_large_image","twitter_misc":{"Tiempo de lectura":"2 minutos"},"schema":{"@context":"https:\/\/schema.org","@graph":[{"@type":"WebPage","@id":"https:\/\/www.fieldpiece.com\/es\/producto\/vpx7-10cfm-vacuum-pump\/","url":"https:\/\/www.fieldpiece.com\/es\/producto\/vpx7-10cfm-vacuum-pump\/","name":"VPX7 \u2013 Bomba de vac\u00edo de 10 pies c\u00fabicos por minuto (PCM) - Fieldpiece Instruments","isPartOf":{"@id":"https:\/\/www.fieldpiece.com\/es\/#website"},"primaryImageOfPage":{"@id":"https:\/\/www.fieldpiece.com\/es\/producto\/vpx7-10cfm-vacuum-pump\/#primaryimage"},"image":{"@id":"https:\/\/www.fieldpiece.com\/es\/producto\/vpx7-10cfm-vacuum-pump\/#primaryimage"},"thumbnailUrl":"https:\/\/resources.fieldpiece.com\/wp-content\/uploads\/2021\/05\/VPX7.png","datePublished":"2021-05-10T20:37:54+00:00","dateModified":"2023-04-27T08:23:32+00:00","breadcrumb":{"@id":"https:\/\/www.fieldpiece.com\/es\/producto\/vpx7-10cfm-vacuum-pump\/#breadcrumb"},"inLanguage":"es","potentialAction":[{"@type":"ReadAction","target":["https:\/\/www.fieldpiece.com\/es\/producto\/vpx7-10cfm-vacuum-pump\/"]}]},{"@type":"ImageObject","inLanguage":"es","@id":"https:\/\/www.fieldpiece.com\/es\/producto\/vpx7-10cfm-vacuum-pump\/#primaryimage","url":"https:\/\/resources.fieldpiece.com\/wp-content\/uploads\/2021\/05\/VPX7.png","contentUrl":"https:\/\/resources.fieldpiece.com\/wp-content\/uploads\/2021\/05\/VPX7.png","width":470,"height":470,"caption":"VPX7 - 10 CFM Vacuum Pump"},{"@type":"BreadcrumbList","@id":"https:\/\/www.fieldpiece.com\/es\/producto\/vpx7-10cfm-vacuum-pump\/#breadcrumb","itemListElement":[{"@type":"ListItem","position":1,"name":"Home","item":"https:\/\/www.fieldpiece.com\/es\/"},{"@type":"ListItem","position":2,"name":"Shop","item":"https:\/\/www.fieldpiece.com\/shop\/"},{"@type":"ListItem","position":3,"name":"VPX7 \u2013 Bomba de vac\u00edo de 10 pies c\u00fabicos por minuto (PCM)"}]},{"@type":"WebSite","@id":"https:\/\/www.fieldpiece.com\/es\/#website","url":"https:\/\/www.fieldpiece.com\/es\/","name":"Fieldpiece Instruments","description":"","publisher":{"@id":"https:\/\/www.fieldpiece.com\/es\/#organization"},"potentialAction":[{"@type":"SearchAction","target":{"@type":"EntryPoint","urlTemplate":"https:\/\/www.fieldpiece.com\/es\/?s={search_term_string}"},"query-input":{"@type":"PropertyValueSpecification","valueRequired":true,"valueName":"search_term_string"}}],"inLanguage":"es"},{"@type":"Organization","@id":"https:\/\/www.fieldpiece.com\/es\/#organization","name":"Fieldpiece Instruments","url":"https:\/\/www.fieldpiece.com\/es\/","logo":{"@type":"ImageObject","inLanguage":"es","@id":"https:\/\/www.fieldpiece.com\/es\/#\/schema\/logo\/image\/","url":"https:\/\/resources.fieldpiece.com\/wp-content\/uploads\/2021\/02\/Logos-490x358-1.jpg","contentUrl":"https:\/\/resources.fieldpiece.com\/wp-content\/uploads\/2021\/02\/Logos-490x358-1.jpg","width":490,"height":358,"caption":"Fieldpiece Instruments"},"image":{"@id":"https:\/\/www.fieldpiece.com\/es\/#\/schema\/logo\/image\/"}}]}},"_links":{"self":[{"href":"https:\/\/www.fieldpiece.com\/es\/wp-json\/wp\/v2\/product\/64962","targetHints":{"allow":["GET"]}}],"collection":[{"href":"https:\/\/www.fieldpiece.com\/es\/wp-json\/wp\/v2\/product"}],"about":[{"href":"https:\/\/www.fieldpiece.com\/es\/wp-json\/wp\/v2\/types\/product"}],"replies":[{"embeddable":true,"href":"https:\/\/www.fieldpiece.com\/es\/wp-json\/wp\/v2\/comments?post=64962"}],"wp:featuredmedia":[{"embeddable":true,"href":"https:\/\/www.fieldpiece.com\/es\/wp-json\/wp\/v2\/media\/35370"}],"wp:attachment":[{"href":"https:\/\/www.fieldpiece.com\/es\/wp-json\/wp\/v2\/media?parent=64962"}],"wp:term":[{"taxonomy":"product_brand","embeddable":true,"href":"https:\/\/www.fieldpiece.com\/es\/wp-json\/wp\/v2\/product_brand?post=64962"},{"taxonomy":"product_cat","embeddable":true,"href":"https:\/\/www.fieldpiece.com\/es\/wp-json\/wp\/v2\/product_cat?post=64962"},{"taxonomy":"product_tag","embeddable":true,"href":"https:\/\/www.fieldpiece.com\/es\/wp-json\/wp\/v2\/product_tag?post=64962"}],"curies":[{"name":"wp","href":"https:\/\/api.w.org\/{rel}","templated":true}]}}