	{"id":29966,"date":"2020-11-02T11:31:23","date_gmt":"2023-04-26T12:48:27","guid":{"rendered":"https:\/\/www.fieldpiece.com\/product\/sm380v-wireless-3-port-sman-refrigerant-manifold-and-micron-gauge\/"},"modified":"2023-04-27T01:23:11","modified_gmt":"2023-04-27T08:23:11","slug":"sm380v-wireless-3-port-sman-refrigerant-manifold-and-micron-gauge","status":"publish","type":"product","link":"https:\/\/www.fieldpiece.com\/es\/producto\/sm380v-wireless-3-port-sman-refrigerant-manifold-and-micron-gauge\/","title":{"rendered":"SM380V &#8212; Analizador de refrigerante SMAN inal\u00e1mbrico de 3 puertos"},"content":{"rendered":"<p>Estructura s\u00faper reforzada<br \/>\nRegistro de datos<br \/>\nPrueba de estanqueidad del sistema con compensaci\u00f3n de temperatura<br \/>\nEnv\u00eda y recibe lecturas inal\u00e1mbricas Conectores de termopar protegidos para la medici\u00f3n de temperaturas en tuber\u00edas y en exteriores<br \/>\nPreparado para R32<br \/>\nResistente al agua (IP54) <\/p>\n<p><strong>Dise\u00f1ado para un rendimiento \u00f3ptimo <\/strong><br \/>\nConocimientos, potencia y experiencia se unen en los nuevos analizadores de refrigerante SMAN\u2122.\u00a0 En Fieldpiece, hemos combinado a\u00f1os de aportaciones de los especialistas en climatizaci\u00f3n y refrigeraci\u00f3n con nuestro enfoque espec\u00edfico de mejora continua para desarrollar el analizador de refrigerante digital m\u00e1s resistente y avanzado del mercado.<\/p>\n<p>El SM380V, cuyas novedades abarcan desde una carcasa sobremoldeada ultrarresistente, pasando por un gancho reforzado y una mirilla sellada herm\u00e9ticamente, hasta funciones inal\u00e1mbricas, registro de datos y prueba de estanqueidad, ha sido fabricado para que pueda hacer su trabajo de una forma m\u00e1s sencilla, r\u00e1pida y precisa. <\/p>\n<p><strong>Extremadamente\u00a0resistente <\/strong><br \/>\nEl nuevo SM380V es extremadamente resistente.\u00a0 La carcasa para uso intensivo, el gancho reforzado, la estanqueidad, la pantalla resistente a golpes, los puertos para termopar estrat\u00e9gicamente situados y la mirilla <img decoding=\"async\" style=\"float: right; height: 300px; width: 300px;\" src=\"https:\/\/resources.fieldpiece.com\/wp-content\/uploads\/2021\/06\/SM380V-Back.jpg\" alt=\"\" \/> sellada herm\u00e9ticamente convierten al SMAN en la herramienta perfecta para soportar los rigores del servicio en campo. <\/p>\n<p><strong>El resultado de a\u00f1os de experiencia<\/strong><br \/>\nEl SM380V ha sido dise\u00f1ado espec\u00edficamente para su sector e incluye funciones avanzadas que le permitir\u00e1n agilizar su trabajo y ofrecer a sus clientes las respuestas que necesitan. <\/p>\n<p>Registro de datos<br \/>\n\u2022\u00a0 Almacenamiento interno de hasta nueve tareas<br \/>\n\u2022\u00a0 Descarga sencilla mediante puerto USB<br \/>\n\u2022\u00a0 Muestra el porcentaje de espacio de almacenamiento libre antes de iniciar el registro<br \/>\n\u2022\u00a0 Registra hasta siete d\u00edas\u00a0 (168 horas seguidas) <\/p>\n<p>Prueba de estanqueidad<br \/>\n\u2022\u00a0 Inspecci\u00f3n de fugas tras reparaciones o instalaciones<br \/>\n\u2022\u00a0 Visualizaci\u00f3n de la presi\u00f3n diferencial en el tiempo<br \/>\n\u2022\u00a0 El temporizador registra la duraci\u00f3n de la prueba<br \/>\n\u2022\u00a0 Compensaci\u00f3n de temperatura con la temperatura de la l\u00ednea de aspiraci\u00f3n (SL temp) para evitar falsos positivos <\/p>\n<p>Personalizable<br \/>\n\u2022\u00a0 Ajuste del retardo de apagado autom\u00e1tico<br \/>\n\u2022\u00a0 Ajuste de la duraci\u00f3n de la retroiluminaci\u00f3n<br \/>\n\u2022\u00a0 Ajuste las alarmas de vac\u00edo alto y bajo<br \/>\n\u2022\u00a0Seleccione cada unidad de medida de forma individual<\/p>\n<p><strong>Recibe mediciones inal\u00e1mbricas <\/strong><br \/>\nA\u00f1ada herramientas de Job Link a su arsenal y obtenga lecturas en tiempo real directamente en la pantalla del analizador SMAN desde los psicr\u00f3metros de Job Link (JL3RH), las pinzas para tuber\u00edas de Job Link (JL3PC) y la b\u00e1scula de refrigerante SRS3.\u00a0 Coloque las pinzas para tuber\u00edas en la ubicaci\u00f3n perfecta.\u00a0 Supervise y registre el uso de refrigerante en tiempo real para una recuperaci\u00f3n, carga y documentaci\u00f3n precisas. Visualice los c\u00e1lculos y las mediciones del aire en tiempo real mientras realiza ajustes. <\/p>\n<p><img decoding=\"async\" style=\"height: 364px; width: 600px;\" src=\"https:\/\/resources.fieldpiece.com\/wp-content\/uploads\/2021\/06\/JL-Family.jpg\" alt=\"\" \/> <\/p>\n<p><strong>Aumente su profesionalidad con la aplicaci\u00f3n del sistema Job Link\u00ae <\/strong><br \/>\nAgilice y simplifique a\u00fan m\u00e1s sus visitas de servicio con la aplicaci\u00f3n del sistema Job Link.<br \/>\nVisualice mediciones en su dispositivo m\u00f3vil a una distancia de hasta 106 metros (350 pies). Documente su trabajo y entregue informes profesionales sobre par\u00e1metros como el uso de refrigerante en peso, con solo conectarse a la aplicaci\u00f3n del sistema Job Link.\u00a0 Ayuda a reducir la repetici\u00f3n de las visitas y a incrementar los beneficios.<\/p>\n<p>\u2022\u00a0 Consulte las mediciones en SMAN y\/o en la aplicaci\u00f3n de Job Link<br \/>\n\u2022\u00a0 Supervise y registre el peso del refrigerante<br \/>\n\u2022\u00a0 Alcance inal\u00e1mbrico directo de 106 metros (350 pies) (sin transmisor) <\/p>\n<p>El SM380V tambi\u00e9n est\u00e1 disponible en Europa y est\u00e1 preparado para R32.\u00a0<br \/>\nN\u00famero de modelo SM380VINT.\u00a0 Para ver las especificaciones, <a href=\"https:\/\/resources.fieldpiece.com\/wp-content\/uploads\/2020\/11\/SM380V-SM480V-Flyer-V16-A4.pdf\">haga clic aqu\u00ed<\/a>. <img decoding=\"async\" style=\"height: 60px; width: 60px;\" src=\"https:\/\/resources.fieldpiece.com\/wp-content\/uploads\/2021\/06\/R32-logo-60x60-1.png\" alt=\"\" \/> <\/p>\n<p>Incluye:  <\/p>\n<ul>\n<li>Analizador de 3 puertos SM380V <\/li>\n<li>2 termopares tipo K con pinzas para tuber\u00edas TC24 <\/li>\n<li>1 termopar moldeado tipo K con pinza ATA1 <\/li>\n<li>1 estuche acolchado con cord\u00f3n ANC11 <\/li>\n<\/ul>\n","protected":false},"excerpt":{"rendered":"<p>Estructura s\u00faper reforzada Registro de datos Prueba de estanqueidad del sistema con compensaci\u00f3n de temperatura Env\u00eda y recibe lecturas inal\u00e1mbricas Conectores de termopar protegidos para la medici\u00f3n de temperaturas en tuber\u00edas y en exteriores Preparado para R32 Resistente al agua (IP54)<strong>Dise\u00f1ado para un rendimiento \u00f3ptimo<\/Conocimientos, potencia y experiencia se unen en los nuevos analizadores de refrigerante SMAN\u2122.<\/strong><\/p>\n","protected":false},"featured_media":29971,"comment_status":"open","ping_status":"closed","template":"","meta":{"_acf_changed":false},"product_brand":[],"product_cat":[96],"product_tag":[],"class_list":{"0":"post-29966","1":"product","2":"type-product","3":"status-publish","4":"has-post-thumbnail","6":"product_cat-sin-categorizar","8":"first","9":"instock","10":"shipping-taxable","11":"product-type-simple"},"acf":[],"yoast_head":"<!-- This site is optimized with the Yoast SEO plugin v27.2 - https:\/\/yoast.com\/product\/yoast-seo-wordpress\/ -->\n<title>SM380V - Analizador de refrigerante SMAN inal\u00e1mbrico de 3 puertos - Fieldpiece Instruments<\/title>\n<meta name=\"robots\" content=\"index, follow, max-snippet:-1, max-image-preview:large, max-video-preview:-1\" \/>\n<link rel=\"canonical\" href=\"https:\/\/www.fieldpiece.com\/es\/producto\/sm380v-wireless-3-port-sman-refrigerant-manifold-and-micron-gauge\/\" \/>\n<meta property=\"og:locale\" content=\"es_ES\" \/>\n<meta property=\"og:type\" content=\"article\" \/>\n<meta property=\"og:title\" content=\"SM380V - Analizador de refrigerante SMAN inal\u00e1mbrico de 3 puertos - Fieldpiece Instruments\" \/>\n<meta property=\"og:description\" content=\"Estructura s\u00faper reforzada Registro de datos Prueba de estanqueidad del sistema con compensaci\u00f3n de temperatura Env\u00eda y recibe lecturas inal\u00e1mbricas Conectores de termopar protegidos para la medici\u00f3n de temperaturas en tuber\u00edas y en exteriores Preparado para R32 Resistente al agua (IP54)Dise\u00f1ado para un rendimiento \u00f3ptimo\" \/>\n<meta property=\"og:url\" content=\"https:\/\/www.fieldpiece.com\/es\/producto\/sm380v-wireless-3-port-sman-refrigerant-manifold-and-micron-gauge\/\" \/>\n<meta property=\"og:site_name\" content=\"Fieldpiece Instruments\" \/>\n<meta property=\"article:modified_time\" content=\"2023-04-27T08:23:11+00:00\" \/>\n<meta property=\"og:image\" content=\"https:\/\/resources.fieldpiece.com\/wp-content\/uploads\/2021\/01\/SM380V-SRC-Product-1.png\" \/>\n\t<meta property=\"og:image:width\" content=\"470\" \/>\n\t<meta property=\"og:image:height\" content=\"470\" \/>\n\t<meta property=\"og:image:type\" content=\"image\/png\" \/>\n<meta name=\"twitter:card\" content=\"summary_large_image\" \/>\n<meta name=\"twitter:label1\" content=\"Tiempo de lectura\" \/>\n\t<meta name=\"twitter:data1\" content=\"4 minutos\" \/>\n<script type=\"application\/ld+json\" class=\"yoast-schema-graph\">{\"@context\":\"https:\/\/schema.org\",\"@graph\":[{\"@type\":\"WebPage\",\"@id\":\"https:\/\/www.fieldpiece.com\/es\/producto\/sm380v-wireless-3-port-sman-refrigerant-manifold-and-micron-gauge\/\",\"url\":\"https:\/\/www.fieldpiece.com\/es\/producto\/sm380v-wireless-3-port-sman-refrigerant-manifold-and-micron-gauge\/\",\"name\":\"SM380V - Analizador de refrigerante SMAN inal\u00e1mbrico de 3 puertos - Fieldpiece Instruments\",\"isPartOf\":{\"@id\":\"https:\/\/www.fieldpiece.com\/es\/#website\"},\"primaryImageOfPage\":{\"@id\":\"https:\/\/www.fieldpiece.com\/es\/producto\/sm380v-wireless-3-port-sman-refrigerant-manifold-and-micron-gauge\/#primaryimage\"},\"image\":{\"@id\":\"https:\/\/www.fieldpiece.com\/es\/producto\/sm380v-wireless-3-port-sman-refrigerant-manifold-and-micron-gauge\/#primaryimage\"},\"thumbnailUrl\":\"https:\/\/resources.fieldpiece.com\/wp-content\/uploads\/2021\/01\/SM380V-SRC-Product-1.png\",\"datePublished\":\"2023-04-26T12:48:27+00:00\",\"dateModified\":\"2023-04-27T08:23:11+00:00\",\"breadcrumb\":{\"@id\":\"https:\/\/www.fieldpiece.com\/es\/producto\/sm380v-wireless-3-port-sman-refrigerant-manifold-and-micron-gauge\/#breadcrumb\"},\"inLanguage\":\"es\",\"potentialAction\":[{\"@type\":\"ReadAction\",\"target\":[\"https:\/\/www.fieldpiece.com\/es\/producto\/sm380v-wireless-3-port-sman-refrigerant-manifold-and-micron-gauge\/\"]}]},{\"@type\":\"ImageObject\",\"inLanguage\":\"es\",\"@id\":\"https:\/\/www.fieldpiece.com\/es\/producto\/sm380v-wireless-3-port-sman-refrigerant-manifold-and-micron-gauge\/#primaryimage\",\"url\":\"https:\/\/resources.fieldpiece.com\/wp-content\/uploads\/2021\/01\/SM380V-SRC-Product-1.png\",\"contentUrl\":\"https:\/\/resources.fieldpiece.com\/wp-content\/uploads\/2021\/01\/SM380V-SRC-Product-1.png\",\"width\":470,\"height\":470,\"caption\":\"SM380V\u20133-Port Wireless SMAN Refrigerant Manifold\"},{\"@type\":\"BreadcrumbList\",\"@id\":\"https:\/\/www.fieldpiece.com\/es\/producto\/sm380v-wireless-3-port-sman-refrigerant-manifold-and-micron-gauge\/#breadcrumb\",\"itemListElement\":[{\"@type\":\"ListItem\",\"position\":1,\"name\":\"Home\",\"item\":\"https:\/\/www.fieldpiece.com\/es\/\"},{\"@type\":\"ListItem\",\"position\":2,\"name\":\"Shop\",\"item\":\"https:\/\/www.fieldpiece.com\/shop\/\"},{\"@type\":\"ListItem\",\"position\":3,\"name\":\"SM380V &#8212; Analizador de refrigerante SMAN inal\u00e1mbrico de 3 puertos\"}]},{\"@type\":\"WebSite\",\"@id\":\"https:\/\/www.fieldpiece.com\/es\/#website\",\"url\":\"https:\/\/www.fieldpiece.com\/es\/\",\"name\":\"Fieldpiece Instruments\",\"description\":\"\",\"publisher\":{\"@id\":\"https:\/\/www.fieldpiece.com\/es\/#organization\"},\"potentialAction\":[{\"@type\":\"SearchAction\",\"target\":{\"@type\":\"EntryPoint\",\"urlTemplate\":\"https:\/\/www.fieldpiece.com\/es\/?s={search_term_string}\"},\"query-input\":{\"@type\":\"PropertyValueSpecification\",\"valueRequired\":true,\"valueName\":\"search_term_string\"}}],\"inLanguage\":\"es\"},{\"@type\":\"Organization\",\"@id\":\"https:\/\/www.fieldpiece.com\/es\/#organization\",\"name\":\"Fieldpiece Instruments\",\"url\":\"https:\/\/www.fieldpiece.com\/es\/\",\"logo\":{\"@type\":\"ImageObject\",\"inLanguage\":\"es\",\"@id\":\"https:\/\/www.fieldpiece.com\/es\/#\/schema\/logo\/image\/\",\"url\":\"https:\/\/resources.fieldpiece.com\/wp-content\/uploads\/2021\/02\/Logos-490x358-1.jpg\",\"contentUrl\":\"https:\/\/resources.fieldpiece.com\/wp-content\/uploads\/2021\/02\/Logos-490x358-1.jpg\",\"width\":490,\"height\":358,\"caption\":\"Fieldpiece Instruments\"},\"image\":{\"@id\":\"https:\/\/www.fieldpiece.com\/es\/#\/schema\/logo\/image\/\"}}]}<\/script>\n<!-- \/ Yoast SEO plugin. -->","yoast_head_json":{"title":"SM380V - Analizador de refrigerante SMAN inal\u00e1mbrico de 3 puertos - Fieldpiece Instruments","robots":{"index":"index","follow":"follow","max-snippet":"max-snippet:-1","max-image-preview":"max-image-preview:large","max-video-preview":"max-video-preview:-1"},"canonical":"https:\/\/www.fieldpiece.com\/es\/producto\/sm380v-wireless-3-port-sman-refrigerant-manifold-and-micron-gauge\/","og_locale":"es_ES","og_type":"article","og_title":"SM380V - Analizador de refrigerante SMAN inal\u00e1mbrico de 3 puertos - Fieldpiece Instruments","og_description":"Estructura s\u00faper reforzada Registro de datos Prueba de estanqueidad del sistema con compensaci\u00f3n de temperatura Env\u00eda y recibe lecturas inal\u00e1mbricas Conectores de termopar protegidos para la medici\u00f3n de temperaturas en tuber\u00edas y en exteriores Preparado para R32 Resistente al agua (IP54)Dise\u00f1ado para un rendimiento \u00f3ptimo","og_url":"https:\/\/www.fieldpiece.com\/es\/producto\/sm380v-wireless-3-port-sman-refrigerant-manifold-and-micron-gauge\/","og_site_name":"Fieldpiece Instruments","article_modified_time":"2023-04-27T08:23:11+00:00","og_image":[{"width":470,"height":470,"url":"https:\/\/resources.fieldpiece.com\/wp-content\/uploads\/2021\/01\/SM380V-SRC-Product-1.png","type":"image\/png"}],"twitter_card":"summary_large_image","twitter_misc":{"Tiempo de lectura":"4 minutos"},"schema":{"@context":"https:\/\/schema.org","@graph":[{"@type":"WebPage","@id":"https:\/\/www.fieldpiece.com\/es\/producto\/sm380v-wireless-3-port-sman-refrigerant-manifold-and-micron-gauge\/","url":"https:\/\/www.fieldpiece.com\/es\/producto\/sm380v-wireless-3-port-sman-refrigerant-manifold-and-micron-gauge\/","name":"SM380V - Analizador de refrigerante SMAN inal\u00e1mbrico de 3 puertos - Fieldpiece Instruments","isPartOf":{"@id":"https:\/\/www.fieldpiece.com\/es\/#website"},"primaryImageOfPage":{"@id":"https:\/\/www.fieldpiece.com\/es\/producto\/sm380v-wireless-3-port-sman-refrigerant-manifold-and-micron-gauge\/#primaryimage"},"image":{"@id":"https:\/\/www.fieldpiece.com\/es\/producto\/sm380v-wireless-3-port-sman-refrigerant-manifold-and-micron-gauge\/#primaryimage"},"thumbnailUrl":"https:\/\/resources.fieldpiece.com\/wp-content\/uploads\/2021\/01\/SM380V-SRC-Product-1.png","datePublished":"2023-04-26T12:48:27+00:00","dateModified":"2023-04-27T08:23:11+00:00","breadcrumb":{"@id":"https:\/\/www.fieldpiece.com\/es\/producto\/sm380v-wireless-3-port-sman-refrigerant-manifold-and-micron-gauge\/#breadcrumb"},"inLanguage":"es","potentialAction":[{"@type":"ReadAction","target":["https:\/\/www.fieldpiece.com\/es\/producto\/sm380v-wireless-3-port-sman-refrigerant-manifold-and-micron-gauge\/"]}]},{"@type":"ImageObject","inLanguage":"es","@id":"https:\/\/www.fieldpiece.com\/es\/producto\/sm380v-wireless-3-port-sman-refrigerant-manifold-and-micron-gauge\/#primaryimage","url":"https:\/\/resources.fieldpiece.com\/wp-content\/uploads\/2021\/01\/SM380V-SRC-Product-1.png","contentUrl":"https:\/\/resources.fieldpiece.com\/wp-content\/uploads\/2021\/01\/SM380V-SRC-Product-1.png","width":470,"height":470,"caption":"SM380V\u20133-Port Wireless SMAN Refrigerant Manifold"},{"@type":"BreadcrumbList","@id":"https:\/\/www.fieldpiece.com\/es\/producto\/sm380v-wireless-3-port-sman-refrigerant-manifold-and-micron-gauge\/#breadcrumb","itemListElement":[{"@type":"ListItem","position":1,"name":"Home","item":"https:\/\/www.fieldpiece.com\/es\/"},{"@type":"ListItem","position":2,"name":"Shop","item":"https:\/\/www.fieldpiece.com\/shop\/"},{"@type":"ListItem","position":3,"name":"SM380V &#8212; Analizador de refrigerante SMAN inal\u00e1mbrico de 3 puertos"}]},{"@type":"WebSite","@id":"https:\/\/www.fieldpiece.com\/es\/#website","url":"https:\/\/www.fieldpiece.com\/es\/","name":"Fieldpiece Instruments","description":"","publisher":{"@id":"https:\/\/www.fieldpiece.com\/es\/#organization"},"potentialAction":[{"@type":"SearchAction","target":{"@type":"EntryPoint","urlTemplate":"https:\/\/www.fieldpiece.com\/es\/?s={search_term_string}"},"query-input":{"@type":"PropertyValueSpecification","valueRequired":true,"valueName":"search_term_string"}}],"inLanguage":"es"},{"@type":"Organization","@id":"https:\/\/www.fieldpiece.com\/es\/#organization","name":"Fieldpiece Instruments","url":"https:\/\/www.fieldpiece.com\/es\/","logo":{"@type":"ImageObject","inLanguage":"es","@id":"https:\/\/www.fieldpiece.com\/es\/#\/schema\/logo\/image\/","url":"https:\/\/resources.fieldpiece.com\/wp-content\/uploads\/2021\/02\/Logos-490x358-1.jpg","contentUrl":"https:\/\/resources.fieldpiece.com\/wp-content\/uploads\/2021\/02\/Logos-490x358-1.jpg","width":490,"height":358,"caption":"Fieldpiece Instruments"},"image":{"@id":"https:\/\/www.fieldpiece.com\/es\/#\/schema\/logo\/image\/"}}]}},"_links":{"self":[{"href":"https:\/\/www.fieldpiece.com\/es\/wp-json\/wp\/v2\/product\/29966","targetHints":{"allow":["GET"]}}],"collection":[{"href":"https:\/\/www.fieldpiece.com\/es\/wp-json\/wp\/v2\/product"}],"about":[{"href":"https:\/\/www.fieldpiece.com\/es\/wp-json\/wp\/v2\/types\/product"}],"replies":[{"embeddable":true,"href":"https:\/\/www.fieldpiece.com\/es\/wp-json\/wp\/v2\/comments?post=29966"}],"wp:featuredmedia":[{"embeddable":true,"href":"https:\/\/www.fieldpiece.com\/es\/wp-json\/wp\/v2\/media\/29971"}],"wp:attachment":[{"href":"https:\/\/www.fieldpiece.com\/es\/wp-json\/wp\/v2\/media?parent=29966"}],"wp:term":[{"taxonomy":"product_brand","embeddable":true,"href":"https:\/\/www.fieldpiece.com\/es\/wp-json\/wp\/v2\/product_brand?post=29966"},{"taxonomy":"product_cat","embeddable":true,"href":"https:\/\/www.fieldpiece.com\/es\/wp-json\/wp\/v2\/product_cat?post=29966"},{"taxonomy":"product_tag","embeddable":true,"href":"https:\/\/www.fieldpiece.com\/es\/wp-json\/wp\/v2\/product_tag?post=29966"}],"curies":[{"name":"wp","href":"https:\/\/api.w.org\/{rel}","templated":true}]}}