	{"id":29796,"date":"2020-11-02T11:31:12","date_gmt":"2020-11-02T11:31:12","guid":{"rendered":"https:\/\/www.fieldpiece.com\/product\/jl3pc-job-link-system-premium-pipe-clamp-probe\/"},"modified":"2023-04-27T00:20:07","modified_gmt":"2023-04-27T07:20:07","slug":"jl3pc-job-link-system-premium-pipe-clamp-probe","status":"publish","type":"product","link":"https:\/\/www.fieldpiece.com\/es\/producto\/jl3pc-job-link-system-premium-pipe-clamp-probe\/","title":{"rendered":"JL3PC &#8211; Sonda de pinza para tuber\u00edas premium del sistema Job Link\u00ae"},"content":{"rendered":"<p>Potente alcance inal\u00e1mbrico de 106 metros (350 pies) sin transmisor<br \/>\nPunta de aguja para acceder a espacios reducidos<br \/>\nSe estabiliza en 3 segundos con una exactitud de +\/- 0,6 \u00b0C (1 \u00b0F)<br \/>\nAlcance inal\u00e1mbrico de 106 metros (350 pies)<br \/>\nResistente al agua Se comunica con la aplicaci\u00f3n Job Link y analizadores inal\u00e1mbricos (SM380V\/SM480V)  <\/p>\n<p><strong>Sonda de pinza para tuber\u00edas del sistema Job Link\u00ae &#8211; Ultrarr\u00e1pida y extremadamente exacta <\/strong><br \/>\nLas pinzas inal\u00e1mbricas de temperatura para tuber\u00edas JL3PC incorporan la tecnolog\u00eda Rapid Rail\u2122 (patente en tr\u00e1mite) que emplea tuber\u00edas conductoras de electricidad para completar el circuito, por lo que las lecturas se estabilizan en 3 segundos y no se ven afectadas por el aire ambiente. Un pitido con una luz verde intermitente de parpadeo lento indica un circuito cerrado.\u00a0 Si la tuber\u00eda sufre corrosi\u00f3n, el circuito se abrir\u00e1 y no leer\u00e1 la temperatura.\u00a0 La pinza indicar\u00e1 el lazo abierto con un doble pitido y un parpadeo r\u00e1pido de la luz.\u00a0 Simplemente limpie la tuber\u00eda, para permitir que el circuito se cierre y obtener lecturas r\u00e1pidas con una exactitud de +\/- 0,6 \u00b0C (1 \u00b0F).<\/p>\n<ul>\n<li>El avisador ac\u00fastico y el LED indican una conexi\u00f3n exacta <\/li>\n<li>Las condiciones del aire ambiente no afectan a las mediciones <\/li>\n<li>Su pinza estrecha se acopla en espacios reducidos <\/li>\n<li>Resistente al agua <\/li>\n<\/ul>\n<p><strong>Alcance inal\u00e1mbrico de 106 metros (350 pies)<\/strong>Conecte las pinzas para tubo directamente a la aplicaci\u00f3n Job Link, o con\u00e9ctese directamente a los nuevos analizadores de refrigerante <a href=\"https:\/\/www.fieldpiece.com\/es\/producto\/sm380v-wireless-3-port-sman-refrigerant-manifold-and-micron-gauge\/\">SM380V  <\/a>o  <a href=\"https:\/\/www.fieldpiece.com\/es\/producto\/sm480v-wireless-4-port-sman-refrigerant-manifold-and-micron-gauge\/\">SM480V<\/a>.\u00a0 No se requiere ning\u00fan transmisor JL2 para ninguna de las aplicaciones. <\/p>\n<p>Las sondas se venden individualmente o en kits: <a href=\"https:\/\/www.www.fieldpiece.com\/products\/detail\/jl3kr4-job-link-probes-charge-kit\/job-link-probes\/\">Kit de carga de sondas del sistema Job Link\u00ae<\/a> o <a href=\"https:\/\/www.www.fieldpiece.com\/products\/detail\/jl3kh6-job-link-probes-charging-and-air-kit\/job-link-probes\/\">Kit de carga y aire del sistema Job Link\u00ae<\/a>.<\/p>\n<p>Incluye:  <\/p>\n<ul>\n<li>Sonda de pinza para tuber\u00edas premium de Job Link\u2122 <\/li>\n<li>2 pilas AAA <\/li>\n<li>Tela esmeril para limpieza de tuber\u00edas <\/li>\n<li>Manual del operador <\/li>\n<li>1 a\u00f1o de garant\u00eda limitada <\/li>\n<\/ul>\n","protected":false},"excerpt":{"rendered":"<p>Potente alcance inal\u00e1mbrico de 106 metros (350 pies) sin transmisor Punta de aguja para acceder a espacios reducidos Se estabiliza &#8230;<\/p>\n","protected":false},"featured_media":29571,"comment_status":"open","ping_status":"closed","template":"","meta":{"_acf_changed":false},"product_brand":[],"product_cat":[160,207,233,271],"product_tag":[],"class_list":{"0":"post-29796","1":"product","2":"type-product","3":"status-publish","4":"has-post-thumbnail","6":"product_cat-other-es-2","7":"product_cat-job-link-system-es","8":"product_cat-probes-es","9":"product_cat-thermocouples-es","11":"first","12":"instock","13":"shipping-taxable","14":"product-type-simple"},"acf":[],"yoast_head":"<!-- This site is optimized with the Yoast SEO plugin v27.3 - https:\/\/yoast.com\/product\/yoast-seo-wordpress\/ -->\n<title>JL3PC - Sonda de pinza para tuber\u00edas premium del sistema Job Link\u00ae - Fieldpiece Instruments<\/title>\n<meta name=\"robots\" content=\"index, follow, max-snippet:-1, max-image-preview:large, max-video-preview:-1\" \/>\n<link rel=\"canonical\" href=\"https:\/\/www.fieldpiece.com\/es\/producto\/jl3pc-job-link-system-premium-pipe-clamp-probe\/\" \/>\n<meta property=\"og:locale\" content=\"es_ES\" \/>\n<meta property=\"og:type\" content=\"article\" \/>\n<meta property=\"og:title\" content=\"JL3PC - Sonda de pinza para tuber\u00edas premium del sistema Job Link\u00ae - Fieldpiece Instruments\" \/>\n<meta property=\"og:description\" content=\"Potente alcance inal\u00e1mbrico de 106 metros (350 pies) sin transmisor Punta de aguja para acceder a espacios reducidos Se estabiliza ...\" \/>\n<meta property=\"og:url\" content=\"https:\/\/www.fieldpiece.com\/es\/producto\/jl3pc-job-link-system-premium-pipe-clamp-probe\/\" \/>\n<meta property=\"og:site_name\" content=\"Fieldpiece Instruments\" \/>\n<meta property=\"article:modified_time\" content=\"2023-04-27T07:20:07+00:00\" \/>\n<meta property=\"og:image\" content=\"https:\/\/resources.fieldpiece.com\/wp-content\/uploads\/2021\/01\/JL3PC-SRC-Product.png\" \/>\n\t<meta property=\"og:image:width\" content=\"470\" \/>\n\t<meta property=\"og:image:height\" content=\"470\" \/>\n\t<meta property=\"og:image:type\" content=\"image\/png\" \/>\n<meta name=\"twitter:card\" content=\"summary_large_image\" \/>\n<meta name=\"twitter:label1\" content=\"Tiempo de lectura\" \/>\n\t<meta name=\"twitter:data1\" content=\"2 minutos\" \/>\n<script type=\"application\/ld+json\" class=\"yoast-schema-graph\">{\"@context\":\"https:\\\/\\\/schema.org\",\"@graph\":[{\"@type\":\"WebPage\",\"@id\":\"https:\\\/\\\/www.fieldpiece.com\\\/es\\\/producto\\\/jl3pc-job-link-system-premium-pipe-clamp-probe\\\/\",\"url\":\"https:\\\/\\\/www.fieldpiece.com\\\/es\\\/producto\\\/jl3pc-job-link-system-premium-pipe-clamp-probe\\\/\",\"name\":\"JL3PC - Sonda de pinza para tuber\u00edas premium del sistema Job Link\u00ae - Fieldpiece Instruments\",\"isPartOf\":{\"@id\":\"https:\\\/\\\/www.fieldpiece.com\\\/es\\\/#website\"},\"primaryImageOfPage\":{\"@id\":\"https:\\\/\\\/www.fieldpiece.com\\\/es\\\/producto\\\/jl3pc-job-link-system-premium-pipe-clamp-probe\\\/#primaryimage\"},\"image\":{\"@id\":\"https:\\\/\\\/www.fieldpiece.com\\\/es\\\/producto\\\/jl3pc-job-link-system-premium-pipe-clamp-probe\\\/#primaryimage\"},\"thumbnailUrl\":\"https:\\\/\\\/resources.fieldpiece.com\\\/wp-content\\\/uploads\\\/2021\\\/01\\\/JL3PC-SRC-Product.png\",\"datePublished\":\"2020-11-02T11:31:12+00:00\",\"dateModified\":\"2023-04-27T07:20:07+00:00\",\"breadcrumb\":{\"@id\":\"https:\\\/\\\/www.fieldpiece.com\\\/es\\\/producto\\\/jl3pc-job-link-system-premium-pipe-clamp-probe\\\/#breadcrumb\"},\"inLanguage\":\"es\",\"potentialAction\":[{\"@type\":\"ReadAction\",\"target\":[\"https:\\\/\\\/www.fieldpiece.com\\\/es\\\/producto\\\/jl3pc-job-link-system-premium-pipe-clamp-probe\\\/\"]}]},{\"@type\":\"ImageObject\",\"inLanguage\":\"es\",\"@id\":\"https:\\\/\\\/www.fieldpiece.com\\\/es\\\/producto\\\/jl3pc-job-link-system-premium-pipe-clamp-probe\\\/#primaryimage\",\"url\":\"https:\\\/\\\/resources.fieldpiece.com\\\/wp-content\\\/uploads\\\/2021\\\/01\\\/JL3PC-SRC-Product.png\",\"contentUrl\":\"https:\\\/\\\/resources.fieldpiece.com\\\/wp-content\\\/uploads\\\/2021\\\/01\\\/JL3PC-SRC-Product.png\",\"width\":470,\"height\":470,\"caption\":\"JL3PC - Job Link\u00ae Premium Wireless Pipe Clamp Probe\"},{\"@type\":\"BreadcrumbList\",\"@id\":\"https:\\\/\\\/www.fieldpiece.com\\\/es\\\/producto\\\/jl3pc-job-link-system-premium-pipe-clamp-probe\\\/#breadcrumb\",\"itemListElement\":[{\"@type\":\"ListItem\",\"position\":1,\"name\":\"Home\",\"item\":\"https:\\\/\\\/www.fieldpiece.com\\\/es\\\/\"},{\"@type\":\"ListItem\",\"position\":2,\"name\":\"Shop\",\"item\":\"https:\\\/\\\/www.fieldpiece.com\\\/shop\\\/\"},{\"@type\":\"ListItem\",\"position\":3,\"name\":\"JL3PC &#8211; Sonda de pinza para tuber\u00edas premium del sistema Job Link\u00ae\"}]},{\"@type\":\"WebSite\",\"@id\":\"https:\\\/\\\/www.fieldpiece.com\\\/es\\\/#website\",\"url\":\"https:\\\/\\\/www.fieldpiece.com\\\/es\\\/\",\"name\":\"Fieldpiece Instruments\",\"description\":\"\",\"publisher\":{\"@id\":\"https:\\\/\\\/www.fieldpiece.com\\\/es\\\/#organization\"},\"potentialAction\":[{\"@type\":\"SearchAction\",\"target\":{\"@type\":\"EntryPoint\",\"urlTemplate\":\"https:\\\/\\\/www.fieldpiece.com\\\/es\\\/?s={search_term_string}\"},\"query-input\":{\"@type\":\"PropertyValueSpecification\",\"valueRequired\":true,\"valueName\":\"search_term_string\"}}],\"inLanguage\":\"es\"},{\"@type\":\"Organization\",\"@id\":\"https:\\\/\\\/www.fieldpiece.com\\\/es\\\/#organization\",\"name\":\"Fieldpiece Instruments\",\"url\":\"https:\\\/\\\/www.fieldpiece.com\\\/es\\\/\",\"logo\":{\"@type\":\"ImageObject\",\"inLanguage\":\"es\",\"@id\":\"https:\\\/\\\/www.fieldpiece.com\\\/es\\\/#\\\/schema\\\/logo\\\/image\\\/\",\"url\":\"https:\\\/\\\/resources.fieldpiece.com\\\/wp-content\\\/uploads\\\/2021\\\/02\\\/Logos-490x358-1.jpg\",\"contentUrl\":\"https:\\\/\\\/resources.fieldpiece.com\\\/wp-content\\\/uploads\\\/2021\\\/02\\\/Logos-490x358-1.jpg\",\"width\":490,\"height\":358,\"caption\":\"Fieldpiece Instruments\"},\"image\":{\"@id\":\"https:\\\/\\\/www.fieldpiece.com\\\/es\\\/#\\\/schema\\\/logo\\\/image\\\/\"}}]}<\/script>\n<!-- \/ Yoast SEO plugin. -->","yoast_head_json":{"title":"JL3PC - Sonda de pinza para tuber\u00edas premium del sistema Job Link\u00ae - Fieldpiece Instruments","robots":{"index":"index","follow":"follow","max-snippet":"max-snippet:-1","max-image-preview":"max-image-preview:large","max-video-preview":"max-video-preview:-1"},"canonical":"https:\/\/www.fieldpiece.com\/es\/producto\/jl3pc-job-link-system-premium-pipe-clamp-probe\/","og_locale":"es_ES","og_type":"article","og_title":"JL3PC - Sonda de pinza para tuber\u00edas premium del sistema Job Link\u00ae - Fieldpiece Instruments","og_description":"Potente alcance inal\u00e1mbrico de 106 metros (350 pies) sin transmisor Punta de aguja para acceder a espacios reducidos Se estabiliza ...","og_url":"https:\/\/www.fieldpiece.com\/es\/producto\/jl3pc-job-link-system-premium-pipe-clamp-probe\/","og_site_name":"Fieldpiece Instruments","article_modified_time":"2023-04-27T07:20:07+00:00","og_image":[{"width":470,"height":470,"url":"https:\/\/resources.fieldpiece.com\/wp-content\/uploads\/2021\/01\/JL3PC-SRC-Product.png","type":"image\/png"}],"twitter_card":"summary_large_image","twitter_misc":{"Tiempo de lectura":"2 minutos"},"schema":{"@context":"https:\/\/schema.org","@graph":[{"@type":"WebPage","@id":"https:\/\/www.fieldpiece.com\/es\/producto\/jl3pc-job-link-system-premium-pipe-clamp-probe\/","url":"https:\/\/www.fieldpiece.com\/es\/producto\/jl3pc-job-link-system-premium-pipe-clamp-probe\/","name":"JL3PC - Sonda de pinza para tuber\u00edas premium del sistema Job Link\u00ae - Fieldpiece Instruments","isPartOf":{"@id":"https:\/\/www.fieldpiece.com\/es\/#website"},"primaryImageOfPage":{"@id":"https:\/\/www.fieldpiece.com\/es\/producto\/jl3pc-job-link-system-premium-pipe-clamp-probe\/#primaryimage"},"image":{"@id":"https:\/\/www.fieldpiece.com\/es\/producto\/jl3pc-job-link-system-premium-pipe-clamp-probe\/#primaryimage"},"thumbnailUrl":"https:\/\/resources.fieldpiece.com\/wp-content\/uploads\/2021\/01\/JL3PC-SRC-Product.png","datePublished":"2020-11-02T11:31:12+00:00","dateModified":"2023-04-27T07:20:07+00:00","breadcrumb":{"@id":"https:\/\/www.fieldpiece.com\/es\/producto\/jl3pc-job-link-system-premium-pipe-clamp-probe\/#breadcrumb"},"inLanguage":"es","potentialAction":[{"@type":"ReadAction","target":["https:\/\/www.fieldpiece.com\/es\/producto\/jl3pc-job-link-system-premium-pipe-clamp-probe\/"]}]},{"@type":"ImageObject","inLanguage":"es","@id":"https:\/\/www.fieldpiece.com\/es\/producto\/jl3pc-job-link-system-premium-pipe-clamp-probe\/#primaryimage","url":"https:\/\/resources.fieldpiece.com\/wp-content\/uploads\/2021\/01\/JL3PC-SRC-Product.png","contentUrl":"https:\/\/resources.fieldpiece.com\/wp-content\/uploads\/2021\/01\/JL3PC-SRC-Product.png","width":470,"height":470,"caption":"JL3PC - Job Link\u00ae Premium Wireless Pipe Clamp Probe"},{"@type":"BreadcrumbList","@id":"https:\/\/www.fieldpiece.com\/es\/producto\/jl3pc-job-link-system-premium-pipe-clamp-probe\/#breadcrumb","itemListElement":[{"@type":"ListItem","position":1,"name":"Home","item":"https:\/\/www.fieldpiece.com\/es\/"},{"@type":"ListItem","position":2,"name":"Shop","item":"https:\/\/www.fieldpiece.com\/shop\/"},{"@type":"ListItem","position":3,"name":"JL3PC &#8211; Sonda de pinza para tuber\u00edas premium del sistema Job Link\u00ae"}]},{"@type":"WebSite","@id":"https:\/\/www.fieldpiece.com\/es\/#website","url":"https:\/\/www.fieldpiece.com\/es\/","name":"Fieldpiece Instruments","description":"","publisher":{"@id":"https:\/\/www.fieldpiece.com\/es\/#organization"},"potentialAction":[{"@type":"SearchAction","target":{"@type":"EntryPoint","urlTemplate":"https:\/\/www.fieldpiece.com\/es\/?s={search_term_string}"},"query-input":{"@type":"PropertyValueSpecification","valueRequired":true,"valueName":"search_term_string"}}],"inLanguage":"es"},{"@type":"Organization","@id":"https:\/\/www.fieldpiece.com\/es\/#organization","name":"Fieldpiece Instruments","url":"https:\/\/www.fieldpiece.com\/es\/","logo":{"@type":"ImageObject","inLanguage":"es","@id":"https:\/\/www.fieldpiece.com\/es\/#\/schema\/logo\/image\/","url":"https:\/\/resources.fieldpiece.com\/wp-content\/uploads\/2021\/02\/Logos-490x358-1.jpg","contentUrl":"https:\/\/resources.fieldpiece.com\/wp-content\/uploads\/2021\/02\/Logos-490x358-1.jpg","width":490,"height":358,"caption":"Fieldpiece Instruments"},"image":{"@id":"https:\/\/www.fieldpiece.com\/es\/#\/schema\/logo\/image\/"}}]}},"_links":{"self":[{"href":"https:\/\/www.fieldpiece.com\/es\/wp-json\/wp\/v2\/product\/29796","targetHints":{"allow":["GET"]}}],"collection":[{"href":"https:\/\/www.fieldpiece.com\/es\/wp-json\/wp\/v2\/product"}],"about":[{"href":"https:\/\/www.fieldpiece.com\/es\/wp-json\/wp\/v2\/types\/product"}],"replies":[{"embeddable":true,"href":"https:\/\/www.fieldpiece.com\/es\/wp-json\/wp\/v2\/comments?post=29796"}],"wp:featuredmedia":[{"embeddable":true,"href":"https:\/\/www.fieldpiece.com\/es\/wp-json\/wp\/v2\/media\/29571"}],"wp:attachment":[{"href":"https:\/\/www.fieldpiece.com\/es\/wp-json\/wp\/v2\/media?parent=29796"}],"wp:term":[{"taxonomy":"product_brand","embeddable":true,"href":"https:\/\/www.fieldpiece.com\/es\/wp-json\/wp\/v2\/product_brand?post=29796"},{"taxonomy":"product_cat","embeddable":true,"href":"https:\/\/www.fieldpiece.com\/es\/wp-json\/wp\/v2\/product_cat?post=29796"},{"taxonomy":"product_tag","embeddable":true,"href":"https:\/\/www.fieldpiece.com\/es\/wp-json\/wp\/v2\/product_tag?post=29796"}],"curies":[{"name":"wp","href":"https:\/\/api.w.org\/{rel}","templated":true}]}}