	{"id":29752,"date":"2020-11-02T11:31:05","date_gmt":"2020-11-02T11:31:05","guid":{"rendered":"https:\/\/www.fieldpiece.com\/product\/jl3rh-job-link-system-flex-psychrometer-probe\/"},"modified":"2023-04-27T00:19:02","modified_gmt":"2023-04-27T07:19:02","slug":"jl3rh-job-link-system-flex-psychrometer-probe","status":"publish","type":"product","link":"https:\/\/www.fieldpiece.com\/es\/producto\/jl3rh-job-link-system-flex-psychrometer-probe\/","title":{"rendered":"JL3RH &#8211; Sonda para psicr\u00f3metro flexible del sistema Job Link\u00ae"},"content":{"rendered":"<p>Potente alcance inal\u00e1mbrico de 106 metros (350 pies) sin transmisor<br \/>\nSe comunica con la aplicaci\u00f3n Job Link y analizadores inal\u00e1mbricos (SM380V\/SM480V)<br \/>\nS\u00f3lido gancho magn\u00e9tico<br \/>\nInterruptor lateral de alimentaci\u00f3n y retorno<br \/>\nResistente al agua  <\/p>\n<p><strong>Sonda para psicr\u00f3metro del sistema Job Link\u00ae <\/strong><br \/>\nLa sonda para psicr\u00f3metro del sistema Job Link\u00ae JL3RH incorpora una varilla larga flexible y un potente im\u00e1n deslizante para realizar mediciones f\u00e1cilmente en cualquier punto del sistema. Obtenga lecturas instant\u00e1neas de conductos, c\u00e1maras, registros o rejillas para realizar diagn\u00f3sticos exactos. <\/p>\n<p>Su varilla flexible, equipada con un potente im\u00e1n deslizante, proporciona mediciones r\u00e1pidas y sencillas en cualquier punto del sistema. <\/p>\n<ul>\n<li>Col\u00f3quela en lugares cr\u00edticos en funci\u00f3n de las necesidades del sistema <\/li>\n<li>Solo requiere un orificio de 3\/8&#8243; para la realizaci\u00f3n de pruebas en conductos <\/li>\n<\/ul>\n<p><strong>Con\u00e9ctese a la aplicaci\u00f3n Job Link o a los analizadores digitales inal\u00e1mbricos <\/strong> <a href=\"https:\/\/www.www.fieldpiece.com\/products\/detail\/sm380v-wireless-3-port-sman-refrigerant-manifold-and-micron-gauge\/job-link-manifolds\/\">SM380V<\/a> y  <a href=\"https:\/\/www.www.fieldpiece.com\/products\/detail\/sm480v-wireless-4-port-sman-refrigerant-manifold-and-micron-gauge\/job-link-manifolds\/\">SM480V <\/a> Puede conectar sus psicr\u00f3metros directamente tanto a la aplicaci\u00f3n Job Link como a los analizadores de refrigerante inal\u00e1mbricos SMAN\u2122 (SM380V de 3 puertos o SM480V de 4 puertos) para obtener lecturas de temperatura del aire en tiempo real mientras realiza ajustes en el sistema.\u00a0Los resultados se pueden registrar en los analizadores o incluirse en los informes del sistema Job Link. <\/p>\n<ul>\n<li>Se\u00f1al inal\u00e1mbrica de 106 metros (350 pies) sin transmisor <\/li>\n<li>Lo suficientemente potente como para atravesar la mayor\u00eda de c\u00e1maras frigor\u00edficas y congeladores <\/li>\n<\/ul>\n<p>El indicador de retorno y alimentaci\u00f3n le garantiza que est\u00e1 registrando las mediciones correctas en el lugar adecuado. <\/p>\n<ul>\n<li>Bulbo seco <\/li>\n<li>Bulbo h\u00famedo <\/li>\n<li>Porcentaje de humedad relativa (HR) <\/li>\n<li>Punto de roc\u00edo <\/li>\n<li>Entalp\u00eda <\/li>\n<\/ul>\n<p>Las sondas para psicr\u00f3metros JL3RH se venden de forma individual para que pueda utilizar una o m\u00e1s a la vez, o se incluyen de serie en el Kit de prueba de carga y aire de  <a href=\"https:\/\/www.www.fieldpiece.com\/products\/detail\/jl3kh6-job-link-probes-charging-and-air-kit\/job-link-probes\/\">Job<\/a><a href=\"https:\/\/www.www.fieldpiece.com\/products\/detail\/jl3kh6-job-link-probes-charging-and-air-kit\/job-link-probes\/\"> Link<\/a>. <\/p>\n<p>Incluye:  <\/p>\n<ul>\n<li>Sonda para psicr\u00f3metro flexible del sistema Job Link <\/li>\n<li>1 cubierta deslizante protectora para la punta de sensor <\/li>\n<li>2 pilas AAA <\/li>\n<li>Manual del operador <\/li>\n<li>1 a\u00f1o de garant\u00eda limitada <\/li>\n<\/ul>\n","protected":false},"excerpt":{"rendered":"<p>Potente alcance inal\u00e1mbrico de 106 metros (350 pies) sin transmisor Se comunica con la aplicaci\u00f3n Job Link y analizadores inal\u00e1mbricos &#8230;<\/p>\n","protected":false},"featured_media":26914,"comment_status":"open","ping_status":"closed","template":"","meta":{"_acf_changed":false},"product_brand":[],"product_cat":[125,207,233],"product_tag":[],"class_list":{"0":"post-29752","1":"product","2":"type-product","3":"status-publish","4":"has-post-thumbnail","6":"product_cat-air-flow-and-temp-rh-esss","7":"product_cat-job-link-system-es","8":"product_cat-probes-es","10":"first","11":"instock","12":"shipping-taxable","13":"product-type-simple"},"acf":[],"yoast_head":"<!-- This site is optimized with the Yoast SEO plugin v27.2 - https:\/\/yoast.com\/product\/yoast-seo-wordpress\/ -->\n<title>JL3RH - Sonda para psicr\u00f3metro flexible del sistema Job Link\u00ae - Fieldpiece Instruments<\/title>\n<meta name=\"robots\" content=\"index, follow, max-snippet:-1, max-image-preview:large, max-video-preview:-1\" \/>\n<link rel=\"canonical\" href=\"https:\/\/www.fieldpiece.com\/es\/producto\/jl3rh-job-link-system-flex-psychrometer-probe\/\" \/>\n<meta property=\"og:locale\" content=\"es_ES\" \/>\n<meta property=\"og:type\" content=\"article\" \/>\n<meta property=\"og:title\" content=\"JL3RH - Sonda para psicr\u00f3metro flexible del sistema Job Link\u00ae - Fieldpiece Instruments\" \/>\n<meta property=\"og:description\" content=\"Potente alcance inal\u00e1mbrico de 106 metros (350 pies) sin transmisor Se comunica con la aplicaci\u00f3n Job Link y analizadores inal\u00e1mbricos ...\" \/>\n<meta property=\"og:url\" content=\"https:\/\/www.fieldpiece.com\/es\/producto\/jl3rh-job-link-system-flex-psychrometer-probe\/\" \/>\n<meta property=\"og:site_name\" content=\"Fieldpiece Instruments\" \/>\n<meta property=\"article:modified_time\" content=\"2023-04-27T07:19:02+00:00\" \/>\n<meta property=\"og:image\" content=\"https:\/\/resources.fieldpiece.com\/wp-content\/uploads\/2021\/01\/JL3-Probes-470x470-04.png\" \/>\n\t<meta property=\"og:image:width\" content=\"470\" \/>\n\t<meta property=\"og:image:height\" content=\"470\" \/>\n\t<meta property=\"og:image:type\" content=\"image\/png\" \/>\n<meta name=\"twitter:card\" content=\"summary_large_image\" \/>\n<meta name=\"twitter:label1\" content=\"Tiempo de lectura\" \/>\n\t<meta name=\"twitter:data1\" content=\"2 minutos\" \/>\n<script type=\"application\/ld+json\" class=\"yoast-schema-graph\">{\"@context\":\"https:\/\/schema.org\",\"@graph\":[{\"@type\":\"WebPage\",\"@id\":\"https:\/\/www.fieldpiece.com\/es\/producto\/jl3rh-job-link-system-flex-psychrometer-probe\/\",\"url\":\"https:\/\/www.fieldpiece.com\/es\/producto\/jl3rh-job-link-system-flex-psychrometer-probe\/\",\"name\":\"JL3RH - Sonda para psicr\u00f3metro flexible del sistema Job Link\u00ae - Fieldpiece Instruments\",\"isPartOf\":{\"@id\":\"https:\/\/www.fieldpiece.com\/es\/#website\"},\"primaryImageOfPage\":{\"@id\":\"https:\/\/www.fieldpiece.com\/es\/producto\/jl3rh-job-link-system-flex-psychrometer-probe\/#primaryimage\"},\"image\":{\"@id\":\"https:\/\/www.fieldpiece.com\/es\/producto\/jl3rh-job-link-system-flex-psychrometer-probe\/#primaryimage\"},\"thumbnailUrl\":\"https:\/\/resources.fieldpiece.com\/wp-content\/uploads\/2021\/01\/JL3-Probes-470x470-04.png\",\"datePublished\":\"2020-11-02T11:31:05+00:00\",\"dateModified\":\"2023-04-27T07:19:02+00:00\",\"breadcrumb\":{\"@id\":\"https:\/\/www.fieldpiece.com\/es\/producto\/jl3rh-job-link-system-flex-psychrometer-probe\/#breadcrumb\"},\"inLanguage\":\"es\",\"potentialAction\":[{\"@type\":\"ReadAction\",\"target\":[\"https:\/\/www.fieldpiece.com\/es\/producto\/jl3rh-job-link-system-flex-psychrometer-probe\/\"]}]},{\"@type\":\"ImageObject\",\"inLanguage\":\"es\",\"@id\":\"https:\/\/www.fieldpiece.com\/es\/producto\/jl3rh-job-link-system-flex-psychrometer-probe\/#primaryimage\",\"url\":\"https:\/\/resources.fieldpiece.com\/wp-content\/uploads\/2021\/01\/JL3-Probes-470x470-04.png\",\"contentUrl\":\"https:\/\/resources.fieldpiece.com\/wp-content\/uploads\/2021\/01\/JL3-Probes-470x470-04.png\",\"width\":470,\"height\":470,\"caption\":\"JL3RH - Job Link\u00ae Digital Flex Wireless Psychrometer Probe\u00ae\"},{\"@type\":\"BreadcrumbList\",\"@id\":\"https:\/\/www.fieldpiece.com\/es\/producto\/jl3rh-job-link-system-flex-psychrometer-probe\/#breadcrumb\",\"itemListElement\":[{\"@type\":\"ListItem\",\"position\":1,\"name\":\"Home\",\"item\":\"https:\/\/www.fieldpiece.com\/es\/\"},{\"@type\":\"ListItem\",\"position\":2,\"name\":\"Shop\",\"item\":\"https:\/\/www.fieldpiece.com\/shop\/\"},{\"@type\":\"ListItem\",\"position\":3,\"name\":\"JL3RH &#8211; Sonda para psicr\u00f3metro flexible del sistema Job Link\u00ae\"}]},{\"@type\":\"WebSite\",\"@id\":\"https:\/\/www.fieldpiece.com\/es\/#website\",\"url\":\"https:\/\/www.fieldpiece.com\/es\/\",\"name\":\"Fieldpiece Instruments\",\"description\":\"\",\"publisher\":{\"@id\":\"https:\/\/www.fieldpiece.com\/es\/#organization\"},\"potentialAction\":[{\"@type\":\"SearchAction\",\"target\":{\"@type\":\"EntryPoint\",\"urlTemplate\":\"https:\/\/www.fieldpiece.com\/es\/?s={search_term_string}\"},\"query-input\":{\"@type\":\"PropertyValueSpecification\",\"valueRequired\":true,\"valueName\":\"search_term_string\"}}],\"inLanguage\":\"es\"},{\"@type\":\"Organization\",\"@id\":\"https:\/\/www.fieldpiece.com\/es\/#organization\",\"name\":\"Fieldpiece Instruments\",\"url\":\"https:\/\/www.fieldpiece.com\/es\/\",\"logo\":{\"@type\":\"ImageObject\",\"inLanguage\":\"es\",\"@id\":\"https:\/\/www.fieldpiece.com\/es\/#\/schema\/logo\/image\/\",\"url\":\"https:\/\/resources.fieldpiece.com\/wp-content\/uploads\/2021\/02\/Logos-490x358-1.jpg\",\"contentUrl\":\"https:\/\/resources.fieldpiece.com\/wp-content\/uploads\/2021\/02\/Logos-490x358-1.jpg\",\"width\":490,\"height\":358,\"caption\":\"Fieldpiece Instruments\"},\"image\":{\"@id\":\"https:\/\/www.fieldpiece.com\/es\/#\/schema\/logo\/image\/\"}}]}<\/script>\n<!-- \/ Yoast SEO plugin. -->","yoast_head_json":{"title":"JL3RH - Sonda para psicr\u00f3metro flexible del sistema Job Link\u00ae - Fieldpiece Instruments","robots":{"index":"index","follow":"follow","max-snippet":"max-snippet:-1","max-image-preview":"max-image-preview:large","max-video-preview":"max-video-preview:-1"},"canonical":"https:\/\/www.fieldpiece.com\/es\/producto\/jl3rh-job-link-system-flex-psychrometer-probe\/","og_locale":"es_ES","og_type":"article","og_title":"JL3RH - Sonda para psicr\u00f3metro flexible del sistema Job Link\u00ae - Fieldpiece Instruments","og_description":"Potente alcance inal\u00e1mbrico de 106 metros (350 pies) sin transmisor Se comunica con la aplicaci\u00f3n Job Link y analizadores inal\u00e1mbricos ...","og_url":"https:\/\/www.fieldpiece.com\/es\/producto\/jl3rh-job-link-system-flex-psychrometer-probe\/","og_site_name":"Fieldpiece Instruments","article_modified_time":"2023-04-27T07:19:02+00:00","og_image":[{"width":470,"height":470,"url":"https:\/\/resources.fieldpiece.com\/wp-content\/uploads\/2021\/01\/JL3-Probes-470x470-04.png","type":"image\/png"}],"twitter_card":"summary_large_image","twitter_misc":{"Tiempo de lectura":"2 minutos"},"schema":{"@context":"https:\/\/schema.org","@graph":[{"@type":"WebPage","@id":"https:\/\/www.fieldpiece.com\/es\/producto\/jl3rh-job-link-system-flex-psychrometer-probe\/","url":"https:\/\/www.fieldpiece.com\/es\/producto\/jl3rh-job-link-system-flex-psychrometer-probe\/","name":"JL3RH - Sonda para psicr\u00f3metro flexible del sistema Job Link\u00ae - Fieldpiece Instruments","isPartOf":{"@id":"https:\/\/www.fieldpiece.com\/es\/#website"},"primaryImageOfPage":{"@id":"https:\/\/www.fieldpiece.com\/es\/producto\/jl3rh-job-link-system-flex-psychrometer-probe\/#primaryimage"},"image":{"@id":"https:\/\/www.fieldpiece.com\/es\/producto\/jl3rh-job-link-system-flex-psychrometer-probe\/#primaryimage"},"thumbnailUrl":"https:\/\/resources.fieldpiece.com\/wp-content\/uploads\/2021\/01\/JL3-Probes-470x470-04.png","datePublished":"2020-11-02T11:31:05+00:00","dateModified":"2023-04-27T07:19:02+00:00","breadcrumb":{"@id":"https:\/\/www.fieldpiece.com\/es\/producto\/jl3rh-job-link-system-flex-psychrometer-probe\/#breadcrumb"},"inLanguage":"es","potentialAction":[{"@type":"ReadAction","target":["https:\/\/www.fieldpiece.com\/es\/producto\/jl3rh-job-link-system-flex-psychrometer-probe\/"]}]},{"@type":"ImageObject","inLanguage":"es","@id":"https:\/\/www.fieldpiece.com\/es\/producto\/jl3rh-job-link-system-flex-psychrometer-probe\/#primaryimage","url":"https:\/\/resources.fieldpiece.com\/wp-content\/uploads\/2021\/01\/JL3-Probes-470x470-04.png","contentUrl":"https:\/\/resources.fieldpiece.com\/wp-content\/uploads\/2021\/01\/JL3-Probes-470x470-04.png","width":470,"height":470,"caption":"JL3RH - Job Link\u00ae Digital Flex Wireless Psychrometer Probe\u00ae"},{"@type":"BreadcrumbList","@id":"https:\/\/www.fieldpiece.com\/es\/producto\/jl3rh-job-link-system-flex-psychrometer-probe\/#breadcrumb","itemListElement":[{"@type":"ListItem","position":1,"name":"Home","item":"https:\/\/www.fieldpiece.com\/es\/"},{"@type":"ListItem","position":2,"name":"Shop","item":"https:\/\/www.fieldpiece.com\/shop\/"},{"@type":"ListItem","position":3,"name":"JL3RH &#8211; Sonda para psicr\u00f3metro flexible del sistema Job Link\u00ae"}]},{"@type":"WebSite","@id":"https:\/\/www.fieldpiece.com\/es\/#website","url":"https:\/\/www.fieldpiece.com\/es\/","name":"Fieldpiece Instruments","description":"","publisher":{"@id":"https:\/\/www.fieldpiece.com\/es\/#organization"},"potentialAction":[{"@type":"SearchAction","target":{"@type":"EntryPoint","urlTemplate":"https:\/\/www.fieldpiece.com\/es\/?s={search_term_string}"},"query-input":{"@type":"PropertyValueSpecification","valueRequired":true,"valueName":"search_term_string"}}],"inLanguage":"es"},{"@type":"Organization","@id":"https:\/\/www.fieldpiece.com\/es\/#organization","name":"Fieldpiece Instruments","url":"https:\/\/www.fieldpiece.com\/es\/","logo":{"@type":"ImageObject","inLanguage":"es","@id":"https:\/\/www.fieldpiece.com\/es\/#\/schema\/logo\/image\/","url":"https:\/\/resources.fieldpiece.com\/wp-content\/uploads\/2021\/02\/Logos-490x358-1.jpg","contentUrl":"https:\/\/resources.fieldpiece.com\/wp-content\/uploads\/2021\/02\/Logos-490x358-1.jpg","width":490,"height":358,"caption":"Fieldpiece Instruments"},"image":{"@id":"https:\/\/www.fieldpiece.com\/es\/#\/schema\/logo\/image\/"}}]}},"_links":{"self":[{"href":"https:\/\/www.fieldpiece.com\/es\/wp-json\/wp\/v2\/product\/29752","targetHints":{"allow":["GET"]}}],"collection":[{"href":"https:\/\/www.fieldpiece.com\/es\/wp-json\/wp\/v2\/product"}],"about":[{"href":"https:\/\/www.fieldpiece.com\/es\/wp-json\/wp\/v2\/types\/product"}],"replies":[{"embeddable":true,"href":"https:\/\/www.fieldpiece.com\/es\/wp-json\/wp\/v2\/comments?post=29752"}],"wp:featuredmedia":[{"embeddable":true,"href":"https:\/\/www.fieldpiece.com\/es\/wp-json\/wp\/v2\/media\/26914"}],"wp:attachment":[{"href":"https:\/\/www.fieldpiece.com\/es\/wp-json\/wp\/v2\/media?parent=29752"}],"wp:term":[{"taxonomy":"product_brand","embeddable":true,"href":"https:\/\/www.fieldpiece.com\/es\/wp-json\/wp\/v2\/product_brand?post=29752"},{"taxonomy":"product_cat","embeddable":true,"href":"https:\/\/www.fieldpiece.com\/es\/wp-json\/wp\/v2\/product_cat?post=29752"},{"taxonomy":"product_tag","embeddable":true,"href":"https:\/\/www.fieldpiece.com\/es\/wp-json\/wp\/v2\/product_tag?post=29752"}],"curies":[{"name":"wp","href":"https:\/\/api.w.org\/{rel}","templated":true}]}}