	{"id":29712,"date":"2020-11-02T11:30:51","date_gmt":"2023-04-26T12:45:59","guid":{"rendered":"https:\/\/www.fieldpiece.com\/product\/bg36-inspection-tool-bag\/"},"modified":"2023-04-27T00:17:18","modified_gmt":"2023-04-27T07:17:18","slug":"bg36-inspection-tool-bag","status":"publish","type":"product","link":"https:\/\/www.fieldpiece.com\/es\/producto\/bg36-inspection-tool-bag\/","title":{"rendered":"BG36 &#8211; Bolsa de herramientas de inspecci\u00f3n"},"content":{"rendered":"<p>Cierre magn\u00e9tico de bloqueo r\u00e1pido<br \/>\nBolsillos aislados para instrumentos de prueba<br \/>\nBase resistente protegida frente al mal tiempo<br \/>\nDise\u00f1o resistente y compacto <\/p>\n<p>La bolsa de herramientas de inspecci\u00f3n BG36 es una bolsa f\u00e1cil de llevar colgada del hombro, con una solapa superior de f\u00e1cil apertura.\u00a0 La solapa superior no solo protege las herramientas frente al mal tiempo, sino que evita que se salgan en caso de ca\u00edda o tras recibir un golpe.\u00a0 Adem\u00e1s, proporciona espacio adicional para herramientas peque\u00f1as y brocas.\u00a0 La bolsa cuenta tambi\u00e9n con una s\u00f3lida bandeja magn\u00e9tica que mantiene sujetos los tornillos de fijaci\u00f3n y arandelas y evita que se pierdan. <\/p>\n<p>Los bolsillos interiores divididos en secciones ayudan a mantenerlo todo organizado.\u00a0 Su bolsillo lateral con cierre de cremallera y su gran secci\u00f3n ajustable interior protegen los medidores y evitan que las herramientas de mano puedan da\u00f1arlos.\u00a0 El gran bolsillo frontal abierto y el bolsillo lateral expansible ofrecen almacenamiento adicional.\u00a0 Su resistente base con protecci\u00f3n frente al mal tiempo mantiene la bolsa en posici\u00f3n vertical. <\/p>\n<p>La BG36 es extremadamente duradera, ya que no solo ha sido ampliamente reforzada, sino que adem\u00e1s ha sido confeccionada con nailon bal\u00edstico resistente a los desgarros.\u00a0 Adem\u00e1s, es c\u00f3moda de llevar gracias a su parte trasera acolchada, que es transpirable y dispone de una correa ajustable. <\/p>\n<p>Incluye: <\/p>\n<p>1 soporte de lazo para cinta <\/p>\n<p>1 correa para hombro acolchada<\/p>\n","protected":false},"excerpt":{"rendered":"<p>Cierre magn\u00e9tico de bloqueo r\u00e1pido Bolsillos aislados para instrumentos de prueba Base resistente protegida frente al mal tiempo Dise\u00f1o resistente &#8230;<\/p>\n","protected":false},"featured_media":118742,"comment_status":"open","ping_status":"closed","template":"","meta":{"_acf_changed":false},"product_brand":[],"product_cat":[280,160],"product_tag":[],"class_list":{"0":"post-29712","1":"product","2":"type-product","3":"status-publish","4":"has-post-thumbnail","6":"product_cat-bags-es","7":"product_cat-other-es-2","9":"first","10":"instock","11":"shipping-taxable","12":"product-type-simple"},"acf":[],"yoast_head":"<!-- This site is optimized with the Yoast SEO plugin v27.3 - https:\/\/yoast.com\/product\/yoast-seo-wordpress\/ -->\n<title>BG36 - Bolsa de herramientas de inspecci\u00f3n - Fieldpiece Instruments<\/title>\n<meta name=\"robots\" content=\"index, follow, max-snippet:-1, max-image-preview:large, max-video-preview:-1\" \/>\n<link rel=\"canonical\" href=\"https:\/\/www.fieldpiece.com\/es\/producto\/bg36-inspection-tool-bag\/\" \/>\n<meta property=\"og:locale\" content=\"es_ES\" \/>\n<meta property=\"og:type\" content=\"article\" \/>\n<meta property=\"og:title\" content=\"BG36 - Bolsa de herramientas de inspecci\u00f3n - Fieldpiece Instruments\" \/>\n<meta property=\"og:description\" content=\"Cierre magn\u00e9tico de bloqueo r\u00e1pido Bolsillos aislados para instrumentos de prueba Base resistente protegida frente al mal tiempo Dise\u00f1o resistente ...\" \/>\n<meta property=\"og:url\" content=\"https:\/\/www.fieldpiece.com\/es\/producto\/bg36-inspection-tool-bag\/\" \/>\n<meta property=\"og:site_name\" content=\"Fieldpiece Instruments\" \/>\n<meta property=\"article:modified_time\" content=\"2023-04-27T07:17:18+00:00\" \/>\n<meta property=\"og:image\" content=\"https:\/\/resources.fieldpiece.com\/wp-content\/uploads\/2020\/11\/BG36-Web-01-v2.png\" \/>\n\t<meta property=\"og:image:width\" content=\"470\" \/>\n\t<meta property=\"og:image:height\" content=\"470\" \/>\n\t<meta property=\"og:image:type\" content=\"image\/png\" \/>\n<meta name=\"twitter:card\" content=\"summary_large_image\" \/>\n<meta name=\"twitter:label1\" content=\"Tiempo de lectura\" \/>\n\t<meta name=\"twitter:data1\" content=\"1 minuto\" \/>\n<script type=\"application\/ld+json\" class=\"yoast-schema-graph\">{\"@context\":\"https:\\\/\\\/schema.org\",\"@graph\":[{\"@type\":\"WebPage\",\"@id\":\"https:\\\/\\\/www.fieldpiece.com\\\/es\\\/producto\\\/bg36-inspection-tool-bag\\\/\",\"url\":\"https:\\\/\\\/www.fieldpiece.com\\\/es\\\/producto\\\/bg36-inspection-tool-bag\\\/\",\"name\":\"BG36 - Bolsa de herramientas de inspecci\u00f3n - Fieldpiece Instruments\",\"isPartOf\":{\"@id\":\"https:\\\/\\\/www.fieldpiece.com\\\/es\\\/#website\"},\"primaryImageOfPage\":{\"@id\":\"https:\\\/\\\/www.fieldpiece.com\\\/es\\\/producto\\\/bg36-inspection-tool-bag\\\/#primaryimage\"},\"image\":{\"@id\":\"https:\\\/\\\/www.fieldpiece.com\\\/es\\\/producto\\\/bg36-inspection-tool-bag\\\/#primaryimage\"},\"thumbnailUrl\":\"https:\\\/\\\/resources.fieldpiece.com\\\/wp-content\\\/uploads\\\/2020\\\/11\\\/BG36-Web-01-v2.png\",\"datePublished\":\"2023-04-26T12:45:59+00:00\",\"dateModified\":\"2023-04-27T07:17:18+00:00\",\"breadcrumb\":{\"@id\":\"https:\\\/\\\/www.fieldpiece.com\\\/es\\\/producto\\\/bg36-inspection-tool-bag\\\/#breadcrumb\"},\"inLanguage\":\"es\",\"potentialAction\":[{\"@type\":\"ReadAction\",\"target\":[\"https:\\\/\\\/www.fieldpiece.com\\\/es\\\/producto\\\/bg36-inspection-tool-bag\\\/\"]}]},{\"@type\":\"ImageObject\",\"inLanguage\":\"es\",\"@id\":\"https:\\\/\\\/www.fieldpiece.com\\\/es\\\/producto\\\/bg36-inspection-tool-bag\\\/#primaryimage\",\"url\":\"https:\\\/\\\/resources.fieldpiece.com\\\/wp-content\\\/uploads\\\/2020\\\/11\\\/BG36-Web-01-v2.png\",\"contentUrl\":\"https:\\\/\\\/resources.fieldpiece.com\\\/wp-content\\\/uploads\\\/2020\\\/11\\\/BG36-Web-01-v2.png\",\"width\":470,\"height\":470},{\"@type\":\"BreadcrumbList\",\"@id\":\"https:\\\/\\\/www.fieldpiece.com\\\/es\\\/producto\\\/bg36-inspection-tool-bag\\\/#breadcrumb\",\"itemListElement\":[{\"@type\":\"ListItem\",\"position\":1,\"name\":\"Home\",\"item\":\"https:\\\/\\\/www.fieldpiece.com\\\/es\\\/\"},{\"@type\":\"ListItem\",\"position\":2,\"name\":\"Shop\",\"item\":\"https:\\\/\\\/www.fieldpiece.com\\\/shop\\\/\"},{\"@type\":\"ListItem\",\"position\":3,\"name\":\"BG36 &#8211; Bolsa de herramientas de inspecci\u00f3n\"}]},{\"@type\":\"WebSite\",\"@id\":\"https:\\\/\\\/www.fieldpiece.com\\\/es\\\/#website\",\"url\":\"https:\\\/\\\/www.fieldpiece.com\\\/es\\\/\",\"name\":\"Fieldpiece Instruments\",\"description\":\"\",\"publisher\":{\"@id\":\"https:\\\/\\\/www.fieldpiece.com\\\/es\\\/#organization\"},\"potentialAction\":[{\"@type\":\"SearchAction\",\"target\":{\"@type\":\"EntryPoint\",\"urlTemplate\":\"https:\\\/\\\/www.fieldpiece.com\\\/es\\\/?s={search_term_string}\"},\"query-input\":{\"@type\":\"PropertyValueSpecification\",\"valueRequired\":true,\"valueName\":\"search_term_string\"}}],\"inLanguage\":\"es\"},{\"@type\":\"Organization\",\"@id\":\"https:\\\/\\\/www.fieldpiece.com\\\/es\\\/#organization\",\"name\":\"Fieldpiece Instruments\",\"url\":\"https:\\\/\\\/www.fieldpiece.com\\\/es\\\/\",\"logo\":{\"@type\":\"ImageObject\",\"inLanguage\":\"es\",\"@id\":\"https:\\\/\\\/www.fieldpiece.com\\\/es\\\/#\\\/schema\\\/logo\\\/image\\\/\",\"url\":\"https:\\\/\\\/resources.fieldpiece.com\\\/wp-content\\\/uploads\\\/2021\\\/02\\\/Logos-490x358-1.jpg\",\"contentUrl\":\"https:\\\/\\\/resources.fieldpiece.com\\\/wp-content\\\/uploads\\\/2021\\\/02\\\/Logos-490x358-1.jpg\",\"width\":490,\"height\":358,\"caption\":\"Fieldpiece Instruments\"},\"image\":{\"@id\":\"https:\\\/\\\/www.fieldpiece.com\\\/es\\\/#\\\/schema\\\/logo\\\/image\\\/\"}}]}<\/script>\n<!-- \/ Yoast SEO plugin. -->","yoast_head_json":{"title":"BG36 - Bolsa de herramientas de inspecci\u00f3n - Fieldpiece Instruments","robots":{"index":"index","follow":"follow","max-snippet":"max-snippet:-1","max-image-preview":"max-image-preview:large","max-video-preview":"max-video-preview:-1"},"canonical":"https:\/\/www.fieldpiece.com\/es\/producto\/bg36-inspection-tool-bag\/","og_locale":"es_ES","og_type":"article","og_title":"BG36 - Bolsa de herramientas de inspecci\u00f3n - Fieldpiece Instruments","og_description":"Cierre magn\u00e9tico de bloqueo r\u00e1pido Bolsillos aislados para instrumentos de prueba Base resistente protegida frente al mal tiempo Dise\u00f1o resistente ...","og_url":"https:\/\/www.fieldpiece.com\/es\/producto\/bg36-inspection-tool-bag\/","og_site_name":"Fieldpiece Instruments","article_modified_time":"2023-04-27T07:17:18+00:00","og_image":[{"width":470,"height":470,"url":"https:\/\/resources.fieldpiece.com\/wp-content\/uploads\/2020\/11\/BG36-Web-01-v2.png","type":"image\/png"}],"twitter_card":"summary_large_image","twitter_misc":{"Tiempo de lectura":"1 minuto"},"schema":{"@context":"https:\/\/schema.org","@graph":[{"@type":"WebPage","@id":"https:\/\/www.fieldpiece.com\/es\/producto\/bg36-inspection-tool-bag\/","url":"https:\/\/www.fieldpiece.com\/es\/producto\/bg36-inspection-tool-bag\/","name":"BG36 - Bolsa de herramientas de inspecci\u00f3n - Fieldpiece Instruments","isPartOf":{"@id":"https:\/\/www.fieldpiece.com\/es\/#website"},"primaryImageOfPage":{"@id":"https:\/\/www.fieldpiece.com\/es\/producto\/bg36-inspection-tool-bag\/#primaryimage"},"image":{"@id":"https:\/\/www.fieldpiece.com\/es\/producto\/bg36-inspection-tool-bag\/#primaryimage"},"thumbnailUrl":"https:\/\/resources.fieldpiece.com\/wp-content\/uploads\/2020\/11\/BG36-Web-01-v2.png","datePublished":"2023-04-26T12:45:59+00:00","dateModified":"2023-04-27T07:17:18+00:00","breadcrumb":{"@id":"https:\/\/www.fieldpiece.com\/es\/producto\/bg36-inspection-tool-bag\/#breadcrumb"},"inLanguage":"es","potentialAction":[{"@type":"ReadAction","target":["https:\/\/www.fieldpiece.com\/es\/producto\/bg36-inspection-tool-bag\/"]}]},{"@type":"ImageObject","inLanguage":"es","@id":"https:\/\/www.fieldpiece.com\/es\/producto\/bg36-inspection-tool-bag\/#primaryimage","url":"https:\/\/resources.fieldpiece.com\/wp-content\/uploads\/2020\/11\/BG36-Web-01-v2.png","contentUrl":"https:\/\/resources.fieldpiece.com\/wp-content\/uploads\/2020\/11\/BG36-Web-01-v2.png","width":470,"height":470},{"@type":"BreadcrumbList","@id":"https:\/\/www.fieldpiece.com\/es\/producto\/bg36-inspection-tool-bag\/#breadcrumb","itemListElement":[{"@type":"ListItem","position":1,"name":"Home","item":"https:\/\/www.fieldpiece.com\/es\/"},{"@type":"ListItem","position":2,"name":"Shop","item":"https:\/\/www.fieldpiece.com\/shop\/"},{"@type":"ListItem","position":3,"name":"BG36 &#8211; Bolsa de herramientas de inspecci\u00f3n"}]},{"@type":"WebSite","@id":"https:\/\/www.fieldpiece.com\/es\/#website","url":"https:\/\/www.fieldpiece.com\/es\/","name":"Fieldpiece Instruments","description":"","publisher":{"@id":"https:\/\/www.fieldpiece.com\/es\/#organization"},"potentialAction":[{"@type":"SearchAction","target":{"@type":"EntryPoint","urlTemplate":"https:\/\/www.fieldpiece.com\/es\/?s={search_term_string}"},"query-input":{"@type":"PropertyValueSpecification","valueRequired":true,"valueName":"search_term_string"}}],"inLanguage":"es"},{"@type":"Organization","@id":"https:\/\/www.fieldpiece.com\/es\/#organization","name":"Fieldpiece Instruments","url":"https:\/\/www.fieldpiece.com\/es\/","logo":{"@type":"ImageObject","inLanguage":"es","@id":"https:\/\/www.fieldpiece.com\/es\/#\/schema\/logo\/image\/","url":"https:\/\/resources.fieldpiece.com\/wp-content\/uploads\/2021\/02\/Logos-490x358-1.jpg","contentUrl":"https:\/\/resources.fieldpiece.com\/wp-content\/uploads\/2021\/02\/Logos-490x358-1.jpg","width":490,"height":358,"caption":"Fieldpiece Instruments"},"image":{"@id":"https:\/\/www.fieldpiece.com\/es\/#\/schema\/logo\/image\/"}}]}},"_links":{"self":[{"href":"https:\/\/www.fieldpiece.com\/es\/wp-json\/wp\/v2\/product\/29712","targetHints":{"allow":["GET"]}}],"collection":[{"href":"https:\/\/www.fieldpiece.com\/es\/wp-json\/wp\/v2\/product"}],"about":[{"href":"https:\/\/www.fieldpiece.com\/es\/wp-json\/wp\/v2\/types\/product"}],"replies":[{"embeddable":true,"href":"https:\/\/www.fieldpiece.com\/es\/wp-json\/wp\/v2\/comments?post=29712"}],"wp:featuredmedia":[{"embeddable":true,"href":"https:\/\/www.fieldpiece.com\/es\/wp-json\/wp\/v2\/media\/118742"}],"wp:attachment":[{"href":"https:\/\/www.fieldpiece.com\/es\/wp-json\/wp\/v2\/media?parent=29712"}],"wp:term":[{"taxonomy":"product_brand","embeddable":true,"href":"https:\/\/www.fieldpiece.com\/es\/wp-json\/wp\/v2\/product_brand?post=29712"},{"taxonomy":"product_cat","embeddable":true,"href":"https:\/\/www.fieldpiece.com\/es\/wp-json\/wp\/v2\/product_cat?post=29712"},{"taxonomy":"product_tag","embeddable":true,"href":"https:\/\/www.fieldpiece.com\/es\/wp-json\/wp\/v2\/product_tag?post=29712"}],"curies":[{"name":"wp","href":"https:\/\/api.w.org\/{rel}","templated":true}]}}