	{"id":29640,"date":"2020-11-02T11:30:44","date_gmt":"2020-11-02T11:30:44","guid":{"rendered":"https:\/\/www.fieldpiece.com\/product\/jl3kr4-job-link-probes-charge-kit\/"},"modified":"2023-04-27T00:16:54","modified_gmt":"2023-04-27T07:16:54","slug":"jl3kr4-job-link-probes-charge-kit","status":"publish","type":"product","link":"https:\/\/www.fieldpiece.com\/es\/producto\/jl3kr4-job-link-probes-charge-kit\/","title":{"rendered":"JL3KR4 &#8211; Kit de carga de sondas del sistema Job Link\u00ae"},"content":{"rendered":"<p>Se conecta directamente a un dispositivo m\u00f3vil con la aplicaci\u00f3n del sistema Job Link<br \/>\nMediciones de temperatura r\u00e1pidas y precisas con la nueva tecnolog\u00eda Rapid Rail<br \/>\nCalibraci\u00f3n autom\u00e1tica de presiones a cualquier altura<br \/>\nExcelente para sistemas con carga cr\u00edtica <\/p>\n<p>Conecte dos sondas de presi\u00f3n y dos pinzas de temperatura para tuber\u00edas para ver inmediatamente la carga del sistema en su aplicaci\u00f3n m\u00f3vil del sistema Job Link\u00ae.\u00a0 Determine f\u00e1cilmente si la unidad funciona correctamente o si es necesario solucionar problemas en ella.\u00a0 Todas las mediciones se pueden enviar a distancias de hasta 106 metros (350 pies), directamente a su dispositivo m\u00f3vil.\u00a0 Todas las herramientas se han dise\u00f1ado para maximizar su agilidad y velocidad. La sonda de presi\u00f3n permite acceder a espacios reducidos. La pinza para tuber\u00edas utiliza el nuevo dise\u00f1o de sensor Rapid Rail\u2122, que proporciona exactitud, velocidad y agilidad incluso en las configuraciones de tuber\u00edas m\u00e1s complejas. \u00a1Aumente su eficiencia con las sondas de Job Link! <\/p>\n<p>Se\u00f1al inal\u00e1mbrica potente  <\/p>\n<ul>\n<li>\u00a0\u00a0 \u00a0Alcance de la se\u00f1al inal\u00e1mbrica de hasta 106 metros (350 pies) <\/li>\n<li>\u00a0\u00a0 \u00a0Lo suficientemente potente como para atravesar la mayor\u00eda de c\u00e1maras frigor\u00edficas y congeladores <\/li>\n<li>\u00a0\u00a0 \u00a0Transmite directamente a su dispositivo m\u00f3vil <\/li>\n<\/ul>\n<p>Ventajas del sensor Rapid Rail\u2122  <\/p>\n<ul>\n<li>\u00a0\u00a0 \u00a0Se estabiliza en menos de 5 segundos <\/li>\n<li>\u00a0\u00a0 \u00a0El avisador ac\u00fastico y el LED indican una conexi\u00f3n exacta <\/li>\n<li>\u00a0\u00a0 \u00a0El sensor Rapid Rail\u2122 utiliza la tuber\u00eda para completar el circuito, de modo que las condiciones ambientales no afectan a la medici\u00f3n <\/li>\n<li>\u00a0\u00a0 \u00a0Su pinza estrecha se acopla en espacios reducidos y a tuber\u00edas de forma irregular <\/li>\n<\/ul>\n<p>Valores de presi\u00f3n confiables independientemente de su ubicaci\u00f3n  <\/p>\n<ul>\n<li>\u00a0\u00a0 \u00a0La conexi\u00f3n en \u00e1ngulo de 45\u00b0 se acopla f\u00e1cilmente en espacios reducidos <\/li>\n<li>\u00a0\u00a0 \u00a0Los sensores de presi\u00f3n son exactos a cualquier altura <\/li>\n<li>\u00a0\u00a0 \u00a0Calibraci\u00f3n autom\u00e1tica durante el encendido <\/li>\n<\/ul>\n<p>Incluye:  <\/p>\n<ul>\n<li>2 sondas de pinza para tuber\u00edas premium de Job Link JL3PC <\/li>\n<li>2 sondas de presi\u00f3n de Job Link JL3PR <\/li>\n<li>Estuche protector ANC18 <\/li>\n<li>2 pilas AAA por sonda (8 en total) <\/li>\n<\/ul>\n","protected":false},"excerpt":{"rendered":"<p>Se conecta directamente a un dispositivo m\u00f3vil con la aplicaci\u00f3n del sistema Job Link Mediciones de temperatura r\u00e1pidas y precisas con la nueva tecnolog\u00eda Rapid Rail Calibraci\u00f3n autom\u00e1tica de presiones a cualquier altura Excelente para sistemas con carga cr\u00edtica Conecte dos sondas de presi\u00f3n y dos pinzas de temperatura para tuber\u00edas para ver inmediatamente la carga del sistema en su aplicaci\u00f3n m\u00f3vil del sistema Job Link\u00ae.<\/p>\n","protected":false},"featured_media":26915,"comment_status":"open","ping_status":"closed","template":"","meta":{"_acf_changed":false},"product_brand":[],"product_cat":[207,233],"product_tag":[],"class_list":{"0":"post-29640","1":"product","2":"type-product","3":"status-publish","4":"has-post-thumbnail","6":"product_cat-job-link-system-es","7":"product_cat-probes-es","9":"first","10":"instock","11":"shipping-taxable","12":"product-type-simple"},"acf":[],"yoast_head":"<!-- This site is optimized with the Yoast SEO plugin v27.2 - https:\/\/yoast.com\/product\/yoast-seo-wordpress\/ -->\n<title>JL3KR4 - Kit de carga de sondas del sistema Job Link\u00ae - Fieldpiece Instruments<\/title>\n<meta name=\"robots\" content=\"index, follow, max-snippet:-1, max-image-preview:large, max-video-preview:-1\" \/>\n<link rel=\"canonical\" href=\"https:\/\/www.fieldpiece.com\/es\/producto\/jl3kr4-job-link-probes-charge-kit\/\" \/>\n<meta property=\"og:locale\" content=\"es_ES\" \/>\n<meta property=\"og:type\" content=\"article\" \/>\n<meta property=\"og:title\" content=\"JL3KR4 - Kit de carga de sondas del sistema Job Link\u00ae - Fieldpiece Instruments\" \/>\n<meta property=\"og:description\" content=\"Se conecta directamente a un dispositivo m\u00f3vil con la aplicaci\u00f3n del sistema Job Link Mediciones de temperatura r\u00e1pidas y precisas con la nueva tecnolog\u00eda Rapid Rail Calibraci\u00f3n autom\u00e1tica de presiones a cualquier altura Excelente para sistemas con carga cr\u00edtica Conecte dos sondas de presi\u00f3n y dos pinzas de temperatura para tuber\u00edas para ver inmediatamente la carga del sistema en su aplicaci\u00f3n m\u00f3vil del sistema Job Link\u00ae.\" \/>\n<meta property=\"og:url\" content=\"https:\/\/www.fieldpiece.com\/es\/producto\/jl3kr4-job-link-probes-charge-kit\/\" \/>\n<meta property=\"og:site_name\" content=\"Fieldpiece Instruments\" \/>\n<meta property=\"article:modified_time\" content=\"2023-04-27T07:16:54+00:00\" \/>\n<meta property=\"og:image\" content=\"https:\/\/resources.fieldpiece.com\/wp-content\/uploads\/2021\/01\/JL3-Probes-470x470-05.png\" \/>\n\t<meta property=\"og:image:width\" content=\"470\" \/>\n\t<meta property=\"og:image:height\" content=\"470\" \/>\n\t<meta property=\"og:image:type\" content=\"image\/png\" \/>\n<meta name=\"twitter:card\" content=\"summary_large_image\" \/>\n<meta name=\"twitter:label1\" content=\"Tiempo de lectura\" \/>\n\t<meta name=\"twitter:data1\" content=\"2 minutos\" \/>\n<script type=\"application\/ld+json\" class=\"yoast-schema-graph\">{\"@context\":\"https:\/\/schema.org\",\"@graph\":[{\"@type\":\"WebPage\",\"@id\":\"https:\/\/www.fieldpiece.com\/es\/producto\/jl3kr4-job-link-probes-charge-kit\/\",\"url\":\"https:\/\/www.fieldpiece.com\/es\/producto\/jl3kr4-job-link-probes-charge-kit\/\",\"name\":\"JL3KR4 - Kit de carga de sondas del sistema Job Link\u00ae - Fieldpiece Instruments\",\"isPartOf\":{\"@id\":\"https:\/\/www.fieldpiece.com\/es\/#website\"},\"primaryImageOfPage\":{\"@id\":\"https:\/\/www.fieldpiece.com\/es\/producto\/jl3kr4-job-link-probes-charge-kit\/#primaryimage\"},\"image\":{\"@id\":\"https:\/\/www.fieldpiece.com\/es\/producto\/jl3kr4-job-link-probes-charge-kit\/#primaryimage\"},\"thumbnailUrl\":\"https:\/\/resources.fieldpiece.com\/wp-content\/uploads\/2021\/01\/JL3-Probes-470x470-05.png\",\"datePublished\":\"2020-11-02T11:30:44+00:00\",\"dateModified\":\"2023-04-27T07:16:54+00:00\",\"breadcrumb\":{\"@id\":\"https:\/\/www.fieldpiece.com\/es\/producto\/jl3kr4-job-link-probes-charge-kit\/#breadcrumb\"},\"inLanguage\":\"es\",\"potentialAction\":[{\"@type\":\"ReadAction\",\"target\":[\"https:\/\/www.fieldpiece.com\/es\/producto\/jl3kr4-job-link-probes-charge-kit\/\"]}]},{\"@type\":\"ImageObject\",\"inLanguage\":\"es\",\"@id\":\"https:\/\/www.fieldpiece.com\/es\/producto\/jl3kr4-job-link-probes-charge-kit\/#primaryimage\",\"url\":\"https:\/\/resources.fieldpiece.com\/wp-content\/uploads\/2021\/01\/JL3-Probes-470x470-05.png\",\"contentUrl\":\"https:\/\/resources.fieldpiece.com\/wp-content\/uploads\/2021\/01\/JL3-Probes-470x470-05.png\",\"width\":470,\"height\":470,\"caption\":\"JL3KR4 - Job Link\u00ae Wireless System Probe Charge Kit\"},{\"@type\":\"BreadcrumbList\",\"@id\":\"https:\/\/www.fieldpiece.com\/es\/producto\/jl3kr4-job-link-probes-charge-kit\/#breadcrumb\",\"itemListElement\":[{\"@type\":\"ListItem\",\"position\":1,\"name\":\"Home\",\"item\":\"https:\/\/www.fieldpiece.com\/es\/\"},{\"@type\":\"ListItem\",\"position\":2,\"name\":\"Shop\",\"item\":\"https:\/\/www.fieldpiece.com\/shop\/\"},{\"@type\":\"ListItem\",\"position\":3,\"name\":\"JL3KR4 &#8211; Kit de carga de sondas del sistema Job Link\u00ae\"}]},{\"@type\":\"WebSite\",\"@id\":\"https:\/\/www.fieldpiece.com\/es\/#website\",\"url\":\"https:\/\/www.fieldpiece.com\/es\/\",\"name\":\"Fieldpiece Instruments\",\"description\":\"\",\"publisher\":{\"@id\":\"https:\/\/www.fieldpiece.com\/es\/#organization\"},\"potentialAction\":[{\"@type\":\"SearchAction\",\"target\":{\"@type\":\"EntryPoint\",\"urlTemplate\":\"https:\/\/www.fieldpiece.com\/es\/?s={search_term_string}\"},\"query-input\":{\"@type\":\"PropertyValueSpecification\",\"valueRequired\":true,\"valueName\":\"search_term_string\"}}],\"inLanguage\":\"es\"},{\"@type\":\"Organization\",\"@id\":\"https:\/\/www.fieldpiece.com\/es\/#organization\",\"name\":\"Fieldpiece Instruments\",\"url\":\"https:\/\/www.fieldpiece.com\/es\/\",\"logo\":{\"@type\":\"ImageObject\",\"inLanguage\":\"es\",\"@id\":\"https:\/\/www.fieldpiece.com\/es\/#\/schema\/logo\/image\/\",\"url\":\"https:\/\/resources.fieldpiece.com\/wp-content\/uploads\/2021\/02\/Logos-490x358-1.jpg\",\"contentUrl\":\"https:\/\/resources.fieldpiece.com\/wp-content\/uploads\/2021\/02\/Logos-490x358-1.jpg\",\"width\":490,\"height\":358,\"caption\":\"Fieldpiece Instruments\"},\"image\":{\"@id\":\"https:\/\/www.fieldpiece.com\/es\/#\/schema\/logo\/image\/\"}}]}<\/script>\n<!-- \/ Yoast SEO plugin. -->","yoast_head_json":{"title":"JL3KR4 - Kit de carga de sondas del sistema Job Link\u00ae - Fieldpiece Instruments","robots":{"index":"index","follow":"follow","max-snippet":"max-snippet:-1","max-image-preview":"max-image-preview:large","max-video-preview":"max-video-preview:-1"},"canonical":"https:\/\/www.fieldpiece.com\/es\/producto\/jl3kr4-job-link-probes-charge-kit\/","og_locale":"es_ES","og_type":"article","og_title":"JL3KR4 - Kit de carga de sondas del sistema Job Link\u00ae - Fieldpiece Instruments","og_description":"Se conecta directamente a un dispositivo m\u00f3vil con la aplicaci\u00f3n del sistema Job Link Mediciones de temperatura r\u00e1pidas y precisas con la nueva tecnolog\u00eda Rapid Rail Calibraci\u00f3n autom\u00e1tica de presiones a cualquier altura Excelente para sistemas con carga cr\u00edtica Conecte dos sondas de presi\u00f3n y dos pinzas de temperatura para tuber\u00edas para ver inmediatamente la carga del sistema en su aplicaci\u00f3n m\u00f3vil del sistema Job Link\u00ae.","og_url":"https:\/\/www.fieldpiece.com\/es\/producto\/jl3kr4-job-link-probes-charge-kit\/","og_site_name":"Fieldpiece Instruments","article_modified_time":"2023-04-27T07:16:54+00:00","og_image":[{"width":470,"height":470,"url":"https:\/\/resources.fieldpiece.com\/wp-content\/uploads\/2021\/01\/JL3-Probes-470x470-05.png","type":"image\/png"}],"twitter_card":"summary_large_image","twitter_misc":{"Tiempo de lectura":"2 minutos"},"schema":{"@context":"https:\/\/schema.org","@graph":[{"@type":"WebPage","@id":"https:\/\/www.fieldpiece.com\/es\/producto\/jl3kr4-job-link-probes-charge-kit\/","url":"https:\/\/www.fieldpiece.com\/es\/producto\/jl3kr4-job-link-probes-charge-kit\/","name":"JL3KR4 - Kit de carga de sondas del sistema Job Link\u00ae - Fieldpiece Instruments","isPartOf":{"@id":"https:\/\/www.fieldpiece.com\/es\/#website"},"primaryImageOfPage":{"@id":"https:\/\/www.fieldpiece.com\/es\/producto\/jl3kr4-job-link-probes-charge-kit\/#primaryimage"},"image":{"@id":"https:\/\/www.fieldpiece.com\/es\/producto\/jl3kr4-job-link-probes-charge-kit\/#primaryimage"},"thumbnailUrl":"https:\/\/resources.fieldpiece.com\/wp-content\/uploads\/2021\/01\/JL3-Probes-470x470-05.png","datePublished":"2020-11-02T11:30:44+00:00","dateModified":"2023-04-27T07:16:54+00:00","breadcrumb":{"@id":"https:\/\/www.fieldpiece.com\/es\/producto\/jl3kr4-job-link-probes-charge-kit\/#breadcrumb"},"inLanguage":"es","potentialAction":[{"@type":"ReadAction","target":["https:\/\/www.fieldpiece.com\/es\/producto\/jl3kr4-job-link-probes-charge-kit\/"]}]},{"@type":"ImageObject","inLanguage":"es","@id":"https:\/\/www.fieldpiece.com\/es\/producto\/jl3kr4-job-link-probes-charge-kit\/#primaryimage","url":"https:\/\/resources.fieldpiece.com\/wp-content\/uploads\/2021\/01\/JL3-Probes-470x470-05.png","contentUrl":"https:\/\/resources.fieldpiece.com\/wp-content\/uploads\/2021\/01\/JL3-Probes-470x470-05.png","width":470,"height":470,"caption":"JL3KR4 - Job Link\u00ae Wireless System Probe Charge Kit"},{"@type":"BreadcrumbList","@id":"https:\/\/www.fieldpiece.com\/es\/producto\/jl3kr4-job-link-probes-charge-kit\/#breadcrumb","itemListElement":[{"@type":"ListItem","position":1,"name":"Home","item":"https:\/\/www.fieldpiece.com\/es\/"},{"@type":"ListItem","position":2,"name":"Shop","item":"https:\/\/www.fieldpiece.com\/shop\/"},{"@type":"ListItem","position":3,"name":"JL3KR4 &#8211; Kit de carga de sondas del sistema Job Link\u00ae"}]},{"@type":"WebSite","@id":"https:\/\/www.fieldpiece.com\/es\/#website","url":"https:\/\/www.fieldpiece.com\/es\/","name":"Fieldpiece Instruments","description":"","publisher":{"@id":"https:\/\/www.fieldpiece.com\/es\/#organization"},"potentialAction":[{"@type":"SearchAction","target":{"@type":"EntryPoint","urlTemplate":"https:\/\/www.fieldpiece.com\/es\/?s={search_term_string}"},"query-input":{"@type":"PropertyValueSpecification","valueRequired":true,"valueName":"search_term_string"}}],"inLanguage":"es"},{"@type":"Organization","@id":"https:\/\/www.fieldpiece.com\/es\/#organization","name":"Fieldpiece Instruments","url":"https:\/\/www.fieldpiece.com\/es\/","logo":{"@type":"ImageObject","inLanguage":"es","@id":"https:\/\/www.fieldpiece.com\/es\/#\/schema\/logo\/image\/","url":"https:\/\/resources.fieldpiece.com\/wp-content\/uploads\/2021\/02\/Logos-490x358-1.jpg","contentUrl":"https:\/\/resources.fieldpiece.com\/wp-content\/uploads\/2021\/02\/Logos-490x358-1.jpg","width":490,"height":358,"caption":"Fieldpiece Instruments"},"image":{"@id":"https:\/\/www.fieldpiece.com\/es\/#\/schema\/logo\/image\/"}}]}},"_links":{"self":[{"href":"https:\/\/www.fieldpiece.com\/es\/wp-json\/wp\/v2\/product\/29640","targetHints":{"allow":["GET"]}}],"collection":[{"href":"https:\/\/www.fieldpiece.com\/es\/wp-json\/wp\/v2\/product"}],"about":[{"href":"https:\/\/www.fieldpiece.com\/es\/wp-json\/wp\/v2\/types\/product"}],"replies":[{"embeddable":true,"href":"https:\/\/www.fieldpiece.com\/es\/wp-json\/wp\/v2\/comments?post=29640"}],"wp:featuredmedia":[{"embeddable":true,"href":"https:\/\/www.fieldpiece.com\/es\/wp-json\/wp\/v2\/media\/26915"}],"wp:attachment":[{"href":"https:\/\/www.fieldpiece.com\/es\/wp-json\/wp\/v2\/media?parent=29640"}],"wp:term":[{"taxonomy":"product_brand","embeddable":true,"href":"https:\/\/www.fieldpiece.com\/es\/wp-json\/wp\/v2\/product_brand?post=29640"},{"taxonomy":"product_cat","embeddable":true,"href":"https:\/\/www.fieldpiece.com\/es\/wp-json\/wp\/v2\/product_cat?post=29640"},{"taxonomy":"product_tag","embeddable":true,"href":"https:\/\/www.fieldpiece.com\/es\/wp-json\/wp\/v2\/product_tag?post=29640"}],"curies":[{"name":"wp","href":"https:\/\/api.w.org\/{rel}","templated":true}]}}