	{"id":29566,"date":"2020-11-02T11:30:38","date_gmt":"2020-11-02T11:30:38","guid":{"rendered":"https:\/\/www.fieldpiece.com\/product\/jl3kh6-job-link-probes-charging-and-air-kit\/"},"modified":"2023-04-27T00:15:07","modified_gmt":"2023-04-27T07:15:07","slug":"jl3kh6-job-link-probes-charging-and-air-kit","status":"publish","type":"product","link":"https:\/\/www.fieldpiece.com\/es\/producto\/jl3kh6-job-link-probes-charging-and-air-kit\/","title":{"rendered":"JL3KH6 &#8211; Kit de carga y aire del sistema Job Link\u00ae"},"content":{"rendered":"<p>Se conecta directamente a un dispositivo m\u00f3vil con la aplicaci\u00f3n del sistema Job Link<br \/>\nMediciones de temperatura r\u00e1pidas y precisas con la nueva tecnolog\u00eda Rapid Rail<br \/>\nCalibraci\u00f3n autom\u00e1tica de presiones a cualquier altura<br \/>\nPsicr\u00f3metros configurables con sondas flexibles e im\u00e1n deslizante <\/p>\n<p>Consulte el estado de todo el sistema de manera f\u00e1cil y r\u00e1pida con el kit de prueba de carga y aire JL3KH6. El kit est\u00e1 formado por 2 sondas de presi\u00f3n, 2 pinzas para <img decoding=\"async\" style=\"float: right;\" src=\"https:\/\/resources.fieldpiece.com\/wp-content\/uploads\/2021\/06\/JLScreenIphone.png\" alt=\"\" \/>tuber\u00edas y 2 psicr\u00f3metros, almacenados en un estuche acolchado de acceso r\u00e1pido. Todas las mediciones se pueden enviar hasta a 106 metros (350 pies) de distancia directamente a su dispositivo m\u00f3vil con la aplicaci\u00f3n m\u00f3vil del sistema Job Link\u00ae. Cada herramienta ha sido dise\u00f1ada para ofrecer la m\u00e1xima agilidad y velocidad. Las sondas de presi\u00f3n permiten acceder a espacios reducidos. Las pinzas para tuber\u00edas utilizan el nuevo dise\u00f1o de sensor Rapid Rail\u2122, que proporciona exactitud, velocidad y agilidad incluso en las configuraciones de tuber\u00edas m\u00e1s complejas. Las sondas estrechas flexibles y el im\u00e1n configurable de los psicr\u00f3metros facilitan la medici\u00f3n en c\u00e1maras de alimentaci\u00f3n, conductos y registros elevados. \u00a1Aumente su eficiencia con las sondas de Job Link! <\/p>\n<p>ESPECIFICACIONES <\/p>\n<p>Alcance inal\u00e1mbrico:\u00a0\u00a0\u00a0 106 m (350 pies) o m\u00e1s<br \/>\nFrecuencia inal\u00e1mbrica: \u00a0\u00a0 2,4 GHz<br \/>\nPilas:\u00a0\u00a0\u00a0 2 x AAA (incluidas)<br \/>\nDuraci\u00f3n de las pilas:\u00a0\u00a0\u00a0 t\u00edpica 150 h (alcalinas)<br \/>\nDesconexi\u00f3n autom\u00e1tica:\u00a0\u00a0\u00a0 2 h (puede desactivarse)<br \/>\nRequisitos m\u00ednimos del dispositivo: \u00a0\u00a0 Dispositivos BLE 4.0 con iOS\u00ae 7.0 o Android<sup>TM<\/sup> 5.0  <\/p>\n<p><strong>Sonda de presi\u00f3n de Job Link JL3PR<\/strong><br \/>\nTipo de conector:\u00a0\u00a0\u00a0 1\/4\u201d NPT hembra abocinado (flare) 45\u00ba est\u00e1ndar<br \/>\nExactitud m\u00e1xima:\u00a0\u00a0\u00a0 \u00b11 psig (\u00b17 kPa)<br \/>\nIntervalo de medici\u00f3n:\u00a0\u00a0\u00a0 de 0 a 580 psig (de 0 a 4000 kPa)<br \/>\nSobrecarga m\u00e1xima:\u00a0\u00a0\u00a0 800 psig (5500 kPa)<br \/>\nResistente al agua:\u00a0\u00a0\u00a0 dise\u00f1ado para IP55  <\/p>\n<p><strong>Sonda de pinza para tuber\u00edas premium de Job Link: JL3PC <\/strong><br \/>\n Tuber\u00edas compatibles:\u00a0\u00a0\u00a0 el\u00e9ctricamente conductoras con di\u00e1metro de 6,4 mm a 34,9 mm (de 1\/4\u201d a 1 3\/8\u201d).<br \/>\nExactitud:\u00a0\u00a0\u00a0 \u00b10,6 \u00b0C (\u00b11 \u00b0F)<br \/>\nIntervalo de medici\u00f3n:\u00a0\u00a0\u00a0 de -46 \u00b0C a 125 \u00b0C (de -50 \u00b0F a 257 \u00b0F)<br \/>\nTiempo de estabilizaci\u00f3n:\u00a0\u00a0\u00a0 t\u00edpico 3 segundos<br \/>\nRetroalimentaci\u00f3n de medici\u00f3n:\u00a0\u00a0\u00a0 avisador ac\u00fastico y LED<br \/>\nResistente al agua:\u00a0\u00a0\u00a0 dise\u00f1ado para IP55<br \/>\nPatente:\u00a0\u00a0\u00a0 pendiente <\/p>\n<p><strong> Sonda para psicr\u00f3metro flexible de Job Link JL3RH<\/strong><br \/>\nSonda flexible:\u00a0\u00a0\u00a0 9 mm (0,36\u201d) de di\u00e1metro, 235 mm (9,25\u201d) de longitud<br \/>\nExactitud m\u00e1xima:\u00a0\u00a0\u00a0 \u00b10,6 \u00b0C (\u00b11 \u00b0F), HR (humedad relativa) \u00b1 2,5 %<br \/>\nIntervalos de medici\u00f3n:\u00a0\u00a0\u00a0 de -20 \u00b0C a 60 \u00b0C (de -4 \u00b0F a 140 \u00b0F), <span data-sheets-value=\"{&quot;1&quot;:2,&quot;2&quot;:&quot;porcentaje de humedad relativa de 0 % a 100 % &quot;}\" data-sheets-userformat=\"{&quot;2&quot;:12732,&quot;5&quot;:{&quot;1&quot;:[{&quot;1&quot;:2,&quot;2&quot;:0,&quot;5&quot;:{&quot;1&quot;:2,&quot;2&quot;:0}},{&quot;1&quot;:0,&quot;2&quot;:0,&quot;3&quot;:3},{&quot;1&quot;:1,&quot;2&quot;:0,&quot;4&quot;:1}]},&quot;6&quot;:{&quot;1&quot;:[{&quot;1&quot;:2,&quot;2&quot;:0,&quot;5&quot;:{&quot;1&quot;:2,&quot;2&quot;:0}},{&quot;1&quot;:0,&quot;2&quot;:0,&quot;3&quot;:3},{&quot;1&quot;:1,&quot;2&quot;:0,&quot;4&quot;:1}]},&quot;7&quot;:{&quot;1&quot;:[{&quot;1&quot;:2,&quot;2&quot;:0,&quot;5&quot;:{&quot;1&quot;:2,&quot;2&quot;:0}},{&quot;1&quot;:0,&quot;2&quot;:0,&quot;3&quot;:3},{&quot;1&quot;:1,&quot;2&quot;:0,&quot;4&quot;:1}]},&quot;8&quot;:{&quot;1&quot;:[{&quot;1&quot;:2,&quot;2&quot;:0,&quot;5&quot;:{&quot;1&quot;:2,&quot;2&quot;:0}},{&quot;1&quot;:0,&quot;2&quot;:0,&quot;3&quot;:3},{&quot;1&quot;:1,&quot;2&quot;:0,&quot;4&quot;:1}]},&quot;10&quot;:2,&quot;11&quot;:4,&quot;15&quot;:&quot;Calibri&quot;,&quot;16&quot;:11}\">HR (humedad relativa) 0 % a 100 % <\/span><\/p>\n<p>Incluye:  <\/p>\n<ul>\n<li>2 sondas de temperatura para tuber\u00edas de Job Link <\/li>\n<li>2 sondas de presi\u00f3n de Job Link <\/li>\n<li>2 sondas de psicr\u00f3metro de Job Link <\/li>\n<li>Estuche de transporte acolchado <\/li>\n<li>2 pilas AAA por sonda (12 en total) <\/li>\n<\/ul>\n","protected":false},"excerpt":{"rendered":"<p>Se conecta directamente a un dispositivo m\u00f3vil con la aplicaci\u00f3n del sistema Job Link Mediciones de temperatura r\u00e1pidas y precisas con la nueva tecnolog\u00eda Rapid Rail Calibraci\u00f3n autom\u00e1tica de presiones a cualquier altura Psicr\u00f3metros configurables con sondas flexibles e im\u00e1n deslizante<br \/>\nConsulte el estado de todo el sistema de manera f\u00e1cil y r\u00e1pida con el kit de prueba de carga y aire JL3KH6.<\/p>\n","protected":false},"featured_media":29580,"comment_status":"open","ping_status":"closed","template":"","meta":{"_acf_changed":false},"product_brand":[],"product_cat":[125,207,233],"product_tag":[],"class_list":{"0":"post-29566","1":"product","2":"type-product","3":"status-publish","4":"has-post-thumbnail","6":"product_cat-air-flow-and-temp-rh-esss","7":"product_cat-job-link-system-es","8":"product_cat-probes-es","10":"first","11":"instock","12":"shipping-taxable","13":"product-type-simple"},"acf":[],"yoast_head":"<!-- This site is optimized with the Yoast SEO plugin v27.2 - https:\/\/yoast.com\/product\/yoast-seo-wordpress\/ -->\n<title>JL3KH6 - Kit de carga y aire del sistema Job Link\u00ae - Fieldpiece Instruments<\/title>\n<meta name=\"robots\" content=\"index, follow, max-snippet:-1, max-image-preview:large, max-video-preview:-1\" \/>\n<link rel=\"canonical\" href=\"https:\/\/www.fieldpiece.com\/es\/producto\/jl3kh6-job-link-probes-charging-and-air-kit\/\" \/>\n<meta property=\"og:locale\" content=\"es_ES\" \/>\n<meta property=\"og:type\" content=\"article\" \/>\n<meta property=\"og:title\" content=\"JL3KH6 - Kit de carga y aire del sistema Job Link\u00ae - Fieldpiece Instruments\" \/>\n<meta property=\"og:description\" content=\"Se conecta directamente a un dispositivo m\u00f3vil con la aplicaci\u00f3n del sistema Job Link Mediciones de temperatura r\u00e1pidas y precisas con la nueva tecnolog\u00eda Rapid Rail Calibraci\u00f3n autom\u00e1tica de presiones a cualquier altura Psicr\u00f3metros configurables con sondas flexibles e im\u00e1n deslizante  Consulte el estado de todo el sistema de manera f\u00e1cil y r\u00e1pida con el kit de prueba de carga y aire JL3KH6.\" \/>\n<meta property=\"og:url\" content=\"https:\/\/www.fieldpiece.com\/es\/producto\/jl3kh6-job-link-probes-charging-and-air-kit\/\" \/>\n<meta property=\"og:site_name\" content=\"Fieldpiece Instruments\" \/>\n<meta property=\"article:modified_time\" content=\"2023-04-27T07:15:07+00:00\" \/>\n<meta property=\"og:image\" content=\"https:\/\/resources.fieldpiece.com\/wp-content\/uploads\/2020\/11\/JL3-Probes-470x470-06-1.png\" \/>\n\t<meta property=\"og:image:width\" content=\"470\" \/>\n\t<meta property=\"og:image:height\" content=\"470\" \/>\n\t<meta property=\"og:image:type\" content=\"image\/png\" \/>\n<meta name=\"twitter:card\" content=\"summary_large_image\" \/>\n<meta name=\"twitter:label1\" content=\"Tiempo de lectura\" \/>\n\t<meta name=\"twitter:data1\" content=\"3 minutos\" \/>\n<script type=\"application\/ld+json\" class=\"yoast-schema-graph\">{\"@context\":\"https:\/\/schema.org\",\"@graph\":[{\"@type\":\"WebPage\",\"@id\":\"https:\/\/www.fieldpiece.com\/es\/producto\/jl3kh6-job-link-probes-charging-and-air-kit\/\",\"url\":\"https:\/\/www.fieldpiece.com\/es\/producto\/jl3kh6-job-link-probes-charging-and-air-kit\/\",\"name\":\"JL3KH6 - Kit de carga y aire del sistema Job Link\u00ae - Fieldpiece Instruments\",\"isPartOf\":{\"@id\":\"https:\/\/www.fieldpiece.com\/es\/#website\"},\"primaryImageOfPage\":{\"@id\":\"https:\/\/www.fieldpiece.com\/es\/producto\/jl3kh6-job-link-probes-charging-and-air-kit\/#primaryimage\"},\"image\":{\"@id\":\"https:\/\/www.fieldpiece.com\/es\/producto\/jl3kh6-job-link-probes-charging-and-air-kit\/#primaryimage\"},\"thumbnailUrl\":\"https:\/\/resources.fieldpiece.com\/wp-content\/uploads\/2020\/11\/JL3-Probes-470x470-06-1.png\",\"datePublished\":\"2020-11-02T11:30:38+00:00\",\"dateModified\":\"2023-04-27T07:15:07+00:00\",\"breadcrumb\":{\"@id\":\"https:\/\/www.fieldpiece.com\/es\/producto\/jl3kh6-job-link-probes-charging-and-air-kit\/#breadcrumb\"},\"inLanguage\":\"es\",\"potentialAction\":[{\"@type\":\"ReadAction\",\"target\":[\"https:\/\/www.fieldpiece.com\/es\/producto\/jl3kh6-job-link-probes-charging-and-air-kit\/\"]}]},{\"@type\":\"ImageObject\",\"inLanguage\":\"es\",\"@id\":\"https:\/\/www.fieldpiece.com\/es\/producto\/jl3kh6-job-link-probes-charging-and-air-kit\/#primaryimage\",\"url\":\"https:\/\/resources.fieldpiece.com\/wp-content\/uploads\/2020\/11\/JL3-Probes-470x470-06-1.png\",\"contentUrl\":\"https:\/\/resources.fieldpiece.com\/wp-content\/uploads\/2020\/11\/JL3-Probes-470x470-06-1.png\",\"width\":470,\"height\":470,\"caption\":\"JL3KH6 Job Link\u00ae System Probes\"},{\"@type\":\"BreadcrumbList\",\"@id\":\"https:\/\/www.fieldpiece.com\/es\/producto\/jl3kh6-job-link-probes-charging-and-air-kit\/#breadcrumb\",\"itemListElement\":[{\"@type\":\"ListItem\",\"position\":1,\"name\":\"Home\",\"item\":\"https:\/\/www.fieldpiece.com\/es\/\"},{\"@type\":\"ListItem\",\"position\":2,\"name\":\"Shop\",\"item\":\"https:\/\/www.fieldpiece.com\/shop\/\"},{\"@type\":\"ListItem\",\"position\":3,\"name\":\"JL3KH6 &#8211; Kit de carga y aire del sistema Job Link\u00ae\"}]},{\"@type\":\"WebSite\",\"@id\":\"https:\/\/www.fieldpiece.com\/es\/#website\",\"url\":\"https:\/\/www.fieldpiece.com\/es\/\",\"name\":\"Fieldpiece Instruments\",\"description\":\"\",\"publisher\":{\"@id\":\"https:\/\/www.fieldpiece.com\/es\/#organization\"},\"potentialAction\":[{\"@type\":\"SearchAction\",\"target\":{\"@type\":\"EntryPoint\",\"urlTemplate\":\"https:\/\/www.fieldpiece.com\/es\/?s={search_term_string}\"},\"query-input\":{\"@type\":\"PropertyValueSpecification\",\"valueRequired\":true,\"valueName\":\"search_term_string\"}}],\"inLanguage\":\"es\"},{\"@type\":\"Organization\",\"@id\":\"https:\/\/www.fieldpiece.com\/es\/#organization\",\"name\":\"Fieldpiece Instruments\",\"url\":\"https:\/\/www.fieldpiece.com\/es\/\",\"logo\":{\"@type\":\"ImageObject\",\"inLanguage\":\"es\",\"@id\":\"https:\/\/www.fieldpiece.com\/es\/#\/schema\/logo\/image\/\",\"url\":\"https:\/\/resources.fieldpiece.com\/wp-content\/uploads\/2021\/02\/Logos-490x358-1.jpg\",\"contentUrl\":\"https:\/\/resources.fieldpiece.com\/wp-content\/uploads\/2021\/02\/Logos-490x358-1.jpg\",\"width\":490,\"height\":358,\"caption\":\"Fieldpiece Instruments\"},\"image\":{\"@id\":\"https:\/\/www.fieldpiece.com\/es\/#\/schema\/logo\/image\/\"}}]}<\/script>\n<!-- \/ Yoast SEO plugin. -->","yoast_head_json":{"title":"JL3KH6 - Kit de carga y aire del sistema Job Link\u00ae - Fieldpiece Instruments","robots":{"index":"index","follow":"follow","max-snippet":"max-snippet:-1","max-image-preview":"max-image-preview:large","max-video-preview":"max-video-preview:-1"},"canonical":"https:\/\/www.fieldpiece.com\/es\/producto\/jl3kh6-job-link-probes-charging-and-air-kit\/","og_locale":"es_ES","og_type":"article","og_title":"JL3KH6 - Kit de carga y aire del sistema Job Link\u00ae - Fieldpiece Instruments","og_description":"Se conecta directamente a un dispositivo m\u00f3vil con la aplicaci\u00f3n del sistema Job Link Mediciones de temperatura r\u00e1pidas y precisas con la nueva tecnolog\u00eda Rapid Rail Calibraci\u00f3n autom\u00e1tica de presiones a cualquier altura Psicr\u00f3metros configurables con sondas flexibles e im\u00e1n deslizante  Consulte el estado de todo el sistema de manera f\u00e1cil y r\u00e1pida con el kit de prueba de carga y aire JL3KH6.","og_url":"https:\/\/www.fieldpiece.com\/es\/producto\/jl3kh6-job-link-probes-charging-and-air-kit\/","og_site_name":"Fieldpiece Instruments","article_modified_time":"2023-04-27T07:15:07+00:00","og_image":[{"width":470,"height":470,"url":"https:\/\/resources.fieldpiece.com\/wp-content\/uploads\/2020\/11\/JL3-Probes-470x470-06-1.png","type":"image\/png"}],"twitter_card":"summary_large_image","twitter_misc":{"Tiempo de lectura":"3 minutos"},"schema":{"@context":"https:\/\/schema.org","@graph":[{"@type":"WebPage","@id":"https:\/\/www.fieldpiece.com\/es\/producto\/jl3kh6-job-link-probes-charging-and-air-kit\/","url":"https:\/\/www.fieldpiece.com\/es\/producto\/jl3kh6-job-link-probes-charging-and-air-kit\/","name":"JL3KH6 - Kit de carga y aire del sistema Job Link\u00ae - Fieldpiece Instruments","isPartOf":{"@id":"https:\/\/www.fieldpiece.com\/es\/#website"},"primaryImageOfPage":{"@id":"https:\/\/www.fieldpiece.com\/es\/producto\/jl3kh6-job-link-probes-charging-and-air-kit\/#primaryimage"},"image":{"@id":"https:\/\/www.fieldpiece.com\/es\/producto\/jl3kh6-job-link-probes-charging-and-air-kit\/#primaryimage"},"thumbnailUrl":"https:\/\/resources.fieldpiece.com\/wp-content\/uploads\/2020\/11\/JL3-Probes-470x470-06-1.png","datePublished":"2020-11-02T11:30:38+00:00","dateModified":"2023-04-27T07:15:07+00:00","breadcrumb":{"@id":"https:\/\/www.fieldpiece.com\/es\/producto\/jl3kh6-job-link-probes-charging-and-air-kit\/#breadcrumb"},"inLanguage":"es","potentialAction":[{"@type":"ReadAction","target":["https:\/\/www.fieldpiece.com\/es\/producto\/jl3kh6-job-link-probes-charging-and-air-kit\/"]}]},{"@type":"ImageObject","inLanguage":"es","@id":"https:\/\/www.fieldpiece.com\/es\/producto\/jl3kh6-job-link-probes-charging-and-air-kit\/#primaryimage","url":"https:\/\/resources.fieldpiece.com\/wp-content\/uploads\/2020\/11\/JL3-Probes-470x470-06-1.png","contentUrl":"https:\/\/resources.fieldpiece.com\/wp-content\/uploads\/2020\/11\/JL3-Probes-470x470-06-1.png","width":470,"height":470,"caption":"JL3KH6 Job Link\u00ae System Probes"},{"@type":"BreadcrumbList","@id":"https:\/\/www.fieldpiece.com\/es\/producto\/jl3kh6-job-link-probes-charging-and-air-kit\/#breadcrumb","itemListElement":[{"@type":"ListItem","position":1,"name":"Home","item":"https:\/\/www.fieldpiece.com\/es\/"},{"@type":"ListItem","position":2,"name":"Shop","item":"https:\/\/www.fieldpiece.com\/shop\/"},{"@type":"ListItem","position":3,"name":"JL3KH6 &#8211; Kit de carga y aire del sistema Job Link\u00ae"}]},{"@type":"WebSite","@id":"https:\/\/www.fieldpiece.com\/es\/#website","url":"https:\/\/www.fieldpiece.com\/es\/","name":"Fieldpiece Instruments","description":"","publisher":{"@id":"https:\/\/www.fieldpiece.com\/es\/#organization"},"potentialAction":[{"@type":"SearchAction","target":{"@type":"EntryPoint","urlTemplate":"https:\/\/www.fieldpiece.com\/es\/?s={search_term_string}"},"query-input":{"@type":"PropertyValueSpecification","valueRequired":true,"valueName":"search_term_string"}}],"inLanguage":"es"},{"@type":"Organization","@id":"https:\/\/www.fieldpiece.com\/es\/#organization","name":"Fieldpiece Instruments","url":"https:\/\/www.fieldpiece.com\/es\/","logo":{"@type":"ImageObject","inLanguage":"es","@id":"https:\/\/www.fieldpiece.com\/es\/#\/schema\/logo\/image\/","url":"https:\/\/resources.fieldpiece.com\/wp-content\/uploads\/2021\/02\/Logos-490x358-1.jpg","contentUrl":"https:\/\/resources.fieldpiece.com\/wp-content\/uploads\/2021\/02\/Logos-490x358-1.jpg","width":490,"height":358,"caption":"Fieldpiece Instruments"},"image":{"@id":"https:\/\/www.fieldpiece.com\/es\/#\/schema\/logo\/image\/"}}]}},"_links":{"self":[{"href":"https:\/\/www.fieldpiece.com\/es\/wp-json\/wp\/v2\/product\/29566","targetHints":{"allow":["GET"]}}],"collection":[{"href":"https:\/\/www.fieldpiece.com\/es\/wp-json\/wp\/v2\/product"}],"about":[{"href":"https:\/\/www.fieldpiece.com\/es\/wp-json\/wp\/v2\/types\/product"}],"replies":[{"embeddable":true,"href":"https:\/\/www.fieldpiece.com\/es\/wp-json\/wp\/v2\/comments?post=29566"}],"wp:featuredmedia":[{"embeddable":true,"href":"https:\/\/www.fieldpiece.com\/es\/wp-json\/wp\/v2\/media\/29580"}],"wp:attachment":[{"href":"https:\/\/www.fieldpiece.com\/es\/wp-json\/wp\/v2\/media?parent=29566"}],"wp:term":[{"taxonomy":"product_brand","embeddable":true,"href":"https:\/\/www.fieldpiece.com\/es\/wp-json\/wp\/v2\/product_brand?post=29566"},{"taxonomy":"product_cat","embeddable":true,"href":"https:\/\/www.fieldpiece.com\/es\/wp-json\/wp\/v2\/product_cat?post=29566"},{"taxonomy":"product_tag","embeddable":true,"href":"https:\/\/www.fieldpiece.com\/es\/wp-json\/wp\/v2\/product_tag?post=29566"}],"curies":[{"name":"wp","href":"https:\/\/api.w.org\/{rel}","templated":true}]}}