	{"id":29434,"date":"2020-11-02T11:31:43","date_gmt":"2020-11-02T11:31:43","guid":{"rendered":"https:\/\/www.fieldpiece.com\/product\/sc680-wireless-power-clamp-meter\/"},"modified":"2023-04-27T00:13:36","modified_gmt":"2023-04-27T07:13:36","slug":"sc680-wireless-power-clamp-meter","status":"publish","type":"product","link":"https:\/\/www.fieldpiece.com\/es\/producto\/sc680-wireless-power-clamp-meter\/","title":{"rendered":"SC680 &#8211; Pinza amperim\u00e9trica de potencia inal\u00e1mbrica"},"content":{"rendered":"<p>Conexi\u00f3n inal\u00e1mbrica directa al sistema Job Link\u00ae para documentaci\u00f3n el\u00e9ctrica<br \/>\nFiltro de paso bajo para sistemas de variadores de frecuencia (VFD)<br \/>\nAbrazadera para CA\/CC<br \/>\nCables de prueba Molex para circuitos peque\u00f1os<br \/>\nComprobaci\u00f3n trif\u00e1sica con dos cables<br \/>\nClasificaci\u00f3n de seguridad CAT IV &#8211; 600V\/CAT III &#8211; 1000 V  <\/p>\n<p><strong>Medidor de potencia para climatizaci\u00f3n y refrigeraci\u00f3n con integraci\u00f3n directa con la \u00a0aplicaci\u00f3n del sistema Job Link\u00ae<\/strong> <\/p>\n<p>Tanto si trabaja con peque\u00f1os circuitos de mini-splits como con grandes unidades comerciales, la nueva SC680 incluye todo lo necesario para instalar, mantener y solucionar problemas en cualquier sistema de climatizaci\u00f3n y refrigeraci\u00f3n. <\/p>\n<p>La SC680 es la pinza amperim\u00e9trica de \u00faltima generaci\u00f3n con funciones inal\u00e1mbricas para los profesionales de la climatizaci\u00f3n y la refrigeraci\u00f3n. Env\u00ede sus mediciones el\u00e9ctricas directamente a la aplicaci\u00f3n m\u00f3vil del sistema Job Link\u00ae. Deje el medidor detr\u00e1s de la puerta cerrada de un ventilador y consulte la medici\u00f3n de corriente en su dispositivo m\u00f3vil. <\/p>\n<p>Determine la eficiencia del sistema m\u00e1s adecuadamente midiendo directamente el consumo de energ\u00eda (W) del sistema. Utilice este valor para informar a sus clientes de las medidas de ahorro de energ\u00eda que pueden aplicar para ahorrar dinero en sus facturas de electricidad. <\/p>\n<p>El SC680 es el \u00fanico medidor que usted necesitar\u00e1 para solucionar problemas en sistemas mini-split. Cuenta con puertos de temperatura dobles tipo K para medici\u00f3n de temperaturas del aire de entrada y salida y medici\u00f3n directa de la frecuencia (Hz) con la pinza. Llegue hasta los conectores de mini-split de m\u00e1s dif\u00edcil acceso con las puntas de sonda RCT2 incluidas para mediciones de tensi\u00f3n y resistencia. <\/p>\n<p>Cuelgue su pinza amperim\u00e9trica SC680 de cualquier superficie met\u00e1lica gracias a su potente im\u00e1n. Cuando haya finalizado el trabajo, guarde sus cables de prueba de forma c\u00f3moda y ordenada en el estuche trasero. Consulte lecturas de tensi\u00f3n (voltios) y de corriente (amperios) al mismo tiempo en su gran pantalla doble. Consulte f\u00e1cilmente sus lecturas de corriente independientemente de c\u00f3mo rodee el cable, gracias a la pinza amperim\u00e9trica de CA con cabezal giratorio. <\/p>\n<p><span data-sheets-value=\"{&quot;1&quot;:2,&quot;2&quot;:&quot;Verifique el orden de las l\u00edneas de tensi\u00f3n trif\u00e1sica con solo dos cables.&quot;}\" data-sheets-userformat=\"{&quot;2&quot;:12732,&quot;5&quot;:{&quot;1&quot;:[{&quot;1&quot;:2,&quot;2&quot;:0,&quot;5&quot;:{&quot;1&quot;:2,&quot;2&quot;:0}},{&quot;1&quot;:0,&quot;2&quot;:0,&quot;3&quot;:3},{&quot;1&quot;:1,&quot;2&quot;:0,&quot;4&quot;:1}]},&quot;6&quot;:{&quot;1&quot;:[{&quot;1&quot;:2,&quot;2&quot;:0,&quot;5&quot;:{&quot;1&quot;:2,&quot;2&quot;:0}},{&quot;1&quot;:0,&quot;2&quot;:0,&quot;3&quot;:3},{&quot;1&quot;:1,&quot;2&quot;:0,&quot;4&quot;:1}]},&quot;7&quot;:{&quot;1&quot;:[{&quot;1&quot;:2,&quot;2&quot;:0,&quot;5&quot;:{&quot;1&quot;:2,&quot;2&quot;:0}},{&quot;1&quot;:0,&quot;2&quot;:0,&quot;3&quot;:3},{&quot;1&quot;:1,&quot;2&quot;:0,&quot;4&quot;:1}]},&quot;8&quot;:{&quot;1&quot;:[{&quot;1&quot;:2,&quot;2&quot;:0,&quot;5&quot;:{&quot;1&quot;:2,&quot;2&quot;:0}},{&quot;1&quot;:0,&quot;2&quot;:0,&quot;3&quot;:3},{&quot;1&quot;:1,&quot;2&quot;:0,&quot;4&quot;:1}]},&quot;10&quot;:2,&quot;11&quot;:4,&quot;15&quot;:&quot;Calibri&quot;,&quot;16&quot;:11}\">Verifique el orden de las l\u00edneas de tensi\u00f3n trif\u00e1sica con solo dos cables.<\/span> Capture valores de L1-L2 y L1-L3 para comprobar que las l\u00edneas del motor est\u00e1n correctamente instaladas con la prueba de rotaci\u00f3n de fase. <\/p>\n<p>Realice mediciones de V CA y A CA m\u00e1s exactas en variadores de frecuencia con la tecnolog\u00eda de detecci\u00f3n de valor medio cuadr\u00e1tico (RMS) verdadero (valor eficaz verdadero). Mida el consumo de corriente de arranque de un compresor gracias al modo de corriente de irrupci\u00f3n. <\/p>\n<p>Ilumine el recorrido con el potente LED incluido en la pinza. Consulte f\u00e1cilmente sus mediciones con la brillante retroiluminaci\u00f3n azul de la pantalla. Cambie las funciones de forma segura con el dial retroiluminado. Tome medidas con mayor seguridad con una mano mediante el soporte para un cable de prueba. Los cables de prueba incluyen puntas chapadas en oro extra\u00edbles para conectar de manera confiable cabezales accesorios Fieldpiece. <\/p>\n<ul>\n<li>Mide potencia (kW) <\/li>\n<li>Utilice la pinza en variadores de frecuencia (VFD) <\/li>\n<li>Valor medio cuadr\u00e1tico (RMS) verdadero (valor eficaz verdadero) y filtro de paso bajo para la relaci\u00f3n V CA\/Hz <\/li>\n<li>Compruebe diodos y mida resistencias hasta 50 M\u03a9 <\/li>\n<li>Amperios de CA\/CC <\/li>\n<li>Medici\u00f3n de temperatura doble <\/li>\n<li>Pinza giratoria <\/li>\n<li>Recogecables <\/li>\n<li>Cables con puntas Molex para conectores de alimentaci\u00f3n peque\u00f1os<\/li>\n<\/ul>\n<p>Incluye:  <\/p>\n<ul>\n<li>Pinza amperim\u00e9trica SC680 <\/li>\n<li>Puntas de sonda Molex RCT2 <\/li>\n<li>Cables de silicona ADLS2 <\/li>\n<li>Cables con pinzas de cocodrilo ASA2 <\/li>\n<li>(2) Termopares ATB1 tipo K <\/li>\n<li>(2) Correas de Velcro <\/li>\n<li>Pila alcalina de 9 V <\/li>\n<li>Estuche acolchado protector ANC7 <\/li>\n<li>Manual del operador <\/li>\n<\/ul>\n","protected":false},"excerpt":{"rendered":"<p>Conexi\u00f3n inal\u00e1mbrica directa al sistema Job Link\u00ae para documentaci\u00f3n el\u00e9ctrica Filtro de paso bajo para sistemas de variadores de frecuencia &#8230;<\/p>\n","protected":false},"featured_media":29440,"comment_status":"open","ping_status":"closed","template":"","meta":{"_acf_changed":false},"product_brand":[],"product_cat":[133,222,132,207],"product_tag":[],"class_list":{"0":"post-29434","1":"product","2":"type-product","3":"status-publish","4":"has-post-thumbnail","6":"product_cat-electrical-meters-es-2","7":"product_cat-meters-es","8":"product_cat-clamp-meters-es-2","9":"product_cat-job-link-system-es","11":"first","12":"instock","13":"shipping-taxable","14":"product-type-simple"},"acf":[],"yoast_head":"<!-- This site is optimized with the Yoast SEO plugin v27.2 - https:\/\/yoast.com\/product\/yoast-seo-wordpress\/ -->\n<title>SC680 - Pinza amperim\u00e9trica de potencia inal\u00e1mbrica - Fieldpiece Instruments<\/title>\n<meta name=\"robots\" content=\"index, follow, max-snippet:-1, max-image-preview:large, max-video-preview:-1\" \/>\n<link rel=\"canonical\" href=\"https:\/\/www.fieldpiece.com\/es\/producto\/sc680-wireless-power-clamp-meter\/\" \/>\n<meta property=\"og:locale\" content=\"es_ES\" \/>\n<meta property=\"og:type\" content=\"article\" \/>\n<meta property=\"og:title\" content=\"SC680 - Pinza amperim\u00e9trica de potencia inal\u00e1mbrica - Fieldpiece Instruments\" \/>\n<meta property=\"og:description\" content=\"Conexi\u00f3n inal\u00e1mbrica directa al sistema Job Link\u00ae para documentaci\u00f3n el\u00e9ctrica Filtro de paso bajo para sistemas de variadores de frecuencia ...\" \/>\n<meta property=\"og:url\" content=\"https:\/\/www.fieldpiece.com\/es\/producto\/sc680-wireless-power-clamp-meter\/\" \/>\n<meta property=\"og:site_name\" content=\"Fieldpiece Instruments\" \/>\n<meta property=\"article:modified_time\" content=\"2023-04-27T07:13:36+00:00\" \/>\n<meta property=\"og:image\" content=\"https:\/\/resources.fieldpiece.com\/wp-content\/uploads\/2021\/01\/SC680-SRC-Product.png\" \/>\n\t<meta property=\"og:image:width\" content=\"470\" \/>\n\t<meta property=\"og:image:height\" content=\"470\" \/>\n\t<meta property=\"og:image:type\" content=\"image\/png\" \/>\n<meta name=\"twitter:card\" content=\"summary_large_image\" \/>\n<meta name=\"twitter:label1\" content=\"Tiempo de lectura\" \/>\n\t<meta name=\"twitter:data1\" content=\"3 minutos\" \/>\n<script type=\"application\/ld+json\" class=\"yoast-schema-graph\">{\"@context\":\"https:\/\/schema.org\",\"@graph\":[{\"@type\":\"WebPage\",\"@id\":\"https:\/\/www.fieldpiece.com\/es\/producto\/sc680-wireless-power-clamp-meter\/\",\"url\":\"https:\/\/www.fieldpiece.com\/es\/producto\/sc680-wireless-power-clamp-meter\/\",\"name\":\"SC680 - Pinza amperim\u00e9trica de potencia inal\u00e1mbrica - Fieldpiece Instruments\",\"isPartOf\":{\"@id\":\"https:\/\/www.fieldpiece.com\/es\/#website\"},\"primaryImageOfPage\":{\"@id\":\"https:\/\/www.fieldpiece.com\/es\/producto\/sc680-wireless-power-clamp-meter\/#primaryimage\"},\"image\":{\"@id\":\"https:\/\/www.fieldpiece.com\/es\/producto\/sc680-wireless-power-clamp-meter\/#primaryimage\"},\"thumbnailUrl\":\"https:\/\/resources.fieldpiece.com\/wp-content\/uploads\/2021\/01\/SC680-SRC-Product.png\",\"datePublished\":\"2020-11-02T11:31:43+00:00\",\"dateModified\":\"2023-04-27T07:13:36+00:00\",\"breadcrumb\":{\"@id\":\"https:\/\/www.fieldpiece.com\/es\/producto\/sc680-wireless-power-clamp-meter\/#breadcrumb\"},\"inLanguage\":\"es\",\"potentialAction\":[{\"@type\":\"ReadAction\",\"target\":[\"https:\/\/www.fieldpiece.com\/es\/producto\/sc680-wireless-power-clamp-meter\/\"]}]},{\"@type\":\"ImageObject\",\"inLanguage\":\"es\",\"@id\":\"https:\/\/www.fieldpiece.com\/es\/producto\/sc680-wireless-power-clamp-meter\/#primaryimage\",\"url\":\"https:\/\/resources.fieldpiece.com\/wp-content\/uploads\/2021\/01\/SC680-SRC-Product.png\",\"contentUrl\":\"https:\/\/resources.fieldpiece.com\/wp-content\/uploads\/2021\/01\/SC680-SRC-Product.png\",\"width\":470,\"height\":470,\"caption\":\"SC680 -600 AC\/DC Wireless Swivel Head AC\/DC Power Clamp Meter\"},{\"@type\":\"BreadcrumbList\",\"@id\":\"https:\/\/www.fieldpiece.com\/es\/producto\/sc680-wireless-power-clamp-meter\/#breadcrumb\",\"itemListElement\":[{\"@type\":\"ListItem\",\"position\":1,\"name\":\"Home\",\"item\":\"https:\/\/www.fieldpiece.com\/es\/\"},{\"@type\":\"ListItem\",\"position\":2,\"name\":\"Shop\",\"item\":\"https:\/\/www.fieldpiece.com\/shop\/\"},{\"@type\":\"ListItem\",\"position\":3,\"name\":\"SC680 &#8211; Pinza amperim\u00e9trica de potencia inal\u00e1mbrica\"}]},{\"@type\":\"WebSite\",\"@id\":\"https:\/\/www.fieldpiece.com\/es\/#website\",\"url\":\"https:\/\/www.fieldpiece.com\/es\/\",\"name\":\"Fieldpiece Instruments\",\"description\":\"\",\"publisher\":{\"@id\":\"https:\/\/www.fieldpiece.com\/es\/#organization\"},\"potentialAction\":[{\"@type\":\"SearchAction\",\"target\":{\"@type\":\"EntryPoint\",\"urlTemplate\":\"https:\/\/www.fieldpiece.com\/es\/?s={search_term_string}\"},\"query-input\":{\"@type\":\"PropertyValueSpecification\",\"valueRequired\":true,\"valueName\":\"search_term_string\"}}],\"inLanguage\":\"es\"},{\"@type\":\"Organization\",\"@id\":\"https:\/\/www.fieldpiece.com\/es\/#organization\",\"name\":\"Fieldpiece Instruments\",\"url\":\"https:\/\/www.fieldpiece.com\/es\/\",\"logo\":{\"@type\":\"ImageObject\",\"inLanguage\":\"es\",\"@id\":\"https:\/\/www.fieldpiece.com\/es\/#\/schema\/logo\/image\/\",\"url\":\"https:\/\/resources.fieldpiece.com\/wp-content\/uploads\/2021\/02\/Logos-490x358-1.jpg\",\"contentUrl\":\"https:\/\/resources.fieldpiece.com\/wp-content\/uploads\/2021\/02\/Logos-490x358-1.jpg\",\"width\":490,\"height\":358,\"caption\":\"Fieldpiece Instruments\"},\"image\":{\"@id\":\"https:\/\/www.fieldpiece.com\/es\/#\/schema\/logo\/image\/\"}}]}<\/script>\n<!-- \/ Yoast SEO plugin. -->","yoast_head_json":{"title":"SC680 - Pinza amperim\u00e9trica de potencia inal\u00e1mbrica - Fieldpiece Instruments","robots":{"index":"index","follow":"follow","max-snippet":"max-snippet:-1","max-image-preview":"max-image-preview:large","max-video-preview":"max-video-preview:-1"},"canonical":"https:\/\/www.fieldpiece.com\/es\/producto\/sc680-wireless-power-clamp-meter\/","og_locale":"es_ES","og_type":"article","og_title":"SC680 - Pinza amperim\u00e9trica de potencia inal\u00e1mbrica - Fieldpiece Instruments","og_description":"Conexi\u00f3n inal\u00e1mbrica directa al sistema Job Link\u00ae para documentaci\u00f3n el\u00e9ctrica Filtro de paso bajo para sistemas de variadores de frecuencia ...","og_url":"https:\/\/www.fieldpiece.com\/es\/producto\/sc680-wireless-power-clamp-meter\/","og_site_name":"Fieldpiece Instruments","article_modified_time":"2023-04-27T07:13:36+00:00","og_image":[{"width":470,"height":470,"url":"https:\/\/resources.fieldpiece.com\/wp-content\/uploads\/2021\/01\/SC680-SRC-Product.png","type":"image\/png"}],"twitter_card":"summary_large_image","twitter_misc":{"Tiempo de lectura":"3 minutos"},"schema":{"@context":"https:\/\/schema.org","@graph":[{"@type":"WebPage","@id":"https:\/\/www.fieldpiece.com\/es\/producto\/sc680-wireless-power-clamp-meter\/","url":"https:\/\/www.fieldpiece.com\/es\/producto\/sc680-wireless-power-clamp-meter\/","name":"SC680 - Pinza amperim\u00e9trica de potencia inal\u00e1mbrica - Fieldpiece Instruments","isPartOf":{"@id":"https:\/\/www.fieldpiece.com\/es\/#website"},"primaryImageOfPage":{"@id":"https:\/\/www.fieldpiece.com\/es\/producto\/sc680-wireless-power-clamp-meter\/#primaryimage"},"image":{"@id":"https:\/\/www.fieldpiece.com\/es\/producto\/sc680-wireless-power-clamp-meter\/#primaryimage"},"thumbnailUrl":"https:\/\/resources.fieldpiece.com\/wp-content\/uploads\/2021\/01\/SC680-SRC-Product.png","datePublished":"2020-11-02T11:31:43+00:00","dateModified":"2023-04-27T07:13:36+00:00","breadcrumb":{"@id":"https:\/\/www.fieldpiece.com\/es\/producto\/sc680-wireless-power-clamp-meter\/#breadcrumb"},"inLanguage":"es","potentialAction":[{"@type":"ReadAction","target":["https:\/\/www.fieldpiece.com\/es\/producto\/sc680-wireless-power-clamp-meter\/"]}]},{"@type":"ImageObject","inLanguage":"es","@id":"https:\/\/www.fieldpiece.com\/es\/producto\/sc680-wireless-power-clamp-meter\/#primaryimage","url":"https:\/\/resources.fieldpiece.com\/wp-content\/uploads\/2021\/01\/SC680-SRC-Product.png","contentUrl":"https:\/\/resources.fieldpiece.com\/wp-content\/uploads\/2021\/01\/SC680-SRC-Product.png","width":470,"height":470,"caption":"SC680 -600 AC\/DC Wireless Swivel Head AC\/DC Power Clamp Meter"},{"@type":"BreadcrumbList","@id":"https:\/\/www.fieldpiece.com\/es\/producto\/sc680-wireless-power-clamp-meter\/#breadcrumb","itemListElement":[{"@type":"ListItem","position":1,"name":"Home","item":"https:\/\/www.fieldpiece.com\/es\/"},{"@type":"ListItem","position":2,"name":"Shop","item":"https:\/\/www.fieldpiece.com\/shop\/"},{"@type":"ListItem","position":3,"name":"SC680 &#8211; Pinza amperim\u00e9trica de potencia inal\u00e1mbrica"}]},{"@type":"WebSite","@id":"https:\/\/www.fieldpiece.com\/es\/#website","url":"https:\/\/www.fieldpiece.com\/es\/","name":"Fieldpiece Instruments","description":"","publisher":{"@id":"https:\/\/www.fieldpiece.com\/es\/#organization"},"potentialAction":[{"@type":"SearchAction","target":{"@type":"EntryPoint","urlTemplate":"https:\/\/www.fieldpiece.com\/es\/?s={search_term_string}"},"query-input":{"@type":"PropertyValueSpecification","valueRequired":true,"valueName":"search_term_string"}}],"inLanguage":"es"},{"@type":"Organization","@id":"https:\/\/www.fieldpiece.com\/es\/#organization","name":"Fieldpiece Instruments","url":"https:\/\/www.fieldpiece.com\/es\/","logo":{"@type":"ImageObject","inLanguage":"es","@id":"https:\/\/www.fieldpiece.com\/es\/#\/schema\/logo\/image\/","url":"https:\/\/resources.fieldpiece.com\/wp-content\/uploads\/2021\/02\/Logos-490x358-1.jpg","contentUrl":"https:\/\/resources.fieldpiece.com\/wp-content\/uploads\/2021\/02\/Logos-490x358-1.jpg","width":490,"height":358,"caption":"Fieldpiece Instruments"},"image":{"@id":"https:\/\/www.fieldpiece.com\/es\/#\/schema\/logo\/image\/"}}]}},"_links":{"self":[{"href":"https:\/\/www.fieldpiece.com\/es\/wp-json\/wp\/v2\/product\/29434","targetHints":{"allow":["GET"]}}],"collection":[{"href":"https:\/\/www.fieldpiece.com\/es\/wp-json\/wp\/v2\/product"}],"about":[{"href":"https:\/\/www.fieldpiece.com\/es\/wp-json\/wp\/v2\/types\/product"}],"replies":[{"embeddable":true,"href":"https:\/\/www.fieldpiece.com\/es\/wp-json\/wp\/v2\/comments?post=29434"}],"wp:featuredmedia":[{"embeddable":true,"href":"https:\/\/www.fieldpiece.com\/es\/wp-json\/wp\/v2\/media\/29440"}],"wp:attachment":[{"href":"https:\/\/www.fieldpiece.com\/es\/wp-json\/wp\/v2\/media?parent=29434"}],"wp:term":[{"taxonomy":"product_brand","embeddable":true,"href":"https:\/\/www.fieldpiece.com\/es\/wp-json\/wp\/v2\/product_brand?post=29434"},{"taxonomy":"product_cat","embeddable":true,"href":"https:\/\/www.fieldpiece.com\/es\/wp-json\/wp\/v2\/product_cat?post=29434"},{"taxonomy":"product_tag","embeddable":true,"href":"https:\/\/www.fieldpiece.com\/es\/wp-json\/wp\/v2\/product_tag?post=29434"}],"curies":[{"name":"wp","href":"https:\/\/api.w.org\/{rel}","templated":true}]}}