	{"id":29378,"date":"2020-11-02T11:31:30","date_gmt":"2020-11-02T11:31:30","guid":{"rendered":"https:\/\/www.fieldpiece.com\/product\/jl3pr-job-link-system-pressure-probe\/"},"modified":"2023-04-27T00:13:14","modified_gmt":"2023-04-27T07:13:14","slug":"jl3pr-job-link-system-pressure-probe","status":"publish","type":"product","link":"https:\/\/www.fieldpiece.com\/es\/producto\/jl3pr-job-link-system-pressure-probe\/","title":{"rendered":"JL3PR &#8211; Sonda de presi\u00f3n del sistema Job Link\u00ae"},"content":{"rendered":"<p>Potente alcance inal\u00e1mbrico de 106 metros (350 pies) sin transmisor<br \/>\nLa conexi\u00f3n en \u00e1ngulo de <span data-sheets-value=\"{&quot;1&quot;:2,&quot;2&quot;:&quot;45\u00b0&quot;}\" data-sheets-userformat=\"{&quot;2&quot;:12732,&quot;5&quot;:{&quot;1&quot;:[{&quot;1&quot;:2,&quot;2&quot;:0,&quot;5&quot;:{&quot;1&quot;:2,&quot;2&quot;:0}},{&quot;1&quot;:0,&quot;2&quot;:0,&quot;3&quot;:3},{&quot;1&quot;:1,&quot;2&quot;:0,&quot;4&quot;:1}]},&quot;6&quot;:{&quot;1&quot;:[{&quot;1&quot;:2,&quot;2&quot;:0,&quot;5&quot;:{&quot;1&quot;:2,&quot;2&quot;:0}},{&quot;1&quot;:0,&quot;2&quot;:0,&quot;3&quot;:3},{&quot;1&quot;:1,&quot;2&quot;:0,&quot;4&quot;:1}]},&quot;7&quot;:{&quot;1&quot;:[{&quot;1&quot;:2,&quot;2&quot;:0,&quot;5&quot;:{&quot;1&quot;:2,&quot;2&quot;:0}},{&quot;1&quot;:0,&quot;2&quot;:0,&quot;3&quot;:3},{&quot;1&quot;:1,&quot;2&quot;:0,&quot;4&quot;:1}]},&quot;8&quot;:{&quot;1&quot;:[{&quot;1&quot;:2,&quot;2&quot;:0,&quot;5&quot;:{&quot;1&quot;:2,&quot;2&quot;:0}},{&quot;1&quot;:0,&quot;2&quot;:0,&quot;3&quot;:3},{&quot;1&quot;:1,&quot;2&quot;:0,&quot;4&quot;:1}]},&quot;10&quot;:2,&quot;11&quot;:4,&quot;15&quot;:&quot;Calibri&quot;,&quot;16&quot;:11}\">45\u00b0<\/span> se acopla f\u00e1cilmente en espacios reducidos<br \/>\nLos sensores de presi\u00f3n son exactos a cualquier altura<br \/>\nJunta sustituible en campo<br \/>\nExcelente para sistemas con carga cr\u00edtica<br \/>\nResistente al agua <\/p>\n<p>Acceda f\u00e1cilmente a puertos de servicio en \u00e1ngulos dif\u00edciles y\/o espacios reducidos con las sondas de presi\u00f3n del sistema Job Link\u00ae. Sus sensores de presi\u00f3n son exactos a cualquier altura, de modo que sus valores ser\u00e1n correctos independientemente de su ubicaci\u00f3n. <\/p>\n<ul>\n<li>La conexi\u00f3n en \u00e1ngulo de 45\u00b0 se acopla f\u00e1cilmente en espacios reducidos <\/li>\n<li>Los sensores de presi\u00f3n son exactos a cualquier altura <\/li>\n<li>Calibra autom\u00e1ticamente a la presi\u00f3n barom\u00e9trica <\/li>\n<\/ul>\n<p><strong>Mediciones r\u00e1pidas con las manos libres <\/strong><br \/>\nSe conecta r\u00e1pidamente a las presiones de las l\u00edneas de aspiraci\u00f3n y l\u00edquidos para mediciones instant\u00e1neas. Supervise presiones a distancias de hasta 106 metros (350 pies). <\/p>\n<p><strong>Con\u00e9ctese directamente al sistema Job Link\u00ae<\/strong><br \/>\nEnv\u00ede mediciones directamente a su dispositivo m\u00f3vil con la aplicaci\u00f3n del sistema Job Link\u00ae.<\/p>\n<p><strong>Dise\u00f1o de baja p\u00e9rdida de refrigerante <\/strong><br \/>\nLa conexi\u00f3n directa al puerto de servicio implica que no hay necesidad de mangueras, por lo que las p\u00e9rdidas de refrigerante son escasas o nulas. Excelente para el mantenimiento de sistemas con carga cr\u00edtica. <\/p>\n<p><strong>Indicador de aspiraci\u00f3n\/l\u00edquido conmutable <\/strong><br \/>\nEl interruptor del indicador indica autom\u00e1ticamente al sistema Job Link\u00ae qu\u00e9 lado est\u00e1 probando. Seleccione rojo para el lado de l\u00edquido y azul para el lado de aspiraci\u00f3n. <\/p>\n<p>Las sondas se venden individualmente o en kits: <a href=\"https:\/\/www.fieldpiece.com\/products\/detail\/jl3kr4-job-link-probes-charge-kit\/job-link-probes\/\">Kit de carga de sondas del sistema Job Link\u00ae<\/a> o <a href=\"https:\/\/www.fieldpiece.com\/products\/detail\/jl3kh6-job-link-probes-charging-and-air-kit\/job-link-probes\/\">Kit de carga y aire del sistema Job Link\u00ae<\/a>.<\/p>\n<p>Incluye:  <\/p>\n<ul>\n<li>Sonda de presi\u00f3n de Job Link <\/li>\n<li>2 juntas de recambio<\/li>\n<li>2 pilas AAA <\/li>\n<li>Manual del operador <\/li>\n<li>1 a\u00f1o de garant\u00eda limitada <\/li>\n<\/ul>\n","protected":false},"excerpt":{"rendered":"<p>Potente alcance inal\u00e1mbrico de 106 metros (350 pies) sin transmisor La conexi\u00f3n en \u00e1ngulo de 45\u00b0 se acopla f\u00e1cilmente en &#8230;<\/p>\n","protected":false},"featured_media":26913,"comment_status":"open","ping_status":"closed","template":"","meta":{"_acf_changed":false},"product_brand":[],"product_cat":[207,233],"product_tag":[],"class_list":{"0":"post-29378","1":"product","2":"type-product","3":"status-publish","4":"has-post-thumbnail","6":"product_cat-job-link-system-es","7":"product_cat-probes-es","9":"first","10":"instock","11":"shipping-taxable","12":"product-type-simple"},"acf":[],"yoast_head":"<!-- This site is optimized with the Yoast SEO plugin v27.2 - https:\/\/yoast.com\/product\/yoast-seo-wordpress\/ -->\n<title>JL3PR - Sonda de presi\u00f3n del sistema Job Link\u00ae - Fieldpiece Instruments<\/title>\n<meta name=\"robots\" content=\"index, follow, max-snippet:-1, max-image-preview:large, max-video-preview:-1\" \/>\n<link rel=\"canonical\" href=\"https:\/\/www.fieldpiece.com\/es\/producto\/jl3pr-job-link-system-pressure-probe\/\" \/>\n<meta property=\"og:locale\" content=\"es_ES\" \/>\n<meta property=\"og:type\" content=\"article\" \/>\n<meta property=\"og:title\" content=\"JL3PR - Sonda de presi\u00f3n del sistema Job Link\u00ae - Fieldpiece Instruments\" \/>\n<meta property=\"og:description\" content=\"Potente alcance inal\u00e1mbrico de 106 metros (350 pies) sin transmisor La conexi\u00f3n en \u00e1ngulo de 45\u00b0 se acopla f\u00e1cilmente en ...\" \/>\n<meta property=\"og:url\" content=\"https:\/\/www.fieldpiece.com\/es\/producto\/jl3pr-job-link-system-pressure-probe\/\" \/>\n<meta property=\"og:site_name\" content=\"Fieldpiece Instruments\" \/>\n<meta property=\"article:modified_time\" content=\"2023-04-27T07:13:14+00:00\" \/>\n<meta property=\"og:image\" content=\"https:\/\/resources.fieldpiece.com\/wp-content\/uploads\/2021\/01\/JL3-Probes-470x470-02.png\" \/>\n\t<meta property=\"og:image:width\" content=\"470\" \/>\n\t<meta property=\"og:image:height\" content=\"470\" \/>\n\t<meta property=\"og:image:type\" content=\"image\/png\" \/>\n<meta name=\"twitter:card\" content=\"summary_large_image\" \/>\n<meta name=\"twitter:label1\" content=\"Tiempo de lectura\" \/>\n\t<meta name=\"twitter:data1\" content=\"2 minutos\" \/>\n<script type=\"application\/ld+json\" class=\"yoast-schema-graph\">{\"@context\":\"https:\/\/schema.org\",\"@graph\":[{\"@type\":\"WebPage\",\"@id\":\"https:\/\/www.fieldpiece.com\/es\/producto\/jl3pr-job-link-system-pressure-probe\/\",\"url\":\"https:\/\/www.fieldpiece.com\/es\/producto\/jl3pr-job-link-system-pressure-probe\/\",\"name\":\"JL3PR - Sonda de presi\u00f3n del sistema Job Link\u00ae - Fieldpiece Instruments\",\"isPartOf\":{\"@id\":\"https:\/\/www.fieldpiece.com\/es\/#website\"},\"primaryImageOfPage\":{\"@id\":\"https:\/\/www.fieldpiece.com\/es\/producto\/jl3pr-job-link-system-pressure-probe\/#primaryimage\"},\"image\":{\"@id\":\"https:\/\/www.fieldpiece.com\/es\/producto\/jl3pr-job-link-system-pressure-probe\/#primaryimage\"},\"thumbnailUrl\":\"https:\/\/resources.fieldpiece.com\/wp-content\/uploads\/2021\/01\/JL3-Probes-470x470-02.png\",\"datePublished\":\"2020-11-02T11:31:30+00:00\",\"dateModified\":\"2023-04-27T07:13:14+00:00\",\"breadcrumb\":{\"@id\":\"https:\/\/www.fieldpiece.com\/es\/producto\/jl3pr-job-link-system-pressure-probe\/#breadcrumb\"},\"inLanguage\":\"es\",\"potentialAction\":[{\"@type\":\"ReadAction\",\"target\":[\"https:\/\/www.fieldpiece.com\/es\/producto\/jl3pr-job-link-system-pressure-probe\/\"]}]},{\"@type\":\"ImageObject\",\"inLanguage\":\"es\",\"@id\":\"https:\/\/www.fieldpiece.com\/es\/producto\/jl3pr-job-link-system-pressure-probe\/#primaryimage\",\"url\":\"https:\/\/resources.fieldpiece.com\/wp-content\/uploads\/2021\/01\/JL3-Probes-470x470-02.png\",\"contentUrl\":\"https:\/\/resources.fieldpiece.com\/wp-content\/uploads\/2021\/01\/JL3-Probes-470x470-02.png\",\"width\":470,\"height\":470,\"caption\":\"JL3PR Job Link\u00ae Wireless System Pressure Probe\"},{\"@type\":\"BreadcrumbList\",\"@id\":\"https:\/\/www.fieldpiece.com\/es\/producto\/jl3pr-job-link-system-pressure-probe\/#breadcrumb\",\"itemListElement\":[{\"@type\":\"ListItem\",\"position\":1,\"name\":\"Home\",\"item\":\"https:\/\/www.fieldpiece.com\/es\/\"},{\"@type\":\"ListItem\",\"position\":2,\"name\":\"Shop\",\"item\":\"https:\/\/www.fieldpiece.com\/shop\/\"},{\"@type\":\"ListItem\",\"position\":3,\"name\":\"JL3PR &#8211; Sonda de presi\u00f3n del sistema Job Link\u00ae\"}]},{\"@type\":\"WebSite\",\"@id\":\"https:\/\/www.fieldpiece.com\/es\/#website\",\"url\":\"https:\/\/www.fieldpiece.com\/es\/\",\"name\":\"Fieldpiece Instruments\",\"description\":\"\",\"publisher\":{\"@id\":\"https:\/\/www.fieldpiece.com\/es\/#organization\"},\"potentialAction\":[{\"@type\":\"SearchAction\",\"target\":{\"@type\":\"EntryPoint\",\"urlTemplate\":\"https:\/\/www.fieldpiece.com\/es\/?s={search_term_string}\"},\"query-input\":{\"@type\":\"PropertyValueSpecification\",\"valueRequired\":true,\"valueName\":\"search_term_string\"}}],\"inLanguage\":\"es\"},{\"@type\":\"Organization\",\"@id\":\"https:\/\/www.fieldpiece.com\/es\/#organization\",\"name\":\"Fieldpiece Instruments\",\"url\":\"https:\/\/www.fieldpiece.com\/es\/\",\"logo\":{\"@type\":\"ImageObject\",\"inLanguage\":\"es\",\"@id\":\"https:\/\/www.fieldpiece.com\/es\/#\/schema\/logo\/image\/\",\"url\":\"https:\/\/resources.fieldpiece.com\/wp-content\/uploads\/2021\/02\/Logos-490x358-1.jpg\",\"contentUrl\":\"https:\/\/resources.fieldpiece.com\/wp-content\/uploads\/2021\/02\/Logos-490x358-1.jpg\",\"width\":490,\"height\":358,\"caption\":\"Fieldpiece Instruments\"},\"image\":{\"@id\":\"https:\/\/www.fieldpiece.com\/es\/#\/schema\/logo\/image\/\"}}]}<\/script>\n<!-- \/ Yoast SEO plugin. -->","yoast_head_json":{"title":"JL3PR - Sonda de presi\u00f3n del sistema Job Link\u00ae - Fieldpiece Instruments","robots":{"index":"index","follow":"follow","max-snippet":"max-snippet:-1","max-image-preview":"max-image-preview:large","max-video-preview":"max-video-preview:-1"},"canonical":"https:\/\/www.fieldpiece.com\/es\/producto\/jl3pr-job-link-system-pressure-probe\/","og_locale":"es_ES","og_type":"article","og_title":"JL3PR - Sonda de presi\u00f3n del sistema Job Link\u00ae - Fieldpiece Instruments","og_description":"Potente alcance inal\u00e1mbrico de 106 metros (350 pies) sin transmisor La conexi\u00f3n en \u00e1ngulo de 45\u00b0 se acopla f\u00e1cilmente en ...","og_url":"https:\/\/www.fieldpiece.com\/es\/producto\/jl3pr-job-link-system-pressure-probe\/","og_site_name":"Fieldpiece Instruments","article_modified_time":"2023-04-27T07:13:14+00:00","og_image":[{"width":470,"height":470,"url":"https:\/\/resources.fieldpiece.com\/wp-content\/uploads\/2021\/01\/JL3-Probes-470x470-02.png","type":"image\/png"}],"twitter_card":"summary_large_image","twitter_misc":{"Tiempo de lectura":"2 minutos"},"schema":{"@context":"https:\/\/schema.org","@graph":[{"@type":"WebPage","@id":"https:\/\/www.fieldpiece.com\/es\/producto\/jl3pr-job-link-system-pressure-probe\/","url":"https:\/\/www.fieldpiece.com\/es\/producto\/jl3pr-job-link-system-pressure-probe\/","name":"JL3PR - Sonda de presi\u00f3n del sistema Job Link\u00ae - Fieldpiece Instruments","isPartOf":{"@id":"https:\/\/www.fieldpiece.com\/es\/#website"},"primaryImageOfPage":{"@id":"https:\/\/www.fieldpiece.com\/es\/producto\/jl3pr-job-link-system-pressure-probe\/#primaryimage"},"image":{"@id":"https:\/\/www.fieldpiece.com\/es\/producto\/jl3pr-job-link-system-pressure-probe\/#primaryimage"},"thumbnailUrl":"https:\/\/resources.fieldpiece.com\/wp-content\/uploads\/2021\/01\/JL3-Probes-470x470-02.png","datePublished":"2020-11-02T11:31:30+00:00","dateModified":"2023-04-27T07:13:14+00:00","breadcrumb":{"@id":"https:\/\/www.fieldpiece.com\/es\/producto\/jl3pr-job-link-system-pressure-probe\/#breadcrumb"},"inLanguage":"es","potentialAction":[{"@type":"ReadAction","target":["https:\/\/www.fieldpiece.com\/es\/producto\/jl3pr-job-link-system-pressure-probe\/"]}]},{"@type":"ImageObject","inLanguage":"es","@id":"https:\/\/www.fieldpiece.com\/es\/producto\/jl3pr-job-link-system-pressure-probe\/#primaryimage","url":"https:\/\/resources.fieldpiece.com\/wp-content\/uploads\/2021\/01\/JL3-Probes-470x470-02.png","contentUrl":"https:\/\/resources.fieldpiece.com\/wp-content\/uploads\/2021\/01\/JL3-Probes-470x470-02.png","width":470,"height":470,"caption":"JL3PR Job Link\u00ae Wireless System Pressure Probe"},{"@type":"BreadcrumbList","@id":"https:\/\/www.fieldpiece.com\/es\/producto\/jl3pr-job-link-system-pressure-probe\/#breadcrumb","itemListElement":[{"@type":"ListItem","position":1,"name":"Home","item":"https:\/\/www.fieldpiece.com\/es\/"},{"@type":"ListItem","position":2,"name":"Shop","item":"https:\/\/www.fieldpiece.com\/shop\/"},{"@type":"ListItem","position":3,"name":"JL3PR &#8211; Sonda de presi\u00f3n del sistema Job Link\u00ae"}]},{"@type":"WebSite","@id":"https:\/\/www.fieldpiece.com\/es\/#website","url":"https:\/\/www.fieldpiece.com\/es\/","name":"Fieldpiece Instruments","description":"","publisher":{"@id":"https:\/\/www.fieldpiece.com\/es\/#organization"},"potentialAction":[{"@type":"SearchAction","target":{"@type":"EntryPoint","urlTemplate":"https:\/\/www.fieldpiece.com\/es\/?s={search_term_string}"},"query-input":{"@type":"PropertyValueSpecification","valueRequired":true,"valueName":"search_term_string"}}],"inLanguage":"es"},{"@type":"Organization","@id":"https:\/\/www.fieldpiece.com\/es\/#organization","name":"Fieldpiece Instruments","url":"https:\/\/www.fieldpiece.com\/es\/","logo":{"@type":"ImageObject","inLanguage":"es","@id":"https:\/\/www.fieldpiece.com\/es\/#\/schema\/logo\/image\/","url":"https:\/\/resources.fieldpiece.com\/wp-content\/uploads\/2021\/02\/Logos-490x358-1.jpg","contentUrl":"https:\/\/resources.fieldpiece.com\/wp-content\/uploads\/2021\/02\/Logos-490x358-1.jpg","width":490,"height":358,"caption":"Fieldpiece Instruments"},"image":{"@id":"https:\/\/www.fieldpiece.com\/es\/#\/schema\/logo\/image\/"}}]}},"_links":{"self":[{"href":"https:\/\/www.fieldpiece.com\/es\/wp-json\/wp\/v2\/product\/29378","targetHints":{"allow":["GET"]}}],"collection":[{"href":"https:\/\/www.fieldpiece.com\/es\/wp-json\/wp\/v2\/product"}],"about":[{"href":"https:\/\/www.fieldpiece.com\/es\/wp-json\/wp\/v2\/types\/product"}],"replies":[{"embeddable":true,"href":"https:\/\/www.fieldpiece.com\/es\/wp-json\/wp\/v2\/comments?post=29378"}],"wp:featuredmedia":[{"embeddable":true,"href":"https:\/\/www.fieldpiece.com\/es\/wp-json\/wp\/v2\/media\/26913"}],"wp:attachment":[{"href":"https:\/\/www.fieldpiece.com\/es\/wp-json\/wp\/v2\/media?parent=29378"}],"wp:term":[{"taxonomy":"product_brand","embeddable":true,"href":"https:\/\/www.fieldpiece.com\/es\/wp-json\/wp\/v2\/product_brand?post=29378"},{"taxonomy":"product_cat","embeddable":true,"href":"https:\/\/www.fieldpiece.com\/es\/wp-json\/wp\/v2\/product_cat?post=29378"},{"taxonomy":"product_tag","embeddable":true,"href":"https:\/\/www.fieldpiece.com\/es\/wp-json\/wp\/v2\/product_tag?post=29378"}],"curies":[{"name":"wp","href":"https:\/\/api.w.org\/{rel}","templated":true}]}}