	{"id":29255,"date":"2020-11-02T11:31:50","date_gmt":"2020-11-02T11:31:50","guid":{"rendered":"https:\/\/www.fieldpiece.com\/product\/sc480-wireless-power-clamp-meter\/"},"modified":"2023-04-27T00:11:42","modified_gmt":"2023-04-27T07:11:42","slug":"sc480-wireless-power-clamp-meter","status":"publish","type":"product","link":"https:\/\/www.fieldpiece.com\/es\/producto\/sc480-wireless-power-clamp-meter\/","title":{"rendered":"Pinza amperim\u00e9trica inal\u00e1mbrica SC480"},"content":{"rendered":"<p>Conexi\u00f3n inal\u00e1mbrica directa al sistema Job Link\u00ae para documentaci\u00f3n el\u00e9ctrica<br \/>\nFiltro de paso bajo para sistemas de variadores de frecuencia (VFD)<br \/>\nCables de prueba Molex para circuitos peque\u00f1os<br \/>\nComprobaci\u00f3n trif\u00e1sica con dos cables<br \/>\nClasificaci\u00f3n de seguridad CAT IV &#8211; 600V\/CAT III &#8211; 1000 V <\/p>\n<p>Comprobaci\u00f3n de equipos el\u00e9ctricos de climatizaci\u00f3n y refrigeraci\u00f3n con funciones de rotaci\u00f3n de fase, valor medio cuadr\u00e1tico (RMS) verdadero (valor eficaz verdadero) y corriente de irrupci\u00f3n. Adem\u00e1s, se conecta directamente con la aplicaci\u00f3n del sistema Job Link\u00ae para documentar mediciones el\u00e9ctricas. <\/p>\n<p><strong>Pruebas el\u00e9ctricas para el sector de la climatizaci\u00f3n y la refrigeraci\u00f3n <\/strong> Lecturas de valor medio cuadr\u00e1tico (RMS) verdadero (valor eficaz verdadero) a trav\u00e9s de la pinza o los cables. Modo de corriente de irrupci\u00f3n para capturar las corrientes de arranque (amperios).<\/p>\n<p><strong>Compruebe la alimentaci\u00f3n trif\u00e1sica con solo dos cables<\/strong> Con un cable de prueba con pinza de cocodrilo (incluido) conectado a L1, podr\u00e1 determinar la rotaci\u00f3n de fase con una sola mano. <\/p>\n<p><strong>Precisi\u00f3n de tensi\u00f3n en variadores de frecuencia (VFD)<\/strong> Filtro de paso bajo (LPF) para eliminar el ruido y obtener la tensi\u00f3n real. <\/p>\n<p><strong>Capacitancia <\/strong><br \/>\nCompruebe condensadores el\u00e9ctricos de arranque y funcionamiento de motores que pudieran presentar problemas. Determine cu\u00e1ndo es necesario sustituir un condensador el\u00e9ctrico. <\/p>\n<p><strong>Cables de prueba Molex<\/strong> Cambie sus puntas de cable convencionales por puntas Molex superfinas para obtener lecturas en circuitos de dif\u00edcil acceso.<\/p>\n<p><strong>Colgador magn\u00e9tico<\/strong><br \/>\nLa correa de transporte puede voltearse para mantener el medidor fijo en posici\u00f3n. <\/p>\n<p><strong>Y mucho m\u00e1s <\/strong><\/p>\n<ul>\n<li>Funciona con la aplicaci\u00f3n Job Link <\/li>\n<li>Medici\u00f3n de \u00b0F y \u00b0C <\/li>\n<li>Funciones Hold\/Max\/Min <\/li>\n<li>LED y avisador ac\u00fastico de alta tensi\u00f3n <\/li>\n<li>Tensi\u00f3n sin contacto <\/li>\n<li>LED y avisador ac\u00fastico <\/li>\n<li>LED y avisador ac\u00fastico de continuidad <\/li>\n<li>Comprobaci\u00f3n de diodos <\/li>\n<li>Calibraci\u00f3n de temperatura sencilla <\/li>\n<li>Microamperios de CC <\/li>\n<li>Frecuencia (Hz) a trav\u00e9s de la pinza <\/li>\n<li>Escala baja de ohmios para devanados de motor <\/li>\n<li>CAT III 1000 V <\/li>\n<li>CAT IV 600 V <\/li>\n<li>Resoluci\u00f3n de 0,01\u00a0A\u00a0CA <\/li>\n<li>Pantalla retroiluminada <\/li>\n<li>Desconexi\u00f3n autom\u00e1tica <\/li>\n<\/ul>\n<p>Incluye:  <\/p>\n<ul>\n<li>SC480 <\/li>\n<li>Termopar ATB1 <\/li>\n<li>Cables con pinzas de cocodrilo ASA2 <\/li>\n<li>Cables de silicona ADLS2 <\/li>\n<li>Estuche acolchado ANC12 <\/li>\n<li>Puntas Molex RCT2 <\/li>\n<\/ul>\n","protected":false},"excerpt":{"rendered":"<p>Conexi\u00f3n inal\u00e1mbrica directa al sistema Job Link\u00ae para documentaci\u00f3n el\u00e9ctrica Filtro de paso bajo para sistemas de variadores de frecuencia &#8230;<\/p>\n","protected":false},"featured_media":29257,"comment_status":"open","ping_status":"closed","template":"","meta":{"_acf_changed":false},"product_brand":[],"product_cat":[133,222,132,207],"product_tag":[],"class_list":{"0":"post-29255","1":"product","2":"type-product","3":"status-publish","4":"has-post-thumbnail","6":"product_cat-electrical-meters-es-2","7":"product_cat-meters-es","8":"product_cat-clamp-meters-es-2","9":"product_cat-job-link-system-es","11":"first","12":"instock","13":"shipping-taxable","14":"product-type-simple"},"acf":[],"yoast_head":"<!-- This site is optimized with the Yoast SEO plugin v27.4 - https:\/\/yoast.com\/product\/yoast-seo-wordpress\/ -->\n<title>Pinza amperim\u00e9trica inal\u00e1mbrica SC480 - Fieldpiece Instruments<\/title>\n<meta name=\"robots\" content=\"index, follow, max-snippet:-1, max-image-preview:large, max-video-preview:-1\" \/>\n<link rel=\"canonical\" href=\"https:\/\/www.fieldpiece.com\/es\/producto\/sc480-wireless-power-clamp-meter\/\" \/>\n<meta property=\"og:locale\" content=\"es_ES\" \/>\n<meta property=\"og:type\" content=\"article\" \/>\n<meta property=\"og:title\" content=\"Pinza amperim\u00e9trica inal\u00e1mbrica SC480 - Fieldpiece Instruments\" \/>\n<meta property=\"og:description\" content=\"Conexi\u00f3n inal\u00e1mbrica directa al sistema Job Link\u00ae para documentaci\u00f3n el\u00e9ctrica Filtro de paso bajo para sistemas de variadores de frecuencia ...\" \/>\n<meta property=\"og:url\" content=\"https:\/\/www.fieldpiece.com\/es\/producto\/sc480-wireless-power-clamp-meter\/\" \/>\n<meta property=\"og:site_name\" content=\"Fieldpiece Instruments\" \/>\n<meta property=\"article:modified_time\" content=\"2023-04-27T07:11:42+00:00\" \/>\n<meta property=\"og:image\" content=\"https:\/\/resources.fieldpiece.com\/wp-content\/uploads\/2021\/01\/SC480-SRC-Product.png\" \/>\n\t<meta property=\"og:image:width\" content=\"470\" \/>\n\t<meta property=\"og:image:height\" content=\"470\" \/>\n\t<meta property=\"og:image:type\" content=\"image\/png\" \/>\n<meta name=\"twitter:card\" content=\"summary_large_image\" \/>\n<meta name=\"twitter:label1\" content=\"Tiempo de lectura\" \/>\n\t<meta name=\"twitter:data1\" content=\"2 minutos\" \/>\n<script type=\"application\/ld+json\" class=\"yoast-schema-graph\">{\"@context\":\"https:\\\/\\\/schema.org\",\"@graph\":[{\"@type\":\"WebPage\",\"@id\":\"https:\\\/\\\/www.fieldpiece.com\\\/es\\\/producto\\\/sc480-wireless-power-clamp-meter\\\/\",\"url\":\"https:\\\/\\\/www.fieldpiece.com\\\/es\\\/producto\\\/sc480-wireless-power-clamp-meter\\\/\",\"name\":\"Pinza amperim\u00e9trica inal\u00e1mbrica SC480 - Fieldpiece Instruments\",\"isPartOf\":{\"@id\":\"https:\\\/\\\/www.fieldpiece.com\\\/es\\\/#website\"},\"primaryImageOfPage\":{\"@id\":\"https:\\\/\\\/www.fieldpiece.com\\\/es\\\/producto\\\/sc480-wireless-power-clamp-meter\\\/#primaryimage\"},\"image\":{\"@id\":\"https:\\\/\\\/www.fieldpiece.com\\\/es\\\/producto\\\/sc480-wireless-power-clamp-meter\\\/#primaryimage\"},\"thumbnailUrl\":\"https:\\\/\\\/resources.fieldpiece.com\\\/wp-content\\\/uploads\\\/2021\\\/01\\\/SC480-SRC-Product.png\",\"datePublished\":\"2020-11-02T11:31:50+00:00\",\"dateModified\":\"2023-04-27T07:11:42+00:00\",\"breadcrumb\":{\"@id\":\"https:\\\/\\\/www.fieldpiece.com\\\/es\\\/producto\\\/sc480-wireless-power-clamp-meter\\\/#breadcrumb\"},\"inLanguage\":\"es\",\"potentialAction\":[{\"@type\":\"ReadAction\",\"target\":[\"https:\\\/\\\/www.fieldpiece.com\\\/es\\\/producto\\\/sc480-wireless-power-clamp-meter\\\/\"]}]},{\"@type\":\"ImageObject\",\"inLanguage\":\"es\",\"@id\":\"https:\\\/\\\/www.fieldpiece.com\\\/es\\\/producto\\\/sc480-wireless-power-clamp-meter\\\/#primaryimage\",\"url\":\"https:\\\/\\\/resources.fieldpiece.com\\\/wp-content\\\/uploads\\\/2021\\\/01\\\/SC480-SRC-Product.png\",\"contentUrl\":\"https:\\\/\\\/resources.fieldpiece.com\\\/wp-content\\\/uploads\\\/2021\\\/01\\\/SC480-SRC-Product.png\",\"width\":470,\"height\":470,\"caption\":\"SC480 - 600A Wireless Power Clamp Meter\"},{\"@type\":\"BreadcrumbList\",\"@id\":\"https:\\\/\\\/www.fieldpiece.com\\\/es\\\/producto\\\/sc480-wireless-power-clamp-meter\\\/#breadcrumb\",\"itemListElement\":[{\"@type\":\"ListItem\",\"position\":1,\"name\":\"Home\",\"item\":\"https:\\\/\\\/www.fieldpiece.com\\\/es\\\/\"},{\"@type\":\"ListItem\",\"position\":2,\"name\":\"Shop\",\"item\":\"https:\\\/\\\/www.fieldpiece.com\\\/shop\\\/\"},{\"@type\":\"ListItem\",\"position\":3,\"name\":\"Pinza amperim\u00e9trica inal\u00e1mbrica SC480\"}]},{\"@type\":\"WebSite\",\"@id\":\"https:\\\/\\\/www.fieldpiece.com\\\/es\\\/#website\",\"url\":\"https:\\\/\\\/www.fieldpiece.com\\\/es\\\/\",\"name\":\"Fieldpiece Instruments\",\"description\":\"\",\"publisher\":{\"@id\":\"https:\\\/\\\/www.fieldpiece.com\\\/es\\\/#organization\"},\"potentialAction\":[{\"@type\":\"SearchAction\",\"target\":{\"@type\":\"EntryPoint\",\"urlTemplate\":\"https:\\\/\\\/www.fieldpiece.com\\\/es\\\/?s={search_term_string}\"},\"query-input\":{\"@type\":\"PropertyValueSpecification\",\"valueRequired\":true,\"valueName\":\"search_term_string\"}}],\"inLanguage\":\"es\"},{\"@type\":\"Organization\",\"@id\":\"https:\\\/\\\/www.fieldpiece.com\\\/es\\\/#organization\",\"name\":\"Fieldpiece Instruments\",\"url\":\"https:\\\/\\\/www.fieldpiece.com\\\/es\\\/\",\"logo\":{\"@type\":\"ImageObject\",\"inLanguage\":\"es\",\"@id\":\"https:\\\/\\\/www.fieldpiece.com\\\/es\\\/#\\\/schema\\\/logo\\\/image\\\/\",\"url\":\"https:\\\/\\\/resources.fieldpiece.com\\\/wp-content\\\/uploads\\\/2021\\\/02\\\/Logos-490x358-1.jpg\",\"contentUrl\":\"https:\\\/\\\/resources.fieldpiece.com\\\/wp-content\\\/uploads\\\/2021\\\/02\\\/Logos-490x358-1.jpg\",\"width\":490,\"height\":358,\"caption\":\"Fieldpiece Instruments\"},\"image\":{\"@id\":\"https:\\\/\\\/www.fieldpiece.com\\\/es\\\/#\\\/schema\\\/logo\\\/image\\\/\"}}]}<\/script>\n<!-- \/ Yoast SEO plugin. -->","yoast_head_json":{"title":"Pinza amperim\u00e9trica inal\u00e1mbrica SC480 - Fieldpiece Instruments","robots":{"index":"index","follow":"follow","max-snippet":"max-snippet:-1","max-image-preview":"max-image-preview:large","max-video-preview":"max-video-preview:-1"},"canonical":"https:\/\/www.fieldpiece.com\/es\/producto\/sc480-wireless-power-clamp-meter\/","og_locale":"es_ES","og_type":"article","og_title":"Pinza amperim\u00e9trica inal\u00e1mbrica SC480 - Fieldpiece Instruments","og_description":"Conexi\u00f3n inal\u00e1mbrica directa al sistema Job Link\u00ae para documentaci\u00f3n el\u00e9ctrica Filtro de paso bajo para sistemas de variadores de frecuencia ...","og_url":"https:\/\/www.fieldpiece.com\/es\/producto\/sc480-wireless-power-clamp-meter\/","og_site_name":"Fieldpiece Instruments","article_modified_time":"2023-04-27T07:11:42+00:00","og_image":[{"width":470,"height":470,"url":"https:\/\/resources.fieldpiece.com\/wp-content\/uploads\/2021\/01\/SC480-SRC-Product.png","type":"image\/png"}],"twitter_card":"summary_large_image","twitter_misc":{"Tiempo de lectura":"2 minutos"},"schema":{"@context":"https:\/\/schema.org","@graph":[{"@type":"WebPage","@id":"https:\/\/www.fieldpiece.com\/es\/producto\/sc480-wireless-power-clamp-meter\/","url":"https:\/\/www.fieldpiece.com\/es\/producto\/sc480-wireless-power-clamp-meter\/","name":"Pinza amperim\u00e9trica inal\u00e1mbrica SC480 - Fieldpiece Instruments","isPartOf":{"@id":"https:\/\/www.fieldpiece.com\/es\/#website"},"primaryImageOfPage":{"@id":"https:\/\/www.fieldpiece.com\/es\/producto\/sc480-wireless-power-clamp-meter\/#primaryimage"},"image":{"@id":"https:\/\/www.fieldpiece.com\/es\/producto\/sc480-wireless-power-clamp-meter\/#primaryimage"},"thumbnailUrl":"https:\/\/resources.fieldpiece.com\/wp-content\/uploads\/2021\/01\/SC480-SRC-Product.png","datePublished":"2020-11-02T11:31:50+00:00","dateModified":"2023-04-27T07:11:42+00:00","breadcrumb":{"@id":"https:\/\/www.fieldpiece.com\/es\/producto\/sc480-wireless-power-clamp-meter\/#breadcrumb"},"inLanguage":"es","potentialAction":[{"@type":"ReadAction","target":["https:\/\/www.fieldpiece.com\/es\/producto\/sc480-wireless-power-clamp-meter\/"]}]},{"@type":"ImageObject","inLanguage":"es","@id":"https:\/\/www.fieldpiece.com\/es\/producto\/sc480-wireless-power-clamp-meter\/#primaryimage","url":"https:\/\/resources.fieldpiece.com\/wp-content\/uploads\/2021\/01\/SC480-SRC-Product.png","contentUrl":"https:\/\/resources.fieldpiece.com\/wp-content\/uploads\/2021\/01\/SC480-SRC-Product.png","width":470,"height":470,"caption":"SC480 - 600A Wireless Power Clamp Meter"},{"@type":"BreadcrumbList","@id":"https:\/\/www.fieldpiece.com\/es\/producto\/sc480-wireless-power-clamp-meter\/#breadcrumb","itemListElement":[{"@type":"ListItem","position":1,"name":"Home","item":"https:\/\/www.fieldpiece.com\/es\/"},{"@type":"ListItem","position":2,"name":"Shop","item":"https:\/\/www.fieldpiece.com\/shop\/"},{"@type":"ListItem","position":3,"name":"Pinza amperim\u00e9trica inal\u00e1mbrica SC480"}]},{"@type":"WebSite","@id":"https:\/\/www.fieldpiece.com\/es\/#website","url":"https:\/\/www.fieldpiece.com\/es\/","name":"Fieldpiece Instruments","description":"","publisher":{"@id":"https:\/\/www.fieldpiece.com\/es\/#organization"},"potentialAction":[{"@type":"SearchAction","target":{"@type":"EntryPoint","urlTemplate":"https:\/\/www.fieldpiece.com\/es\/?s={search_term_string}"},"query-input":{"@type":"PropertyValueSpecification","valueRequired":true,"valueName":"search_term_string"}}],"inLanguage":"es"},{"@type":"Organization","@id":"https:\/\/www.fieldpiece.com\/es\/#organization","name":"Fieldpiece Instruments","url":"https:\/\/www.fieldpiece.com\/es\/","logo":{"@type":"ImageObject","inLanguage":"es","@id":"https:\/\/www.fieldpiece.com\/es\/#\/schema\/logo\/image\/","url":"https:\/\/resources.fieldpiece.com\/wp-content\/uploads\/2021\/02\/Logos-490x358-1.jpg","contentUrl":"https:\/\/resources.fieldpiece.com\/wp-content\/uploads\/2021\/02\/Logos-490x358-1.jpg","width":490,"height":358,"caption":"Fieldpiece Instruments"},"image":{"@id":"https:\/\/www.fieldpiece.com\/es\/#\/schema\/logo\/image\/"}}]}},"_links":{"self":[{"href":"https:\/\/www.fieldpiece.com\/es\/wp-json\/wp\/v2\/product\/29255","targetHints":{"allow":["GET"]}}],"collection":[{"href":"https:\/\/www.fieldpiece.com\/es\/wp-json\/wp\/v2\/product"}],"about":[{"href":"https:\/\/www.fieldpiece.com\/es\/wp-json\/wp\/v2\/types\/product"}],"replies":[{"embeddable":true,"href":"https:\/\/www.fieldpiece.com\/es\/wp-json\/wp\/v2\/comments?post=29255"}],"wp:featuredmedia":[{"embeddable":true,"href":"https:\/\/www.fieldpiece.com\/es\/wp-json\/wp\/v2\/media\/29257"}],"wp:attachment":[{"href":"https:\/\/www.fieldpiece.com\/es\/wp-json\/wp\/v2\/media?parent=29255"}],"wp:term":[{"taxonomy":"product_brand","embeddable":true,"href":"https:\/\/www.fieldpiece.com\/es\/wp-json\/wp\/v2\/product_brand?post=29255"},{"taxonomy":"product_cat","embeddable":true,"href":"https:\/\/www.fieldpiece.com\/es\/wp-json\/wp\/v2\/product_cat?post=29255"},{"taxonomy":"product_tag","embeddable":true,"href":"https:\/\/www.fieldpiece.com\/es\/wp-json\/wp\/v2\/product_tag?post=29255"}],"curies":[{"name":"wp","href":"https:\/\/api.w.org\/{rel}","templated":true}]}}