	{"id":29099,"date":"2020-11-02T11:30:19","date_gmt":"2023-04-26T12:41:11","guid":{"rendered":"https:\/\/www.fieldpiece.com\/product\/bg44-service-tool-bag\/"},"modified":"2023-04-26T05:43:08","modified_gmt":"2023-04-26T12:43:08","slug":"bg44-service-tool-bag","status":"publish","type":"product","link":"https:\/\/www.fieldpiece.com\/es\/producto\/bg44-service-tool-bag\/","title":{"rendered":"BG44 &#8211; Bolsa para herramientas de servicio"},"content":{"rendered":"<p>Bastidor para herramientas de mano, elevado y resistente<br \/>\nBolsillos acolchados para proteger los medidores<br \/>\nBandeja magn\u00e9tica<br \/>\nCorrea de transporte simple de f\u00e1cil manejo<br \/>\nDise\u00f1o compacto y resistente <\/p>\n<p>La bolsa para herramientas de servicio BG44 ha sido dise\u00f1ada para las necesidades espec\u00edficas de los profesionales de la climatizaci\u00f3n.\u00a0 Su sistema de correa simple permite coloc\u00e1rsela y quit\u00e1rsela f\u00e1cilmente, y sus bolsillos laterales acolchados protegen los instrumentos de prueba al tiempo que proporcionan un acceso sencillo. <\/p>\n<p>El bastidor interior para herramientas aloja las herramientas manuales garantizando un acceso sencillo y una gran visibilidad para que no se olvide ninguna.\u00a0 Entre sus accesorios especiales se incluyen una bandeja magn\u00e9tica, correa para botella de agua\/pulverizador insecticida, correa para cinta aislante, bandejita de pl\u00e1stico de almacenamiento en el fondo, y portabrocas.<\/p>\n<p>Esta bolsa compacta y resistente se acomoda al cuerpo para permitirle maniobrar en espacios reducidos, como s\u00f3tanos o escaleras con jaula. <\/p>\n<p>La BG44 tiene un espacio reservado para todas las herramientas m\u00e1s comunes que utilizan los profesionales de la climatizaci\u00f3n y la refrigeraci\u00f3n. <\/p>\n<p>Incluye:  <\/p>\n<ul>\n<li>Bastidor para herramientas, para aproximadamente 11 destornilladores\/llaves de tuercas y 8 alicates <\/li>\n<li>Bolsillos\n<ul>\n<li style=\"list-style-type: none;\">\n<ol>\n<li>4 acolchados para medidores <\/li>\n<li>1 acolchado para una tableta peque\u00f1a <\/li>\n<li>8 para llaves <\/li>\n<li>2 para juegos de llaves hexagonales <\/li>\n<li>1 delantero con solapa para diversas herramientas <\/li>\n<li>2 laterales para diversas herramientas <\/li>\n<li>1 interior con cierre de cremallera <\/li>\n<li>1 espacio de fondo con cierre de cremallera <\/li>\n<\/ol>\n<\/li>\n<\/ul>\n<\/li>\n<li>Accesorios\n<ul>\n<li style=\"list-style-type: none;\">\n<ul>\n<li>1 correa con cincha para taladro\/destornillador <\/li>\n<li>1 correa para botella de agua <\/li>\n<li>1 correa de lazo de cinta <\/li>\n<\/ul>\n<\/li>\n<\/ul>\n<\/li>\n<li>Dimensiones: \u00a0\u00a0 \u00a0altura 19\u201d x ancho 14\u201d x profundidad 6\u201d <\/li>\n<\/ul>\n","protected":false},"excerpt":{"rendered":"<p>Bastidor para herramientas de mano, elevado y resistente Bolsillos acolchados para proteger los medidores Bandeja magn\u00e9tica Correa de transporte simple &#8230;<\/p>\n","protected":false},"featured_media":118710,"comment_status":"open","ping_status":"closed","template":"","meta":{"_acf_changed":false},"product_brand":[],"product_cat":[280,160],"product_tag":[],"class_list":{"0":"post-29099","1":"product","2":"type-product","3":"status-publish","4":"has-post-thumbnail","6":"product_cat-bags-es","7":"product_cat-other-es-2","9":"first","10":"instock","11":"shipping-taxable","12":"product-type-simple"},"acf":[],"yoast_head":"<!-- This site is optimized with the Yoast SEO plugin v27.3 - https:\/\/yoast.com\/product\/yoast-seo-wordpress\/ -->\n<title>BG44 - Bolsa para herramientas de servicio - Fieldpiece Instruments<\/title>\n<meta name=\"robots\" content=\"index, follow, max-snippet:-1, max-image-preview:large, max-video-preview:-1\" \/>\n<link rel=\"canonical\" href=\"https:\/\/www.fieldpiece.com\/es\/producto\/bg44-service-tool-bag\/\" \/>\n<meta property=\"og:locale\" content=\"es_ES\" \/>\n<meta property=\"og:type\" content=\"article\" \/>\n<meta property=\"og:title\" content=\"BG44 - Bolsa para herramientas de servicio - Fieldpiece Instruments\" \/>\n<meta property=\"og:description\" content=\"Bastidor para herramientas de mano, elevado y resistente Bolsillos acolchados para proteger los medidores Bandeja magn\u00e9tica Correa de transporte simple ...\" \/>\n<meta property=\"og:url\" content=\"https:\/\/www.fieldpiece.com\/es\/producto\/bg44-service-tool-bag\/\" \/>\n<meta property=\"og:site_name\" content=\"Fieldpiece Instruments\" \/>\n<meta property=\"article:modified_time\" content=\"2023-04-26T12:43:08+00:00\" \/>\n<meta property=\"og:image\" content=\"https:\/\/resources.fieldpiece.com\/wp-content\/uploads\/2020\/11\/BG44-Web-01-v2.png\" \/>\n\t<meta property=\"og:image:width\" content=\"470\" \/>\n\t<meta property=\"og:image:height\" content=\"470\" \/>\n\t<meta property=\"og:image:type\" content=\"image\/png\" \/>\n<meta name=\"twitter:card\" content=\"summary_large_image\" \/>\n<meta name=\"twitter:label1\" content=\"Tiempo de lectura\" \/>\n\t<meta name=\"twitter:data1\" content=\"1 minuto\" \/>\n<script type=\"application\/ld+json\" class=\"yoast-schema-graph\">{\"@context\":\"https:\\\/\\\/schema.org\",\"@graph\":[{\"@type\":\"WebPage\",\"@id\":\"https:\\\/\\\/www.fieldpiece.com\\\/es\\\/producto\\\/bg44-service-tool-bag\\\/\",\"url\":\"https:\\\/\\\/www.fieldpiece.com\\\/es\\\/producto\\\/bg44-service-tool-bag\\\/\",\"name\":\"BG44 - Bolsa para herramientas de servicio - Fieldpiece Instruments\",\"isPartOf\":{\"@id\":\"https:\\\/\\\/www.fieldpiece.com\\\/es\\\/#website\"},\"primaryImageOfPage\":{\"@id\":\"https:\\\/\\\/www.fieldpiece.com\\\/es\\\/producto\\\/bg44-service-tool-bag\\\/#primaryimage\"},\"image\":{\"@id\":\"https:\\\/\\\/www.fieldpiece.com\\\/es\\\/producto\\\/bg44-service-tool-bag\\\/#primaryimage\"},\"thumbnailUrl\":\"https:\\\/\\\/resources.fieldpiece.com\\\/wp-content\\\/uploads\\\/2020\\\/11\\\/BG44-Web-01-v2.png\",\"datePublished\":\"2023-04-26T12:41:11+00:00\",\"dateModified\":\"2023-04-26T12:43:08+00:00\",\"breadcrumb\":{\"@id\":\"https:\\\/\\\/www.fieldpiece.com\\\/es\\\/producto\\\/bg44-service-tool-bag\\\/#breadcrumb\"},\"inLanguage\":\"es\",\"potentialAction\":[{\"@type\":\"ReadAction\",\"target\":[\"https:\\\/\\\/www.fieldpiece.com\\\/es\\\/producto\\\/bg44-service-tool-bag\\\/\"]}]},{\"@type\":\"ImageObject\",\"inLanguage\":\"es\",\"@id\":\"https:\\\/\\\/www.fieldpiece.com\\\/es\\\/producto\\\/bg44-service-tool-bag\\\/#primaryimage\",\"url\":\"https:\\\/\\\/resources.fieldpiece.com\\\/wp-content\\\/uploads\\\/2020\\\/11\\\/BG44-Web-01-v2.png\",\"contentUrl\":\"https:\\\/\\\/resources.fieldpiece.com\\\/wp-content\\\/uploads\\\/2020\\\/11\\\/BG44-Web-01-v2.png\",\"width\":470,\"height\":470},{\"@type\":\"BreadcrumbList\",\"@id\":\"https:\\\/\\\/www.fieldpiece.com\\\/es\\\/producto\\\/bg44-service-tool-bag\\\/#breadcrumb\",\"itemListElement\":[{\"@type\":\"ListItem\",\"position\":1,\"name\":\"Home\",\"item\":\"https:\\\/\\\/www.fieldpiece.com\\\/es\\\/\"},{\"@type\":\"ListItem\",\"position\":2,\"name\":\"Shop\",\"item\":\"https:\\\/\\\/www.fieldpiece.com\\\/shop\\\/\"},{\"@type\":\"ListItem\",\"position\":3,\"name\":\"BG44 &#8211; Bolsa para herramientas de servicio\"}]},{\"@type\":\"WebSite\",\"@id\":\"https:\\\/\\\/www.fieldpiece.com\\\/es\\\/#website\",\"url\":\"https:\\\/\\\/www.fieldpiece.com\\\/es\\\/\",\"name\":\"Fieldpiece Instruments\",\"description\":\"\",\"publisher\":{\"@id\":\"https:\\\/\\\/www.fieldpiece.com\\\/es\\\/#organization\"},\"potentialAction\":[{\"@type\":\"SearchAction\",\"target\":{\"@type\":\"EntryPoint\",\"urlTemplate\":\"https:\\\/\\\/www.fieldpiece.com\\\/es\\\/?s={search_term_string}\"},\"query-input\":{\"@type\":\"PropertyValueSpecification\",\"valueRequired\":true,\"valueName\":\"search_term_string\"}}],\"inLanguage\":\"es\"},{\"@type\":\"Organization\",\"@id\":\"https:\\\/\\\/www.fieldpiece.com\\\/es\\\/#organization\",\"name\":\"Fieldpiece Instruments\",\"url\":\"https:\\\/\\\/www.fieldpiece.com\\\/es\\\/\",\"logo\":{\"@type\":\"ImageObject\",\"inLanguage\":\"es\",\"@id\":\"https:\\\/\\\/www.fieldpiece.com\\\/es\\\/#\\\/schema\\\/logo\\\/image\\\/\",\"url\":\"https:\\\/\\\/resources.fieldpiece.com\\\/wp-content\\\/uploads\\\/2021\\\/02\\\/Logos-490x358-1.jpg\",\"contentUrl\":\"https:\\\/\\\/resources.fieldpiece.com\\\/wp-content\\\/uploads\\\/2021\\\/02\\\/Logos-490x358-1.jpg\",\"width\":490,\"height\":358,\"caption\":\"Fieldpiece Instruments\"},\"image\":{\"@id\":\"https:\\\/\\\/www.fieldpiece.com\\\/es\\\/#\\\/schema\\\/logo\\\/image\\\/\"}}]}<\/script>\n<!-- \/ Yoast SEO plugin. -->","yoast_head_json":{"title":"BG44 - Bolsa para herramientas de servicio - Fieldpiece Instruments","robots":{"index":"index","follow":"follow","max-snippet":"max-snippet:-1","max-image-preview":"max-image-preview:large","max-video-preview":"max-video-preview:-1"},"canonical":"https:\/\/www.fieldpiece.com\/es\/producto\/bg44-service-tool-bag\/","og_locale":"es_ES","og_type":"article","og_title":"BG44 - Bolsa para herramientas de servicio - Fieldpiece Instruments","og_description":"Bastidor para herramientas de mano, elevado y resistente Bolsillos acolchados para proteger los medidores Bandeja magn\u00e9tica Correa de transporte simple ...","og_url":"https:\/\/www.fieldpiece.com\/es\/producto\/bg44-service-tool-bag\/","og_site_name":"Fieldpiece Instruments","article_modified_time":"2023-04-26T12:43:08+00:00","og_image":[{"width":470,"height":470,"url":"https:\/\/resources.fieldpiece.com\/wp-content\/uploads\/2020\/11\/BG44-Web-01-v2.png","type":"image\/png"}],"twitter_card":"summary_large_image","twitter_misc":{"Tiempo de lectura":"1 minuto"},"schema":{"@context":"https:\/\/schema.org","@graph":[{"@type":"WebPage","@id":"https:\/\/www.fieldpiece.com\/es\/producto\/bg44-service-tool-bag\/","url":"https:\/\/www.fieldpiece.com\/es\/producto\/bg44-service-tool-bag\/","name":"BG44 - Bolsa para herramientas de servicio - Fieldpiece Instruments","isPartOf":{"@id":"https:\/\/www.fieldpiece.com\/es\/#website"},"primaryImageOfPage":{"@id":"https:\/\/www.fieldpiece.com\/es\/producto\/bg44-service-tool-bag\/#primaryimage"},"image":{"@id":"https:\/\/www.fieldpiece.com\/es\/producto\/bg44-service-tool-bag\/#primaryimage"},"thumbnailUrl":"https:\/\/resources.fieldpiece.com\/wp-content\/uploads\/2020\/11\/BG44-Web-01-v2.png","datePublished":"2023-04-26T12:41:11+00:00","dateModified":"2023-04-26T12:43:08+00:00","breadcrumb":{"@id":"https:\/\/www.fieldpiece.com\/es\/producto\/bg44-service-tool-bag\/#breadcrumb"},"inLanguage":"es","potentialAction":[{"@type":"ReadAction","target":["https:\/\/www.fieldpiece.com\/es\/producto\/bg44-service-tool-bag\/"]}]},{"@type":"ImageObject","inLanguage":"es","@id":"https:\/\/www.fieldpiece.com\/es\/producto\/bg44-service-tool-bag\/#primaryimage","url":"https:\/\/resources.fieldpiece.com\/wp-content\/uploads\/2020\/11\/BG44-Web-01-v2.png","contentUrl":"https:\/\/resources.fieldpiece.com\/wp-content\/uploads\/2020\/11\/BG44-Web-01-v2.png","width":470,"height":470},{"@type":"BreadcrumbList","@id":"https:\/\/www.fieldpiece.com\/es\/producto\/bg44-service-tool-bag\/#breadcrumb","itemListElement":[{"@type":"ListItem","position":1,"name":"Home","item":"https:\/\/www.fieldpiece.com\/es\/"},{"@type":"ListItem","position":2,"name":"Shop","item":"https:\/\/www.fieldpiece.com\/shop\/"},{"@type":"ListItem","position":3,"name":"BG44 &#8211; Bolsa para herramientas de servicio"}]},{"@type":"WebSite","@id":"https:\/\/www.fieldpiece.com\/es\/#website","url":"https:\/\/www.fieldpiece.com\/es\/","name":"Fieldpiece Instruments","description":"","publisher":{"@id":"https:\/\/www.fieldpiece.com\/es\/#organization"},"potentialAction":[{"@type":"SearchAction","target":{"@type":"EntryPoint","urlTemplate":"https:\/\/www.fieldpiece.com\/es\/?s={search_term_string}"},"query-input":{"@type":"PropertyValueSpecification","valueRequired":true,"valueName":"search_term_string"}}],"inLanguage":"es"},{"@type":"Organization","@id":"https:\/\/www.fieldpiece.com\/es\/#organization","name":"Fieldpiece Instruments","url":"https:\/\/www.fieldpiece.com\/es\/","logo":{"@type":"ImageObject","inLanguage":"es","@id":"https:\/\/www.fieldpiece.com\/es\/#\/schema\/logo\/image\/","url":"https:\/\/resources.fieldpiece.com\/wp-content\/uploads\/2021\/02\/Logos-490x358-1.jpg","contentUrl":"https:\/\/resources.fieldpiece.com\/wp-content\/uploads\/2021\/02\/Logos-490x358-1.jpg","width":490,"height":358,"caption":"Fieldpiece Instruments"},"image":{"@id":"https:\/\/www.fieldpiece.com\/es\/#\/schema\/logo\/image\/"}}]}},"_links":{"self":[{"href":"https:\/\/www.fieldpiece.com\/es\/wp-json\/wp\/v2\/product\/29099","targetHints":{"allow":["GET"]}}],"collection":[{"href":"https:\/\/www.fieldpiece.com\/es\/wp-json\/wp\/v2\/product"}],"about":[{"href":"https:\/\/www.fieldpiece.com\/es\/wp-json\/wp\/v2\/types\/product"}],"replies":[{"embeddable":true,"href":"https:\/\/www.fieldpiece.com\/es\/wp-json\/wp\/v2\/comments?post=29099"}],"wp:featuredmedia":[{"embeddable":true,"href":"https:\/\/www.fieldpiece.com\/es\/wp-json\/wp\/v2\/media\/118710"}],"wp:attachment":[{"href":"https:\/\/www.fieldpiece.com\/es\/wp-json\/wp\/v2\/media?parent=29099"}],"wp:term":[{"taxonomy":"product_brand","embeddable":true,"href":"https:\/\/www.fieldpiece.com\/es\/wp-json\/wp\/v2\/product_brand?post=29099"},{"taxonomy":"product_cat","embeddable":true,"href":"https:\/\/www.fieldpiece.com\/es\/wp-json\/wp\/v2\/product_cat?post=29099"},{"taxonomy":"product_tag","embeddable":true,"href":"https:\/\/www.fieldpiece.com\/es\/wp-json\/wp\/v2\/product_tag?post=29099"}],"curies":[{"name":"wp","href":"https:\/\/api.w.org\/{rel}","templated":true}]}}