	{"id":28996,"date":"2020-11-02T11:31:57","date_gmt":"2020-11-02T11:31:57","guid":{"rendered":"https:\/\/www.fieldpiece.com\/product\/jl3km2-job-link-system-dual-port-manometer-probe-kit\/"},"modified":"2023-04-26T05:41:03","modified_gmt":"2023-04-26T12:41:03","slug":"jl3km2-job-link-system-dual-port-manometer-probe-kit","status":"publish","type":"product","link":"https:\/\/www.fieldpiece.com\/es\/producto\/jl3km2-job-link-system-dual-port-manometer-probe-kit\/","title":{"rendered":"JL3KM2 &#8211; Kit de sonda de man\u00f3metro de dos puertos del sistema Job Link\u00ae"},"content":{"rendered":"<p>Alcance inal\u00e1mbrico de 106 metros (350 pies)<br \/>\nColocaci\u00f3n precisa gracias a su dise\u00f1o sin cables<br \/>\nPresi\u00f3n manom\u00e9trica, est\u00e1tica y de gas, todo en uno<br \/>\nRegistra hasta 8 lecturas a la vez* en la aplicaci\u00f3n Job Link <\/p>\n<p>Las revolucionarias y novedosas sondas manom\u00e9tricas JL3KM2 del sistema Job Link\u00ae dan a los profesionales de la climatizaci\u00f3n y la refrigeraci\u00f3n la libertad para trabajar con la m\u00e1xima comodidad y sin las limitaciones de mangueras, para obtener sus lecturas siempre desde la ubicaci\u00f3n \u00f3ptima de cada sistema. <\/p>\n<p>Mientras que sus mangueras cortas mantienen el espacio despejado, sus sensores independientes pueden colocarse directamente en los puertos de prueba. Mida entre zonas sin tener que pasar la manguera por debajo de la puerta Acceda a la presi\u00f3n de gas de los hornos. Optimice la presi\u00f3n est\u00e1tica externa total de los equipos. Detecte fugas y obstrucciones en conductos. Aumente el confort y sea m\u00e1s eficiente. <\/p>\n<p>A diferencia de los man\u00f3metros de dos puertos convencionales, el revolucionario dise\u00f1o sin cables de Fieldpiece permite a los contratistas colocar cada sonda de forma independiente en las ubicaciones exactas para visualizar hasta 8 lecturas de presi\u00f3n confiables a la vez*, todas ellas enviadas directamente a la aplicaci\u00f3n Job Link de Fieldpiece para una comodidad m\u00e1xima. <\/p>\n<p>Mida y visualice la presi\u00f3n est\u00e1tica externa total, de retorno y de alimentaci\u00f3n en tiempo real a la vez desde 106 metros (350 pies) de distancia.\u00a0 Obtenga mediciones simples, dobles o de varios puertos con la libertad de trabajar desde cualquier ubicaci\u00f3n del lugar de trabajo que los t\u00e9cnicos necesitan. Ahora, ellos ya pueden disfrutar de la versatilidad que siempre han demandado.<\/p>\n<p>*Mediciones dobles disponibles en el momento del lanzamiento. Hasta 8 mediciones disponibles en el verano de 2020. Tambi\u00e9n hay disponibles sondas individuales con el n\u00famero de pieza JL3MN.<\/p>\n<p><b>Kit de man\u00f3metro Job Link JL3KM2<\/b><\/p>\n<ul>\n<li style=\"font-weight: 400;\"><span style=\"font-weight: 400;\">Medici\u00f3n de presi\u00f3n confiable independientemente de la ubicaci\u00f3n<\/span><\/li>\n<li style=\"font-weight: 400;\"><span style=\"font-weight: 400;\">Medici\u00f3n inal\u00e1mbrica de largo alcance<\/span><\/li>\n<li style=\"font-weight: 400;\"><span style=\"font-weight: 400;\">Presi\u00f3n manom\u00e9trica, de gas y est\u00e1tica, todo en uno<\/span><\/li>\n<li style=\"font-weight: 400;\"><span style=\"font-weight: 400;\">Mediciones exactas y estables<\/span><\/li>\n<li style=\"font-weight: 400;\"><span style=\"font-weight: 400;\">Lecturas de presi\u00f3n individuales<\/span><\/li>\n<li style=\"font-weight: 400;\"><span style=\"font-weight: 400;\">Detecte las presiones de gas de entrada y de salida\u00a0<\/span><\/li>\n<li style=\"font-weight: 400;\"><span style=\"font-weight: 400;\">Indicador P1-P2 conmutable<\/span><\/li>\n<li style=\"font-weight: 400;\"><span style=\"font-weight: 400;\">Compatible con la aplicaci\u00f3n del sistema Job Link\u00ae\u00a0<\/span><\/li>\n<li style=\"font-weight: 400;\"><span style=\"font-weight: 400;\">F\u00e1cil de poner a cero a la atm\u00f3sfera <\/span><\/li>\n<\/ul>\n<p><strong>Incluye: \u00a0<\/strong> <\/p>\n<ul>\n<li style=\"font-weight: 400;\"><span style=\"font-weight: 400;\">(2) Sonda manom\u00e9trica JL3MN\u00a0<\/span><\/li>\n<li style=\"font-weight: 400;\"><span style=\"font-weight: 400;\">(2) Manguera y sonda de presi\u00f3n est\u00e1tica ASP2\u00a0<\/span><\/li>\n<li style=\"font-weight: 400;\"><span style=\"font-weight: 400;\">(2) Conexi\u00f3n a tornillo de lat\u00f3n con manguera adicional<\/span><\/li>\n<li style=\"font-weight: 400;\"><span style=\"font-weight: 400;\">(2) Adaptador de gas deslizante<\/span><\/li>\n<li style=\"font-weight: 400;\"><span style=\"font-weight: 400;\">(4) Pilas AAA<\/span><\/li>\n<li style=\"font-weight: 400;\"><span style=\"font-weight: 400;\">(1) Estuche acolchado <\/span><\/li>\n<\/ul>\n","protected":false},"excerpt":{"rendered":"<p>Alcance inal\u00e1mbrico de 106 metros (350 pies) Colocaci\u00f3n precisa gracias a su dise\u00f1o sin cables Presi\u00f3n manom\u00e9trica, est\u00e1tica y de &#8230;<\/p>\n","protected":false},"featured_media":26912,"comment_status":"open","ping_status":"closed","template":"","meta":{"_acf_changed":false},"product_brand":[],"product_cat":[140,141,207,233],"product_tag":[],"class_list":{"0":"post-28996","1":"product","2":"type-product","3":"status-publish","4":"has-post-thumbnail","6":"product_cat-combustion-es-2","7":"product_cat-manometers-es-2","8":"product_cat-job-link-system-es","9":"product_cat-probes-es","11":"first","12":"instock","13":"shipping-taxable","14":"product-type-simple"},"acf":[],"yoast_head":"<!-- This site is optimized with the Yoast SEO plugin v27.3 - https:\/\/yoast.com\/product\/yoast-seo-wordpress\/ -->\n<title>JL3KM2 - Kit de sonda de man\u00f3metro de dos puertos del sistema Job Link\u00ae - Fieldpiece Instruments<\/title>\n<meta name=\"robots\" content=\"index, follow, max-snippet:-1, max-image-preview:large, max-video-preview:-1\" \/>\n<link rel=\"canonical\" href=\"https:\/\/www.fieldpiece.com\/es\/producto\/jl3km2-job-link-system-dual-port-manometer-probe-kit\/\" \/>\n<meta property=\"og:locale\" content=\"es_ES\" \/>\n<meta property=\"og:type\" content=\"article\" \/>\n<meta property=\"og:title\" content=\"JL3KM2 - Kit de sonda de man\u00f3metro de dos puertos del sistema Job Link\u00ae - Fieldpiece Instruments\" \/>\n<meta property=\"og:description\" content=\"Alcance inal\u00e1mbrico de 106 metros (350 pies) Colocaci\u00f3n precisa gracias a su dise\u00f1o sin cables Presi\u00f3n manom\u00e9trica, est\u00e1tica y de ...\" \/>\n<meta property=\"og:url\" content=\"https:\/\/www.fieldpiece.com\/es\/producto\/jl3km2-job-link-system-dual-port-manometer-probe-kit\/\" \/>\n<meta property=\"og:site_name\" content=\"Fieldpiece Instruments\" \/>\n<meta property=\"article:modified_time\" content=\"2023-04-26T12:41:03+00:00\" \/>\n<meta property=\"og:image\" content=\"https:\/\/resources.fieldpiece.com\/wp-content\/uploads\/2021\/01\/JL3-Probes-470x470-01.png\" \/>\n\t<meta property=\"og:image:width\" content=\"470\" \/>\n\t<meta property=\"og:image:height\" content=\"470\" \/>\n\t<meta property=\"og:image:type\" content=\"image\/png\" \/>\n<meta name=\"twitter:card\" content=\"summary_large_image\" \/>\n<meta name=\"twitter:label1\" content=\"Tiempo de lectura\" \/>\n\t<meta name=\"twitter:data1\" content=\"2 minutos\" \/>\n<script type=\"application\/ld+json\" class=\"yoast-schema-graph\">{\"@context\":\"https:\\\/\\\/schema.org\",\"@graph\":[{\"@type\":\"WebPage\",\"@id\":\"https:\\\/\\\/www.fieldpiece.com\\\/es\\\/producto\\\/jl3km2-job-link-system-dual-port-manometer-probe-kit\\\/\",\"url\":\"https:\\\/\\\/www.fieldpiece.com\\\/es\\\/producto\\\/jl3km2-job-link-system-dual-port-manometer-probe-kit\\\/\",\"name\":\"JL3KM2 - Kit de sonda de man\u00f3metro de dos puertos del sistema Job Link\u00ae - Fieldpiece Instruments\",\"isPartOf\":{\"@id\":\"https:\\\/\\\/www.fieldpiece.com\\\/es\\\/#website\"},\"primaryImageOfPage\":{\"@id\":\"https:\\\/\\\/www.fieldpiece.com\\\/es\\\/producto\\\/jl3km2-job-link-system-dual-port-manometer-probe-kit\\\/#primaryimage\"},\"image\":{\"@id\":\"https:\\\/\\\/www.fieldpiece.com\\\/es\\\/producto\\\/jl3km2-job-link-system-dual-port-manometer-probe-kit\\\/#primaryimage\"},\"thumbnailUrl\":\"https:\\\/\\\/resources.fieldpiece.com\\\/wp-content\\\/uploads\\\/2021\\\/01\\\/JL3-Probes-470x470-01.png\",\"datePublished\":\"2020-11-02T11:31:57+00:00\",\"dateModified\":\"2023-04-26T12:41:03+00:00\",\"breadcrumb\":{\"@id\":\"https:\\\/\\\/www.fieldpiece.com\\\/es\\\/producto\\\/jl3km2-job-link-system-dual-port-manometer-probe-kit\\\/#breadcrumb\"},\"inLanguage\":\"es\",\"potentialAction\":[{\"@type\":\"ReadAction\",\"target\":[\"https:\\\/\\\/www.fieldpiece.com\\\/es\\\/producto\\\/jl3km2-job-link-system-dual-port-manometer-probe-kit\\\/\"]}]},{\"@type\":\"ImageObject\",\"inLanguage\":\"es\",\"@id\":\"https:\\\/\\\/www.fieldpiece.com\\\/es\\\/producto\\\/jl3km2-job-link-system-dual-port-manometer-probe-kit\\\/#primaryimage\",\"url\":\"https:\\\/\\\/resources.fieldpiece.com\\\/wp-content\\\/uploads\\\/2021\\\/01\\\/JL3-Probes-470x470-01.png\",\"contentUrl\":\"https:\\\/\\\/resources.fieldpiece.com\\\/wp-content\\\/uploads\\\/2021\\\/01\\\/JL3-Probes-470x470-01.png\",\"width\":470,\"height\":470,\"caption\":\"JL3KM2 Job Link System Dual Port Manometer Probe Kit\"},{\"@type\":\"BreadcrumbList\",\"@id\":\"https:\\\/\\\/www.fieldpiece.com\\\/es\\\/producto\\\/jl3km2-job-link-system-dual-port-manometer-probe-kit\\\/#breadcrumb\",\"itemListElement\":[{\"@type\":\"ListItem\",\"position\":1,\"name\":\"Home\",\"item\":\"https:\\\/\\\/www.fieldpiece.com\\\/es\\\/\"},{\"@type\":\"ListItem\",\"position\":2,\"name\":\"Shop\",\"item\":\"https:\\\/\\\/www.fieldpiece.com\\\/shop\\\/\"},{\"@type\":\"ListItem\",\"position\":3,\"name\":\"JL3KM2 &#8211; Kit de sonda de man\u00f3metro de dos puertos del sistema Job Link\u00ae\"}]},{\"@type\":\"WebSite\",\"@id\":\"https:\\\/\\\/www.fieldpiece.com\\\/es\\\/#website\",\"url\":\"https:\\\/\\\/www.fieldpiece.com\\\/es\\\/\",\"name\":\"Fieldpiece Instruments\",\"description\":\"\",\"publisher\":{\"@id\":\"https:\\\/\\\/www.fieldpiece.com\\\/es\\\/#organization\"},\"potentialAction\":[{\"@type\":\"SearchAction\",\"target\":{\"@type\":\"EntryPoint\",\"urlTemplate\":\"https:\\\/\\\/www.fieldpiece.com\\\/es\\\/?s={search_term_string}\"},\"query-input\":{\"@type\":\"PropertyValueSpecification\",\"valueRequired\":true,\"valueName\":\"search_term_string\"}}],\"inLanguage\":\"es\"},{\"@type\":\"Organization\",\"@id\":\"https:\\\/\\\/www.fieldpiece.com\\\/es\\\/#organization\",\"name\":\"Fieldpiece Instruments\",\"url\":\"https:\\\/\\\/www.fieldpiece.com\\\/es\\\/\",\"logo\":{\"@type\":\"ImageObject\",\"inLanguage\":\"es\",\"@id\":\"https:\\\/\\\/www.fieldpiece.com\\\/es\\\/#\\\/schema\\\/logo\\\/image\\\/\",\"url\":\"https:\\\/\\\/resources.fieldpiece.com\\\/wp-content\\\/uploads\\\/2021\\\/02\\\/Logos-490x358-1.jpg\",\"contentUrl\":\"https:\\\/\\\/resources.fieldpiece.com\\\/wp-content\\\/uploads\\\/2021\\\/02\\\/Logos-490x358-1.jpg\",\"width\":490,\"height\":358,\"caption\":\"Fieldpiece Instruments\"},\"image\":{\"@id\":\"https:\\\/\\\/www.fieldpiece.com\\\/es\\\/#\\\/schema\\\/logo\\\/image\\\/\"}}]}<\/script>\n<!-- \/ Yoast SEO plugin. -->","yoast_head_json":{"title":"JL3KM2 - Kit de sonda de man\u00f3metro de dos puertos del sistema Job Link\u00ae - Fieldpiece Instruments","robots":{"index":"index","follow":"follow","max-snippet":"max-snippet:-1","max-image-preview":"max-image-preview:large","max-video-preview":"max-video-preview:-1"},"canonical":"https:\/\/www.fieldpiece.com\/es\/producto\/jl3km2-job-link-system-dual-port-manometer-probe-kit\/","og_locale":"es_ES","og_type":"article","og_title":"JL3KM2 - Kit de sonda de man\u00f3metro de dos puertos del sistema Job Link\u00ae - Fieldpiece Instruments","og_description":"Alcance inal\u00e1mbrico de 106 metros (350 pies) Colocaci\u00f3n precisa gracias a su dise\u00f1o sin cables Presi\u00f3n manom\u00e9trica, est\u00e1tica y de ...","og_url":"https:\/\/www.fieldpiece.com\/es\/producto\/jl3km2-job-link-system-dual-port-manometer-probe-kit\/","og_site_name":"Fieldpiece Instruments","article_modified_time":"2023-04-26T12:41:03+00:00","og_image":[{"width":470,"height":470,"url":"https:\/\/resources.fieldpiece.com\/wp-content\/uploads\/2021\/01\/JL3-Probes-470x470-01.png","type":"image\/png"}],"twitter_card":"summary_large_image","twitter_misc":{"Tiempo de lectura":"2 minutos"},"schema":{"@context":"https:\/\/schema.org","@graph":[{"@type":"WebPage","@id":"https:\/\/www.fieldpiece.com\/es\/producto\/jl3km2-job-link-system-dual-port-manometer-probe-kit\/","url":"https:\/\/www.fieldpiece.com\/es\/producto\/jl3km2-job-link-system-dual-port-manometer-probe-kit\/","name":"JL3KM2 - Kit de sonda de man\u00f3metro de dos puertos del sistema Job Link\u00ae - Fieldpiece Instruments","isPartOf":{"@id":"https:\/\/www.fieldpiece.com\/es\/#website"},"primaryImageOfPage":{"@id":"https:\/\/www.fieldpiece.com\/es\/producto\/jl3km2-job-link-system-dual-port-manometer-probe-kit\/#primaryimage"},"image":{"@id":"https:\/\/www.fieldpiece.com\/es\/producto\/jl3km2-job-link-system-dual-port-manometer-probe-kit\/#primaryimage"},"thumbnailUrl":"https:\/\/resources.fieldpiece.com\/wp-content\/uploads\/2021\/01\/JL3-Probes-470x470-01.png","datePublished":"2020-11-02T11:31:57+00:00","dateModified":"2023-04-26T12:41:03+00:00","breadcrumb":{"@id":"https:\/\/www.fieldpiece.com\/es\/producto\/jl3km2-job-link-system-dual-port-manometer-probe-kit\/#breadcrumb"},"inLanguage":"es","potentialAction":[{"@type":"ReadAction","target":["https:\/\/www.fieldpiece.com\/es\/producto\/jl3km2-job-link-system-dual-port-manometer-probe-kit\/"]}]},{"@type":"ImageObject","inLanguage":"es","@id":"https:\/\/www.fieldpiece.com\/es\/producto\/jl3km2-job-link-system-dual-port-manometer-probe-kit\/#primaryimage","url":"https:\/\/resources.fieldpiece.com\/wp-content\/uploads\/2021\/01\/JL3-Probes-470x470-01.png","contentUrl":"https:\/\/resources.fieldpiece.com\/wp-content\/uploads\/2021\/01\/JL3-Probes-470x470-01.png","width":470,"height":470,"caption":"JL3KM2 Job Link System Dual Port Manometer Probe Kit"},{"@type":"BreadcrumbList","@id":"https:\/\/www.fieldpiece.com\/es\/producto\/jl3km2-job-link-system-dual-port-manometer-probe-kit\/#breadcrumb","itemListElement":[{"@type":"ListItem","position":1,"name":"Home","item":"https:\/\/www.fieldpiece.com\/es\/"},{"@type":"ListItem","position":2,"name":"Shop","item":"https:\/\/www.fieldpiece.com\/shop\/"},{"@type":"ListItem","position":3,"name":"JL3KM2 &#8211; Kit de sonda de man\u00f3metro de dos puertos del sistema Job Link\u00ae"}]},{"@type":"WebSite","@id":"https:\/\/www.fieldpiece.com\/es\/#website","url":"https:\/\/www.fieldpiece.com\/es\/","name":"Fieldpiece Instruments","description":"","publisher":{"@id":"https:\/\/www.fieldpiece.com\/es\/#organization"},"potentialAction":[{"@type":"SearchAction","target":{"@type":"EntryPoint","urlTemplate":"https:\/\/www.fieldpiece.com\/es\/?s={search_term_string}"},"query-input":{"@type":"PropertyValueSpecification","valueRequired":true,"valueName":"search_term_string"}}],"inLanguage":"es"},{"@type":"Organization","@id":"https:\/\/www.fieldpiece.com\/es\/#organization","name":"Fieldpiece Instruments","url":"https:\/\/www.fieldpiece.com\/es\/","logo":{"@type":"ImageObject","inLanguage":"es","@id":"https:\/\/www.fieldpiece.com\/es\/#\/schema\/logo\/image\/","url":"https:\/\/resources.fieldpiece.com\/wp-content\/uploads\/2021\/02\/Logos-490x358-1.jpg","contentUrl":"https:\/\/resources.fieldpiece.com\/wp-content\/uploads\/2021\/02\/Logos-490x358-1.jpg","width":490,"height":358,"caption":"Fieldpiece Instruments"},"image":{"@id":"https:\/\/www.fieldpiece.com\/es\/#\/schema\/logo\/image\/"}}]}},"_links":{"self":[{"href":"https:\/\/www.fieldpiece.com\/es\/wp-json\/wp\/v2\/product\/28996","targetHints":{"allow":["GET"]}}],"collection":[{"href":"https:\/\/www.fieldpiece.com\/es\/wp-json\/wp\/v2\/product"}],"about":[{"href":"https:\/\/www.fieldpiece.com\/es\/wp-json\/wp\/v2\/types\/product"}],"replies":[{"embeddable":true,"href":"https:\/\/www.fieldpiece.com\/es\/wp-json\/wp\/v2\/comments?post=28996"}],"wp:featuredmedia":[{"embeddable":true,"href":"https:\/\/www.fieldpiece.com\/es\/wp-json\/wp\/v2\/media\/26912"}],"wp:attachment":[{"href":"https:\/\/www.fieldpiece.com\/es\/wp-json\/wp\/v2\/media?parent=28996"}],"wp:term":[{"taxonomy":"product_brand","embeddable":true,"href":"https:\/\/www.fieldpiece.com\/es\/wp-json\/wp\/v2\/product_brand?post=28996"},{"taxonomy":"product_cat","embeddable":true,"href":"https:\/\/www.fieldpiece.com\/es\/wp-json\/wp\/v2\/product_cat?post=28996"},{"taxonomy":"product_tag","embeddable":true,"href":"https:\/\/www.fieldpiece.com\/es\/wp-json\/wp\/v2\/product_tag?post=28996"}],"curies":[{"name":"wp","href":"https:\/\/api.w.org\/{rel}","templated":true}]}}