	{"id":28973,"date":"2020-11-02T12:02:05","date_gmt":"2023-04-26T12:38:48","guid":{"rendered":"https:\/\/www.fieldpiece.com\/product\/spk2-folding-pocket-in-duct-thermometer\/"},"modified":"2023-04-26T05:40:54","modified_gmt":"2023-04-26T12:40:54","slug":"spk2-folding-pocket-in-duct-thermometer","status":"publish","type":"product","link":"https:\/\/www.fieldpiece.com\/es\/producto\/spk2-folding-pocket-in-duct-thermometer\/","title":{"rendered":"SPK2 &#8211; Term\u00f3metro de bolsillo plegable para conductos"},"content":{"rendered":"<p>El nuevo term\u00f3metro de bolsillo plegable SPK2 es perfecto para medir r\u00e1pidamente temperaturas del aire.\u00a0 Este term\u00f3metro cabe en su bolsillo, para permitirle tomar al instante mediciones de temperatura ambiente.\u00a0 Su varilla plegable incorpora un gancho que permite colgar el term\u00f3metro f\u00e1cilmente de un conducto o una rejilla.\u00a0 Su gran pantalla con funciones Min\/Max\/Hold muestra mediciones tanto en grados Fahrenheit como Celsius y posee adem\u00e1s un indicador de bater\u00eda baja.\u00a0 Adem\u00e1s, calcula r\u00e1pidamente T1-T2 e incorpora una funci\u00f3n de apagado autom\u00e1tico para ahorrar energ\u00eda de su extraordinaria bater\u00eda, que ofrece nada m\u00e1s y nada menos que 8000 horas de autonom\u00eda con una sola pila AA.<\/p>\n","protected":false},"excerpt":{"rendered":"<p>El nuevo term\u00f3metro de bolsillo plegable SPK2 es perfecto para medir r\u00e1pidamente temperaturas del aire.\u00a0 Este term\u00f3metro cabe en su &#8230;<\/p>\n","protected":false},"featured_media":28978,"comment_status":"open","ping_status":"closed","template":"","meta":{"_acf_changed":false},"product_brand":[],"product_cat":[125,166,160],"product_tag":[],"class_list":{"0":"post-28973","1":"product","2":"type-product","3":"status-publish","4":"has-post-thumbnail","6":"product_cat-air-flow-and-temp-rh-esss","7":"product_cat-pocket-tools-es-2","8":"product_cat-other-es-2","10":"first","11":"instock","12":"shipping-taxable","13":"product-type-simple"},"acf":[],"yoast_head":"<!-- This site is optimized with the Yoast SEO plugin v27.3 - https:\/\/yoast.com\/product\/yoast-seo-wordpress\/ -->\n<title>SPK2 - Term\u00f3metro de bolsillo plegable para conductos - Fieldpiece Instruments<\/title>\n<meta name=\"robots\" content=\"index, follow, max-snippet:-1, max-image-preview:large, max-video-preview:-1\" \/>\n<link rel=\"canonical\" href=\"https:\/\/www.fieldpiece.com\/es\/producto\/spk2-folding-pocket-in-duct-thermometer\/\" \/>\n<meta property=\"og:locale\" content=\"es_ES\" \/>\n<meta property=\"og:type\" content=\"article\" \/>\n<meta property=\"og:title\" content=\"SPK2 - Term\u00f3metro de bolsillo plegable para conductos - Fieldpiece Instruments\" \/>\n<meta property=\"og:description\" content=\"El nuevo term\u00f3metro de bolsillo plegable SPK2 es perfecto para medir r\u00e1pidamente temperaturas del aire.\u00a0 Este term\u00f3metro cabe en su ...\" \/>\n<meta property=\"og:url\" content=\"https:\/\/www.fieldpiece.com\/es\/producto\/spk2-folding-pocket-in-duct-thermometer\/\" \/>\n<meta property=\"og:site_name\" content=\"Fieldpiece Instruments\" \/>\n<meta property=\"article:modified_time\" content=\"2023-04-26T12:40:54+00:00\" \/>\n<meta property=\"og:image\" content=\"https:\/\/resources.fieldpiece.com\/wp-content\/uploads\/2021\/01\/SPK2-SRC-Product.png\" \/>\n\t<meta property=\"og:image:width\" content=\"470\" \/>\n\t<meta property=\"og:image:height\" content=\"470\" \/>\n\t<meta property=\"og:image:type\" content=\"image\/png\" \/>\n<meta name=\"twitter:card\" content=\"summary_large_image\" \/>\n<meta name=\"twitter:label1\" content=\"Tiempo de lectura\" \/>\n\t<meta name=\"twitter:data1\" content=\"1 minuto\" \/>\n<script type=\"application\/ld+json\" class=\"yoast-schema-graph\">{\"@context\":\"https:\\\/\\\/schema.org\",\"@graph\":[{\"@type\":\"WebPage\",\"@id\":\"https:\\\/\\\/www.fieldpiece.com\\\/es\\\/producto\\\/spk2-folding-pocket-in-duct-thermometer\\\/\",\"url\":\"https:\\\/\\\/www.fieldpiece.com\\\/es\\\/producto\\\/spk2-folding-pocket-in-duct-thermometer\\\/\",\"name\":\"SPK2 - Term\u00f3metro de bolsillo plegable para conductos - Fieldpiece Instruments\",\"isPartOf\":{\"@id\":\"https:\\\/\\\/www.fieldpiece.com\\\/es\\\/#website\"},\"primaryImageOfPage\":{\"@id\":\"https:\\\/\\\/www.fieldpiece.com\\\/es\\\/producto\\\/spk2-folding-pocket-in-duct-thermometer\\\/#primaryimage\"},\"image\":{\"@id\":\"https:\\\/\\\/www.fieldpiece.com\\\/es\\\/producto\\\/spk2-folding-pocket-in-duct-thermometer\\\/#primaryimage\"},\"thumbnailUrl\":\"https:\\\/\\\/resources.fieldpiece.com\\\/wp-content\\\/uploads\\\/2021\\\/01\\\/SPK2-SRC-Product.png\",\"datePublished\":\"2023-04-26T12:38:48+00:00\",\"dateModified\":\"2023-04-26T12:40:54+00:00\",\"breadcrumb\":{\"@id\":\"https:\\\/\\\/www.fieldpiece.com\\\/es\\\/producto\\\/spk2-folding-pocket-in-duct-thermometer\\\/#breadcrumb\"},\"inLanguage\":\"es\",\"potentialAction\":[{\"@type\":\"ReadAction\",\"target\":[\"https:\\\/\\\/www.fieldpiece.com\\\/es\\\/producto\\\/spk2-folding-pocket-in-duct-thermometer\\\/\"]}]},{\"@type\":\"ImageObject\",\"inLanguage\":\"es\",\"@id\":\"https:\\\/\\\/www.fieldpiece.com\\\/es\\\/producto\\\/spk2-folding-pocket-in-duct-thermometer\\\/#primaryimage\",\"url\":\"https:\\\/\\\/resources.fieldpiece.com\\\/wp-content\\\/uploads\\\/2021\\\/01\\\/SPK2-SRC-Product.png\",\"contentUrl\":\"https:\\\/\\\/resources.fieldpiece.com\\\/wp-content\\\/uploads\\\/2021\\\/01\\\/SPK2-SRC-Product.png\",\"width\":470,\"height\":470},{\"@type\":\"BreadcrumbList\",\"@id\":\"https:\\\/\\\/www.fieldpiece.com\\\/es\\\/producto\\\/spk2-folding-pocket-in-duct-thermometer\\\/#breadcrumb\",\"itemListElement\":[{\"@type\":\"ListItem\",\"position\":1,\"name\":\"Home\",\"item\":\"https:\\\/\\\/www.fieldpiece.com\\\/es\\\/\"},{\"@type\":\"ListItem\",\"position\":2,\"name\":\"Shop\",\"item\":\"https:\\\/\\\/www.fieldpiece.com\\\/shop\\\/\"},{\"@type\":\"ListItem\",\"position\":3,\"name\":\"SPK2 &#8211; Term\u00f3metro de bolsillo plegable para conductos\"}]},{\"@type\":\"WebSite\",\"@id\":\"https:\\\/\\\/www.fieldpiece.com\\\/es\\\/#website\",\"url\":\"https:\\\/\\\/www.fieldpiece.com\\\/es\\\/\",\"name\":\"Fieldpiece Instruments\",\"description\":\"\",\"publisher\":{\"@id\":\"https:\\\/\\\/www.fieldpiece.com\\\/es\\\/#organization\"},\"potentialAction\":[{\"@type\":\"SearchAction\",\"target\":{\"@type\":\"EntryPoint\",\"urlTemplate\":\"https:\\\/\\\/www.fieldpiece.com\\\/es\\\/?s={search_term_string}\"},\"query-input\":{\"@type\":\"PropertyValueSpecification\",\"valueRequired\":true,\"valueName\":\"search_term_string\"}}],\"inLanguage\":\"es\"},{\"@type\":\"Organization\",\"@id\":\"https:\\\/\\\/www.fieldpiece.com\\\/es\\\/#organization\",\"name\":\"Fieldpiece Instruments\",\"url\":\"https:\\\/\\\/www.fieldpiece.com\\\/es\\\/\",\"logo\":{\"@type\":\"ImageObject\",\"inLanguage\":\"es\",\"@id\":\"https:\\\/\\\/www.fieldpiece.com\\\/es\\\/#\\\/schema\\\/logo\\\/image\\\/\",\"url\":\"https:\\\/\\\/resources.fieldpiece.com\\\/wp-content\\\/uploads\\\/2021\\\/02\\\/Logos-490x358-1.jpg\",\"contentUrl\":\"https:\\\/\\\/resources.fieldpiece.com\\\/wp-content\\\/uploads\\\/2021\\\/02\\\/Logos-490x358-1.jpg\",\"width\":490,\"height\":358,\"caption\":\"Fieldpiece Instruments\"},\"image\":{\"@id\":\"https:\\\/\\\/www.fieldpiece.com\\\/es\\\/#\\\/schema\\\/logo\\\/image\\\/\"}}]}<\/script>\n<!-- \/ Yoast SEO plugin. -->","yoast_head_json":{"title":"SPK2 - Term\u00f3metro de bolsillo plegable para conductos - Fieldpiece Instruments","robots":{"index":"index","follow":"follow","max-snippet":"max-snippet:-1","max-image-preview":"max-image-preview:large","max-video-preview":"max-video-preview:-1"},"canonical":"https:\/\/www.fieldpiece.com\/es\/producto\/spk2-folding-pocket-in-duct-thermometer\/","og_locale":"es_ES","og_type":"article","og_title":"SPK2 - Term\u00f3metro de bolsillo plegable para conductos - Fieldpiece Instruments","og_description":"El nuevo term\u00f3metro de bolsillo plegable SPK2 es perfecto para medir r\u00e1pidamente temperaturas del aire.\u00a0 Este term\u00f3metro cabe en su ...","og_url":"https:\/\/www.fieldpiece.com\/es\/producto\/spk2-folding-pocket-in-duct-thermometer\/","og_site_name":"Fieldpiece Instruments","article_modified_time":"2023-04-26T12:40:54+00:00","og_image":[{"width":470,"height":470,"url":"https:\/\/resources.fieldpiece.com\/wp-content\/uploads\/2021\/01\/SPK2-SRC-Product.png","type":"image\/png"}],"twitter_card":"summary_large_image","twitter_misc":{"Tiempo de lectura":"1 minuto"},"schema":{"@context":"https:\/\/schema.org","@graph":[{"@type":"WebPage","@id":"https:\/\/www.fieldpiece.com\/es\/producto\/spk2-folding-pocket-in-duct-thermometer\/","url":"https:\/\/www.fieldpiece.com\/es\/producto\/spk2-folding-pocket-in-duct-thermometer\/","name":"SPK2 - Term\u00f3metro de bolsillo plegable para conductos - Fieldpiece Instruments","isPartOf":{"@id":"https:\/\/www.fieldpiece.com\/es\/#website"},"primaryImageOfPage":{"@id":"https:\/\/www.fieldpiece.com\/es\/producto\/spk2-folding-pocket-in-duct-thermometer\/#primaryimage"},"image":{"@id":"https:\/\/www.fieldpiece.com\/es\/producto\/spk2-folding-pocket-in-duct-thermometer\/#primaryimage"},"thumbnailUrl":"https:\/\/resources.fieldpiece.com\/wp-content\/uploads\/2021\/01\/SPK2-SRC-Product.png","datePublished":"2023-04-26T12:38:48+00:00","dateModified":"2023-04-26T12:40:54+00:00","breadcrumb":{"@id":"https:\/\/www.fieldpiece.com\/es\/producto\/spk2-folding-pocket-in-duct-thermometer\/#breadcrumb"},"inLanguage":"es","potentialAction":[{"@type":"ReadAction","target":["https:\/\/www.fieldpiece.com\/es\/producto\/spk2-folding-pocket-in-duct-thermometer\/"]}]},{"@type":"ImageObject","inLanguage":"es","@id":"https:\/\/www.fieldpiece.com\/es\/producto\/spk2-folding-pocket-in-duct-thermometer\/#primaryimage","url":"https:\/\/resources.fieldpiece.com\/wp-content\/uploads\/2021\/01\/SPK2-SRC-Product.png","contentUrl":"https:\/\/resources.fieldpiece.com\/wp-content\/uploads\/2021\/01\/SPK2-SRC-Product.png","width":470,"height":470},{"@type":"BreadcrumbList","@id":"https:\/\/www.fieldpiece.com\/es\/producto\/spk2-folding-pocket-in-duct-thermometer\/#breadcrumb","itemListElement":[{"@type":"ListItem","position":1,"name":"Home","item":"https:\/\/www.fieldpiece.com\/es\/"},{"@type":"ListItem","position":2,"name":"Shop","item":"https:\/\/www.fieldpiece.com\/shop\/"},{"@type":"ListItem","position":3,"name":"SPK2 &#8211; Term\u00f3metro de bolsillo plegable para conductos"}]},{"@type":"WebSite","@id":"https:\/\/www.fieldpiece.com\/es\/#website","url":"https:\/\/www.fieldpiece.com\/es\/","name":"Fieldpiece Instruments","description":"","publisher":{"@id":"https:\/\/www.fieldpiece.com\/es\/#organization"},"potentialAction":[{"@type":"SearchAction","target":{"@type":"EntryPoint","urlTemplate":"https:\/\/www.fieldpiece.com\/es\/?s={search_term_string}"},"query-input":{"@type":"PropertyValueSpecification","valueRequired":true,"valueName":"search_term_string"}}],"inLanguage":"es"},{"@type":"Organization","@id":"https:\/\/www.fieldpiece.com\/es\/#organization","name":"Fieldpiece Instruments","url":"https:\/\/www.fieldpiece.com\/es\/","logo":{"@type":"ImageObject","inLanguage":"es","@id":"https:\/\/www.fieldpiece.com\/es\/#\/schema\/logo\/image\/","url":"https:\/\/resources.fieldpiece.com\/wp-content\/uploads\/2021\/02\/Logos-490x358-1.jpg","contentUrl":"https:\/\/resources.fieldpiece.com\/wp-content\/uploads\/2021\/02\/Logos-490x358-1.jpg","width":490,"height":358,"caption":"Fieldpiece Instruments"},"image":{"@id":"https:\/\/www.fieldpiece.com\/es\/#\/schema\/logo\/image\/"}}]}},"_links":{"self":[{"href":"https:\/\/www.fieldpiece.com\/es\/wp-json\/wp\/v2\/product\/28973","targetHints":{"allow":["GET"]}}],"collection":[{"href":"https:\/\/www.fieldpiece.com\/es\/wp-json\/wp\/v2\/product"}],"about":[{"href":"https:\/\/www.fieldpiece.com\/es\/wp-json\/wp\/v2\/types\/product"}],"replies":[{"embeddable":true,"href":"https:\/\/www.fieldpiece.com\/es\/wp-json\/wp\/v2\/comments?post=28973"}],"wp:featuredmedia":[{"embeddable":true,"href":"https:\/\/www.fieldpiece.com\/es\/wp-json\/wp\/v2\/media\/28978"}],"wp:attachment":[{"href":"https:\/\/www.fieldpiece.com\/es\/wp-json\/wp\/v2\/media?parent=28973"}],"wp:term":[{"taxonomy":"product_brand","embeddable":true,"href":"https:\/\/www.fieldpiece.com\/es\/wp-json\/wp\/v2\/product_brand?post=28973"},{"taxonomy":"product_cat","embeddable":true,"href":"https:\/\/www.fieldpiece.com\/es\/wp-json\/wp\/v2\/product_cat?post=28973"},{"taxonomy":"product_tag","embeddable":true,"href":"https:\/\/www.fieldpiece.com\/es\/wp-json\/wp\/v2\/product_tag?post=28973"}],"curies":[{"name":"wp","href":"https:\/\/api.w.org\/{rel}","templated":true}]}}