	{"id":28863,"date":"2020-11-02T11:30:13","date_gmt":"2023-04-26T12:38:48","guid":{"rendered":"https:\/\/www.fieldpiece.com\/product\/srs1-residential-light-commercial-refrigerant-scale\/"},"modified":"2023-04-26T05:40:46","modified_gmt":"2023-04-26T12:40:46","slug":"srs1-residential-light-commercial-refrigerant-scale","status":"publish","type":"product","link":"https:\/\/www.fieldpiece.com\/es\/producto\/srs1-residential-light-commercial-refrigerant-scale\/","title":{"rendered":"SRS1 &#8211; B\u00e1scula de refrigerante ligera para uso dom\u00e9stico y comercial"},"content":{"rendered":"<p>Alarmas de peso de carga y de recuperaci\u00f3n<br \/>\nF\u00e1cil de transportar<br \/>\nResoluci\u00f3n 0,01 kg (0,25 oz)<br \/>\nResistente al agua <\/p>\n<p>La nueva b\u00e1scula de refrigerante SRS1 es lo bastante grande para incluir un recipiente, pero lo suficientemente compacta y ligera para transportarla f\u00e1cilmente.\u00a0 Pesa hasta 50 kg (110 lb) en incrementos de 0,01 kg (0,25 oz).<\/p>\n<p><strong>Uso intensivo<\/strong>: la SRS1 tiene la resistencia necesaria para el sector de la climatizaci\u00f3n y la refrigeraci\u00f3n, con gruesas paredes de aluminio para mantener la exactitud y soportes y una almohadilla de goma para amortiguar el impacto del uso diario.\u00a0 Adem\u00e1s, es resistente al agua.\u00a0 Aunque la propia b\u00e1scula puede soportar un chaparr\u00f3n, el asa requiere de una mayor precauci\u00f3n, ya que contiene un circuito el\u00e9ctrico en su interior (puede soportar algo de lluvia, pero no debe sumergirse en ning\u00fan caso). <\/p>\n<p><strong>Alarmas de carga y de recuperaci\u00f3n<\/strong>: usted puede ajustar r\u00e1pidamente una alarma de carga o de recuperaci\u00f3n utilizando el gran teclado num\u00e9rico, sin tener que desplazarse por los d\u00edgitos.\u00a0 Una vez que introduzca el valor de <span data-sheets-value=\"{&quot;1&quot;:2,&quot;2&quot;:&quot;refrigerante que desea cargar &quot;}\" data-sheets-userformat=\"{&quot;2&quot;:12732,&quot;5&quot;:{&quot;1&quot;:[{&quot;1&quot;:2,&quot;2&quot;:0,&quot;5&quot;:{&quot;1&quot;:2,&quot;2&quot;:0}},{&quot;1&quot;:0,&quot;2&quot;:0,&quot;3&quot;:3},{&quot;1&quot;:1,&quot;2&quot;:0,&quot;4&quot;:1}]},&quot;6&quot;:{&quot;1&quot;:[{&quot;1&quot;:2,&quot;2&quot;:0,&quot;5&quot;:{&quot;1&quot;:2,&quot;2&quot;:0}},{&quot;1&quot;:0,&quot;2&quot;:0,&quot;3&quot;:3},{&quot;1&quot;:1,&quot;2&quot;:0,&quot;4&quot;:1}]},&quot;7&quot;:{&quot;1&quot;:[{&quot;1&quot;:2,&quot;2&quot;:0,&quot;5&quot;:{&quot;1&quot;:2,&quot;2&quot;:0}},{&quot;1&quot;:0,&quot;2&quot;:0,&quot;3&quot;:3},{&quot;1&quot;:1,&quot;2&quot;:0,&quot;4&quot;:1}]},&quot;8&quot;:{&quot;1&quot;:[{&quot;1&quot;:2,&quot;2&quot;:0,&quot;5&quot;:{&quot;1&quot;:2,&quot;2&quot;:0}},{&quot;1&quot;:0,&quot;2&quot;:0,&quot;3&quot;:3},{&quot;1&quot;:1,&quot;2&quot;:0,&quot;4&quot;:1}]},&quot;10&quot;:2,&quot;11&quot;:4,&quot;15&quot;:&quot;Calibri&quot;,&quot;16&quot;:11}\"> refrigerante que desea cargar  <\/span> o recuperar, podr\u00e1 dedicarse a otras tareas con la tranquilidad de que la alarma sonar\u00e1 cuando se alcance el objetivo. <\/p>\n<p><strong>F\u00e1cil de transportar<\/strong>: al pesar menos de 3 kg y estar alojada en un estuche acolchado para uso intensivo, la b\u00e1scula de refrigerante SRS1 es f\u00e1cil de transportar al hombro cuando necesita llevar otras cosas en las manos o subirse a una escalera. <\/p>\n<p>Incluye:  <\/p>\n<ul>\n<li>B\u00e1scula SRS1 y asa <\/li>\n<li>Estuche acolchado con interior blando y correa para hombro <\/li>\n<\/ul>\n","protected":false},"excerpt":{"rendered":"<p>Alarmas de peso de carga y de recuperaci\u00f3n F\u00e1cil de transportar Resoluci\u00f3n 0,01 kg (0,25 oz) Resistente al agua La &#8230;<\/p>\n","protected":false},"featured_media":28869,"comment_status":"open","ping_status":"closed","template":"","meta":{"_acf_changed":false},"product_brand":[],"product_cat":[298],"product_tag":[],"class_list":{"0":"post-28863","1":"product","2":"type-product","3":"status-publish","4":"has-post-thumbnail","6":"product_cat-scales-es","8":"first","9":"instock","10":"shipping-taxable","11":"product-type-simple"},"acf":[],"yoast_head":"<!-- This site is optimized with the Yoast SEO plugin v27.2 - https:\/\/yoast.com\/product\/yoast-seo-wordpress\/ -->\n<title>SRS1 - B\u00e1scula de refrigerante ligera para uso dom\u00e9stico y comercial - Fieldpiece Instruments<\/title>\n<meta name=\"robots\" content=\"index, follow, max-snippet:-1, max-image-preview:large, max-video-preview:-1\" \/>\n<link rel=\"canonical\" href=\"https:\/\/www.fieldpiece.com\/es\/producto\/srs1-residential-light-commercial-refrigerant-scale\/\" \/>\n<meta property=\"og:locale\" content=\"es_ES\" \/>\n<meta property=\"og:type\" content=\"article\" \/>\n<meta property=\"og:title\" content=\"SRS1 - B\u00e1scula de refrigerante ligera para uso dom\u00e9stico y comercial - Fieldpiece Instruments\" \/>\n<meta property=\"og:description\" content=\"Alarmas de peso de carga y de recuperaci\u00f3n F\u00e1cil de transportar Resoluci\u00f3n 0,01 kg (0,25 oz) Resistente al agua La ...\" \/>\n<meta property=\"og:url\" content=\"https:\/\/www.fieldpiece.com\/es\/producto\/srs1-residential-light-commercial-refrigerant-scale\/\" \/>\n<meta property=\"og:site_name\" content=\"Fieldpiece Instruments\" \/>\n<meta property=\"article:modified_time\" content=\"2023-04-26T12:40:46+00:00\" \/>\n<meta property=\"og:image\" content=\"https:\/\/resources.fieldpiece.com\/wp-content\/uploads\/2021\/01\/SRS1-SRC-Product-01.png\" \/>\n\t<meta property=\"og:image:width\" content=\"470\" \/>\n\t<meta property=\"og:image:height\" content=\"470\" \/>\n\t<meta property=\"og:image:type\" content=\"image\/png\" \/>\n<meta name=\"twitter:card\" content=\"summary_large_image\" \/>\n<meta name=\"twitter:label1\" content=\"Tiempo de lectura\" \/>\n\t<meta name=\"twitter:data1\" content=\"1 minuto\" \/>\n<script type=\"application\/ld+json\" class=\"yoast-schema-graph\">{\"@context\":\"https:\/\/schema.org\",\"@graph\":[{\"@type\":\"WebPage\",\"@id\":\"https:\/\/www.fieldpiece.com\/es\/producto\/srs1-residential-light-commercial-refrigerant-scale\/\",\"url\":\"https:\/\/www.fieldpiece.com\/es\/producto\/srs1-residential-light-commercial-refrigerant-scale\/\",\"name\":\"SRS1 - B\u00e1scula de refrigerante ligera para uso dom\u00e9stico y comercial - Fieldpiece Instruments\",\"isPartOf\":{\"@id\":\"https:\/\/www.fieldpiece.com\/es\/#website\"},\"primaryImageOfPage\":{\"@id\":\"https:\/\/www.fieldpiece.com\/es\/producto\/srs1-residential-light-commercial-refrigerant-scale\/#primaryimage\"},\"image\":{\"@id\":\"https:\/\/www.fieldpiece.com\/es\/producto\/srs1-residential-light-commercial-refrigerant-scale\/#primaryimage\"},\"thumbnailUrl\":\"https:\/\/resources.fieldpiece.com\/wp-content\/uploads\/2021\/01\/SRS1-SRC-Product-01.png\",\"datePublished\":\"2023-04-26T12:38:48+00:00\",\"dateModified\":\"2023-04-26T12:40:46+00:00\",\"breadcrumb\":{\"@id\":\"https:\/\/www.fieldpiece.com\/es\/producto\/srs1-residential-light-commercial-refrigerant-scale\/#breadcrumb\"},\"inLanguage\":\"es\",\"potentialAction\":[{\"@type\":\"ReadAction\",\"target\":[\"https:\/\/www.fieldpiece.com\/es\/producto\/srs1-residential-light-commercial-refrigerant-scale\/\"]}]},{\"@type\":\"ImageObject\",\"inLanguage\":\"es\",\"@id\":\"https:\/\/www.fieldpiece.com\/es\/producto\/srs1-residential-light-commercial-refrigerant-scale\/#primaryimage\",\"url\":\"https:\/\/resources.fieldpiece.com\/wp-content\/uploads\/2021\/01\/SRS1-SRC-Product-01.png\",\"contentUrl\":\"https:\/\/resources.fieldpiece.com\/wp-content\/uploads\/2021\/01\/SRS1-SRC-Product-01.png\",\"width\":470,\"height\":470,\"caption\":\"SRS1 - Digital Commercial Refrigerant Scale\"},{\"@type\":\"BreadcrumbList\",\"@id\":\"https:\/\/www.fieldpiece.com\/es\/producto\/srs1-residential-light-commercial-refrigerant-scale\/#breadcrumb\",\"itemListElement\":[{\"@type\":\"ListItem\",\"position\":1,\"name\":\"Home\",\"item\":\"https:\/\/www.fieldpiece.com\/es\/\"},{\"@type\":\"ListItem\",\"position\":2,\"name\":\"Shop\",\"item\":\"https:\/\/www.fieldpiece.com\/shop\/\"},{\"@type\":\"ListItem\",\"position\":3,\"name\":\"SRS1 &#8211; B\u00e1scula de refrigerante ligera para uso dom\u00e9stico y comercial\"}]},{\"@type\":\"WebSite\",\"@id\":\"https:\/\/www.fieldpiece.com\/es\/#website\",\"url\":\"https:\/\/www.fieldpiece.com\/es\/\",\"name\":\"Fieldpiece Instruments\",\"description\":\"\",\"publisher\":{\"@id\":\"https:\/\/www.fieldpiece.com\/es\/#organization\"},\"potentialAction\":[{\"@type\":\"SearchAction\",\"target\":{\"@type\":\"EntryPoint\",\"urlTemplate\":\"https:\/\/www.fieldpiece.com\/es\/?s={search_term_string}\"},\"query-input\":{\"@type\":\"PropertyValueSpecification\",\"valueRequired\":true,\"valueName\":\"search_term_string\"}}],\"inLanguage\":\"es\"},{\"@type\":\"Organization\",\"@id\":\"https:\/\/www.fieldpiece.com\/es\/#organization\",\"name\":\"Fieldpiece Instruments\",\"url\":\"https:\/\/www.fieldpiece.com\/es\/\",\"logo\":{\"@type\":\"ImageObject\",\"inLanguage\":\"es\",\"@id\":\"https:\/\/www.fieldpiece.com\/es\/#\/schema\/logo\/image\/\",\"url\":\"https:\/\/resources.fieldpiece.com\/wp-content\/uploads\/2021\/02\/Logos-490x358-1.jpg\",\"contentUrl\":\"https:\/\/resources.fieldpiece.com\/wp-content\/uploads\/2021\/02\/Logos-490x358-1.jpg\",\"width\":490,\"height\":358,\"caption\":\"Fieldpiece Instruments\"},\"image\":{\"@id\":\"https:\/\/www.fieldpiece.com\/es\/#\/schema\/logo\/image\/\"}}]}<\/script>\n<!-- \/ Yoast SEO plugin. -->","yoast_head_json":{"title":"SRS1 - B\u00e1scula de refrigerante ligera para uso dom\u00e9stico y comercial - Fieldpiece Instruments","robots":{"index":"index","follow":"follow","max-snippet":"max-snippet:-1","max-image-preview":"max-image-preview:large","max-video-preview":"max-video-preview:-1"},"canonical":"https:\/\/www.fieldpiece.com\/es\/producto\/srs1-residential-light-commercial-refrigerant-scale\/","og_locale":"es_ES","og_type":"article","og_title":"SRS1 - B\u00e1scula de refrigerante ligera para uso dom\u00e9stico y comercial - Fieldpiece Instruments","og_description":"Alarmas de peso de carga y de recuperaci\u00f3n F\u00e1cil de transportar Resoluci\u00f3n 0,01 kg (0,25 oz) Resistente al agua La ...","og_url":"https:\/\/www.fieldpiece.com\/es\/producto\/srs1-residential-light-commercial-refrigerant-scale\/","og_site_name":"Fieldpiece Instruments","article_modified_time":"2023-04-26T12:40:46+00:00","og_image":[{"width":470,"height":470,"url":"https:\/\/resources.fieldpiece.com\/wp-content\/uploads\/2021\/01\/SRS1-SRC-Product-01.png","type":"image\/png"}],"twitter_card":"summary_large_image","twitter_misc":{"Tiempo de lectura":"1 minuto"},"schema":{"@context":"https:\/\/schema.org","@graph":[{"@type":"WebPage","@id":"https:\/\/www.fieldpiece.com\/es\/producto\/srs1-residential-light-commercial-refrigerant-scale\/","url":"https:\/\/www.fieldpiece.com\/es\/producto\/srs1-residential-light-commercial-refrigerant-scale\/","name":"SRS1 - B\u00e1scula de refrigerante ligera para uso dom\u00e9stico y comercial - Fieldpiece Instruments","isPartOf":{"@id":"https:\/\/www.fieldpiece.com\/es\/#website"},"primaryImageOfPage":{"@id":"https:\/\/www.fieldpiece.com\/es\/producto\/srs1-residential-light-commercial-refrigerant-scale\/#primaryimage"},"image":{"@id":"https:\/\/www.fieldpiece.com\/es\/producto\/srs1-residential-light-commercial-refrigerant-scale\/#primaryimage"},"thumbnailUrl":"https:\/\/resources.fieldpiece.com\/wp-content\/uploads\/2021\/01\/SRS1-SRC-Product-01.png","datePublished":"2023-04-26T12:38:48+00:00","dateModified":"2023-04-26T12:40:46+00:00","breadcrumb":{"@id":"https:\/\/www.fieldpiece.com\/es\/producto\/srs1-residential-light-commercial-refrigerant-scale\/#breadcrumb"},"inLanguage":"es","potentialAction":[{"@type":"ReadAction","target":["https:\/\/www.fieldpiece.com\/es\/producto\/srs1-residential-light-commercial-refrigerant-scale\/"]}]},{"@type":"ImageObject","inLanguage":"es","@id":"https:\/\/www.fieldpiece.com\/es\/producto\/srs1-residential-light-commercial-refrigerant-scale\/#primaryimage","url":"https:\/\/resources.fieldpiece.com\/wp-content\/uploads\/2021\/01\/SRS1-SRC-Product-01.png","contentUrl":"https:\/\/resources.fieldpiece.com\/wp-content\/uploads\/2021\/01\/SRS1-SRC-Product-01.png","width":470,"height":470,"caption":"SRS1 - Digital Commercial Refrigerant Scale"},{"@type":"BreadcrumbList","@id":"https:\/\/www.fieldpiece.com\/es\/producto\/srs1-residential-light-commercial-refrigerant-scale\/#breadcrumb","itemListElement":[{"@type":"ListItem","position":1,"name":"Home","item":"https:\/\/www.fieldpiece.com\/es\/"},{"@type":"ListItem","position":2,"name":"Shop","item":"https:\/\/www.fieldpiece.com\/shop\/"},{"@type":"ListItem","position":3,"name":"SRS1 &#8211; B\u00e1scula de refrigerante ligera para uso dom\u00e9stico y comercial"}]},{"@type":"WebSite","@id":"https:\/\/www.fieldpiece.com\/es\/#website","url":"https:\/\/www.fieldpiece.com\/es\/","name":"Fieldpiece Instruments","description":"","publisher":{"@id":"https:\/\/www.fieldpiece.com\/es\/#organization"},"potentialAction":[{"@type":"SearchAction","target":{"@type":"EntryPoint","urlTemplate":"https:\/\/www.fieldpiece.com\/es\/?s={search_term_string}"},"query-input":{"@type":"PropertyValueSpecification","valueRequired":true,"valueName":"search_term_string"}}],"inLanguage":"es"},{"@type":"Organization","@id":"https:\/\/www.fieldpiece.com\/es\/#organization","name":"Fieldpiece Instruments","url":"https:\/\/www.fieldpiece.com\/es\/","logo":{"@type":"ImageObject","inLanguage":"es","@id":"https:\/\/www.fieldpiece.com\/es\/#\/schema\/logo\/image\/","url":"https:\/\/resources.fieldpiece.com\/wp-content\/uploads\/2021\/02\/Logos-490x358-1.jpg","contentUrl":"https:\/\/resources.fieldpiece.com\/wp-content\/uploads\/2021\/02\/Logos-490x358-1.jpg","width":490,"height":358,"caption":"Fieldpiece Instruments"},"image":{"@id":"https:\/\/www.fieldpiece.com\/es\/#\/schema\/logo\/image\/"}}]}},"_links":{"self":[{"href":"https:\/\/www.fieldpiece.com\/es\/wp-json\/wp\/v2\/product\/28863","targetHints":{"allow":["GET"]}}],"collection":[{"href":"https:\/\/www.fieldpiece.com\/es\/wp-json\/wp\/v2\/product"}],"about":[{"href":"https:\/\/www.fieldpiece.com\/es\/wp-json\/wp\/v2\/types\/product"}],"replies":[{"embeddable":true,"href":"https:\/\/www.fieldpiece.com\/es\/wp-json\/wp\/v2\/comments?post=28863"}],"wp:featuredmedia":[{"embeddable":true,"href":"https:\/\/www.fieldpiece.com\/es\/wp-json\/wp\/v2\/media\/28869"}],"wp:attachment":[{"href":"https:\/\/www.fieldpiece.com\/es\/wp-json\/wp\/v2\/media?parent=28863"}],"wp:term":[{"taxonomy":"product_brand","embeddable":true,"href":"https:\/\/www.fieldpiece.com\/es\/wp-json\/wp\/v2\/product_brand?post=28863"},{"taxonomy":"product_cat","embeddable":true,"href":"https:\/\/www.fieldpiece.com\/es\/wp-json\/wp\/v2\/product_cat?post=28863"},{"taxonomy":"product_tag","embeddable":true,"href":"https:\/\/www.fieldpiece.com\/es\/wp-json\/wp\/v2\/product_tag?post=28863"}],"curies":[{"name":"wp","href":"https:\/\/api.w.org\/{rel}","templated":true}]}}