	{"id":28779,"date":"2020-11-02T11:29:59","date_gmt":"2023-04-26T12:38:48","guid":{"rendered":"https:\/\/www.fieldpiece.com\/product\/sc440-essential-clamp-meter\/"},"modified":"2023-04-26T05:40:28","modified_gmt":"2023-04-26T12:40:28","slug":"sc440-essential-clamp-meter","status":"publish","type":"product","link":"https:\/\/www.fieldpiece.com\/es\/producto\/sc440-essential-clamp-meter\/","title":{"rendered":"SC440 &#8211; Pinza amperim\u00e9trica esencial"},"content":{"rendered":"<p>Correa magn\u00e9tica resistente<br \/>\nValor medio cuadr\u00e1tico (RMS) verdadero (valor eficaz verdadero)<br \/>\nCorriente de irrupci\u00f3n<br \/>\nSoporte para cables de prueba  <\/p>\n<p><strong>Pinza amperim\u00e9trica que mide valor medio cuadr\u00e1tico (RMS) verdadero (valor eficaz verdadero) con temperatura, corriente de irrupci\u00f3n y capacitancia, con retroiluminaci\u00f3n &#8211; Medidor todo en uno para climatizaci\u00f3n y refrigeraci\u00f3n, modelo SC440 <\/strong><br \/>\nNuestra pinza amperim\u00e9trica esencial de tama\u00f1o mediano incluye, en un solo medidor, pr\u00e1cticamente todos los par\u00e1metros necesarios para realizar pruebas el\u00e9ctricas y t\u00e9rmicas en equipos de climatizaci\u00f3n y refrigeraci\u00f3n.\u00a0 Este medidor autom\u00e1tico y manual incluye una amplia variedad de funciones de seguridad, entre ellas un LED y un avisador ac\u00fastico de alta tensi\u00f3n, advertencia de continuidad, pulsador de medici\u00f3n de tensi\u00f3n sin contacto, soporte para cables con cables desmontables y puntas de sonda con pinzas de cocodrilo para realizar pruebas con una sola mano f\u00e1cilmente. En cuanto a los intervalos de medici\u00f3n, este medidor tiene temperatura, capacitancia, microamperios de CC para las pruebas de rectificaci\u00f3n de llama y las escalas el\u00e9ctricas habituales del campo de la climatizaci\u00f3n y la refrigeraci\u00f3n. Adem\u00e1s, es uno de los medidores m\u00e1s duraderos del sector. <\/p>\n<p>Dise\u00f1ado espec\u00edficamente para el servicio en campo de climatizaci\u00f3n y refrigeraci\u00f3n, el SC440 es un mult\u00edmetro digital que ofrece funciones y ventajas espec\u00edficas a los profesionales del sector, entre ellas:  <\/p>\n<ul>\n<li>Tensi\u00f3n CA\/CC <\/li>\n<li>Valor medio cuadr\u00e1tico (RMS) verdadero (valor eficaz verdadero) <\/li>\n<li>Corriente de irrupci\u00f3n <\/li>\n<li>% de ciclo de servicio <\/li>\n<li>400 amperios de CA <\/li>\n<li>Correa magn\u00e9tica <\/li>\n<li>Pantalla doble <\/li>\n<li>Temperatura, \u00baF\/\u00baC <\/li>\n<li>Capacitancia <\/li>\n<li>Microamperios de CC <\/li>\n<li>Frecuencia, a trav\u00e9s de cables y pinza <\/li>\n<li>Tensi\u00f3n sin contacto <\/li>\n<li>50 megaohmios con una resoluci\u00f3n de 0,1 <\/li>\n<li>Continuidad <\/li>\n<li>Comprobaci\u00f3n de diodos <\/li>\n<li>Funci\u00f3n HOLD <\/li>\n<li>Soporte para sondas de pinza <\/li>\n<li>Pantalla LCD con retroiluminaci\u00f3n <\/li>\n<li>Indicador de bater\u00eda baja <\/li>\n<li>Aviso de alta tensi\u00f3n <\/li>\n<\/ul>\n<p>Incluye:  <\/p>\n<ul>\n<li>Medidor SC440 <\/li>\n<li>Juego de cables de silicona premium con puntas chapadas en oro y vaina extra\u00edble ADLS2 <\/li>\n<li>Termopar tipo K con enrollacable ATB1 <\/li>\n<li>Extensiones cortas con pinzas de cocodrilo ASA2 <\/li>\n<li>Correa de velcro <\/li>\n<li>Bater\u00eda de 9 V <\/li>\n<li>Estuche acolchado ANC12 <\/li>\n<\/ul>\n","protected":false},"excerpt":{"rendered":"<p>Correa magn\u00e9tica resistente Valor medio cuadr\u00e1tico (RMS) verdadero (valor eficaz verdadero) Corriente de irrupci\u00f3n Soporte para cables de prueba Pinza &#8230;<\/p>\n","protected":false},"featured_media":28784,"comment_status":"open","ping_status":"closed","template":"","meta":{"_acf_changed":false},"product_brand":[],"product_cat":[133,132],"product_tag":[],"class_list":{"0":"post-28779","1":"product","2":"type-product","3":"status-publish","4":"has-post-thumbnail","6":"product_cat-electrical-meters-es-2","7":"product_cat-clamp-meters-es-2","9":"first","10":"instock","11":"shipping-taxable","12":"product-type-simple"},"acf":[],"yoast_head":"<!-- This site is optimized with the Yoast SEO plugin v27.3 - https:\/\/yoast.com\/product\/yoast-seo-wordpress\/ -->\n<title>SC440 - Pinza amperim\u00e9trica esencial - Fieldpiece Instruments<\/title>\n<meta name=\"robots\" content=\"index, follow, max-snippet:-1, max-image-preview:large, max-video-preview:-1\" \/>\n<link rel=\"canonical\" href=\"https:\/\/www.fieldpiece.com\/es\/producto\/sc440-essential-clamp-meter\/\" \/>\n<meta property=\"og:locale\" content=\"es_ES\" \/>\n<meta property=\"og:type\" content=\"article\" \/>\n<meta property=\"og:title\" content=\"SC440 - Pinza amperim\u00e9trica esencial - Fieldpiece Instruments\" \/>\n<meta property=\"og:description\" content=\"Correa magn\u00e9tica resistente Valor medio cuadr\u00e1tico (RMS) verdadero (valor eficaz verdadero) Corriente de irrupci\u00f3n Soporte para cables de prueba Pinza ...\" \/>\n<meta property=\"og:url\" content=\"https:\/\/www.fieldpiece.com\/es\/producto\/sc440-essential-clamp-meter\/\" \/>\n<meta property=\"og:site_name\" content=\"Fieldpiece Instruments\" \/>\n<meta property=\"article:modified_time\" content=\"2023-04-26T12:40:28+00:00\" \/>\n<meta property=\"og:image\" content=\"https:\/\/resources.fieldpiece.com\/wp-content\/uploads\/2021\/01\/SC440-SRC-product.png\" \/>\n\t<meta property=\"og:image:width\" content=\"470\" \/>\n\t<meta property=\"og:image:height\" content=\"470\" \/>\n\t<meta property=\"og:image:type\" content=\"image\/png\" \/>\n<meta name=\"twitter:card\" content=\"summary_large_image\" \/>\n<meta name=\"twitter:label1\" content=\"Tiempo de lectura\" \/>\n\t<meta name=\"twitter:data1\" content=\"2 minutos\" \/>\n<script type=\"application\/ld+json\" class=\"yoast-schema-graph\">{\"@context\":\"https:\\\/\\\/schema.org\",\"@graph\":[{\"@type\":\"WebPage\",\"@id\":\"https:\\\/\\\/www.fieldpiece.com\\\/es\\\/producto\\\/sc440-essential-clamp-meter\\\/\",\"url\":\"https:\\\/\\\/www.fieldpiece.com\\\/es\\\/producto\\\/sc440-essential-clamp-meter\\\/\",\"name\":\"SC440 - Pinza amperim\u00e9trica esencial - Fieldpiece Instruments\",\"isPartOf\":{\"@id\":\"https:\\\/\\\/www.fieldpiece.com\\\/es\\\/#website\"},\"primaryImageOfPage\":{\"@id\":\"https:\\\/\\\/www.fieldpiece.com\\\/es\\\/producto\\\/sc440-essential-clamp-meter\\\/#primaryimage\"},\"image\":{\"@id\":\"https:\\\/\\\/www.fieldpiece.com\\\/es\\\/producto\\\/sc440-essential-clamp-meter\\\/#primaryimage\"},\"thumbnailUrl\":\"https:\\\/\\\/resources.fieldpiece.com\\\/wp-content\\\/uploads\\\/2021\\\/01\\\/SC440-SRC-product.png\",\"datePublished\":\"2023-04-26T12:38:48+00:00\",\"dateModified\":\"2023-04-26T12:40:28+00:00\",\"breadcrumb\":{\"@id\":\"https:\\\/\\\/www.fieldpiece.com\\\/es\\\/producto\\\/sc440-essential-clamp-meter\\\/#breadcrumb\"},\"inLanguage\":\"es\",\"potentialAction\":[{\"@type\":\"ReadAction\",\"target\":[\"https:\\\/\\\/www.fieldpiece.com\\\/es\\\/producto\\\/sc440-essential-clamp-meter\\\/\"]}]},{\"@type\":\"ImageObject\",\"inLanguage\":\"es\",\"@id\":\"https:\\\/\\\/www.fieldpiece.com\\\/es\\\/producto\\\/sc440-essential-clamp-meter\\\/#primaryimage\",\"url\":\"https:\\\/\\\/resources.fieldpiece.com\\\/wp-content\\\/uploads\\\/2021\\\/01\\\/SC440-SRC-product.png\",\"contentUrl\":\"https:\\\/\\\/resources.fieldpiece.com\\\/wp-content\\\/uploads\\\/2021\\\/01\\\/SC440-SRC-product.png\",\"width\":470,\"height\":470,\"caption\":\"SC440 - 400A Dual Display Essential Clamp Meter\"},{\"@type\":\"BreadcrumbList\",\"@id\":\"https:\\\/\\\/www.fieldpiece.com\\\/es\\\/producto\\\/sc440-essential-clamp-meter\\\/#breadcrumb\",\"itemListElement\":[{\"@type\":\"ListItem\",\"position\":1,\"name\":\"Home\",\"item\":\"https:\\\/\\\/www.fieldpiece.com\\\/es\\\/\"},{\"@type\":\"ListItem\",\"position\":2,\"name\":\"Shop\",\"item\":\"https:\\\/\\\/www.fieldpiece.com\\\/shop\\\/\"},{\"@type\":\"ListItem\",\"position\":3,\"name\":\"SC440 &#8211; Pinza amperim\u00e9trica esencial\"}]},{\"@type\":\"WebSite\",\"@id\":\"https:\\\/\\\/www.fieldpiece.com\\\/es\\\/#website\",\"url\":\"https:\\\/\\\/www.fieldpiece.com\\\/es\\\/\",\"name\":\"Fieldpiece Instruments\",\"description\":\"\",\"publisher\":{\"@id\":\"https:\\\/\\\/www.fieldpiece.com\\\/es\\\/#organization\"},\"potentialAction\":[{\"@type\":\"SearchAction\",\"target\":{\"@type\":\"EntryPoint\",\"urlTemplate\":\"https:\\\/\\\/www.fieldpiece.com\\\/es\\\/?s={search_term_string}\"},\"query-input\":{\"@type\":\"PropertyValueSpecification\",\"valueRequired\":true,\"valueName\":\"search_term_string\"}}],\"inLanguage\":\"es\"},{\"@type\":\"Organization\",\"@id\":\"https:\\\/\\\/www.fieldpiece.com\\\/es\\\/#organization\",\"name\":\"Fieldpiece Instruments\",\"url\":\"https:\\\/\\\/www.fieldpiece.com\\\/es\\\/\",\"logo\":{\"@type\":\"ImageObject\",\"inLanguage\":\"es\",\"@id\":\"https:\\\/\\\/www.fieldpiece.com\\\/es\\\/#\\\/schema\\\/logo\\\/image\\\/\",\"url\":\"https:\\\/\\\/resources.fieldpiece.com\\\/wp-content\\\/uploads\\\/2021\\\/02\\\/Logos-490x358-1.jpg\",\"contentUrl\":\"https:\\\/\\\/resources.fieldpiece.com\\\/wp-content\\\/uploads\\\/2021\\\/02\\\/Logos-490x358-1.jpg\",\"width\":490,\"height\":358,\"caption\":\"Fieldpiece Instruments\"},\"image\":{\"@id\":\"https:\\\/\\\/www.fieldpiece.com\\\/es\\\/#\\\/schema\\\/logo\\\/image\\\/\"}}]}<\/script>\n<!-- \/ Yoast SEO plugin. -->","yoast_head_json":{"title":"SC440 - Pinza amperim\u00e9trica esencial - Fieldpiece Instruments","robots":{"index":"index","follow":"follow","max-snippet":"max-snippet:-1","max-image-preview":"max-image-preview:large","max-video-preview":"max-video-preview:-1"},"canonical":"https:\/\/www.fieldpiece.com\/es\/producto\/sc440-essential-clamp-meter\/","og_locale":"es_ES","og_type":"article","og_title":"SC440 - Pinza amperim\u00e9trica esencial - Fieldpiece Instruments","og_description":"Correa magn\u00e9tica resistente Valor medio cuadr\u00e1tico (RMS) verdadero (valor eficaz verdadero) Corriente de irrupci\u00f3n Soporte para cables de prueba Pinza ...","og_url":"https:\/\/www.fieldpiece.com\/es\/producto\/sc440-essential-clamp-meter\/","og_site_name":"Fieldpiece Instruments","article_modified_time":"2023-04-26T12:40:28+00:00","og_image":[{"width":470,"height":470,"url":"https:\/\/resources.fieldpiece.com\/wp-content\/uploads\/2021\/01\/SC440-SRC-product.png","type":"image\/png"}],"twitter_card":"summary_large_image","twitter_misc":{"Tiempo de lectura":"2 minutos"},"schema":{"@context":"https:\/\/schema.org","@graph":[{"@type":"WebPage","@id":"https:\/\/www.fieldpiece.com\/es\/producto\/sc440-essential-clamp-meter\/","url":"https:\/\/www.fieldpiece.com\/es\/producto\/sc440-essential-clamp-meter\/","name":"SC440 - Pinza amperim\u00e9trica esencial - Fieldpiece Instruments","isPartOf":{"@id":"https:\/\/www.fieldpiece.com\/es\/#website"},"primaryImageOfPage":{"@id":"https:\/\/www.fieldpiece.com\/es\/producto\/sc440-essential-clamp-meter\/#primaryimage"},"image":{"@id":"https:\/\/www.fieldpiece.com\/es\/producto\/sc440-essential-clamp-meter\/#primaryimage"},"thumbnailUrl":"https:\/\/resources.fieldpiece.com\/wp-content\/uploads\/2021\/01\/SC440-SRC-product.png","datePublished":"2023-04-26T12:38:48+00:00","dateModified":"2023-04-26T12:40:28+00:00","breadcrumb":{"@id":"https:\/\/www.fieldpiece.com\/es\/producto\/sc440-essential-clamp-meter\/#breadcrumb"},"inLanguage":"es","potentialAction":[{"@type":"ReadAction","target":["https:\/\/www.fieldpiece.com\/es\/producto\/sc440-essential-clamp-meter\/"]}]},{"@type":"ImageObject","inLanguage":"es","@id":"https:\/\/www.fieldpiece.com\/es\/producto\/sc440-essential-clamp-meter\/#primaryimage","url":"https:\/\/resources.fieldpiece.com\/wp-content\/uploads\/2021\/01\/SC440-SRC-product.png","contentUrl":"https:\/\/resources.fieldpiece.com\/wp-content\/uploads\/2021\/01\/SC440-SRC-product.png","width":470,"height":470,"caption":"SC440 - 400A Dual Display Essential Clamp Meter"},{"@type":"BreadcrumbList","@id":"https:\/\/www.fieldpiece.com\/es\/producto\/sc440-essential-clamp-meter\/#breadcrumb","itemListElement":[{"@type":"ListItem","position":1,"name":"Home","item":"https:\/\/www.fieldpiece.com\/es\/"},{"@type":"ListItem","position":2,"name":"Shop","item":"https:\/\/www.fieldpiece.com\/shop\/"},{"@type":"ListItem","position":3,"name":"SC440 &#8211; Pinza amperim\u00e9trica esencial"}]},{"@type":"WebSite","@id":"https:\/\/www.fieldpiece.com\/es\/#website","url":"https:\/\/www.fieldpiece.com\/es\/","name":"Fieldpiece Instruments","description":"","publisher":{"@id":"https:\/\/www.fieldpiece.com\/es\/#organization"},"potentialAction":[{"@type":"SearchAction","target":{"@type":"EntryPoint","urlTemplate":"https:\/\/www.fieldpiece.com\/es\/?s={search_term_string}"},"query-input":{"@type":"PropertyValueSpecification","valueRequired":true,"valueName":"search_term_string"}}],"inLanguage":"es"},{"@type":"Organization","@id":"https:\/\/www.fieldpiece.com\/es\/#organization","name":"Fieldpiece Instruments","url":"https:\/\/www.fieldpiece.com\/es\/","logo":{"@type":"ImageObject","inLanguage":"es","@id":"https:\/\/www.fieldpiece.com\/es\/#\/schema\/logo\/image\/","url":"https:\/\/resources.fieldpiece.com\/wp-content\/uploads\/2021\/02\/Logos-490x358-1.jpg","contentUrl":"https:\/\/resources.fieldpiece.com\/wp-content\/uploads\/2021\/02\/Logos-490x358-1.jpg","width":490,"height":358,"caption":"Fieldpiece Instruments"},"image":{"@id":"https:\/\/www.fieldpiece.com\/es\/#\/schema\/logo\/image\/"}}]}},"_links":{"self":[{"href":"https:\/\/www.fieldpiece.com\/es\/wp-json\/wp\/v2\/product\/28779","targetHints":{"allow":["GET"]}}],"collection":[{"href":"https:\/\/www.fieldpiece.com\/es\/wp-json\/wp\/v2\/product"}],"about":[{"href":"https:\/\/www.fieldpiece.com\/es\/wp-json\/wp\/v2\/types\/product"}],"replies":[{"embeddable":true,"href":"https:\/\/www.fieldpiece.com\/es\/wp-json\/wp\/v2\/comments?post=28779"}],"wp:featuredmedia":[{"embeddable":true,"href":"https:\/\/www.fieldpiece.com\/es\/wp-json\/wp\/v2\/media\/28784"}],"wp:attachment":[{"href":"https:\/\/www.fieldpiece.com\/es\/wp-json\/wp\/v2\/media?parent=28779"}],"wp:term":[{"taxonomy":"product_brand","embeddable":true,"href":"https:\/\/www.fieldpiece.com\/es\/wp-json\/wp\/v2\/product_brand?post=28779"},{"taxonomy":"product_cat","embeddable":true,"href":"https:\/\/www.fieldpiece.com\/es\/wp-json\/wp\/v2\/product_cat?post=28779"},{"taxonomy":"product_tag","embeddable":true,"href":"https:\/\/www.fieldpiece.com\/es\/wp-json\/wp\/v2\/product_tag?post=28779"}],"curies":[{"name":"wp","href":"https:\/\/api.w.org\/{rel}","templated":true}]}}