	{"id":28675,"date":"2020-11-02T12:02:09","date_gmt":"2023-04-26T12:36:27","guid":{"rendered":"https:\/\/www.fieldpiece.com\/product\/sil2-pen-style-ir-thermometer-with-led-flashlight\/"},"modified":"2023-04-26T05:38:23","modified_gmt":"2023-04-26T12:38:23","slug":"https-www-fieldpiece-com-es-post_typeproductp28675","status":"publish","type":"product","link":"https:\/\/www.fieldpiece.com\/es\/producto\/https-www-fieldpiece-com-es-post_typeproductp28675\/","title":{"rendered":"SIL2 &#8211; Term\u00f3metro infrarrojo tipo l\u00e1piz con linterna LED"},"content":{"rendered":"<p>El SIL2 es uno de nuestros term\u00f3metros de infrarrojos m\u00e1s exactos. El SIL2, que posee un campo de visi\u00f3n 1:1 y una tapa protectora para su lente de infrarrojos, es tan peque\u00f1o como un l\u00e1piz y ofrece grandes resultados. Este modelo incorpora funciones de registro de datos autom\u00e1tico y mediciones en \u00b0F o \u00b0C, y ofrece una excelente exactitud de \u00b10,8 \u00b0C (\u00b11,5 \u00b0F) y una resoluci\u00f3n de 0,3 \u00b0C (0,5 \u00b0F). El SIL2 posee un intervalo de temperaturas de -32 \u00b0C a 110 \u00b0C (de -27 \u00b0F a 230 \u00b0F) e incluye <span data-sheets-value=\"{&quot;1&quot;:2,&quot;2&quot;:&quot;una funci\u00f3n de desconexi\u00f3n &quot;}\" data-sheets-userformat=\"{&quot;2&quot;:12732,&quot;5&quot;:{&quot;1&quot;:[{&quot;1&quot;:2,&quot;2&quot;:0,&quot;5&quot;:{&quot;1&quot;:2,&quot;2&quot;:0}},{&quot;1&quot;:0,&quot;2&quot;:0,&quot;3&quot;:3},{&quot;1&quot;:1,&quot;2&quot;:0,&quot;4&quot;:1}]},&quot;6&quot;:{&quot;1&quot;:[{&quot;1&quot;:2,&quot;2&quot;:0,&quot;5&quot;:{&quot;1&quot;:2,&quot;2&quot;:0}},{&quot;1&quot;:0,&quot;2&quot;:0,&quot;3&quot;:3},{&quot;1&quot;:1,&quot;2&quot;:0,&quot;4&quot;:1}]},&quot;7&quot;:{&quot;1&quot;:[{&quot;1&quot;:2,&quot;2&quot;:0,&quot;5&quot;:{&quot;1&quot;:2,&quot;2&quot;:0}},{&quot;1&quot;:0,&quot;2&quot;:0,&quot;3&quot;:3},{&quot;1&quot;:1,&quot;2&quot;:0,&quot;4&quot;:1}]},&quot;8&quot;:{&quot;1&quot;:[{&quot;1&quot;:2,&quot;2&quot;:0,&quot;5&quot;:{&quot;1&quot;:2,&quot;2&quot;:0}},{&quot;1&quot;:0,&quot;2&quot;:0,&quot;3&quot;:3},{&quot;1&quot;:1,&quot;2&quot;:0,&quot;4&quot;:1}]},&quot;10&quot;:2,&quot;11&quot;:4,&quot;15&quot;:&quot;Calibri&quot;,&quot;16&quot;:11}\">una funci\u00f3n de desconexi\u00f3n <\/span> autom\u00e1tica para ahorrar bater\u00eda.<\/p>\n","protected":false},"excerpt":{"rendered":"<p>El SIL2 es uno de nuestros term\u00f3metros de infrarrojos m\u00e1s exactos. El SIL2, que posee un campo de visi\u00f3n 1:1 &#8230;<\/p>\n","protected":false},"featured_media":28676,"comment_status":"open","ping_status":"closed","template":"","meta":{"_acf_changed":false},"product_brand":[],"product_cat":[166,160],"product_tag":[],"class_list":{"0":"post-28675","1":"product","2":"type-product","3":"status-publish","4":"has-post-thumbnail","6":"product_cat-pocket-tools-es-2","7":"product_cat-other-es-2","9":"first","10":"instock","11":"shipping-taxable","12":"product-type-simple"},"acf":[],"yoast_head":"<!-- This site is optimized with the Yoast SEO plugin v27.2 - https:\/\/yoast.com\/product\/yoast-seo-wordpress\/ -->\n<title>SIL2 - Term\u00f3metro infrarrojo tipo l\u00e1piz con linterna LED - Fieldpiece Instruments<\/title>\n<meta name=\"robots\" content=\"index, follow, max-snippet:-1, max-image-preview:large, max-video-preview:-1\" \/>\n<link rel=\"canonical\" href=\"https:\/\/www.fieldpiece.com\/es\/producto\/https-www-fieldpiece-com-es-post_typeproductp28675\/\" \/>\n<meta property=\"og:locale\" content=\"es_ES\" \/>\n<meta property=\"og:type\" content=\"article\" \/>\n<meta property=\"og:title\" content=\"SIL2 - Term\u00f3metro infrarrojo tipo l\u00e1piz con linterna LED - Fieldpiece Instruments\" \/>\n<meta property=\"og:description\" content=\"El SIL2 es uno de nuestros term\u00f3metros de infrarrojos m\u00e1s exactos. El SIL2, que posee un campo de visi\u00f3n 1:1 ...\" \/>\n<meta property=\"og:url\" content=\"https:\/\/www.fieldpiece.com\/es\/producto\/https-www-fieldpiece-com-es-post_typeproductp28675\/\" \/>\n<meta property=\"og:site_name\" content=\"Fieldpiece Instruments\" \/>\n<meta property=\"article:modified_time\" content=\"2023-04-26T12:38:23+00:00\" \/>\n<meta property=\"og:image\" content=\"https:\/\/resources.fieldpiece.com\/wp-content\/uploads\/2020\/11\/SIL2.png\" \/>\n\t<meta property=\"og:image:width\" content=\"470\" \/>\n\t<meta property=\"og:image:height\" content=\"470\" \/>\n\t<meta property=\"og:image:type\" content=\"image\/png\" \/>\n<meta name=\"twitter:card\" content=\"summary_large_image\" \/>\n<meta name=\"twitter:label1\" content=\"Tiempo de lectura\" \/>\n\t<meta name=\"twitter:data1\" content=\"1 minuto\" \/>\n<script type=\"application\/ld+json\" class=\"yoast-schema-graph\">{\"@context\":\"https:\/\/schema.org\",\"@graph\":[{\"@type\":\"WebPage\",\"@id\":\"https:\/\/www.fieldpiece.com\/es\/producto\/https-www-fieldpiece-com-es-post_typeproductp28675\/\",\"url\":\"https:\/\/www.fieldpiece.com\/es\/producto\/https-www-fieldpiece-com-es-post_typeproductp28675\/\",\"name\":\"SIL2 - Term\u00f3metro infrarrojo tipo l\u00e1piz con linterna LED - Fieldpiece Instruments\",\"isPartOf\":{\"@id\":\"https:\/\/www.fieldpiece.com\/es\/#website\"},\"primaryImageOfPage\":{\"@id\":\"https:\/\/www.fieldpiece.com\/es\/producto\/https-www-fieldpiece-com-es-post_typeproductp28675\/#primaryimage\"},\"image\":{\"@id\":\"https:\/\/www.fieldpiece.com\/es\/producto\/https-www-fieldpiece-com-es-post_typeproductp28675\/#primaryimage\"},\"thumbnailUrl\":\"https:\/\/resources.fieldpiece.com\/wp-content\/uploads\/2020\/11\/SIL2.png\",\"datePublished\":\"2023-04-26T12:36:27+00:00\",\"dateModified\":\"2023-04-26T12:38:23+00:00\",\"breadcrumb\":{\"@id\":\"https:\/\/www.fieldpiece.com\/es\/producto\/https-www-fieldpiece-com-es-post_typeproductp28675\/#breadcrumb\"},\"inLanguage\":\"es\",\"potentialAction\":[{\"@type\":\"ReadAction\",\"target\":[\"https:\/\/www.fieldpiece.com\/es\/producto\/https-www-fieldpiece-com-es-post_typeproductp28675\/\"]}]},{\"@type\":\"ImageObject\",\"inLanguage\":\"es\",\"@id\":\"https:\/\/www.fieldpiece.com\/es\/producto\/https-www-fieldpiece-com-es-post_typeproductp28675\/#primaryimage\",\"url\":\"https:\/\/resources.fieldpiece.com\/wp-content\/uploads\/2020\/11\/SIL2.png\",\"contentUrl\":\"https:\/\/resources.fieldpiece.com\/wp-content\/uploads\/2020\/11\/SIL2.png\",\"width\":470,\"height\":470},{\"@type\":\"BreadcrumbList\",\"@id\":\"https:\/\/www.fieldpiece.com\/es\/producto\/https-www-fieldpiece-com-es-post_typeproductp28675\/#breadcrumb\",\"itemListElement\":[{\"@type\":\"ListItem\",\"position\":1,\"name\":\"Home\",\"item\":\"https:\/\/www.fieldpiece.com\/es\/\"},{\"@type\":\"ListItem\",\"position\":2,\"name\":\"Shop\",\"item\":\"https:\/\/www.fieldpiece.com\/shop\/\"},{\"@type\":\"ListItem\",\"position\":3,\"name\":\"SIL2 &#8211; Term\u00f3metro infrarrojo tipo l\u00e1piz con linterna LED\"}]},{\"@type\":\"WebSite\",\"@id\":\"https:\/\/www.fieldpiece.com\/es\/#website\",\"url\":\"https:\/\/www.fieldpiece.com\/es\/\",\"name\":\"Fieldpiece Instruments\",\"description\":\"\",\"publisher\":{\"@id\":\"https:\/\/www.fieldpiece.com\/es\/#organization\"},\"potentialAction\":[{\"@type\":\"SearchAction\",\"target\":{\"@type\":\"EntryPoint\",\"urlTemplate\":\"https:\/\/www.fieldpiece.com\/es\/?s={search_term_string}\"},\"query-input\":{\"@type\":\"PropertyValueSpecification\",\"valueRequired\":true,\"valueName\":\"search_term_string\"}}],\"inLanguage\":\"es\"},{\"@type\":\"Organization\",\"@id\":\"https:\/\/www.fieldpiece.com\/es\/#organization\",\"name\":\"Fieldpiece Instruments\",\"url\":\"https:\/\/www.fieldpiece.com\/es\/\",\"logo\":{\"@type\":\"ImageObject\",\"inLanguage\":\"es\",\"@id\":\"https:\/\/www.fieldpiece.com\/es\/#\/schema\/logo\/image\/\",\"url\":\"https:\/\/resources.fieldpiece.com\/wp-content\/uploads\/2021\/02\/Logos-490x358-1.jpg\",\"contentUrl\":\"https:\/\/resources.fieldpiece.com\/wp-content\/uploads\/2021\/02\/Logos-490x358-1.jpg\",\"width\":490,\"height\":358,\"caption\":\"Fieldpiece Instruments\"},\"image\":{\"@id\":\"https:\/\/www.fieldpiece.com\/es\/#\/schema\/logo\/image\/\"}}]}<\/script>\n<!-- \/ Yoast SEO plugin. -->","yoast_head_json":{"title":"SIL2 - Term\u00f3metro infrarrojo tipo l\u00e1piz con linterna LED - Fieldpiece Instruments","robots":{"index":"index","follow":"follow","max-snippet":"max-snippet:-1","max-image-preview":"max-image-preview:large","max-video-preview":"max-video-preview:-1"},"canonical":"https:\/\/www.fieldpiece.com\/es\/producto\/https-www-fieldpiece-com-es-post_typeproductp28675\/","og_locale":"es_ES","og_type":"article","og_title":"SIL2 - Term\u00f3metro infrarrojo tipo l\u00e1piz con linterna LED - Fieldpiece Instruments","og_description":"El SIL2 es uno de nuestros term\u00f3metros de infrarrojos m\u00e1s exactos. El SIL2, que posee un campo de visi\u00f3n 1:1 ...","og_url":"https:\/\/www.fieldpiece.com\/es\/producto\/https-www-fieldpiece-com-es-post_typeproductp28675\/","og_site_name":"Fieldpiece Instruments","article_modified_time":"2023-04-26T12:38:23+00:00","og_image":[{"width":470,"height":470,"url":"https:\/\/resources.fieldpiece.com\/wp-content\/uploads\/2020\/11\/SIL2.png","type":"image\/png"}],"twitter_card":"summary_large_image","twitter_misc":{"Tiempo de lectura":"1 minuto"},"schema":{"@context":"https:\/\/schema.org","@graph":[{"@type":"WebPage","@id":"https:\/\/www.fieldpiece.com\/es\/producto\/https-www-fieldpiece-com-es-post_typeproductp28675\/","url":"https:\/\/www.fieldpiece.com\/es\/producto\/https-www-fieldpiece-com-es-post_typeproductp28675\/","name":"SIL2 - Term\u00f3metro infrarrojo tipo l\u00e1piz con linterna LED - Fieldpiece Instruments","isPartOf":{"@id":"https:\/\/www.fieldpiece.com\/es\/#website"},"primaryImageOfPage":{"@id":"https:\/\/www.fieldpiece.com\/es\/producto\/https-www-fieldpiece-com-es-post_typeproductp28675\/#primaryimage"},"image":{"@id":"https:\/\/www.fieldpiece.com\/es\/producto\/https-www-fieldpiece-com-es-post_typeproductp28675\/#primaryimage"},"thumbnailUrl":"https:\/\/resources.fieldpiece.com\/wp-content\/uploads\/2020\/11\/SIL2.png","datePublished":"2023-04-26T12:36:27+00:00","dateModified":"2023-04-26T12:38:23+00:00","breadcrumb":{"@id":"https:\/\/www.fieldpiece.com\/es\/producto\/https-www-fieldpiece-com-es-post_typeproductp28675\/#breadcrumb"},"inLanguage":"es","potentialAction":[{"@type":"ReadAction","target":["https:\/\/www.fieldpiece.com\/es\/producto\/https-www-fieldpiece-com-es-post_typeproductp28675\/"]}]},{"@type":"ImageObject","inLanguage":"es","@id":"https:\/\/www.fieldpiece.com\/es\/producto\/https-www-fieldpiece-com-es-post_typeproductp28675\/#primaryimage","url":"https:\/\/resources.fieldpiece.com\/wp-content\/uploads\/2020\/11\/SIL2.png","contentUrl":"https:\/\/resources.fieldpiece.com\/wp-content\/uploads\/2020\/11\/SIL2.png","width":470,"height":470},{"@type":"BreadcrumbList","@id":"https:\/\/www.fieldpiece.com\/es\/producto\/https-www-fieldpiece-com-es-post_typeproductp28675\/#breadcrumb","itemListElement":[{"@type":"ListItem","position":1,"name":"Home","item":"https:\/\/www.fieldpiece.com\/es\/"},{"@type":"ListItem","position":2,"name":"Shop","item":"https:\/\/www.fieldpiece.com\/shop\/"},{"@type":"ListItem","position":3,"name":"SIL2 &#8211; Term\u00f3metro infrarrojo tipo l\u00e1piz con linterna LED"}]},{"@type":"WebSite","@id":"https:\/\/www.fieldpiece.com\/es\/#website","url":"https:\/\/www.fieldpiece.com\/es\/","name":"Fieldpiece Instruments","description":"","publisher":{"@id":"https:\/\/www.fieldpiece.com\/es\/#organization"},"potentialAction":[{"@type":"SearchAction","target":{"@type":"EntryPoint","urlTemplate":"https:\/\/www.fieldpiece.com\/es\/?s={search_term_string}"},"query-input":{"@type":"PropertyValueSpecification","valueRequired":true,"valueName":"search_term_string"}}],"inLanguage":"es"},{"@type":"Organization","@id":"https:\/\/www.fieldpiece.com\/es\/#organization","name":"Fieldpiece Instruments","url":"https:\/\/www.fieldpiece.com\/es\/","logo":{"@type":"ImageObject","inLanguage":"es","@id":"https:\/\/www.fieldpiece.com\/es\/#\/schema\/logo\/image\/","url":"https:\/\/resources.fieldpiece.com\/wp-content\/uploads\/2021\/02\/Logos-490x358-1.jpg","contentUrl":"https:\/\/resources.fieldpiece.com\/wp-content\/uploads\/2021\/02\/Logos-490x358-1.jpg","width":490,"height":358,"caption":"Fieldpiece Instruments"},"image":{"@id":"https:\/\/www.fieldpiece.com\/es\/#\/schema\/logo\/image\/"}}]}},"_links":{"self":[{"href":"https:\/\/www.fieldpiece.com\/es\/wp-json\/wp\/v2\/product\/28675","targetHints":{"allow":["GET"]}}],"collection":[{"href":"https:\/\/www.fieldpiece.com\/es\/wp-json\/wp\/v2\/product"}],"about":[{"href":"https:\/\/www.fieldpiece.com\/es\/wp-json\/wp\/v2\/types\/product"}],"replies":[{"embeddable":true,"href":"https:\/\/www.fieldpiece.com\/es\/wp-json\/wp\/v2\/comments?post=28675"}],"wp:featuredmedia":[{"embeddable":true,"href":"https:\/\/www.fieldpiece.com\/es\/wp-json\/wp\/v2\/media\/28676"}],"wp:attachment":[{"href":"https:\/\/www.fieldpiece.com\/es\/wp-json\/wp\/v2\/media?parent=28675"}],"wp:term":[{"taxonomy":"product_brand","embeddable":true,"href":"https:\/\/www.fieldpiece.com\/es\/wp-json\/wp\/v2\/product_brand?post=28675"},{"taxonomy":"product_cat","embeddable":true,"href":"https:\/\/www.fieldpiece.com\/es\/wp-json\/wp\/v2\/product_cat?post=28675"},{"taxonomy":"product_tag","embeddable":true,"href":"https:\/\/www.fieldpiece.com\/es\/wp-json\/wp\/v2\/product_tag?post=28675"}],"curies":[{"name":"wp","href":"https:\/\/api.w.org\/{rel}","templated":true}]}}