	{"id":28590,"date":"2020-11-02T11:29:37","date_gmt":"2023-04-26T12:34:07","guid":{"rendered":"https:\/\/www.fieldpiece.com\/product\/spk3-rod-and-ir-temperature-pocket-style-tool\/"},"modified":"2023-04-27T00:11:19","modified_gmt":"2023-04-27T07:11:19","slug":"spk3-rod-and-ir-temperature-pocket-style-tool","status":"publish","type":"product","link":"https:\/\/www.fieldpiece.com\/es\/producto\/spk3-rod-and-ir-temperature-pocket-style-tool\/","title":{"rendered":"SPK3 &#8211; Term\u00f3metro infrarrojo de bolsillo con varilla"},"content":{"rendered":"<p>Perfecto para evaluar sistemas r\u00e1pidamente<br \/>\nVarilla plegable para mediciones en conductos<br \/>\nIR 8:1 para temperaturas ambiente y de registros<br \/>\nMediciones en conductos con las manos libres<br \/>\nCalcula r\u00e1pidamente T1 &#8211; T2, tanto con la varilla como con los IR <\/p>\n<p>El SPK3 es una gran herramienta para medir r\u00e1pidamente temperaturas ambiente, en conductos y en registros.\u00a0 Una herramienta \u00fatil para evaluar sistemas, que puede llevar c\u00f3modamente en su bolsillo.\u00a0 La varilla tiene una punta afilada y estrecha que puede insertarse f\u00e1cilmente en sistemas de conductos, y sus ganchos para colgar le permiten tomar mediciones con las manos libres.\u00a0 Su pantalla con retroiluminaci\u00f3n brillante alterna entre las mediciones con IR y con varilla, para que siempre resulte f\u00e1cil verlas.\u00a0 Adem\u00e1s, esta pr\u00e1ctica herramienta calcula r\u00e1pidamente T1 &#8211; T2, tanto en el modo de IR como en el de varilla o en una combinaci\u00f3n de ambos. <\/p>\n<p>Incluye:  <\/p>\n<ul>\n<li>Dos pilas AAA <\/li>\n<\/ul>\n","protected":false},"excerpt":{"rendered":"<p>Perfecto para evaluar sistemas r\u00e1pidamente Varilla plegable para mediciones en conductos IR 8:1 para temperaturas ambiente y de registros Mediciones &#8230;<\/p>\n","protected":false},"featured_media":28592,"comment_status":"open","ping_status":"closed","template":"","meta":{"_acf_changed":false},"product_brand":[],"product_cat":[125,166],"product_tag":[],"class_list":{"0":"post-28590","1":"product","2":"type-product","3":"status-publish","4":"has-post-thumbnail","6":"product_cat-air-flow-and-temp-rh-esss","7":"product_cat-pocket-tools-es-2","9":"first","10":"instock","11":"shipping-taxable","12":"product-type-simple"},"acf":[],"yoast_head":"<!-- This site is optimized with the Yoast SEO plugin v27.3 - https:\/\/yoast.com\/product\/yoast-seo-wordpress\/ -->\n<title>SPK3 - Term\u00f3metro infrarrojo de bolsillo con varilla - Fieldpiece Instruments<\/title>\n<meta name=\"robots\" content=\"index, follow, max-snippet:-1, max-image-preview:large, max-video-preview:-1\" \/>\n<link rel=\"canonical\" href=\"https:\/\/www.fieldpiece.com\/es\/producto\/spk3-rod-and-ir-temperature-pocket-style-tool\/\" \/>\n<meta property=\"og:locale\" content=\"es_ES\" \/>\n<meta property=\"og:type\" content=\"article\" \/>\n<meta property=\"og:title\" content=\"SPK3 - Term\u00f3metro infrarrojo de bolsillo con varilla - Fieldpiece Instruments\" \/>\n<meta property=\"og:description\" content=\"Perfecto para evaluar sistemas r\u00e1pidamente Varilla plegable para mediciones en conductos IR 8:1 para temperaturas ambiente y de registros Mediciones ...\" \/>\n<meta property=\"og:url\" content=\"https:\/\/www.fieldpiece.com\/es\/producto\/spk3-rod-and-ir-temperature-pocket-style-tool\/\" \/>\n<meta property=\"og:site_name\" content=\"Fieldpiece Instruments\" \/>\n<meta property=\"article:modified_time\" content=\"2023-04-27T07:11:19+00:00\" \/>\n<meta property=\"og:image\" content=\"https:\/\/resources.fieldpiece.com\/wp-content\/uploads\/2021\/01\/SPK3-SRC-Product.png\" \/>\n\t<meta property=\"og:image:width\" content=\"470\" \/>\n\t<meta property=\"og:image:height\" content=\"470\" \/>\n\t<meta property=\"og:image:type\" content=\"image\/png\" \/>\n<meta name=\"twitter:card\" content=\"summary_large_image\" \/>\n<meta name=\"twitter:label1\" content=\"Tiempo de lectura\" \/>\n\t<meta name=\"twitter:data1\" content=\"1 minuto\" \/>\n<script type=\"application\/ld+json\" class=\"yoast-schema-graph\">{\"@context\":\"https:\\\/\\\/schema.org\",\"@graph\":[{\"@type\":\"WebPage\",\"@id\":\"https:\\\/\\\/www.fieldpiece.com\\\/es\\\/producto\\\/spk3-rod-and-ir-temperature-pocket-style-tool\\\/\",\"url\":\"https:\\\/\\\/www.fieldpiece.com\\\/es\\\/producto\\\/spk3-rod-and-ir-temperature-pocket-style-tool\\\/\",\"name\":\"SPK3 - Term\u00f3metro infrarrojo de bolsillo con varilla - Fieldpiece Instruments\",\"isPartOf\":{\"@id\":\"https:\\\/\\\/www.fieldpiece.com\\\/es\\\/#website\"},\"primaryImageOfPage\":{\"@id\":\"https:\\\/\\\/www.fieldpiece.com\\\/es\\\/producto\\\/spk3-rod-and-ir-temperature-pocket-style-tool\\\/#primaryimage\"},\"image\":{\"@id\":\"https:\\\/\\\/www.fieldpiece.com\\\/es\\\/producto\\\/spk3-rod-and-ir-temperature-pocket-style-tool\\\/#primaryimage\"},\"thumbnailUrl\":\"https:\\\/\\\/resources.fieldpiece.com\\\/wp-content\\\/uploads\\\/2021\\\/01\\\/SPK3-SRC-Product.png\",\"datePublished\":\"2023-04-26T12:34:07+00:00\",\"dateModified\":\"2023-04-27T07:11:19+00:00\",\"breadcrumb\":{\"@id\":\"https:\\\/\\\/www.fieldpiece.com\\\/es\\\/producto\\\/spk3-rod-and-ir-temperature-pocket-style-tool\\\/#breadcrumb\"},\"inLanguage\":\"es\",\"potentialAction\":[{\"@type\":\"ReadAction\",\"target\":[\"https:\\\/\\\/www.fieldpiece.com\\\/es\\\/producto\\\/spk3-rod-and-ir-temperature-pocket-style-tool\\\/\"]}]},{\"@type\":\"ImageObject\",\"inLanguage\":\"es\",\"@id\":\"https:\\\/\\\/www.fieldpiece.com\\\/es\\\/producto\\\/spk3-rod-and-ir-temperature-pocket-style-tool\\\/#primaryimage\",\"url\":\"https:\\\/\\\/resources.fieldpiece.com\\\/wp-content\\\/uploads\\\/2021\\\/01\\\/SPK3-SRC-Product.png\",\"contentUrl\":\"https:\\\/\\\/resources.fieldpiece.com\\\/wp-content\\\/uploads\\\/2021\\\/01\\\/SPK3-SRC-Product.png\",\"width\":470,\"height\":470,\"caption\":\"SPK3 - Thermometer\"},{\"@type\":\"BreadcrumbList\",\"@id\":\"https:\\\/\\\/www.fieldpiece.com\\\/es\\\/producto\\\/spk3-rod-and-ir-temperature-pocket-style-tool\\\/#breadcrumb\",\"itemListElement\":[{\"@type\":\"ListItem\",\"position\":1,\"name\":\"Home\",\"item\":\"https:\\\/\\\/www.fieldpiece.com\\\/es\\\/\"},{\"@type\":\"ListItem\",\"position\":2,\"name\":\"Shop\",\"item\":\"https:\\\/\\\/www.fieldpiece.com\\\/shop\\\/\"},{\"@type\":\"ListItem\",\"position\":3,\"name\":\"SPK3 &#8211; Term\u00f3metro infrarrojo de bolsillo con varilla\"}]},{\"@type\":\"WebSite\",\"@id\":\"https:\\\/\\\/www.fieldpiece.com\\\/es\\\/#website\",\"url\":\"https:\\\/\\\/www.fieldpiece.com\\\/es\\\/\",\"name\":\"Fieldpiece Instruments\",\"description\":\"\",\"publisher\":{\"@id\":\"https:\\\/\\\/www.fieldpiece.com\\\/es\\\/#organization\"},\"potentialAction\":[{\"@type\":\"SearchAction\",\"target\":{\"@type\":\"EntryPoint\",\"urlTemplate\":\"https:\\\/\\\/www.fieldpiece.com\\\/es\\\/?s={search_term_string}\"},\"query-input\":{\"@type\":\"PropertyValueSpecification\",\"valueRequired\":true,\"valueName\":\"search_term_string\"}}],\"inLanguage\":\"es\"},{\"@type\":\"Organization\",\"@id\":\"https:\\\/\\\/www.fieldpiece.com\\\/es\\\/#organization\",\"name\":\"Fieldpiece Instruments\",\"url\":\"https:\\\/\\\/www.fieldpiece.com\\\/es\\\/\",\"logo\":{\"@type\":\"ImageObject\",\"inLanguage\":\"es\",\"@id\":\"https:\\\/\\\/www.fieldpiece.com\\\/es\\\/#\\\/schema\\\/logo\\\/image\\\/\",\"url\":\"https:\\\/\\\/resources.fieldpiece.com\\\/wp-content\\\/uploads\\\/2021\\\/02\\\/Logos-490x358-1.jpg\",\"contentUrl\":\"https:\\\/\\\/resources.fieldpiece.com\\\/wp-content\\\/uploads\\\/2021\\\/02\\\/Logos-490x358-1.jpg\",\"width\":490,\"height\":358,\"caption\":\"Fieldpiece Instruments\"},\"image\":{\"@id\":\"https:\\\/\\\/www.fieldpiece.com\\\/es\\\/#\\\/schema\\\/logo\\\/image\\\/\"}}]}<\/script>\n<!-- \/ Yoast SEO plugin. -->","yoast_head_json":{"title":"SPK3 - Term\u00f3metro infrarrojo de bolsillo con varilla - Fieldpiece Instruments","robots":{"index":"index","follow":"follow","max-snippet":"max-snippet:-1","max-image-preview":"max-image-preview:large","max-video-preview":"max-video-preview:-1"},"canonical":"https:\/\/www.fieldpiece.com\/es\/producto\/spk3-rod-and-ir-temperature-pocket-style-tool\/","og_locale":"es_ES","og_type":"article","og_title":"SPK3 - Term\u00f3metro infrarrojo de bolsillo con varilla - Fieldpiece Instruments","og_description":"Perfecto para evaluar sistemas r\u00e1pidamente Varilla plegable para mediciones en conductos IR 8:1 para temperaturas ambiente y de registros Mediciones ...","og_url":"https:\/\/www.fieldpiece.com\/es\/producto\/spk3-rod-and-ir-temperature-pocket-style-tool\/","og_site_name":"Fieldpiece Instruments","article_modified_time":"2023-04-27T07:11:19+00:00","og_image":[{"width":470,"height":470,"url":"https:\/\/resources.fieldpiece.com\/wp-content\/uploads\/2021\/01\/SPK3-SRC-Product.png","type":"image\/png"}],"twitter_card":"summary_large_image","twitter_misc":{"Tiempo de lectura":"1 minuto"},"schema":{"@context":"https:\/\/schema.org","@graph":[{"@type":"WebPage","@id":"https:\/\/www.fieldpiece.com\/es\/producto\/spk3-rod-and-ir-temperature-pocket-style-tool\/","url":"https:\/\/www.fieldpiece.com\/es\/producto\/spk3-rod-and-ir-temperature-pocket-style-tool\/","name":"SPK3 - Term\u00f3metro infrarrojo de bolsillo con varilla - Fieldpiece Instruments","isPartOf":{"@id":"https:\/\/www.fieldpiece.com\/es\/#website"},"primaryImageOfPage":{"@id":"https:\/\/www.fieldpiece.com\/es\/producto\/spk3-rod-and-ir-temperature-pocket-style-tool\/#primaryimage"},"image":{"@id":"https:\/\/www.fieldpiece.com\/es\/producto\/spk3-rod-and-ir-temperature-pocket-style-tool\/#primaryimage"},"thumbnailUrl":"https:\/\/resources.fieldpiece.com\/wp-content\/uploads\/2021\/01\/SPK3-SRC-Product.png","datePublished":"2023-04-26T12:34:07+00:00","dateModified":"2023-04-27T07:11:19+00:00","breadcrumb":{"@id":"https:\/\/www.fieldpiece.com\/es\/producto\/spk3-rod-and-ir-temperature-pocket-style-tool\/#breadcrumb"},"inLanguage":"es","potentialAction":[{"@type":"ReadAction","target":["https:\/\/www.fieldpiece.com\/es\/producto\/spk3-rod-and-ir-temperature-pocket-style-tool\/"]}]},{"@type":"ImageObject","inLanguage":"es","@id":"https:\/\/www.fieldpiece.com\/es\/producto\/spk3-rod-and-ir-temperature-pocket-style-tool\/#primaryimage","url":"https:\/\/resources.fieldpiece.com\/wp-content\/uploads\/2021\/01\/SPK3-SRC-Product.png","contentUrl":"https:\/\/resources.fieldpiece.com\/wp-content\/uploads\/2021\/01\/SPK3-SRC-Product.png","width":470,"height":470,"caption":"SPK3 - Thermometer"},{"@type":"BreadcrumbList","@id":"https:\/\/www.fieldpiece.com\/es\/producto\/spk3-rod-and-ir-temperature-pocket-style-tool\/#breadcrumb","itemListElement":[{"@type":"ListItem","position":1,"name":"Home","item":"https:\/\/www.fieldpiece.com\/es\/"},{"@type":"ListItem","position":2,"name":"Shop","item":"https:\/\/www.fieldpiece.com\/shop\/"},{"@type":"ListItem","position":3,"name":"SPK3 &#8211; Term\u00f3metro infrarrojo de bolsillo con varilla"}]},{"@type":"WebSite","@id":"https:\/\/www.fieldpiece.com\/es\/#website","url":"https:\/\/www.fieldpiece.com\/es\/","name":"Fieldpiece Instruments","description":"","publisher":{"@id":"https:\/\/www.fieldpiece.com\/es\/#organization"},"potentialAction":[{"@type":"SearchAction","target":{"@type":"EntryPoint","urlTemplate":"https:\/\/www.fieldpiece.com\/es\/?s={search_term_string}"},"query-input":{"@type":"PropertyValueSpecification","valueRequired":true,"valueName":"search_term_string"}}],"inLanguage":"es"},{"@type":"Organization","@id":"https:\/\/www.fieldpiece.com\/es\/#organization","name":"Fieldpiece Instruments","url":"https:\/\/www.fieldpiece.com\/es\/","logo":{"@type":"ImageObject","inLanguage":"es","@id":"https:\/\/www.fieldpiece.com\/es\/#\/schema\/logo\/image\/","url":"https:\/\/resources.fieldpiece.com\/wp-content\/uploads\/2021\/02\/Logos-490x358-1.jpg","contentUrl":"https:\/\/resources.fieldpiece.com\/wp-content\/uploads\/2021\/02\/Logos-490x358-1.jpg","width":490,"height":358,"caption":"Fieldpiece Instruments"},"image":{"@id":"https:\/\/www.fieldpiece.com\/es\/#\/schema\/logo\/image\/"}}]}},"_links":{"self":[{"href":"https:\/\/www.fieldpiece.com\/es\/wp-json\/wp\/v2\/product\/28590","targetHints":{"allow":["GET"]}}],"collection":[{"href":"https:\/\/www.fieldpiece.com\/es\/wp-json\/wp\/v2\/product"}],"about":[{"href":"https:\/\/www.fieldpiece.com\/es\/wp-json\/wp\/v2\/types\/product"}],"replies":[{"embeddable":true,"href":"https:\/\/www.fieldpiece.com\/es\/wp-json\/wp\/v2\/comments?post=28590"}],"wp:featuredmedia":[{"embeddable":true,"href":"https:\/\/www.fieldpiece.com\/es\/wp-json\/wp\/v2\/media\/28592"}],"wp:attachment":[{"href":"https:\/\/www.fieldpiece.com\/es\/wp-json\/wp\/v2\/media?parent=28590"}],"wp:term":[{"taxonomy":"product_brand","embeddable":true,"href":"https:\/\/www.fieldpiece.com\/es\/wp-json\/wp\/v2\/product_brand?post=28590"},{"taxonomy":"product_cat","embeddable":true,"href":"https:\/\/www.fieldpiece.com\/es\/wp-json\/wp\/v2\/product_cat?post=28590"},{"taxonomy":"product_tag","embeddable":true,"href":"https:\/\/www.fieldpiece.com\/es\/wp-json\/wp\/v2\/product_tag?post=28590"}],"curies":[{"name":"wp","href":"https:\/\/api.w.org\/{rel}","templated":true}]}}