	{"id":28147,"date":"2020-11-02T12:02:15","date_gmt":"2023-04-26T12:31:47","guid":{"rendered":"https:\/\/www.fieldpiece.com\/product\/ada2-shorting-cables-with-alligator-clips\/"},"modified":"2023-04-26T05:33:35","modified_gmt":"2023-04-26T12:33:35","slug":"ada2-shorting-cables-with-alligator-clips","status":"publish","type":"product","link":"https:\/\/www.fieldpiece.com\/es\/producto\/ada2-shorting-cables-with-alligator-clips\/","title":{"rendered":"ADA2 &#8211; Cables de cortocircuito con pinzas de cocodrilo"},"content":{"rendered":"<p>Los cables de cortocircuito ADA2 se conectan a terminales el\u00e9ctricos para la configuraci\u00f3n de circuitos temporales. Cada cable rojo y negro va envuelto en un aislante de vinilo y tiene una longitud de 1,06 m (3,5 pies). Sus peque\u00f1as pinzas de cocodrilo son fuertes, pero lo suficientemente largas y delgadas como para entrar en las zonas de dif\u00edcil acceso en las que habitualmente se encuentran en los equipos de climatizaci\u00f3n y refrigeraci\u00f3n.<br \/>\nESPECIFICACIONES<br \/>\nLongitud:\u00a0 1,06 m (3,5 pies)<br \/>\nTemperatura m\u00e1x.:\u00a0 80 \u00b0C (176 \u00b0F)<br \/>\nMaterial de aislamiento:\u00a0 vinilo<br \/>\nTipo de punta de sonda:\u00a0 pinza de cocodrilo<br \/>\nTipo de enchufe:\u00a0 sin enchufe, pinzas de cocodrilo<\/p>\n","protected":false},"excerpt":{"rendered":"<p>Los cables de cortocircuito ADA2 se conectan a terminales el\u00e9ctricos para la configuraci\u00f3n de circuitos temporales. Cada cable rojo y &#8230;<\/p>\n","protected":false},"featured_media":28148,"comment_status":"open","ping_status":"closed","template":"","meta":{"_acf_changed":false},"product_brand":[],"product_cat":[261,160],"product_tag":[],"class_list":{"0":"post-28147","1":"product","2":"type-product","3":"status-publish","4":"has-post-thumbnail","6":"product_cat-leads-es-2","7":"product_cat-other-es-2","9":"first","10":"instock","11":"shipping-taxable","12":"product-type-simple"},"acf":[],"yoast_head":"<!-- This site is optimized with the Yoast SEO plugin v27.2 - https:\/\/yoast.com\/product\/yoast-seo-wordpress\/ -->\n<title>ADA2 - Cables de cortocircuito con pinzas de cocodrilo - Fieldpiece Instruments<\/title>\n<meta name=\"robots\" content=\"index, follow, max-snippet:-1, max-image-preview:large, max-video-preview:-1\" \/>\n<link rel=\"canonical\" href=\"https:\/\/www.fieldpiece.com\/es\/producto\/ada2-shorting-cables-with-alligator-clips\/\" \/>\n<meta property=\"og:locale\" content=\"es_ES\" \/>\n<meta property=\"og:type\" content=\"article\" \/>\n<meta property=\"og:title\" content=\"ADA2 - Cables de cortocircuito con pinzas de cocodrilo - Fieldpiece Instruments\" \/>\n<meta property=\"og:description\" content=\"Los cables de cortocircuito ADA2 se conectan a terminales el\u00e9ctricos para la configuraci\u00f3n de circuitos temporales. Cada cable rojo y ...\" \/>\n<meta property=\"og:url\" content=\"https:\/\/www.fieldpiece.com\/es\/producto\/ada2-shorting-cables-with-alligator-clips\/\" \/>\n<meta property=\"og:site_name\" content=\"Fieldpiece Instruments\" \/>\n<meta property=\"article:modified_time\" content=\"2023-04-26T12:33:35+00:00\" \/>\n<meta property=\"og:image\" content=\"https:\/\/resources.fieldpiece.com\/wp-content\/uploads\/2020\/11\/ADA2.jpg\" \/>\n\t<meta property=\"og:image:width\" content=\"470\" \/>\n\t<meta property=\"og:image:height\" content=\"470\" \/>\n\t<meta property=\"og:image:type\" content=\"image\/jpeg\" \/>\n<meta name=\"twitter:card\" content=\"summary_large_image\" \/>\n<meta name=\"twitter:label1\" content=\"Tiempo de lectura\" \/>\n\t<meta name=\"twitter:data1\" content=\"1 minuto\" \/>\n<script type=\"application\/ld+json\" class=\"yoast-schema-graph\">{\"@context\":\"https:\/\/schema.org\",\"@graph\":[{\"@type\":\"WebPage\",\"@id\":\"https:\/\/www.fieldpiece.com\/es\/producto\/ada2-shorting-cables-with-alligator-clips\/\",\"url\":\"https:\/\/www.fieldpiece.com\/es\/producto\/ada2-shorting-cables-with-alligator-clips\/\",\"name\":\"ADA2 - Cables de cortocircuito con pinzas de cocodrilo - Fieldpiece Instruments\",\"isPartOf\":{\"@id\":\"https:\/\/www.fieldpiece.com\/es\/#website\"},\"primaryImageOfPage\":{\"@id\":\"https:\/\/www.fieldpiece.com\/es\/producto\/ada2-shorting-cables-with-alligator-clips\/#primaryimage\"},\"image\":{\"@id\":\"https:\/\/www.fieldpiece.com\/es\/producto\/ada2-shorting-cables-with-alligator-clips\/#primaryimage\"},\"thumbnailUrl\":\"https:\/\/resources.fieldpiece.com\/wp-content\/uploads\/2020\/11\/ADA2.jpg\",\"datePublished\":\"2023-04-26T12:31:47+00:00\",\"dateModified\":\"2023-04-26T12:33:35+00:00\",\"breadcrumb\":{\"@id\":\"https:\/\/www.fieldpiece.com\/es\/producto\/ada2-shorting-cables-with-alligator-clips\/#breadcrumb\"},\"inLanguage\":\"es\",\"potentialAction\":[{\"@type\":\"ReadAction\",\"target\":[\"https:\/\/www.fieldpiece.com\/es\/producto\/ada2-shorting-cables-with-alligator-clips\/\"]}]},{\"@type\":\"ImageObject\",\"inLanguage\":\"es\",\"@id\":\"https:\/\/www.fieldpiece.com\/es\/producto\/ada2-shorting-cables-with-alligator-clips\/#primaryimage\",\"url\":\"https:\/\/resources.fieldpiece.com\/wp-content\/uploads\/2020\/11\/ADA2.jpg\",\"contentUrl\":\"https:\/\/resources.fieldpiece.com\/wp-content\/uploads\/2020\/11\/ADA2.jpg\",\"width\":470,\"height\":470,\"caption\":\"Insulated Alligator Clips\"},{\"@type\":\"BreadcrumbList\",\"@id\":\"https:\/\/www.fieldpiece.com\/es\/producto\/ada2-shorting-cables-with-alligator-clips\/#breadcrumb\",\"itemListElement\":[{\"@type\":\"ListItem\",\"position\":1,\"name\":\"Home\",\"item\":\"https:\/\/www.fieldpiece.com\/es\/\"},{\"@type\":\"ListItem\",\"position\":2,\"name\":\"Shop\",\"item\":\"https:\/\/www.fieldpiece.com\/shop\/\"},{\"@type\":\"ListItem\",\"position\":3,\"name\":\"ADA2 &#8211; Cables de cortocircuito con pinzas de cocodrilo\"}]},{\"@type\":\"WebSite\",\"@id\":\"https:\/\/www.fieldpiece.com\/es\/#website\",\"url\":\"https:\/\/www.fieldpiece.com\/es\/\",\"name\":\"Fieldpiece Instruments\",\"description\":\"\",\"publisher\":{\"@id\":\"https:\/\/www.fieldpiece.com\/es\/#organization\"},\"potentialAction\":[{\"@type\":\"SearchAction\",\"target\":{\"@type\":\"EntryPoint\",\"urlTemplate\":\"https:\/\/www.fieldpiece.com\/es\/?s={search_term_string}\"},\"query-input\":{\"@type\":\"PropertyValueSpecification\",\"valueRequired\":true,\"valueName\":\"search_term_string\"}}],\"inLanguage\":\"es\"},{\"@type\":\"Organization\",\"@id\":\"https:\/\/www.fieldpiece.com\/es\/#organization\",\"name\":\"Fieldpiece Instruments\",\"url\":\"https:\/\/www.fieldpiece.com\/es\/\",\"logo\":{\"@type\":\"ImageObject\",\"inLanguage\":\"es\",\"@id\":\"https:\/\/www.fieldpiece.com\/es\/#\/schema\/logo\/image\/\",\"url\":\"https:\/\/resources.fieldpiece.com\/wp-content\/uploads\/2021\/02\/Logos-490x358-1.jpg\",\"contentUrl\":\"https:\/\/resources.fieldpiece.com\/wp-content\/uploads\/2021\/02\/Logos-490x358-1.jpg\",\"width\":490,\"height\":358,\"caption\":\"Fieldpiece Instruments\"},\"image\":{\"@id\":\"https:\/\/www.fieldpiece.com\/es\/#\/schema\/logo\/image\/\"}}]}<\/script>\n<!-- \/ Yoast SEO plugin. -->","yoast_head_json":{"title":"ADA2 - Cables de cortocircuito con pinzas de cocodrilo - Fieldpiece Instruments","robots":{"index":"index","follow":"follow","max-snippet":"max-snippet:-1","max-image-preview":"max-image-preview:large","max-video-preview":"max-video-preview:-1"},"canonical":"https:\/\/www.fieldpiece.com\/es\/producto\/ada2-shorting-cables-with-alligator-clips\/","og_locale":"es_ES","og_type":"article","og_title":"ADA2 - Cables de cortocircuito con pinzas de cocodrilo - Fieldpiece Instruments","og_description":"Los cables de cortocircuito ADA2 se conectan a terminales el\u00e9ctricos para la configuraci\u00f3n de circuitos temporales. Cada cable rojo y ...","og_url":"https:\/\/www.fieldpiece.com\/es\/producto\/ada2-shorting-cables-with-alligator-clips\/","og_site_name":"Fieldpiece Instruments","article_modified_time":"2023-04-26T12:33:35+00:00","og_image":[{"width":470,"height":470,"url":"https:\/\/resources.fieldpiece.com\/wp-content\/uploads\/2020\/11\/ADA2.jpg","type":"image\/jpeg"}],"twitter_card":"summary_large_image","twitter_misc":{"Tiempo de lectura":"1 minuto"},"schema":{"@context":"https:\/\/schema.org","@graph":[{"@type":"WebPage","@id":"https:\/\/www.fieldpiece.com\/es\/producto\/ada2-shorting-cables-with-alligator-clips\/","url":"https:\/\/www.fieldpiece.com\/es\/producto\/ada2-shorting-cables-with-alligator-clips\/","name":"ADA2 - Cables de cortocircuito con pinzas de cocodrilo - Fieldpiece Instruments","isPartOf":{"@id":"https:\/\/www.fieldpiece.com\/es\/#website"},"primaryImageOfPage":{"@id":"https:\/\/www.fieldpiece.com\/es\/producto\/ada2-shorting-cables-with-alligator-clips\/#primaryimage"},"image":{"@id":"https:\/\/www.fieldpiece.com\/es\/producto\/ada2-shorting-cables-with-alligator-clips\/#primaryimage"},"thumbnailUrl":"https:\/\/resources.fieldpiece.com\/wp-content\/uploads\/2020\/11\/ADA2.jpg","datePublished":"2023-04-26T12:31:47+00:00","dateModified":"2023-04-26T12:33:35+00:00","breadcrumb":{"@id":"https:\/\/www.fieldpiece.com\/es\/producto\/ada2-shorting-cables-with-alligator-clips\/#breadcrumb"},"inLanguage":"es","potentialAction":[{"@type":"ReadAction","target":["https:\/\/www.fieldpiece.com\/es\/producto\/ada2-shorting-cables-with-alligator-clips\/"]}]},{"@type":"ImageObject","inLanguage":"es","@id":"https:\/\/www.fieldpiece.com\/es\/producto\/ada2-shorting-cables-with-alligator-clips\/#primaryimage","url":"https:\/\/resources.fieldpiece.com\/wp-content\/uploads\/2020\/11\/ADA2.jpg","contentUrl":"https:\/\/resources.fieldpiece.com\/wp-content\/uploads\/2020\/11\/ADA2.jpg","width":470,"height":470,"caption":"Insulated Alligator Clips"},{"@type":"BreadcrumbList","@id":"https:\/\/www.fieldpiece.com\/es\/producto\/ada2-shorting-cables-with-alligator-clips\/#breadcrumb","itemListElement":[{"@type":"ListItem","position":1,"name":"Home","item":"https:\/\/www.fieldpiece.com\/es\/"},{"@type":"ListItem","position":2,"name":"Shop","item":"https:\/\/www.fieldpiece.com\/shop\/"},{"@type":"ListItem","position":3,"name":"ADA2 &#8211; Cables de cortocircuito con pinzas de cocodrilo"}]},{"@type":"WebSite","@id":"https:\/\/www.fieldpiece.com\/es\/#website","url":"https:\/\/www.fieldpiece.com\/es\/","name":"Fieldpiece Instruments","description":"","publisher":{"@id":"https:\/\/www.fieldpiece.com\/es\/#organization"},"potentialAction":[{"@type":"SearchAction","target":{"@type":"EntryPoint","urlTemplate":"https:\/\/www.fieldpiece.com\/es\/?s={search_term_string}"},"query-input":{"@type":"PropertyValueSpecification","valueRequired":true,"valueName":"search_term_string"}}],"inLanguage":"es"},{"@type":"Organization","@id":"https:\/\/www.fieldpiece.com\/es\/#organization","name":"Fieldpiece Instruments","url":"https:\/\/www.fieldpiece.com\/es\/","logo":{"@type":"ImageObject","inLanguage":"es","@id":"https:\/\/www.fieldpiece.com\/es\/#\/schema\/logo\/image\/","url":"https:\/\/resources.fieldpiece.com\/wp-content\/uploads\/2021\/02\/Logos-490x358-1.jpg","contentUrl":"https:\/\/resources.fieldpiece.com\/wp-content\/uploads\/2021\/02\/Logos-490x358-1.jpg","width":490,"height":358,"caption":"Fieldpiece Instruments"},"image":{"@id":"https:\/\/www.fieldpiece.com\/es\/#\/schema\/logo\/image\/"}}]}},"_links":{"self":[{"href":"https:\/\/www.fieldpiece.com\/es\/wp-json\/wp\/v2\/product\/28147","targetHints":{"allow":["GET"]}}],"collection":[{"href":"https:\/\/www.fieldpiece.com\/es\/wp-json\/wp\/v2\/product"}],"about":[{"href":"https:\/\/www.fieldpiece.com\/es\/wp-json\/wp\/v2\/types\/product"}],"replies":[{"embeddable":true,"href":"https:\/\/www.fieldpiece.com\/es\/wp-json\/wp\/v2\/comments?post=28147"}],"wp:featuredmedia":[{"embeddable":true,"href":"https:\/\/www.fieldpiece.com\/es\/wp-json\/wp\/v2\/media\/28148"}],"wp:attachment":[{"href":"https:\/\/www.fieldpiece.com\/es\/wp-json\/wp\/v2\/media?parent=28147"}],"wp:term":[{"taxonomy":"product_brand","embeddable":true,"href":"https:\/\/www.fieldpiece.com\/es\/wp-json\/wp\/v2\/product_brand?post=28147"},{"taxonomy":"product_cat","embeddable":true,"href":"https:\/\/www.fieldpiece.com\/es\/wp-json\/wp\/v2\/product_cat?post=28147"},{"taxonomy":"product_tag","embeddable":true,"href":"https:\/\/www.fieldpiece.com\/es\/wp-json\/wp\/v2\/product_tag?post=28147"}],"curies":[{"name":"wp","href":"https:\/\/api.w.org\/{rel}","templated":true}]}}