	{"id":28083,"date":"2020-11-02T12:02:18","date_gmt":"2023-04-26T12:29:29","guid":{"rendered":"https:\/\/www.fieldpiece.com\/product\/asa2-short-alligator-lead-extensions\/"},"modified":"2023-04-26T05:31:16","modified_gmt":"2023-04-26T12:31:16","slug":"asa2-short-alligator-lead-extensions","status":"publish","type":"product","link":"https:\/\/www.fieldpiece.com\/es\/producto\/asa2-short-alligator-lead-extensions\/","title":{"rendered":"ASA2 &#8211; Extensiones de cable cortas con pinzas de cocodrilo"},"content":{"rendered":"<p>Las extensiones con pinzas de cocodrilo ASA2, que han sido dise\u00f1adas para utilizarse con nuestros cables de prueba con punta de sonda desmontable ASLS2, pueden colocarse en puntos de prueba para realizar f\u00e1cilmente pruebas con una sola mano y con las manos libres. Sus peque\u00f1as pinzas de cocodrilo son fuertes pero lo suficientemente largas y delgadas como para entrar en las zonas de dif\u00edcil acceso en las que habitualmente se encuentran en los equipos de climatizaci\u00f3n y refrigeraci\u00f3n.<br \/>\nESPECIFICACIONES<br \/>\nLongitud:\u00a0 9 pulgadas<br \/>\nTemperatura m\u00e1x.:\u00a0 80 \u00b0C (176 \u00b0F)<br \/>\nMaterial de aislamiento:\u00a0 vinilo<br \/>\nTipo de punta de sonda:\u00a0 cocodrilo<br \/>\nTipo de enchufe:\u00a0 tipo banana en forma de L (est\u00e1ndar del sector).<\/p>\n","protected":false},"excerpt":{"rendered":"<p>Las extensiones con pinzas de cocodrilo ASA2, que han sido dise\u00f1adas para utilizarse con nuestros cables de prueba con punta &#8230;<\/p>\n","protected":false},"featured_media":28084,"comment_status":"open","ping_status":"closed","template":"","meta":{"_acf_changed":false},"product_brand":[],"product_cat":[261,160],"product_tag":[],"class_list":{"0":"post-28083","1":"product","2":"type-product","3":"status-publish","4":"has-post-thumbnail","6":"product_cat-leads-es-2","7":"product_cat-other-es-2","9":"first","10":"instock","11":"shipping-taxable","12":"product-type-simple"},"acf":[],"yoast_head":"<!-- This site is optimized with the Yoast SEO plugin v27.2 - https:\/\/yoast.com\/product\/yoast-seo-wordpress\/ -->\n<title>ASA2 - Extensiones de cable cortas con pinzas de cocodrilo - Fieldpiece Instruments<\/title>\n<meta name=\"robots\" content=\"index, follow, max-snippet:-1, max-image-preview:large, max-video-preview:-1\" \/>\n<link rel=\"canonical\" href=\"https:\/\/www.fieldpiece.com\/es\/producto\/asa2-short-alligator-lead-extensions\/\" \/>\n<meta property=\"og:locale\" content=\"es_ES\" \/>\n<meta property=\"og:type\" content=\"article\" \/>\n<meta property=\"og:title\" content=\"ASA2 - Extensiones de cable cortas con pinzas de cocodrilo - Fieldpiece Instruments\" \/>\n<meta property=\"og:description\" content=\"Las extensiones con pinzas de cocodrilo ASA2, que han sido dise\u00f1adas para utilizarse con nuestros cables de prueba con punta ...\" \/>\n<meta property=\"og:url\" content=\"https:\/\/www.fieldpiece.com\/es\/producto\/asa2-short-alligator-lead-extensions\/\" \/>\n<meta property=\"og:site_name\" content=\"Fieldpiece Instruments\" \/>\n<meta property=\"article:modified_time\" content=\"2023-04-26T12:31:16+00:00\" \/>\n<meta property=\"og:image\" content=\"https:\/\/resources.fieldpiece.com\/wp-content\/uploads\/2020\/11\/ASA2.jpg\" \/>\n\t<meta property=\"og:image:width\" content=\"470\" \/>\n\t<meta property=\"og:image:height\" content=\"470\" \/>\n\t<meta property=\"og:image:type\" content=\"image\/jpeg\" \/>\n<meta name=\"twitter:card\" content=\"summary_large_image\" \/>\n<meta name=\"twitter:label1\" content=\"Tiempo de lectura\" \/>\n\t<meta name=\"twitter:data1\" content=\"1 minuto\" \/>\n<script type=\"application\/ld+json\" class=\"yoast-schema-graph\">{\"@context\":\"https:\/\/schema.org\",\"@graph\":[{\"@type\":\"WebPage\",\"@id\":\"https:\/\/www.fieldpiece.com\/es\/producto\/asa2-short-alligator-lead-extensions\/\",\"url\":\"https:\/\/www.fieldpiece.com\/es\/producto\/asa2-short-alligator-lead-extensions\/\",\"name\":\"ASA2 - Extensiones de cable cortas con pinzas de cocodrilo - Fieldpiece Instruments\",\"isPartOf\":{\"@id\":\"https:\/\/www.fieldpiece.com\/es\/#website\"},\"primaryImageOfPage\":{\"@id\":\"https:\/\/www.fieldpiece.com\/es\/producto\/asa2-short-alligator-lead-extensions\/#primaryimage\"},\"image\":{\"@id\":\"https:\/\/www.fieldpiece.com\/es\/producto\/asa2-short-alligator-lead-extensions\/#primaryimage\"},\"thumbnailUrl\":\"https:\/\/resources.fieldpiece.com\/wp-content\/uploads\/2020\/11\/ASA2.jpg\",\"datePublished\":\"2023-04-26T12:29:29+00:00\",\"dateModified\":\"2023-04-26T12:31:16+00:00\",\"breadcrumb\":{\"@id\":\"https:\/\/www.fieldpiece.com\/es\/producto\/asa2-short-alligator-lead-extensions\/#breadcrumb\"},\"inLanguage\":\"es\",\"potentialAction\":[{\"@type\":\"ReadAction\",\"target\":[\"https:\/\/www.fieldpiece.com\/es\/producto\/asa2-short-alligator-lead-extensions\/\"]}]},{\"@type\":\"ImageObject\",\"inLanguage\":\"es\",\"@id\":\"https:\/\/www.fieldpiece.com\/es\/producto\/asa2-short-alligator-lead-extensions\/#primaryimage\",\"url\":\"https:\/\/resources.fieldpiece.com\/wp-content\/uploads\/2020\/11\/ASA2.jpg\",\"contentUrl\":\"https:\/\/resources.fieldpiece.com\/wp-content\/uploads\/2020\/11\/ASA2.jpg\",\"width\":470,\"height\":470,\"caption\":\"alligator lead\"},{\"@type\":\"BreadcrumbList\",\"@id\":\"https:\/\/www.fieldpiece.com\/es\/producto\/asa2-short-alligator-lead-extensions\/#breadcrumb\",\"itemListElement\":[{\"@type\":\"ListItem\",\"position\":1,\"name\":\"Home\",\"item\":\"https:\/\/www.fieldpiece.com\/es\/\"},{\"@type\":\"ListItem\",\"position\":2,\"name\":\"Shop\",\"item\":\"https:\/\/www.fieldpiece.com\/shop\/\"},{\"@type\":\"ListItem\",\"position\":3,\"name\":\"ASA2 &#8211; Extensiones de cable cortas con pinzas de cocodrilo\"}]},{\"@type\":\"WebSite\",\"@id\":\"https:\/\/www.fieldpiece.com\/es\/#website\",\"url\":\"https:\/\/www.fieldpiece.com\/es\/\",\"name\":\"Fieldpiece Instruments\",\"description\":\"\",\"publisher\":{\"@id\":\"https:\/\/www.fieldpiece.com\/es\/#organization\"},\"potentialAction\":[{\"@type\":\"SearchAction\",\"target\":{\"@type\":\"EntryPoint\",\"urlTemplate\":\"https:\/\/www.fieldpiece.com\/es\/?s={search_term_string}\"},\"query-input\":{\"@type\":\"PropertyValueSpecification\",\"valueRequired\":true,\"valueName\":\"search_term_string\"}}],\"inLanguage\":\"es\"},{\"@type\":\"Organization\",\"@id\":\"https:\/\/www.fieldpiece.com\/es\/#organization\",\"name\":\"Fieldpiece Instruments\",\"url\":\"https:\/\/www.fieldpiece.com\/es\/\",\"logo\":{\"@type\":\"ImageObject\",\"inLanguage\":\"es\",\"@id\":\"https:\/\/www.fieldpiece.com\/es\/#\/schema\/logo\/image\/\",\"url\":\"https:\/\/resources.fieldpiece.com\/wp-content\/uploads\/2021\/02\/Logos-490x358-1.jpg\",\"contentUrl\":\"https:\/\/resources.fieldpiece.com\/wp-content\/uploads\/2021\/02\/Logos-490x358-1.jpg\",\"width\":490,\"height\":358,\"caption\":\"Fieldpiece Instruments\"},\"image\":{\"@id\":\"https:\/\/www.fieldpiece.com\/es\/#\/schema\/logo\/image\/\"}}]}<\/script>\n<!-- \/ Yoast SEO plugin. -->","yoast_head_json":{"title":"ASA2 - Extensiones de cable cortas con pinzas de cocodrilo - Fieldpiece Instruments","robots":{"index":"index","follow":"follow","max-snippet":"max-snippet:-1","max-image-preview":"max-image-preview:large","max-video-preview":"max-video-preview:-1"},"canonical":"https:\/\/www.fieldpiece.com\/es\/producto\/asa2-short-alligator-lead-extensions\/","og_locale":"es_ES","og_type":"article","og_title":"ASA2 - Extensiones de cable cortas con pinzas de cocodrilo - Fieldpiece Instruments","og_description":"Las extensiones con pinzas de cocodrilo ASA2, que han sido dise\u00f1adas para utilizarse con nuestros cables de prueba con punta ...","og_url":"https:\/\/www.fieldpiece.com\/es\/producto\/asa2-short-alligator-lead-extensions\/","og_site_name":"Fieldpiece Instruments","article_modified_time":"2023-04-26T12:31:16+00:00","og_image":[{"width":470,"height":470,"url":"https:\/\/resources.fieldpiece.com\/wp-content\/uploads\/2020\/11\/ASA2.jpg","type":"image\/jpeg"}],"twitter_card":"summary_large_image","twitter_misc":{"Tiempo de lectura":"1 minuto"},"schema":{"@context":"https:\/\/schema.org","@graph":[{"@type":"WebPage","@id":"https:\/\/www.fieldpiece.com\/es\/producto\/asa2-short-alligator-lead-extensions\/","url":"https:\/\/www.fieldpiece.com\/es\/producto\/asa2-short-alligator-lead-extensions\/","name":"ASA2 - Extensiones de cable cortas con pinzas de cocodrilo - Fieldpiece Instruments","isPartOf":{"@id":"https:\/\/www.fieldpiece.com\/es\/#website"},"primaryImageOfPage":{"@id":"https:\/\/www.fieldpiece.com\/es\/producto\/asa2-short-alligator-lead-extensions\/#primaryimage"},"image":{"@id":"https:\/\/www.fieldpiece.com\/es\/producto\/asa2-short-alligator-lead-extensions\/#primaryimage"},"thumbnailUrl":"https:\/\/resources.fieldpiece.com\/wp-content\/uploads\/2020\/11\/ASA2.jpg","datePublished":"2023-04-26T12:29:29+00:00","dateModified":"2023-04-26T12:31:16+00:00","breadcrumb":{"@id":"https:\/\/www.fieldpiece.com\/es\/producto\/asa2-short-alligator-lead-extensions\/#breadcrumb"},"inLanguage":"es","potentialAction":[{"@type":"ReadAction","target":["https:\/\/www.fieldpiece.com\/es\/producto\/asa2-short-alligator-lead-extensions\/"]}]},{"@type":"ImageObject","inLanguage":"es","@id":"https:\/\/www.fieldpiece.com\/es\/producto\/asa2-short-alligator-lead-extensions\/#primaryimage","url":"https:\/\/resources.fieldpiece.com\/wp-content\/uploads\/2020\/11\/ASA2.jpg","contentUrl":"https:\/\/resources.fieldpiece.com\/wp-content\/uploads\/2020\/11\/ASA2.jpg","width":470,"height":470,"caption":"alligator lead"},{"@type":"BreadcrumbList","@id":"https:\/\/www.fieldpiece.com\/es\/producto\/asa2-short-alligator-lead-extensions\/#breadcrumb","itemListElement":[{"@type":"ListItem","position":1,"name":"Home","item":"https:\/\/www.fieldpiece.com\/es\/"},{"@type":"ListItem","position":2,"name":"Shop","item":"https:\/\/www.fieldpiece.com\/shop\/"},{"@type":"ListItem","position":3,"name":"ASA2 &#8211; Extensiones de cable cortas con pinzas de cocodrilo"}]},{"@type":"WebSite","@id":"https:\/\/www.fieldpiece.com\/es\/#website","url":"https:\/\/www.fieldpiece.com\/es\/","name":"Fieldpiece Instruments","description":"","publisher":{"@id":"https:\/\/www.fieldpiece.com\/es\/#organization"},"potentialAction":[{"@type":"SearchAction","target":{"@type":"EntryPoint","urlTemplate":"https:\/\/www.fieldpiece.com\/es\/?s={search_term_string}"},"query-input":{"@type":"PropertyValueSpecification","valueRequired":true,"valueName":"search_term_string"}}],"inLanguage":"es"},{"@type":"Organization","@id":"https:\/\/www.fieldpiece.com\/es\/#organization","name":"Fieldpiece Instruments","url":"https:\/\/www.fieldpiece.com\/es\/","logo":{"@type":"ImageObject","inLanguage":"es","@id":"https:\/\/www.fieldpiece.com\/es\/#\/schema\/logo\/image\/","url":"https:\/\/resources.fieldpiece.com\/wp-content\/uploads\/2021\/02\/Logos-490x358-1.jpg","contentUrl":"https:\/\/resources.fieldpiece.com\/wp-content\/uploads\/2021\/02\/Logos-490x358-1.jpg","width":490,"height":358,"caption":"Fieldpiece Instruments"},"image":{"@id":"https:\/\/www.fieldpiece.com\/es\/#\/schema\/logo\/image\/"}}]}},"_links":{"self":[{"href":"https:\/\/www.fieldpiece.com\/es\/wp-json\/wp\/v2\/product\/28083","targetHints":{"allow":["GET"]}}],"collection":[{"href":"https:\/\/www.fieldpiece.com\/es\/wp-json\/wp\/v2\/product"}],"about":[{"href":"https:\/\/www.fieldpiece.com\/es\/wp-json\/wp\/v2\/types\/product"}],"replies":[{"embeddable":true,"href":"https:\/\/www.fieldpiece.com\/es\/wp-json\/wp\/v2\/comments?post=28083"}],"wp:featuredmedia":[{"embeddable":true,"href":"https:\/\/www.fieldpiece.com\/es\/wp-json\/wp\/v2\/media\/28084"}],"wp:attachment":[{"href":"https:\/\/www.fieldpiece.com\/es\/wp-json\/wp\/v2\/media?parent=28083"}],"wp:term":[{"taxonomy":"product_brand","embeddable":true,"href":"https:\/\/www.fieldpiece.com\/es\/wp-json\/wp\/v2\/product_brand?post=28083"},{"taxonomy":"product_cat","embeddable":true,"href":"https:\/\/www.fieldpiece.com\/es\/wp-json\/wp\/v2\/product_cat?post=28083"},{"taxonomy":"product_tag","embeddable":true,"href":"https:\/\/www.fieldpiece.com\/es\/wp-json\/wp\/v2\/product_tag?post=28083"}],"curies":[{"name":"wp","href":"https:\/\/api.w.org\/{rel}","templated":true}]}}