	{"id":28065,"date":"2020-11-02T12:02:18","date_gmt":"2023-04-26T12:29:29","guid":{"rendered":"https:\/\/www.fieldpiece.com\/product\/ata1-k-type-thermocouple-with-alligator-clip\/"},"modified":"2023-04-26T05:31:07","modified_gmt":"2023-04-26T12:31:07","slug":"ata1-k-type-thermocouple-with-alligator-clip","status":"publish","type":"product","link":"https:\/\/www.fieldpiece.com\/es\/producto\/ata1-k-type-thermocouple-with-alligator-clip\/","title":{"rendered":"ATA1 &#8211; Termopar tipo K con pinza de cocodrilo"},"content":{"rendered":"<p>El ATA1 es un termopar tipo K que puede colocarse c\u00f3modamente en equipos de climatizaci\u00f3n y refrigeraci\u00f3n mediante su pinza para realizar pruebas en ellos con las manos libres. Puede fijarse a aletas de condensador para realizar mediciones de bulbo seco exteriores exactas, lo que lo hace id\u00f3neo para detectar el sobrecalentamiento objetivo. Puede fijarse, adem\u00e1s, a filtros de evaporador para realizar mediciones de bulbo seco interiores, lo que lo convierte en la herramienta perfecta para detectar la temperatura de salida de evaporador objetivo. Por \u00faltimo, puede acoplarse a rejillas de ventilaci\u00f3n para realizar mediciones de bulbo seco de la temperatura de alimentaci\u00f3n. El ATA1 puede utilizarse con cualquiera de nuestros medidores que miden temperatura y cualquier term\u00f3metro compatible con termopares tipo K. Los t\u00e9cnicos de climatizaci\u00f3n y refrigeraci\u00f3n encuentran el ATA1 sumamente \u00fatil cuando tienen que registrar datos o en cualquier otro momento en que necesitan la otra mano. Adem\u00e1s, su enrollacable le permite guardar c\u00f3modamente el cable del termopar en el enchufe. Simplemente, enrolle el exceso de cable alrededor del enrollacable. No m\u00e1s cables enredados en su bolsa de herramientas. <\/p>\n<p>ESPECIFICACIONES <\/p>\n<p>Exactitud: +\/- 2,2 \u00b0C (4 \u00b0F); \u00b1 0,6 \u00b0C (1 \u00b0F) tras la calibraci\u00f3n en campo, de 0 a 80 \u00b0C (de 32 a 176 \u00b0F)<br \/>\nIntervalo de temperatura: de -46 a 204 \u00b0C (de -50 a 400 \u00b0F)<br \/>\nConductores del termopar: tipo K, n\u00edquel cromo\/n\u00edquel aluminio.<br \/>\nAislamiento de la sonda: la calibraci\u00f3n y la atm\u00f3sfera afectar\u00e1n a la temperatura m\u00e1xima \u00fatil en las aplicaciones. El aislamiento del cable ha sido dise\u00f1ado para soportar un uso m\u00e1ximo continuo a 204 \u00b0C (400 \u00b0F).<br \/>\nConector: conector macho miniatura para termopar tipo K.<\/p>\n","protected":false},"excerpt":{"rendered":"<p>El ATA1 es un termopar tipo K que puede colocarse c\u00f3modamente en equipos de climatizaci\u00f3n y refrigeraci\u00f3n mediante su pinza &#8230;<\/p>\n","protected":false},"featured_media":28066,"comment_status":"open","ping_status":"closed","template":"","meta":{"_acf_changed":false},"product_brand":[],"product_cat":[160,271],"product_tag":[],"class_list":{"0":"post-28065","1":"product","2":"type-product","3":"status-publish","4":"has-post-thumbnail","6":"product_cat-other-es-2","7":"product_cat-thermocouples-es","9":"first","10":"instock","11":"shipping-taxable","12":"product-type-simple"},"acf":[],"yoast_head":"<!-- This site is optimized with the Yoast SEO plugin v27.2 - https:\/\/yoast.com\/product\/yoast-seo-wordpress\/ -->\n<title>ATA1 - Termopar tipo K con pinza de cocodrilo - Fieldpiece Instruments<\/title>\n<meta name=\"robots\" content=\"index, follow, max-snippet:-1, max-image-preview:large, max-video-preview:-1\" \/>\n<link rel=\"canonical\" href=\"https:\/\/www.fieldpiece.com\/es\/producto\/ata1-k-type-thermocouple-with-alligator-clip\/\" \/>\n<meta property=\"og:locale\" content=\"es_ES\" \/>\n<meta property=\"og:type\" content=\"article\" \/>\n<meta property=\"og:title\" content=\"ATA1 - Termopar tipo K con pinza de cocodrilo - Fieldpiece Instruments\" \/>\n<meta property=\"og:description\" content=\"El ATA1 es un termopar tipo K que puede colocarse c\u00f3modamente en equipos de climatizaci\u00f3n y refrigeraci\u00f3n mediante su pinza ...\" \/>\n<meta property=\"og:url\" content=\"https:\/\/www.fieldpiece.com\/es\/producto\/ata1-k-type-thermocouple-with-alligator-clip\/\" \/>\n<meta property=\"og:site_name\" content=\"Fieldpiece Instruments\" \/>\n<meta property=\"article:modified_time\" content=\"2023-04-26T12:31:07+00:00\" \/>\n<meta property=\"og:image\" content=\"https:\/\/resources.fieldpiece.com\/wp-content\/uploads\/2020\/11\/ATA1.jpg\" \/>\n\t<meta property=\"og:image:width\" content=\"470\" \/>\n\t<meta property=\"og:image:height\" content=\"470\" \/>\n\t<meta property=\"og:image:type\" content=\"image\/jpeg\" \/>\n<meta name=\"twitter:card\" content=\"summary_large_image\" \/>\n<meta name=\"twitter:label1\" content=\"Tiempo de lectura\" \/>\n\t<meta name=\"twitter:data1\" content=\"1 minuto\" \/>\n<script type=\"application\/ld+json\" class=\"yoast-schema-graph\">{\"@context\":\"https:\/\/schema.org\",\"@graph\":[{\"@type\":\"WebPage\",\"@id\":\"https:\/\/www.fieldpiece.com\/es\/producto\/ata1-k-type-thermocouple-with-alligator-clip\/\",\"url\":\"https:\/\/www.fieldpiece.com\/es\/producto\/ata1-k-type-thermocouple-with-alligator-clip\/\",\"name\":\"ATA1 - Termopar tipo K con pinza de cocodrilo - Fieldpiece Instruments\",\"isPartOf\":{\"@id\":\"https:\/\/www.fieldpiece.com\/es\/#website\"},\"primaryImageOfPage\":{\"@id\":\"https:\/\/www.fieldpiece.com\/es\/producto\/ata1-k-type-thermocouple-with-alligator-clip\/#primaryimage\"},\"image\":{\"@id\":\"https:\/\/www.fieldpiece.com\/es\/producto\/ata1-k-type-thermocouple-with-alligator-clip\/#primaryimage\"},\"thumbnailUrl\":\"https:\/\/resources.fieldpiece.com\/wp-content\/uploads\/2020\/11\/ATA1.jpg\",\"datePublished\":\"2023-04-26T12:29:29+00:00\",\"dateModified\":\"2023-04-26T12:31:07+00:00\",\"breadcrumb\":{\"@id\":\"https:\/\/www.fieldpiece.com\/es\/producto\/ata1-k-type-thermocouple-with-alligator-clip\/#breadcrumb\"},\"inLanguage\":\"es\",\"potentialAction\":[{\"@type\":\"ReadAction\",\"target\":[\"https:\/\/www.fieldpiece.com\/es\/producto\/ata1-k-type-thermocouple-with-alligator-clip\/\"]}]},{\"@type\":\"ImageObject\",\"inLanguage\":\"es\",\"@id\":\"https:\/\/www.fieldpiece.com\/es\/producto\/ata1-k-type-thermocouple-with-alligator-clip\/#primaryimage\",\"url\":\"https:\/\/resources.fieldpiece.com\/wp-content\/uploads\/2020\/11\/ATA1.jpg\",\"contentUrl\":\"https:\/\/resources.fieldpiece.com\/wp-content\/uploads\/2020\/11\/ATA1.jpg\",\"width\":470,\"height\":470,\"caption\":\"k type thermocouple\"},{\"@type\":\"BreadcrumbList\",\"@id\":\"https:\/\/www.fieldpiece.com\/es\/producto\/ata1-k-type-thermocouple-with-alligator-clip\/#breadcrumb\",\"itemListElement\":[{\"@type\":\"ListItem\",\"position\":1,\"name\":\"Home\",\"item\":\"https:\/\/www.fieldpiece.com\/es\/\"},{\"@type\":\"ListItem\",\"position\":2,\"name\":\"Shop\",\"item\":\"https:\/\/www.fieldpiece.com\/shop\/\"},{\"@type\":\"ListItem\",\"position\":3,\"name\":\"ATA1 &#8211; Termopar tipo K con pinza de cocodrilo\"}]},{\"@type\":\"WebSite\",\"@id\":\"https:\/\/www.fieldpiece.com\/es\/#website\",\"url\":\"https:\/\/www.fieldpiece.com\/es\/\",\"name\":\"Fieldpiece Instruments\",\"description\":\"\",\"publisher\":{\"@id\":\"https:\/\/www.fieldpiece.com\/es\/#organization\"},\"potentialAction\":[{\"@type\":\"SearchAction\",\"target\":{\"@type\":\"EntryPoint\",\"urlTemplate\":\"https:\/\/www.fieldpiece.com\/es\/?s={search_term_string}\"},\"query-input\":{\"@type\":\"PropertyValueSpecification\",\"valueRequired\":true,\"valueName\":\"search_term_string\"}}],\"inLanguage\":\"es\"},{\"@type\":\"Organization\",\"@id\":\"https:\/\/www.fieldpiece.com\/es\/#organization\",\"name\":\"Fieldpiece Instruments\",\"url\":\"https:\/\/www.fieldpiece.com\/es\/\",\"logo\":{\"@type\":\"ImageObject\",\"inLanguage\":\"es\",\"@id\":\"https:\/\/www.fieldpiece.com\/es\/#\/schema\/logo\/image\/\",\"url\":\"https:\/\/resources.fieldpiece.com\/wp-content\/uploads\/2021\/02\/Logos-490x358-1.jpg\",\"contentUrl\":\"https:\/\/resources.fieldpiece.com\/wp-content\/uploads\/2021\/02\/Logos-490x358-1.jpg\",\"width\":490,\"height\":358,\"caption\":\"Fieldpiece Instruments\"},\"image\":{\"@id\":\"https:\/\/www.fieldpiece.com\/es\/#\/schema\/logo\/image\/\"}}]}<\/script>\n<!-- \/ Yoast SEO plugin. -->","yoast_head_json":{"title":"ATA1 - Termopar tipo K con pinza de cocodrilo - Fieldpiece Instruments","robots":{"index":"index","follow":"follow","max-snippet":"max-snippet:-1","max-image-preview":"max-image-preview:large","max-video-preview":"max-video-preview:-1"},"canonical":"https:\/\/www.fieldpiece.com\/es\/producto\/ata1-k-type-thermocouple-with-alligator-clip\/","og_locale":"es_ES","og_type":"article","og_title":"ATA1 - Termopar tipo K con pinza de cocodrilo - Fieldpiece Instruments","og_description":"El ATA1 es un termopar tipo K que puede colocarse c\u00f3modamente en equipos de climatizaci\u00f3n y refrigeraci\u00f3n mediante su pinza ...","og_url":"https:\/\/www.fieldpiece.com\/es\/producto\/ata1-k-type-thermocouple-with-alligator-clip\/","og_site_name":"Fieldpiece Instruments","article_modified_time":"2023-04-26T12:31:07+00:00","og_image":[{"width":470,"height":470,"url":"https:\/\/resources.fieldpiece.com\/wp-content\/uploads\/2020\/11\/ATA1.jpg","type":"image\/jpeg"}],"twitter_card":"summary_large_image","twitter_misc":{"Tiempo de lectura":"1 minuto"},"schema":{"@context":"https:\/\/schema.org","@graph":[{"@type":"WebPage","@id":"https:\/\/www.fieldpiece.com\/es\/producto\/ata1-k-type-thermocouple-with-alligator-clip\/","url":"https:\/\/www.fieldpiece.com\/es\/producto\/ata1-k-type-thermocouple-with-alligator-clip\/","name":"ATA1 - Termopar tipo K con pinza de cocodrilo - Fieldpiece Instruments","isPartOf":{"@id":"https:\/\/www.fieldpiece.com\/es\/#website"},"primaryImageOfPage":{"@id":"https:\/\/www.fieldpiece.com\/es\/producto\/ata1-k-type-thermocouple-with-alligator-clip\/#primaryimage"},"image":{"@id":"https:\/\/www.fieldpiece.com\/es\/producto\/ata1-k-type-thermocouple-with-alligator-clip\/#primaryimage"},"thumbnailUrl":"https:\/\/resources.fieldpiece.com\/wp-content\/uploads\/2020\/11\/ATA1.jpg","datePublished":"2023-04-26T12:29:29+00:00","dateModified":"2023-04-26T12:31:07+00:00","breadcrumb":{"@id":"https:\/\/www.fieldpiece.com\/es\/producto\/ata1-k-type-thermocouple-with-alligator-clip\/#breadcrumb"},"inLanguage":"es","potentialAction":[{"@type":"ReadAction","target":["https:\/\/www.fieldpiece.com\/es\/producto\/ata1-k-type-thermocouple-with-alligator-clip\/"]}]},{"@type":"ImageObject","inLanguage":"es","@id":"https:\/\/www.fieldpiece.com\/es\/producto\/ata1-k-type-thermocouple-with-alligator-clip\/#primaryimage","url":"https:\/\/resources.fieldpiece.com\/wp-content\/uploads\/2020\/11\/ATA1.jpg","contentUrl":"https:\/\/resources.fieldpiece.com\/wp-content\/uploads\/2020\/11\/ATA1.jpg","width":470,"height":470,"caption":"k type thermocouple"},{"@type":"BreadcrumbList","@id":"https:\/\/www.fieldpiece.com\/es\/producto\/ata1-k-type-thermocouple-with-alligator-clip\/#breadcrumb","itemListElement":[{"@type":"ListItem","position":1,"name":"Home","item":"https:\/\/www.fieldpiece.com\/es\/"},{"@type":"ListItem","position":2,"name":"Shop","item":"https:\/\/www.fieldpiece.com\/shop\/"},{"@type":"ListItem","position":3,"name":"ATA1 &#8211; Termopar tipo K con pinza de cocodrilo"}]},{"@type":"WebSite","@id":"https:\/\/www.fieldpiece.com\/es\/#website","url":"https:\/\/www.fieldpiece.com\/es\/","name":"Fieldpiece Instruments","description":"","publisher":{"@id":"https:\/\/www.fieldpiece.com\/es\/#organization"},"potentialAction":[{"@type":"SearchAction","target":{"@type":"EntryPoint","urlTemplate":"https:\/\/www.fieldpiece.com\/es\/?s={search_term_string}"},"query-input":{"@type":"PropertyValueSpecification","valueRequired":true,"valueName":"search_term_string"}}],"inLanguage":"es"},{"@type":"Organization","@id":"https:\/\/www.fieldpiece.com\/es\/#organization","name":"Fieldpiece Instruments","url":"https:\/\/www.fieldpiece.com\/es\/","logo":{"@type":"ImageObject","inLanguage":"es","@id":"https:\/\/www.fieldpiece.com\/es\/#\/schema\/logo\/image\/","url":"https:\/\/resources.fieldpiece.com\/wp-content\/uploads\/2021\/02\/Logos-490x358-1.jpg","contentUrl":"https:\/\/resources.fieldpiece.com\/wp-content\/uploads\/2021\/02\/Logos-490x358-1.jpg","width":490,"height":358,"caption":"Fieldpiece Instruments"},"image":{"@id":"https:\/\/www.fieldpiece.com\/es\/#\/schema\/logo\/image\/"}}]}},"_links":{"self":[{"href":"https:\/\/www.fieldpiece.com\/es\/wp-json\/wp\/v2\/product\/28065","targetHints":{"allow":["GET"]}}],"collection":[{"href":"https:\/\/www.fieldpiece.com\/es\/wp-json\/wp\/v2\/product"}],"about":[{"href":"https:\/\/www.fieldpiece.com\/es\/wp-json\/wp\/v2\/types\/product"}],"replies":[{"embeddable":true,"href":"https:\/\/www.fieldpiece.com\/es\/wp-json\/wp\/v2\/comments?post=28065"}],"wp:featuredmedia":[{"embeddable":true,"href":"https:\/\/www.fieldpiece.com\/es\/wp-json\/wp\/v2\/media\/28066"}],"wp:attachment":[{"href":"https:\/\/www.fieldpiece.com\/es\/wp-json\/wp\/v2\/media?parent=28065"}],"wp:term":[{"taxonomy":"product_brand","embeddable":true,"href":"https:\/\/www.fieldpiece.com\/es\/wp-json\/wp\/v2\/product_brand?post=28065"},{"taxonomy":"product_cat","embeddable":true,"href":"https:\/\/www.fieldpiece.com\/es\/wp-json\/wp\/v2\/product_cat?post=28065"},{"taxonomy":"product_tag","embeddable":true,"href":"https:\/\/www.fieldpiece.com\/es\/wp-json\/wp\/v2\/product_tag?post=28065"}],"curies":[{"name":"wp","href":"https:\/\/api.w.org\/{rel}","templated":true}]}}