	{"id":28039,"date":"2020-11-02T12:02:19","date_gmt":"2020-11-02T12:02:19","guid":{"rendered":"https:\/\/www.fieldpiece.com\/product\/atb1-k-type-thermocouple\/"},"modified":"2023-04-26T05:29:21","modified_gmt":"2023-04-26T12:29:21","slug":"atb1-k-type-thermocouple","status":"publish","type":"product","link":"https:\/\/www.fieldpiece.com\/es\/producto\/atb1-k-type-thermocouple\/","title":{"rendered":"ATB1 &#8211; Termopar tipo K"},"content":{"rendered":"<p>El termopar tipo K ATB1 tipo cuenta se utiliza para medir temperaturas de hasta 204 \u00b0C (400 \u00b0F) en aire, superficies o l\u00edquidos. Utilice el ATB1 para medir las temperaturas de bulbo seco exteriores en tareas de detecci\u00f3n de sobrecalentamiento objetivo. El ATB1 se puede utilizar con cualquiera de nuestros medidores que mida la temperatura y con cualquier term\u00f3metro que acepte un termopar de tipo K. <\/p>\n<p>Adem\u00e1s, su enrollacable le permite guardar c\u00f3modamente el cable del termopar en el conector. Simplemente enrolle el exceso de cable alrededor del soporte e introd\u00fazcalo a trav\u00e9s de uno de los orificios. Tenga siempre a mano distintas longitudes para poder cambiar de termopar r\u00e1pidamente seg\u00fan las necesidades de cada trabajo. No m\u00e1s cables enredados en su bolsa de herramientas. <\/p>\n<p>ESPECIFICACIONES<br \/>\nExactitud: +\/- 2,2 \u00b0C (4 \u00b0F); \u00b1 0,6 \u00b0C (1 \u00b0F) tras la calibraci\u00f3n en campo, de 0 a 80 \u00b0C (de 32 a 176 \u00b0F)<br \/>\nIntervalo de temperatura: de -46 a 204 \u00b0C (de -50 a 400 \u00b0F)<br \/>\nConductores del termopar: tipo K, n\u00edquel cromo\/n\u00edquel aluminio.<br \/>\nAislamiento de la sonda: la calibraci\u00f3n y la atm\u00f3sfera afectar\u00e1n a la temperatura m\u00e1xima \u00fatil en las aplicaciones. El aislamiento del cable ha sido dise\u00f1ado para soportar un uso m\u00e1ximo continuo a 204 \u00b0C (400 \u00b0F).<br \/>\nConector: conector macho miniatura para termopar tipo K.<\/p>\n","protected":false},"excerpt":{"rendered":"<p>El termopar tipo K ATB1 tipo cuenta se utiliza para medir temperaturas de hasta 204 \u00b0C (400 \u00b0F) en aire, &#8230;<\/p>\n","protected":false},"featured_media":28040,"comment_status":"open","ping_status":"closed","template":"","meta":{"_acf_changed":false},"product_brand":[],"product_cat":[160,271],"product_tag":[],"class_list":{"0":"post-28039","1":"product","2":"type-product","3":"status-publish","4":"has-post-thumbnail","6":"product_cat-other-es-2","7":"product_cat-thermocouples-es","9":"first","10":"instock","11":"shipping-taxable","12":"product-type-simple"},"acf":[],"yoast_head":"<!-- This site is optimized with the Yoast SEO plugin v27.2 - https:\/\/yoast.com\/product\/yoast-seo-wordpress\/ -->\n<title>ATB1 - Termopar tipo K - Fieldpiece Instruments<\/title>\n<meta name=\"robots\" content=\"index, follow, max-snippet:-1, max-image-preview:large, max-video-preview:-1\" \/>\n<link rel=\"canonical\" href=\"https:\/\/www.fieldpiece.com\/es\/producto\/atb1-k-type-thermocouple\/\" \/>\n<meta property=\"og:locale\" content=\"es_ES\" \/>\n<meta property=\"og:type\" content=\"article\" \/>\n<meta property=\"og:title\" content=\"ATB1 - Termopar tipo K - Fieldpiece Instruments\" \/>\n<meta property=\"og:description\" content=\"El termopar tipo K ATB1 tipo cuenta se utiliza para medir temperaturas de hasta 204 \u00b0C (400 \u00b0F) en aire, ...\" \/>\n<meta property=\"og:url\" content=\"https:\/\/www.fieldpiece.com\/es\/producto\/atb1-k-type-thermocouple\/\" \/>\n<meta property=\"og:site_name\" content=\"Fieldpiece Instruments\" \/>\n<meta property=\"article:modified_time\" content=\"2023-04-26T12:29:21+00:00\" \/>\n<meta property=\"og:image\" content=\"https:\/\/resources.fieldpiece.com\/wp-content\/uploads\/2020\/11\/ATB1.jpg\" \/>\n\t<meta property=\"og:image:width\" content=\"470\" \/>\n\t<meta property=\"og:image:height\" content=\"470\" \/>\n\t<meta property=\"og:image:type\" content=\"image\/jpeg\" \/>\n<meta name=\"twitter:card\" content=\"summary_large_image\" \/>\n<meta name=\"twitter:label1\" content=\"Tiempo de lectura\" \/>\n\t<meta name=\"twitter:data1\" content=\"1 minuto\" \/>\n<script type=\"application\/ld+json\" class=\"yoast-schema-graph\">{\"@context\":\"https:\/\/schema.org\",\"@graph\":[{\"@type\":\"WebPage\",\"@id\":\"https:\/\/www.fieldpiece.com\/es\/producto\/atb1-k-type-thermocouple\/\",\"url\":\"https:\/\/www.fieldpiece.com\/es\/producto\/atb1-k-type-thermocouple\/\",\"name\":\"ATB1 - Termopar tipo K - Fieldpiece Instruments\",\"isPartOf\":{\"@id\":\"https:\/\/www.fieldpiece.com\/es\/#website\"},\"primaryImageOfPage\":{\"@id\":\"https:\/\/www.fieldpiece.com\/es\/producto\/atb1-k-type-thermocouple\/#primaryimage\"},\"image\":{\"@id\":\"https:\/\/www.fieldpiece.com\/es\/producto\/atb1-k-type-thermocouple\/#primaryimage\"},\"thumbnailUrl\":\"https:\/\/resources.fieldpiece.com\/wp-content\/uploads\/2020\/11\/ATB1.jpg\",\"datePublished\":\"2020-11-02T12:02:19+00:00\",\"dateModified\":\"2023-04-26T12:29:21+00:00\",\"breadcrumb\":{\"@id\":\"https:\/\/www.fieldpiece.com\/es\/producto\/atb1-k-type-thermocouple\/#breadcrumb\"},\"inLanguage\":\"es\",\"potentialAction\":[{\"@type\":\"ReadAction\",\"target\":[\"https:\/\/www.fieldpiece.com\/es\/producto\/atb1-k-type-thermocouple\/\"]}]},{\"@type\":\"ImageObject\",\"inLanguage\":\"es\",\"@id\":\"https:\/\/www.fieldpiece.com\/es\/producto\/atb1-k-type-thermocouple\/#primaryimage\",\"url\":\"https:\/\/resources.fieldpiece.com\/wp-content\/uploads\/2020\/11\/ATB1.jpg\",\"contentUrl\":\"https:\/\/resources.fieldpiece.com\/wp-content\/uploads\/2020\/11\/ATB1.jpg\",\"width\":470,\"height\":470,\"caption\":\"thermocouples k type\"},{\"@type\":\"BreadcrumbList\",\"@id\":\"https:\/\/www.fieldpiece.com\/es\/producto\/atb1-k-type-thermocouple\/#breadcrumb\",\"itemListElement\":[{\"@type\":\"ListItem\",\"position\":1,\"name\":\"Home\",\"item\":\"https:\/\/www.fieldpiece.com\/es\/\"},{\"@type\":\"ListItem\",\"position\":2,\"name\":\"Shop\",\"item\":\"https:\/\/www.fieldpiece.com\/shop\/\"},{\"@type\":\"ListItem\",\"position\":3,\"name\":\"ATB1 &#8211; Termopar tipo K\"}]},{\"@type\":\"WebSite\",\"@id\":\"https:\/\/www.fieldpiece.com\/es\/#website\",\"url\":\"https:\/\/www.fieldpiece.com\/es\/\",\"name\":\"Fieldpiece Instruments\",\"description\":\"\",\"publisher\":{\"@id\":\"https:\/\/www.fieldpiece.com\/es\/#organization\"},\"potentialAction\":[{\"@type\":\"SearchAction\",\"target\":{\"@type\":\"EntryPoint\",\"urlTemplate\":\"https:\/\/www.fieldpiece.com\/es\/?s={search_term_string}\"},\"query-input\":{\"@type\":\"PropertyValueSpecification\",\"valueRequired\":true,\"valueName\":\"search_term_string\"}}],\"inLanguage\":\"es\"},{\"@type\":\"Organization\",\"@id\":\"https:\/\/www.fieldpiece.com\/es\/#organization\",\"name\":\"Fieldpiece Instruments\",\"url\":\"https:\/\/www.fieldpiece.com\/es\/\",\"logo\":{\"@type\":\"ImageObject\",\"inLanguage\":\"es\",\"@id\":\"https:\/\/www.fieldpiece.com\/es\/#\/schema\/logo\/image\/\",\"url\":\"https:\/\/resources.fieldpiece.com\/wp-content\/uploads\/2021\/02\/Logos-490x358-1.jpg\",\"contentUrl\":\"https:\/\/resources.fieldpiece.com\/wp-content\/uploads\/2021\/02\/Logos-490x358-1.jpg\",\"width\":490,\"height\":358,\"caption\":\"Fieldpiece Instruments\"},\"image\":{\"@id\":\"https:\/\/www.fieldpiece.com\/es\/#\/schema\/logo\/image\/\"}}]}<\/script>\n<!-- \/ Yoast SEO plugin. -->","yoast_head_json":{"title":"ATB1 - Termopar tipo K - Fieldpiece Instruments","robots":{"index":"index","follow":"follow","max-snippet":"max-snippet:-1","max-image-preview":"max-image-preview:large","max-video-preview":"max-video-preview:-1"},"canonical":"https:\/\/www.fieldpiece.com\/es\/producto\/atb1-k-type-thermocouple\/","og_locale":"es_ES","og_type":"article","og_title":"ATB1 - Termopar tipo K - Fieldpiece Instruments","og_description":"El termopar tipo K ATB1 tipo cuenta se utiliza para medir temperaturas de hasta 204 \u00b0C (400 \u00b0F) en aire, ...","og_url":"https:\/\/www.fieldpiece.com\/es\/producto\/atb1-k-type-thermocouple\/","og_site_name":"Fieldpiece Instruments","article_modified_time":"2023-04-26T12:29:21+00:00","og_image":[{"width":470,"height":470,"url":"https:\/\/resources.fieldpiece.com\/wp-content\/uploads\/2020\/11\/ATB1.jpg","type":"image\/jpeg"}],"twitter_card":"summary_large_image","twitter_misc":{"Tiempo de lectura":"1 minuto"},"schema":{"@context":"https:\/\/schema.org","@graph":[{"@type":"WebPage","@id":"https:\/\/www.fieldpiece.com\/es\/producto\/atb1-k-type-thermocouple\/","url":"https:\/\/www.fieldpiece.com\/es\/producto\/atb1-k-type-thermocouple\/","name":"ATB1 - Termopar tipo K - Fieldpiece Instruments","isPartOf":{"@id":"https:\/\/www.fieldpiece.com\/es\/#website"},"primaryImageOfPage":{"@id":"https:\/\/www.fieldpiece.com\/es\/producto\/atb1-k-type-thermocouple\/#primaryimage"},"image":{"@id":"https:\/\/www.fieldpiece.com\/es\/producto\/atb1-k-type-thermocouple\/#primaryimage"},"thumbnailUrl":"https:\/\/resources.fieldpiece.com\/wp-content\/uploads\/2020\/11\/ATB1.jpg","datePublished":"2020-11-02T12:02:19+00:00","dateModified":"2023-04-26T12:29:21+00:00","breadcrumb":{"@id":"https:\/\/www.fieldpiece.com\/es\/producto\/atb1-k-type-thermocouple\/#breadcrumb"},"inLanguage":"es","potentialAction":[{"@type":"ReadAction","target":["https:\/\/www.fieldpiece.com\/es\/producto\/atb1-k-type-thermocouple\/"]}]},{"@type":"ImageObject","inLanguage":"es","@id":"https:\/\/www.fieldpiece.com\/es\/producto\/atb1-k-type-thermocouple\/#primaryimage","url":"https:\/\/resources.fieldpiece.com\/wp-content\/uploads\/2020\/11\/ATB1.jpg","contentUrl":"https:\/\/resources.fieldpiece.com\/wp-content\/uploads\/2020\/11\/ATB1.jpg","width":470,"height":470,"caption":"thermocouples k type"},{"@type":"BreadcrumbList","@id":"https:\/\/www.fieldpiece.com\/es\/producto\/atb1-k-type-thermocouple\/#breadcrumb","itemListElement":[{"@type":"ListItem","position":1,"name":"Home","item":"https:\/\/www.fieldpiece.com\/es\/"},{"@type":"ListItem","position":2,"name":"Shop","item":"https:\/\/www.fieldpiece.com\/shop\/"},{"@type":"ListItem","position":3,"name":"ATB1 &#8211; Termopar tipo K"}]},{"@type":"WebSite","@id":"https:\/\/www.fieldpiece.com\/es\/#website","url":"https:\/\/www.fieldpiece.com\/es\/","name":"Fieldpiece Instruments","description":"","publisher":{"@id":"https:\/\/www.fieldpiece.com\/es\/#organization"},"potentialAction":[{"@type":"SearchAction","target":{"@type":"EntryPoint","urlTemplate":"https:\/\/www.fieldpiece.com\/es\/?s={search_term_string}"},"query-input":{"@type":"PropertyValueSpecification","valueRequired":true,"valueName":"search_term_string"}}],"inLanguage":"es"},{"@type":"Organization","@id":"https:\/\/www.fieldpiece.com\/es\/#organization","name":"Fieldpiece Instruments","url":"https:\/\/www.fieldpiece.com\/es\/","logo":{"@type":"ImageObject","inLanguage":"es","@id":"https:\/\/www.fieldpiece.com\/es\/#\/schema\/logo\/image\/","url":"https:\/\/resources.fieldpiece.com\/wp-content\/uploads\/2021\/02\/Logos-490x358-1.jpg","contentUrl":"https:\/\/resources.fieldpiece.com\/wp-content\/uploads\/2021\/02\/Logos-490x358-1.jpg","width":490,"height":358,"caption":"Fieldpiece Instruments"},"image":{"@id":"https:\/\/www.fieldpiece.com\/es\/#\/schema\/logo\/image\/"}}]}},"_links":{"self":[{"href":"https:\/\/www.fieldpiece.com\/es\/wp-json\/wp\/v2\/product\/28039","targetHints":{"allow":["GET"]}}],"collection":[{"href":"https:\/\/www.fieldpiece.com\/es\/wp-json\/wp\/v2\/product"}],"about":[{"href":"https:\/\/www.fieldpiece.com\/es\/wp-json\/wp\/v2\/types\/product"}],"replies":[{"embeddable":true,"href":"https:\/\/www.fieldpiece.com\/es\/wp-json\/wp\/v2\/comments?post=28039"}],"wp:featuredmedia":[{"embeddable":true,"href":"https:\/\/www.fieldpiece.com\/es\/wp-json\/wp\/v2\/media\/28040"}],"wp:attachment":[{"href":"https:\/\/www.fieldpiece.com\/es\/wp-json\/wp\/v2\/media?parent=28039"}],"wp:term":[{"taxonomy":"product_brand","embeddable":true,"href":"https:\/\/www.fieldpiece.com\/es\/wp-json\/wp\/v2\/product_brand?post=28039"},{"taxonomy":"product_cat","embeddable":true,"href":"https:\/\/www.fieldpiece.com\/es\/wp-json\/wp\/v2\/product_cat?post=28039"},{"taxonomy":"product_tag","embeddable":true,"href":"https:\/\/www.fieldpiece.com\/es\/wp-json\/wp\/v2\/product_tag?post=28039"}],"curies":[{"name":"wp","href":"https:\/\/api.w.org\/{rel}","templated":true}]}}