	{"id":28027,"date":"2020-11-02T12:02:19","date_gmt":"2023-04-26T12:27:07","guid":{"rendered":"https:\/\/www.fieldpiece.com\/product\/ataf1-high-temperature-k-type-thermocouple-with-alligator-clip\/"},"modified":"2023-04-26T05:29:12","modified_gmt":"2023-04-26T12:29:12","slug":"ataf1-high-temperature-k-type-thermocouple-with-alligator-clip","status":"publish","type":"product","link":"https:\/\/www.fieldpiece.com\/es\/producto\/ataf1-high-temperature-k-type-thermocouple-with-alligator-clip\/","title":{"rendered":"ATAF1 &#8211; Termopar de alta temperatura"},"content":{"rendered":"<p>El ATAF1 es un termopar tipo K que puede colocarse c\u00f3modamente en equipos de climatizaci\u00f3n y refrigeraci\u00f3n mediante su pinza para realizar pruebas en ellos con las manos libres. Su aislamiento de fibra de vidrio es resistente a temperaturas de hasta 480 \u00b0C (900 \u00b0F). Este termopar puede acoplarse a hornos dom\u00e9sticos y comerciales, asadores, calderas o cualquier otra aplicaci\u00f3n de alta temperatura. Adem\u00e1s, puede fijarse a aletas de condensador para detectar el sobrecalentamiento objetivo, a filtros de evaporador o a rejillas de ventilaci\u00f3n de dif\u00edcil acceso. El ATAF1 puede utilizarse con cualquiera de nuestros medidores que miden temperatura y cualquier term\u00f3metro compatible con termopares tipo K. Su c\u00f3moda pinza cocodrilo ahorra mucho tiempo cuando hay que registrar datos o en cualquier momento en que se necesita la otra mano. Id\u00f3neo para medidores con un intervalo de 537 \u00b0C (1000 \u00b0F). <\/p>\n<p>Adem\u00e1s, su enrollacable le permite guardar c\u00f3modamente el cable del termopar en el enchufe. Simplemente, enrolle el exceso de cable alrededor del enrollacable. Se acabaron los enredos.<\/p>\n<p>ESPECIFICACIONES <\/p>\n<p>Exactitud: +\/- 2,2 \u00b0C (4 \u00b0F); \u00b1 0,6 \u00b0C (1 \u00b0F) tras la calibraci\u00f3n en campo, de 0 a 80 \u00b0C (de 32 a 176 \u00b0F)<br \/>\nIntervalo de temperatura: de -46 a 482 \u00b0C (de -50 a 900 \u00b0F)<br \/>\nConductores del termopar: tipo K, n\u00edquel cromo\/n\u00edquel aluminio.<br \/>\nAislamiento de la sonda: la calibraci\u00f3n y la atm\u00f3sfera afectar\u00e1n a la temperatura m\u00e1xima \u00fatil en las aplicaciones. El aislamiento del cable de fibra de vidrio ha sido dise\u00f1ado para soportar un uso m\u00e1ximo continuo a 482 \u00b0C (900 \u00b0F).<br \/>\nConector: conector macho miniatura para termopar tipo K.<\/p>\n","protected":false},"excerpt":{"rendered":"<p>El ATAF1 es un termopar tipo K que puede colocarse c\u00f3modamente en equipos de climatizaci\u00f3n y refrigeraci\u00f3n mediante su pinza &#8230;<\/p>\n","protected":false},"featured_media":28028,"comment_status":"open","ping_status":"closed","template":"","meta":{"_acf_changed":false},"product_brand":[],"product_cat":[160,271],"product_tag":[],"class_list":{"0":"post-28027","1":"product","2":"type-product","3":"status-publish","4":"has-post-thumbnail","6":"product_cat-other-es-2","7":"product_cat-thermocouples-es","9":"first","10":"instock","11":"shipping-taxable","12":"product-type-simple"},"acf":[],"yoast_head":"<!-- This site is optimized with the Yoast SEO plugin v27.2 - https:\/\/yoast.com\/product\/yoast-seo-wordpress\/ -->\n<title>ATAF1 - Termopar de alta temperatura - Fieldpiece Instruments<\/title>\n<meta name=\"robots\" content=\"index, follow, max-snippet:-1, max-image-preview:large, max-video-preview:-1\" \/>\n<link rel=\"canonical\" href=\"https:\/\/www.fieldpiece.com\/es\/producto\/ataf1-high-temperature-k-type-thermocouple-with-alligator-clip\/\" \/>\n<meta property=\"og:locale\" content=\"es_ES\" \/>\n<meta property=\"og:type\" content=\"article\" \/>\n<meta property=\"og:title\" content=\"ATAF1 - Termopar de alta temperatura - Fieldpiece Instruments\" \/>\n<meta property=\"og:description\" content=\"El ATAF1 es un termopar tipo K que puede colocarse c\u00f3modamente en equipos de climatizaci\u00f3n y refrigeraci\u00f3n mediante su pinza ...\" \/>\n<meta property=\"og:url\" content=\"https:\/\/www.fieldpiece.com\/es\/producto\/ataf1-high-temperature-k-type-thermocouple-with-alligator-clip\/\" \/>\n<meta property=\"og:site_name\" content=\"Fieldpiece Instruments\" \/>\n<meta property=\"article:modified_time\" content=\"2023-04-26T12:29:12+00:00\" \/>\n<meta property=\"og:image\" content=\"https:\/\/resources.fieldpiece.com\/wp-content\/uploads\/2020\/11\/ATF1.jpg\" \/>\n\t<meta property=\"og:image:width\" content=\"470\" \/>\n\t<meta property=\"og:image:height\" content=\"470\" \/>\n\t<meta property=\"og:image:type\" content=\"image\/jpeg\" \/>\n<meta name=\"twitter:card\" content=\"summary_large_image\" \/>\n<meta name=\"twitter:label1\" content=\"Tiempo de lectura\" \/>\n\t<meta name=\"twitter:data1\" content=\"1 minuto\" \/>\n<script type=\"application\/ld+json\" class=\"yoast-schema-graph\">{\"@context\":\"https:\/\/schema.org\",\"@graph\":[{\"@type\":\"WebPage\",\"@id\":\"https:\/\/www.fieldpiece.com\/es\/producto\/ataf1-high-temperature-k-type-thermocouple-with-alligator-clip\/\",\"url\":\"https:\/\/www.fieldpiece.com\/es\/producto\/ataf1-high-temperature-k-type-thermocouple-with-alligator-clip\/\",\"name\":\"ATAF1 - Termopar de alta temperatura - Fieldpiece Instruments\",\"isPartOf\":{\"@id\":\"https:\/\/www.fieldpiece.com\/es\/#website\"},\"primaryImageOfPage\":{\"@id\":\"https:\/\/www.fieldpiece.com\/es\/producto\/ataf1-high-temperature-k-type-thermocouple-with-alligator-clip\/#primaryimage\"},\"image\":{\"@id\":\"https:\/\/www.fieldpiece.com\/es\/producto\/ataf1-high-temperature-k-type-thermocouple-with-alligator-clip\/#primaryimage\"},\"thumbnailUrl\":\"https:\/\/resources.fieldpiece.com\/wp-content\/uploads\/2020\/11\/ATF1.jpg\",\"datePublished\":\"2023-04-26T12:27:07+00:00\",\"dateModified\":\"2023-04-26T12:29:12+00:00\",\"breadcrumb\":{\"@id\":\"https:\/\/www.fieldpiece.com\/es\/producto\/ataf1-high-temperature-k-type-thermocouple-with-alligator-clip\/#breadcrumb\"},\"inLanguage\":\"es\",\"potentialAction\":[{\"@type\":\"ReadAction\",\"target\":[\"https:\/\/www.fieldpiece.com\/es\/producto\/ataf1-high-temperature-k-type-thermocouple-with-alligator-clip\/\"]}]},{\"@type\":\"ImageObject\",\"inLanguage\":\"es\",\"@id\":\"https:\/\/www.fieldpiece.com\/es\/producto\/ataf1-high-temperature-k-type-thermocouple-with-alligator-clip\/#primaryimage\",\"url\":\"https:\/\/resources.fieldpiece.com\/wp-content\/uploads\/2020\/11\/ATF1.jpg\",\"contentUrl\":\"https:\/\/resources.fieldpiece.com\/wp-content\/uploads\/2020\/11\/ATF1.jpg\",\"width\":470,\"height\":470,\"caption\":\"high-temperature thermocouple\"},{\"@type\":\"BreadcrumbList\",\"@id\":\"https:\/\/www.fieldpiece.com\/es\/producto\/ataf1-high-temperature-k-type-thermocouple-with-alligator-clip\/#breadcrumb\",\"itemListElement\":[{\"@type\":\"ListItem\",\"position\":1,\"name\":\"Home\",\"item\":\"https:\/\/www.fieldpiece.com\/es\/\"},{\"@type\":\"ListItem\",\"position\":2,\"name\":\"Shop\",\"item\":\"https:\/\/www.fieldpiece.com\/shop\/\"},{\"@type\":\"ListItem\",\"position\":3,\"name\":\"ATAF1 &#8211; Termopar de alta temperatura\"}]},{\"@type\":\"WebSite\",\"@id\":\"https:\/\/www.fieldpiece.com\/es\/#website\",\"url\":\"https:\/\/www.fieldpiece.com\/es\/\",\"name\":\"Fieldpiece Instruments\",\"description\":\"\",\"publisher\":{\"@id\":\"https:\/\/www.fieldpiece.com\/es\/#organization\"},\"potentialAction\":[{\"@type\":\"SearchAction\",\"target\":{\"@type\":\"EntryPoint\",\"urlTemplate\":\"https:\/\/www.fieldpiece.com\/es\/?s={search_term_string}\"},\"query-input\":{\"@type\":\"PropertyValueSpecification\",\"valueRequired\":true,\"valueName\":\"search_term_string\"}}],\"inLanguage\":\"es\"},{\"@type\":\"Organization\",\"@id\":\"https:\/\/www.fieldpiece.com\/es\/#organization\",\"name\":\"Fieldpiece Instruments\",\"url\":\"https:\/\/www.fieldpiece.com\/es\/\",\"logo\":{\"@type\":\"ImageObject\",\"inLanguage\":\"es\",\"@id\":\"https:\/\/www.fieldpiece.com\/es\/#\/schema\/logo\/image\/\",\"url\":\"https:\/\/resources.fieldpiece.com\/wp-content\/uploads\/2021\/02\/Logos-490x358-1.jpg\",\"contentUrl\":\"https:\/\/resources.fieldpiece.com\/wp-content\/uploads\/2021\/02\/Logos-490x358-1.jpg\",\"width\":490,\"height\":358,\"caption\":\"Fieldpiece Instruments\"},\"image\":{\"@id\":\"https:\/\/www.fieldpiece.com\/es\/#\/schema\/logo\/image\/\"}}]}<\/script>\n<!-- \/ Yoast SEO plugin. -->","yoast_head_json":{"title":"ATAF1 - Termopar de alta temperatura - Fieldpiece Instruments","robots":{"index":"index","follow":"follow","max-snippet":"max-snippet:-1","max-image-preview":"max-image-preview:large","max-video-preview":"max-video-preview:-1"},"canonical":"https:\/\/www.fieldpiece.com\/es\/producto\/ataf1-high-temperature-k-type-thermocouple-with-alligator-clip\/","og_locale":"es_ES","og_type":"article","og_title":"ATAF1 - Termopar de alta temperatura - Fieldpiece Instruments","og_description":"El ATAF1 es un termopar tipo K que puede colocarse c\u00f3modamente en equipos de climatizaci\u00f3n y refrigeraci\u00f3n mediante su pinza ...","og_url":"https:\/\/www.fieldpiece.com\/es\/producto\/ataf1-high-temperature-k-type-thermocouple-with-alligator-clip\/","og_site_name":"Fieldpiece Instruments","article_modified_time":"2023-04-26T12:29:12+00:00","og_image":[{"width":470,"height":470,"url":"https:\/\/resources.fieldpiece.com\/wp-content\/uploads\/2020\/11\/ATF1.jpg","type":"image\/jpeg"}],"twitter_card":"summary_large_image","twitter_misc":{"Tiempo de lectura":"1 minuto"},"schema":{"@context":"https:\/\/schema.org","@graph":[{"@type":"WebPage","@id":"https:\/\/www.fieldpiece.com\/es\/producto\/ataf1-high-temperature-k-type-thermocouple-with-alligator-clip\/","url":"https:\/\/www.fieldpiece.com\/es\/producto\/ataf1-high-temperature-k-type-thermocouple-with-alligator-clip\/","name":"ATAF1 - Termopar de alta temperatura - Fieldpiece Instruments","isPartOf":{"@id":"https:\/\/www.fieldpiece.com\/es\/#website"},"primaryImageOfPage":{"@id":"https:\/\/www.fieldpiece.com\/es\/producto\/ataf1-high-temperature-k-type-thermocouple-with-alligator-clip\/#primaryimage"},"image":{"@id":"https:\/\/www.fieldpiece.com\/es\/producto\/ataf1-high-temperature-k-type-thermocouple-with-alligator-clip\/#primaryimage"},"thumbnailUrl":"https:\/\/resources.fieldpiece.com\/wp-content\/uploads\/2020\/11\/ATF1.jpg","datePublished":"2023-04-26T12:27:07+00:00","dateModified":"2023-04-26T12:29:12+00:00","breadcrumb":{"@id":"https:\/\/www.fieldpiece.com\/es\/producto\/ataf1-high-temperature-k-type-thermocouple-with-alligator-clip\/#breadcrumb"},"inLanguage":"es","potentialAction":[{"@type":"ReadAction","target":["https:\/\/www.fieldpiece.com\/es\/producto\/ataf1-high-temperature-k-type-thermocouple-with-alligator-clip\/"]}]},{"@type":"ImageObject","inLanguage":"es","@id":"https:\/\/www.fieldpiece.com\/es\/producto\/ataf1-high-temperature-k-type-thermocouple-with-alligator-clip\/#primaryimage","url":"https:\/\/resources.fieldpiece.com\/wp-content\/uploads\/2020\/11\/ATF1.jpg","contentUrl":"https:\/\/resources.fieldpiece.com\/wp-content\/uploads\/2020\/11\/ATF1.jpg","width":470,"height":470,"caption":"high-temperature thermocouple"},{"@type":"BreadcrumbList","@id":"https:\/\/www.fieldpiece.com\/es\/producto\/ataf1-high-temperature-k-type-thermocouple-with-alligator-clip\/#breadcrumb","itemListElement":[{"@type":"ListItem","position":1,"name":"Home","item":"https:\/\/www.fieldpiece.com\/es\/"},{"@type":"ListItem","position":2,"name":"Shop","item":"https:\/\/www.fieldpiece.com\/shop\/"},{"@type":"ListItem","position":3,"name":"ATAF1 &#8211; Termopar de alta temperatura"}]},{"@type":"WebSite","@id":"https:\/\/www.fieldpiece.com\/es\/#website","url":"https:\/\/www.fieldpiece.com\/es\/","name":"Fieldpiece Instruments","description":"","publisher":{"@id":"https:\/\/www.fieldpiece.com\/es\/#organization"},"potentialAction":[{"@type":"SearchAction","target":{"@type":"EntryPoint","urlTemplate":"https:\/\/www.fieldpiece.com\/es\/?s={search_term_string}"},"query-input":{"@type":"PropertyValueSpecification","valueRequired":true,"valueName":"search_term_string"}}],"inLanguage":"es"},{"@type":"Organization","@id":"https:\/\/www.fieldpiece.com\/es\/#organization","name":"Fieldpiece Instruments","url":"https:\/\/www.fieldpiece.com\/es\/","logo":{"@type":"ImageObject","inLanguage":"es","@id":"https:\/\/www.fieldpiece.com\/es\/#\/schema\/logo\/image\/","url":"https:\/\/resources.fieldpiece.com\/wp-content\/uploads\/2021\/02\/Logos-490x358-1.jpg","contentUrl":"https:\/\/resources.fieldpiece.com\/wp-content\/uploads\/2021\/02\/Logos-490x358-1.jpg","width":490,"height":358,"caption":"Fieldpiece Instruments"},"image":{"@id":"https:\/\/www.fieldpiece.com\/es\/#\/schema\/logo\/image\/"}}]}},"_links":{"self":[{"href":"https:\/\/www.fieldpiece.com\/es\/wp-json\/wp\/v2\/product\/28027","targetHints":{"allow":["GET"]}}],"collection":[{"href":"https:\/\/www.fieldpiece.com\/es\/wp-json\/wp\/v2\/product"}],"about":[{"href":"https:\/\/www.fieldpiece.com\/es\/wp-json\/wp\/v2\/types\/product"}],"replies":[{"embeddable":true,"href":"https:\/\/www.fieldpiece.com\/es\/wp-json\/wp\/v2\/comments?post=28027"}],"wp:featuredmedia":[{"embeddable":true,"href":"https:\/\/www.fieldpiece.com\/es\/wp-json\/wp\/v2\/media\/28028"}],"wp:attachment":[{"href":"https:\/\/www.fieldpiece.com\/es\/wp-json\/wp\/v2\/media?parent=28027"}],"wp:term":[{"taxonomy":"product_brand","embeddable":true,"href":"https:\/\/www.fieldpiece.com\/es\/wp-json\/wp\/v2\/product_brand?post=28027"},{"taxonomy":"product_cat","embeddable":true,"href":"https:\/\/www.fieldpiece.com\/es\/wp-json\/wp\/v2\/product_cat?post=28027"},{"taxonomy":"product_tag","embeddable":true,"href":"https:\/\/www.fieldpiece.com\/es\/wp-json\/wp\/v2\/product_tag?post=28027"}],"curies":[{"name":"wp","href":"https:\/\/api.w.org\/{rel}","templated":true}]}}