	{"id":28012,"date":"2020-11-02T12:02:20","date_gmt":"2020-11-02T12:02:20","guid":{"rendered":"https:\/\/www.fieldpiece.com\/product\/tc24-pipe-clamp-thermocouple-3-8-to-1-3-8-for-air-conditioning\/"},"modified":"2023-04-26T05:29:04","modified_gmt":"2023-04-26T12:29:04","slug":"tc24-pipe-clamp-thermocouple-3-8-to-1-3-8-for-air-conditioning","status":"publish","type":"product","link":"https:\/\/www.fieldpiece.com\/es\/producto\/tc24-pipe-clamp-thermocouple-3-8-to-1-3-8-for-air-conditioning\/","title":{"rendered":"TC24 &#8211; Termopar de pinza para tuber\u00edas"},"content":{"rendered":"<ul>\n<li>Compatible con tuber\u00edas de 3\/8&#8243; a 1 3\/8&#8243; <\/li>\n<li>Perfecto para sistemas de refrigeraci\u00f3n de uso dom\u00e9stico y comercial ligero.<\/li>\n<\/ul>\n<p><b>Obtenga la temperatura correcta al instante.<\/b><br \/>\n Si est\u00e1 trabajando con sistemas de refrigeraci\u00f3n de uso dom\u00e9stico y comercial ligero, utilice el termopar de pinza para tuber\u00edas TC24 para obtener r\u00e1pidamente las temperaturas de las tuber\u00edas aunque en el exterior haga calor o viento. El TC24 mide las temperaturas de tuber\u00edas fijadas a paredes u otras superficies en cualquier \u00e1ngulo. El TC24 ha sido dise\u00f1ado para trabajar en tuber\u00edas o cualquier otra superficie cil\u00edndrica de 3\/8&#8243; a 1 3\/8&#8243; de di\u00e1metro y se conecta a cualquier dispositivo de medici\u00f3n con un conector para termopar tipo K. <\/p>\n<p><strong>El TC24 incluye estas caracter\u00edsticas: <\/strong> <\/p>\n<ul>\n<li>Intervalo de aberturas para di\u00e1metros de tuber\u00eda de 3\/8\u201d a 1 3\/8\u201d <\/li>\n<li>Exactitud:\u00a0 \u00b1 0,6 \u00b0C (1 \u00b0F) tras la calibraci\u00f3n en campo (cumple los requisitos del T\u00edtulo 24 de la Ley de California) <\/li>\n<li>Intervalo de temperatura: de -46 a 125 \u00b0C (de -50 a 257 \u00baF) <\/li>\n<li>Conductores del termopar: tipo K, n\u00edquel cromo\/n\u00edquel aluminio <\/li>\n<li>Conector: conector macho miniatura para termopar tipo K <\/li>\n<li>Tiempo de estabilizaci\u00f3n normal: menos de 30 segundos <\/li>\n<\/ul>\n","protected":false},"excerpt":{"rendered":"<p>Compatible con tuber\u00edas de 3\/8&#8243; a 1 3\/8&#8243; Perfecto para sistemas de refrigeraci\u00f3n de uso dom\u00e9stico y comercial ligero. Obtenga &#8230;<\/p>\n","protected":false},"featured_media":28013,"comment_status":"open","ping_status":"closed","template":"","meta":{"_acf_changed":false},"product_brand":[],"product_cat":[160,271],"product_tag":[],"class_list":{"0":"post-28012","1":"product","2":"type-product","3":"status-publish","4":"has-post-thumbnail","6":"product_cat-other-es-2","7":"product_cat-thermocouples-es","9":"first","10":"instock","11":"shipping-taxable","12":"product-type-simple"},"acf":[],"yoast_head":"<!-- This site is optimized with the Yoast SEO plugin v27.2 - https:\/\/yoast.com\/product\/yoast-seo-wordpress\/ -->\n<title>TC24 - Termopar de pinza para tuber\u00edas - Fieldpiece Instruments<\/title>\n<meta name=\"robots\" content=\"index, follow, max-snippet:-1, max-image-preview:large, max-video-preview:-1\" \/>\n<link rel=\"canonical\" href=\"https:\/\/www.fieldpiece.com\/es\/producto\/tc24-pipe-clamp-thermocouple-3-8-to-1-3-8-for-air-conditioning\/\" \/>\n<meta property=\"og:locale\" content=\"es_ES\" \/>\n<meta property=\"og:type\" content=\"article\" \/>\n<meta property=\"og:title\" content=\"TC24 - Termopar de pinza para tuber\u00edas - Fieldpiece Instruments\" \/>\n<meta property=\"og:description\" content=\"Compatible con tuber\u00edas de 3\/8&#8243; a 1 3\/8&#8243; Perfecto para sistemas de refrigeraci\u00f3n de uso dom\u00e9stico y comercial ligero. Obtenga ...\" \/>\n<meta property=\"og:url\" content=\"https:\/\/www.fieldpiece.com\/es\/producto\/tc24-pipe-clamp-thermocouple-3-8-to-1-3-8-for-air-conditioning\/\" \/>\n<meta property=\"og:site_name\" content=\"Fieldpiece Instruments\" \/>\n<meta property=\"article:modified_time\" content=\"2023-04-26T12:29:04+00:00\" \/>\n<meta property=\"og:image\" content=\"https:\/\/resources.fieldpiece.com\/wp-content\/uploads\/2021\/01\/TC24-SRC-Product.png\" \/>\n\t<meta property=\"og:image:width\" content=\"470\" \/>\n\t<meta property=\"og:image:height\" content=\"470\" \/>\n\t<meta property=\"og:image:type\" content=\"image\/png\" \/>\n<meta name=\"twitter:card\" content=\"summary_large_image\" \/>\n<meta name=\"twitter:label1\" content=\"Tiempo de lectura\" \/>\n\t<meta name=\"twitter:data1\" content=\"1 minuto\" \/>\n<script type=\"application\/ld+json\" class=\"yoast-schema-graph\">{\"@context\":\"https:\/\/schema.org\",\"@graph\":[{\"@type\":\"WebPage\",\"@id\":\"https:\/\/www.fieldpiece.com\/es\/producto\/tc24-pipe-clamp-thermocouple-3-8-to-1-3-8-for-air-conditioning\/\",\"url\":\"https:\/\/www.fieldpiece.com\/es\/producto\/tc24-pipe-clamp-thermocouple-3-8-to-1-3-8-for-air-conditioning\/\",\"name\":\"TC24 - Termopar de pinza para tuber\u00edas - Fieldpiece Instruments\",\"isPartOf\":{\"@id\":\"https:\/\/www.fieldpiece.com\/es\/#website\"},\"primaryImageOfPage\":{\"@id\":\"https:\/\/www.fieldpiece.com\/es\/producto\/tc24-pipe-clamp-thermocouple-3-8-to-1-3-8-for-air-conditioning\/#primaryimage\"},\"image\":{\"@id\":\"https:\/\/www.fieldpiece.com\/es\/producto\/tc24-pipe-clamp-thermocouple-3-8-to-1-3-8-for-air-conditioning\/#primaryimage\"},\"thumbnailUrl\":\"https:\/\/resources.fieldpiece.com\/wp-content\/uploads\/2021\/01\/TC24-SRC-Product.png\",\"datePublished\":\"2020-11-02T12:02:20+00:00\",\"dateModified\":\"2023-04-26T12:29:04+00:00\",\"breadcrumb\":{\"@id\":\"https:\/\/www.fieldpiece.com\/es\/producto\/tc24-pipe-clamp-thermocouple-3-8-to-1-3-8-for-air-conditioning\/#breadcrumb\"},\"inLanguage\":\"es\",\"potentialAction\":[{\"@type\":\"ReadAction\",\"target\":[\"https:\/\/www.fieldpiece.com\/es\/producto\/tc24-pipe-clamp-thermocouple-3-8-to-1-3-8-for-air-conditioning\/\"]}]},{\"@type\":\"ImageObject\",\"inLanguage\":\"es\",\"@id\":\"https:\/\/www.fieldpiece.com\/es\/producto\/tc24-pipe-clamp-thermocouple-3-8-to-1-3-8-for-air-conditioning\/#primaryimage\",\"url\":\"https:\/\/resources.fieldpiece.com\/wp-content\/uploads\/2021\/01\/TC24-SRC-Product.png\",\"contentUrl\":\"https:\/\/resources.fieldpiece.com\/wp-content\/uploads\/2021\/01\/TC24-SRC-Product.png\",\"width\":470,\"height\":470,\"caption\":\"TC24 \u2013 Pipe Clamp Thermocouple\"},{\"@type\":\"BreadcrumbList\",\"@id\":\"https:\/\/www.fieldpiece.com\/es\/producto\/tc24-pipe-clamp-thermocouple-3-8-to-1-3-8-for-air-conditioning\/#breadcrumb\",\"itemListElement\":[{\"@type\":\"ListItem\",\"position\":1,\"name\":\"Home\",\"item\":\"https:\/\/www.fieldpiece.com\/es\/\"},{\"@type\":\"ListItem\",\"position\":2,\"name\":\"Shop\",\"item\":\"https:\/\/www.fieldpiece.com\/shop\/\"},{\"@type\":\"ListItem\",\"position\":3,\"name\":\"TC24 &#8211; Termopar de pinza para tuber\u00edas\"}]},{\"@type\":\"WebSite\",\"@id\":\"https:\/\/www.fieldpiece.com\/es\/#website\",\"url\":\"https:\/\/www.fieldpiece.com\/es\/\",\"name\":\"Fieldpiece Instruments\",\"description\":\"\",\"publisher\":{\"@id\":\"https:\/\/www.fieldpiece.com\/es\/#organization\"},\"potentialAction\":[{\"@type\":\"SearchAction\",\"target\":{\"@type\":\"EntryPoint\",\"urlTemplate\":\"https:\/\/www.fieldpiece.com\/es\/?s={search_term_string}\"},\"query-input\":{\"@type\":\"PropertyValueSpecification\",\"valueRequired\":true,\"valueName\":\"search_term_string\"}}],\"inLanguage\":\"es\"},{\"@type\":\"Organization\",\"@id\":\"https:\/\/www.fieldpiece.com\/es\/#organization\",\"name\":\"Fieldpiece Instruments\",\"url\":\"https:\/\/www.fieldpiece.com\/es\/\",\"logo\":{\"@type\":\"ImageObject\",\"inLanguage\":\"es\",\"@id\":\"https:\/\/www.fieldpiece.com\/es\/#\/schema\/logo\/image\/\",\"url\":\"https:\/\/resources.fieldpiece.com\/wp-content\/uploads\/2021\/02\/Logos-490x358-1.jpg\",\"contentUrl\":\"https:\/\/resources.fieldpiece.com\/wp-content\/uploads\/2021\/02\/Logos-490x358-1.jpg\",\"width\":490,\"height\":358,\"caption\":\"Fieldpiece Instruments\"},\"image\":{\"@id\":\"https:\/\/www.fieldpiece.com\/es\/#\/schema\/logo\/image\/\"}}]}<\/script>\n<!-- \/ Yoast SEO plugin. -->","yoast_head_json":{"title":"TC24 - Termopar de pinza para tuber\u00edas - Fieldpiece Instruments","robots":{"index":"index","follow":"follow","max-snippet":"max-snippet:-1","max-image-preview":"max-image-preview:large","max-video-preview":"max-video-preview:-1"},"canonical":"https:\/\/www.fieldpiece.com\/es\/producto\/tc24-pipe-clamp-thermocouple-3-8-to-1-3-8-for-air-conditioning\/","og_locale":"es_ES","og_type":"article","og_title":"TC24 - Termopar de pinza para tuber\u00edas - Fieldpiece Instruments","og_description":"Compatible con tuber\u00edas de 3\/8&#8243; a 1 3\/8&#8243; Perfecto para sistemas de refrigeraci\u00f3n de uso dom\u00e9stico y comercial ligero. Obtenga ...","og_url":"https:\/\/www.fieldpiece.com\/es\/producto\/tc24-pipe-clamp-thermocouple-3-8-to-1-3-8-for-air-conditioning\/","og_site_name":"Fieldpiece Instruments","article_modified_time":"2023-04-26T12:29:04+00:00","og_image":[{"width":470,"height":470,"url":"https:\/\/resources.fieldpiece.com\/wp-content\/uploads\/2021\/01\/TC24-SRC-Product.png","type":"image\/png"}],"twitter_card":"summary_large_image","twitter_misc":{"Tiempo de lectura":"1 minuto"},"schema":{"@context":"https:\/\/schema.org","@graph":[{"@type":"WebPage","@id":"https:\/\/www.fieldpiece.com\/es\/producto\/tc24-pipe-clamp-thermocouple-3-8-to-1-3-8-for-air-conditioning\/","url":"https:\/\/www.fieldpiece.com\/es\/producto\/tc24-pipe-clamp-thermocouple-3-8-to-1-3-8-for-air-conditioning\/","name":"TC24 - Termopar de pinza para tuber\u00edas - Fieldpiece Instruments","isPartOf":{"@id":"https:\/\/www.fieldpiece.com\/es\/#website"},"primaryImageOfPage":{"@id":"https:\/\/www.fieldpiece.com\/es\/producto\/tc24-pipe-clamp-thermocouple-3-8-to-1-3-8-for-air-conditioning\/#primaryimage"},"image":{"@id":"https:\/\/www.fieldpiece.com\/es\/producto\/tc24-pipe-clamp-thermocouple-3-8-to-1-3-8-for-air-conditioning\/#primaryimage"},"thumbnailUrl":"https:\/\/resources.fieldpiece.com\/wp-content\/uploads\/2021\/01\/TC24-SRC-Product.png","datePublished":"2020-11-02T12:02:20+00:00","dateModified":"2023-04-26T12:29:04+00:00","breadcrumb":{"@id":"https:\/\/www.fieldpiece.com\/es\/producto\/tc24-pipe-clamp-thermocouple-3-8-to-1-3-8-for-air-conditioning\/#breadcrumb"},"inLanguage":"es","potentialAction":[{"@type":"ReadAction","target":["https:\/\/www.fieldpiece.com\/es\/producto\/tc24-pipe-clamp-thermocouple-3-8-to-1-3-8-for-air-conditioning\/"]}]},{"@type":"ImageObject","inLanguage":"es","@id":"https:\/\/www.fieldpiece.com\/es\/producto\/tc24-pipe-clamp-thermocouple-3-8-to-1-3-8-for-air-conditioning\/#primaryimage","url":"https:\/\/resources.fieldpiece.com\/wp-content\/uploads\/2021\/01\/TC24-SRC-Product.png","contentUrl":"https:\/\/resources.fieldpiece.com\/wp-content\/uploads\/2021\/01\/TC24-SRC-Product.png","width":470,"height":470,"caption":"TC24 \u2013 Pipe Clamp Thermocouple"},{"@type":"BreadcrumbList","@id":"https:\/\/www.fieldpiece.com\/es\/producto\/tc24-pipe-clamp-thermocouple-3-8-to-1-3-8-for-air-conditioning\/#breadcrumb","itemListElement":[{"@type":"ListItem","position":1,"name":"Home","item":"https:\/\/www.fieldpiece.com\/es\/"},{"@type":"ListItem","position":2,"name":"Shop","item":"https:\/\/www.fieldpiece.com\/shop\/"},{"@type":"ListItem","position":3,"name":"TC24 &#8211; Termopar de pinza para tuber\u00edas"}]},{"@type":"WebSite","@id":"https:\/\/www.fieldpiece.com\/es\/#website","url":"https:\/\/www.fieldpiece.com\/es\/","name":"Fieldpiece Instruments","description":"","publisher":{"@id":"https:\/\/www.fieldpiece.com\/es\/#organization"},"potentialAction":[{"@type":"SearchAction","target":{"@type":"EntryPoint","urlTemplate":"https:\/\/www.fieldpiece.com\/es\/?s={search_term_string}"},"query-input":{"@type":"PropertyValueSpecification","valueRequired":true,"valueName":"search_term_string"}}],"inLanguage":"es"},{"@type":"Organization","@id":"https:\/\/www.fieldpiece.com\/es\/#organization","name":"Fieldpiece Instruments","url":"https:\/\/www.fieldpiece.com\/es\/","logo":{"@type":"ImageObject","inLanguage":"es","@id":"https:\/\/www.fieldpiece.com\/es\/#\/schema\/logo\/image\/","url":"https:\/\/resources.fieldpiece.com\/wp-content\/uploads\/2021\/02\/Logos-490x358-1.jpg","contentUrl":"https:\/\/resources.fieldpiece.com\/wp-content\/uploads\/2021\/02\/Logos-490x358-1.jpg","width":490,"height":358,"caption":"Fieldpiece Instruments"},"image":{"@id":"https:\/\/www.fieldpiece.com\/es\/#\/schema\/logo\/image\/"}}]}},"_links":{"self":[{"href":"https:\/\/www.fieldpiece.com\/es\/wp-json\/wp\/v2\/product\/28012","targetHints":{"allow":["GET"]}}],"collection":[{"href":"https:\/\/www.fieldpiece.com\/es\/wp-json\/wp\/v2\/product"}],"about":[{"href":"https:\/\/www.fieldpiece.com\/es\/wp-json\/wp\/v2\/types\/product"}],"replies":[{"embeddable":true,"href":"https:\/\/www.fieldpiece.com\/es\/wp-json\/wp\/v2\/comments?post=28012"}],"wp:featuredmedia":[{"embeddable":true,"href":"https:\/\/www.fieldpiece.com\/es\/wp-json\/wp\/v2\/media\/28013"}],"wp:attachment":[{"href":"https:\/\/www.fieldpiece.com\/es\/wp-json\/wp\/v2\/media?parent=28012"}],"wp:term":[{"taxonomy":"product_brand","embeddable":true,"href":"https:\/\/www.fieldpiece.com\/es\/wp-json\/wp\/v2\/product_brand?post=28012"},{"taxonomy":"product_cat","embeddable":true,"href":"https:\/\/www.fieldpiece.com\/es\/wp-json\/wp\/v2\/product_cat?post=28012"},{"taxonomy":"product_tag","embeddable":true,"href":"https:\/\/www.fieldpiece.com\/es\/wp-json\/wp\/v2\/product_tag?post=28012"}],"curies":[{"name":"wp","href":"https:\/\/api.w.org\/{rel}","templated":true}]}}