	{"id":27999,"date":"2020-11-02T12:02:21","date_gmt":"2023-04-26T12:27:07","guid":{"rendered":"https:\/\/www.fieldpiece.com\/product\/atc1r-pipe-clamp-thermocouple-1-8-to-3-4-for-refrigeration\/"},"modified":"2023-04-26T05:28:56","modified_gmt":"2023-04-26T12:28:56","slug":"atc1r-pipe-clamp-thermocouple-1-8-to-3-4-for-refrigeration","status":"publish","type":"product","link":"https:\/\/www.fieldpiece.com\/es\/producto\/atc1r-pipe-clamp-thermocouple-1-8-to-3-4-for-refrigeration\/","title":{"rendered":"ATC1R &#8211; Termopar de pinza peque\u00f1a"},"content":{"rendered":"<p>El termopar tipo K de pinza para tuber\u00edas ATC1R se utiliza para tomar temperaturas en tuber\u00edas o cualquier otra superficie cil\u00edndrica que se ajuste a su intervalo de di\u00e1metros de abertura de 1\/8&#8243; a 3\/4&#8243;. El uso de un termopar de pinza para tuber\u00edas facilita en gran medida la realizaci\u00f3n de mediciones de sobrecalentamiento o subenfriamiento. El ATC1R se puede utilizar para la mayor\u00eda de unidades de refrigeraci\u00f3n. El ATC1R se puede utilizar con cualquiera de nuestros medidores que miden temperatura y cualquier term\u00f3metro compatible con termopares tipo K. <\/p>\n<p>El sensor est\u00e1 pr\u00e1cticamente aislado de las condiciones ambientales, lo que permite al termopar obtener la temperatura real del tubo durante el tiempo que permanece acoplado al mismo. La gran \u00e1rea superficial del sensor y su mayor fuerza de fijaci\u00f3n contribuyen a que alcance la temperatura correcta dentro de los 30 segundos. Debido a que la abertura ha sido dise\u00f1ada para los \u00e1mbitos de la climatizaci\u00f3n y refrigeraci\u00f3n, su capacidad de fijaci\u00f3n le permite medir temperaturas de tuber\u00edas fijadas a paredes u otras superficies en cualquier \u00e1ngulo.<\/p>\n<p>ESPECIFICACIONES <\/p>\n<p>Intervalo de di\u00e1metros de abertura del ATC1R: di\u00e1metros de tuber\u00eda de 1\/8\u201d a 3\/4\u201d (di\u00e1metro exterior)<br \/>\nExactitud: +\/- 2,2 \u00b0C (4 \u00b0F); \u00b1 0,6 \u00b0C (1 \u00b0F) tras la calibraci\u00f3n en campo, de 0 a 80 \u00b0C (de 32 a 176 \u00baF)<br \/>\nIntervalo de temperatura: de -46 a 125 \u00b0C (de -50 a 257 \u00baF)<br \/>\nConductores del termopar: tipo K, n\u00edquel cromo\/n\u00edquel aluminio.<br \/>\nAislamiento de la sonda y material de la pinza: la calibraci\u00f3n y la atm\u00f3sfera afectar\u00e1n a la temperatura m\u00e1xima \u00fatil en las aplicaciones. El aislamiento del cable y el material de la pinza han sido dise\u00f1ados para soportar un uso continuo m\u00e1ximo a 125 \u00b0C (257 \u00b0F).<br \/>\nConector: conector macho miniatura para termopar tipo K.<br \/>\nTiempo de estabilizaci\u00f3n normal: menos de 30 segundos.<\/p>\n","protected":false},"excerpt":{"rendered":"<p>El termopar tipo K de pinza para tuber\u00edas ATC1R se utiliza para tomar temperaturas en tuber\u00edas o cualquier otra superficie &#8230;<\/p>\n","protected":false},"featured_media":28001,"comment_status":"open","ping_status":"closed","template":"","meta":{"_acf_changed":false},"product_brand":[],"product_cat":[160,271],"product_tag":[],"class_list":{"0":"post-27999","1":"product","2":"type-product","3":"status-publish","4":"has-post-thumbnail","6":"product_cat-other-es-2","7":"product_cat-thermocouples-es","9":"first","10":"instock","11":"shipping-taxable","12":"product-type-simple"},"acf":[],"yoast_head":"<!-- This site is optimized with the Yoast SEO plugin v27.3 - https:\/\/yoast.com\/product\/yoast-seo-wordpress\/ -->\n<title>ATC1R - Termopar de pinza peque\u00f1a - Fieldpiece Instruments<\/title>\n<meta name=\"robots\" content=\"index, follow, max-snippet:-1, max-image-preview:large, max-video-preview:-1\" \/>\n<link rel=\"canonical\" href=\"https:\/\/www.fieldpiece.com\/es\/producto\/atc1r-pipe-clamp-thermocouple-1-8-to-3-4-for-refrigeration\/\" \/>\n<meta property=\"og:locale\" content=\"es_ES\" \/>\n<meta property=\"og:type\" content=\"article\" \/>\n<meta property=\"og:title\" content=\"ATC1R - Termopar de pinza peque\u00f1a - Fieldpiece Instruments\" \/>\n<meta property=\"og:description\" content=\"El termopar tipo K de pinza para tuber\u00edas ATC1R se utiliza para tomar temperaturas en tuber\u00edas o cualquier otra superficie ...\" \/>\n<meta property=\"og:url\" content=\"https:\/\/www.fieldpiece.com\/es\/producto\/atc1r-pipe-clamp-thermocouple-1-8-to-3-4-for-refrigeration\/\" \/>\n<meta property=\"og:site_name\" content=\"Fieldpiece Instruments\" \/>\n<meta property=\"article:modified_time\" content=\"2023-04-26T12:28:56+00:00\" \/>\n<meta property=\"og:image\" content=\"https:\/\/resources.fieldpiece.com\/wp-content\/uploads\/2021\/01\/ATC1R-SRC-product.png\" \/>\n\t<meta property=\"og:image:width\" content=\"470\" \/>\n\t<meta property=\"og:image:height\" content=\"470\" \/>\n\t<meta property=\"og:image:type\" content=\"image\/png\" \/>\n<meta name=\"twitter:card\" content=\"summary_large_image\" \/>\n<meta name=\"twitter:label1\" content=\"Tiempo de lectura\" \/>\n\t<meta name=\"twitter:data1\" content=\"2 minutos\" \/>\n<script type=\"application\/ld+json\" class=\"yoast-schema-graph\">{\"@context\":\"https:\\\/\\\/schema.org\",\"@graph\":[{\"@type\":\"WebPage\",\"@id\":\"https:\\\/\\\/www.fieldpiece.com\\\/es\\\/producto\\\/atc1r-pipe-clamp-thermocouple-1-8-to-3-4-for-refrigeration\\\/\",\"url\":\"https:\\\/\\\/www.fieldpiece.com\\\/es\\\/producto\\\/atc1r-pipe-clamp-thermocouple-1-8-to-3-4-for-refrigeration\\\/\",\"name\":\"ATC1R - Termopar de pinza peque\u00f1a - Fieldpiece Instruments\",\"isPartOf\":{\"@id\":\"https:\\\/\\\/www.fieldpiece.com\\\/es\\\/#website\"},\"primaryImageOfPage\":{\"@id\":\"https:\\\/\\\/www.fieldpiece.com\\\/es\\\/producto\\\/atc1r-pipe-clamp-thermocouple-1-8-to-3-4-for-refrigeration\\\/#primaryimage\"},\"image\":{\"@id\":\"https:\\\/\\\/www.fieldpiece.com\\\/es\\\/producto\\\/atc1r-pipe-clamp-thermocouple-1-8-to-3-4-for-refrigeration\\\/#primaryimage\"},\"thumbnailUrl\":\"https:\\\/\\\/resources.fieldpiece.com\\\/wp-content\\\/uploads\\\/2021\\\/01\\\/ATC1R-SRC-product.png\",\"datePublished\":\"2023-04-26T12:27:07+00:00\",\"dateModified\":\"2023-04-26T12:28:56+00:00\",\"breadcrumb\":{\"@id\":\"https:\\\/\\\/www.fieldpiece.com\\\/es\\\/producto\\\/atc1r-pipe-clamp-thermocouple-1-8-to-3-4-for-refrigeration\\\/#breadcrumb\"},\"inLanguage\":\"es\",\"potentialAction\":[{\"@type\":\"ReadAction\",\"target\":[\"https:\\\/\\\/www.fieldpiece.com\\\/es\\\/producto\\\/atc1r-pipe-clamp-thermocouple-1-8-to-3-4-for-refrigeration\\\/\"]}]},{\"@type\":\"ImageObject\",\"inLanguage\":\"es\",\"@id\":\"https:\\\/\\\/www.fieldpiece.com\\\/es\\\/producto\\\/atc1r-pipe-clamp-thermocouple-1-8-to-3-4-for-refrigeration\\\/#primaryimage\",\"url\":\"https:\\\/\\\/resources.fieldpiece.com\\\/wp-content\\\/uploads\\\/2021\\\/01\\\/ATC1R-SRC-product.png\",\"contentUrl\":\"https:\\\/\\\/resources.fieldpiece.com\\\/wp-content\\\/uploads\\\/2021\\\/01\\\/ATC1R-SRC-product.png\",\"width\":470,\"height\":470,\"caption\":\"K Type Small Pipe Clamp Thermocouple\"},{\"@type\":\"BreadcrumbList\",\"@id\":\"https:\\\/\\\/www.fieldpiece.com\\\/es\\\/producto\\\/atc1r-pipe-clamp-thermocouple-1-8-to-3-4-for-refrigeration\\\/#breadcrumb\",\"itemListElement\":[{\"@type\":\"ListItem\",\"position\":1,\"name\":\"Home\",\"item\":\"https:\\\/\\\/www.fieldpiece.com\\\/es\\\/\"},{\"@type\":\"ListItem\",\"position\":2,\"name\":\"Shop\",\"item\":\"https:\\\/\\\/www.fieldpiece.com\\\/shop\\\/\"},{\"@type\":\"ListItem\",\"position\":3,\"name\":\"ATC1R &#8211; Termopar de pinza peque\u00f1a\"}]},{\"@type\":\"WebSite\",\"@id\":\"https:\\\/\\\/www.fieldpiece.com\\\/es\\\/#website\",\"url\":\"https:\\\/\\\/www.fieldpiece.com\\\/es\\\/\",\"name\":\"Fieldpiece Instruments\",\"description\":\"\",\"publisher\":{\"@id\":\"https:\\\/\\\/www.fieldpiece.com\\\/es\\\/#organization\"},\"potentialAction\":[{\"@type\":\"SearchAction\",\"target\":{\"@type\":\"EntryPoint\",\"urlTemplate\":\"https:\\\/\\\/www.fieldpiece.com\\\/es\\\/?s={search_term_string}\"},\"query-input\":{\"@type\":\"PropertyValueSpecification\",\"valueRequired\":true,\"valueName\":\"search_term_string\"}}],\"inLanguage\":\"es\"},{\"@type\":\"Organization\",\"@id\":\"https:\\\/\\\/www.fieldpiece.com\\\/es\\\/#organization\",\"name\":\"Fieldpiece Instruments\",\"url\":\"https:\\\/\\\/www.fieldpiece.com\\\/es\\\/\",\"logo\":{\"@type\":\"ImageObject\",\"inLanguage\":\"es\",\"@id\":\"https:\\\/\\\/www.fieldpiece.com\\\/es\\\/#\\\/schema\\\/logo\\\/image\\\/\",\"url\":\"https:\\\/\\\/resources.fieldpiece.com\\\/wp-content\\\/uploads\\\/2021\\\/02\\\/Logos-490x358-1.jpg\",\"contentUrl\":\"https:\\\/\\\/resources.fieldpiece.com\\\/wp-content\\\/uploads\\\/2021\\\/02\\\/Logos-490x358-1.jpg\",\"width\":490,\"height\":358,\"caption\":\"Fieldpiece Instruments\"},\"image\":{\"@id\":\"https:\\\/\\\/www.fieldpiece.com\\\/es\\\/#\\\/schema\\\/logo\\\/image\\\/\"}}]}<\/script>\n<!-- \/ Yoast SEO plugin. -->","yoast_head_json":{"title":"ATC1R - Termopar de pinza peque\u00f1a - Fieldpiece Instruments","robots":{"index":"index","follow":"follow","max-snippet":"max-snippet:-1","max-image-preview":"max-image-preview:large","max-video-preview":"max-video-preview:-1"},"canonical":"https:\/\/www.fieldpiece.com\/es\/producto\/atc1r-pipe-clamp-thermocouple-1-8-to-3-4-for-refrigeration\/","og_locale":"es_ES","og_type":"article","og_title":"ATC1R - Termopar de pinza peque\u00f1a - Fieldpiece Instruments","og_description":"El termopar tipo K de pinza para tuber\u00edas ATC1R se utiliza para tomar temperaturas en tuber\u00edas o cualquier otra superficie ...","og_url":"https:\/\/www.fieldpiece.com\/es\/producto\/atc1r-pipe-clamp-thermocouple-1-8-to-3-4-for-refrigeration\/","og_site_name":"Fieldpiece Instruments","article_modified_time":"2023-04-26T12:28:56+00:00","og_image":[{"width":470,"height":470,"url":"https:\/\/resources.fieldpiece.com\/wp-content\/uploads\/2021\/01\/ATC1R-SRC-product.png","type":"image\/png"}],"twitter_card":"summary_large_image","twitter_misc":{"Tiempo de lectura":"2 minutos"},"schema":{"@context":"https:\/\/schema.org","@graph":[{"@type":"WebPage","@id":"https:\/\/www.fieldpiece.com\/es\/producto\/atc1r-pipe-clamp-thermocouple-1-8-to-3-4-for-refrigeration\/","url":"https:\/\/www.fieldpiece.com\/es\/producto\/atc1r-pipe-clamp-thermocouple-1-8-to-3-4-for-refrigeration\/","name":"ATC1R - Termopar de pinza peque\u00f1a - Fieldpiece Instruments","isPartOf":{"@id":"https:\/\/www.fieldpiece.com\/es\/#website"},"primaryImageOfPage":{"@id":"https:\/\/www.fieldpiece.com\/es\/producto\/atc1r-pipe-clamp-thermocouple-1-8-to-3-4-for-refrigeration\/#primaryimage"},"image":{"@id":"https:\/\/www.fieldpiece.com\/es\/producto\/atc1r-pipe-clamp-thermocouple-1-8-to-3-4-for-refrigeration\/#primaryimage"},"thumbnailUrl":"https:\/\/resources.fieldpiece.com\/wp-content\/uploads\/2021\/01\/ATC1R-SRC-product.png","datePublished":"2023-04-26T12:27:07+00:00","dateModified":"2023-04-26T12:28:56+00:00","breadcrumb":{"@id":"https:\/\/www.fieldpiece.com\/es\/producto\/atc1r-pipe-clamp-thermocouple-1-8-to-3-4-for-refrigeration\/#breadcrumb"},"inLanguage":"es","potentialAction":[{"@type":"ReadAction","target":["https:\/\/www.fieldpiece.com\/es\/producto\/atc1r-pipe-clamp-thermocouple-1-8-to-3-4-for-refrigeration\/"]}]},{"@type":"ImageObject","inLanguage":"es","@id":"https:\/\/www.fieldpiece.com\/es\/producto\/atc1r-pipe-clamp-thermocouple-1-8-to-3-4-for-refrigeration\/#primaryimage","url":"https:\/\/resources.fieldpiece.com\/wp-content\/uploads\/2021\/01\/ATC1R-SRC-product.png","contentUrl":"https:\/\/resources.fieldpiece.com\/wp-content\/uploads\/2021\/01\/ATC1R-SRC-product.png","width":470,"height":470,"caption":"K Type Small Pipe Clamp Thermocouple"},{"@type":"BreadcrumbList","@id":"https:\/\/www.fieldpiece.com\/es\/producto\/atc1r-pipe-clamp-thermocouple-1-8-to-3-4-for-refrigeration\/#breadcrumb","itemListElement":[{"@type":"ListItem","position":1,"name":"Home","item":"https:\/\/www.fieldpiece.com\/es\/"},{"@type":"ListItem","position":2,"name":"Shop","item":"https:\/\/www.fieldpiece.com\/shop\/"},{"@type":"ListItem","position":3,"name":"ATC1R &#8211; Termopar de pinza peque\u00f1a"}]},{"@type":"WebSite","@id":"https:\/\/www.fieldpiece.com\/es\/#website","url":"https:\/\/www.fieldpiece.com\/es\/","name":"Fieldpiece Instruments","description":"","publisher":{"@id":"https:\/\/www.fieldpiece.com\/es\/#organization"},"potentialAction":[{"@type":"SearchAction","target":{"@type":"EntryPoint","urlTemplate":"https:\/\/www.fieldpiece.com\/es\/?s={search_term_string}"},"query-input":{"@type":"PropertyValueSpecification","valueRequired":true,"valueName":"search_term_string"}}],"inLanguage":"es"},{"@type":"Organization","@id":"https:\/\/www.fieldpiece.com\/es\/#organization","name":"Fieldpiece Instruments","url":"https:\/\/www.fieldpiece.com\/es\/","logo":{"@type":"ImageObject","inLanguage":"es","@id":"https:\/\/www.fieldpiece.com\/es\/#\/schema\/logo\/image\/","url":"https:\/\/resources.fieldpiece.com\/wp-content\/uploads\/2021\/02\/Logos-490x358-1.jpg","contentUrl":"https:\/\/resources.fieldpiece.com\/wp-content\/uploads\/2021\/02\/Logos-490x358-1.jpg","width":490,"height":358,"caption":"Fieldpiece Instruments"},"image":{"@id":"https:\/\/www.fieldpiece.com\/es\/#\/schema\/logo\/image\/"}}]}},"_links":{"self":[{"href":"https:\/\/www.fieldpiece.com\/es\/wp-json\/wp\/v2\/product\/27999","targetHints":{"allow":["GET"]}}],"collection":[{"href":"https:\/\/www.fieldpiece.com\/es\/wp-json\/wp\/v2\/product"}],"about":[{"href":"https:\/\/www.fieldpiece.com\/es\/wp-json\/wp\/v2\/types\/product"}],"replies":[{"embeddable":true,"href":"https:\/\/www.fieldpiece.com\/es\/wp-json\/wp\/v2\/comments?post=27999"}],"wp:featuredmedia":[{"embeddable":true,"href":"https:\/\/www.fieldpiece.com\/es\/wp-json\/wp\/v2\/media\/28001"}],"wp:attachment":[{"href":"https:\/\/www.fieldpiece.com\/es\/wp-json\/wp\/v2\/media?parent=27999"}],"wp:term":[{"taxonomy":"product_brand","embeddable":true,"href":"https:\/\/www.fieldpiece.com\/es\/wp-json\/wp\/v2\/product_brand?post=27999"},{"taxonomy":"product_cat","embeddable":true,"href":"https:\/\/www.fieldpiece.com\/es\/wp-json\/wp\/v2\/product_cat?post=27999"},{"taxonomy":"product_tag","embeddable":true,"href":"https:\/\/www.fieldpiece.com\/es\/wp-json\/wp\/v2\/product_tag?post=27999"}],"curies":[{"name":"wp","href":"https:\/\/api.w.org\/{rel}","templated":true}]}}