	{"id":27980,"date":"2020-11-02T12:02:22","date_gmt":"2023-04-26T12:27:07","guid":{"rendered":"https:\/\/www.fieldpiece.com\/product\/atext10-10-extension-cable\/"},"modified":"2023-04-26T05:28:48","modified_gmt":"2023-04-26T12:28:48","slug":"atext10-10-extension-cable","status":"publish","type":"product","link":"https:\/\/www.fieldpiece.com\/es\/producto\/atext10-10-extension-cable\/","title":{"rendered":"ATEXT10 &#8211; Cable de extensi\u00f3n de 10&#8242;"},"content":{"rendered":"<p>El ATEXT10 es un cable alargador para termopar tipo K dise\u00f1ado para proporcionarle mayor alcance cuando lo necesite para la medici\u00f3n de temperaturas. Tiene una longitud de 10&#8242;, un puerto tipo K hembra en un extremo y un conector macho en el otro. Id\u00f3neo para utilizarse con termopares r\u00edgidos.<\/p>\n<p>ESPECIFICACIONES <\/p>\n<p>Conductores del termopar: n\u00edquel cromo\/n\u00edquel aluminio tipo K.<br \/>\nAislamiento: la calibraci\u00f3n y la atm\u00f3sfera afectar\u00e1n a la temperatura m\u00e1xima \u00fatil en las aplicaciones. El recubrimiento de tefl\u00f3n FEP 24 GA (0,020) ha sido dise\u00f1ado para soportar un uso m\u00e1ximo continuo a 204 \u00b0C (400 \u00b0F).<br \/>\nConector: miniconector macho para termopar tipo K, miniconector hembra para termopar tipo K.<\/p>\n","protected":false},"excerpt":{"rendered":"<p>El ATEXT10 es un cable alargador para termopar tipo K dise\u00f1ado para proporcionarle mayor alcance cuando lo necesite para la &#8230;<\/p>\n","protected":false},"featured_media":27981,"comment_status":"open","ping_status":"closed","template":"","meta":{"_acf_changed":false},"product_brand":[],"product_cat":[160,271],"product_tag":[],"class_list":{"0":"post-27980","1":"product","2":"type-product","3":"status-publish","4":"has-post-thumbnail","6":"product_cat-other-es-2","7":"product_cat-thermocouples-es","9":"first","10":"instock","11":"shipping-taxable","12":"product-type-simple"},"acf":[],"yoast_head":"<!-- This site is optimized with the Yoast SEO plugin v27.4 - https:\/\/yoast.com\/product\/yoast-seo-wordpress\/ -->\n<title>ATEXT10 - Cable de extensi\u00f3n de 10&#039; - Fieldpiece Instruments<\/title>\n<meta name=\"robots\" content=\"index, follow, max-snippet:-1, max-image-preview:large, max-video-preview:-1\" \/>\n<link rel=\"canonical\" href=\"https:\/\/www.fieldpiece.com\/es\/producto\/atext10-10-extension-cable\/\" \/>\n<meta property=\"og:locale\" content=\"es_ES\" \/>\n<meta property=\"og:type\" content=\"article\" \/>\n<meta property=\"og:title\" content=\"ATEXT10 - Cable de extensi\u00f3n de 10&#039; - Fieldpiece Instruments\" \/>\n<meta property=\"og:description\" content=\"El ATEXT10 es un cable alargador para termopar tipo K dise\u00f1ado para proporcionarle mayor alcance cuando lo necesite para la ...\" \/>\n<meta property=\"og:url\" content=\"https:\/\/www.fieldpiece.com\/es\/producto\/atext10-10-extension-cable\/\" \/>\n<meta property=\"og:site_name\" content=\"Fieldpiece Instruments\" \/>\n<meta property=\"article:modified_time\" content=\"2023-04-26T12:28:48+00:00\" \/>\n<meta property=\"og:image\" content=\"https:\/\/resources.fieldpiece.com\/wp-content\/uploads\/2020\/11\/ATEXT10-SRC-product.jpg\" \/>\n\t<meta property=\"og:image:width\" content=\"2000\" \/>\n\t<meta property=\"og:image:height\" content=\"2000\" \/>\n\t<meta property=\"og:image:type\" content=\"image\/jpeg\" \/>\n<meta name=\"twitter:card\" content=\"summary_large_image\" \/>\n<meta name=\"twitter:label1\" content=\"Tiempo de lectura\" \/>\n\t<meta name=\"twitter:data1\" content=\"1 minuto\" \/>\n<script type=\"application\/ld+json\" class=\"yoast-schema-graph\">{\"@context\":\"https:\\\/\\\/schema.org\",\"@graph\":[{\"@type\":\"WebPage\",\"@id\":\"https:\\\/\\\/www.fieldpiece.com\\\/es\\\/producto\\\/atext10-10-extension-cable\\\/\",\"url\":\"https:\\\/\\\/www.fieldpiece.com\\\/es\\\/producto\\\/atext10-10-extension-cable\\\/\",\"name\":\"ATEXT10 - Cable de extensi\u00f3n de 10' - Fieldpiece Instruments\",\"isPartOf\":{\"@id\":\"https:\\\/\\\/www.fieldpiece.com\\\/es\\\/#website\"},\"primaryImageOfPage\":{\"@id\":\"https:\\\/\\\/www.fieldpiece.com\\\/es\\\/producto\\\/atext10-10-extension-cable\\\/#primaryimage\"},\"image\":{\"@id\":\"https:\\\/\\\/www.fieldpiece.com\\\/es\\\/producto\\\/atext10-10-extension-cable\\\/#primaryimage\"},\"thumbnailUrl\":\"https:\\\/\\\/resources.fieldpiece.com\\\/wp-content\\\/uploads\\\/2020\\\/11\\\/ATEXT10-SRC-product.jpg\",\"datePublished\":\"2023-04-26T12:27:07+00:00\",\"dateModified\":\"2023-04-26T12:28:48+00:00\",\"breadcrumb\":{\"@id\":\"https:\\\/\\\/www.fieldpiece.com\\\/es\\\/producto\\\/atext10-10-extension-cable\\\/#breadcrumb\"},\"inLanguage\":\"es\",\"potentialAction\":[{\"@type\":\"ReadAction\",\"target\":[\"https:\\\/\\\/www.fieldpiece.com\\\/es\\\/producto\\\/atext10-10-extension-cable\\\/\"]}]},{\"@type\":\"ImageObject\",\"inLanguage\":\"es\",\"@id\":\"https:\\\/\\\/www.fieldpiece.com\\\/es\\\/producto\\\/atext10-10-extension-cable\\\/#primaryimage\",\"url\":\"https:\\\/\\\/resources.fieldpiece.com\\\/wp-content\\\/uploads\\\/2020\\\/11\\\/ATEXT10-SRC-product.jpg\",\"contentUrl\":\"https:\\\/\\\/resources.fieldpiece.com\\\/wp-content\\\/uploads\\\/2020\\\/11\\\/ATEXT10-SRC-product.jpg\",\"width\":2000,\"height\":2000,\"caption\":\"thermocouple extension wire\"},{\"@type\":\"BreadcrumbList\",\"@id\":\"https:\\\/\\\/www.fieldpiece.com\\\/es\\\/producto\\\/atext10-10-extension-cable\\\/#breadcrumb\",\"itemListElement\":[{\"@type\":\"ListItem\",\"position\":1,\"name\":\"Home\",\"item\":\"https:\\\/\\\/www.fieldpiece.com\\\/es\\\/\"},{\"@type\":\"ListItem\",\"position\":2,\"name\":\"Shop\",\"item\":\"https:\\\/\\\/www.fieldpiece.com\\\/shop\\\/\"},{\"@type\":\"ListItem\",\"position\":3,\"name\":\"ATEXT10 &#8211; Cable de extensi\u00f3n de 10&#8242;\"}]},{\"@type\":\"WebSite\",\"@id\":\"https:\\\/\\\/www.fieldpiece.com\\\/es\\\/#website\",\"url\":\"https:\\\/\\\/www.fieldpiece.com\\\/es\\\/\",\"name\":\"Fieldpiece Instruments\",\"description\":\"\",\"publisher\":{\"@id\":\"https:\\\/\\\/www.fieldpiece.com\\\/es\\\/#organization\"},\"potentialAction\":[{\"@type\":\"SearchAction\",\"target\":{\"@type\":\"EntryPoint\",\"urlTemplate\":\"https:\\\/\\\/www.fieldpiece.com\\\/es\\\/?s={search_term_string}\"},\"query-input\":{\"@type\":\"PropertyValueSpecification\",\"valueRequired\":true,\"valueName\":\"search_term_string\"}}],\"inLanguage\":\"es\"},{\"@type\":\"Organization\",\"@id\":\"https:\\\/\\\/www.fieldpiece.com\\\/es\\\/#organization\",\"name\":\"Fieldpiece Instruments\",\"url\":\"https:\\\/\\\/www.fieldpiece.com\\\/es\\\/\",\"logo\":{\"@type\":\"ImageObject\",\"inLanguage\":\"es\",\"@id\":\"https:\\\/\\\/www.fieldpiece.com\\\/es\\\/#\\\/schema\\\/logo\\\/image\\\/\",\"url\":\"https:\\\/\\\/resources.fieldpiece.com\\\/wp-content\\\/uploads\\\/2021\\\/02\\\/Logos-490x358-1.jpg\",\"contentUrl\":\"https:\\\/\\\/resources.fieldpiece.com\\\/wp-content\\\/uploads\\\/2021\\\/02\\\/Logos-490x358-1.jpg\",\"width\":490,\"height\":358,\"caption\":\"Fieldpiece Instruments\"},\"image\":{\"@id\":\"https:\\\/\\\/www.fieldpiece.com\\\/es\\\/#\\\/schema\\\/logo\\\/image\\\/\"}}]}<\/script>\n<!-- \/ Yoast SEO plugin. -->","yoast_head_json":{"title":"ATEXT10 - Cable de extensi\u00f3n de 10' - Fieldpiece Instruments","robots":{"index":"index","follow":"follow","max-snippet":"max-snippet:-1","max-image-preview":"max-image-preview:large","max-video-preview":"max-video-preview:-1"},"canonical":"https:\/\/www.fieldpiece.com\/es\/producto\/atext10-10-extension-cable\/","og_locale":"es_ES","og_type":"article","og_title":"ATEXT10 - Cable de extensi\u00f3n de 10' - Fieldpiece Instruments","og_description":"El ATEXT10 es un cable alargador para termopar tipo K dise\u00f1ado para proporcionarle mayor alcance cuando lo necesite para la ...","og_url":"https:\/\/www.fieldpiece.com\/es\/producto\/atext10-10-extension-cable\/","og_site_name":"Fieldpiece Instruments","article_modified_time":"2023-04-26T12:28:48+00:00","og_image":[{"width":2000,"height":2000,"url":"https:\/\/resources.fieldpiece.com\/wp-content\/uploads\/2020\/11\/ATEXT10-SRC-product.jpg","type":"image\/jpeg"}],"twitter_card":"summary_large_image","twitter_misc":{"Tiempo de lectura":"1 minuto"},"schema":{"@context":"https:\/\/schema.org","@graph":[{"@type":"WebPage","@id":"https:\/\/www.fieldpiece.com\/es\/producto\/atext10-10-extension-cable\/","url":"https:\/\/www.fieldpiece.com\/es\/producto\/atext10-10-extension-cable\/","name":"ATEXT10 - Cable de extensi\u00f3n de 10' - Fieldpiece Instruments","isPartOf":{"@id":"https:\/\/www.fieldpiece.com\/es\/#website"},"primaryImageOfPage":{"@id":"https:\/\/www.fieldpiece.com\/es\/producto\/atext10-10-extension-cable\/#primaryimage"},"image":{"@id":"https:\/\/www.fieldpiece.com\/es\/producto\/atext10-10-extension-cable\/#primaryimage"},"thumbnailUrl":"https:\/\/resources.fieldpiece.com\/wp-content\/uploads\/2020\/11\/ATEXT10-SRC-product.jpg","datePublished":"2023-04-26T12:27:07+00:00","dateModified":"2023-04-26T12:28:48+00:00","breadcrumb":{"@id":"https:\/\/www.fieldpiece.com\/es\/producto\/atext10-10-extension-cable\/#breadcrumb"},"inLanguage":"es","potentialAction":[{"@type":"ReadAction","target":["https:\/\/www.fieldpiece.com\/es\/producto\/atext10-10-extension-cable\/"]}]},{"@type":"ImageObject","inLanguage":"es","@id":"https:\/\/www.fieldpiece.com\/es\/producto\/atext10-10-extension-cable\/#primaryimage","url":"https:\/\/resources.fieldpiece.com\/wp-content\/uploads\/2020\/11\/ATEXT10-SRC-product.jpg","contentUrl":"https:\/\/resources.fieldpiece.com\/wp-content\/uploads\/2020\/11\/ATEXT10-SRC-product.jpg","width":2000,"height":2000,"caption":"thermocouple extension wire"},{"@type":"BreadcrumbList","@id":"https:\/\/www.fieldpiece.com\/es\/producto\/atext10-10-extension-cable\/#breadcrumb","itemListElement":[{"@type":"ListItem","position":1,"name":"Home","item":"https:\/\/www.fieldpiece.com\/es\/"},{"@type":"ListItem","position":2,"name":"Shop","item":"https:\/\/www.fieldpiece.com\/shop\/"},{"@type":"ListItem","position":3,"name":"ATEXT10 &#8211; Cable de extensi\u00f3n de 10&#8242;"}]},{"@type":"WebSite","@id":"https:\/\/www.fieldpiece.com\/es\/#website","url":"https:\/\/www.fieldpiece.com\/es\/","name":"Fieldpiece Instruments","description":"","publisher":{"@id":"https:\/\/www.fieldpiece.com\/es\/#organization"},"potentialAction":[{"@type":"SearchAction","target":{"@type":"EntryPoint","urlTemplate":"https:\/\/www.fieldpiece.com\/es\/?s={search_term_string}"},"query-input":{"@type":"PropertyValueSpecification","valueRequired":true,"valueName":"search_term_string"}}],"inLanguage":"es"},{"@type":"Organization","@id":"https:\/\/www.fieldpiece.com\/es\/#organization","name":"Fieldpiece Instruments","url":"https:\/\/www.fieldpiece.com\/es\/","logo":{"@type":"ImageObject","inLanguage":"es","@id":"https:\/\/www.fieldpiece.com\/es\/#\/schema\/logo\/image\/","url":"https:\/\/resources.fieldpiece.com\/wp-content\/uploads\/2021\/02\/Logos-490x358-1.jpg","contentUrl":"https:\/\/resources.fieldpiece.com\/wp-content\/uploads\/2021\/02\/Logos-490x358-1.jpg","width":490,"height":358,"caption":"Fieldpiece Instruments"},"image":{"@id":"https:\/\/www.fieldpiece.com\/es\/#\/schema\/logo\/image\/"}}]}},"_links":{"self":[{"href":"https:\/\/www.fieldpiece.com\/es\/wp-json\/wp\/v2\/product\/27980","targetHints":{"allow":["GET"]}}],"collection":[{"href":"https:\/\/www.fieldpiece.com\/es\/wp-json\/wp\/v2\/product"}],"about":[{"href":"https:\/\/www.fieldpiece.com\/es\/wp-json\/wp\/v2\/types\/product"}],"replies":[{"embeddable":true,"href":"https:\/\/www.fieldpiece.com\/es\/wp-json\/wp\/v2\/comments?post=27980"}],"wp:featuredmedia":[{"embeddable":true,"href":"https:\/\/www.fieldpiece.com\/es\/wp-json\/wp\/v2\/media\/27981"}],"wp:attachment":[{"href":"https:\/\/www.fieldpiece.com\/es\/wp-json\/wp\/v2\/media?parent=27980"}],"wp:term":[{"taxonomy":"product_brand","embeddable":true,"href":"https:\/\/www.fieldpiece.com\/es\/wp-json\/wp\/v2\/product_brand?post=27980"},{"taxonomy":"product_cat","embeddable":true,"href":"https:\/\/www.fieldpiece.com\/es\/wp-json\/wp\/v2\/product_cat?post=27980"},{"taxonomy":"product_tag","embeddable":true,"href":"https:\/\/www.fieldpiece.com\/es\/wp-json\/wp\/v2\/product_tag?post=27980"}],"curies":[{"name":"wp","href":"https:\/\/api.w.org\/{rel}","templated":true}]}}