	{"id":27961,"date":"2020-11-02T12:02:23","date_gmt":"2023-04-26T12:24:48","guid":{"rendered":"https:\/\/www.fieldpiece.com\/product\/atr1-piercing-k-type-thermocouple-for-ventilation-ducts\/"},"modified":"2023-04-26T05:26:59","modified_gmt":"2023-04-26T12:26:59","slug":"atr1-piercing-k-type-thermocouple-for-ventilation-ducts","status":"publish","type":"product","link":"https:\/\/www.fieldpiece.com\/es\/producto\/atr1-piercing-k-type-thermocouple-for-ventilation-ducts\/","title":{"rendered":"ATR1 &#8211; Termopar tipo K de penetraci\u00f3n"},"content":{"rendered":"<p>El termopar tipo K ATR1 es perfecto para comprobar la temperatura del flujo de aire a trav\u00e9s de un sistema de conductos. Su larga varilla puede alcanzar la zona media de los conductos para tomar lecturas precisas de la temperatura en toda la secci\u00f3n transversal. Su mango grande permite a los t\u00e9cnicos de climatizaci\u00f3n y refrigeraci\u00f3n hacer fuerza para introducir la punta afilada en conductos blandos. El ATR1 puede utilizarse con cualquiera de nuestros medidores que miden temperatura y cualquier term\u00f3metro compatible con termopares tipo K.<\/p>\n<p>ESPECIFICACIONES<br \/>\nLongitud de la varilla: 4,75 pulgadas<br \/>\nDi\u00e1metro de la varilla: 0,125 pulgadas<br \/>\nLongitud del cable del termopar: 1,20 m (4 pies)<br \/>\nExactitud:<br \/>\n\u00b1 1 \u00b0F (-238 &#8211; 32 \u00b0F); \u00b1 0,5 \u00b0C (-150 &#8211; 0 \u00b0C)<br \/>\n\u00b1 3 \u00b0F (32 &#8211; 212 \u00b0F); \u00b1 1,5 \u00b0C (0 &#8211; 100 \u00b0C)<br \/>\n\u00b1 4 \u00b0F (212 &#8211; 932 \u00b0F); \u00b1 2 \u00b0C (100 &#8211; 500 \u00b0C)<br \/>\n\u00b1 6 \u00b0F (932 &#8211; 1472 \u00b0F); \u00b1 3,2 \u00b0C (500 &#8211; 800 \u00b0C)<br \/>\nIntervalo de temperatura: -150 \u00b0C \u2013 800 \u00b0C (-238 \u00b0F \u2013 1472 \u00b0F)<br \/>\nConductores del termopar: tipo K, n\u00edquel cromo\/n\u00edquel aluminio<br \/>\nConector: conector macho miniatura para termopar tipo K.<\/p>\n","protected":false},"excerpt":{"rendered":"<p>El termopar tipo K ATR1 es perfecto para comprobar la temperatura del flujo de aire a trav\u00e9s de un sistema &#8230;<\/p>\n","protected":false},"featured_media":27962,"comment_status":"open","ping_status":"closed","template":"","meta":{"_acf_changed":false},"product_brand":[],"product_cat":[160,271],"product_tag":[],"class_list":{"0":"post-27961","1":"product","2":"type-product","3":"status-publish","4":"has-post-thumbnail","6":"product_cat-other-es-2","7":"product_cat-thermocouples-es","9":"first","10":"instock","11":"shipping-taxable","12":"product-type-simple"},"acf":[],"yoast_head":"<!-- This site is optimized with the Yoast SEO plugin v27.4 - https:\/\/yoast.com\/product\/yoast-seo-wordpress\/ -->\n<title>ATR1 - Termopar tipo K de penetraci\u00f3n - Fieldpiece Instruments<\/title>\n<meta name=\"robots\" content=\"index, follow, max-snippet:-1, max-image-preview:large, max-video-preview:-1\" \/>\n<link rel=\"canonical\" href=\"https:\/\/www.fieldpiece.com\/es\/producto\/atr1-piercing-k-type-thermocouple-for-ventilation-ducts\/\" \/>\n<meta property=\"og:locale\" content=\"es_ES\" \/>\n<meta property=\"og:type\" content=\"article\" \/>\n<meta property=\"og:title\" content=\"ATR1 - Termopar tipo K de penetraci\u00f3n - Fieldpiece Instruments\" \/>\n<meta property=\"og:description\" content=\"El termopar tipo K ATR1 es perfecto para comprobar la temperatura del flujo de aire a trav\u00e9s de un sistema ...\" \/>\n<meta property=\"og:url\" content=\"https:\/\/www.fieldpiece.com\/es\/producto\/atr1-piercing-k-type-thermocouple-for-ventilation-ducts\/\" \/>\n<meta property=\"og:site_name\" content=\"Fieldpiece Instruments\" \/>\n<meta property=\"article:modified_time\" content=\"2023-04-26T12:26:59+00:00\" \/>\n<meta property=\"og:image\" content=\"https:\/\/resources.fieldpiece.com\/wp-content\/uploads\/2020\/11\/ATR1.jpg\" \/>\n\t<meta property=\"og:image:width\" content=\"470\" \/>\n\t<meta property=\"og:image:height\" content=\"470\" \/>\n\t<meta property=\"og:image:type\" content=\"image\/jpeg\" \/>\n<meta name=\"twitter:card\" content=\"summary_large_image\" \/>\n<meta name=\"twitter:label1\" content=\"Tiempo de lectura\" \/>\n\t<meta name=\"twitter:data1\" content=\"1 minuto\" \/>\n<script type=\"application\/ld+json\" class=\"yoast-schema-graph\">{\"@context\":\"https:\\\/\\\/schema.org\",\"@graph\":[{\"@type\":\"WebPage\",\"@id\":\"https:\\\/\\\/www.fieldpiece.com\\\/es\\\/producto\\\/atr1-piercing-k-type-thermocouple-for-ventilation-ducts\\\/\",\"url\":\"https:\\\/\\\/www.fieldpiece.com\\\/es\\\/producto\\\/atr1-piercing-k-type-thermocouple-for-ventilation-ducts\\\/\",\"name\":\"ATR1 - Termopar tipo K de penetraci\u00f3n - Fieldpiece Instruments\",\"isPartOf\":{\"@id\":\"https:\\\/\\\/www.fieldpiece.com\\\/es\\\/#website\"},\"primaryImageOfPage\":{\"@id\":\"https:\\\/\\\/www.fieldpiece.com\\\/es\\\/producto\\\/atr1-piercing-k-type-thermocouple-for-ventilation-ducts\\\/#primaryimage\"},\"image\":{\"@id\":\"https:\\\/\\\/www.fieldpiece.com\\\/es\\\/producto\\\/atr1-piercing-k-type-thermocouple-for-ventilation-ducts\\\/#primaryimage\"},\"thumbnailUrl\":\"https:\\\/\\\/resources.fieldpiece.com\\\/wp-content\\\/uploads\\\/2020\\\/11\\\/ATR1.jpg\",\"datePublished\":\"2023-04-26T12:24:48+00:00\",\"dateModified\":\"2023-04-26T12:26:59+00:00\",\"breadcrumb\":{\"@id\":\"https:\\\/\\\/www.fieldpiece.com\\\/es\\\/producto\\\/atr1-piercing-k-type-thermocouple-for-ventilation-ducts\\\/#breadcrumb\"},\"inLanguage\":\"es\",\"potentialAction\":[{\"@type\":\"ReadAction\",\"target\":[\"https:\\\/\\\/www.fieldpiece.com\\\/es\\\/producto\\\/atr1-piercing-k-type-thermocouple-for-ventilation-ducts\\\/\"]}]},{\"@type\":\"ImageObject\",\"inLanguage\":\"es\",\"@id\":\"https:\\\/\\\/www.fieldpiece.com\\\/es\\\/producto\\\/atr1-piercing-k-type-thermocouple-for-ventilation-ducts\\\/#primaryimage\",\"url\":\"https:\\\/\\\/resources.fieldpiece.com\\\/wp-content\\\/uploads\\\/2020\\\/11\\\/ATR1.jpg\",\"contentUrl\":\"https:\\\/\\\/resources.fieldpiece.com\\\/wp-content\\\/uploads\\\/2020\\\/11\\\/ATR1.jpg\",\"width\":470,\"height\":470},{\"@type\":\"BreadcrumbList\",\"@id\":\"https:\\\/\\\/www.fieldpiece.com\\\/es\\\/producto\\\/atr1-piercing-k-type-thermocouple-for-ventilation-ducts\\\/#breadcrumb\",\"itemListElement\":[{\"@type\":\"ListItem\",\"position\":1,\"name\":\"Home\",\"item\":\"https:\\\/\\\/www.fieldpiece.com\\\/es\\\/\"},{\"@type\":\"ListItem\",\"position\":2,\"name\":\"Shop\",\"item\":\"https:\\\/\\\/www.fieldpiece.com\\\/shop\\\/\"},{\"@type\":\"ListItem\",\"position\":3,\"name\":\"ATR1 &#8211; Termopar tipo K de penetraci\u00f3n\"}]},{\"@type\":\"WebSite\",\"@id\":\"https:\\\/\\\/www.fieldpiece.com\\\/es\\\/#website\",\"url\":\"https:\\\/\\\/www.fieldpiece.com\\\/es\\\/\",\"name\":\"Fieldpiece Instruments\",\"description\":\"\",\"publisher\":{\"@id\":\"https:\\\/\\\/www.fieldpiece.com\\\/es\\\/#organization\"},\"potentialAction\":[{\"@type\":\"SearchAction\",\"target\":{\"@type\":\"EntryPoint\",\"urlTemplate\":\"https:\\\/\\\/www.fieldpiece.com\\\/es\\\/?s={search_term_string}\"},\"query-input\":{\"@type\":\"PropertyValueSpecification\",\"valueRequired\":true,\"valueName\":\"search_term_string\"}}],\"inLanguage\":\"es\"},{\"@type\":\"Organization\",\"@id\":\"https:\\\/\\\/www.fieldpiece.com\\\/es\\\/#organization\",\"name\":\"Fieldpiece Instruments\",\"url\":\"https:\\\/\\\/www.fieldpiece.com\\\/es\\\/\",\"logo\":{\"@type\":\"ImageObject\",\"inLanguage\":\"es\",\"@id\":\"https:\\\/\\\/www.fieldpiece.com\\\/es\\\/#\\\/schema\\\/logo\\\/image\\\/\",\"url\":\"https:\\\/\\\/resources.fieldpiece.com\\\/wp-content\\\/uploads\\\/2021\\\/02\\\/Logos-490x358-1.jpg\",\"contentUrl\":\"https:\\\/\\\/resources.fieldpiece.com\\\/wp-content\\\/uploads\\\/2021\\\/02\\\/Logos-490x358-1.jpg\",\"width\":490,\"height\":358,\"caption\":\"Fieldpiece Instruments\"},\"image\":{\"@id\":\"https:\\\/\\\/www.fieldpiece.com\\\/es\\\/#\\\/schema\\\/logo\\\/image\\\/\"}}]}<\/script>\n<!-- \/ Yoast SEO plugin. -->","yoast_head_json":{"title":"ATR1 - Termopar tipo K de penetraci\u00f3n - Fieldpiece Instruments","robots":{"index":"index","follow":"follow","max-snippet":"max-snippet:-1","max-image-preview":"max-image-preview:large","max-video-preview":"max-video-preview:-1"},"canonical":"https:\/\/www.fieldpiece.com\/es\/producto\/atr1-piercing-k-type-thermocouple-for-ventilation-ducts\/","og_locale":"es_ES","og_type":"article","og_title":"ATR1 - Termopar tipo K de penetraci\u00f3n - Fieldpiece Instruments","og_description":"El termopar tipo K ATR1 es perfecto para comprobar la temperatura del flujo de aire a trav\u00e9s de un sistema ...","og_url":"https:\/\/www.fieldpiece.com\/es\/producto\/atr1-piercing-k-type-thermocouple-for-ventilation-ducts\/","og_site_name":"Fieldpiece Instruments","article_modified_time":"2023-04-26T12:26:59+00:00","og_image":[{"width":470,"height":470,"url":"https:\/\/resources.fieldpiece.com\/wp-content\/uploads\/2020\/11\/ATR1.jpg","type":"image\/jpeg"}],"twitter_card":"summary_large_image","twitter_misc":{"Tiempo de lectura":"1 minuto"},"schema":{"@context":"https:\/\/schema.org","@graph":[{"@type":"WebPage","@id":"https:\/\/www.fieldpiece.com\/es\/producto\/atr1-piercing-k-type-thermocouple-for-ventilation-ducts\/","url":"https:\/\/www.fieldpiece.com\/es\/producto\/atr1-piercing-k-type-thermocouple-for-ventilation-ducts\/","name":"ATR1 - Termopar tipo K de penetraci\u00f3n - Fieldpiece Instruments","isPartOf":{"@id":"https:\/\/www.fieldpiece.com\/es\/#website"},"primaryImageOfPage":{"@id":"https:\/\/www.fieldpiece.com\/es\/producto\/atr1-piercing-k-type-thermocouple-for-ventilation-ducts\/#primaryimage"},"image":{"@id":"https:\/\/www.fieldpiece.com\/es\/producto\/atr1-piercing-k-type-thermocouple-for-ventilation-ducts\/#primaryimage"},"thumbnailUrl":"https:\/\/resources.fieldpiece.com\/wp-content\/uploads\/2020\/11\/ATR1.jpg","datePublished":"2023-04-26T12:24:48+00:00","dateModified":"2023-04-26T12:26:59+00:00","breadcrumb":{"@id":"https:\/\/www.fieldpiece.com\/es\/producto\/atr1-piercing-k-type-thermocouple-for-ventilation-ducts\/#breadcrumb"},"inLanguage":"es","potentialAction":[{"@type":"ReadAction","target":["https:\/\/www.fieldpiece.com\/es\/producto\/atr1-piercing-k-type-thermocouple-for-ventilation-ducts\/"]}]},{"@type":"ImageObject","inLanguage":"es","@id":"https:\/\/www.fieldpiece.com\/es\/producto\/atr1-piercing-k-type-thermocouple-for-ventilation-ducts\/#primaryimage","url":"https:\/\/resources.fieldpiece.com\/wp-content\/uploads\/2020\/11\/ATR1.jpg","contentUrl":"https:\/\/resources.fieldpiece.com\/wp-content\/uploads\/2020\/11\/ATR1.jpg","width":470,"height":470},{"@type":"BreadcrumbList","@id":"https:\/\/www.fieldpiece.com\/es\/producto\/atr1-piercing-k-type-thermocouple-for-ventilation-ducts\/#breadcrumb","itemListElement":[{"@type":"ListItem","position":1,"name":"Home","item":"https:\/\/www.fieldpiece.com\/es\/"},{"@type":"ListItem","position":2,"name":"Shop","item":"https:\/\/www.fieldpiece.com\/shop\/"},{"@type":"ListItem","position":3,"name":"ATR1 &#8211; Termopar tipo K de penetraci\u00f3n"}]},{"@type":"WebSite","@id":"https:\/\/www.fieldpiece.com\/es\/#website","url":"https:\/\/www.fieldpiece.com\/es\/","name":"Fieldpiece Instruments","description":"","publisher":{"@id":"https:\/\/www.fieldpiece.com\/es\/#organization"},"potentialAction":[{"@type":"SearchAction","target":{"@type":"EntryPoint","urlTemplate":"https:\/\/www.fieldpiece.com\/es\/?s={search_term_string}"},"query-input":{"@type":"PropertyValueSpecification","valueRequired":true,"valueName":"search_term_string"}}],"inLanguage":"es"},{"@type":"Organization","@id":"https:\/\/www.fieldpiece.com\/es\/#organization","name":"Fieldpiece Instruments","url":"https:\/\/www.fieldpiece.com\/es\/","logo":{"@type":"ImageObject","inLanguage":"es","@id":"https:\/\/www.fieldpiece.com\/es\/#\/schema\/logo\/image\/","url":"https:\/\/resources.fieldpiece.com\/wp-content\/uploads\/2021\/02\/Logos-490x358-1.jpg","contentUrl":"https:\/\/resources.fieldpiece.com\/wp-content\/uploads\/2021\/02\/Logos-490x358-1.jpg","width":490,"height":358,"caption":"Fieldpiece Instruments"},"image":{"@id":"https:\/\/www.fieldpiece.com\/es\/#\/schema\/logo\/image\/"}}]}},"_links":{"self":[{"href":"https:\/\/www.fieldpiece.com\/es\/wp-json\/wp\/v2\/product\/27961","targetHints":{"allow":["GET"]}}],"collection":[{"href":"https:\/\/www.fieldpiece.com\/es\/wp-json\/wp\/v2\/product"}],"about":[{"href":"https:\/\/www.fieldpiece.com\/es\/wp-json\/wp\/v2\/types\/product"}],"replies":[{"embeddable":true,"href":"https:\/\/www.fieldpiece.com\/es\/wp-json\/wp\/v2\/comments?post=27961"}],"wp:featuredmedia":[{"embeddable":true,"href":"https:\/\/www.fieldpiece.com\/es\/wp-json\/wp\/v2\/media\/27962"}],"wp:attachment":[{"href":"https:\/\/www.fieldpiece.com\/es\/wp-json\/wp\/v2\/media?parent=27961"}],"wp:term":[{"taxonomy":"product_brand","embeddable":true,"href":"https:\/\/www.fieldpiece.com\/es\/wp-json\/wp\/v2\/product_brand?post=27961"},{"taxonomy":"product_cat","embeddable":true,"href":"https:\/\/www.fieldpiece.com\/es\/wp-json\/wp\/v2\/product_cat?post=27961"},{"taxonomy":"product_tag","embeddable":true,"href":"https:\/\/www.fieldpiece.com\/es\/wp-json\/wp\/v2\/product_tag?post=27961"}],"curies":[{"name":"wp","href":"https:\/\/api.w.org\/{rel}","templated":true}]}}